{"id":5796,"date":"2023-03-04T21:26:03","date_gmt":"2023-12-02T18:44:29","guid":{"rendered":"https:\/\/autopartscenter24.com\/product\/2-2-did-4hk-motor-f-eks-outlander-grandis-c-crosser\/"},"modified":"2023-12-02T19:44:29","modified_gmt":"2023-12-02T18:44:29","slug":"2-2-did-4hk-motor-f-eks-outlander-grandis-c-crosser","status":"publish","type":"product","link":"https:\/\/autopartscenter24.com\/no\/auton-varaosat\/2-2-did-4hk-motor-f-eks-outlander-grandis-c-crosser\/","title":{"rendered":"2.2 DID &laquo;4HK&raquo; motor [f.eks. Outlander, Grandis, C-Crosser]"},"content":{"rendered":"<p>Mitsubishi 2.2 DID (motorkode: 4HK) er en firesylindret turbodieselmotor som har v\u00e6rt brukt i flere Mitsubishi-modeller. Denne motoren ble f\u00f8rst introdusert i 2006 og er kjent for sin gode ytelse og \u00f8konomi.<\/p>\n<p>4HK-motoren har sylinderblokk av jern og sylinderhode i aluminium. Den bruker DOHC (doble overliggende kamaksler) for ventiltiming med fire ventiler per sylinder. Motoren har ogs\u00e5 felles trykkinnspr\u00f8ytning, som spr\u00f8yter drivstoff direkte inn i sylinderen ved h\u00f8yt trykk.<\/p>\n<p>Motoren har et slagvolum p\u00e5 2,2 liter og yter 150 hestekrefter (110 kW) og et maksimalt dreiemoment p\u00e5 380 Nm (280 lb-ft) mellom 2000 og 2500 o\/min. Den er koblet til enten en 6-trinns manuell girkasse eller en 5-trinns automatgir, avhengig av bilmodell.<\/p>\n<p>4HK-motoren har ogs\u00e5 et flerpunktsinnspr\u00f8ytningssystem som gir bedre ytelse og \u00f8konomi sammenlignet med eldre drivstoffinnspr\u00f8ytningssystem.<\/p>\n<p>Samlet sett er Mitsubishi 2.2 DID (motorkode: 4HK) en p\u00e5litelig og effektiv dieselmotor som tilbyr god ytelse og drivstoff\u00f8konomi. Dens avanserte funksjoner, som vanlig injeksjon, gj\u00f8r den til et popul\u00e6rt valg for sj\u00e5f\u00f8rer som verdsetter ytelse og \u00f8konomi.<\/p>\n","protected":false},"excerpt":{"rendered":"<ul>\n<li>Mitsubishi Outlander (2006-2012)<\/li>\n<li>Mitsubishi Grandis (2006-2010)<\/li>\n<li>Peugeot 4007 (2007-2012)<\/li>\n<li>Citro\u00ebn C-Crosser (2007-2012)<\/li>\n<\/ul>\n","protected":false},"featured_media":4369,"template":"","meta":[],"product_brand":[],"product_cat":[548,596,612],"product_tag":[804,822,861,891],"class_list":{"0":"post-5796","1":"product","2":"type-product","3":"status-publish","4":"has-post-thumbnail","6":"product_cat-citroen-no","7":"product_cat-mitsubishi-no","8":"product_cat-peugeot-no","9":"product_tag-4007-no","10":"product_tag-c-crosser-no","11":"product_tag-grandis-no","12":"product_tag-outlander-no","13":"pa_varaosan-osasto-motor-no","16":"first","17":"instock","18":"shipping-taxable","19":"product-type-simple"},"yoast_head":"<!-- This site is optimized with the Yoast SEO plugin v26.8 - https:\/\/yoast.com\/product\/yoast-seo-wordpress\/ -->\n<title>2.2 DID &quot;4HK&quot; motor [f.eks. Outlander, Grandis, C-Crosser]<\/title>\n<meta name=\"description\" content=\"En av motorene vi Ofte har tilgjengelig. Send en foresp\u00f8rsel og du vil Motta et tilbud innen 24 timer. Motorer, girkasser og andre bildeler under garanti\" \/>\n<meta name=\"robots\" content=\"index, follow, max-snippet:-1, max-image-preview:large, max-video-preview:-1\" \/>\n<link rel=\"canonical\" href=\"https:\/\/autopartscenter24.com\/no\/auton-varaosat\/2-2-did-4hk-moottori-mitsubishi-outlander-peugeot-4007\/\" \/>\n<meta property=\"og:locale\" content=\"nb_NO\" \/>\n<meta property=\"og:type\" content=\"article\" \/>\n<meta property=\"og:title\" content=\"2.2 DID &quot;4HK&quot; motor [f.eks. Outlander, Grandis, C-Crosser]\" \/>\n<meta property=\"og:description\" content=\"En av motorene vi Ofte har tilgjengelig. Send en foresp\u00f8rsel og du vil Motta et tilbud innen 24 timer. Motorer, girkasser og andre bildeler under garanti\" \/>\n<meta property=\"og:url\" content=\"https:\/\/autopartscenter24.com\/no\/auton-varaosat\/2-2-did-4hk-moottori-mitsubishi-outlander-peugeot-4007\/\" \/>\n<meta property=\"og:site_name\" content=\"Autopartscenter24\" \/>\n<meta property=\"og:image\" content=\"https:\/\/autopartscenter24.com\/wp-content\/uploads\/2023\/03\/2-2-DID-4HK-moottori-mitsubishi-outlander-peugeot-4007.webp\" \/>\n\t<meta property=\"og:image:width\" content=\"800\" \/>\n\t<meta property=\"og:image:height\" content=\"600\" \/>\n\t<meta property=\"og:image:type\" content=\"image\/webp\" \/>\n<meta name=\"twitter:card\" content=\"summary_large_image\" \/>\n<meta name=\"twitter:label1\" content=\"Ansl. lesetid\" \/>\n\t<meta name=\"twitter:data1\" content=\"1 minutt\" \/>\n<script type=\"application\/ld+json\" class=\"yoast-schema-graph\">{\"@context\":\"https:\/\/schema.org\",\"@graph\":[{\"@type\":\"WebPage\",\"@id\":\"https:\/\/autopartscenter24.com\/auton-varaosat\/2-2-did-4hk-moottori-mitsubishi-outlander-peugeot-4007\/\",\"url\":\"https:\/\/autopartscenter24.com\/auton-varaosat\/2-2-did-4hk-moottori-mitsubishi-outlander-peugeot-4007\/\",\"name\":\"2.2 DID \\\"4HK\\\" motor [f.eks. Outlander, Grandis, C-Crosser]\",\"isPartOf\":{\"@id\":\"https:\/\/autopartscenter24.com\/#website\"},\"primaryImageOfPage\":{\"@id\":\"https:\/\/autopartscenter24.com\/auton-varaosat\/2-2-did-4hk-moottori-mitsubishi-outlander-peugeot-4007\/#primaryimage\"},\"image\":{\"@id\":\"https:\/\/autopartscenter24.com\/auton-varaosat\/2-2-did-4hk-moottori-mitsubishi-outlander-peugeot-4007\/#primaryimage\"},\"thumbnailUrl\":\"https:\/\/autopartscenter24.com\/wp-content\/uploads\/2023\/03\/2-2-DID-4HK-moottori-mitsubishi-outlander-peugeot-4007.webp\",\"datePublished\":\"2023-12-02T18:44:29+00:00\",\"description\":\"En av motorene vi Ofte har tilgjengelig. Send en foresp\u00f8rsel og du vil Motta et tilbud innen 24 timer. Motorer, girkasser og andre bildeler under garanti\",\"breadcrumb\":{\"@id\":\"https:\/\/autopartscenter24.com\/auton-varaosat\/2-2-did-4hk-moottori-mitsubishi-outlander-peugeot-4007\/#breadcrumb\"},\"inLanguage\":\"nb-NO\",\"potentialAction\":[{\"@type\":\"ReadAction\",\"target\":[\"https:\/\/autopartscenter24.com\/auton-varaosat\/2-2-did-4hk-moottori-mitsubishi-outlander-peugeot-4007\/\"]}]},{\"@type\":\"ImageObject\",\"inLanguage\":\"nb-NO\",\"@id\":\"https:\/\/autopartscenter24.com\/auton-varaosat\/2-2-did-4hk-moottori-mitsubishi-outlander-peugeot-4007\/#primaryimage\",\"url\":\"https:\/\/autopartscenter24.com\/wp-content\/uploads\/2023\/03\/2-2-DID-4HK-moottori-mitsubishi-outlander-peugeot-4007.webp\",\"contentUrl\":\"https:\/\/autopartscenter24.com\/wp-content\/uploads\/2023\/03\/2-2-DID-4HK-moottori-mitsubishi-outlander-peugeot-4007.webp\",\"width\":800,\"height\":600},{\"@type\":\"BreadcrumbList\",\"@id\":\"https:\/\/autopartscenter24.com\/auton-varaosat\/2-2-did-4hk-moottori-mitsubishi-outlander-peugeot-4007\/#breadcrumb\",\"itemListElement\":[{\"@type\":\"ListItem\",\"position\":1,\"name\":\"Hjem\",\"item\":\"https:\/\/aliceblue-termite-662564.hostingersite.com\/\"},{\"@type\":\"ListItem\",\"position\":2,\"name\":\"Auton varaosat\",\"item\":\"https:\/\/aliceblue-termite-662564.hostingersite.com\/auton-varaosat\/\"},{\"@type\":\"ListItem\",\"position\":3,\"name\":\"2.2 DID &#8221;4HK&#8221; motor [f.eks. Outlander, Grandis, C-Crosser]\"}]},{\"@type\":\"WebSite\",\"@id\":\"https:\/\/autopartscenter24.com\/#website\",\"url\":\"https:\/\/autopartscenter24.com\/\",\"name\":\"Autopartscenter24\",\"description\":\"K\u00c4YTETYT JA KUNNOSTETUT  AUTON VARAOSAT\",\"potentialAction\":[{\"@type\":\"SearchAction\",\"target\":{\"@type\":\"EntryPoint\",\"urlTemplate\":\"https:\/\/autopartscenter24.com\/?s={search_term_string}\"},\"query-input\":{\"@type\":\"PropertyValueSpecification\",\"valueRequired\":true,\"valueName\":\"search_term_string\"}}],\"inLanguage\":\"nb-NO\"}]}<\/script>\n<!-- \/ Yoast SEO plugin. -->","yoast_head_json":{"title":"2.2 DID \"4HK\" motor [f.eks. Outlander, Grandis, C-Crosser]","description":"En av motorene vi Ofte har tilgjengelig. Send en foresp\u00f8rsel og du vil Motta et tilbud innen 24 timer. Motorer, girkasser og andre bildeler under garanti","robots":{"index":"index","follow":"follow","max-snippet":"max-snippet:-1","max-image-preview":"max-image-preview:large","max-video-preview":"max-video-preview:-1"},"canonical":"https:\/\/autopartscenter24.com\/no\/auton-varaosat\/2-2-did-4hk-moottori-mitsubishi-outlander-peugeot-4007\/","og_locale":"nb_NO","og_type":"article","og_title":"2.2 DID \"4HK\" motor [f.eks. Outlander, Grandis, C-Crosser]","og_description":"En av motorene vi Ofte har tilgjengelig. Send en foresp\u00f8rsel og du vil Motta et tilbud innen 24 timer. Motorer, girkasser og andre bildeler under garanti","og_url":"https:\/\/autopartscenter24.com\/no\/auton-varaosat\/2-2-did-4hk-moottori-mitsubishi-outlander-peugeot-4007\/","og_site_name":"Autopartscenter24","og_image":[{"width":800,"height":600,"url":"https:\/\/autopartscenter24.com\/wp-content\/uploads\/2023\/03\/2-2-DID-4HK-moottori-mitsubishi-outlander-peugeot-4007.webp","type":"image\/webp"}],"twitter_card":"summary_large_image","twitter_misc":{"Ansl. lesetid":"1 minutt"},"schema":{"@context":"https:\/\/schema.org","@graph":[{"@type":"WebPage","@id":"https:\/\/autopartscenter24.com\/auton-varaosat\/2-2-did-4hk-moottori-mitsubishi-outlander-peugeot-4007\/","url":"https:\/\/autopartscenter24.com\/auton-varaosat\/2-2-did-4hk-moottori-mitsubishi-outlander-peugeot-4007\/","name":"2.2 DID \"4HK\" motor [f.eks. Outlander, Grandis, C-Crosser]","isPartOf":{"@id":"https:\/\/autopartscenter24.com\/#website"},"primaryImageOfPage":{"@id":"https:\/\/autopartscenter24.com\/auton-varaosat\/2-2-did-4hk-moottori-mitsubishi-outlander-peugeot-4007\/#primaryimage"},"image":{"@id":"https:\/\/autopartscenter24.com\/auton-varaosat\/2-2-did-4hk-moottori-mitsubishi-outlander-peugeot-4007\/#primaryimage"},"thumbnailUrl":"https:\/\/autopartscenter24.com\/wp-content\/uploads\/2023\/03\/2-2-DID-4HK-moottori-mitsubishi-outlander-peugeot-4007.webp","datePublished":"2023-12-02T18:44:29+00:00","description":"En av motorene vi Ofte har tilgjengelig. Send en foresp\u00f8rsel og du vil Motta et tilbud innen 24 timer. Motorer, girkasser og andre bildeler under garanti","breadcrumb":{"@id":"https:\/\/autopartscenter24.com\/auton-varaosat\/2-2-did-4hk-moottori-mitsubishi-outlander-peugeot-4007\/#breadcrumb"},"inLanguage":"nb-NO","potentialAction":[{"@type":"ReadAction","target":["https:\/\/autopartscenter24.com\/auton-varaosat\/2-2-did-4hk-moottori-mitsubishi-outlander-peugeot-4007\/"]}]},{"@type":"ImageObject","inLanguage":"nb-NO","@id":"https:\/\/autopartscenter24.com\/auton-varaosat\/2-2-did-4hk-moottori-mitsubishi-outlander-peugeot-4007\/#primaryimage","url":"https:\/\/autopartscenter24.com\/wp-content\/uploads\/2023\/03\/2-2-DID-4HK-moottori-mitsubishi-outlander-peugeot-4007.webp","contentUrl":"https:\/\/autopartscenter24.com\/wp-content\/uploads\/2023\/03\/2-2-DID-4HK-moottori-mitsubishi-outlander-peugeot-4007.webp","width":800,"height":600},{"@type":"BreadcrumbList","@id":"https:\/\/autopartscenter24.com\/auton-varaosat\/2-2-did-4hk-moottori-mitsubishi-outlander-peugeot-4007\/#breadcrumb","itemListElement":[{"@type":"ListItem","position":1,"name":"Hjem","item":"https:\/\/aliceblue-termite-662564.hostingersite.com\/"},{"@type":"ListItem","position":2,"name":"Auton varaosat","item":"https:\/\/aliceblue-termite-662564.hostingersite.com\/auton-varaosat\/"},{"@type":"ListItem","position":3,"name":"2.2 DID &#8221;4HK&#8221; motor [f.eks. Outlander, Grandis, C-Crosser]"}]},{"@type":"WebSite","@id":"https:\/\/autopartscenter24.com\/#website","url":"https:\/\/autopartscenter24.com\/","name":"Autopartscenter24","description":"K\u00c4YTETYT JA KUNNOSTETUT  AUTON VARAOSAT","potentialAction":[{"@type":"SearchAction","target":{"@type":"EntryPoint","urlTemplate":"https:\/\/autopartscenter24.com\/?s={search_term_string}"},"query-input":{"@type":"PropertyValueSpecification","valueRequired":true,"valueName":"search_term_string"}}],"inLanguage":"nb-NO"}]}},"_links":{"self":[{"href":"https:\/\/autopartscenter24.com\/no\/wp-json\/wp\/v2\/product\/5796","targetHints":{"allow":["GET"]}}],"collection":[{"href":"https:\/\/autopartscenter24.com\/no\/wp-json\/wp\/v2\/product"}],"about":[{"href":"https:\/\/autopartscenter24.com\/no\/wp-json\/wp\/v2\/types\/product"}],"wp:featuredmedia":[{"embeddable":true,"href":"https:\/\/autopartscenter24.com\/no\/wp-json\/wp\/v2\/media\/4369"}],"wp:attachment":[{"href":"https:\/\/autopartscenter24.com\/no\/wp-json\/wp\/v2\/media?parent=5796"}],"wp:term":[{"taxonomy":"product_brand","embeddable":true,"href":"https:\/\/autopartscenter24.com\/no\/wp-json\/wp\/v2\/product_brand?post=5796"},{"taxonomy":"product_cat","embeddable":true,"href":"https:\/\/autopartscenter24.com\/no\/wp-json\/wp\/v2\/product_cat?post=5796"},{"taxonomy":"product_tag","embeddable":true,"href":"https:\/\/autopartscenter24.com\/no\/wp-json\/wp\/v2\/product_tag?post=5796"}],"curies":[{"name":"wp","href":"https:\/\/api.w.org\/{rel}","templated":true}]}}