{"id":5795,"date":"2023-03-05T09:59:56","date_gmt":"2023-12-02T18:42:42","guid":{"rendered":"https:\/\/autopartscenter24.com\/product\/2-0-tfsi-bpj-motor-f-eks-audi-a4-a5-vw-passat\/"},"modified":"2023-12-02T19:42:42","modified_gmt":"2023-12-02T18:42:42","slug":"2-0-tfsi-bpj-motor-f-eks-audi-a4-a5-vw-passat","status":"publish","type":"product","link":"https:\/\/autopartscenter24.com\/no\/auton-varaosat\/2-0-tfsi-bpj-motor-f-eks-audi-a4-a5-vw-passat\/","title":{"rendered":"2.0 TFSI &laquo;BPJ&raquo;-motor [f.eks. Audi A4, A5, VW Passat]"},"content":{"rendered":"<p><strong>2.0 TFSI (BPJ)<\/strong> er en direkteinnspr\u00f8ytningsmotor utviklet av Audi Group og introdusert i 2009. Denne motoren er et popul\u00e6rt alternativ i mange Audi, Volkswagen, SEAT og \u0160koda-modeller.<\/p>\n<p>De tekniske egenskapene til motoren er utmerket. Det er en firesylindret bensinmotor med et slagvolum p\u00e5 1984 cm\u00b3. Direkte innspr\u00f8ytning og en turbolader hjelper motoren med \u00e5 oppn\u00e5 et h\u00f8yere effekt-til-vekt-forhold. <strong>BPJ-motoren<\/strong> har ogs\u00e5 et allsidig kamakseljusteringssystem som lar ventilene \u00e5pne og lukke mer presist. Dette bidrar til \u00e5 forbedre motorens effektivitet og ytelse.<\/p>\n<p>Maksimal effekt til BPJ-motoren er 211 hk og maksimalt dreiemoment er 350 Nm. Den n\u00e5r en hastighet p\u00e5 0-100 km\/t p\u00e5 bare 6,5 sekunder. Toppfarten p\u00e5 motoren er 250 km\/t, noe som er en stor prestasjon for en firesylindret motor. I tillegg er motorens CO2-utslipp relativt lavt, noe som er en av grunnene til populariteten.<\/p>\n<p>BPJ-motoren har v\u00e6rt mye brukt i ulike bilmerker og modeller. Audi brukte denne motoren i A4, A5, A6, A7 og Q5-modellene fra 2009 til 2016. Volkswagen har brukt BPJ-motoren i modellene Golf GTI, Golf R, Passat, Tiguan, Scirocco og Sharan fra 2009 til 2018. SEAT har brukt motoren i modellene Leon og Altea fra 2010-2013, og \u0160koda har brukt motoren i modellene Octavia og Superb fra 2009-2013.<\/p>\n<p>Oppsummert er 2.0 TFSI (BPJ) en meget kapabel og effektiv motor som er popul\u00e6r i mange bilmerker og modeller. Direkte innspr\u00f8ytning og turbolader har bidratt til \u00e5 forbedre motorens effektivitet, og et allsidig kamakseljusteringssystem forbedrer motorens ytelse. Motorens lave CO2-utslipp er ogs\u00e5 en av fordelene.<\/p>\n","protected":false},"excerpt":{"rendered":"<ul>\n<li>Audi A4 (B8) (2008-2015)<\/li>\n<li>Audi A5 (8T) (2007-2016)<\/li>\n<li>Audi Q5 (8R) (2008-2017)<\/li>\n<li>Audi TT (8J) (2006-2014)<\/li>\n<li>Volkswagen Passat (B6\/B7) (2005-2014)<\/li>\n<li>Volkswagen CC (2008-2017)<\/li>\n<li>Volkswagen Golf GTI (Mk6\/Mk7) (2009-2017)<\/li>\n<li>Volkswagen Jetta GLI (2012-2018)<\/li>\n<\/ul>\n","protected":false},"featured_media":4374,"template":"","meta":[],"product_brand":[],"product_cat":[484,485],"product_tag":[808,809,810,832,489,871,491,494,898,915,914],"class_list":{"0":"post-5795","1":"product","2":"type-product","3":"status-publish","4":"has-post-thumbnail","6":"product_cat-audi-no","7":"product_cat-vw-no","8":"product_tag-a4-no","9":"product_tag-a5-no","10":"product_tag-a6-no","11":"product_tag-cc-no","12":"product_tag-golf-no","13":"product_tag-jetta-no","14":"product_tag-passat-no","15":"product_tag-q3-no","16":"product_tag-q5-no","17":"product_tag-tiguan-no","18":"product_tag-tt-no","19":"pa_varaosan-osasto-motor-no","22":"first","23":"instock","24":"featured","25":"shipping-taxable","26":"product-type-simple"},"yoast_head":"<!-- This site is optimized with the Yoast SEO plugin v26.8 - https:\/\/yoast.com\/product\/yoast-seo-wordpress\/ -->\n<title>2.0 TFSI &quot;BPJ&quot;-motor [f.eks. Audi A4, A5, VW Passat]<\/title>\n<meta name=\"description\" content=\"En av motorene vi Ofte har tilgjengelig. Send en foresp\u00f8rsel og du vil Motta et tilbud innen 24 timer. Motorer, girkasser og Andre bilder med garanti.\" \/>\n<meta name=\"robots\" content=\"index, follow, max-snippet:-1, max-image-preview:large, max-video-preview:-1\" \/>\n<link rel=\"canonical\" href=\"https:\/\/autopartscenter24.com\/no\/auton-varaosat\/2-0-tfsi-bpj-moottori-audi-a4-a5-vw-passat\/\" \/>\n<meta property=\"og:locale\" content=\"nb_NO\" \/>\n<meta property=\"og:type\" content=\"article\" \/>\n<meta property=\"og:title\" content=\"2.0 TFSI &quot;BPJ&quot;-motor [f.eks. Audi A4, A5, VW Passat]\" \/>\n<meta property=\"og:description\" content=\"En av motorene vi Ofte har tilgjengelig. Send en foresp\u00f8rsel og du vil Motta et tilbud innen 24 timer. Motorer, girkasser og Andre bilder med garanti.\" \/>\n<meta property=\"og:url\" content=\"https:\/\/autopartscenter24.com\/no\/auton-varaosat\/2-0-tfsi-bpj-moottori-audi-a4-a5-vw-passat\/\" \/>\n<meta property=\"og:site_name\" content=\"Autopartscenter24\" \/>\n<meta property=\"og:image\" content=\"https:\/\/autopartscenter24.com\/wp-content\/uploads\/2023\/03\/2-0-TFSI-BPJ-Moottori-Audi-VW-A4-Passat.webp\" \/>\n\t<meta property=\"og:image:width\" content=\"800\" \/>\n\t<meta property=\"og:image:height\" content=\"600\" \/>\n\t<meta property=\"og:image:type\" content=\"image\/webp\" \/>\n<meta name=\"twitter:card\" content=\"summary_large_image\" \/>\n<meta name=\"twitter:label1\" content=\"Ansl. lesetid\" \/>\n\t<meta name=\"twitter:data1\" content=\"1 minutt\" \/>\n<script type=\"application\/ld+json\" class=\"yoast-schema-graph\">{\"@context\":\"https:\/\/schema.org\",\"@graph\":[{\"@type\":\"WebPage\",\"@id\":\"https:\/\/autopartscenter24.com\/auton-varaosat\/2-0-tfsi-bpj-moottori-audi-a4-a5-vw-passat\/\",\"url\":\"https:\/\/autopartscenter24.com\/auton-varaosat\/2-0-tfsi-bpj-moottori-audi-a4-a5-vw-passat\/\",\"name\":\"2.0 TFSI \\\"BPJ\\\"-motor [f.eks. Audi A4, A5, VW Passat]\",\"isPartOf\":{\"@id\":\"https:\/\/autopartscenter24.com\/#website\"},\"primaryImageOfPage\":{\"@id\":\"https:\/\/autopartscenter24.com\/auton-varaosat\/2-0-tfsi-bpj-moottori-audi-a4-a5-vw-passat\/#primaryimage\"},\"image\":{\"@id\":\"https:\/\/autopartscenter24.com\/auton-varaosat\/2-0-tfsi-bpj-moottori-audi-a4-a5-vw-passat\/#primaryimage\"},\"thumbnailUrl\":\"https:\/\/autopartscenter24.com\/wp-content\/uploads\/2023\/03\/2-0-TFSI-BPJ-Moottori-Audi-VW-A4-Passat.webp\",\"datePublished\":\"2023-12-02T18:42:42+00:00\",\"description\":\"En av motorene vi Ofte har tilgjengelig. Send en foresp\u00f8rsel og du vil Motta et tilbud innen 24 timer. Motorer, girkasser og Andre bilder med garanti.\",\"breadcrumb\":{\"@id\":\"https:\/\/autopartscenter24.com\/auton-varaosat\/2-0-tfsi-bpj-moottori-audi-a4-a5-vw-passat\/#breadcrumb\"},\"inLanguage\":\"nb-NO\",\"potentialAction\":[{\"@type\":\"ReadAction\",\"target\":[\"https:\/\/autopartscenter24.com\/auton-varaosat\/2-0-tfsi-bpj-moottori-audi-a4-a5-vw-passat\/\"]}]},{\"@type\":\"ImageObject\",\"inLanguage\":\"nb-NO\",\"@id\":\"https:\/\/autopartscenter24.com\/auton-varaosat\/2-0-tfsi-bpj-moottori-audi-a4-a5-vw-passat\/#primaryimage\",\"url\":\"https:\/\/autopartscenter24.com\/wp-content\/uploads\/2023\/03\/2-0-TFSI-BPJ-Moottori-Audi-VW-A4-Passat.webp\",\"contentUrl\":\"https:\/\/autopartscenter24.com\/wp-content\/uploads\/2023\/03\/2-0-TFSI-BPJ-Moottori-Audi-VW-A4-Passat.webp\",\"width\":800,\"height\":600},{\"@type\":\"BreadcrumbList\",\"@id\":\"https:\/\/autopartscenter24.com\/auton-varaosat\/2-0-tfsi-bpj-moottori-audi-a4-a5-vw-passat\/#breadcrumb\",\"itemListElement\":[{\"@type\":\"ListItem\",\"position\":1,\"name\":\"Hjem\",\"item\":\"https:\/\/aliceblue-termite-662564.hostingersite.com\/\"},{\"@type\":\"ListItem\",\"position\":2,\"name\":\"Auton varaosat\",\"item\":\"https:\/\/aliceblue-termite-662564.hostingersite.com\/auton-varaosat\/\"},{\"@type\":\"ListItem\",\"position\":3,\"name\":\"2.0 TFSI &#8221;BPJ&#8221;-motor [f.eks. Audi A4, A5, VW Passat]\"}]},{\"@type\":\"WebSite\",\"@id\":\"https:\/\/autopartscenter24.com\/#website\",\"url\":\"https:\/\/autopartscenter24.com\/\",\"name\":\"Autopartscenter24\",\"description\":\"K\u00c4YTETYT JA KUNNOSTETUT  AUTON VARAOSAT\",\"potentialAction\":[{\"@type\":\"SearchAction\",\"target\":{\"@type\":\"EntryPoint\",\"urlTemplate\":\"https:\/\/autopartscenter24.com\/?s={search_term_string}\"},\"query-input\":{\"@type\":\"PropertyValueSpecification\",\"valueRequired\":true,\"valueName\":\"search_term_string\"}}],\"inLanguage\":\"nb-NO\"}]}<\/script>\n<!-- \/ Yoast SEO plugin. -->","yoast_head_json":{"title":"2.0 TFSI \"BPJ\"-motor [f.eks. Audi A4, A5, VW Passat]","description":"En av motorene vi Ofte har tilgjengelig. Send en foresp\u00f8rsel og du vil Motta et tilbud innen 24 timer. Motorer, girkasser og Andre bilder med garanti.","robots":{"index":"index","follow":"follow","max-snippet":"max-snippet:-1","max-image-preview":"max-image-preview:large","max-video-preview":"max-video-preview:-1"},"canonical":"https:\/\/autopartscenter24.com\/no\/auton-varaosat\/2-0-tfsi-bpj-moottori-audi-a4-a5-vw-passat\/","og_locale":"nb_NO","og_type":"article","og_title":"2.0 TFSI \"BPJ\"-motor [f.eks. Audi A4, A5, VW Passat]","og_description":"En av motorene vi Ofte har tilgjengelig. Send en foresp\u00f8rsel og du vil Motta et tilbud innen 24 timer. Motorer, girkasser og Andre bilder med garanti.","og_url":"https:\/\/autopartscenter24.com\/no\/auton-varaosat\/2-0-tfsi-bpj-moottori-audi-a4-a5-vw-passat\/","og_site_name":"Autopartscenter24","og_image":[{"width":800,"height":600,"url":"https:\/\/autopartscenter24.com\/wp-content\/uploads\/2023\/03\/2-0-TFSI-BPJ-Moottori-Audi-VW-A4-Passat.webp","type":"image\/webp"}],"twitter_card":"summary_large_image","twitter_misc":{"Ansl. lesetid":"1 minutt"},"schema":{"@context":"https:\/\/schema.org","@graph":[{"@type":"WebPage","@id":"https:\/\/autopartscenter24.com\/auton-varaosat\/2-0-tfsi-bpj-moottori-audi-a4-a5-vw-passat\/","url":"https:\/\/autopartscenter24.com\/auton-varaosat\/2-0-tfsi-bpj-moottori-audi-a4-a5-vw-passat\/","name":"2.0 TFSI \"BPJ\"-motor [f.eks. Audi A4, A5, VW Passat]","isPartOf":{"@id":"https:\/\/autopartscenter24.com\/#website"},"primaryImageOfPage":{"@id":"https:\/\/autopartscenter24.com\/auton-varaosat\/2-0-tfsi-bpj-moottori-audi-a4-a5-vw-passat\/#primaryimage"},"image":{"@id":"https:\/\/autopartscenter24.com\/auton-varaosat\/2-0-tfsi-bpj-moottori-audi-a4-a5-vw-passat\/#primaryimage"},"thumbnailUrl":"https:\/\/autopartscenter24.com\/wp-content\/uploads\/2023\/03\/2-0-TFSI-BPJ-Moottori-Audi-VW-A4-Passat.webp","datePublished":"2023-12-02T18:42:42+00:00","description":"En av motorene vi Ofte har tilgjengelig. Send en foresp\u00f8rsel og du vil Motta et tilbud innen 24 timer. Motorer, girkasser og Andre bilder med garanti.","breadcrumb":{"@id":"https:\/\/autopartscenter24.com\/auton-varaosat\/2-0-tfsi-bpj-moottori-audi-a4-a5-vw-passat\/#breadcrumb"},"inLanguage":"nb-NO","potentialAction":[{"@type":"ReadAction","target":["https:\/\/autopartscenter24.com\/auton-varaosat\/2-0-tfsi-bpj-moottori-audi-a4-a5-vw-passat\/"]}]},{"@type":"ImageObject","inLanguage":"nb-NO","@id":"https:\/\/autopartscenter24.com\/auton-varaosat\/2-0-tfsi-bpj-moottori-audi-a4-a5-vw-passat\/#primaryimage","url":"https:\/\/autopartscenter24.com\/wp-content\/uploads\/2023\/03\/2-0-TFSI-BPJ-Moottori-Audi-VW-A4-Passat.webp","contentUrl":"https:\/\/autopartscenter24.com\/wp-content\/uploads\/2023\/03\/2-0-TFSI-BPJ-Moottori-Audi-VW-A4-Passat.webp","width":800,"height":600},{"@type":"BreadcrumbList","@id":"https:\/\/autopartscenter24.com\/auton-varaosat\/2-0-tfsi-bpj-moottori-audi-a4-a5-vw-passat\/#breadcrumb","itemListElement":[{"@type":"ListItem","position":1,"name":"Hjem","item":"https:\/\/aliceblue-termite-662564.hostingersite.com\/"},{"@type":"ListItem","position":2,"name":"Auton varaosat","item":"https:\/\/aliceblue-termite-662564.hostingersite.com\/auton-varaosat\/"},{"@type":"ListItem","position":3,"name":"2.0 TFSI &#8221;BPJ&#8221;-motor [f.eks. Audi A4, A5, VW Passat]"}]},{"@type":"WebSite","@id":"https:\/\/autopartscenter24.com\/#website","url":"https:\/\/autopartscenter24.com\/","name":"Autopartscenter24","description":"K\u00c4YTETYT JA KUNNOSTETUT  AUTON VARAOSAT","potentialAction":[{"@type":"SearchAction","target":{"@type":"EntryPoint","urlTemplate":"https:\/\/autopartscenter24.com\/?s={search_term_string}"},"query-input":{"@type":"PropertyValueSpecification","valueRequired":true,"valueName":"search_term_string"}}],"inLanguage":"nb-NO"}]}},"_links":{"self":[{"href":"https:\/\/autopartscenter24.com\/no\/wp-json\/wp\/v2\/product\/5795","targetHints":{"allow":["GET"]}}],"collection":[{"href":"https:\/\/autopartscenter24.com\/no\/wp-json\/wp\/v2\/product"}],"about":[{"href":"https:\/\/autopartscenter24.com\/no\/wp-json\/wp\/v2\/types\/product"}],"wp:featuredmedia":[{"embeddable":true,"href":"https:\/\/autopartscenter24.com\/no\/wp-json\/wp\/v2\/media\/4374"}],"wp:attachment":[{"href":"https:\/\/autopartscenter24.com\/no\/wp-json\/wp\/v2\/media?parent=5795"}],"wp:term":[{"taxonomy":"product_brand","embeddable":true,"href":"https:\/\/autopartscenter24.com\/no\/wp-json\/wp\/v2\/product_brand?post=5795"},{"taxonomy":"product_cat","embeddable":true,"href":"https:\/\/autopartscenter24.com\/no\/wp-json\/wp\/v2\/product_cat?post=5795"},{"taxonomy":"product_tag","embeddable":true,"href":"https:\/\/autopartscenter24.com\/no\/wp-json\/wp\/v2\/product_tag?post=5795"}],"curies":[{"name":"wp","href":"https:\/\/api.w.org\/{rel}","templated":true}]}}