{"id":5794,"date":"2023-03-05T10:12:58","date_gmt":"2023-12-02T18:40:24","guid":{"rendered":"https:\/\/autopartscenter24.com\/product\/2-0-d-d4204t-motor-f-eks-volvo-v40-v50-v60\/"},"modified":"2023-12-02T19:40:24","modified_gmt":"2023-12-02T18:40:24","slug":"2-0-d-d4204t-motor-f-eks-volvo-v40-v50-v60","status":"publish","type":"product","link":"https:\/\/autopartscenter24.com\/no\/auton-varaosat\/2-0-d-d4204t-motor-f-eks-volvo-v40-v50-v60\/","title":{"rendered":"2.0 D &laquo;D4204T&raquo;-motor [f.eks. Volvo V40, V50, V60]"},"content":{"rendered":"<p>Volvo 2.0 D (motorkode: D4204T) er utviklet og produsert ved Volvos eget motoranlegg i Sk\u00f6vde, Sverige. Denne motoren er en del av Volvos Drive-E-motorfamilie, designet for \u00e5 levere effektivitet, lave utslipp og p\u00e5litelighet.<\/p>\n<p>2.0 D-motoren har fire sylindre og er utstyrt med en allsidig turbo, som garanterer godt dreiemoment og akselerasjon i ulike kj\u00f8resituasjoner. Motoren har ogs\u00e5 en registerkjede, som garanterer dens lange levetid. Maksimal effekt p\u00e5 motoren er 190 hk og maksimalt dreiemoment er 400 Nm.<\/p>\n<p>Volvo har brukt denne motoren i sine ulike bilmodeller rundt om i verden, som V40, S60, V60, XC60, S80, XC70 og V70. Motoren er utstyrt med AdBlue-systemet, som bidrar til \u00e5 redusere utslipp av nitrogenoksid og oppfyller Euro 6-utslippsstandardene.<\/p>\n<p>En viktig egenskap ved 2.0 D-motoren er dens lave forbruk og utslipp. Den er utstyrt med et Start\/Stopp-system som sl\u00e5r av motoren n\u00e5r bilen st\u00e5r stille, for eksempel ved trafikklys, og starter den p\u00e5 nytt n\u00e5r sj\u00e5f\u00f8ren trykker p\u00e5 gasspedalen. Dette bidrar til \u00e5 redusere drivstofforbruk og CO2-utslipp.<\/p>\n<p>2.0 D-motoren er ogs\u00e5 veldig stilleg\u00e5ende og f\u00f8les veldig jevn n\u00e5r du kj\u00f8rer. Dette gj\u00f8r den sv\u00e6rt behagelig \u00e5 bruke for b\u00e5de sj\u00e5f\u00f8ren og passasjerene.<\/p>\n<p>Volvo har v\u00e6rt forn\u00f8yd med ytelsen og effektiviteten til 2.0 D-motoren, og den har blitt kontinuerlig utviklet og forbedret med nye modeller. Motoren har vist seg \u00e5 v\u00e6re sv\u00e6rt p\u00e5litelig og holdbar, og det er en av grunnene til at Volvo er en av de ledende bilprodusentene i verden.<\/p>\n","protected":false},"excerpt":{"rendered":"<ul>\n<li>Volvo V40 (2012-2019)<\/li>\n<li>Volvo S60 (2011-2018)<\/li>\n<li>Volvo V60 (2011-2018)<\/li>\n<li>Volvo XC60 (2013-2017)<\/li>\n<li>Volvo V70 (2014-2016)<\/li>\n<li>Volvo S80 (2013-2016)<\/li>\n<li>Volvo XC70 (2014-2016)<\/li>\n<\/ul>\n","protected":false},"featured_media":4379,"template":"","meta":[],"product_brand":[],"product_cat":[642],"product_tag":[904,905,921,922,923,935,936],"class_list":{"0":"post-5794","1":"product","2":"type-product","3":"status-publish","4":"has-post-thumbnail","6":"product_cat-volvo-no","7":"product_tag-s60-no","8":"product_tag-s80-no","9":"product_tag-v40-no","10":"product_tag-v60-no","11":"product_tag-v70-no","12":"product_tag-xc60-no","13":"product_tag-xc70-no","14":"pa_varaosan-osasto-motor-no","17":"first","18":"instock","19":"shipping-taxable","20":"product-type-simple"},"yoast_head":"<!-- This site is optimized with the Yoast SEO plugin v26.8 - https:\/\/yoast.com\/product\/yoast-seo-wordpress\/ -->\n<title>2.0 D &quot;D4204T&quot;-motor [f.eks. Volvo V40, V50, V60]<\/title>\n<meta name=\"description\" content=\"En av motorene vi Ofte har tilgjengelig. Send en foresp\u00f8rsel og du vil Motta et tilbud innen 24 timer. Motorer, girkasser og Andre bilder med garanti.\" \/>\n<meta name=\"robots\" content=\"index, follow, max-snippet:-1, max-image-preview:large, max-video-preview:-1\" \/>\n<link rel=\"canonical\" href=\"https:\/\/autopartscenter24.com\/no\/auton-varaosat\/2-0-d-d4204t-moottori-esim-volvo-v40-v50-v60\/\" \/>\n<meta property=\"og:locale\" content=\"nb_NO\" \/>\n<meta property=\"og:type\" content=\"article\" \/>\n<meta property=\"og:title\" content=\"2.0 D &quot;D4204T&quot;-motor [f.eks. Volvo V40, V50, V60]\" \/>\n<meta property=\"og:description\" content=\"En av motorene vi Ofte har tilgjengelig. Send en foresp\u00f8rsel og du vil Motta et tilbud innen 24 timer. Motorer, girkasser og Andre bilder med garanti.\" \/>\n<meta property=\"og:url\" content=\"https:\/\/autopartscenter24.com\/no\/auton-varaosat\/2-0-d-d4204t-moottori-esim-volvo-v40-v50-v60\/\" \/>\n<meta property=\"og:site_name\" content=\"Autopartscenter24\" \/>\n<meta property=\"og:image\" content=\"https:\/\/autopartscenter24.com\/wp-content\/uploads\/2023\/03\/2-0-D-D4204T-moottori-volvo-v50-v40-s60.webp\" \/>\n\t<meta property=\"og:image:width\" content=\"800\" \/>\n\t<meta property=\"og:image:height\" content=\"600\" \/>\n\t<meta property=\"og:image:type\" content=\"image\/webp\" \/>\n<meta name=\"twitter:card\" content=\"summary_large_image\" \/>\n<meta name=\"twitter:label1\" content=\"Ansl. lesetid\" \/>\n\t<meta name=\"twitter:data1\" content=\"1 minutt\" \/>\n<script type=\"application\/ld+json\" class=\"yoast-schema-graph\">{\"@context\":\"https:\/\/schema.org\",\"@graph\":[{\"@type\":\"WebPage\",\"@id\":\"https:\/\/autopartscenter24.com\/auton-varaosat\/2-0-d-d4204t-moottori-esim-volvo-v40-v50-v60\/\",\"url\":\"https:\/\/autopartscenter24.com\/auton-varaosat\/2-0-d-d4204t-moottori-esim-volvo-v40-v50-v60\/\",\"name\":\"2.0 D \\\"D4204T\\\"-motor [f.eks. Volvo V40, V50, V60]\",\"isPartOf\":{\"@id\":\"https:\/\/autopartscenter24.com\/#website\"},\"primaryImageOfPage\":{\"@id\":\"https:\/\/autopartscenter24.com\/auton-varaosat\/2-0-d-d4204t-moottori-esim-volvo-v40-v50-v60\/#primaryimage\"},\"image\":{\"@id\":\"https:\/\/autopartscenter24.com\/auton-varaosat\/2-0-d-d4204t-moottori-esim-volvo-v40-v50-v60\/#primaryimage\"},\"thumbnailUrl\":\"https:\/\/autopartscenter24.com\/wp-content\/uploads\/2023\/03\/2-0-D-D4204T-moottori-volvo-v50-v40-s60.webp\",\"datePublished\":\"2023-12-02T18:40:24+00:00\",\"description\":\"En av motorene vi Ofte har tilgjengelig. Send en foresp\u00f8rsel og du vil Motta et tilbud innen 24 timer. Motorer, girkasser og Andre bilder med garanti.\",\"breadcrumb\":{\"@id\":\"https:\/\/autopartscenter24.com\/auton-varaosat\/2-0-d-d4204t-moottori-esim-volvo-v40-v50-v60\/#breadcrumb\"},\"inLanguage\":\"nb-NO\",\"potentialAction\":[{\"@type\":\"ReadAction\",\"target\":[\"https:\/\/autopartscenter24.com\/auton-varaosat\/2-0-d-d4204t-moottori-esim-volvo-v40-v50-v60\/\"]}]},{\"@type\":\"ImageObject\",\"inLanguage\":\"nb-NO\",\"@id\":\"https:\/\/autopartscenter24.com\/auton-varaosat\/2-0-d-d4204t-moottori-esim-volvo-v40-v50-v60\/#primaryimage\",\"url\":\"https:\/\/autopartscenter24.com\/wp-content\/uploads\/2023\/03\/2-0-D-D4204T-moottori-volvo-v50-v40-s60.webp\",\"contentUrl\":\"https:\/\/autopartscenter24.com\/wp-content\/uploads\/2023\/03\/2-0-D-D4204T-moottori-volvo-v50-v40-s60.webp\",\"width\":800,\"height\":600},{\"@type\":\"BreadcrumbList\",\"@id\":\"https:\/\/autopartscenter24.com\/auton-varaosat\/2-0-d-d4204t-moottori-esim-volvo-v40-v50-v60\/#breadcrumb\",\"itemListElement\":[{\"@type\":\"ListItem\",\"position\":1,\"name\":\"Hjem\",\"item\":\"https:\/\/aliceblue-termite-662564.hostingersite.com\/\"},{\"@type\":\"ListItem\",\"position\":2,\"name\":\"Auton varaosat\",\"item\":\"https:\/\/aliceblue-termite-662564.hostingersite.com\/auton-varaosat\/\"},{\"@type\":\"ListItem\",\"position\":3,\"name\":\"2.0 D &#8221;D4204T&#8221;-motor [f.eks. Volvo V40, V50, V60]\"}]},{\"@type\":\"WebSite\",\"@id\":\"https:\/\/autopartscenter24.com\/#website\",\"url\":\"https:\/\/autopartscenter24.com\/\",\"name\":\"Autopartscenter24\",\"description\":\"K\u00c4YTETYT JA KUNNOSTETUT  AUTON VARAOSAT\",\"potentialAction\":[{\"@type\":\"SearchAction\",\"target\":{\"@type\":\"EntryPoint\",\"urlTemplate\":\"https:\/\/autopartscenter24.com\/?s={search_term_string}\"},\"query-input\":{\"@type\":\"PropertyValueSpecification\",\"valueRequired\":true,\"valueName\":\"search_term_string\"}}],\"inLanguage\":\"nb-NO\"}]}<\/script>\n<!-- \/ Yoast SEO plugin. -->","yoast_head_json":{"title":"2.0 D \"D4204T\"-motor [f.eks. Volvo V40, V50, V60]","description":"En av motorene vi Ofte har tilgjengelig. Send en foresp\u00f8rsel og du vil Motta et tilbud innen 24 timer. Motorer, girkasser og Andre bilder med garanti.","robots":{"index":"index","follow":"follow","max-snippet":"max-snippet:-1","max-image-preview":"max-image-preview:large","max-video-preview":"max-video-preview:-1"},"canonical":"https:\/\/autopartscenter24.com\/no\/auton-varaosat\/2-0-d-d4204t-moottori-esim-volvo-v40-v50-v60\/","og_locale":"nb_NO","og_type":"article","og_title":"2.0 D \"D4204T\"-motor [f.eks. Volvo V40, V50, V60]","og_description":"En av motorene vi Ofte har tilgjengelig. Send en foresp\u00f8rsel og du vil Motta et tilbud innen 24 timer. Motorer, girkasser og Andre bilder med garanti.","og_url":"https:\/\/autopartscenter24.com\/no\/auton-varaosat\/2-0-d-d4204t-moottori-esim-volvo-v40-v50-v60\/","og_site_name":"Autopartscenter24","og_image":[{"width":800,"height":600,"url":"https:\/\/autopartscenter24.com\/wp-content\/uploads\/2023\/03\/2-0-D-D4204T-moottori-volvo-v50-v40-s60.webp","type":"image\/webp"}],"twitter_card":"summary_large_image","twitter_misc":{"Ansl. lesetid":"1 minutt"},"schema":{"@context":"https:\/\/schema.org","@graph":[{"@type":"WebPage","@id":"https:\/\/autopartscenter24.com\/auton-varaosat\/2-0-d-d4204t-moottori-esim-volvo-v40-v50-v60\/","url":"https:\/\/autopartscenter24.com\/auton-varaosat\/2-0-d-d4204t-moottori-esim-volvo-v40-v50-v60\/","name":"2.0 D \"D4204T\"-motor [f.eks. Volvo V40, V50, V60]","isPartOf":{"@id":"https:\/\/autopartscenter24.com\/#website"},"primaryImageOfPage":{"@id":"https:\/\/autopartscenter24.com\/auton-varaosat\/2-0-d-d4204t-moottori-esim-volvo-v40-v50-v60\/#primaryimage"},"image":{"@id":"https:\/\/autopartscenter24.com\/auton-varaosat\/2-0-d-d4204t-moottori-esim-volvo-v40-v50-v60\/#primaryimage"},"thumbnailUrl":"https:\/\/autopartscenter24.com\/wp-content\/uploads\/2023\/03\/2-0-D-D4204T-moottori-volvo-v50-v40-s60.webp","datePublished":"2023-12-02T18:40:24+00:00","description":"En av motorene vi Ofte har tilgjengelig. Send en foresp\u00f8rsel og du vil Motta et tilbud innen 24 timer. Motorer, girkasser og Andre bilder med garanti.","breadcrumb":{"@id":"https:\/\/autopartscenter24.com\/auton-varaosat\/2-0-d-d4204t-moottori-esim-volvo-v40-v50-v60\/#breadcrumb"},"inLanguage":"nb-NO","potentialAction":[{"@type":"ReadAction","target":["https:\/\/autopartscenter24.com\/auton-varaosat\/2-0-d-d4204t-moottori-esim-volvo-v40-v50-v60\/"]}]},{"@type":"ImageObject","inLanguage":"nb-NO","@id":"https:\/\/autopartscenter24.com\/auton-varaosat\/2-0-d-d4204t-moottori-esim-volvo-v40-v50-v60\/#primaryimage","url":"https:\/\/autopartscenter24.com\/wp-content\/uploads\/2023\/03\/2-0-D-D4204T-moottori-volvo-v50-v40-s60.webp","contentUrl":"https:\/\/autopartscenter24.com\/wp-content\/uploads\/2023\/03\/2-0-D-D4204T-moottori-volvo-v50-v40-s60.webp","width":800,"height":600},{"@type":"BreadcrumbList","@id":"https:\/\/autopartscenter24.com\/auton-varaosat\/2-0-d-d4204t-moottori-esim-volvo-v40-v50-v60\/#breadcrumb","itemListElement":[{"@type":"ListItem","position":1,"name":"Hjem","item":"https:\/\/aliceblue-termite-662564.hostingersite.com\/"},{"@type":"ListItem","position":2,"name":"Auton varaosat","item":"https:\/\/aliceblue-termite-662564.hostingersite.com\/auton-varaosat\/"},{"@type":"ListItem","position":3,"name":"2.0 D &#8221;D4204T&#8221;-motor [f.eks. Volvo V40, V50, V60]"}]},{"@type":"WebSite","@id":"https:\/\/autopartscenter24.com\/#website","url":"https:\/\/autopartscenter24.com\/","name":"Autopartscenter24","description":"K\u00c4YTETYT JA KUNNOSTETUT  AUTON VARAOSAT","potentialAction":[{"@type":"SearchAction","target":{"@type":"EntryPoint","urlTemplate":"https:\/\/autopartscenter24.com\/?s={search_term_string}"},"query-input":{"@type":"PropertyValueSpecification","valueRequired":true,"valueName":"search_term_string"}}],"inLanguage":"nb-NO"}]}},"_links":{"self":[{"href":"https:\/\/autopartscenter24.com\/no\/wp-json\/wp\/v2\/product\/5794","targetHints":{"allow":["GET"]}}],"collection":[{"href":"https:\/\/autopartscenter24.com\/no\/wp-json\/wp\/v2\/product"}],"about":[{"href":"https:\/\/autopartscenter24.com\/no\/wp-json\/wp\/v2\/types\/product"}],"wp:featuredmedia":[{"embeddable":true,"href":"https:\/\/autopartscenter24.com\/no\/wp-json\/wp\/v2\/media\/4379"}],"wp:attachment":[{"href":"https:\/\/autopartscenter24.com\/no\/wp-json\/wp\/v2\/media?parent=5794"}],"wp:term":[{"taxonomy":"product_brand","embeddable":true,"href":"https:\/\/autopartscenter24.com\/no\/wp-json\/wp\/v2\/product_brand?post=5794"},{"taxonomy":"product_cat","embeddable":true,"href":"https:\/\/autopartscenter24.com\/no\/wp-json\/wp\/v2\/product_cat?post=5794"},{"taxonomy":"product_tag","embeddable":true,"href":"https:\/\/autopartscenter24.com\/no\/wp-json\/wp\/v2\/product_tag?post=5794"}],"curies":[{"name":"wp","href":"https:\/\/api.w.org\/{rel}","templated":true}]}}