{"id":5793,"date":"2023-03-05T10:22:41","date_gmt":"2023-12-02T18:38:43","guid":{"rendered":"https:\/\/autopartscenter24.com\/product\/2-2-cdi-651-955-motor-esim-sprinter-vito-citan\/"},"modified":"2023-12-02T19:38:43","modified_gmt":"2023-12-02T18:38:43","slug":"2-2-cdi-651-955-motor-esim-sprinter-vito-citan","status":"publish","type":"product","link":"https:\/\/autopartscenter24.com\/no\/auton-varaosat\/2-2-cdi-651-955-motor-esim-sprinter-vito-citan\/","title":{"rendered":"2.2 CDI &laquo;651.955&raquo; Motor [esim. Sprinter, Vito, Citan]"},"content":{"rendered":"<p>If\u00f8lge produsenten er <strong>Mercedes-Benz Sprinter 2.2 CDI (motorkode: 651955)<\/strong> en effektiv og \u00f8konomisk dieselmotor. I utformingen av motoren er det lagt spesiell vekt p\u00e5 drivstoff\u00f8konomi og lave utslipp. Motoren har et allsidig Common Rail direkteinnspr\u00f8ytningssystem og to ladetrykk som garanterer h\u00f8y effekt og dreiemoment.<\/p>\n<p>2,2-liters motoren er en firesylindret og har 16 ventiler. Motoreffekten er opptil 163 hk og dreiemomentet 380 Nm. Motoren har et bredt turtallsomr\u00e5de og reagerer raskt p\u00e5 gassen, noe som gj\u00f8r den sv\u00e6rt fleksibel.<\/p>\n<p>Mercedes-Benz Sprinter 2.2 CDI-motoren har v\u00e6rt mye brukt i flere forskjellige kj\u00f8ret\u00f8ymodeller, inkludert Mercedes-Benz sin egen Sprinter-serie. I tillegg har det v\u00e6rt et popul\u00e6rt valg i mange andre varebiler og lette nyttekj\u00f8ret\u00f8yer.<\/p>\n<p>Nedenfor er en liste over noen f\u00e5 bilmerker og modeller der Sprinter 2.2 CDI-motoren har blitt brukt:<\/p>\n<ul>\n<li>Mercedes-Benz Sprinter (fra 2013)<\/li>\n<li>Mercedes-Benz Vito (fra 2014)<\/li>\n<li>Mercedes-Benz Citan (fra 2013)<\/li>\n<\/ul>\n<p>Sprinter 2.2 CDI-motoren har v\u00e6rt et popul\u00e6rt valg for mange bedrifter og enkeltpersoner som trenger et p\u00e5litelig og \u00f8konomisk kj\u00f8ret\u00f8y. Motoren har vist seg \u00e5 v\u00e6re slitesterk og enkel \u00e5 vedlikeholde, noe som har \u00f8kt populariteten rundt om i verden.<\/p>\n","protected":false},"excerpt":{"rendered":"<ul>\n<li>Mercedes-Benz Sprinter (2009-2018)<\/li>\n<li>Mercedes-Benz Vito (2010-2014)<\/li>\n<li>Mercedes-Benz C-Class (2013-2014)<\/li>\n<li>Mercedes-Benz E-Class (2013-2014)<\/li>\n<li>Mercedes-Benz GLK-Class (2013-2015)<\/li>\n<li>Mercedes-Benz CLA-Class (2013-2014)<\/li>\n<\/ul>\n","protected":false},"featured_media":4384,"template":"","meta":[],"product_brand":[],"product_cat":[592],"product_tag":[840,910,926],"class_list":{"0":"post-5793","1":"product","2":"type-product","3":"status-publish","4":"has-post-thumbnail","6":"product_cat-mercedes-benz-no","7":"product_tag-citan-no","8":"product_tag-sprinter-no","9":"product_tag-vito-no","10":"pa_varaosan-osasto-motor-no","13":"first","14":"instock","15":"shipping-taxable","16":"product-type-simple"},"yoast_head":"<!-- This site is optimized with the Yoast SEO plugin v26.8 - https:\/\/yoast.com\/product\/yoast-seo-wordpress\/ -->\n<title>2.2 CDI &quot;651.955&quot; Motor [esim. Sprinter, Vito, Citan]<\/title>\n<meta name=\"description\" content=\"En av motorene vi Ofte har tilgjengelig. Send en foresp\u00f8rsel og du vil Motta et tilbud innen 24 timer. Motorer, girkasser og Andre bilder med garanti.\" \/>\n<meta name=\"robots\" content=\"index, follow, max-snippet:-1, max-image-preview:large, max-video-preview:-1\" \/>\n<link rel=\"canonical\" href=\"https:\/\/autopartscenter24.com\/no\/auton-varaosat\/2-2-cdi-651-955-moottori-mercedes-benz-sprinter\/\" \/>\n<meta property=\"og:locale\" content=\"nb_NO\" \/>\n<meta property=\"og:type\" content=\"article\" \/>\n<meta property=\"og:title\" content=\"2.2 CDI &quot;651.955&quot; Motor [esim. Sprinter, Vito, Citan]\" \/>\n<meta property=\"og:description\" content=\"En av motorene vi Ofte har tilgjengelig. Send en foresp\u00f8rsel og du vil Motta et tilbud innen 24 timer. Motorer, girkasser og Andre bilder med garanti.\" \/>\n<meta property=\"og:url\" content=\"https:\/\/autopartscenter24.com\/no\/auton-varaosat\/2-2-cdi-651-955-moottori-mercedes-benz-sprinter\/\" \/>\n<meta property=\"og:site_name\" content=\"Autopartscenter24\" \/>\n<meta property=\"og:image\" content=\"https:\/\/autopartscenter24.com\/wp-content\/uploads\/2023\/03\/2-2-CDI-651955-moottori-mercedes-sprinter.webp\" \/>\n\t<meta property=\"og:image:width\" content=\"800\" \/>\n\t<meta property=\"og:image:height\" content=\"600\" \/>\n\t<meta property=\"og:image:type\" content=\"image\/webp\" \/>\n<meta name=\"twitter:card\" content=\"summary_large_image\" \/>\n<meta name=\"twitter:label1\" content=\"Ansl. lesetid\" \/>\n\t<meta name=\"twitter:data1\" content=\"1 minutt\" \/>\n<script type=\"application\/ld+json\" class=\"yoast-schema-graph\">{\"@context\":\"https:\/\/schema.org\",\"@graph\":[{\"@type\":\"WebPage\",\"@id\":\"https:\/\/autopartscenter24.com\/auton-varaosat\/2-2-cdi-651-955-moottori-mercedes-benz-sprinter\/\",\"url\":\"https:\/\/autopartscenter24.com\/auton-varaosat\/2-2-cdi-651-955-moottori-mercedes-benz-sprinter\/\",\"name\":\"2.2 CDI \\\"651.955\\\" Motor [esim. Sprinter, Vito, Citan]\",\"isPartOf\":{\"@id\":\"https:\/\/autopartscenter24.com\/#website\"},\"primaryImageOfPage\":{\"@id\":\"https:\/\/autopartscenter24.com\/auton-varaosat\/2-2-cdi-651-955-moottori-mercedes-benz-sprinter\/#primaryimage\"},\"image\":{\"@id\":\"https:\/\/autopartscenter24.com\/auton-varaosat\/2-2-cdi-651-955-moottori-mercedes-benz-sprinter\/#primaryimage\"},\"thumbnailUrl\":\"https:\/\/autopartscenter24.com\/wp-content\/uploads\/2023\/03\/2-2-CDI-651955-moottori-mercedes-sprinter.webp\",\"datePublished\":\"2023-12-02T18:38:43+00:00\",\"description\":\"En av motorene vi Ofte har tilgjengelig. Send en foresp\u00f8rsel og du vil Motta et tilbud innen 24 timer. Motorer, girkasser og Andre bilder med garanti.\",\"breadcrumb\":{\"@id\":\"https:\/\/autopartscenter24.com\/auton-varaosat\/2-2-cdi-651-955-moottori-mercedes-benz-sprinter\/#breadcrumb\"},\"inLanguage\":\"nb-NO\",\"potentialAction\":[{\"@type\":\"ReadAction\",\"target\":[\"https:\/\/autopartscenter24.com\/auton-varaosat\/2-2-cdi-651-955-moottori-mercedes-benz-sprinter\/\"]}]},{\"@type\":\"ImageObject\",\"inLanguage\":\"nb-NO\",\"@id\":\"https:\/\/autopartscenter24.com\/auton-varaosat\/2-2-cdi-651-955-moottori-mercedes-benz-sprinter\/#primaryimage\",\"url\":\"https:\/\/autopartscenter24.com\/wp-content\/uploads\/2023\/03\/2-2-CDI-651955-moottori-mercedes-sprinter.webp\",\"contentUrl\":\"https:\/\/autopartscenter24.com\/wp-content\/uploads\/2023\/03\/2-2-CDI-651955-moottori-mercedes-sprinter.webp\",\"width\":800,\"height\":600},{\"@type\":\"BreadcrumbList\",\"@id\":\"https:\/\/autopartscenter24.com\/auton-varaosat\/2-2-cdi-651-955-moottori-mercedes-benz-sprinter\/#breadcrumb\",\"itemListElement\":[{\"@type\":\"ListItem\",\"position\":1,\"name\":\"Hjem\",\"item\":\"https:\/\/aliceblue-termite-662564.hostingersite.com\/\"},{\"@type\":\"ListItem\",\"position\":2,\"name\":\"Auton varaosat\",\"item\":\"https:\/\/aliceblue-termite-662564.hostingersite.com\/auton-varaosat\/\"},{\"@type\":\"ListItem\",\"position\":3,\"name\":\"2.2 CDI &#8221;651.955&#8221; Motor [esim. Sprinter, Vito, Citan]\"}]},{\"@type\":\"WebSite\",\"@id\":\"https:\/\/autopartscenter24.com\/#website\",\"url\":\"https:\/\/autopartscenter24.com\/\",\"name\":\"Autopartscenter24\",\"description\":\"K\u00c4YTETYT JA KUNNOSTETUT  AUTON VARAOSAT\",\"potentialAction\":[{\"@type\":\"SearchAction\",\"target\":{\"@type\":\"EntryPoint\",\"urlTemplate\":\"https:\/\/autopartscenter24.com\/?s={search_term_string}\"},\"query-input\":{\"@type\":\"PropertyValueSpecification\",\"valueRequired\":true,\"valueName\":\"search_term_string\"}}],\"inLanguage\":\"nb-NO\"}]}<\/script>\n<!-- \/ Yoast SEO plugin. -->","yoast_head_json":{"title":"2.2 CDI \"651.955\" Motor [esim. Sprinter, Vito, Citan]","description":"En av motorene vi Ofte har tilgjengelig. Send en foresp\u00f8rsel og du vil Motta et tilbud innen 24 timer. Motorer, girkasser og Andre bilder med garanti.","robots":{"index":"index","follow":"follow","max-snippet":"max-snippet:-1","max-image-preview":"max-image-preview:large","max-video-preview":"max-video-preview:-1"},"canonical":"https:\/\/autopartscenter24.com\/no\/auton-varaosat\/2-2-cdi-651-955-moottori-mercedes-benz-sprinter\/","og_locale":"nb_NO","og_type":"article","og_title":"2.2 CDI \"651.955\" Motor [esim. Sprinter, Vito, Citan]","og_description":"En av motorene vi Ofte har tilgjengelig. Send en foresp\u00f8rsel og du vil Motta et tilbud innen 24 timer. Motorer, girkasser og Andre bilder med garanti.","og_url":"https:\/\/autopartscenter24.com\/no\/auton-varaosat\/2-2-cdi-651-955-moottori-mercedes-benz-sprinter\/","og_site_name":"Autopartscenter24","og_image":[{"width":800,"height":600,"url":"https:\/\/autopartscenter24.com\/wp-content\/uploads\/2023\/03\/2-2-CDI-651955-moottori-mercedes-sprinter.webp","type":"image\/webp"}],"twitter_card":"summary_large_image","twitter_misc":{"Ansl. lesetid":"1 minutt"},"schema":{"@context":"https:\/\/schema.org","@graph":[{"@type":"WebPage","@id":"https:\/\/autopartscenter24.com\/auton-varaosat\/2-2-cdi-651-955-moottori-mercedes-benz-sprinter\/","url":"https:\/\/autopartscenter24.com\/auton-varaosat\/2-2-cdi-651-955-moottori-mercedes-benz-sprinter\/","name":"2.2 CDI \"651.955\" Motor [esim. Sprinter, Vito, Citan]","isPartOf":{"@id":"https:\/\/autopartscenter24.com\/#website"},"primaryImageOfPage":{"@id":"https:\/\/autopartscenter24.com\/auton-varaosat\/2-2-cdi-651-955-moottori-mercedes-benz-sprinter\/#primaryimage"},"image":{"@id":"https:\/\/autopartscenter24.com\/auton-varaosat\/2-2-cdi-651-955-moottori-mercedes-benz-sprinter\/#primaryimage"},"thumbnailUrl":"https:\/\/autopartscenter24.com\/wp-content\/uploads\/2023\/03\/2-2-CDI-651955-moottori-mercedes-sprinter.webp","datePublished":"2023-12-02T18:38:43+00:00","description":"En av motorene vi Ofte har tilgjengelig. Send en foresp\u00f8rsel og du vil Motta et tilbud innen 24 timer. Motorer, girkasser og Andre bilder med garanti.","breadcrumb":{"@id":"https:\/\/autopartscenter24.com\/auton-varaosat\/2-2-cdi-651-955-moottori-mercedes-benz-sprinter\/#breadcrumb"},"inLanguage":"nb-NO","potentialAction":[{"@type":"ReadAction","target":["https:\/\/autopartscenter24.com\/auton-varaosat\/2-2-cdi-651-955-moottori-mercedes-benz-sprinter\/"]}]},{"@type":"ImageObject","inLanguage":"nb-NO","@id":"https:\/\/autopartscenter24.com\/auton-varaosat\/2-2-cdi-651-955-moottori-mercedes-benz-sprinter\/#primaryimage","url":"https:\/\/autopartscenter24.com\/wp-content\/uploads\/2023\/03\/2-2-CDI-651955-moottori-mercedes-sprinter.webp","contentUrl":"https:\/\/autopartscenter24.com\/wp-content\/uploads\/2023\/03\/2-2-CDI-651955-moottori-mercedes-sprinter.webp","width":800,"height":600},{"@type":"BreadcrumbList","@id":"https:\/\/autopartscenter24.com\/auton-varaosat\/2-2-cdi-651-955-moottori-mercedes-benz-sprinter\/#breadcrumb","itemListElement":[{"@type":"ListItem","position":1,"name":"Hjem","item":"https:\/\/aliceblue-termite-662564.hostingersite.com\/"},{"@type":"ListItem","position":2,"name":"Auton varaosat","item":"https:\/\/aliceblue-termite-662564.hostingersite.com\/auton-varaosat\/"},{"@type":"ListItem","position":3,"name":"2.2 CDI &#8221;651.955&#8221; Motor [esim. Sprinter, Vito, Citan]"}]},{"@type":"WebSite","@id":"https:\/\/autopartscenter24.com\/#website","url":"https:\/\/autopartscenter24.com\/","name":"Autopartscenter24","description":"K\u00c4YTETYT JA KUNNOSTETUT  AUTON VARAOSAT","potentialAction":[{"@type":"SearchAction","target":{"@type":"EntryPoint","urlTemplate":"https:\/\/autopartscenter24.com\/?s={search_term_string}"},"query-input":{"@type":"PropertyValueSpecification","valueRequired":true,"valueName":"search_term_string"}}],"inLanguage":"nb-NO"}]}},"_links":{"self":[{"href":"https:\/\/autopartscenter24.com\/no\/wp-json\/wp\/v2\/product\/5793","targetHints":{"allow":["GET"]}}],"collection":[{"href":"https:\/\/autopartscenter24.com\/no\/wp-json\/wp\/v2\/product"}],"about":[{"href":"https:\/\/autopartscenter24.com\/no\/wp-json\/wp\/v2\/types\/product"}],"wp:featuredmedia":[{"embeddable":true,"href":"https:\/\/autopartscenter24.com\/no\/wp-json\/wp\/v2\/media\/4384"}],"wp:attachment":[{"href":"https:\/\/autopartscenter24.com\/no\/wp-json\/wp\/v2\/media?parent=5793"}],"wp:term":[{"taxonomy":"product_brand","embeddable":true,"href":"https:\/\/autopartscenter24.com\/no\/wp-json\/wp\/v2\/product_brand?post=5793"},{"taxonomy":"product_cat","embeddable":true,"href":"https:\/\/autopartscenter24.com\/no\/wp-json\/wp\/v2\/product_cat?post=5793"},{"taxonomy":"product_tag","embeddable":true,"href":"https:\/\/autopartscenter24.com\/no\/wp-json\/wp\/v2\/product_tag?post=5793"}],"curies":[{"name":"wp","href":"https:\/\/api.w.org\/{rel}","templated":true}]}}