{"id":5792,"date":"2023-03-05T11:09:36","date_gmt":"2023-12-02T18:36:47","guid":{"rendered":"https:\/\/autopartscenter24.com\/product\/2-0-hdi-rh02-rhh-motor-f-eks-peugeot-5008-citroen-ds4\/"},"modified":"2023-12-02T19:36:47","modified_gmt":"2023-12-02T18:36:47","slug":"2-0-hdi-rh02-rhh-motor-f-eks-peugeot-5008-citroen-ds4","status":"publish","type":"product","link":"https:\/\/autopartscenter24.com\/no\/auton-varaosat\/2-0-hdi-rh02-rhh-motor-f-eks-peugeot-5008-citroen-ds4\/","title":{"rendered":"2.0 HDI RH02 RHH-motor [f.eks. Peugeot 5008, Citroen DS4]"},"content":{"rendered":"<p><strong>2.0 HDI (motorkode: RHH)<\/strong> er en dieselmotor utviklet i samarbeid mellom PSA Peugeot Citroen og Ford. Den tilh\u00f8rer PSAs DW-motorserie, som har v\u00e6rt i bruk siden 1998. RHH-motoren ble introdusert i 2006 og brukes i mange biler som tilh\u00f8rer PSA-gruppen.<\/p>\n<p>Sylinderkapasiteten til 2.0 HDI-motoren er 1 997 cm\u00b3. Den har fire sylindre montert p\u00e5 rad, og den turboladede versjonen yter opptil 163 hk. Maksimalt dreiemoment er 340 Nm. RHH-motoren har en enkelt overliggende kamaksel DOHC-ventillinje som bruker direkte drivstoffinnspr\u00f8ytning. Dette systemet muliggj\u00f8r effektiv bruk av drivstoff og bidrar til \u00e5 redusere partikkelutslipp.<\/p>\n<p>Motoren er ogs\u00e5 tilgjengelig i andre biler produsert av PSA Peugeot Citroens partnere. RHH-motoren brukes ogs\u00e5 i flere Ford-bilmodeller, som Ford Focus og Mondeo.<\/p>\n<p>Vedlikehold av 2.0 HDI-motoren er generelt enkelt og rimelig. Den trenger regelmessig vedlikehold, for eksempel oljeskift og filterskift, for \u00e5 holde ytelsen optimal. Motorens levetid er vanligvis lang, s\u00e5 lenge den vedlikeholdes regelmessig og riktig.<\/p>\n","protected":false},"excerpt":{"rendered":"<p>2.0 HDI-motoren har blitt brukt i mange biler som tilh\u00f8rer PSA-gruppen mellom 2006 og 2018. Den er installert p\u00e5 f\u00f8lgende bilmodeller:<\/p>\n<p>Citroen:<\/p>\n<ul>\n<li>C4<\/li>\n<li>C5<\/li>\n<li>C8<\/li>\n<li>DS4<\/li>\n<li>DS5<\/li>\n<li>Jumpy<\/li>\n<\/ul>\n<p>Peugeot:<\/p>\n<ul>\n<li>307<\/li>\n<li>308<\/li>\n<li>407<\/li>\n<li>508<\/li>\n<li>607<\/li>\n<li>807<\/li>\n<li>Expert<\/li>\n<\/ul>\n","protected":false},"featured_media":4399,"template":"","meta":[],"product_brand":[],"product_cat":[548,612],"product_tag":[797,798,799,800,801,802,827,828,829,849,850,857,875],"class_list":{"0":"post-5792","1":"product","2":"type-product","3":"status-publish","4":"has-post-thumbnail","6":"product_cat-citroen-no","7":"product_cat-peugeot-no","8":"product_tag-307-no","9":"product_tag-308-no","10":"product_tag-407-no","11":"product_tag-508-no","12":"product_tag-607-no","13":"product_tag-807-no","14":"product_tag-c4-no","15":"product_tag-c5-no","16":"product_tag-c8-no","17":"product_tag-ds4-no","18":"product_tag-ds5-no","19":"product_tag-expert-no","20":"product_tag-jumpy-no","21":"pa_varaosan-osasto-motor-no","24":"first","25":"instock","26":"shipping-taxable","27":"product-type-simple"},"yoast_head":"<!-- This site is optimized with the Yoast SEO plugin v26.8 - https:\/\/yoast.com\/product\/yoast-seo-wordpress\/ -->\n<title>2.0 HDI RH02 RHH-motor [f.eks. Peugeot 5008, Citroen DS4]<\/title>\n<meta name=\"description\" content=\"En av motorene vi Ofte har tilgjengelig. Send en foresp\u00f8rsel og du vil Motta et tilbud innen 24 timer. Motorer, girkasser og Andre bilder med garanti.\" \/>\n<meta name=\"robots\" content=\"index, follow, max-snippet:-1, max-image-preview:large, max-video-preview:-1\" \/>\n<link rel=\"canonical\" href=\"https:\/\/autopartscenter24.com\/no\/auton-varaosat\/2-0-hdi-rh02-rhh-moottori-peugeot-5008-citroen-ds4\/\" \/>\n<meta property=\"og:locale\" content=\"nb_NO\" \/>\n<meta property=\"og:type\" content=\"article\" \/>\n<meta property=\"og:title\" content=\"2.0 HDI RH02 RHH-motor [f.eks. Peugeot 5008, Citroen DS4]\" \/>\n<meta property=\"og:description\" content=\"En av motorene vi Ofte har tilgjengelig. Send en foresp\u00f8rsel og du vil Motta et tilbud innen 24 timer. Motorer, girkasser og Andre bilder med garanti.\" \/>\n<meta property=\"og:url\" content=\"https:\/\/autopartscenter24.com\/no\/auton-varaosat\/2-0-hdi-rh02-rhh-moottori-peugeot-5008-citroen-ds4\/\" \/>\n<meta property=\"og:site_name\" content=\"Autopartscenter24\" \/>\n<meta property=\"og:image\" content=\"https:\/\/autopartscenter24.com\/wp-content\/uploads\/2023\/03\/2-0-hdi-rh02-rhh-moottori-peugeot-5008-citroen-ds4.webp\" \/>\n\t<meta property=\"og:image:width\" content=\"800\" \/>\n\t<meta property=\"og:image:height\" content=\"600\" \/>\n\t<meta property=\"og:image:type\" content=\"image\/webp\" \/>\n<meta name=\"twitter:card\" content=\"summary_large_image\" \/>\n<meta name=\"twitter:label1\" content=\"Ansl. lesetid\" \/>\n\t<meta name=\"twitter:data1\" content=\"1 minutt\" \/>\n<script type=\"application\/ld+json\" class=\"yoast-schema-graph\">{\"@context\":\"https:\/\/schema.org\",\"@graph\":[{\"@type\":\"WebPage\",\"@id\":\"https:\/\/autopartscenter24.com\/auton-varaosat\/2-0-hdi-rh02-rhh-moottori-peugeot-5008-citroen-ds4\/\",\"url\":\"https:\/\/autopartscenter24.com\/auton-varaosat\/2-0-hdi-rh02-rhh-moottori-peugeot-5008-citroen-ds4\/\",\"name\":\"2.0 HDI RH02 RHH-motor [f.eks. Peugeot 5008, Citroen DS4]\",\"isPartOf\":{\"@id\":\"https:\/\/autopartscenter24.com\/#website\"},\"primaryImageOfPage\":{\"@id\":\"https:\/\/autopartscenter24.com\/auton-varaosat\/2-0-hdi-rh02-rhh-moottori-peugeot-5008-citroen-ds4\/#primaryimage\"},\"image\":{\"@id\":\"https:\/\/autopartscenter24.com\/auton-varaosat\/2-0-hdi-rh02-rhh-moottori-peugeot-5008-citroen-ds4\/#primaryimage\"},\"thumbnailUrl\":\"https:\/\/autopartscenter24.com\/wp-content\/uploads\/2023\/03\/2-0-hdi-rh02-rhh-moottori-peugeot-5008-citroen-ds4.webp\",\"datePublished\":\"2023-12-02T18:36:47+00:00\",\"description\":\"En av motorene vi Ofte har tilgjengelig. Send en foresp\u00f8rsel og du vil Motta et tilbud innen 24 timer. Motorer, girkasser og Andre bilder med garanti.\",\"breadcrumb\":{\"@id\":\"https:\/\/autopartscenter24.com\/auton-varaosat\/2-0-hdi-rh02-rhh-moottori-peugeot-5008-citroen-ds4\/#breadcrumb\"},\"inLanguage\":\"nb-NO\",\"potentialAction\":[{\"@type\":\"ReadAction\",\"target\":[\"https:\/\/autopartscenter24.com\/auton-varaosat\/2-0-hdi-rh02-rhh-moottori-peugeot-5008-citroen-ds4\/\"]}]},{\"@type\":\"ImageObject\",\"inLanguage\":\"nb-NO\",\"@id\":\"https:\/\/autopartscenter24.com\/auton-varaosat\/2-0-hdi-rh02-rhh-moottori-peugeot-5008-citroen-ds4\/#primaryimage\",\"url\":\"https:\/\/autopartscenter24.com\/wp-content\/uploads\/2023\/03\/2-0-hdi-rh02-rhh-moottori-peugeot-5008-citroen-ds4.webp\",\"contentUrl\":\"https:\/\/autopartscenter24.com\/wp-content\/uploads\/2023\/03\/2-0-hdi-rh02-rhh-moottori-peugeot-5008-citroen-ds4.webp\",\"width\":800,\"height\":600},{\"@type\":\"BreadcrumbList\",\"@id\":\"https:\/\/autopartscenter24.com\/auton-varaosat\/2-0-hdi-rh02-rhh-moottori-peugeot-5008-citroen-ds4\/#breadcrumb\",\"itemListElement\":[{\"@type\":\"ListItem\",\"position\":1,\"name\":\"Hjem\",\"item\":\"https:\/\/aliceblue-termite-662564.hostingersite.com\/\"},{\"@type\":\"ListItem\",\"position\":2,\"name\":\"Auton varaosat\",\"item\":\"https:\/\/aliceblue-termite-662564.hostingersite.com\/auton-varaosat\/\"},{\"@type\":\"ListItem\",\"position\":3,\"name\":\"2.0 HDI RH02 RHH-motor [f.eks. Peugeot 5008, Citroen DS4]\"}]},{\"@type\":\"WebSite\",\"@id\":\"https:\/\/autopartscenter24.com\/#website\",\"url\":\"https:\/\/autopartscenter24.com\/\",\"name\":\"Autopartscenter24\",\"description\":\"K\u00c4YTETYT JA KUNNOSTETUT  AUTON VARAOSAT\",\"potentialAction\":[{\"@type\":\"SearchAction\",\"target\":{\"@type\":\"EntryPoint\",\"urlTemplate\":\"https:\/\/autopartscenter24.com\/?s={search_term_string}\"},\"query-input\":{\"@type\":\"PropertyValueSpecification\",\"valueRequired\":true,\"valueName\":\"search_term_string\"}}],\"inLanguage\":\"nb-NO\"}]}<\/script>\n<!-- \/ Yoast SEO plugin. -->","yoast_head_json":{"title":"2.0 HDI RH02 RHH-motor [f.eks. Peugeot 5008, Citroen DS4]","description":"En av motorene vi Ofte har tilgjengelig. Send en foresp\u00f8rsel og du vil Motta et tilbud innen 24 timer. Motorer, girkasser og Andre bilder med garanti.","robots":{"index":"index","follow":"follow","max-snippet":"max-snippet:-1","max-image-preview":"max-image-preview:large","max-video-preview":"max-video-preview:-1"},"canonical":"https:\/\/autopartscenter24.com\/no\/auton-varaosat\/2-0-hdi-rh02-rhh-moottori-peugeot-5008-citroen-ds4\/","og_locale":"nb_NO","og_type":"article","og_title":"2.0 HDI RH02 RHH-motor [f.eks. Peugeot 5008, Citroen DS4]","og_description":"En av motorene vi Ofte har tilgjengelig. Send en foresp\u00f8rsel og du vil Motta et tilbud innen 24 timer. Motorer, girkasser og Andre bilder med garanti.","og_url":"https:\/\/autopartscenter24.com\/no\/auton-varaosat\/2-0-hdi-rh02-rhh-moottori-peugeot-5008-citroen-ds4\/","og_site_name":"Autopartscenter24","og_image":[{"width":800,"height":600,"url":"https:\/\/autopartscenter24.com\/wp-content\/uploads\/2023\/03\/2-0-hdi-rh02-rhh-moottori-peugeot-5008-citroen-ds4.webp","type":"image\/webp"}],"twitter_card":"summary_large_image","twitter_misc":{"Ansl. lesetid":"1 minutt"},"schema":{"@context":"https:\/\/schema.org","@graph":[{"@type":"WebPage","@id":"https:\/\/autopartscenter24.com\/auton-varaosat\/2-0-hdi-rh02-rhh-moottori-peugeot-5008-citroen-ds4\/","url":"https:\/\/autopartscenter24.com\/auton-varaosat\/2-0-hdi-rh02-rhh-moottori-peugeot-5008-citroen-ds4\/","name":"2.0 HDI RH02 RHH-motor [f.eks. Peugeot 5008, Citroen DS4]","isPartOf":{"@id":"https:\/\/autopartscenter24.com\/#website"},"primaryImageOfPage":{"@id":"https:\/\/autopartscenter24.com\/auton-varaosat\/2-0-hdi-rh02-rhh-moottori-peugeot-5008-citroen-ds4\/#primaryimage"},"image":{"@id":"https:\/\/autopartscenter24.com\/auton-varaosat\/2-0-hdi-rh02-rhh-moottori-peugeot-5008-citroen-ds4\/#primaryimage"},"thumbnailUrl":"https:\/\/autopartscenter24.com\/wp-content\/uploads\/2023\/03\/2-0-hdi-rh02-rhh-moottori-peugeot-5008-citroen-ds4.webp","datePublished":"2023-12-02T18:36:47+00:00","description":"En av motorene vi Ofte har tilgjengelig. Send en foresp\u00f8rsel og du vil Motta et tilbud innen 24 timer. Motorer, girkasser og Andre bilder med garanti.","breadcrumb":{"@id":"https:\/\/autopartscenter24.com\/auton-varaosat\/2-0-hdi-rh02-rhh-moottori-peugeot-5008-citroen-ds4\/#breadcrumb"},"inLanguage":"nb-NO","potentialAction":[{"@type":"ReadAction","target":["https:\/\/autopartscenter24.com\/auton-varaosat\/2-0-hdi-rh02-rhh-moottori-peugeot-5008-citroen-ds4\/"]}]},{"@type":"ImageObject","inLanguage":"nb-NO","@id":"https:\/\/autopartscenter24.com\/auton-varaosat\/2-0-hdi-rh02-rhh-moottori-peugeot-5008-citroen-ds4\/#primaryimage","url":"https:\/\/autopartscenter24.com\/wp-content\/uploads\/2023\/03\/2-0-hdi-rh02-rhh-moottori-peugeot-5008-citroen-ds4.webp","contentUrl":"https:\/\/autopartscenter24.com\/wp-content\/uploads\/2023\/03\/2-0-hdi-rh02-rhh-moottori-peugeot-5008-citroen-ds4.webp","width":800,"height":600},{"@type":"BreadcrumbList","@id":"https:\/\/autopartscenter24.com\/auton-varaosat\/2-0-hdi-rh02-rhh-moottori-peugeot-5008-citroen-ds4\/#breadcrumb","itemListElement":[{"@type":"ListItem","position":1,"name":"Hjem","item":"https:\/\/aliceblue-termite-662564.hostingersite.com\/"},{"@type":"ListItem","position":2,"name":"Auton varaosat","item":"https:\/\/aliceblue-termite-662564.hostingersite.com\/auton-varaosat\/"},{"@type":"ListItem","position":3,"name":"2.0 HDI RH02 RHH-motor [f.eks. Peugeot 5008, Citroen DS4]"}]},{"@type":"WebSite","@id":"https:\/\/autopartscenter24.com\/#website","url":"https:\/\/autopartscenter24.com\/","name":"Autopartscenter24","description":"K\u00c4YTETYT JA KUNNOSTETUT  AUTON VARAOSAT","potentialAction":[{"@type":"SearchAction","target":{"@type":"EntryPoint","urlTemplate":"https:\/\/autopartscenter24.com\/?s={search_term_string}"},"query-input":{"@type":"PropertyValueSpecification","valueRequired":true,"valueName":"search_term_string"}}],"inLanguage":"nb-NO"}]}},"_links":{"self":[{"href":"https:\/\/autopartscenter24.com\/no\/wp-json\/wp\/v2\/product\/5792","targetHints":{"allow":["GET"]}}],"collection":[{"href":"https:\/\/autopartscenter24.com\/no\/wp-json\/wp\/v2\/product"}],"about":[{"href":"https:\/\/autopartscenter24.com\/no\/wp-json\/wp\/v2\/types\/product"}],"wp:featuredmedia":[{"embeddable":true,"href":"https:\/\/autopartscenter24.com\/no\/wp-json\/wp\/v2\/media\/4399"}],"wp:attachment":[{"href":"https:\/\/autopartscenter24.com\/no\/wp-json\/wp\/v2\/media?parent=5792"}],"wp:term":[{"taxonomy":"product_brand","embeddable":true,"href":"https:\/\/autopartscenter24.com\/no\/wp-json\/wp\/v2\/product_brand?post=5792"},{"taxonomy":"product_cat","embeddable":true,"href":"https:\/\/autopartscenter24.com\/no\/wp-json\/wp\/v2\/product_cat?post=5792"},{"taxonomy":"product_tag","embeddable":true,"href":"https:\/\/autopartscenter24.com\/no\/wp-json\/wp\/v2\/product_tag?post=5792"}],"curies":[{"name":"wp","href":"https:\/\/api.w.org\/{rel}","templated":true}]}}