{"id":5791,"date":"2023-03-05T10:30:01","date_gmt":"2023-12-02T18:34:56","guid":{"rendered":"https:\/\/autopartscenter24.com\/product\/2-7-tdi-v6-bpp-motor-f-eks-audi-a4-a6-a8-vw-touareg\/"},"modified":"2023-12-02T19:34:56","modified_gmt":"2023-12-02T18:34:56","slug":"2-7-tdi-v6-bpp-motor-f-eks-audi-a4-a6-a8-vw-touareg","status":"publish","type":"product","link":"https:\/\/autopartscenter24.com\/no\/auton-varaosat\/2-7-tdi-v6-bpp-motor-f-eks-audi-a4-a6-a8-vw-touareg\/","title":{"rendered":"2.7 TDI V6 &laquo;BPP&raquo;-motor [f.eks. Audi A4, A6, A8, VW Touareg]"},"content":{"rendered":"<p><strong>2.7 TDI (motorkode: BPP)<\/strong> er en V6-motor produsert av Volkswagen Group. Utformingen av motoren har fokusert spesielt p\u00e5 effektivitet og dreiemoment. BPP-motoren har mange innovative tekniske l\u00f8sninger som muliggj\u00f8r optimal ytelse og \u00f8konomi.<\/p>\n<p>De grunnleggende funksjonene til motoren er:<\/p>\n<ul>\n<li>Slagvolum: 2,7 liter<\/li>\n<li>Antall sylindre: 6<\/li>\n<li>Effekt: 132 kW (180 hk) ved 3500 o\/min<\/li>\n<li>Dreiemoment: 370 Nm @ 1500-2500 o\/min<\/li>\n<li>Eksosutslippsklasse: Euro 4<\/li>\n<li>Drivstoffsystem: Common Rail direkte innspr\u00f8ytning<\/li>\n<\/ul>\n<p>Audi og Volkswagen har brukt BPP-motoren mest i sine premiumklassemodeller. Motoren har vist seg \u00e5 v\u00e6re sv\u00e6rt p\u00e5litelig og holdbar, noe som gj\u00f8r den til et attraktivt alternativ for krevende sj\u00e5f\u00f8rer som \u00f8nsker h\u00f8y ytelse og \u00f8konomi.<\/p>\n<p>BPP-motoren har flere tekniske l\u00f8sninger som skiller den fra andre motorer. For eksempel er det brukt slitesterke materialer som st\u00f8pejern og aluminium i motorstrukturen, noe som reduserer vekten og forbedrer holdbarheten. Motoren har ogs\u00e5 et hydraulisk ventill\u00f8ftesystem som reduserer friksjonen og \u00f8ker effektiviteten.<\/p>\n<p>I tillegg har BPP-motoren et allsidig turboladerkontrollsystem som gir optimal ytelse og drivstoff\u00f8konomi. Denne funksjonen muliggj\u00f8r rask akselerasjon og god forbikj\u00f8ringsytelse, samtidig som drivstofforbruket forblir rimelig.<\/p>\n<p>Avslutningsvis er 2,7 TDI (BPP) en utmerket motor som kombinerer h\u00f8y ytelse og \u00f8konomi. Dens innovative tekniske l\u00f8sninger gj\u00f8r den til et attraktivt alternativ for krevende sj\u00e5f\u00f8rer som leter etter<\/p>\n","protected":false},"excerpt":{"rendered":"<ul>\n<li>BPP-motoren har blitt brukt i flere modeller fra forskjellige bilprodusenter. Nedenfor er en liste over noen av disse:\n<ul>\n<li>Audi A4 (2005-2008)<\/li>\n<li>Audi A6 (2005-2011)<\/li>\n<li>Audi A8 (2005-2010)<\/li>\n<li>Volkswagen Phaeton (2005-2010)<\/li>\n<li>Volkswagen Touareg (2006-2010)<\/li>\n<\/ul>\n<\/li>\n<\/ul>\n","protected":false},"featured_media":4389,"template":"","meta":[],"product_brand":[],"product_cat":[484,485],"product_tag":[808,810,811,899,917],"class_list":{"0":"post-5791","1":"product","2":"type-product","3":"status-publish","4":"has-post-thumbnail","6":"product_cat-audi-no","7":"product_cat-vw-no","8":"product_tag-a4-no","9":"product_tag-a6-no","10":"product_tag-a8-no","11":"product_tag-q7-no","12":"product_tag-touareg-no","15":"first","16":"instock","17":"shipping-taxable","18":"product-type-simple"},"yoast_head":"<!-- This site is optimized with the Yoast SEO plugin v26.8 - https:\/\/yoast.com\/product\/yoast-seo-wordpress\/ -->\n<title>2.7 TDI V6 &quot;BPP&quot;-motor [f.eks. Audi A4, A6, A8, VW Touareg]<\/title>\n<meta name=\"description\" content=\"En av motorene vi Ofte har tilgjengelig. Send en foresp\u00f8rsel og du vil Motta et tilbud innen 24 timer. Motorer, girkasser og Andre bilder med garanti.\" \/>\n<meta name=\"robots\" content=\"index, follow, max-snippet:-1, max-image-preview:large, max-video-preview:-1\" \/>\n<link rel=\"canonical\" href=\"https:\/\/autopartscenter24.com\/no\/auton-varaosat\/2-7-tdi-v6-bpp-moottori-esim-audi-a4-a6-a8-vw-touareg\/\" \/>\n<meta property=\"og:locale\" content=\"nb_NO\" \/>\n<meta property=\"og:type\" content=\"article\" \/>\n<meta property=\"og:title\" content=\"2.7 TDI V6 &quot;BPP&quot;-motor [f.eks. Audi A4, A6, A8, VW Touareg]\" \/>\n<meta property=\"og:description\" content=\"En av motorene vi Ofte har tilgjengelig. Send en foresp\u00f8rsel og du vil Motta et tilbud innen 24 timer. Motorer, girkasser og Andre bilder med garanti.\" \/>\n<meta property=\"og:url\" content=\"https:\/\/autopartscenter24.com\/no\/auton-varaosat\/2-7-tdi-v6-bpp-moottori-esim-audi-a4-a6-a8-vw-touareg\/\" \/>\n<meta property=\"og:site_name\" content=\"Autopartscenter24\" \/>\n<meta property=\"og:image\" content=\"https:\/\/autopartscenter24.com\/wp-content\/uploads\/2023\/03\/2-7-TDI-V6-BPP-moottori-audi-a6-q7.webp\" \/>\n\t<meta property=\"og:image:width\" content=\"800\" \/>\n\t<meta property=\"og:image:height\" content=\"600\" \/>\n\t<meta property=\"og:image:type\" content=\"image\/webp\" \/>\n<meta name=\"twitter:card\" content=\"summary_large_image\" \/>\n<meta name=\"twitter:label1\" content=\"Ansl. lesetid\" \/>\n\t<meta name=\"twitter:data1\" content=\"1 minutt\" \/>\n<script type=\"application\/ld+json\" class=\"yoast-schema-graph\">{\"@context\":\"https:\/\/schema.org\",\"@graph\":[{\"@type\":\"WebPage\",\"@id\":\"https:\/\/autopartscenter24.com\/auton-varaosat\/2-7-tdi-v6-bpp-moottori-esim-audi-a4-a6-a8-vw-touareg\/\",\"url\":\"https:\/\/autopartscenter24.com\/auton-varaosat\/2-7-tdi-v6-bpp-moottori-esim-audi-a4-a6-a8-vw-touareg\/\",\"name\":\"2.7 TDI V6 \\\"BPP\\\"-motor [f.eks. Audi A4, A6, A8, VW Touareg]\",\"isPartOf\":{\"@id\":\"https:\/\/autopartscenter24.com\/#website\"},\"primaryImageOfPage\":{\"@id\":\"https:\/\/autopartscenter24.com\/auton-varaosat\/2-7-tdi-v6-bpp-moottori-esim-audi-a4-a6-a8-vw-touareg\/#primaryimage\"},\"image\":{\"@id\":\"https:\/\/autopartscenter24.com\/auton-varaosat\/2-7-tdi-v6-bpp-moottori-esim-audi-a4-a6-a8-vw-touareg\/#primaryimage\"},\"thumbnailUrl\":\"https:\/\/autopartscenter24.com\/wp-content\/uploads\/2023\/03\/2-7-TDI-V6-BPP-moottori-audi-a6-q7.webp\",\"datePublished\":\"2023-12-02T18:34:56+00:00\",\"description\":\"En av motorene vi Ofte har tilgjengelig. Send en foresp\u00f8rsel og du vil Motta et tilbud innen 24 timer. Motorer, girkasser og Andre bilder med garanti.\",\"breadcrumb\":{\"@id\":\"https:\/\/autopartscenter24.com\/auton-varaosat\/2-7-tdi-v6-bpp-moottori-esim-audi-a4-a6-a8-vw-touareg\/#breadcrumb\"},\"inLanguage\":\"nb-NO\",\"potentialAction\":[{\"@type\":\"ReadAction\",\"target\":[\"https:\/\/autopartscenter24.com\/auton-varaosat\/2-7-tdi-v6-bpp-moottori-esim-audi-a4-a6-a8-vw-touareg\/\"]}]},{\"@type\":\"ImageObject\",\"inLanguage\":\"nb-NO\",\"@id\":\"https:\/\/autopartscenter24.com\/auton-varaosat\/2-7-tdi-v6-bpp-moottori-esim-audi-a4-a6-a8-vw-touareg\/#primaryimage\",\"url\":\"https:\/\/autopartscenter24.com\/wp-content\/uploads\/2023\/03\/2-7-TDI-V6-BPP-moottori-audi-a6-q7.webp\",\"contentUrl\":\"https:\/\/autopartscenter24.com\/wp-content\/uploads\/2023\/03\/2-7-TDI-V6-BPP-moottori-audi-a6-q7.webp\",\"width\":800,\"height\":600},{\"@type\":\"BreadcrumbList\",\"@id\":\"https:\/\/autopartscenter24.com\/auton-varaosat\/2-7-tdi-v6-bpp-moottori-esim-audi-a4-a6-a8-vw-touareg\/#breadcrumb\",\"itemListElement\":[{\"@type\":\"ListItem\",\"position\":1,\"name\":\"Hjem\",\"item\":\"https:\/\/aliceblue-termite-662564.hostingersite.com\/\"},{\"@type\":\"ListItem\",\"position\":2,\"name\":\"Auton varaosat\",\"item\":\"https:\/\/aliceblue-termite-662564.hostingersite.com\/auton-varaosat\/\"},{\"@type\":\"ListItem\",\"position\":3,\"name\":\"2.7 TDI V6 &#8221;BPP&#8221;-motor [f.eks. Audi A4, A6, A8, VW Touareg]\"}]},{\"@type\":\"WebSite\",\"@id\":\"https:\/\/autopartscenter24.com\/#website\",\"url\":\"https:\/\/autopartscenter24.com\/\",\"name\":\"Autopartscenter24\",\"description\":\"K\u00c4YTETYT JA KUNNOSTETUT  AUTON VARAOSAT\",\"potentialAction\":[{\"@type\":\"SearchAction\",\"target\":{\"@type\":\"EntryPoint\",\"urlTemplate\":\"https:\/\/autopartscenter24.com\/?s={search_term_string}\"},\"query-input\":{\"@type\":\"PropertyValueSpecification\",\"valueRequired\":true,\"valueName\":\"search_term_string\"}}],\"inLanguage\":\"nb-NO\"}]}<\/script>\n<!-- \/ Yoast SEO plugin. -->","yoast_head_json":{"title":"2.7 TDI V6 \"BPP\"-motor [f.eks. Audi A4, A6, A8, VW Touareg]","description":"En av motorene vi Ofte har tilgjengelig. Send en foresp\u00f8rsel og du vil Motta et tilbud innen 24 timer. Motorer, girkasser og Andre bilder med garanti.","robots":{"index":"index","follow":"follow","max-snippet":"max-snippet:-1","max-image-preview":"max-image-preview:large","max-video-preview":"max-video-preview:-1"},"canonical":"https:\/\/autopartscenter24.com\/no\/auton-varaosat\/2-7-tdi-v6-bpp-moottori-esim-audi-a4-a6-a8-vw-touareg\/","og_locale":"nb_NO","og_type":"article","og_title":"2.7 TDI V6 \"BPP\"-motor [f.eks. Audi A4, A6, A8, VW Touareg]","og_description":"En av motorene vi Ofte har tilgjengelig. Send en foresp\u00f8rsel og du vil Motta et tilbud innen 24 timer. Motorer, girkasser og Andre bilder med garanti.","og_url":"https:\/\/autopartscenter24.com\/no\/auton-varaosat\/2-7-tdi-v6-bpp-moottori-esim-audi-a4-a6-a8-vw-touareg\/","og_site_name":"Autopartscenter24","og_image":[{"width":800,"height":600,"url":"https:\/\/autopartscenter24.com\/wp-content\/uploads\/2023\/03\/2-7-TDI-V6-BPP-moottori-audi-a6-q7.webp","type":"image\/webp"}],"twitter_card":"summary_large_image","twitter_misc":{"Ansl. lesetid":"1 minutt"},"schema":{"@context":"https:\/\/schema.org","@graph":[{"@type":"WebPage","@id":"https:\/\/autopartscenter24.com\/auton-varaosat\/2-7-tdi-v6-bpp-moottori-esim-audi-a4-a6-a8-vw-touareg\/","url":"https:\/\/autopartscenter24.com\/auton-varaosat\/2-7-tdi-v6-bpp-moottori-esim-audi-a4-a6-a8-vw-touareg\/","name":"2.7 TDI V6 \"BPP\"-motor [f.eks. Audi A4, A6, A8, VW Touareg]","isPartOf":{"@id":"https:\/\/autopartscenter24.com\/#website"},"primaryImageOfPage":{"@id":"https:\/\/autopartscenter24.com\/auton-varaosat\/2-7-tdi-v6-bpp-moottori-esim-audi-a4-a6-a8-vw-touareg\/#primaryimage"},"image":{"@id":"https:\/\/autopartscenter24.com\/auton-varaosat\/2-7-tdi-v6-bpp-moottori-esim-audi-a4-a6-a8-vw-touareg\/#primaryimage"},"thumbnailUrl":"https:\/\/autopartscenter24.com\/wp-content\/uploads\/2023\/03\/2-7-TDI-V6-BPP-moottori-audi-a6-q7.webp","datePublished":"2023-12-02T18:34:56+00:00","description":"En av motorene vi Ofte har tilgjengelig. Send en foresp\u00f8rsel og du vil Motta et tilbud innen 24 timer. Motorer, girkasser og Andre bilder med garanti.","breadcrumb":{"@id":"https:\/\/autopartscenter24.com\/auton-varaosat\/2-7-tdi-v6-bpp-moottori-esim-audi-a4-a6-a8-vw-touareg\/#breadcrumb"},"inLanguage":"nb-NO","potentialAction":[{"@type":"ReadAction","target":["https:\/\/autopartscenter24.com\/auton-varaosat\/2-7-tdi-v6-bpp-moottori-esim-audi-a4-a6-a8-vw-touareg\/"]}]},{"@type":"ImageObject","inLanguage":"nb-NO","@id":"https:\/\/autopartscenter24.com\/auton-varaosat\/2-7-tdi-v6-bpp-moottori-esim-audi-a4-a6-a8-vw-touareg\/#primaryimage","url":"https:\/\/autopartscenter24.com\/wp-content\/uploads\/2023\/03\/2-7-TDI-V6-BPP-moottori-audi-a6-q7.webp","contentUrl":"https:\/\/autopartscenter24.com\/wp-content\/uploads\/2023\/03\/2-7-TDI-V6-BPP-moottori-audi-a6-q7.webp","width":800,"height":600},{"@type":"BreadcrumbList","@id":"https:\/\/autopartscenter24.com\/auton-varaosat\/2-7-tdi-v6-bpp-moottori-esim-audi-a4-a6-a8-vw-touareg\/#breadcrumb","itemListElement":[{"@type":"ListItem","position":1,"name":"Hjem","item":"https:\/\/aliceblue-termite-662564.hostingersite.com\/"},{"@type":"ListItem","position":2,"name":"Auton varaosat","item":"https:\/\/aliceblue-termite-662564.hostingersite.com\/auton-varaosat\/"},{"@type":"ListItem","position":3,"name":"2.7 TDI V6 &#8221;BPP&#8221;-motor [f.eks. Audi A4, A6, A8, VW Touareg]"}]},{"@type":"WebSite","@id":"https:\/\/autopartscenter24.com\/#website","url":"https:\/\/autopartscenter24.com\/","name":"Autopartscenter24","description":"K\u00c4YTETYT JA KUNNOSTETUT  AUTON VARAOSAT","potentialAction":[{"@type":"SearchAction","target":{"@type":"EntryPoint","urlTemplate":"https:\/\/autopartscenter24.com\/?s={search_term_string}"},"query-input":{"@type":"PropertyValueSpecification","valueRequired":true,"valueName":"search_term_string"}}],"inLanguage":"nb-NO"}]}},"_links":{"self":[{"href":"https:\/\/autopartscenter24.com\/no\/wp-json\/wp\/v2\/product\/5791","targetHints":{"allow":["GET"]}}],"collection":[{"href":"https:\/\/autopartscenter24.com\/no\/wp-json\/wp\/v2\/product"}],"about":[{"href":"https:\/\/autopartscenter24.com\/no\/wp-json\/wp\/v2\/types\/product"}],"wp:featuredmedia":[{"embeddable":true,"href":"https:\/\/autopartscenter24.com\/no\/wp-json\/wp\/v2\/media\/4389"}],"wp:attachment":[{"href":"https:\/\/autopartscenter24.com\/no\/wp-json\/wp\/v2\/media?parent=5791"}],"wp:term":[{"taxonomy":"product_brand","embeddable":true,"href":"https:\/\/autopartscenter24.com\/no\/wp-json\/wp\/v2\/product_brand?post=5791"},{"taxonomy":"product_cat","embeddable":true,"href":"https:\/\/autopartscenter24.com\/no\/wp-json\/wp\/v2\/product_cat?post=5791"},{"taxonomy":"product_tag","embeddable":true,"href":"https:\/\/autopartscenter24.com\/no\/wp-json\/wp\/v2\/product_tag?post=5791"}],"curies":[{"name":"wp","href":"https:\/\/api.w.org\/{rel}","templated":true}]}}