{"id":5789,"date":"2023-03-05T11:24:25","date_gmt":"2023-12-02T18:29:49","guid":{"rendered":"https:\/\/autopartscenter24.com\/product\/1-7-cdti-a17dtr-motor-f-eks-astra-zafira-corsa-combo\/"},"modified":"2023-12-02T19:29:49","modified_gmt":"2023-12-02T18:29:49","slug":"1-7-cdti-a17dtr-motor-f-eks-astra-zafira-corsa-combo","status":"publish","type":"product","link":"https:\/\/autopartscenter24.com\/no\/auton-varaosat\/1-7-cdti-a17dtr-motor-f-eks-astra-zafira-corsa-combo\/","title":{"rendered":"1.7 CDTi &laquo;A17DTR&raquo; motor [f.eks. Astra, Zafira, Corsa, Combo]"},"content":{"rendered":"<p><strong>1.7 CDTi (motorkode: A17DTR)<\/strong> er en turbodieselmotor produsert siden 2004. Motoren er utviklet i samarbeid med General Motors og den italienske motorprodusenten Fiat Powertrain Technologies. Motoren er produsert i Ungarn, ved Szentgotthard-fabrikken.<\/p>\n<p>1,7 CDTi-motoren har fire sylindre, 16 ventiler og et felles trykkinnspr\u00f8ytningssystem. Maksimal effekt p\u00e5 motoren er 81 kW (110 hk) og maksimalt dreiemoment er 280 Nm. Hovedm\u00e5lene for motorutvikling har v\u00e6rt ytelse, drivstoff\u00f8konomi og lave utslipp.<\/p>\n<p>Motoren oppfyller Euro 4-utslippsstandardene og er utstyrt med partikkelfilter. I utviklingen av motoren er det lagt spesiell vekt p\u00e5 \u00e5 redusere st\u00f8y og vibrasjoner for \u00e5 opprettholde et h\u00f8yt niv\u00e5 av reisekomfort.<\/p>\n<p>1.7 CDTi-motoren har v\u00e6rt et veldig popul\u00e6rt valg i bilmodeller som krever \u00f8konomiske og h\u00f8yytelses dieselmotorer. Utviklingen av motoren har fokusert p\u00e5 milj\u00f8vennlighet, noe som gjenspeiles i lave utslipp og god drivstoff\u00f8konomi. Motorens levetid har ogs\u00e5 vist seg \u00e5 v\u00e6re veldig lang, noe som gj\u00f8r den til et p\u00e5litelig valg for mange sj\u00e5f\u00f8rer.<\/p>\n","protected":false},"excerpt":{"rendered":"<ul>\n<li>Opel Astra (2004-2010)<\/li>\n<li>Opel Meriva (2006-2010)<\/li>\n<li>Opel Zafira (2005-2011)<\/li>\n<li>Opel Corsa (2006-2014)<\/li>\n<li>Opel Combo (2006-2011)<\/li>\n<\/ul>\n","protected":false},"featured_media":4409,"template":"","meta":[],"product_brand":[],"product_cat":[604],"product_tag":[815,843,846,885,940],"class_list":{"0":"post-5789","1":"product","2":"type-product","3":"status-publish","4":"has-post-thumbnail","6":"product_cat-opel-no","7":"product_tag-astra-no","8":"product_tag-combo-no","9":"product_tag-corsa-no","10":"product_tag-meriva-no","11":"product_tag-zafira-no","14":"first","15":"instock","16":"featured","17":"shipping-taxable","18":"product-type-simple"},"yoast_head":"<!-- This site is optimized with the Yoast SEO plugin v26.8 - https:\/\/yoast.com\/product\/yoast-seo-wordpress\/ -->\n<title>1.7 CDTi &quot;A17DTR&quot; motor [f.eks. Astra, Zafira, Corsa, Combo]<\/title>\n<meta name=\"description\" content=\"En av motorene vi Ofte har tilgjengelig. Send en foresp\u00f8rsel og du vil Motta et tilbud innen 24 timer. Motorer, girkasser og Andre bilder med garanti.\" \/>\n<meta name=\"robots\" content=\"index, follow, max-snippet:-1, max-image-preview:large, max-video-preview:-1\" \/>\n<link rel=\"canonical\" href=\"https:\/\/autopartscenter24.com\/no\/auton-varaosat\/1-7-cdti-a17dtr-moottori-opel-astra-meriva-zafira-corsa-combo\/\" \/>\n<meta property=\"og:locale\" content=\"nb_NO\" \/>\n<meta property=\"og:type\" content=\"article\" \/>\n<meta property=\"og:title\" content=\"1.7 CDTi &quot;A17DTR&quot; motor [f.eks. Astra, Zafira, Corsa, Combo]\" \/>\n<meta property=\"og:description\" content=\"En av motorene vi Ofte har tilgjengelig. Send en foresp\u00f8rsel og du vil Motta et tilbud innen 24 timer. Motorer, girkasser og Andre bilder med garanti.\" \/>\n<meta property=\"og:url\" content=\"https:\/\/autopartscenter24.com\/no\/auton-varaosat\/1-7-cdti-a17dtr-moottori-opel-astra-meriva-zafira-corsa-combo\/\" \/>\n<meta property=\"og:site_name\" content=\"Autopartscenter24\" \/>\n<meta property=\"og:image\" content=\"https:\/\/autopartscenter24.com\/wp-content\/uploads\/2023\/03\/1-7-cdti-A17DTR-moottori-astra-combo-zafira-corsa.webp\" \/>\n\t<meta property=\"og:image:width\" content=\"800\" \/>\n\t<meta property=\"og:image:height\" content=\"600\" \/>\n\t<meta property=\"og:image:type\" content=\"image\/webp\" \/>\n<meta name=\"twitter:card\" content=\"summary_large_image\" \/>\n<meta name=\"twitter:label1\" content=\"Ansl. lesetid\" \/>\n\t<meta name=\"twitter:data1\" content=\"1 minutt\" \/>\n<script type=\"application\/ld+json\" class=\"yoast-schema-graph\">{\"@context\":\"https:\/\/schema.org\",\"@graph\":[{\"@type\":\"WebPage\",\"@id\":\"https:\/\/autopartscenter24.com\/auton-varaosat\/1-7-cdti-a17dtr-moottori-opel-astra-meriva-zafira-corsa-combo\/\",\"url\":\"https:\/\/autopartscenter24.com\/auton-varaosat\/1-7-cdti-a17dtr-moottori-opel-astra-meriva-zafira-corsa-combo\/\",\"name\":\"1.7 CDTi \\\"A17DTR\\\" motor [f.eks. Astra, Zafira, Corsa, Combo]\",\"isPartOf\":{\"@id\":\"https:\/\/autopartscenter24.com\/#website\"},\"primaryImageOfPage\":{\"@id\":\"https:\/\/autopartscenter24.com\/auton-varaosat\/1-7-cdti-a17dtr-moottori-opel-astra-meriva-zafira-corsa-combo\/#primaryimage\"},\"image\":{\"@id\":\"https:\/\/autopartscenter24.com\/auton-varaosat\/1-7-cdti-a17dtr-moottori-opel-astra-meriva-zafira-corsa-combo\/#primaryimage\"},\"thumbnailUrl\":\"https:\/\/autopartscenter24.com\/wp-content\/uploads\/2023\/03\/1-7-cdti-A17DTR-moottori-astra-combo-zafira-corsa.webp\",\"datePublished\":\"2023-12-02T18:29:49+00:00\",\"description\":\"En av motorene vi Ofte har tilgjengelig. Send en foresp\u00f8rsel og du vil Motta et tilbud innen 24 timer. Motorer, girkasser og Andre bilder med garanti.\",\"breadcrumb\":{\"@id\":\"https:\/\/autopartscenter24.com\/auton-varaosat\/1-7-cdti-a17dtr-moottori-opel-astra-meriva-zafira-corsa-combo\/#breadcrumb\"},\"inLanguage\":\"nb-NO\",\"potentialAction\":[{\"@type\":\"ReadAction\",\"target\":[\"https:\/\/autopartscenter24.com\/auton-varaosat\/1-7-cdti-a17dtr-moottori-opel-astra-meriva-zafira-corsa-combo\/\"]}]},{\"@type\":\"ImageObject\",\"inLanguage\":\"nb-NO\",\"@id\":\"https:\/\/autopartscenter24.com\/auton-varaosat\/1-7-cdti-a17dtr-moottori-opel-astra-meriva-zafira-corsa-combo\/#primaryimage\",\"url\":\"https:\/\/autopartscenter24.com\/wp-content\/uploads\/2023\/03\/1-7-cdti-A17DTR-moottori-astra-combo-zafira-corsa.webp\",\"contentUrl\":\"https:\/\/autopartscenter24.com\/wp-content\/uploads\/2023\/03\/1-7-cdti-A17DTR-moottori-astra-combo-zafira-corsa.webp\",\"width\":800,\"height\":600},{\"@type\":\"BreadcrumbList\",\"@id\":\"https:\/\/autopartscenter24.com\/auton-varaosat\/1-7-cdti-a17dtr-moottori-opel-astra-meriva-zafira-corsa-combo\/#breadcrumb\",\"itemListElement\":[{\"@type\":\"ListItem\",\"position\":1,\"name\":\"Hjem\",\"item\":\"https:\/\/aliceblue-termite-662564.hostingersite.com\/\"},{\"@type\":\"ListItem\",\"position\":2,\"name\":\"Auton varaosat\",\"item\":\"https:\/\/aliceblue-termite-662564.hostingersite.com\/auton-varaosat\/\"},{\"@type\":\"ListItem\",\"position\":3,\"name\":\"1.7 CDTi &#8221;A17DTR&#8221; motor [f.eks. Astra, Zafira, Corsa, Combo]\"}]},{\"@type\":\"WebSite\",\"@id\":\"https:\/\/autopartscenter24.com\/#website\",\"url\":\"https:\/\/autopartscenter24.com\/\",\"name\":\"Autopartscenter24\",\"description\":\"K\u00c4YTETYT JA KUNNOSTETUT  AUTON VARAOSAT\",\"potentialAction\":[{\"@type\":\"SearchAction\",\"target\":{\"@type\":\"EntryPoint\",\"urlTemplate\":\"https:\/\/autopartscenter24.com\/?s={search_term_string}\"},\"query-input\":{\"@type\":\"PropertyValueSpecification\",\"valueRequired\":true,\"valueName\":\"search_term_string\"}}],\"inLanguage\":\"nb-NO\"}]}<\/script>\n<!-- \/ Yoast SEO plugin. -->","yoast_head_json":{"title":"1.7 CDTi \"A17DTR\" motor [f.eks. Astra, Zafira, Corsa, Combo]","description":"En av motorene vi Ofte har tilgjengelig. Send en foresp\u00f8rsel og du vil Motta et tilbud innen 24 timer. Motorer, girkasser og Andre bilder med garanti.","robots":{"index":"index","follow":"follow","max-snippet":"max-snippet:-1","max-image-preview":"max-image-preview:large","max-video-preview":"max-video-preview:-1"},"canonical":"https:\/\/autopartscenter24.com\/no\/auton-varaosat\/1-7-cdti-a17dtr-moottori-opel-astra-meriva-zafira-corsa-combo\/","og_locale":"nb_NO","og_type":"article","og_title":"1.7 CDTi \"A17DTR\" motor [f.eks. Astra, Zafira, Corsa, Combo]","og_description":"En av motorene vi Ofte har tilgjengelig. Send en foresp\u00f8rsel og du vil Motta et tilbud innen 24 timer. Motorer, girkasser og Andre bilder med garanti.","og_url":"https:\/\/autopartscenter24.com\/no\/auton-varaosat\/1-7-cdti-a17dtr-moottori-opel-astra-meriva-zafira-corsa-combo\/","og_site_name":"Autopartscenter24","og_image":[{"width":800,"height":600,"url":"https:\/\/autopartscenter24.com\/wp-content\/uploads\/2023\/03\/1-7-cdti-A17DTR-moottori-astra-combo-zafira-corsa.webp","type":"image\/webp"}],"twitter_card":"summary_large_image","twitter_misc":{"Ansl. lesetid":"1 minutt"},"schema":{"@context":"https:\/\/schema.org","@graph":[{"@type":"WebPage","@id":"https:\/\/autopartscenter24.com\/auton-varaosat\/1-7-cdti-a17dtr-moottori-opel-astra-meriva-zafira-corsa-combo\/","url":"https:\/\/autopartscenter24.com\/auton-varaosat\/1-7-cdti-a17dtr-moottori-opel-astra-meriva-zafira-corsa-combo\/","name":"1.7 CDTi \"A17DTR\" motor [f.eks. Astra, Zafira, Corsa, Combo]","isPartOf":{"@id":"https:\/\/autopartscenter24.com\/#website"},"primaryImageOfPage":{"@id":"https:\/\/autopartscenter24.com\/auton-varaosat\/1-7-cdti-a17dtr-moottori-opel-astra-meriva-zafira-corsa-combo\/#primaryimage"},"image":{"@id":"https:\/\/autopartscenter24.com\/auton-varaosat\/1-7-cdti-a17dtr-moottori-opel-astra-meriva-zafira-corsa-combo\/#primaryimage"},"thumbnailUrl":"https:\/\/autopartscenter24.com\/wp-content\/uploads\/2023\/03\/1-7-cdti-A17DTR-moottori-astra-combo-zafira-corsa.webp","datePublished":"2023-12-02T18:29:49+00:00","description":"En av motorene vi Ofte har tilgjengelig. Send en foresp\u00f8rsel og du vil Motta et tilbud innen 24 timer. Motorer, girkasser og Andre bilder med garanti.","breadcrumb":{"@id":"https:\/\/autopartscenter24.com\/auton-varaosat\/1-7-cdti-a17dtr-moottori-opel-astra-meriva-zafira-corsa-combo\/#breadcrumb"},"inLanguage":"nb-NO","potentialAction":[{"@type":"ReadAction","target":["https:\/\/autopartscenter24.com\/auton-varaosat\/1-7-cdti-a17dtr-moottori-opel-astra-meriva-zafira-corsa-combo\/"]}]},{"@type":"ImageObject","inLanguage":"nb-NO","@id":"https:\/\/autopartscenter24.com\/auton-varaosat\/1-7-cdti-a17dtr-moottori-opel-astra-meriva-zafira-corsa-combo\/#primaryimage","url":"https:\/\/autopartscenter24.com\/wp-content\/uploads\/2023\/03\/1-7-cdti-A17DTR-moottori-astra-combo-zafira-corsa.webp","contentUrl":"https:\/\/autopartscenter24.com\/wp-content\/uploads\/2023\/03\/1-7-cdti-A17DTR-moottori-astra-combo-zafira-corsa.webp","width":800,"height":600},{"@type":"BreadcrumbList","@id":"https:\/\/autopartscenter24.com\/auton-varaosat\/1-7-cdti-a17dtr-moottori-opel-astra-meriva-zafira-corsa-combo\/#breadcrumb","itemListElement":[{"@type":"ListItem","position":1,"name":"Hjem","item":"https:\/\/aliceblue-termite-662564.hostingersite.com\/"},{"@type":"ListItem","position":2,"name":"Auton varaosat","item":"https:\/\/aliceblue-termite-662564.hostingersite.com\/auton-varaosat\/"},{"@type":"ListItem","position":3,"name":"1.7 CDTi &#8221;A17DTR&#8221; motor [f.eks. Astra, Zafira, Corsa, Combo]"}]},{"@type":"WebSite","@id":"https:\/\/autopartscenter24.com\/#website","url":"https:\/\/autopartscenter24.com\/","name":"Autopartscenter24","description":"K\u00c4YTETYT JA KUNNOSTETUT  AUTON VARAOSAT","potentialAction":[{"@type":"SearchAction","target":{"@type":"EntryPoint","urlTemplate":"https:\/\/autopartscenter24.com\/?s={search_term_string}"},"query-input":{"@type":"PropertyValueSpecification","valueRequired":true,"valueName":"search_term_string"}}],"inLanguage":"nb-NO"}]}},"_links":{"self":[{"href":"https:\/\/autopartscenter24.com\/no\/wp-json\/wp\/v2\/product\/5789","targetHints":{"allow":["GET"]}}],"collection":[{"href":"https:\/\/autopartscenter24.com\/no\/wp-json\/wp\/v2\/product"}],"about":[{"href":"https:\/\/autopartscenter24.com\/no\/wp-json\/wp\/v2\/types\/product"}],"wp:featuredmedia":[{"embeddable":true,"href":"https:\/\/autopartscenter24.com\/no\/wp-json\/wp\/v2\/media\/4409"}],"wp:attachment":[{"href":"https:\/\/autopartscenter24.com\/no\/wp-json\/wp\/v2\/media?parent=5789"}],"wp:term":[{"taxonomy":"product_brand","embeddable":true,"href":"https:\/\/autopartscenter24.com\/no\/wp-json\/wp\/v2\/product_brand?post=5789"},{"taxonomy":"product_cat","embeddable":true,"href":"https:\/\/autopartscenter24.com\/no\/wp-json\/wp\/v2\/product_cat?post=5789"},{"taxonomy":"product_tag","embeddable":true,"href":"https:\/\/autopartscenter24.com\/no\/wp-json\/wp\/v2\/product_tag?post=5789"}],"curies":[{"name":"wp","href":"https:\/\/api.w.org\/{rel}","templated":true}]}}