{"id":5788,"date":"2023-03-05T11:32:30","date_gmt":"2023-12-02T18:28:13","guid":{"rendered":"https:\/\/autopartscenter24.com\/product\/3-0-tdi-ccw-motor-f-eks-audi-a4-a5-q5\/"},"modified":"2023-12-02T19:28:13","modified_gmt":"2023-12-02T18:28:13","slug":"3-0-tdi-ccw-motor-f-eks-audi-a4-a5-q5","status":"publish","type":"product","link":"https:\/\/autopartscenter24.com\/no\/auton-varaosat\/3-0-tdi-ccw-motor-f-eks-audi-a4-a5-q5\/","title":{"rendered":"3.0 TDI &laquo;CCW&raquo;-motor [f.eks. Audi A4, A5, Q5]"},"content":{"rendered":"<p>Audi er en av de mest kjente bilprodusentene i verden, og en av de mest popul\u00e6re motorene er 3.0 TDI (motorkode: CCW). Denne V6-dieselmotoren er sv\u00e6rt dyktig og \u00f8konomisk og er installert i mange Audi, Volkswagen og Porsche-modeller.<\/p>\n<p>De tekniske egenskapene til 3.0 TDI-motoren er imponerende. Den yter 245 hestekrefter og 550 Nm dreiemoment, s\u00e5 den byr p\u00e5 utmerket akselerasjon og forbikj\u00f8ringer. Motoren har to superladere, som bidrar til \u00e5 forbedre drivstoffeffektiviteten og redusere utslippene. Det store volumet p\u00e5 motoren gj\u00f8r at den kan brukes ved tyngre kj\u00f8ring, som for eksempel terrengkj\u00f8ring eller trekking av tilhenger.<\/p>\n<p>I Audis Q7- og A8-modeller har 3.0 TDI-motoren v\u00e6rt tilgjengelig siden 2010. Motoren er ogs\u00e5 standardutstyr for Volkswagen Touareg og Phaeton i \u00e5rene 2010-2015. Porsche Cayenne S Diesel-modellen brukte ogs\u00e5 denne motoren i 2012-2014.<\/p>\n<p>3.0 TDI-motoren styres av et komplekst motorstyringssystem som overv\u00e5ker og justerer motorytelse og drivstofforbruk. Motoren bruker ogs\u00e5 AdBlue-systemet, som reduserer utslipp av nitrogenoksid.<\/p>\n<p>3.0 TDI-motoren har bevist sin ytelse og p\u00e5litelighet i flere forskjellige biler. Det er et popul\u00e6rt valg for de som leter etter en p\u00e5litelig og effektiv motor for bruk av tunge kj\u00f8ret\u00f8y. Motoren er ogs\u00e5 sv\u00e6rt drivstoffeffektiv og oppfyller Euro 6-utslippsstandarden.<\/p>\n","protected":false},"excerpt":{"rendered":"<ul>\n<li>Audi Q7 (2007-2010): motorkode CCW i 211 hk og 233 hk versjoner, produsert fra august 2006 til september 2010<\/li>\n<li>Audi A4 (2008-2011): motorkode CCW 240 hk versjon, produsert 2008-2011<\/li>\n<li>Audi A5 (2008-2012): motorkode CCW 240 hk versjon, produsert 2008-2012<\/li>\n<li>Audi A6 (2005-2011): motorkode CCW i 211 hk, 233 hk og 240 hk versjoner, produsert 2005-2011<\/li>\n<li>Audi A7 (2010-2014): motorkode CCW i 204 hk, 211 hk, 233 hk og 240 hk versjoner, produsert 2010-2014<\/li>\n<li>Audi A8 (2009-2017): motorkode CCW i 211 hk, 233 hk og 240 hk versjoner, produsert 2009-2017<\/li>\n<li>Audi Q5 (2009-2017): motorkode CCW i 211 hk, 233 hk og 240 hk versjoner, produsert 2009-2017<\/li>\n<li>Porsche Cayenne (2010-2014): motorkode CCW i 245 hk og 262 hk versjoner, produsert 2010-2014<\/li>\n<li>Volkswagen Touareg (2006-2010): motorkode CCW 225 hk versjon, produsert 2006-2010 N\u00f8kkelpunkter: 3.0 TDI (motorkode: CCW) er en V6-motor produsert av Volkswagen Group. Motoren har et volum p\u00e5 2.967 cm\u00b3 og en sylinder diameter og slaglengde p\u00e5 83,0 mm x 91,4 mm Motoren har felles trykkinnspr\u00f8ytningssystem, turbolader variabel geometriteknologi og Intercooler Motoren er laget av aluminiumslegering og har en kompakt design med 90 graders vinkel mellom sylinderbankene Motoren produserer kraft fra 204 hk til 262 hk avhengig av bilmerke og modell Motoren oppfyller Euro 5 &#8211; utslippsstandarder og har dieselpartikkelfilter og eksosresirkuleringssystem for \u00e5 redusere utslipp Motoren har v\u00e6rt brukt i ulike Audi, Porsche og Volkswagen modeller mellom 2005 og 2017.<\/li>\n<\/ul>\n","protected":false},"featured_media":4414,"template":"","meta":[],"product_brand":[],"product_cat":[484],"product_tag":[808,809,898],"class_list":{"0":"post-5788","1":"product","2":"type-product","3":"status-publish","4":"has-post-thumbnail","6":"product_cat-audi-no","7":"product_tag-a4-no","8":"product_tag-a5-no","9":"product_tag-q5-no","10":"pa_varaosan-osasto-motor-no","13":"first","14":"instock","15":"shipping-taxable","16":"product-type-simple"},"yoast_head":"<!-- This site is optimized with the Yoast SEO plugin v26.8 - https:\/\/yoast.com\/product\/yoast-seo-wordpress\/ -->\n<title>3.0 TDI &quot;CCW&quot;-motor [f.eks. Audi A4, A5, Q5]<\/title>\n<meta name=\"description\" content=\"En av motorene vi ofte har tilgjengelig. Send en foresp\u00f8rsel og du vil motta et tilbud innen 24 timer. Motorer, girkasser og andre bildeler med garanti.\" \/>\n<meta name=\"robots\" content=\"index, follow, max-snippet:-1, max-image-preview:large, max-video-preview:-1\" \/>\n<link rel=\"canonical\" href=\"https:\/\/autopartscenter24.com\/no\/auton-varaosat\/3-0-tdi-ccw-moottori-audi-a4-a5-q5\/\" \/>\n<meta property=\"og:locale\" content=\"nb_NO\" \/>\n<meta property=\"og:type\" content=\"article\" \/>\n<meta property=\"og:title\" content=\"3.0 TDI &quot;CCW&quot;-motor [f.eks. Audi A4, A5, Q5]\" \/>\n<meta property=\"og:description\" content=\"En av motorene vi ofte har tilgjengelig. Send en foresp\u00f8rsel og du vil motta et tilbud innen 24 timer. Motorer, girkasser og andre bildeler med garanti.\" \/>\n<meta property=\"og:url\" content=\"https:\/\/autopartscenter24.com\/no\/auton-varaosat\/3-0-tdi-ccw-moottori-audi-a4-a5-q5\/\" \/>\n<meta property=\"og:site_name\" content=\"Autopartscenter24\" \/>\n<meta property=\"og:image\" content=\"https:\/\/autopartscenter24.com\/wp-content\/uploads\/2023\/03\/3-0-tdi-CCW-moottori-audi-a4-b8-a5-q5.webp\" \/>\n\t<meta property=\"og:image:width\" content=\"800\" \/>\n\t<meta property=\"og:image:height\" content=\"600\" \/>\n\t<meta property=\"og:image:type\" content=\"image\/webp\" \/>\n<meta name=\"twitter:card\" content=\"summary_large_image\" \/>\n<meta name=\"twitter:label1\" content=\"Ansl. lesetid\" \/>\n\t<meta name=\"twitter:data1\" content=\"1 minutt\" \/>\n<script type=\"application\/ld+json\" class=\"yoast-schema-graph\">{\"@context\":\"https:\/\/schema.org\",\"@graph\":[{\"@type\":\"WebPage\",\"@id\":\"https:\/\/autopartscenter24.com\/auton-varaosat\/3-0-tdi-ccw-moottori-audi-a4-a5-q5\/\",\"url\":\"https:\/\/autopartscenter24.com\/auton-varaosat\/3-0-tdi-ccw-moottori-audi-a4-a5-q5\/\",\"name\":\"3.0 TDI \\\"CCW\\\"-motor [f.eks. Audi A4, A5, Q5]\",\"isPartOf\":{\"@id\":\"https:\/\/autopartscenter24.com\/#website\"},\"primaryImageOfPage\":{\"@id\":\"https:\/\/autopartscenter24.com\/auton-varaosat\/3-0-tdi-ccw-moottori-audi-a4-a5-q5\/#primaryimage\"},\"image\":{\"@id\":\"https:\/\/autopartscenter24.com\/auton-varaosat\/3-0-tdi-ccw-moottori-audi-a4-a5-q5\/#primaryimage\"},\"thumbnailUrl\":\"https:\/\/autopartscenter24.com\/wp-content\/uploads\/2023\/03\/3-0-tdi-CCW-moottori-audi-a4-b8-a5-q5.webp\",\"datePublished\":\"2023-12-02T18:28:13+00:00\",\"description\":\"En av motorene vi ofte har tilgjengelig. Send en foresp\u00f8rsel og du vil motta et tilbud innen 24 timer. Motorer, girkasser og andre bildeler med garanti.\",\"breadcrumb\":{\"@id\":\"https:\/\/autopartscenter24.com\/auton-varaosat\/3-0-tdi-ccw-moottori-audi-a4-a5-q5\/#breadcrumb\"},\"inLanguage\":\"nb-NO\",\"potentialAction\":[{\"@type\":\"ReadAction\",\"target\":[\"https:\/\/autopartscenter24.com\/auton-varaosat\/3-0-tdi-ccw-moottori-audi-a4-a5-q5\/\"]}]},{\"@type\":\"ImageObject\",\"inLanguage\":\"nb-NO\",\"@id\":\"https:\/\/autopartscenter24.com\/auton-varaosat\/3-0-tdi-ccw-moottori-audi-a4-a5-q5\/#primaryimage\",\"url\":\"https:\/\/autopartscenter24.com\/wp-content\/uploads\/2023\/03\/3-0-tdi-CCW-moottori-audi-a4-b8-a5-q5.webp\",\"contentUrl\":\"https:\/\/autopartscenter24.com\/wp-content\/uploads\/2023\/03\/3-0-tdi-CCW-moottori-audi-a4-b8-a5-q5.webp\",\"width\":800,\"height\":600},{\"@type\":\"BreadcrumbList\",\"@id\":\"https:\/\/autopartscenter24.com\/auton-varaosat\/3-0-tdi-ccw-moottori-audi-a4-a5-q5\/#breadcrumb\",\"itemListElement\":[{\"@type\":\"ListItem\",\"position\":1,\"name\":\"Hjem\",\"item\":\"https:\/\/aliceblue-termite-662564.hostingersite.com\/\"},{\"@type\":\"ListItem\",\"position\":2,\"name\":\"Auton varaosat\",\"item\":\"https:\/\/aliceblue-termite-662564.hostingersite.com\/auton-varaosat\/\"},{\"@type\":\"ListItem\",\"position\":3,\"name\":\"3.0 TDI &#8221;CCW&#8221;-motor [f.eks. Audi A4, A5, Q5]\"}]},{\"@type\":\"WebSite\",\"@id\":\"https:\/\/autopartscenter24.com\/#website\",\"url\":\"https:\/\/autopartscenter24.com\/\",\"name\":\"Autopartscenter24\",\"description\":\"K\u00c4YTETYT JA KUNNOSTETUT  AUTON VARAOSAT\",\"potentialAction\":[{\"@type\":\"SearchAction\",\"target\":{\"@type\":\"EntryPoint\",\"urlTemplate\":\"https:\/\/autopartscenter24.com\/?s={search_term_string}\"},\"query-input\":{\"@type\":\"PropertyValueSpecification\",\"valueRequired\":true,\"valueName\":\"search_term_string\"}}],\"inLanguage\":\"nb-NO\"}]}<\/script>\n<!-- \/ Yoast SEO plugin. -->","yoast_head_json":{"title":"3.0 TDI \"CCW\"-motor [f.eks. Audi A4, A5, Q5]","description":"En av motorene vi ofte har tilgjengelig. Send en foresp\u00f8rsel og du vil motta et tilbud innen 24 timer. Motorer, girkasser og andre bildeler med garanti.","robots":{"index":"index","follow":"follow","max-snippet":"max-snippet:-1","max-image-preview":"max-image-preview:large","max-video-preview":"max-video-preview:-1"},"canonical":"https:\/\/autopartscenter24.com\/no\/auton-varaosat\/3-0-tdi-ccw-moottori-audi-a4-a5-q5\/","og_locale":"nb_NO","og_type":"article","og_title":"3.0 TDI \"CCW\"-motor [f.eks. Audi A4, A5, Q5]","og_description":"En av motorene vi ofte har tilgjengelig. Send en foresp\u00f8rsel og du vil motta et tilbud innen 24 timer. Motorer, girkasser og andre bildeler med garanti.","og_url":"https:\/\/autopartscenter24.com\/no\/auton-varaosat\/3-0-tdi-ccw-moottori-audi-a4-a5-q5\/","og_site_name":"Autopartscenter24","og_image":[{"width":800,"height":600,"url":"https:\/\/autopartscenter24.com\/wp-content\/uploads\/2023\/03\/3-0-tdi-CCW-moottori-audi-a4-b8-a5-q5.webp","type":"image\/webp"}],"twitter_card":"summary_large_image","twitter_misc":{"Ansl. lesetid":"1 minutt"},"schema":{"@context":"https:\/\/schema.org","@graph":[{"@type":"WebPage","@id":"https:\/\/autopartscenter24.com\/auton-varaosat\/3-0-tdi-ccw-moottori-audi-a4-a5-q5\/","url":"https:\/\/autopartscenter24.com\/auton-varaosat\/3-0-tdi-ccw-moottori-audi-a4-a5-q5\/","name":"3.0 TDI \"CCW\"-motor [f.eks. Audi A4, A5, Q5]","isPartOf":{"@id":"https:\/\/autopartscenter24.com\/#website"},"primaryImageOfPage":{"@id":"https:\/\/autopartscenter24.com\/auton-varaosat\/3-0-tdi-ccw-moottori-audi-a4-a5-q5\/#primaryimage"},"image":{"@id":"https:\/\/autopartscenter24.com\/auton-varaosat\/3-0-tdi-ccw-moottori-audi-a4-a5-q5\/#primaryimage"},"thumbnailUrl":"https:\/\/autopartscenter24.com\/wp-content\/uploads\/2023\/03\/3-0-tdi-CCW-moottori-audi-a4-b8-a5-q5.webp","datePublished":"2023-12-02T18:28:13+00:00","description":"En av motorene vi ofte har tilgjengelig. Send en foresp\u00f8rsel og du vil motta et tilbud innen 24 timer. Motorer, girkasser og andre bildeler med garanti.","breadcrumb":{"@id":"https:\/\/autopartscenter24.com\/auton-varaosat\/3-0-tdi-ccw-moottori-audi-a4-a5-q5\/#breadcrumb"},"inLanguage":"nb-NO","potentialAction":[{"@type":"ReadAction","target":["https:\/\/autopartscenter24.com\/auton-varaosat\/3-0-tdi-ccw-moottori-audi-a4-a5-q5\/"]}]},{"@type":"ImageObject","inLanguage":"nb-NO","@id":"https:\/\/autopartscenter24.com\/auton-varaosat\/3-0-tdi-ccw-moottori-audi-a4-a5-q5\/#primaryimage","url":"https:\/\/autopartscenter24.com\/wp-content\/uploads\/2023\/03\/3-0-tdi-CCW-moottori-audi-a4-b8-a5-q5.webp","contentUrl":"https:\/\/autopartscenter24.com\/wp-content\/uploads\/2023\/03\/3-0-tdi-CCW-moottori-audi-a4-b8-a5-q5.webp","width":800,"height":600},{"@type":"BreadcrumbList","@id":"https:\/\/autopartscenter24.com\/auton-varaosat\/3-0-tdi-ccw-moottori-audi-a4-a5-q5\/#breadcrumb","itemListElement":[{"@type":"ListItem","position":1,"name":"Hjem","item":"https:\/\/aliceblue-termite-662564.hostingersite.com\/"},{"@type":"ListItem","position":2,"name":"Auton varaosat","item":"https:\/\/aliceblue-termite-662564.hostingersite.com\/auton-varaosat\/"},{"@type":"ListItem","position":3,"name":"3.0 TDI &#8221;CCW&#8221;-motor [f.eks. Audi A4, A5, Q5]"}]},{"@type":"WebSite","@id":"https:\/\/autopartscenter24.com\/#website","url":"https:\/\/autopartscenter24.com\/","name":"Autopartscenter24","description":"K\u00c4YTETYT JA KUNNOSTETUT  AUTON VARAOSAT","potentialAction":[{"@type":"SearchAction","target":{"@type":"EntryPoint","urlTemplate":"https:\/\/autopartscenter24.com\/?s={search_term_string}"},"query-input":{"@type":"PropertyValueSpecification","valueRequired":true,"valueName":"search_term_string"}}],"inLanguage":"nb-NO"}]}},"_links":{"self":[{"href":"https:\/\/autopartscenter24.com\/no\/wp-json\/wp\/v2\/product\/5788","targetHints":{"allow":["GET"]}}],"collection":[{"href":"https:\/\/autopartscenter24.com\/no\/wp-json\/wp\/v2\/product"}],"about":[{"href":"https:\/\/autopartscenter24.com\/no\/wp-json\/wp\/v2\/types\/product"}],"wp:featuredmedia":[{"embeddable":true,"href":"https:\/\/autopartscenter24.com\/no\/wp-json\/wp\/v2\/media\/4414"}],"wp:attachment":[{"href":"https:\/\/autopartscenter24.com\/no\/wp-json\/wp\/v2\/media?parent=5788"}],"wp:term":[{"taxonomy":"product_brand","embeddable":true,"href":"https:\/\/autopartscenter24.com\/no\/wp-json\/wp\/v2\/product_brand?post=5788"},{"taxonomy":"product_cat","embeddable":true,"href":"https:\/\/autopartscenter24.com\/no\/wp-json\/wp\/v2\/product_cat?post=5788"},{"taxonomy":"product_tag","embeddable":true,"href":"https:\/\/autopartscenter24.com\/no\/wp-json\/wp\/v2\/product_tag?post=5788"}],"curies":[{"name":"wp","href":"https:\/\/api.w.org\/{rel}","templated":true}]}}