{"id":5786,"date":"2023-03-05T11:47:32","date_gmt":"2023-12-02T18:21:29","guid":{"rendered":"https:\/\/autopartscenter24.com\/product\/2-0-fsi-bvy-motor-f-eks-passat-touran-octavia\/"},"modified":"2023-12-02T19:21:29","modified_gmt":"2023-12-02T18:21:29","slug":"2-0-fsi-bvy-motor-f-eks-passat-touran-octavia","status":"publish","type":"product","link":"https:\/\/autopartscenter24.com\/no\/auton-varaosat\/2-0-fsi-bvy-motor-f-eks-passat-touran-octavia\/","title":{"rendered":"2.0 FSI &laquo;BVY&raquo;-motor [f.eks. Passat, Touran, Octavia]"},"content":{"rendered":"<p><strong>2.0 FSI (motorkode: BVY)<\/strong> er en bensindrevet motor produsert av Volkswagen Group, introdusert i 2003 og introdusert \u00e5ret etter. Utviklingen av motoren startet fra Volkswagens \u00f8nske om \u00e5 kombinere ytelsen og \u00f8konomien til en bensinmotor i en pakke. P\u00e5 grunn av dette ble mange innovative tekniske l\u00f8sninger lagt til motoren, noe som muliggjorde dens lette struktur og effektiv bruk av drivstoff.<\/p>\n<p>Effektivitet og lav milj\u00f8p\u00e5virkning ble vektlagt i utformingen av 2.0 FSI-motoren. Den inkluderer direkte innspr\u00f8ytning, som forbedrer drivstoff\u00f8konomien og reduserer utslipp. Motorens sylinderblokk er laget av b\u00f8rstet aluminium, noe som \u00f8ker holdbarheten og reduserer totalvekten.<\/p>\n<p>Sylindrene til BVY-motoren er 4-sylindrede og har 4 ventiler per sylinder. Motoren har et slagvolum p\u00e5 1,984 cm\u00b3 og et boreslagforhold p\u00e5 82,5 mm \u00d7 92,8 mm. Maksimal effekt til motoren er 150 hk (110 kW) ved 6000 o\/min og maksimalt dreiemoment er 200 Nm ved 3500 o\/min. Toppfarten til BVY-motoren er ca. 211 km\/t og akselerasjon fra 0 til 100 km\/t skjer p\u00e5 ca. 9,6 sekunder.<\/p>\n<p>2.0 FSI-motoren har blitt brukt i flere Volkswagen Group-biler. Det omfattet f.eks. for f\u00f8lgende modeller: Volkswagen Golf (2004-2008), Volkswagen Jetta (2005-2010), Volkswagen Touran (2003-2015), Volkswagen Passat (2005-2010) og Audi A3 (2004-2013). Motoren er sv\u00e6rt p\u00e5litelig, \u00f8konomisk og h\u00f8y ytelse, og brukes fortsatt i mange biler rundt om i verden.<\/p>\n","protected":false},"excerpt":{"rendered":"<p>Her er hovedpunktene der 2.0 FSI (motorkode: BVY)-motoren er installert i forskjellige bilmodeller og \u00e5rganger:<\/p>\n<ul>\n<li>Volkswagen Golf GTI (2004-2008) og Jetta (2005-2008)<\/li>\n<li>Audi A3 (2004-2013) og Audi TT (2006-2014)<\/li>\n<li>SEAT Leon (2005-2012), Altea og Altea XL (2006-2015) og Toledo (2004-2009)<\/li>\n<li>\u0160koda Octavia (2004-2013) og \u0160koda Yeti (2009-2013)<\/li>\n<\/ul>\n<p>Produksjonen av 2.0 FSI-motoren startet i 2003 og ble avsluttet i 2013, da den ble erstattet av nyere motorer i Volkswagen Group-biler. Motorens toppeffekt ligger p\u00e5 rundt 150-200 hk og den er utstyrt med direkte innspr\u00f8ytning og turbo. Det er ogs\u00e5 en sv\u00e6rt effektiv og lavutslippsmotor som oppfyller Euro 4-utslippsstandardene. Totalt sett var 2.0 FSI-motoren et popul\u00e6rt motoralternativ i mange Volkswagen Group-biler under produksjonsperioden.<\/p>\n","protected":false},"featured_media":4425,"template":"","meta":[],"product_brand":[],"product_cat":[486,485],"product_tag":[490,491,492],"class_list":{"0":"post-5786","1":"product","2":"type-product","3":"status-publish","4":"has-post-thumbnail","6":"product_cat-skoda-no","7":"product_cat-vw-no","8":"product_tag-octavia-no","9":"product_tag-passat-no","10":"product_tag-touran-no","11":"pa_varaosan-osasto-motor-no","14":"first","15":"instock","16":"shipping-taxable","17":"product-type-simple"},"yoast_head":"<!-- This site is optimized with the Yoast SEO plugin v26.8 - https:\/\/yoast.com\/product\/yoast-seo-wordpress\/ -->\n<title>2.0 FSI &quot;BVY&quot;-motor [f.eks. Passat, Touran, Octavia]<\/title>\n<meta name=\"description\" content=\"En av motorene vi ofte har tilgjengelig. Send en foresp\u00f8rsel og du vil motta et tilbud innen 24 timer. Motorer, girkasser og andre bildeler med garanti.\" \/>\n<meta name=\"robots\" content=\"index, follow, max-snippet:-1, max-image-preview:large, max-video-preview:-1\" \/>\n<link rel=\"canonical\" href=\"https:\/\/autopartscenter24.com\/no\/auton-varaosat\/2-0-fsi-bvy-moottori-vw-passat-touran-octavia\/\" \/>\n<meta property=\"og:locale\" content=\"nb_NO\" \/>\n<meta property=\"og:type\" content=\"article\" \/>\n<meta property=\"og:title\" content=\"2.0 FSI &quot;BVY&quot;-motor [f.eks. Passat, Touran, Octavia]\" \/>\n<meta property=\"og:description\" content=\"En av motorene vi ofte har tilgjengelig. Send en foresp\u00f8rsel og du vil motta et tilbud innen 24 timer. Motorer, girkasser og andre bildeler med garanti.\" \/>\n<meta property=\"og:url\" content=\"https:\/\/autopartscenter24.com\/no\/auton-varaosat\/2-0-fsi-bvy-moottori-vw-passat-touran-octavia\/\" \/>\n<meta property=\"og:site_name\" content=\"Autopartscenter24\" \/>\n<meta property=\"og:image\" content=\"https:\/\/autopartscenter24.com\/wp-content\/uploads\/2023\/03\/2-0-fsi-BVY-moottori-vw-passat-touran-octavia.webp\" \/>\n\t<meta property=\"og:image:width\" content=\"800\" \/>\n\t<meta property=\"og:image:height\" content=\"600\" \/>\n\t<meta property=\"og:image:type\" content=\"image\/webp\" \/>\n<meta name=\"twitter:card\" content=\"summary_large_image\" \/>\n<meta name=\"twitter:label1\" content=\"Ansl. lesetid\" \/>\n\t<meta name=\"twitter:data1\" content=\"1 minutt\" \/>\n<script type=\"application\/ld+json\" class=\"yoast-schema-graph\">{\"@context\":\"https:\/\/schema.org\",\"@graph\":[{\"@type\":\"WebPage\",\"@id\":\"https:\/\/autopartscenter24.com\/auton-varaosat\/2-0-fsi-bvy-moottori-vw-passat-touran-octavia\/\",\"url\":\"https:\/\/autopartscenter24.com\/auton-varaosat\/2-0-fsi-bvy-moottori-vw-passat-touran-octavia\/\",\"name\":\"2.0 FSI \\\"BVY\\\"-motor [f.eks. Passat, Touran, Octavia]\",\"isPartOf\":{\"@id\":\"https:\/\/autopartscenter24.com\/#website\"},\"primaryImageOfPage\":{\"@id\":\"https:\/\/autopartscenter24.com\/auton-varaosat\/2-0-fsi-bvy-moottori-vw-passat-touran-octavia\/#primaryimage\"},\"image\":{\"@id\":\"https:\/\/autopartscenter24.com\/auton-varaosat\/2-0-fsi-bvy-moottori-vw-passat-touran-octavia\/#primaryimage\"},\"thumbnailUrl\":\"https:\/\/autopartscenter24.com\/wp-content\/uploads\/2023\/03\/2-0-fsi-BVY-moottori-vw-passat-touran-octavia.webp\",\"datePublished\":\"2023-12-02T18:21:29+00:00\",\"description\":\"En av motorene vi ofte har tilgjengelig. Send en foresp\u00f8rsel og du vil motta et tilbud innen 24 timer. Motorer, girkasser og andre bildeler med garanti.\",\"breadcrumb\":{\"@id\":\"https:\/\/autopartscenter24.com\/auton-varaosat\/2-0-fsi-bvy-moottori-vw-passat-touran-octavia\/#breadcrumb\"},\"inLanguage\":\"nb-NO\",\"potentialAction\":[{\"@type\":\"ReadAction\",\"target\":[\"https:\/\/autopartscenter24.com\/auton-varaosat\/2-0-fsi-bvy-moottori-vw-passat-touran-octavia\/\"]}]},{\"@type\":\"ImageObject\",\"inLanguage\":\"nb-NO\",\"@id\":\"https:\/\/autopartscenter24.com\/auton-varaosat\/2-0-fsi-bvy-moottori-vw-passat-touran-octavia\/#primaryimage\",\"url\":\"https:\/\/autopartscenter24.com\/wp-content\/uploads\/2023\/03\/2-0-fsi-BVY-moottori-vw-passat-touran-octavia.webp\",\"contentUrl\":\"https:\/\/autopartscenter24.com\/wp-content\/uploads\/2023\/03\/2-0-fsi-BVY-moottori-vw-passat-touran-octavia.webp\",\"width\":800,\"height\":600},{\"@type\":\"BreadcrumbList\",\"@id\":\"https:\/\/autopartscenter24.com\/auton-varaosat\/2-0-fsi-bvy-moottori-vw-passat-touran-octavia\/#breadcrumb\",\"itemListElement\":[{\"@type\":\"ListItem\",\"position\":1,\"name\":\"Hjem\",\"item\":\"https:\/\/aliceblue-termite-662564.hostingersite.com\/\"},{\"@type\":\"ListItem\",\"position\":2,\"name\":\"Auton varaosat\",\"item\":\"https:\/\/aliceblue-termite-662564.hostingersite.com\/auton-varaosat\/\"},{\"@type\":\"ListItem\",\"position\":3,\"name\":\"2.0 FSI &#8221;BVY&#8221;-motor [f.eks. Passat, Touran, Octavia]\"}]},{\"@type\":\"WebSite\",\"@id\":\"https:\/\/autopartscenter24.com\/#website\",\"url\":\"https:\/\/autopartscenter24.com\/\",\"name\":\"Autopartscenter24\",\"description\":\"K\u00c4YTETYT JA KUNNOSTETUT  AUTON VARAOSAT\",\"potentialAction\":[{\"@type\":\"SearchAction\",\"target\":{\"@type\":\"EntryPoint\",\"urlTemplate\":\"https:\/\/autopartscenter24.com\/?s={search_term_string}\"},\"query-input\":{\"@type\":\"PropertyValueSpecification\",\"valueRequired\":true,\"valueName\":\"search_term_string\"}}],\"inLanguage\":\"nb-NO\"}]}<\/script>\n<!-- \/ Yoast SEO plugin. -->","yoast_head_json":{"title":"2.0 FSI \"BVY\"-motor [f.eks. Passat, Touran, Octavia]","description":"En av motorene vi ofte har tilgjengelig. Send en foresp\u00f8rsel og du vil motta et tilbud innen 24 timer. Motorer, girkasser og andre bildeler med garanti.","robots":{"index":"index","follow":"follow","max-snippet":"max-snippet:-1","max-image-preview":"max-image-preview:large","max-video-preview":"max-video-preview:-1"},"canonical":"https:\/\/autopartscenter24.com\/no\/auton-varaosat\/2-0-fsi-bvy-moottori-vw-passat-touran-octavia\/","og_locale":"nb_NO","og_type":"article","og_title":"2.0 FSI \"BVY\"-motor [f.eks. Passat, Touran, Octavia]","og_description":"En av motorene vi ofte har tilgjengelig. Send en foresp\u00f8rsel og du vil motta et tilbud innen 24 timer. Motorer, girkasser og andre bildeler med garanti.","og_url":"https:\/\/autopartscenter24.com\/no\/auton-varaosat\/2-0-fsi-bvy-moottori-vw-passat-touran-octavia\/","og_site_name":"Autopartscenter24","og_image":[{"width":800,"height":600,"url":"https:\/\/autopartscenter24.com\/wp-content\/uploads\/2023\/03\/2-0-fsi-BVY-moottori-vw-passat-touran-octavia.webp","type":"image\/webp"}],"twitter_card":"summary_large_image","twitter_misc":{"Ansl. lesetid":"1 minutt"},"schema":{"@context":"https:\/\/schema.org","@graph":[{"@type":"WebPage","@id":"https:\/\/autopartscenter24.com\/auton-varaosat\/2-0-fsi-bvy-moottori-vw-passat-touran-octavia\/","url":"https:\/\/autopartscenter24.com\/auton-varaosat\/2-0-fsi-bvy-moottori-vw-passat-touran-octavia\/","name":"2.0 FSI \"BVY\"-motor [f.eks. Passat, Touran, Octavia]","isPartOf":{"@id":"https:\/\/autopartscenter24.com\/#website"},"primaryImageOfPage":{"@id":"https:\/\/autopartscenter24.com\/auton-varaosat\/2-0-fsi-bvy-moottori-vw-passat-touran-octavia\/#primaryimage"},"image":{"@id":"https:\/\/autopartscenter24.com\/auton-varaosat\/2-0-fsi-bvy-moottori-vw-passat-touran-octavia\/#primaryimage"},"thumbnailUrl":"https:\/\/autopartscenter24.com\/wp-content\/uploads\/2023\/03\/2-0-fsi-BVY-moottori-vw-passat-touran-octavia.webp","datePublished":"2023-12-02T18:21:29+00:00","description":"En av motorene vi ofte har tilgjengelig. Send en foresp\u00f8rsel og du vil motta et tilbud innen 24 timer. Motorer, girkasser og andre bildeler med garanti.","breadcrumb":{"@id":"https:\/\/autopartscenter24.com\/auton-varaosat\/2-0-fsi-bvy-moottori-vw-passat-touran-octavia\/#breadcrumb"},"inLanguage":"nb-NO","potentialAction":[{"@type":"ReadAction","target":["https:\/\/autopartscenter24.com\/auton-varaosat\/2-0-fsi-bvy-moottori-vw-passat-touran-octavia\/"]}]},{"@type":"ImageObject","inLanguage":"nb-NO","@id":"https:\/\/autopartscenter24.com\/auton-varaosat\/2-0-fsi-bvy-moottori-vw-passat-touran-octavia\/#primaryimage","url":"https:\/\/autopartscenter24.com\/wp-content\/uploads\/2023\/03\/2-0-fsi-BVY-moottori-vw-passat-touran-octavia.webp","contentUrl":"https:\/\/autopartscenter24.com\/wp-content\/uploads\/2023\/03\/2-0-fsi-BVY-moottori-vw-passat-touran-octavia.webp","width":800,"height":600},{"@type":"BreadcrumbList","@id":"https:\/\/autopartscenter24.com\/auton-varaosat\/2-0-fsi-bvy-moottori-vw-passat-touran-octavia\/#breadcrumb","itemListElement":[{"@type":"ListItem","position":1,"name":"Hjem","item":"https:\/\/aliceblue-termite-662564.hostingersite.com\/"},{"@type":"ListItem","position":2,"name":"Auton varaosat","item":"https:\/\/aliceblue-termite-662564.hostingersite.com\/auton-varaosat\/"},{"@type":"ListItem","position":3,"name":"2.0 FSI &#8221;BVY&#8221;-motor [f.eks. Passat, Touran, Octavia]"}]},{"@type":"WebSite","@id":"https:\/\/autopartscenter24.com\/#website","url":"https:\/\/autopartscenter24.com\/","name":"Autopartscenter24","description":"K\u00c4YTETYT JA KUNNOSTETUT  AUTON VARAOSAT","potentialAction":[{"@type":"SearchAction","target":{"@type":"EntryPoint","urlTemplate":"https:\/\/autopartscenter24.com\/?s={search_term_string}"},"query-input":{"@type":"PropertyValueSpecification","valueRequired":true,"valueName":"search_term_string"}}],"inLanguage":"nb-NO"}]}},"_links":{"self":[{"href":"https:\/\/autopartscenter24.com\/no\/wp-json\/wp\/v2\/product\/5786","targetHints":{"allow":["GET"]}}],"collection":[{"href":"https:\/\/autopartscenter24.com\/no\/wp-json\/wp\/v2\/product"}],"about":[{"href":"https:\/\/autopartscenter24.com\/no\/wp-json\/wp\/v2\/types\/product"}],"wp:featuredmedia":[{"embeddable":true,"href":"https:\/\/autopartscenter24.com\/no\/wp-json\/wp\/v2\/media\/4425"}],"wp:attachment":[{"href":"https:\/\/autopartscenter24.com\/no\/wp-json\/wp\/v2\/media?parent=5786"}],"wp:term":[{"taxonomy":"product_brand","embeddable":true,"href":"https:\/\/autopartscenter24.com\/no\/wp-json\/wp\/v2\/product_brand?post=5786"},{"taxonomy":"product_cat","embeddable":true,"href":"https:\/\/autopartscenter24.com\/no\/wp-json\/wp\/v2\/product_cat?post=5786"},{"taxonomy":"product_tag","embeddable":true,"href":"https:\/\/autopartscenter24.com\/no\/wp-json\/wp\/v2\/product_tag?post=5786"}],"curies":[{"name":"wp","href":"https:\/\/api.w.org\/{rel}","templated":true}]}}