{"id":5781,"date":"2023-03-05T12:20:40","date_gmt":"2023-12-02T17:57:54","guid":{"rendered":"https:\/\/autopartscenter24.com\/product\/2-2-d4d-2ad-ftv-motor-f-eks-toyota-avensis-t27\/"},"modified":"2023-12-02T18:57:54","modified_gmt":"2023-12-02T17:57:54","slug":"2-2-d4d-2ad-ftv-motor-f-eks-toyota-avensis-t27","status":"publish","type":"product","link":"https:\/\/autopartscenter24.com\/no\/auton-varaosat\/2-2-d4d-2ad-ftv-motor-f-eks-toyota-avensis-t27\/","title":{"rendered":"2.2 D4D &laquo;2AD-FTV&raquo; motor [f.eks. Toyota Avensis T27]"},"content":{"rendered":"<p><strong>Toyota 2.2 D4D (motorkode: 2AD-FTV)<\/strong> er en dieselmotor introdusert av Toyota i 2005. Utstyrt med fire sylindre og registerreim, har den en maksimal effekt p\u00e5 130 hk (97 kW) og et maksimalt dreiemoment p\u00e5 310 Nm. Motoren har to kamaksler og sylindrene er laget av aluminium. Motoren har ogs\u00e5 et direkteinnspr\u00f8ytningssystem, takket v\u00e6re hvilket drivstoff\u00f8konomien er meget god.<\/p>\n<p>Toyota 2.2 D4D-motoren har blitt brukt i flere Toyota-modeller i forskjellige tidsepoker. Den ble f\u00f8rst brukt i Toyota Avensis og Toyota Corolla i 2005. Senere ble den ogs\u00e5 brukt i f\u00f8lgende Toyota-modeller:<\/p>\n<ul>\n<li>Toyota Auris (2007-2012)<\/li>\n<li>Toyota RAV4 (2006-2013)<\/li>\n<li>Toyota Verso (2009-2013)<\/li>\n<li>Toyota Avensis (2008-2018)<\/li>\n<li>Toyota Prius (2009-2016)<\/li>\n<\/ul>\n<p>Toyota 2.2 D4D-motoren var et popul\u00e6rt valg i mange Toyota-modeller p\u00e5 grunn av sin \u00f8konomi og p\u00e5litelighet. I tillegg til Toyota-modeller ble motoren ogs\u00e5 brukt i Citro\u00ebn-, Peugeot- og BMW-modeller, da Toyota ogs\u00e5 leverte motoren til disse produsentene.<\/p>\n<p>Toyota 2.2 D4D-motoren ble brukt i mange Toyota-modeller i over ti \u00e5r og var et popul\u00e6rt valg i mange markeder. Motorens h\u00f8ye effektivitet og drivstoff\u00f8konomi gjorde den til et attraktivt alternativ for forbrukere som \u00f8nsket en \u00f8konomisk og p\u00e5litelig bil.<\/p>\n","protected":false},"excerpt":{"rendered":"<p>Her er hovedpunktene om bilmerkene, modellene og produksjons\u00e5rene der Toyota 2.2 D4D-motoren (motorkode: 2AD-FTV) har blitt brukt:<\/p>\n<ul>\n<li>Toyota Avensis: 2005 &#8211; 2018<\/li>\n<li>Toyota Auris: 2007 &#8211; 2012<\/li>\n<li>Toyota Corolla: 2007 &#8211; 2013<\/li>\n<li>Toyota RAV4: 2006 &#8211; 2013<\/li>\n<li>Toyota Verso: 2009 &#8211; 2018<\/li>\n<li>Toyota Urban Cruiser: 2009 &#8211; 2012<\/li>\n<\/ul>\n<p>2.2 D4D-motoren er en firesylindret turbodieselmotor produsert ved Toyota-fabrikken i Iwate, Japan. Maksimal effekt p\u00e5 motoren er 177 hk og maksimalt dreiemoment er 400 Nm. Motorens drivstoffsystem er Common Rail-teknologi, som muliggj\u00f8r presis drivstoffinnspr\u00f8ytning og dermed bedre drivstoff\u00f8konomi og lavere utslipp.<\/p>\n<p>Toyota bruker denne motoren i flere av sine bilmodeller, som Avensis, Auris, Corolla, RAV4, Verso og Urban Cruiser. Motoren har v\u00e6rt i bruk fra 2005 til 2018, til den ble erstattet med en nyere motor. 2.2 D4D-motoren har v\u00e6rt et popul\u00e6rt valg for Toyota dieselbiler p\u00e5 grunn av dens p\u00e5litelighet, \u00f8konomi og ytelse.<\/p>\n","protected":false},"featured_media":4455,"template":"","meta":[],"product_brand":[],"product_cat":[636],"product_tag":[816,819,845,901,924],"class_list":{"0":"post-5781","1":"product","2":"type-product","3":"status-publish","4":"has-post-thumbnail","6":"product_cat-toyota-no","7":"product_tag-auris-no","8":"product_tag-avensis-no","9":"product_tag-corolla-no","10":"product_tag-rav-4-no","11":"product_tag-verso-no","12":"pa_varaosan-osasto-motor-no","15":"first","16":"instock","17":"shipping-taxable","18":"product-type-simple"},"yoast_head":"<!-- This site is optimized with the Yoast SEO plugin v26.8 - https:\/\/yoast.com\/product\/yoast-seo-wordpress\/ -->\n<title>2.2 D4D &quot;2AD-FTV&quot; motor [f.eks. Toyota Avensis T27]<\/title>\n<meta name=\"description\" content=\"En av motorene vi ofte har tilgjengelig. Send en foresp\u00f8rsel og du vil motta et tilbud innen 24 timer. Motorer, girkasser og andre bildeler med garanti.\" \/>\n<meta name=\"robots\" content=\"index, follow, max-snippet:-1, max-image-preview:large, max-video-preview:-1\" \/>\n<link rel=\"canonical\" href=\"https:\/\/autopartscenter24.com\/no\/auton-varaosat\/2-2-d4d-2ad-ftv-avensis-t27\/\" \/>\n<meta property=\"og:locale\" content=\"nb_NO\" \/>\n<meta property=\"og:type\" content=\"article\" \/>\n<meta property=\"og:title\" content=\"2.2 D4D &quot;2AD-FTV&quot; motor [f.eks. Toyota Avensis T27]\" \/>\n<meta property=\"og:description\" content=\"En av motorene vi ofte har tilgjengelig. Send en foresp\u00f8rsel og du vil motta et tilbud innen 24 timer. Motorer, girkasser og andre bildeler med garanti.\" \/>\n<meta property=\"og:url\" content=\"https:\/\/autopartscenter24.com\/no\/auton-varaosat\/2-2-d4d-2ad-ftv-avensis-t27\/\" \/>\n<meta property=\"og:site_name\" content=\"Autopartscenter24\" \/>\n<meta property=\"og:image\" content=\"https:\/\/autopartscenter24.com\/wp-content\/uploads\/2023\/03\/2-2-d4d-2ad-ftv-avensis-t27.webp\" \/>\n\t<meta property=\"og:image:width\" content=\"800\" \/>\n\t<meta property=\"og:image:height\" content=\"600\" \/>\n\t<meta property=\"og:image:type\" content=\"image\/webp\" \/>\n<meta name=\"twitter:card\" content=\"summary_large_image\" \/>\n<meta name=\"twitter:label1\" content=\"Ansl. lesetid\" \/>\n\t<meta name=\"twitter:data1\" content=\"1 minutt\" \/>\n<script type=\"application\/ld+json\" class=\"yoast-schema-graph\">{\"@context\":\"https:\/\/schema.org\",\"@graph\":[{\"@type\":\"WebPage\",\"@id\":\"https:\/\/autopartscenter24.com\/auton-varaosat\/2-2-d4d-2ad-ftv-avensis-t27\/\",\"url\":\"https:\/\/autopartscenter24.com\/auton-varaosat\/2-2-d4d-2ad-ftv-avensis-t27\/\",\"name\":\"2.2 D4D \\\"2AD-FTV\\\" motor [f.eks. Toyota Avensis T27]\",\"isPartOf\":{\"@id\":\"https:\/\/autopartscenter24.com\/#website\"},\"primaryImageOfPage\":{\"@id\":\"https:\/\/autopartscenter24.com\/auton-varaosat\/2-2-d4d-2ad-ftv-avensis-t27\/#primaryimage\"},\"image\":{\"@id\":\"https:\/\/autopartscenter24.com\/auton-varaosat\/2-2-d4d-2ad-ftv-avensis-t27\/#primaryimage\"},\"thumbnailUrl\":\"https:\/\/autopartscenter24.com\/wp-content\/uploads\/2023\/03\/2-2-d4d-2ad-ftv-avensis-t27.webp\",\"datePublished\":\"2023-12-02T17:57:54+00:00\",\"description\":\"En av motorene vi ofte har tilgjengelig. Send en foresp\u00f8rsel og du vil motta et tilbud innen 24 timer. Motorer, girkasser og andre bildeler med garanti.\",\"breadcrumb\":{\"@id\":\"https:\/\/autopartscenter24.com\/auton-varaosat\/2-2-d4d-2ad-ftv-avensis-t27\/#breadcrumb\"},\"inLanguage\":\"nb-NO\",\"potentialAction\":[{\"@type\":\"ReadAction\",\"target\":[\"https:\/\/autopartscenter24.com\/auton-varaosat\/2-2-d4d-2ad-ftv-avensis-t27\/\"]}]},{\"@type\":\"ImageObject\",\"inLanguage\":\"nb-NO\",\"@id\":\"https:\/\/autopartscenter24.com\/auton-varaosat\/2-2-d4d-2ad-ftv-avensis-t27\/#primaryimage\",\"url\":\"https:\/\/autopartscenter24.com\/wp-content\/uploads\/2023\/03\/2-2-d4d-2ad-ftv-avensis-t27.webp\",\"contentUrl\":\"https:\/\/autopartscenter24.com\/wp-content\/uploads\/2023\/03\/2-2-d4d-2ad-ftv-avensis-t27.webp\",\"width\":800,\"height\":600},{\"@type\":\"BreadcrumbList\",\"@id\":\"https:\/\/autopartscenter24.com\/auton-varaosat\/2-2-d4d-2ad-ftv-avensis-t27\/#breadcrumb\",\"itemListElement\":[{\"@type\":\"ListItem\",\"position\":1,\"name\":\"Hjem\",\"item\":\"https:\/\/aliceblue-termite-662564.hostingersite.com\/\"},{\"@type\":\"ListItem\",\"position\":2,\"name\":\"Auton varaosat\",\"item\":\"https:\/\/aliceblue-termite-662564.hostingersite.com\/auton-varaosat\/\"},{\"@type\":\"ListItem\",\"position\":3,\"name\":\"2.2 D4D &#8221;2AD-FTV&#8221; motor [f.eks. Toyota Avensis T27]\"}]},{\"@type\":\"WebSite\",\"@id\":\"https:\/\/autopartscenter24.com\/#website\",\"url\":\"https:\/\/autopartscenter24.com\/\",\"name\":\"Autopartscenter24\",\"description\":\"K\u00c4YTETYT JA KUNNOSTETUT  AUTON VARAOSAT\",\"potentialAction\":[{\"@type\":\"SearchAction\",\"target\":{\"@type\":\"EntryPoint\",\"urlTemplate\":\"https:\/\/autopartscenter24.com\/?s={search_term_string}\"},\"query-input\":{\"@type\":\"PropertyValueSpecification\",\"valueRequired\":true,\"valueName\":\"search_term_string\"}}],\"inLanguage\":\"nb-NO\"}]}<\/script>\n<!-- \/ Yoast SEO plugin. -->","yoast_head_json":{"title":"2.2 D4D \"2AD-FTV\" motor [f.eks. Toyota Avensis T27]","description":"En av motorene vi ofte har tilgjengelig. Send en foresp\u00f8rsel og du vil motta et tilbud innen 24 timer. Motorer, girkasser og andre bildeler med garanti.","robots":{"index":"index","follow":"follow","max-snippet":"max-snippet:-1","max-image-preview":"max-image-preview:large","max-video-preview":"max-video-preview:-1"},"canonical":"https:\/\/autopartscenter24.com\/no\/auton-varaosat\/2-2-d4d-2ad-ftv-avensis-t27\/","og_locale":"nb_NO","og_type":"article","og_title":"2.2 D4D \"2AD-FTV\" motor [f.eks. Toyota Avensis T27]","og_description":"En av motorene vi ofte har tilgjengelig. Send en foresp\u00f8rsel og du vil motta et tilbud innen 24 timer. Motorer, girkasser og andre bildeler med garanti.","og_url":"https:\/\/autopartscenter24.com\/no\/auton-varaosat\/2-2-d4d-2ad-ftv-avensis-t27\/","og_site_name":"Autopartscenter24","og_image":[{"width":800,"height":600,"url":"https:\/\/autopartscenter24.com\/wp-content\/uploads\/2023\/03\/2-2-d4d-2ad-ftv-avensis-t27.webp","type":"image\/webp"}],"twitter_card":"summary_large_image","twitter_misc":{"Ansl. lesetid":"1 minutt"},"schema":{"@context":"https:\/\/schema.org","@graph":[{"@type":"WebPage","@id":"https:\/\/autopartscenter24.com\/auton-varaosat\/2-2-d4d-2ad-ftv-avensis-t27\/","url":"https:\/\/autopartscenter24.com\/auton-varaosat\/2-2-d4d-2ad-ftv-avensis-t27\/","name":"2.2 D4D \"2AD-FTV\" motor [f.eks. Toyota Avensis T27]","isPartOf":{"@id":"https:\/\/autopartscenter24.com\/#website"},"primaryImageOfPage":{"@id":"https:\/\/autopartscenter24.com\/auton-varaosat\/2-2-d4d-2ad-ftv-avensis-t27\/#primaryimage"},"image":{"@id":"https:\/\/autopartscenter24.com\/auton-varaosat\/2-2-d4d-2ad-ftv-avensis-t27\/#primaryimage"},"thumbnailUrl":"https:\/\/autopartscenter24.com\/wp-content\/uploads\/2023\/03\/2-2-d4d-2ad-ftv-avensis-t27.webp","datePublished":"2023-12-02T17:57:54+00:00","description":"En av motorene vi ofte har tilgjengelig. Send en foresp\u00f8rsel og du vil motta et tilbud innen 24 timer. Motorer, girkasser og andre bildeler med garanti.","breadcrumb":{"@id":"https:\/\/autopartscenter24.com\/auton-varaosat\/2-2-d4d-2ad-ftv-avensis-t27\/#breadcrumb"},"inLanguage":"nb-NO","potentialAction":[{"@type":"ReadAction","target":["https:\/\/autopartscenter24.com\/auton-varaosat\/2-2-d4d-2ad-ftv-avensis-t27\/"]}]},{"@type":"ImageObject","inLanguage":"nb-NO","@id":"https:\/\/autopartscenter24.com\/auton-varaosat\/2-2-d4d-2ad-ftv-avensis-t27\/#primaryimage","url":"https:\/\/autopartscenter24.com\/wp-content\/uploads\/2023\/03\/2-2-d4d-2ad-ftv-avensis-t27.webp","contentUrl":"https:\/\/autopartscenter24.com\/wp-content\/uploads\/2023\/03\/2-2-d4d-2ad-ftv-avensis-t27.webp","width":800,"height":600},{"@type":"BreadcrumbList","@id":"https:\/\/autopartscenter24.com\/auton-varaosat\/2-2-d4d-2ad-ftv-avensis-t27\/#breadcrumb","itemListElement":[{"@type":"ListItem","position":1,"name":"Hjem","item":"https:\/\/aliceblue-termite-662564.hostingersite.com\/"},{"@type":"ListItem","position":2,"name":"Auton varaosat","item":"https:\/\/aliceblue-termite-662564.hostingersite.com\/auton-varaosat\/"},{"@type":"ListItem","position":3,"name":"2.2 D4D &#8221;2AD-FTV&#8221; motor [f.eks. Toyota Avensis T27]"}]},{"@type":"WebSite","@id":"https:\/\/autopartscenter24.com\/#website","url":"https:\/\/autopartscenter24.com\/","name":"Autopartscenter24","description":"K\u00c4YTETYT JA KUNNOSTETUT  AUTON VARAOSAT","potentialAction":[{"@type":"SearchAction","target":{"@type":"EntryPoint","urlTemplate":"https:\/\/autopartscenter24.com\/?s={search_term_string}"},"query-input":{"@type":"PropertyValueSpecification","valueRequired":true,"valueName":"search_term_string"}}],"inLanguage":"nb-NO"}]}},"_links":{"self":[{"href":"https:\/\/autopartscenter24.com\/no\/wp-json\/wp\/v2\/product\/5781","targetHints":{"allow":["GET"]}}],"collection":[{"href":"https:\/\/autopartscenter24.com\/no\/wp-json\/wp\/v2\/product"}],"about":[{"href":"https:\/\/autopartscenter24.com\/no\/wp-json\/wp\/v2\/types\/product"}],"wp:featuredmedia":[{"embeddable":true,"href":"https:\/\/autopartscenter24.com\/no\/wp-json\/wp\/v2\/media\/4455"}],"wp:attachment":[{"href":"https:\/\/autopartscenter24.com\/no\/wp-json\/wp\/v2\/media?parent=5781"}],"wp:term":[{"taxonomy":"product_brand","embeddable":true,"href":"https:\/\/autopartscenter24.com\/no\/wp-json\/wp\/v2\/product_brand?post=5781"},{"taxonomy":"product_cat","embeddable":true,"href":"https:\/\/autopartscenter24.com\/no\/wp-json\/wp\/v2\/product_cat?post=5781"},{"taxonomy":"product_tag","embeddable":true,"href":"https:\/\/autopartscenter24.com\/no\/wp-json\/wp\/v2\/product_tag?post=5781"}],"curies":[{"name":"wp","href":"https:\/\/api.w.org\/{rel}","templated":true}]}}