{"id":5779,"date":"2023-03-05T12:55:53","date_gmt":"2023-12-02T17:51:26","guid":{"rendered":"https:\/\/autopartscenter24.com\/product\/1-6-crdi-d4fb-motor-esim-kia-ceed-iii\/"},"modified":"2023-12-02T18:51:26","modified_gmt":"2023-12-02T17:51:26","slug":"1-6-crdi-d4fb-motor-esim-kia-ceed-iii","status":"publish","type":"product","link":"https:\/\/autopartscenter24.com\/no\/auton-varaosat\/1-6-crdi-d4fb-motor-esim-kia-ceed-iii\/","title":{"rendered":"1.6 CRDI &laquo;D4FB&raquo; Motor [esim. KIA CEED III]"},"content":{"rendered":"<p><strong>1.6 CRDi (motorkode: D4FB)<\/strong> er en av motormodellene utviklet av Hyundai-Kia. Det er en allsidig dieselmotor designet for \u00e5 levere effektivitet og holdbarhet. Motoren har mange funksjoner som forbedrer ytelsen og levetiden.<\/p>\n<p>1.6 CRDi-motoren er utstyrt med vanlig trykkinnspr\u00f8ytning, som muliggj\u00f8r presis drivstofftilf\u00f8rsel direkte til sylinderen. Dette forbedrer motorens effektivitet og reduserer drivstofforbruket. Motoren er ogs\u00e5 utstyrt med en turbolader, som \u00f8ker kraften og dreiemomentet.<\/p>\n<p>1,6 CRDi-motoren har et h\u00f8yt kompresjonsforhold, noe som forbedrer effektiviteten. Motoren er ogs\u00e5 utstyrt med mange innovative tekniske l\u00f8sninger, som elektronisk ladetrykkregulator, som sikrer optimal drivstofftilf\u00f8rsel under alle forhold.<\/p>\n<p>Hyundai-Kia har brukt 1.6 CRDi-motoren i flere av sine modeller, inkludert:<\/p>\n<ul>\n<li>Hyundai i30 (2007-2012)<\/li>\n<li>Kia Cee&#8217;d (2006-2012)<\/li>\n<li>Hyundai ix20 (2010-2018)<\/li>\n<li>Kia Venga (2009-2019)<\/li>\n<li>Kia Soul (2008-2014)<\/li>\n<\/ul>\n<p>Disse bilene har v\u00e6rt popul\u00e6re i sine kompakt- og minivan-klasser, og 1,6 CRDi-motoren har vist seg \u00e5 v\u00e6re et p\u00e5litelig og effektivt alternativ. Produksjonen av motoren startet i 2007 og ble brukt i flere biler produsert av Hyundai-Kia frem til midten av 2010-tallet.<\/p>\n<p>1.6 CRDi-motoren har f\u00e5tt et rykte som en p\u00e5litelig og effektiv dieselmotor som tilbyr god ytelse og drivstoff\u00f8konomi. Dens innovative teknologi og n\u00f8ye utformede konstruksjon gj\u00f8r den til et attraktivt alternativ for forbrukere som leter etter en p\u00e5litelig og holdbar motor.<\/p>\n","protected":false},"excerpt":{"rendered":"<ul>\n<li>Hyundai:\n<ul>\n<li>i30 (2007-2012)<\/li>\n<li>i30 CW (2007-2012)<\/li>\n<li>i30 hatchback (2012-2017)<\/li>\n<li>i30 wagon (2012-2017)<\/li>\n<li>Elantra (2007-2010)<\/li>\n<li>Accent (2006-2010)<\/li>\n<li>ix20 (2010-2016)<\/li>\n<li>Kona (2017-2022)<\/li>\n<li>Venue (2020-2022)<\/li>\n<li>Creta (2015-2022)<\/li>\n<\/ul>\n<\/li>\n<li>Kia:\n<ul>\n<li>Ceed (2007-2012)<\/li>\n<li>Ceed SW (2007-2012)<\/li>\n<li>Ceed hatchback (2012-2018)<\/li>\n<li>Ceed wagon (2012-2018)<\/li>\n<li>Rio (2005-2011)<\/li>\n<li>Venga (2010-2015)<\/li>\n<li>Soul (2009-2014)<\/li>\n<li>Stonic (2017-2022)<\/li>\n<li>Niro (2016-2022)<\/li>\n<\/ul>\n<\/li>\n<\/ul>\n","protected":false},"featured_media":4465,"template":"","meta":[],"product_brand":[],"product_cat":[572,580],"product_tag":[941,942],"class_list":{"0":"post-5779","1":"product","2":"type-product","3":"status-publish","4":"has-post-thumbnail","6":"product_cat-hyundai-no","7":"product_cat-kia-no","8":"product_tag-ceed-no","9":"product_tag-i30-no","10":"pa_varaosan-osasto-motor-no","13":"first","14":"instock","15":"shipping-taxable","16":"product-type-simple"},"yoast_head":"<!-- This site is optimized with the Yoast SEO plugin v26.8 - https:\/\/yoast.com\/product\/yoast-seo-wordpress\/ -->\n<title>1.6 CRDI &quot;D4FB&quot; Motor [esim. KIA CEED III] - Autopartscenter24<\/title>\n<meta name=\"description\" content=\"En av motorene vi ofte har tilgjengelig. Send en foresp\u00f8rsel og du vil motta et tilbud innen 24 timer. Motorer, girkasser og andre bildeler med garanti.\" \/>\n<meta name=\"robots\" content=\"index, follow, max-snippet:-1, max-image-preview:large, max-video-preview:-1\" \/>\n<link rel=\"canonical\" href=\"https:\/\/autopartscenter24.com\/no\/auton-varaosat\/1-6-crdi-d4fb-moottori-kia-hyundai\/\" \/>\n<meta property=\"og:locale\" content=\"nb_NO\" \/>\n<meta property=\"og:type\" content=\"article\" \/>\n<meta property=\"og:title\" content=\"1.6 CRDI &quot;D4FB&quot; Motor [esim. KIA CEED III] - Autopartscenter24\" \/>\n<meta property=\"og:description\" content=\"En av motorene vi ofte har tilgjengelig. Send en foresp\u00f8rsel og du vil motta et tilbud innen 24 timer. Motorer, girkasser og andre bildeler med garanti.\" \/>\n<meta property=\"og:url\" content=\"https:\/\/autopartscenter24.com\/no\/auton-varaosat\/1-6-crdi-d4fb-moottori-kia-hyundai\/\" \/>\n<meta property=\"og:site_name\" content=\"Autopartscenter24\" \/>\n<meta property=\"og:image\" content=\"https:\/\/autopartscenter24.com\/wp-content\/uploads\/2023\/03\/1-6-crdi-d4fb-moottori-kia-ceed.webp\" \/>\n\t<meta property=\"og:image:width\" content=\"800\" \/>\n\t<meta property=\"og:image:height\" content=\"600\" \/>\n\t<meta property=\"og:image:type\" content=\"image\/webp\" \/>\n<meta name=\"twitter:card\" content=\"summary_large_image\" \/>\n<meta name=\"twitter:label1\" content=\"Ansl. lesetid\" \/>\n\t<meta name=\"twitter:data1\" content=\"1 minutt\" \/>\n<script type=\"application\/ld+json\" class=\"yoast-schema-graph\">{\"@context\":\"https:\/\/schema.org\",\"@graph\":[{\"@type\":\"WebPage\",\"@id\":\"https:\/\/autopartscenter24.com\/auton-varaosat\/1-6-crdi-d4fb-moottori-kia-hyundai\/\",\"url\":\"https:\/\/autopartscenter24.com\/auton-varaosat\/1-6-crdi-d4fb-moottori-kia-hyundai\/\",\"name\":\"1.6 CRDI \\\"D4FB\\\" Motor [esim. KIA CEED III] - Autopartscenter24\",\"isPartOf\":{\"@id\":\"https:\/\/autopartscenter24.com\/#website\"},\"primaryImageOfPage\":{\"@id\":\"https:\/\/autopartscenter24.com\/auton-varaosat\/1-6-crdi-d4fb-moottori-kia-hyundai\/#primaryimage\"},\"image\":{\"@id\":\"https:\/\/autopartscenter24.com\/auton-varaosat\/1-6-crdi-d4fb-moottori-kia-hyundai\/#primaryimage\"},\"thumbnailUrl\":\"https:\/\/autopartscenter24.com\/wp-content\/uploads\/2023\/03\/1-6-crdi-d4fb-moottori-kia-ceed.webp\",\"datePublished\":\"2023-12-02T17:51:26+00:00\",\"description\":\"En av motorene vi ofte har tilgjengelig. Send en foresp\u00f8rsel og du vil motta et tilbud innen 24 timer. Motorer, girkasser og andre bildeler med garanti.\",\"breadcrumb\":{\"@id\":\"https:\/\/autopartscenter24.com\/auton-varaosat\/1-6-crdi-d4fb-moottori-kia-hyundai\/#breadcrumb\"},\"inLanguage\":\"nb-NO\",\"potentialAction\":[{\"@type\":\"ReadAction\",\"target\":[\"https:\/\/autopartscenter24.com\/auton-varaosat\/1-6-crdi-d4fb-moottori-kia-hyundai\/\"]}]},{\"@type\":\"ImageObject\",\"inLanguage\":\"nb-NO\",\"@id\":\"https:\/\/autopartscenter24.com\/auton-varaosat\/1-6-crdi-d4fb-moottori-kia-hyundai\/#primaryimage\",\"url\":\"https:\/\/autopartscenter24.com\/wp-content\/uploads\/2023\/03\/1-6-crdi-d4fb-moottori-kia-ceed.webp\",\"contentUrl\":\"https:\/\/autopartscenter24.com\/wp-content\/uploads\/2023\/03\/1-6-crdi-d4fb-moottori-kia-ceed.webp\",\"width\":800,\"height\":600},{\"@type\":\"BreadcrumbList\",\"@id\":\"https:\/\/autopartscenter24.com\/auton-varaosat\/1-6-crdi-d4fb-moottori-kia-hyundai\/#breadcrumb\",\"itemListElement\":[{\"@type\":\"ListItem\",\"position\":1,\"name\":\"Hjem\",\"item\":\"https:\/\/aliceblue-termite-662564.hostingersite.com\/\"},{\"@type\":\"ListItem\",\"position\":2,\"name\":\"Auton varaosat\",\"item\":\"https:\/\/aliceblue-termite-662564.hostingersite.com\/auton-varaosat\/\"},{\"@type\":\"ListItem\",\"position\":3,\"name\":\"1.6 CRDI &#8221;D4FB&#8221; Motor [esim. KIA CEED III]\"}]},{\"@type\":\"WebSite\",\"@id\":\"https:\/\/autopartscenter24.com\/#website\",\"url\":\"https:\/\/autopartscenter24.com\/\",\"name\":\"Autopartscenter24\",\"description\":\"K\u00c4YTETYT JA KUNNOSTETUT  AUTON VARAOSAT\",\"potentialAction\":[{\"@type\":\"SearchAction\",\"target\":{\"@type\":\"EntryPoint\",\"urlTemplate\":\"https:\/\/autopartscenter24.com\/?s={search_term_string}\"},\"query-input\":{\"@type\":\"PropertyValueSpecification\",\"valueRequired\":true,\"valueName\":\"search_term_string\"}}],\"inLanguage\":\"nb-NO\"}]}<\/script>\n<!-- \/ Yoast SEO plugin. -->","yoast_head_json":{"title":"1.6 CRDI \"D4FB\" Motor [esim. KIA CEED III] - Autopartscenter24","description":"En av motorene vi ofte har tilgjengelig. Send en foresp\u00f8rsel og du vil motta et tilbud innen 24 timer. Motorer, girkasser og andre bildeler med garanti.","robots":{"index":"index","follow":"follow","max-snippet":"max-snippet:-1","max-image-preview":"max-image-preview:large","max-video-preview":"max-video-preview:-1"},"canonical":"https:\/\/autopartscenter24.com\/no\/auton-varaosat\/1-6-crdi-d4fb-moottori-kia-hyundai\/","og_locale":"nb_NO","og_type":"article","og_title":"1.6 CRDI \"D4FB\" Motor [esim. KIA CEED III] - Autopartscenter24","og_description":"En av motorene vi ofte har tilgjengelig. Send en foresp\u00f8rsel og du vil motta et tilbud innen 24 timer. Motorer, girkasser og andre bildeler med garanti.","og_url":"https:\/\/autopartscenter24.com\/no\/auton-varaosat\/1-6-crdi-d4fb-moottori-kia-hyundai\/","og_site_name":"Autopartscenter24","og_image":[{"width":800,"height":600,"url":"https:\/\/autopartscenter24.com\/wp-content\/uploads\/2023\/03\/1-6-crdi-d4fb-moottori-kia-ceed.webp","type":"image\/webp"}],"twitter_card":"summary_large_image","twitter_misc":{"Ansl. lesetid":"1 minutt"},"schema":{"@context":"https:\/\/schema.org","@graph":[{"@type":"WebPage","@id":"https:\/\/autopartscenter24.com\/auton-varaosat\/1-6-crdi-d4fb-moottori-kia-hyundai\/","url":"https:\/\/autopartscenter24.com\/auton-varaosat\/1-6-crdi-d4fb-moottori-kia-hyundai\/","name":"1.6 CRDI \"D4FB\" Motor [esim. KIA CEED III] - Autopartscenter24","isPartOf":{"@id":"https:\/\/autopartscenter24.com\/#website"},"primaryImageOfPage":{"@id":"https:\/\/autopartscenter24.com\/auton-varaosat\/1-6-crdi-d4fb-moottori-kia-hyundai\/#primaryimage"},"image":{"@id":"https:\/\/autopartscenter24.com\/auton-varaosat\/1-6-crdi-d4fb-moottori-kia-hyundai\/#primaryimage"},"thumbnailUrl":"https:\/\/autopartscenter24.com\/wp-content\/uploads\/2023\/03\/1-6-crdi-d4fb-moottori-kia-ceed.webp","datePublished":"2023-12-02T17:51:26+00:00","description":"En av motorene vi ofte har tilgjengelig. Send en foresp\u00f8rsel og du vil motta et tilbud innen 24 timer. Motorer, girkasser og andre bildeler med garanti.","breadcrumb":{"@id":"https:\/\/autopartscenter24.com\/auton-varaosat\/1-6-crdi-d4fb-moottori-kia-hyundai\/#breadcrumb"},"inLanguage":"nb-NO","potentialAction":[{"@type":"ReadAction","target":["https:\/\/autopartscenter24.com\/auton-varaosat\/1-6-crdi-d4fb-moottori-kia-hyundai\/"]}]},{"@type":"ImageObject","inLanguage":"nb-NO","@id":"https:\/\/autopartscenter24.com\/auton-varaosat\/1-6-crdi-d4fb-moottori-kia-hyundai\/#primaryimage","url":"https:\/\/autopartscenter24.com\/wp-content\/uploads\/2023\/03\/1-6-crdi-d4fb-moottori-kia-ceed.webp","contentUrl":"https:\/\/autopartscenter24.com\/wp-content\/uploads\/2023\/03\/1-6-crdi-d4fb-moottori-kia-ceed.webp","width":800,"height":600},{"@type":"BreadcrumbList","@id":"https:\/\/autopartscenter24.com\/auton-varaosat\/1-6-crdi-d4fb-moottori-kia-hyundai\/#breadcrumb","itemListElement":[{"@type":"ListItem","position":1,"name":"Hjem","item":"https:\/\/aliceblue-termite-662564.hostingersite.com\/"},{"@type":"ListItem","position":2,"name":"Auton varaosat","item":"https:\/\/aliceblue-termite-662564.hostingersite.com\/auton-varaosat\/"},{"@type":"ListItem","position":3,"name":"1.6 CRDI &#8221;D4FB&#8221; Motor [esim. KIA CEED III]"}]},{"@type":"WebSite","@id":"https:\/\/autopartscenter24.com\/#website","url":"https:\/\/autopartscenter24.com\/","name":"Autopartscenter24","description":"K\u00c4YTETYT JA KUNNOSTETUT  AUTON VARAOSAT","potentialAction":[{"@type":"SearchAction","target":{"@type":"EntryPoint","urlTemplate":"https:\/\/autopartscenter24.com\/?s={search_term_string}"},"query-input":{"@type":"PropertyValueSpecification","valueRequired":true,"valueName":"search_term_string"}}],"inLanguage":"nb-NO"}]}},"_links":{"self":[{"href":"https:\/\/autopartscenter24.com\/no\/wp-json\/wp\/v2\/product\/5779","targetHints":{"allow":["GET"]}}],"collection":[{"href":"https:\/\/autopartscenter24.com\/no\/wp-json\/wp\/v2\/product"}],"about":[{"href":"https:\/\/autopartscenter24.com\/no\/wp-json\/wp\/v2\/types\/product"}],"wp:featuredmedia":[{"embeddable":true,"href":"https:\/\/autopartscenter24.com\/no\/wp-json\/wp\/v2\/media\/4465"}],"wp:attachment":[{"href":"https:\/\/autopartscenter24.com\/no\/wp-json\/wp\/v2\/media?parent=5779"}],"wp:term":[{"taxonomy":"product_brand","embeddable":true,"href":"https:\/\/autopartscenter24.com\/no\/wp-json\/wp\/v2\/product_brand?post=5779"},{"taxonomy":"product_cat","embeddable":true,"href":"https:\/\/autopartscenter24.com\/no\/wp-json\/wp\/v2\/product_cat?post=5779"},{"taxonomy":"product_tag","embeddable":true,"href":"https:\/\/autopartscenter24.com\/no\/wp-json\/wp\/v2\/product_tag?post=5779"}],"curies":[{"name":"wp","href":"https:\/\/api.w.org\/{rel}","templated":true}]}}