{"id":5778,"date":"2023-03-05T13:02:52","date_gmt":"2023-12-02T17:48:30","guid":{"rendered":"https:\/\/autopartscenter24.com\/product\/1-7-cdti-a17dtf-motor-f-eks-astra-cruze\/"},"modified":"2023-12-02T18:48:30","modified_gmt":"2023-12-02T17:48:30","slug":"1-7-cdti-a17dtf-motor-f-eks-astra-cruze","status":"publish","type":"product","link":"https:\/\/autopartscenter24.com\/no\/auton-varaosat\/1-7-cdti-a17dtf-motor-f-eks-astra-cruze\/","title":{"rendered":"1.7 CDTI &laquo;A17DTF&raquo; motor [f.eks. Astra, Cruze]"},"content":{"rendered":"<p><strong>1.7 CDTI (motorkode: A17DTF)<\/strong> er en 4-sylindret turbodieselmotor utviklet i samarbeid med GM og Fiat. Ladetrykket til motoren er justerbart og den er utstyrt med et direkteinnspr\u00f8ytningssystem. Motoren har ogs\u00e5 et start-stopp-system som sl\u00e5r av motoren ved trafikklys og andre lignende situasjoner for \u00e5 spare drivstoff.<\/p>\n<p>Motorens maksimale effekt er 130 hk og dreiemoment 300 Nm, og den oppfyller utslippsstandardene Euro 5. Motoren er tilgjengelig med enten en 6-trinns manuell girkasse eller en 6-trinns automatgir.<\/p>\n<p>F\u00f8lgende er en liste over alle bilmerker, modeller og produksjons\u00e5r der 1.7 CDTI-motoren har blitt brukt:<\/p>\n<ul>\n<li>Opel Astra J (2010-2015)<\/li>\n<li>Opel Zafira Tourer C (2011-2018)<\/li>\n<li>Opel Meriva B (2010-2017)<\/li>\n<li>Opel Cascada (2013-2018)<\/li>\n<li>Chevrolet Cruze (2012-2014)<\/li>\n<li>Chevrolet Orlando (2011-2014)<\/li>\n<li>Saab 9-5 (2010-2011)<\/li>\n<\/ul>\n<p>Disse bilene er alle kompakte eller mellomstore personbiler og bruker 1,7 CDTI-motoren i b\u00e5de for- og firehjulsdrevne versjoner. Motoren har vist seg \u00e5 v\u00e6re sv\u00e6rt p\u00e5litelig og \u00f8konomisk og har v\u00e6rt et popul\u00e6rt valg blant dieselbilkj\u00f8pere.<\/p>\n","protected":false},"excerpt":{"rendered":"<ul>\n<li>Siden 2004 i Opel Astra H (90-100 hk) og siden 2006 i Opel Zafira B (100 hk)<\/li>\n<li>Siden 2006 i Saab 9-3 (100-110 hk)<\/li>\n<li>Fra 2007 p\u00e5 Vauxhall Astra (100 hk) og fra 2008 p\u00e5 Vauxhall Zafira (100 hk)<\/li>\n<\/ul>\n","protected":false},"featured_media":4470,"template":"","meta":[],"product_brand":[],"product_cat":[540,604],"product_tag":[815,847],"class_list":{"0":"post-5778","1":"product","2":"type-product","3":"status-publish","4":"has-post-thumbnail","6":"product_cat-chevrolet-no","7":"product_cat-opel-no","8":"product_tag-astra-no","9":"product_tag-cruze-no","10":"pa_varaosan-osasto-motor-no","13":"first","14":"instock","15":"shipping-taxable","16":"product-type-simple"},"yoast_head":"<!-- This site is optimized with the Yoast SEO plugin v26.8 - https:\/\/yoast.com\/product\/yoast-seo-wordpress\/ -->\n<title>1.7 CDTI &quot;A17DTF&quot; motor [f.eks. Astra, Cruze]<\/title>\n<meta name=\"description\" content=\"En av motorene vi ofte har tilgjengelig. Send en foresp\u00f8rsel og du vil motta et tilbud innen 24 timer. Motorer, girkasser og andre bildeler med garanti.\" \/>\n<meta name=\"robots\" content=\"index, follow, max-snippet:-1, max-image-preview:large, max-video-preview:-1\" \/>\n<link rel=\"canonical\" href=\"https:\/\/autopartscenter24.com\/no\/auton-varaosat\/1-7-cdti-a17dtf-moottori-cruze-opel-astra-j\/\" \/>\n<meta property=\"og:locale\" content=\"nb_NO\" \/>\n<meta property=\"og:type\" content=\"article\" \/>\n<meta property=\"og:title\" content=\"1.7 CDTI &quot;A17DTF&quot; motor [f.eks. Astra, Cruze]\" \/>\n<meta property=\"og:description\" content=\"En av motorene vi ofte har tilgjengelig. Send en foresp\u00f8rsel og du vil motta et tilbud innen 24 timer. Motorer, girkasser og andre bildeler med garanti.\" \/>\n<meta property=\"og:url\" content=\"https:\/\/autopartscenter24.com\/no\/auton-varaosat\/1-7-cdti-a17dtf-moottori-cruze-opel-astra-j\/\" \/>\n<meta property=\"og:site_name\" content=\"Autopartscenter24\" \/>\n<meta property=\"og:image\" content=\"https:\/\/autopartscenter24.com\/wp-content\/uploads\/2023\/03\/1-7-cdti-A17DTF-moottori-cruze-opel-astra-j.webp\" \/>\n\t<meta property=\"og:image:width\" content=\"800\" \/>\n\t<meta property=\"og:image:height\" content=\"600\" \/>\n\t<meta property=\"og:image:type\" content=\"image\/webp\" \/>\n<meta name=\"twitter:card\" content=\"summary_large_image\" \/>\n<meta name=\"twitter:label1\" content=\"Ansl. lesetid\" \/>\n\t<meta name=\"twitter:data1\" content=\"1 minutt\" \/>\n<script type=\"application\/ld+json\" class=\"yoast-schema-graph\">{\"@context\":\"https:\/\/schema.org\",\"@graph\":[{\"@type\":\"WebPage\",\"@id\":\"https:\/\/autopartscenter24.com\/auton-varaosat\/1-7-cdti-a17dtf-moottori-cruze-opel-astra-j\/\",\"url\":\"https:\/\/autopartscenter24.com\/auton-varaosat\/1-7-cdti-a17dtf-moottori-cruze-opel-astra-j\/\",\"name\":\"1.7 CDTI \\\"A17DTF\\\" motor [f.eks. Astra, Cruze]\",\"isPartOf\":{\"@id\":\"https:\/\/autopartscenter24.com\/#website\"},\"primaryImageOfPage\":{\"@id\":\"https:\/\/autopartscenter24.com\/auton-varaosat\/1-7-cdti-a17dtf-moottori-cruze-opel-astra-j\/#primaryimage\"},\"image\":{\"@id\":\"https:\/\/autopartscenter24.com\/auton-varaosat\/1-7-cdti-a17dtf-moottori-cruze-opel-astra-j\/#primaryimage\"},\"thumbnailUrl\":\"https:\/\/autopartscenter24.com\/wp-content\/uploads\/2023\/03\/1-7-cdti-A17DTF-moottori-cruze-opel-astra-j.webp\",\"datePublished\":\"2023-12-02T17:48:30+00:00\",\"description\":\"En av motorene vi ofte har tilgjengelig. Send en foresp\u00f8rsel og du vil motta et tilbud innen 24 timer. Motorer, girkasser og andre bildeler med garanti.\",\"breadcrumb\":{\"@id\":\"https:\/\/autopartscenter24.com\/auton-varaosat\/1-7-cdti-a17dtf-moottori-cruze-opel-astra-j\/#breadcrumb\"},\"inLanguage\":\"nb-NO\",\"potentialAction\":[{\"@type\":\"ReadAction\",\"target\":[\"https:\/\/autopartscenter24.com\/auton-varaosat\/1-7-cdti-a17dtf-moottori-cruze-opel-astra-j\/\"]}]},{\"@type\":\"ImageObject\",\"inLanguage\":\"nb-NO\",\"@id\":\"https:\/\/autopartscenter24.com\/auton-varaosat\/1-7-cdti-a17dtf-moottori-cruze-opel-astra-j\/#primaryimage\",\"url\":\"https:\/\/autopartscenter24.com\/wp-content\/uploads\/2023\/03\/1-7-cdti-A17DTF-moottori-cruze-opel-astra-j.webp\",\"contentUrl\":\"https:\/\/autopartscenter24.com\/wp-content\/uploads\/2023\/03\/1-7-cdti-A17DTF-moottori-cruze-opel-astra-j.webp\",\"width\":800,\"height\":600},{\"@type\":\"BreadcrumbList\",\"@id\":\"https:\/\/autopartscenter24.com\/auton-varaosat\/1-7-cdti-a17dtf-moottori-cruze-opel-astra-j\/#breadcrumb\",\"itemListElement\":[{\"@type\":\"ListItem\",\"position\":1,\"name\":\"Hjem\",\"item\":\"https:\/\/aliceblue-termite-662564.hostingersite.com\/\"},{\"@type\":\"ListItem\",\"position\":2,\"name\":\"Auton varaosat\",\"item\":\"https:\/\/aliceblue-termite-662564.hostingersite.com\/auton-varaosat\/\"},{\"@type\":\"ListItem\",\"position\":3,\"name\":\"1.7 CDTI &#8221;A17DTF&#8221; motor [f.eks. Astra, Cruze]\"}]},{\"@type\":\"WebSite\",\"@id\":\"https:\/\/autopartscenter24.com\/#website\",\"url\":\"https:\/\/autopartscenter24.com\/\",\"name\":\"Autopartscenter24\",\"description\":\"K\u00c4YTETYT JA KUNNOSTETUT  AUTON VARAOSAT\",\"potentialAction\":[{\"@type\":\"SearchAction\",\"target\":{\"@type\":\"EntryPoint\",\"urlTemplate\":\"https:\/\/autopartscenter24.com\/?s={search_term_string}\"},\"query-input\":{\"@type\":\"PropertyValueSpecification\",\"valueRequired\":true,\"valueName\":\"search_term_string\"}}],\"inLanguage\":\"nb-NO\"}]}<\/script>\n<!-- \/ Yoast SEO plugin. -->","yoast_head_json":{"title":"1.7 CDTI \"A17DTF\" motor [f.eks. Astra, Cruze]","description":"En av motorene vi ofte har tilgjengelig. Send en foresp\u00f8rsel og du vil motta et tilbud innen 24 timer. Motorer, girkasser og andre bildeler med garanti.","robots":{"index":"index","follow":"follow","max-snippet":"max-snippet:-1","max-image-preview":"max-image-preview:large","max-video-preview":"max-video-preview:-1"},"canonical":"https:\/\/autopartscenter24.com\/no\/auton-varaosat\/1-7-cdti-a17dtf-moottori-cruze-opel-astra-j\/","og_locale":"nb_NO","og_type":"article","og_title":"1.7 CDTI \"A17DTF\" motor [f.eks. Astra, Cruze]","og_description":"En av motorene vi ofte har tilgjengelig. Send en foresp\u00f8rsel og du vil motta et tilbud innen 24 timer. Motorer, girkasser og andre bildeler med garanti.","og_url":"https:\/\/autopartscenter24.com\/no\/auton-varaosat\/1-7-cdti-a17dtf-moottori-cruze-opel-astra-j\/","og_site_name":"Autopartscenter24","og_image":[{"width":800,"height":600,"url":"https:\/\/autopartscenter24.com\/wp-content\/uploads\/2023\/03\/1-7-cdti-A17DTF-moottori-cruze-opel-astra-j.webp","type":"image\/webp"}],"twitter_card":"summary_large_image","twitter_misc":{"Ansl. lesetid":"1 minutt"},"schema":{"@context":"https:\/\/schema.org","@graph":[{"@type":"WebPage","@id":"https:\/\/autopartscenter24.com\/auton-varaosat\/1-7-cdti-a17dtf-moottori-cruze-opel-astra-j\/","url":"https:\/\/autopartscenter24.com\/auton-varaosat\/1-7-cdti-a17dtf-moottori-cruze-opel-astra-j\/","name":"1.7 CDTI \"A17DTF\" motor [f.eks. Astra, Cruze]","isPartOf":{"@id":"https:\/\/autopartscenter24.com\/#website"},"primaryImageOfPage":{"@id":"https:\/\/autopartscenter24.com\/auton-varaosat\/1-7-cdti-a17dtf-moottori-cruze-opel-astra-j\/#primaryimage"},"image":{"@id":"https:\/\/autopartscenter24.com\/auton-varaosat\/1-7-cdti-a17dtf-moottori-cruze-opel-astra-j\/#primaryimage"},"thumbnailUrl":"https:\/\/autopartscenter24.com\/wp-content\/uploads\/2023\/03\/1-7-cdti-A17DTF-moottori-cruze-opel-astra-j.webp","datePublished":"2023-12-02T17:48:30+00:00","description":"En av motorene vi ofte har tilgjengelig. Send en foresp\u00f8rsel og du vil motta et tilbud innen 24 timer. Motorer, girkasser og andre bildeler med garanti.","breadcrumb":{"@id":"https:\/\/autopartscenter24.com\/auton-varaosat\/1-7-cdti-a17dtf-moottori-cruze-opel-astra-j\/#breadcrumb"},"inLanguage":"nb-NO","potentialAction":[{"@type":"ReadAction","target":["https:\/\/autopartscenter24.com\/auton-varaosat\/1-7-cdti-a17dtf-moottori-cruze-opel-astra-j\/"]}]},{"@type":"ImageObject","inLanguage":"nb-NO","@id":"https:\/\/autopartscenter24.com\/auton-varaosat\/1-7-cdti-a17dtf-moottori-cruze-opel-astra-j\/#primaryimage","url":"https:\/\/autopartscenter24.com\/wp-content\/uploads\/2023\/03\/1-7-cdti-A17DTF-moottori-cruze-opel-astra-j.webp","contentUrl":"https:\/\/autopartscenter24.com\/wp-content\/uploads\/2023\/03\/1-7-cdti-A17DTF-moottori-cruze-opel-astra-j.webp","width":800,"height":600},{"@type":"BreadcrumbList","@id":"https:\/\/autopartscenter24.com\/auton-varaosat\/1-7-cdti-a17dtf-moottori-cruze-opel-astra-j\/#breadcrumb","itemListElement":[{"@type":"ListItem","position":1,"name":"Hjem","item":"https:\/\/aliceblue-termite-662564.hostingersite.com\/"},{"@type":"ListItem","position":2,"name":"Auton varaosat","item":"https:\/\/aliceblue-termite-662564.hostingersite.com\/auton-varaosat\/"},{"@type":"ListItem","position":3,"name":"1.7 CDTI &#8221;A17DTF&#8221; motor [f.eks. Astra, Cruze]"}]},{"@type":"WebSite","@id":"https:\/\/autopartscenter24.com\/#website","url":"https:\/\/autopartscenter24.com\/","name":"Autopartscenter24","description":"K\u00c4YTETYT JA KUNNOSTETUT  AUTON VARAOSAT","potentialAction":[{"@type":"SearchAction","target":{"@type":"EntryPoint","urlTemplate":"https:\/\/autopartscenter24.com\/?s={search_term_string}"},"query-input":{"@type":"PropertyValueSpecification","valueRequired":true,"valueName":"search_term_string"}}],"inLanguage":"nb-NO"}]}},"_links":{"self":[{"href":"https:\/\/autopartscenter24.com\/no\/wp-json\/wp\/v2\/product\/5778","targetHints":{"allow":["GET"]}}],"collection":[{"href":"https:\/\/autopartscenter24.com\/no\/wp-json\/wp\/v2\/product"}],"about":[{"href":"https:\/\/autopartscenter24.com\/no\/wp-json\/wp\/v2\/types\/product"}],"wp:featuredmedia":[{"embeddable":true,"href":"https:\/\/autopartscenter24.com\/no\/wp-json\/wp\/v2\/media\/4470"}],"wp:attachment":[{"href":"https:\/\/autopartscenter24.com\/no\/wp-json\/wp\/v2\/media?parent=5778"}],"wp:term":[{"taxonomy":"product_brand","embeddable":true,"href":"https:\/\/autopartscenter24.com\/no\/wp-json\/wp\/v2\/product_brand?post=5778"},{"taxonomy":"product_cat","embeddable":true,"href":"https:\/\/autopartscenter24.com\/no\/wp-json\/wp\/v2\/product_cat?post=5778"},{"taxonomy":"product_tag","embeddable":true,"href":"https:\/\/autopartscenter24.com\/no\/wp-json\/wp\/v2\/product_tag?post=5778"}],"curies":[{"name":"wp","href":"https:\/\/api.w.org\/{rel}","templated":true}]}}