{"id":5777,"date":"2023-03-05T13:10:50","date_gmt":"2023-12-02T17:46:42","guid":{"rendered":"https:\/\/autopartscenter24.com\/product\/1-9-tdi-bjb-motor-f-eks-caddy-octavia\/"},"modified":"2023-12-02T18:46:42","modified_gmt":"2023-12-02T17:46:42","slug":"1-9-tdi-bjb-motor-f-eks-caddy-octavia","status":"publish","type":"product","link":"https:\/\/autopartscenter24.com\/no\/auton-varaosat\/1-9-tdi-bjb-motor-f-eks-caddy-octavia\/","title":{"rendered":"1.9 TDI &laquo;BJB&raquo; motor [f.eks. Caddy, Octavia]"},"content":{"rendered":"<p><strong>Volkswagen-konsernets 1,9 TDI (motorkode: BJB)<\/strong> er en av de mest kjente dieselmotorene som har blitt brukt i mange forskjellige bilmerker og modeller rundt om i verden. Det er en firesylindret, superladet dieselmotor, hvis drivstoff mates med common rail-innspr\u00f8ytning.<\/p>\n<p>Maksimal effekt p\u00e5 motoren er ca 105 hestekrefter og dreiemomentet er 250 newtonmeter. Den er designet for \u00e5 gi god drivstoff\u00f8konomi og motorholdbarhet, noe som gj\u00f8r den veldig popul\u00e6r, spesielt blant sj\u00e5f\u00f8rer som verdsetter \u00f8konomi.<\/p>\n<p>I tillegg til Volkswagen-konsernet har 1,9 TDI-motoren v\u00e6rt brukt i flere andre bilmerker og modeller. Her er en liste over noen biler med 1.9 TDI-motoren:<\/p>\n<ul>\n<li>Volkswagen Golf V (2003-2008)<\/li>\n<li>Volkswagen Jetta V (2005-2010)<\/li>\n<li>Volkswagen Passat B6 (2005-2010)<\/li>\n<li>Audi A3 (2004-2013)<\/li>\n<li>Audi A4 B7 (2004-2008)<\/li>\n<li>Skoda Octavia II (2004-2013)<\/li>\n<\/ul>\n<p>1.9 TDI-motoren har vist seg \u00e5 v\u00e6re en meget slitesterk og p\u00e5litelig motor, designet for \u00e5 t\u00e5le lange avstander og tung bruk. Vedlikeholds- og reparasjonskostnadene er argeoge, noe som gj\u00f8r det til et attraktivt alternativ for mange sj\u00e5f\u00f8rer.<\/p>\n<p>Oppsummert har Volkswagen-konsernets 1.9 TDI-motor v\u00e6rt en sv\u00e6rt popul\u00e6r og respektert dieselmotor i mange forskjellige bilmerker og modeller rundt om i verden. Drivstoff\u00f8konomien, holdbarheten og p\u00e5liteligheten har gjort den til et av de mest ettertraktede alternativene til en dieselmotor blant sj\u00e5f\u00f8rer.<\/p>\n","protected":false},"excerpt":{"rendered":"<ul>\n<li>Volkswagen Golf V (2003-2008)<\/li>\n<li>Volkswagen Golf Plus (2005-2008)<\/li>\n<li>Volkswagen Jetta V (2005-2010)<\/li>\n<li>Volkswagen Touran (2003-2010)<\/li>\n<li>Volkswagen Passat B6 (2005-2010)<\/li>\n<li>Audi A3 8P (2003-2012)<\/li>\n<li>Audi A4 B7 (2004-2008)<\/li>\n<li>Audi TT 8J (2006-2014)<\/li>\n<li>Skoda Octavia II (2004-2013)<\/li>\n<li>Seat Altea (2004-2015)<\/li>\n<li>Seat Leon (2005-2012)<\/li>\n<li>Seat Toledo (2004-2009)<\/li>\n<\/ul>\n","protected":false},"featured_media":4475,"template":"","meta":[],"product_brand":[],"product_cat":[484,486,485],"product_tag":[836,490],"class_list":{"0":"post-5777","1":"product","2":"type-product","3":"status-publish","4":"has-post-thumbnail","6":"product_cat-audi-no","7":"product_cat-skoda-no","8":"product_cat-vw-no","9":"product_tag-caddy-no","10":"product_tag-octavia-no","13":"first","14":"instock","15":"shipping-taxable","16":"product-type-simple"},"yoast_head":"<!-- This site is optimized with the Yoast SEO plugin v26.8 - https:\/\/yoast.com\/product\/yoast-seo-wordpress\/ -->\n<title>1.9 TDI &quot;BJB&quot; motor [f.eks. Caddy, Octavia] - Autopartscenter24<\/title>\n<meta name=\"description\" content=\"En av motorene vi ofte har tilgjengelig. Send en foresp\u00f8rsel og du vil motta et tilbud innen 24 timer. Motorer, girkasser og andre bildeler med garanti.\" \/>\n<meta name=\"robots\" content=\"index, follow, max-snippet:-1, max-image-preview:large, max-video-preview:-1\" \/>\n<link rel=\"canonical\" href=\"https:\/\/autopartscenter24.com\/no\/auton-varaosat\/1-9-tdi-bjb-moottori-vw-caddy-octavia\/\" \/>\n<meta property=\"og:locale\" content=\"nb_NO\" \/>\n<meta property=\"og:type\" content=\"article\" \/>\n<meta property=\"og:title\" content=\"1.9 TDI &quot;BJB&quot; motor [f.eks. Caddy, Octavia] - Autopartscenter24\" \/>\n<meta property=\"og:description\" content=\"En av motorene vi ofte har tilgjengelig. Send en foresp\u00f8rsel og du vil motta et tilbud innen 24 timer. Motorer, girkasser og andre bildeler med garanti.\" \/>\n<meta property=\"og:url\" content=\"https:\/\/autopartscenter24.com\/no\/auton-varaosat\/1-9-tdi-bjb-moottori-vw-caddy-octavia\/\" \/>\n<meta property=\"og:site_name\" content=\"Autopartscenter24\" \/>\n<meta property=\"og:image\" content=\"https:\/\/autopartscenter24.com\/wp-content\/uploads\/2023\/03\/1-9-tdi-BJB-moottori-vw-caddy-octavia.webp\" \/>\n\t<meta property=\"og:image:width\" content=\"800\" \/>\n\t<meta property=\"og:image:height\" content=\"600\" \/>\n\t<meta property=\"og:image:type\" content=\"image\/webp\" \/>\n<meta name=\"twitter:card\" content=\"summary_large_image\" \/>\n<meta name=\"twitter:label1\" content=\"Ansl. lesetid\" \/>\n\t<meta name=\"twitter:data1\" content=\"1 minutt\" \/>\n<script type=\"application\/ld+json\" class=\"yoast-schema-graph\">{\"@context\":\"https:\/\/schema.org\",\"@graph\":[{\"@type\":\"WebPage\",\"@id\":\"https:\/\/autopartscenter24.com\/auton-varaosat\/1-9-tdi-bjb-moottori-vw-caddy-octavia\/\",\"url\":\"https:\/\/autopartscenter24.com\/auton-varaosat\/1-9-tdi-bjb-moottori-vw-caddy-octavia\/\",\"name\":\"1.9 TDI \\\"BJB\\\" motor [f.eks. Caddy, Octavia] - Autopartscenter24\",\"isPartOf\":{\"@id\":\"https:\/\/autopartscenter24.com\/#website\"},\"primaryImageOfPage\":{\"@id\":\"https:\/\/autopartscenter24.com\/auton-varaosat\/1-9-tdi-bjb-moottori-vw-caddy-octavia\/#primaryimage\"},\"image\":{\"@id\":\"https:\/\/autopartscenter24.com\/auton-varaosat\/1-9-tdi-bjb-moottori-vw-caddy-octavia\/#primaryimage\"},\"thumbnailUrl\":\"https:\/\/autopartscenter24.com\/wp-content\/uploads\/2023\/03\/1-9-tdi-BJB-moottori-vw-caddy-octavia.webp\",\"datePublished\":\"2023-12-02T17:46:42+00:00\",\"description\":\"En av motorene vi ofte har tilgjengelig. Send en foresp\u00f8rsel og du vil motta et tilbud innen 24 timer. Motorer, girkasser og andre bildeler med garanti.\",\"breadcrumb\":{\"@id\":\"https:\/\/autopartscenter24.com\/auton-varaosat\/1-9-tdi-bjb-moottori-vw-caddy-octavia\/#breadcrumb\"},\"inLanguage\":\"nb-NO\",\"potentialAction\":[{\"@type\":\"ReadAction\",\"target\":[\"https:\/\/autopartscenter24.com\/auton-varaosat\/1-9-tdi-bjb-moottori-vw-caddy-octavia\/\"]}]},{\"@type\":\"ImageObject\",\"inLanguage\":\"nb-NO\",\"@id\":\"https:\/\/autopartscenter24.com\/auton-varaosat\/1-9-tdi-bjb-moottori-vw-caddy-octavia\/#primaryimage\",\"url\":\"https:\/\/autopartscenter24.com\/wp-content\/uploads\/2023\/03\/1-9-tdi-BJB-moottori-vw-caddy-octavia.webp\",\"contentUrl\":\"https:\/\/autopartscenter24.com\/wp-content\/uploads\/2023\/03\/1-9-tdi-BJB-moottori-vw-caddy-octavia.webp\",\"width\":800,\"height\":600},{\"@type\":\"BreadcrumbList\",\"@id\":\"https:\/\/autopartscenter24.com\/auton-varaosat\/1-9-tdi-bjb-moottori-vw-caddy-octavia\/#breadcrumb\",\"itemListElement\":[{\"@type\":\"ListItem\",\"position\":1,\"name\":\"Hjem\",\"item\":\"https:\/\/aliceblue-termite-662564.hostingersite.com\/\"},{\"@type\":\"ListItem\",\"position\":2,\"name\":\"Auton varaosat\",\"item\":\"https:\/\/aliceblue-termite-662564.hostingersite.com\/auton-varaosat\/\"},{\"@type\":\"ListItem\",\"position\":3,\"name\":\"1.9 TDI &#8221;BJB&#8221; motor [f.eks. Caddy, Octavia]\"}]},{\"@type\":\"WebSite\",\"@id\":\"https:\/\/autopartscenter24.com\/#website\",\"url\":\"https:\/\/autopartscenter24.com\/\",\"name\":\"Autopartscenter24\",\"description\":\"K\u00c4YTETYT JA KUNNOSTETUT  AUTON VARAOSAT\",\"potentialAction\":[{\"@type\":\"SearchAction\",\"target\":{\"@type\":\"EntryPoint\",\"urlTemplate\":\"https:\/\/autopartscenter24.com\/?s={search_term_string}\"},\"query-input\":{\"@type\":\"PropertyValueSpecification\",\"valueRequired\":true,\"valueName\":\"search_term_string\"}}],\"inLanguage\":\"nb-NO\"}]}<\/script>\n<!-- \/ Yoast SEO plugin. -->","yoast_head_json":{"title":"1.9 TDI \"BJB\" motor [f.eks. Caddy, Octavia] - Autopartscenter24","description":"En av motorene vi ofte har tilgjengelig. Send en foresp\u00f8rsel og du vil motta et tilbud innen 24 timer. Motorer, girkasser og andre bildeler med garanti.","robots":{"index":"index","follow":"follow","max-snippet":"max-snippet:-1","max-image-preview":"max-image-preview:large","max-video-preview":"max-video-preview:-1"},"canonical":"https:\/\/autopartscenter24.com\/no\/auton-varaosat\/1-9-tdi-bjb-moottori-vw-caddy-octavia\/","og_locale":"nb_NO","og_type":"article","og_title":"1.9 TDI \"BJB\" motor [f.eks. Caddy, Octavia] - Autopartscenter24","og_description":"En av motorene vi ofte har tilgjengelig. Send en foresp\u00f8rsel og du vil motta et tilbud innen 24 timer. Motorer, girkasser og andre bildeler med garanti.","og_url":"https:\/\/autopartscenter24.com\/no\/auton-varaosat\/1-9-tdi-bjb-moottori-vw-caddy-octavia\/","og_site_name":"Autopartscenter24","og_image":[{"width":800,"height":600,"url":"https:\/\/autopartscenter24.com\/wp-content\/uploads\/2023\/03\/1-9-tdi-BJB-moottori-vw-caddy-octavia.webp","type":"image\/webp"}],"twitter_card":"summary_large_image","twitter_misc":{"Ansl. lesetid":"1 minutt"},"schema":{"@context":"https:\/\/schema.org","@graph":[{"@type":"WebPage","@id":"https:\/\/autopartscenter24.com\/auton-varaosat\/1-9-tdi-bjb-moottori-vw-caddy-octavia\/","url":"https:\/\/autopartscenter24.com\/auton-varaosat\/1-9-tdi-bjb-moottori-vw-caddy-octavia\/","name":"1.9 TDI \"BJB\" motor [f.eks. Caddy, Octavia] - Autopartscenter24","isPartOf":{"@id":"https:\/\/autopartscenter24.com\/#website"},"primaryImageOfPage":{"@id":"https:\/\/autopartscenter24.com\/auton-varaosat\/1-9-tdi-bjb-moottori-vw-caddy-octavia\/#primaryimage"},"image":{"@id":"https:\/\/autopartscenter24.com\/auton-varaosat\/1-9-tdi-bjb-moottori-vw-caddy-octavia\/#primaryimage"},"thumbnailUrl":"https:\/\/autopartscenter24.com\/wp-content\/uploads\/2023\/03\/1-9-tdi-BJB-moottori-vw-caddy-octavia.webp","datePublished":"2023-12-02T17:46:42+00:00","description":"En av motorene vi ofte har tilgjengelig. Send en foresp\u00f8rsel og du vil motta et tilbud innen 24 timer. Motorer, girkasser og andre bildeler med garanti.","breadcrumb":{"@id":"https:\/\/autopartscenter24.com\/auton-varaosat\/1-9-tdi-bjb-moottori-vw-caddy-octavia\/#breadcrumb"},"inLanguage":"nb-NO","potentialAction":[{"@type":"ReadAction","target":["https:\/\/autopartscenter24.com\/auton-varaosat\/1-9-tdi-bjb-moottori-vw-caddy-octavia\/"]}]},{"@type":"ImageObject","inLanguage":"nb-NO","@id":"https:\/\/autopartscenter24.com\/auton-varaosat\/1-9-tdi-bjb-moottori-vw-caddy-octavia\/#primaryimage","url":"https:\/\/autopartscenter24.com\/wp-content\/uploads\/2023\/03\/1-9-tdi-BJB-moottori-vw-caddy-octavia.webp","contentUrl":"https:\/\/autopartscenter24.com\/wp-content\/uploads\/2023\/03\/1-9-tdi-BJB-moottori-vw-caddy-octavia.webp","width":800,"height":600},{"@type":"BreadcrumbList","@id":"https:\/\/autopartscenter24.com\/auton-varaosat\/1-9-tdi-bjb-moottori-vw-caddy-octavia\/#breadcrumb","itemListElement":[{"@type":"ListItem","position":1,"name":"Hjem","item":"https:\/\/aliceblue-termite-662564.hostingersite.com\/"},{"@type":"ListItem","position":2,"name":"Auton varaosat","item":"https:\/\/aliceblue-termite-662564.hostingersite.com\/auton-varaosat\/"},{"@type":"ListItem","position":3,"name":"1.9 TDI &#8221;BJB&#8221; motor [f.eks. Caddy, Octavia]"}]},{"@type":"WebSite","@id":"https:\/\/autopartscenter24.com\/#website","url":"https:\/\/autopartscenter24.com\/","name":"Autopartscenter24","description":"K\u00c4YTETYT JA KUNNOSTETUT  AUTON VARAOSAT","potentialAction":[{"@type":"SearchAction","target":{"@type":"EntryPoint","urlTemplate":"https:\/\/autopartscenter24.com\/?s={search_term_string}"},"query-input":{"@type":"PropertyValueSpecification","valueRequired":true,"valueName":"search_term_string"}}],"inLanguage":"nb-NO"}]}},"_links":{"self":[{"href":"https:\/\/autopartscenter24.com\/no\/wp-json\/wp\/v2\/product\/5777","targetHints":{"allow":["GET"]}}],"collection":[{"href":"https:\/\/autopartscenter24.com\/no\/wp-json\/wp\/v2\/product"}],"about":[{"href":"https:\/\/autopartscenter24.com\/no\/wp-json\/wp\/v2\/types\/product"}],"wp:featuredmedia":[{"embeddable":true,"href":"https:\/\/autopartscenter24.com\/no\/wp-json\/wp\/v2\/media\/4475"}],"wp:attachment":[{"href":"https:\/\/autopartscenter24.com\/no\/wp-json\/wp\/v2\/media?parent=5777"}],"wp:term":[{"taxonomy":"product_brand","embeddable":true,"href":"https:\/\/autopartscenter24.com\/no\/wp-json\/wp\/v2\/product_brand?post=5777"},{"taxonomy":"product_cat","embeddable":true,"href":"https:\/\/autopartscenter24.com\/no\/wp-json\/wp\/v2\/product_cat?post=5777"},{"taxonomy":"product_tag","embeddable":true,"href":"https:\/\/autopartscenter24.com\/no\/wp-json\/wp\/v2\/product_tag?post=5777"}],"curies":[{"name":"wp","href":"https:\/\/api.w.org\/{rel}","templated":true}]}}