{"id":5776,"date":"2023-03-05T13:17:38","date_gmt":"2023-12-02T17:44:34","guid":{"rendered":"https:\/\/autopartscenter24.com\/product\/2-5-d4d-2kd-ftv-motor-f-eks-hiace-hilux-dyna\/"},"modified":"2023-12-02T18:44:34","modified_gmt":"2023-12-02T17:44:34","slug":"2-5-d4d-2kd-ftv-motor-f-eks-hiace-hilux-dyna","status":"publish","type":"product","link":"https:\/\/autopartscenter24.com\/no\/auton-varaosat\/2-5-d4d-2kd-ftv-motor-f-eks-hiace-hilux-dyna\/","title":{"rendered":"2.5 D4D &laquo;2KD-FTV&raquo;-motor [f.eks. Hiace, Hilux, Dyna]"},"content":{"rendered":"<p><strong>Toyota 2.5 D4D (motorkode: 2KD-FTV)<\/strong> er en dieselmotor utviklet for bruk i Toyota Hiace, Toyota Hilux og Toyota Land Cruiser-biler. Designet for \u00e5 v\u00e6re holdbar og p\u00e5litelig, er denne motoren utstyrt med mange funksjoner som gj\u00f8r den effektiv og \u00f8konomisk under drift.<\/p>\n<p>Maksimal ytelse p\u00e5 2.5 D4D er 75 kW (102 hk) og dreiemomentet er 260 Nm ved 1600-2400 o\/min. Motordesignet inkluderer mange funksjoner som gj\u00f8r den sv\u00e6rt effektiv. Disse inkluderer drivstoffinjektorer som opererer ved h\u00f8yt trykk og en turbolader som forbedrer motorytelsen.<\/p>\n<p>Vedlikehold av motoren er ogs\u00e5 enkelt, da den er utstyrt med filtre som hindrer at smuss og andre urenheter kommer inn i motoren. I tillegg har motoren en meget slitesterk sylinderblokk, som sikrer motorens levetid.<\/p>\n<p>Toyota Hiace, Toyota Hilux og Toyota Land Cruiser er tre biler som har hatt 2,5 D4D-motoren i bruk. Toyota Hiace er en romslig varebil designet spesielt for transport av varer. Toyota Hilux er en firehjulsdrevet pickup designet for \u00e5 t\u00e5le vanskelige terrengforhold. Toyota Land Cruiser er et terrengkj\u00f8ret\u00f8y designet for \u00e5 transportere passasjerer i utfordrende terrengforhold.<\/p>\n<p>2,5 D4D-motoren er en meget p\u00e5litelig og \u00f8konomisk motor utviklet for \u00e5 t\u00e5le tung bruk. Det er et utmerket valg for transport\u00f8rer og terrengkj\u00f8ret\u00f8yer der h\u00f8y ytelse og holdbarhet kreves.<\/p>\n","protected":false},"excerpt":{"rendered":"<p>Toyota brukte 2,5 D4D (motorkode: 2KD-FTV) motoren i flere av sine bilmodeller. Her er bilene der motoren har blitt brukt:<\/p>\n<ul>\n<li>Toyota Hiace (2004-2012)<\/li>\n<li>Toyota Hilux (2005-2015)<\/li>\n<li>Toyota Fortuner (2005-2015)<\/li>\n<li>Toyota Innova (2005-2015)<\/li>\n<li>Toyota Land Cruiser Prado (2005-2009)<\/li>\n<\/ul>\n","protected":false},"featured_media":4480,"template":"","meta":[],"product_brand":[],"product_cat":[636],"product_tag":[851,863,864],"class_list":{"0":"post-5776","1":"product","2":"type-product","3":"status-publish","4":"has-post-thumbnail","6":"product_cat-toyota-no","7":"product_tag-dyna-no","8":"product_tag-hiace-no","9":"product_tag-hilux-no","10":"pa_varaosan-osasto-motor-no","13":"first","14":"instock","15":"shipping-taxable","16":"product-type-simple"},"yoast_head":"<!-- This site is optimized with the Yoast SEO plugin v26.8 - https:\/\/yoast.com\/product\/yoast-seo-wordpress\/ -->\n<title>2.5 D4D &quot;2KD-FTV&quot;-motor [f.eks. Hiace, Hilux, Dyna]<\/title>\n<meta name=\"description\" content=\"En av motorene vi ofte har tilgjengelig. Send en foresp\u00f8rsel og du vil motta et tilbud innen 24 timer. Motorer, girkasser og andre bildeler med garanti.\" \/>\n<meta name=\"robots\" content=\"index, follow, max-snippet:-1, max-image-preview:large, max-video-preview:-1\" \/>\n<link rel=\"canonical\" href=\"https:\/\/autopartscenter24.com\/no\/auton-varaosat\/2-5-d4d-2kd-ftv-moottori-hiace-iv-hilux-vii-dyna\/\" \/>\n<meta property=\"og:locale\" content=\"nb_NO\" \/>\n<meta property=\"og:type\" content=\"article\" \/>\n<meta property=\"og:title\" content=\"2.5 D4D &quot;2KD-FTV&quot;-motor [f.eks. Hiace, Hilux, Dyna]\" \/>\n<meta property=\"og:description\" content=\"En av motorene vi ofte har tilgjengelig. Send en foresp\u00f8rsel og du vil motta et tilbud innen 24 timer. Motorer, girkasser og andre bildeler med garanti.\" \/>\n<meta property=\"og:url\" content=\"https:\/\/autopartscenter24.com\/no\/auton-varaosat\/2-5-d4d-2kd-ftv-moottori-hiace-iv-hilux-vii-dyna\/\" \/>\n<meta property=\"og:site_name\" content=\"Autopartscenter24\" \/>\n<meta property=\"og:image\" content=\"https:\/\/autopartscenter24.com\/wp-content\/uploads\/2023\/03\/2-5-d4d-2KD-FTV-moottori-hiace-iv-hilux-vii-dyna.webp\" \/>\n\t<meta property=\"og:image:width\" content=\"800\" \/>\n\t<meta property=\"og:image:height\" content=\"600\" \/>\n\t<meta property=\"og:image:type\" content=\"image\/webp\" \/>\n<meta name=\"twitter:card\" content=\"summary_large_image\" \/>\n<meta name=\"twitter:label1\" content=\"Ansl. lesetid\" \/>\n\t<meta name=\"twitter:data1\" content=\"1 minutt\" \/>\n<script type=\"application\/ld+json\" class=\"yoast-schema-graph\">{\"@context\":\"https:\/\/schema.org\",\"@graph\":[{\"@type\":\"WebPage\",\"@id\":\"https:\/\/autopartscenter24.com\/auton-varaosat\/2-5-d4d-2kd-ftv-moottori-hiace-iv-hilux-vii-dyna\/\",\"url\":\"https:\/\/autopartscenter24.com\/auton-varaosat\/2-5-d4d-2kd-ftv-moottori-hiace-iv-hilux-vii-dyna\/\",\"name\":\"2.5 D4D \\\"2KD-FTV\\\"-motor [f.eks. Hiace, Hilux, Dyna]\",\"isPartOf\":{\"@id\":\"https:\/\/autopartscenter24.com\/#website\"},\"primaryImageOfPage\":{\"@id\":\"https:\/\/autopartscenter24.com\/auton-varaosat\/2-5-d4d-2kd-ftv-moottori-hiace-iv-hilux-vii-dyna\/#primaryimage\"},\"image\":{\"@id\":\"https:\/\/autopartscenter24.com\/auton-varaosat\/2-5-d4d-2kd-ftv-moottori-hiace-iv-hilux-vii-dyna\/#primaryimage\"},\"thumbnailUrl\":\"https:\/\/autopartscenter24.com\/wp-content\/uploads\/2023\/03\/2-5-d4d-2KD-FTV-moottori-hiace-iv-hilux-vii-dyna.webp\",\"datePublished\":\"2023-12-02T17:44:34+00:00\",\"description\":\"En av motorene vi ofte har tilgjengelig. Send en foresp\u00f8rsel og du vil motta et tilbud innen 24 timer. Motorer, girkasser og andre bildeler med garanti.\",\"breadcrumb\":{\"@id\":\"https:\/\/autopartscenter24.com\/auton-varaosat\/2-5-d4d-2kd-ftv-moottori-hiace-iv-hilux-vii-dyna\/#breadcrumb\"},\"inLanguage\":\"nb-NO\",\"potentialAction\":[{\"@type\":\"ReadAction\",\"target\":[\"https:\/\/autopartscenter24.com\/auton-varaosat\/2-5-d4d-2kd-ftv-moottori-hiace-iv-hilux-vii-dyna\/\"]}]},{\"@type\":\"ImageObject\",\"inLanguage\":\"nb-NO\",\"@id\":\"https:\/\/autopartscenter24.com\/auton-varaosat\/2-5-d4d-2kd-ftv-moottori-hiace-iv-hilux-vii-dyna\/#primaryimage\",\"url\":\"https:\/\/autopartscenter24.com\/wp-content\/uploads\/2023\/03\/2-5-d4d-2KD-FTV-moottori-hiace-iv-hilux-vii-dyna.webp\",\"contentUrl\":\"https:\/\/autopartscenter24.com\/wp-content\/uploads\/2023\/03\/2-5-d4d-2KD-FTV-moottori-hiace-iv-hilux-vii-dyna.webp\",\"width\":800,\"height\":600},{\"@type\":\"BreadcrumbList\",\"@id\":\"https:\/\/autopartscenter24.com\/auton-varaosat\/2-5-d4d-2kd-ftv-moottori-hiace-iv-hilux-vii-dyna\/#breadcrumb\",\"itemListElement\":[{\"@type\":\"ListItem\",\"position\":1,\"name\":\"Hjem\",\"item\":\"https:\/\/aliceblue-termite-662564.hostingersite.com\/\"},{\"@type\":\"ListItem\",\"position\":2,\"name\":\"Auton varaosat\",\"item\":\"https:\/\/aliceblue-termite-662564.hostingersite.com\/auton-varaosat\/\"},{\"@type\":\"ListItem\",\"position\":3,\"name\":\"2.5 D4D &#8221;2KD-FTV&#8221;-motor [f.eks. Hiace, Hilux, Dyna]\"}]},{\"@type\":\"WebSite\",\"@id\":\"https:\/\/autopartscenter24.com\/#website\",\"url\":\"https:\/\/autopartscenter24.com\/\",\"name\":\"Autopartscenter24\",\"description\":\"K\u00c4YTETYT JA KUNNOSTETUT  AUTON VARAOSAT\",\"potentialAction\":[{\"@type\":\"SearchAction\",\"target\":{\"@type\":\"EntryPoint\",\"urlTemplate\":\"https:\/\/autopartscenter24.com\/?s={search_term_string}\"},\"query-input\":{\"@type\":\"PropertyValueSpecification\",\"valueRequired\":true,\"valueName\":\"search_term_string\"}}],\"inLanguage\":\"nb-NO\"}]}<\/script>\n<!-- \/ Yoast SEO plugin. -->","yoast_head_json":{"title":"2.5 D4D \"2KD-FTV\"-motor [f.eks. Hiace, Hilux, Dyna]","description":"En av motorene vi ofte har tilgjengelig. Send en foresp\u00f8rsel og du vil motta et tilbud innen 24 timer. Motorer, girkasser og andre bildeler med garanti.","robots":{"index":"index","follow":"follow","max-snippet":"max-snippet:-1","max-image-preview":"max-image-preview:large","max-video-preview":"max-video-preview:-1"},"canonical":"https:\/\/autopartscenter24.com\/no\/auton-varaosat\/2-5-d4d-2kd-ftv-moottori-hiace-iv-hilux-vii-dyna\/","og_locale":"nb_NO","og_type":"article","og_title":"2.5 D4D \"2KD-FTV\"-motor [f.eks. Hiace, Hilux, Dyna]","og_description":"En av motorene vi ofte har tilgjengelig. Send en foresp\u00f8rsel og du vil motta et tilbud innen 24 timer. Motorer, girkasser og andre bildeler med garanti.","og_url":"https:\/\/autopartscenter24.com\/no\/auton-varaosat\/2-5-d4d-2kd-ftv-moottori-hiace-iv-hilux-vii-dyna\/","og_site_name":"Autopartscenter24","og_image":[{"width":800,"height":600,"url":"https:\/\/autopartscenter24.com\/wp-content\/uploads\/2023\/03\/2-5-d4d-2KD-FTV-moottori-hiace-iv-hilux-vii-dyna.webp","type":"image\/webp"}],"twitter_card":"summary_large_image","twitter_misc":{"Ansl. lesetid":"1 minutt"},"schema":{"@context":"https:\/\/schema.org","@graph":[{"@type":"WebPage","@id":"https:\/\/autopartscenter24.com\/auton-varaosat\/2-5-d4d-2kd-ftv-moottori-hiace-iv-hilux-vii-dyna\/","url":"https:\/\/autopartscenter24.com\/auton-varaosat\/2-5-d4d-2kd-ftv-moottori-hiace-iv-hilux-vii-dyna\/","name":"2.5 D4D \"2KD-FTV\"-motor [f.eks. Hiace, Hilux, Dyna]","isPartOf":{"@id":"https:\/\/autopartscenter24.com\/#website"},"primaryImageOfPage":{"@id":"https:\/\/autopartscenter24.com\/auton-varaosat\/2-5-d4d-2kd-ftv-moottori-hiace-iv-hilux-vii-dyna\/#primaryimage"},"image":{"@id":"https:\/\/autopartscenter24.com\/auton-varaosat\/2-5-d4d-2kd-ftv-moottori-hiace-iv-hilux-vii-dyna\/#primaryimage"},"thumbnailUrl":"https:\/\/autopartscenter24.com\/wp-content\/uploads\/2023\/03\/2-5-d4d-2KD-FTV-moottori-hiace-iv-hilux-vii-dyna.webp","datePublished":"2023-12-02T17:44:34+00:00","description":"En av motorene vi ofte har tilgjengelig. Send en foresp\u00f8rsel og du vil motta et tilbud innen 24 timer. Motorer, girkasser og andre bildeler med garanti.","breadcrumb":{"@id":"https:\/\/autopartscenter24.com\/auton-varaosat\/2-5-d4d-2kd-ftv-moottori-hiace-iv-hilux-vii-dyna\/#breadcrumb"},"inLanguage":"nb-NO","potentialAction":[{"@type":"ReadAction","target":["https:\/\/autopartscenter24.com\/auton-varaosat\/2-5-d4d-2kd-ftv-moottori-hiace-iv-hilux-vii-dyna\/"]}]},{"@type":"ImageObject","inLanguage":"nb-NO","@id":"https:\/\/autopartscenter24.com\/auton-varaosat\/2-5-d4d-2kd-ftv-moottori-hiace-iv-hilux-vii-dyna\/#primaryimage","url":"https:\/\/autopartscenter24.com\/wp-content\/uploads\/2023\/03\/2-5-d4d-2KD-FTV-moottori-hiace-iv-hilux-vii-dyna.webp","contentUrl":"https:\/\/autopartscenter24.com\/wp-content\/uploads\/2023\/03\/2-5-d4d-2KD-FTV-moottori-hiace-iv-hilux-vii-dyna.webp","width":800,"height":600},{"@type":"BreadcrumbList","@id":"https:\/\/autopartscenter24.com\/auton-varaosat\/2-5-d4d-2kd-ftv-moottori-hiace-iv-hilux-vii-dyna\/#breadcrumb","itemListElement":[{"@type":"ListItem","position":1,"name":"Hjem","item":"https:\/\/aliceblue-termite-662564.hostingersite.com\/"},{"@type":"ListItem","position":2,"name":"Auton varaosat","item":"https:\/\/aliceblue-termite-662564.hostingersite.com\/auton-varaosat\/"},{"@type":"ListItem","position":3,"name":"2.5 D4D &#8221;2KD-FTV&#8221;-motor [f.eks. Hiace, Hilux, Dyna]"}]},{"@type":"WebSite","@id":"https:\/\/autopartscenter24.com\/#website","url":"https:\/\/autopartscenter24.com\/","name":"Autopartscenter24","description":"K\u00c4YTETYT JA KUNNOSTETUT  AUTON VARAOSAT","potentialAction":[{"@type":"SearchAction","target":{"@type":"EntryPoint","urlTemplate":"https:\/\/autopartscenter24.com\/?s={search_term_string}"},"query-input":{"@type":"PropertyValueSpecification","valueRequired":true,"valueName":"search_term_string"}}],"inLanguage":"nb-NO"}]}},"_links":{"self":[{"href":"https:\/\/autopartscenter24.com\/no\/wp-json\/wp\/v2\/product\/5776","targetHints":{"allow":["GET"]}}],"collection":[{"href":"https:\/\/autopartscenter24.com\/no\/wp-json\/wp\/v2\/product"}],"about":[{"href":"https:\/\/autopartscenter24.com\/no\/wp-json\/wp\/v2\/types\/product"}],"wp:featuredmedia":[{"embeddable":true,"href":"https:\/\/autopartscenter24.com\/no\/wp-json\/wp\/v2\/media\/4480"}],"wp:attachment":[{"href":"https:\/\/autopartscenter24.com\/no\/wp-json\/wp\/v2\/media?parent=5776"}],"wp:term":[{"taxonomy":"product_brand","embeddable":true,"href":"https:\/\/autopartscenter24.com\/no\/wp-json\/wp\/v2\/product_brand?post=5776"},{"taxonomy":"product_cat","embeddable":true,"href":"https:\/\/autopartscenter24.com\/no\/wp-json\/wp\/v2\/product_cat?post=5776"},{"taxonomy":"product_tag","embeddable":true,"href":"https:\/\/autopartscenter24.com\/no\/wp-json\/wp\/v2\/product_tag?post=5776"}],"curies":[{"name":"wp","href":"https:\/\/api.w.org\/{rel}","templated":true}]}}