{"id":5774,"date":"2023-03-05T16:25:13","date_gmt":"2023-12-02T17:40:39","guid":{"rendered":"https:\/\/autopartscenter24.com\/product\/2-0-fsi-axw-motor-f-eks-golf-a3-octavia-leon\/"},"modified":"2023-12-02T18:40:39","modified_gmt":"2023-12-02T17:40:39","slug":"2-0-fsi-axw-motor-f-eks-golf-a3-octavia-leon","status":"publish","type":"product","link":"https:\/\/autopartscenter24.com\/no\/auton-varaosat\/2-0-fsi-axw-motor-f-eks-golf-a3-octavia-leon\/","title":{"rendered":"2.0 FSI &laquo;AXW&raquo;-motor [f.eks. Golf, A3, Octavia, Leon]"},"content":{"rendered":"<p><strong>2.0 FSI (motorkode: AXW)<\/strong> er en popul\u00e6r Volkswagen Group bensinmotor som har blitt kjent i mange forskjellige bilmodeller. Denne motoren er sv\u00e6rt avansert og dens tekniske egenskaper er i toppklasse. Effekten som produseres av 2.0 FSI-motoren er 150-200 hk og dreiemomentet er omtrent 200-280 Nm. En spesiell egenskap ved denne motoren er dens h\u00f8ye kompresjonsforhold, som gir dens utmerkede effektivitet og drivstoff\u00f8konomi.<\/p>\n<p>Tenningen av 2.0 FSI-motoren skjer direkte under drivstoffinnspr\u00f8ytning, noe som \u00f8ker motorens effektivitet og reduserer utslippene. Motorens kamaksler er utstyrt med variabel ventiltiming, som forbedrer motorytelsen og drivstoff\u00f8konomien, spesielt ved lave og middels turtall. Motoren har ogs\u00e5 et h\u00f8yt utviklet elektronisk kontrollsystem, som muliggj\u00f8r en presis og effektiv drift.<\/p>\n<p>2.0 FSI (motorkode: AXW)-motoren har blitt brukt i mange Volkswagen Group-bilmodeller. Denne motoren har funnet veien til mange forskjellige bilmerker og dens popularitet har \u00f8kt jevnt og trutt p\u00e5 grunn av dens avanserte tekniske funksjoner. Nedenfor er en liste over noen bilmodeller der 2.0 FSI-motoren har blitt brukt:<\/p>\n<ul>\n<li>Volkswagen Golf V GTI (2004-2008)<\/li>\n<li>Volkswagen Passat B6 (2005-2010)<\/li>\n<li>Audi A4 B7 (2004-2008)<\/li>\n<li>Audi A3 (2004-2013)<\/li>\n<li>Seat Leon Cupra (2006-2012)<\/li>\n<li>Skoda Octavia RS (2005-2008)<\/li>\n<\/ul>\n<p>2.0 FSI (motorkode: AXW) er derfor en h\u00f8yt utviklet og allsidig motor som har funnet veien inn i mange ulike bilmodeller i Volkswagen-konsernets utvalg. Ytelsen, drivstoff\u00f8konomien og de avanserte tekniske egenskapene til denne motoren har gjort den til et popul\u00e6rt valg for mange bilister.<\/p>\n","protected":false},"excerpt":{"rendered":"<p>Biler og modeller basert p\u00e5 2.0 FSI-motoren:<\/p>\n<ul>\n<li>Volkswagen Golf (2002-2006)<\/li>\n<li>Volkswagen Jetta (2005-2010)<\/li>\n<li>Volkswagen Passat (2005-2010)<\/li>\n<li>Volkswagen Touran (2003-2006)<\/li>\n<li>Audi A3 (2003-2008)<\/li>\n<li>SEAT Leon (2005-2012)<\/li>\n<li>\u0160koda Octavia (2004-2008)<\/li>\n<\/ul>\n","protected":false},"featured_media":4490,"template":"","meta":[],"product_brand":[],"product_cat":[484,487,486,485],"product_tag":[488,489,880,490],"class_list":{"0":"post-5774","1":"product","2":"type-product","3":"status-publish","4":"has-post-thumbnail","6":"product_cat-audi-no","7":"product_cat-seat-no","8":"product_cat-skoda-no","9":"product_cat-vw-no","10":"product_tag-a3-no","11":"product_tag-golf-no","12":"product_tag-leon-no","13":"product_tag-octavia-no","14":"pa_varaosan-osasto-motor-no","17":"first","18":"instock","19":"shipping-taxable","20":"product-type-simple"},"yoast_head":"<!-- This site is optimized with the Yoast SEO plugin v26.8 - https:\/\/yoast.com\/product\/yoast-seo-wordpress\/ -->\n<title>2.0 FSI &quot;AXW&quot;-motor [f.eks. Golf, A3, Octavia, Leon]<\/title>\n<meta name=\"description\" content=\"En av motorene vi ofte har tilgjengelig. Send en foresp\u00f8rsel og du vil motta et tilbud innen 24 timer. Motorer, girkasser og andre bildeler med garanti.\" \/>\n<meta name=\"robots\" content=\"index, follow, max-snippet:-1, max-image-preview:large, max-video-preview:-1\" \/>\n<link rel=\"canonical\" href=\"https:\/\/autopartscenter24.com\/no\/auton-varaosat\/2-0-fsi-axw-moottori-vw-golf-v-audi-a3\/\" \/>\n<meta property=\"og:locale\" content=\"nb_NO\" \/>\n<meta property=\"og:type\" content=\"article\" \/>\n<meta property=\"og:title\" content=\"2.0 FSI &quot;AXW&quot;-motor [f.eks. Golf, A3, Octavia, Leon]\" \/>\n<meta property=\"og:description\" content=\"En av motorene vi ofte har tilgjengelig. Send en foresp\u00f8rsel og du vil motta et tilbud innen 24 timer. Motorer, girkasser og andre bildeler med garanti.\" \/>\n<meta property=\"og:url\" content=\"https:\/\/autopartscenter24.com\/no\/auton-varaosat\/2-0-fsi-axw-moottori-vw-golf-v-audi-a3\/\" \/>\n<meta property=\"og:site_name\" content=\"Autopartscenter24\" \/>\n<meta property=\"og:image\" content=\"https:\/\/autopartscenter24.com\/wp-content\/uploads\/2023\/03\/2-0-fsi-axw-moottori-vw-golf-v-audi-a3.webp\" \/>\n\t<meta property=\"og:image:width\" content=\"800\" \/>\n\t<meta property=\"og:image:height\" content=\"600\" \/>\n\t<meta property=\"og:image:type\" content=\"image\/webp\" \/>\n<meta name=\"twitter:card\" content=\"summary_large_image\" \/>\n<meta name=\"twitter:label1\" content=\"Ansl. lesetid\" \/>\n\t<meta name=\"twitter:data1\" content=\"1 minutt\" \/>\n<script type=\"application\/ld+json\" class=\"yoast-schema-graph\">{\"@context\":\"https:\/\/schema.org\",\"@graph\":[{\"@type\":\"WebPage\",\"@id\":\"https:\/\/autopartscenter24.com\/auton-varaosat\/2-0-fsi-axw-moottori-vw-golf-v-audi-a3\/\",\"url\":\"https:\/\/autopartscenter24.com\/auton-varaosat\/2-0-fsi-axw-moottori-vw-golf-v-audi-a3\/\",\"name\":\"2.0 FSI \\\"AXW\\\"-motor [f.eks. Golf, A3, Octavia, Leon]\",\"isPartOf\":{\"@id\":\"https:\/\/autopartscenter24.com\/#website\"},\"primaryImageOfPage\":{\"@id\":\"https:\/\/autopartscenter24.com\/auton-varaosat\/2-0-fsi-axw-moottori-vw-golf-v-audi-a3\/#primaryimage\"},\"image\":{\"@id\":\"https:\/\/autopartscenter24.com\/auton-varaosat\/2-0-fsi-axw-moottori-vw-golf-v-audi-a3\/#primaryimage\"},\"thumbnailUrl\":\"https:\/\/autopartscenter24.com\/wp-content\/uploads\/2023\/03\/2-0-fsi-axw-moottori-vw-golf-v-audi-a3.webp\",\"datePublished\":\"2023-12-02T17:40:39+00:00\",\"description\":\"En av motorene vi ofte har tilgjengelig. Send en foresp\u00f8rsel og du vil motta et tilbud innen 24 timer. Motorer, girkasser og andre bildeler med garanti.\",\"breadcrumb\":{\"@id\":\"https:\/\/autopartscenter24.com\/auton-varaosat\/2-0-fsi-axw-moottori-vw-golf-v-audi-a3\/#breadcrumb\"},\"inLanguage\":\"nb-NO\",\"potentialAction\":[{\"@type\":\"ReadAction\",\"target\":[\"https:\/\/autopartscenter24.com\/auton-varaosat\/2-0-fsi-axw-moottori-vw-golf-v-audi-a3\/\"]}]},{\"@type\":\"ImageObject\",\"inLanguage\":\"nb-NO\",\"@id\":\"https:\/\/autopartscenter24.com\/auton-varaosat\/2-0-fsi-axw-moottori-vw-golf-v-audi-a3\/#primaryimage\",\"url\":\"https:\/\/autopartscenter24.com\/wp-content\/uploads\/2023\/03\/2-0-fsi-axw-moottori-vw-golf-v-audi-a3.webp\",\"contentUrl\":\"https:\/\/autopartscenter24.com\/wp-content\/uploads\/2023\/03\/2-0-fsi-axw-moottori-vw-golf-v-audi-a3.webp\",\"width\":800,\"height\":600},{\"@type\":\"BreadcrumbList\",\"@id\":\"https:\/\/autopartscenter24.com\/auton-varaosat\/2-0-fsi-axw-moottori-vw-golf-v-audi-a3\/#breadcrumb\",\"itemListElement\":[{\"@type\":\"ListItem\",\"position\":1,\"name\":\"Hjem\",\"item\":\"https:\/\/aliceblue-termite-662564.hostingersite.com\/\"},{\"@type\":\"ListItem\",\"position\":2,\"name\":\"Auton varaosat\",\"item\":\"https:\/\/aliceblue-termite-662564.hostingersite.com\/auton-varaosat\/\"},{\"@type\":\"ListItem\",\"position\":3,\"name\":\"2.0 FSI &#8221;AXW&#8221;-motor [f.eks. Golf, A3, Octavia, Leon]\"}]},{\"@type\":\"WebSite\",\"@id\":\"https:\/\/autopartscenter24.com\/#website\",\"url\":\"https:\/\/autopartscenter24.com\/\",\"name\":\"Autopartscenter24\",\"description\":\"K\u00c4YTETYT JA KUNNOSTETUT  AUTON VARAOSAT\",\"potentialAction\":[{\"@type\":\"SearchAction\",\"target\":{\"@type\":\"EntryPoint\",\"urlTemplate\":\"https:\/\/autopartscenter24.com\/?s={search_term_string}\"},\"query-input\":{\"@type\":\"PropertyValueSpecification\",\"valueRequired\":true,\"valueName\":\"search_term_string\"}}],\"inLanguage\":\"nb-NO\"}]}<\/script>\n<!-- \/ Yoast SEO plugin. -->","yoast_head_json":{"title":"2.0 FSI \"AXW\"-motor [f.eks. Golf, A3, Octavia, Leon]","description":"En av motorene vi ofte har tilgjengelig. Send en foresp\u00f8rsel og du vil motta et tilbud innen 24 timer. Motorer, girkasser og andre bildeler med garanti.","robots":{"index":"index","follow":"follow","max-snippet":"max-snippet:-1","max-image-preview":"max-image-preview:large","max-video-preview":"max-video-preview:-1"},"canonical":"https:\/\/autopartscenter24.com\/no\/auton-varaosat\/2-0-fsi-axw-moottori-vw-golf-v-audi-a3\/","og_locale":"nb_NO","og_type":"article","og_title":"2.0 FSI \"AXW\"-motor [f.eks. Golf, A3, Octavia, Leon]","og_description":"En av motorene vi ofte har tilgjengelig. Send en foresp\u00f8rsel og du vil motta et tilbud innen 24 timer. Motorer, girkasser og andre bildeler med garanti.","og_url":"https:\/\/autopartscenter24.com\/no\/auton-varaosat\/2-0-fsi-axw-moottori-vw-golf-v-audi-a3\/","og_site_name":"Autopartscenter24","og_image":[{"width":800,"height":600,"url":"https:\/\/autopartscenter24.com\/wp-content\/uploads\/2023\/03\/2-0-fsi-axw-moottori-vw-golf-v-audi-a3.webp","type":"image\/webp"}],"twitter_card":"summary_large_image","twitter_misc":{"Ansl. lesetid":"1 minutt"},"schema":{"@context":"https:\/\/schema.org","@graph":[{"@type":"WebPage","@id":"https:\/\/autopartscenter24.com\/auton-varaosat\/2-0-fsi-axw-moottori-vw-golf-v-audi-a3\/","url":"https:\/\/autopartscenter24.com\/auton-varaosat\/2-0-fsi-axw-moottori-vw-golf-v-audi-a3\/","name":"2.0 FSI \"AXW\"-motor [f.eks. Golf, A3, Octavia, Leon]","isPartOf":{"@id":"https:\/\/autopartscenter24.com\/#website"},"primaryImageOfPage":{"@id":"https:\/\/autopartscenter24.com\/auton-varaosat\/2-0-fsi-axw-moottori-vw-golf-v-audi-a3\/#primaryimage"},"image":{"@id":"https:\/\/autopartscenter24.com\/auton-varaosat\/2-0-fsi-axw-moottori-vw-golf-v-audi-a3\/#primaryimage"},"thumbnailUrl":"https:\/\/autopartscenter24.com\/wp-content\/uploads\/2023\/03\/2-0-fsi-axw-moottori-vw-golf-v-audi-a3.webp","datePublished":"2023-12-02T17:40:39+00:00","description":"En av motorene vi ofte har tilgjengelig. Send en foresp\u00f8rsel og du vil motta et tilbud innen 24 timer. Motorer, girkasser og andre bildeler med garanti.","breadcrumb":{"@id":"https:\/\/autopartscenter24.com\/auton-varaosat\/2-0-fsi-axw-moottori-vw-golf-v-audi-a3\/#breadcrumb"},"inLanguage":"nb-NO","potentialAction":[{"@type":"ReadAction","target":["https:\/\/autopartscenter24.com\/auton-varaosat\/2-0-fsi-axw-moottori-vw-golf-v-audi-a3\/"]}]},{"@type":"ImageObject","inLanguage":"nb-NO","@id":"https:\/\/autopartscenter24.com\/auton-varaosat\/2-0-fsi-axw-moottori-vw-golf-v-audi-a3\/#primaryimage","url":"https:\/\/autopartscenter24.com\/wp-content\/uploads\/2023\/03\/2-0-fsi-axw-moottori-vw-golf-v-audi-a3.webp","contentUrl":"https:\/\/autopartscenter24.com\/wp-content\/uploads\/2023\/03\/2-0-fsi-axw-moottori-vw-golf-v-audi-a3.webp","width":800,"height":600},{"@type":"BreadcrumbList","@id":"https:\/\/autopartscenter24.com\/auton-varaosat\/2-0-fsi-axw-moottori-vw-golf-v-audi-a3\/#breadcrumb","itemListElement":[{"@type":"ListItem","position":1,"name":"Hjem","item":"https:\/\/aliceblue-termite-662564.hostingersite.com\/"},{"@type":"ListItem","position":2,"name":"Auton varaosat","item":"https:\/\/aliceblue-termite-662564.hostingersite.com\/auton-varaosat\/"},{"@type":"ListItem","position":3,"name":"2.0 FSI &#8221;AXW&#8221;-motor [f.eks. Golf, A3, Octavia, Leon]"}]},{"@type":"WebSite","@id":"https:\/\/autopartscenter24.com\/#website","url":"https:\/\/autopartscenter24.com\/","name":"Autopartscenter24","description":"K\u00c4YTETYT JA KUNNOSTETUT  AUTON VARAOSAT","potentialAction":[{"@type":"SearchAction","target":{"@type":"EntryPoint","urlTemplate":"https:\/\/autopartscenter24.com\/?s={search_term_string}"},"query-input":{"@type":"PropertyValueSpecification","valueRequired":true,"valueName":"search_term_string"}}],"inLanguage":"nb-NO"}]}},"_links":{"self":[{"href":"https:\/\/autopartscenter24.com\/no\/wp-json\/wp\/v2\/product\/5774","targetHints":{"allow":["GET"]}}],"collection":[{"href":"https:\/\/autopartscenter24.com\/no\/wp-json\/wp\/v2\/product"}],"about":[{"href":"https:\/\/autopartscenter24.com\/no\/wp-json\/wp\/v2\/types\/product"}],"wp:featuredmedia":[{"embeddable":true,"href":"https:\/\/autopartscenter24.com\/no\/wp-json\/wp\/v2\/media\/4490"}],"wp:attachment":[{"href":"https:\/\/autopartscenter24.com\/no\/wp-json\/wp\/v2\/media?parent=5774"}],"wp:term":[{"taxonomy":"product_brand","embeddable":true,"href":"https:\/\/autopartscenter24.com\/no\/wp-json\/wp\/v2\/product_brand?post=5774"},{"taxonomy":"product_cat","embeddable":true,"href":"https:\/\/autopartscenter24.com\/no\/wp-json\/wp\/v2\/product_cat?post=5774"},{"taxonomy":"product_tag","embeddable":true,"href":"https:\/\/autopartscenter24.com\/no\/wp-json\/wp\/v2\/product_tag?post=5774"}],"curies":[{"name":"wp","href":"https:\/\/api.w.org\/{rel}","templated":true}]}}