{"id":5772,"date":"2023-03-05T16:36:52","date_gmt":"2023-12-02T17:36:22","guid":{"rendered":"https:\/\/autopartscenter24.com\/product\/1-6-i-dtec-n16a1-motor-f-eks-civic-cr-v\/"},"modified":"2023-12-02T18:36:22","modified_gmt":"2023-12-02T17:36:22","slug":"1-6-i-dtec-n16a1-motor-f-eks-civic-cr-v","status":"publish","type":"product","link":"https:\/\/autopartscenter24.com\/no\/auton-varaosat\/1-6-i-dtec-n16a1-motor-f-eks-civic-cr-v\/","title":{"rendered":"1.6 I-DTEC &laquo;N16A1&raquo; motor [f.eks. Civic, CR-V]"},"content":{"rendered":"<p>Honda har produsert flere high-end-motorer, og en av dem er <strong>1,6 I-DTEC-motoren<\/strong> <strong>(motorkode: N16A1)<\/strong>. Denne motoren er utviklet for \u00e5 dra nytte av Hondas erfaring innen produksjon av dieselmotorer. N16A1-motoren er en 1,6 liters dieselmotor designet spesielt for mindre biler. Den er kompakt og lett, men likevel kraftig, noe som gj\u00f8r den til et ideelt valg for bykj\u00f8ring.<\/p>\n<p>Maksimal effekt p\u00e5 motoren er 120 hk, som oppn\u00e5s ved 4000 omdreininger i minuttet. Dreiemomentet er 300 Nm ved 2000 omdreininger i minuttet. N16A1-motoren er sv\u00e6rt \u00f8konomisk og milj\u00f8vennlig, da den har sv\u00e6rt lave partikkelutslipp.<\/p>\n<p>Motoren bruker i-DTEC-teknologien utviklet av Honda, som st\u00e5r for &laquo;intelligent Diesel Technology Electronic Control&raquo;. Denne teknologien forbedrer drivstoff\u00f8konomien og reduserer utslippene. I tillegg har N16A1-motoren en aluminiumsblokk og sylinderhode, som reduserer vekten og forbedrer motorytelsen.<\/p>\n<p>N16A1-motoren har blitt brukt i flere Honda-modeller, inkludert Civic, CR-V og HR-V. Den er ogs\u00e5 tilgjengelig p\u00e5 Acura ILX-modellen. Denne motoren har vist seg \u00e5 v\u00e6re p\u00e5litelig og effektiv, noe som gj\u00f8r den til et popul\u00e6rt valg for de som \u00f8nsker en liten, men kraftig dieselmotor.<\/p>\n<p>Egenskapene til motoren og teknologiene som brukes gj\u00f8r N16A1-motoren til et utmerket valg for de som \u00f8nsker en \u00f8konomisk og effektiv dieselmotor. Den lette vekten og den lille st\u00f8rrelsen gj\u00f8r den til et ideelt valg for mindre biler som Honda Civic og HR-V. Hondas i-DTEC-teknologi garanterer utmerket motorytelse og lavt drivstofforbruk. N16A1-motoren er ekstremt p\u00e5litelig og slitesterk, noe som gj\u00f8r den til et utmerket valg for de som leter etter en langvarig dieselmotor.<\/p>\n","protected":false},"excerpt":{"rendered":"<p>Biler og modeller med N16A1-motoren:<\/p>\n<ul>\n<li>Honda Civic (2013-2017)<\/li>\n<li>Honda CR-V (2013-2018)<\/li>\n<li>Honda HR-V (2015-2021)<\/li>\n<li>Acura ILX (2013-2015)<\/li>\n<\/ul>\n","protected":false},"featured_media":4500,"template":"","meta":[],"product_brand":[],"product_cat":[568],"product_tag":[841,834],"class_list":{"0":"post-5772","1":"product","2":"type-product","3":"status-publish","4":"has-post-thumbnail","6":"product_cat-honda-no","7":"product_tag-civic-no","8":"product_tag-cr-v-no","9":"pa_varaosan-osasto-motor-no","12":"first","13":"instock","14":"shipping-taxable","15":"product-type-simple"},"yoast_head":"<!-- This site is optimized with the Yoast SEO plugin v26.8 - https:\/\/yoast.com\/product\/yoast-seo-wordpress\/ -->\n<title>1.6 I-DTEC &quot;N16A1&quot; motor [f.eks. Civic, CR-V]<\/title>\n<meta name=\"description\" content=\"En av motorene vi ofte har tilgjengelig. Send en foresp\u00f8rsel og du vil motta et tilbud innen 24 timer. Motorer, girkasser og andre bildeler med garanti.\" \/>\n<meta name=\"robots\" content=\"index, follow, max-snippet:-1, max-image-preview:large, max-video-preview:-1\" \/>\n<link rel=\"canonical\" href=\"https:\/\/autopartscenter24.com\/no\/auton-varaosat\/1-6-i-dtec-n16a1-moottori-honda-cr-v-civic\/\" \/>\n<meta property=\"og:locale\" content=\"nb_NO\" \/>\n<meta property=\"og:type\" content=\"article\" \/>\n<meta property=\"og:title\" content=\"1.6 I-DTEC &quot;N16A1&quot; motor [f.eks. Civic, CR-V]\" \/>\n<meta property=\"og:description\" content=\"En av motorene vi ofte har tilgjengelig. Send en foresp\u00f8rsel og du vil motta et tilbud innen 24 timer. Motorer, girkasser og andre bildeler med garanti.\" \/>\n<meta property=\"og:url\" content=\"https:\/\/autopartscenter24.com\/no\/auton-varaosat\/1-6-i-dtec-n16a1-moottori-honda-cr-v-civic\/\" \/>\n<meta property=\"og:site_name\" content=\"Autopartscenter24\" \/>\n<meta property=\"og:image\" content=\"https:\/\/autopartscenter24.com\/wp-content\/uploads\/2023\/03\/1-6-i-dtec-N16A1-moottori-honda-cr-v-civic.webp\" \/>\n\t<meta property=\"og:image:width\" content=\"800\" \/>\n\t<meta property=\"og:image:height\" content=\"600\" \/>\n\t<meta property=\"og:image:type\" content=\"image\/webp\" \/>\n<meta name=\"twitter:card\" content=\"summary_large_image\" \/>\n<meta name=\"twitter:label1\" content=\"Ansl. lesetid\" \/>\n\t<meta name=\"twitter:data1\" content=\"1 minutt\" \/>\n<script type=\"application\/ld+json\" class=\"yoast-schema-graph\">{\"@context\":\"https:\/\/schema.org\",\"@graph\":[{\"@type\":\"WebPage\",\"@id\":\"https:\/\/autopartscenter24.com\/auton-varaosat\/1-6-i-dtec-n16a1-moottori-honda-cr-v-civic\/\",\"url\":\"https:\/\/autopartscenter24.com\/auton-varaosat\/1-6-i-dtec-n16a1-moottori-honda-cr-v-civic\/\",\"name\":\"1.6 I-DTEC \\\"N16A1\\\" motor [f.eks. Civic, CR-V]\",\"isPartOf\":{\"@id\":\"https:\/\/autopartscenter24.com\/#website\"},\"primaryImageOfPage\":{\"@id\":\"https:\/\/autopartscenter24.com\/auton-varaosat\/1-6-i-dtec-n16a1-moottori-honda-cr-v-civic\/#primaryimage\"},\"image\":{\"@id\":\"https:\/\/autopartscenter24.com\/auton-varaosat\/1-6-i-dtec-n16a1-moottori-honda-cr-v-civic\/#primaryimage\"},\"thumbnailUrl\":\"https:\/\/autopartscenter24.com\/wp-content\/uploads\/2023\/03\/1-6-i-dtec-N16A1-moottori-honda-cr-v-civic.webp\",\"datePublished\":\"2023-12-02T17:36:22+00:00\",\"description\":\"En av motorene vi ofte har tilgjengelig. Send en foresp\u00f8rsel og du vil motta et tilbud innen 24 timer. Motorer, girkasser og andre bildeler med garanti.\",\"breadcrumb\":{\"@id\":\"https:\/\/autopartscenter24.com\/auton-varaosat\/1-6-i-dtec-n16a1-moottori-honda-cr-v-civic\/#breadcrumb\"},\"inLanguage\":\"nb-NO\",\"potentialAction\":[{\"@type\":\"ReadAction\",\"target\":[\"https:\/\/autopartscenter24.com\/auton-varaosat\/1-6-i-dtec-n16a1-moottori-honda-cr-v-civic\/\"]}]},{\"@type\":\"ImageObject\",\"inLanguage\":\"nb-NO\",\"@id\":\"https:\/\/autopartscenter24.com\/auton-varaosat\/1-6-i-dtec-n16a1-moottori-honda-cr-v-civic\/#primaryimage\",\"url\":\"https:\/\/autopartscenter24.com\/wp-content\/uploads\/2023\/03\/1-6-i-dtec-N16A1-moottori-honda-cr-v-civic.webp\",\"contentUrl\":\"https:\/\/autopartscenter24.com\/wp-content\/uploads\/2023\/03\/1-6-i-dtec-N16A1-moottori-honda-cr-v-civic.webp\",\"width\":800,\"height\":600},{\"@type\":\"BreadcrumbList\",\"@id\":\"https:\/\/autopartscenter24.com\/auton-varaosat\/1-6-i-dtec-n16a1-moottori-honda-cr-v-civic\/#breadcrumb\",\"itemListElement\":[{\"@type\":\"ListItem\",\"position\":1,\"name\":\"Hjem\",\"item\":\"https:\/\/aliceblue-termite-662564.hostingersite.com\/\"},{\"@type\":\"ListItem\",\"position\":2,\"name\":\"Auton varaosat\",\"item\":\"https:\/\/aliceblue-termite-662564.hostingersite.com\/auton-varaosat\/\"},{\"@type\":\"ListItem\",\"position\":3,\"name\":\"1.6 I-DTEC &#8221;N16A1&#8221; motor [f.eks. Civic, CR-V]\"}]},{\"@type\":\"WebSite\",\"@id\":\"https:\/\/autopartscenter24.com\/#website\",\"url\":\"https:\/\/autopartscenter24.com\/\",\"name\":\"Autopartscenter24\",\"description\":\"K\u00c4YTETYT JA KUNNOSTETUT  AUTON VARAOSAT\",\"potentialAction\":[{\"@type\":\"SearchAction\",\"target\":{\"@type\":\"EntryPoint\",\"urlTemplate\":\"https:\/\/autopartscenter24.com\/?s={search_term_string}\"},\"query-input\":{\"@type\":\"PropertyValueSpecification\",\"valueRequired\":true,\"valueName\":\"search_term_string\"}}],\"inLanguage\":\"nb-NO\"}]}<\/script>\n<!-- \/ Yoast SEO plugin. -->","yoast_head_json":{"title":"1.6 I-DTEC \"N16A1\" motor [f.eks. Civic, CR-V]","description":"En av motorene vi ofte har tilgjengelig. Send en foresp\u00f8rsel og du vil motta et tilbud innen 24 timer. Motorer, girkasser og andre bildeler med garanti.","robots":{"index":"index","follow":"follow","max-snippet":"max-snippet:-1","max-image-preview":"max-image-preview:large","max-video-preview":"max-video-preview:-1"},"canonical":"https:\/\/autopartscenter24.com\/no\/auton-varaosat\/1-6-i-dtec-n16a1-moottori-honda-cr-v-civic\/","og_locale":"nb_NO","og_type":"article","og_title":"1.6 I-DTEC \"N16A1\" motor [f.eks. Civic, CR-V]","og_description":"En av motorene vi ofte har tilgjengelig. Send en foresp\u00f8rsel og du vil motta et tilbud innen 24 timer. Motorer, girkasser og andre bildeler med garanti.","og_url":"https:\/\/autopartscenter24.com\/no\/auton-varaosat\/1-6-i-dtec-n16a1-moottori-honda-cr-v-civic\/","og_site_name":"Autopartscenter24","og_image":[{"width":800,"height":600,"url":"https:\/\/autopartscenter24.com\/wp-content\/uploads\/2023\/03\/1-6-i-dtec-N16A1-moottori-honda-cr-v-civic.webp","type":"image\/webp"}],"twitter_card":"summary_large_image","twitter_misc":{"Ansl. lesetid":"1 minutt"},"schema":{"@context":"https:\/\/schema.org","@graph":[{"@type":"WebPage","@id":"https:\/\/autopartscenter24.com\/auton-varaosat\/1-6-i-dtec-n16a1-moottori-honda-cr-v-civic\/","url":"https:\/\/autopartscenter24.com\/auton-varaosat\/1-6-i-dtec-n16a1-moottori-honda-cr-v-civic\/","name":"1.6 I-DTEC \"N16A1\" motor [f.eks. Civic, CR-V]","isPartOf":{"@id":"https:\/\/autopartscenter24.com\/#website"},"primaryImageOfPage":{"@id":"https:\/\/autopartscenter24.com\/auton-varaosat\/1-6-i-dtec-n16a1-moottori-honda-cr-v-civic\/#primaryimage"},"image":{"@id":"https:\/\/autopartscenter24.com\/auton-varaosat\/1-6-i-dtec-n16a1-moottori-honda-cr-v-civic\/#primaryimage"},"thumbnailUrl":"https:\/\/autopartscenter24.com\/wp-content\/uploads\/2023\/03\/1-6-i-dtec-N16A1-moottori-honda-cr-v-civic.webp","datePublished":"2023-12-02T17:36:22+00:00","description":"En av motorene vi ofte har tilgjengelig. Send en foresp\u00f8rsel og du vil motta et tilbud innen 24 timer. Motorer, girkasser og andre bildeler med garanti.","breadcrumb":{"@id":"https:\/\/autopartscenter24.com\/auton-varaosat\/1-6-i-dtec-n16a1-moottori-honda-cr-v-civic\/#breadcrumb"},"inLanguage":"nb-NO","potentialAction":[{"@type":"ReadAction","target":["https:\/\/autopartscenter24.com\/auton-varaosat\/1-6-i-dtec-n16a1-moottori-honda-cr-v-civic\/"]}]},{"@type":"ImageObject","inLanguage":"nb-NO","@id":"https:\/\/autopartscenter24.com\/auton-varaosat\/1-6-i-dtec-n16a1-moottori-honda-cr-v-civic\/#primaryimage","url":"https:\/\/autopartscenter24.com\/wp-content\/uploads\/2023\/03\/1-6-i-dtec-N16A1-moottori-honda-cr-v-civic.webp","contentUrl":"https:\/\/autopartscenter24.com\/wp-content\/uploads\/2023\/03\/1-6-i-dtec-N16A1-moottori-honda-cr-v-civic.webp","width":800,"height":600},{"@type":"BreadcrumbList","@id":"https:\/\/autopartscenter24.com\/auton-varaosat\/1-6-i-dtec-n16a1-moottori-honda-cr-v-civic\/#breadcrumb","itemListElement":[{"@type":"ListItem","position":1,"name":"Hjem","item":"https:\/\/aliceblue-termite-662564.hostingersite.com\/"},{"@type":"ListItem","position":2,"name":"Auton varaosat","item":"https:\/\/aliceblue-termite-662564.hostingersite.com\/auton-varaosat\/"},{"@type":"ListItem","position":3,"name":"1.6 I-DTEC &#8221;N16A1&#8221; motor [f.eks. Civic, CR-V]"}]},{"@type":"WebSite","@id":"https:\/\/autopartscenter24.com\/#website","url":"https:\/\/autopartscenter24.com\/","name":"Autopartscenter24","description":"K\u00c4YTETYT JA KUNNOSTETUT  AUTON VARAOSAT","potentialAction":[{"@type":"SearchAction","target":{"@type":"EntryPoint","urlTemplate":"https:\/\/autopartscenter24.com\/?s={search_term_string}"},"query-input":{"@type":"PropertyValueSpecification","valueRequired":true,"valueName":"search_term_string"}}],"inLanguage":"nb-NO"}]}},"_links":{"self":[{"href":"https:\/\/autopartscenter24.com\/no\/wp-json\/wp\/v2\/product\/5772","targetHints":{"allow":["GET"]}}],"collection":[{"href":"https:\/\/autopartscenter24.com\/no\/wp-json\/wp\/v2\/product"}],"about":[{"href":"https:\/\/autopartscenter24.com\/no\/wp-json\/wp\/v2\/types\/product"}],"wp:featuredmedia":[{"embeddable":true,"href":"https:\/\/autopartscenter24.com\/no\/wp-json\/wp\/v2\/media\/4500"}],"wp:attachment":[{"href":"https:\/\/autopartscenter24.com\/no\/wp-json\/wp\/v2\/media?parent=5772"}],"wp:term":[{"taxonomy":"product_brand","embeddable":true,"href":"https:\/\/autopartscenter24.com\/no\/wp-json\/wp\/v2\/product_brand?post=5772"},{"taxonomy":"product_cat","embeddable":true,"href":"https:\/\/autopartscenter24.com\/no\/wp-json\/wp\/v2\/product_cat?post=5772"},{"taxonomy":"product_tag","embeddable":true,"href":"https:\/\/autopartscenter24.com\/no\/wp-json\/wp\/v2\/product_tag?post=5772"}],"curies":[{"name":"wp","href":"https:\/\/api.w.org\/{rel}","templated":true}]}}