{"id":5771,"date":"2023-03-05T16:41:38","date_gmt":"2023-12-02T17:32:30","guid":{"rendered":"https:\/\/autopartscenter24.com\/product\/2-0-hdi-rhr-motor-f-eks-citroen-c5-peugeot-308-508-807\/"},"modified":"2023-12-02T18:32:30","modified_gmt":"2023-12-02T17:32:30","slug":"2-0-hdi-rhr-motor-f-eks-citroen-c5-peugeot-308-508-807","status":"publish","type":"product","link":"https:\/\/autopartscenter24.com\/no\/auton-varaosat\/2-0-hdi-rhr-motor-f-eks-citroen-c5-peugeot-308-508-807\/","title":{"rendered":"2.0 HDI &laquo;RHR&raquo;-motor [f.eks. Citroen C5, Peugeot 308, 508, 807]"},"content":{"rendered":"<p>2.0 HDI (motorkode: RHR) er et veldig popul\u00e6rt motoralternativ i PSA gruppebiler. Denne firesylindrede dieselmotoren bruker vanlig trykkinnspr\u00f8ytning og er utstyrt med et partikkelfilter. RHR-motoren har et slagvolum p\u00e5 1997 cm\u00b3 og yter en effekt p\u00e5 136 hestekrefter og et dreiemoment p\u00e5 320 Nm.<\/p>\n<p>Motoren er bygget for \u00e5 vare og gir utmerket ytelse og god drivstoff\u00f8konomi. I utformingen av motoren er det ogs\u00e5 lagt vekt p\u00e5 \u00e5 redusere utslippene. Den oppfyller Euro 5-utslippsstandardene, noe som gj\u00f8r den til et milj\u00f8vennlig alternativ.<\/p>\n<p>RHR-motoren har vist seg \u00e5 v\u00e6re et p\u00e5litelig og holdbart alternativ i PSA Group-biler. Den tilbyr en utmerket kombinasjon av ytelse og drivstoff\u00f8konomi, noe som gj\u00f8r den til et attraktivt valg for sj\u00e5f\u00f8rer som leter etter en \u00f8konomisk og effektiv dieselmotor.<\/p>\n","protected":false},"excerpt":{"rendered":"<p>2.0 HDI (motorkode: RHR) har blitt brukt i mange PSA gruppebiler. Her er noen bilmerker og modeller som har brukt denne motoren:<\/p>\n<ul>\n<li>Citro\u00ebn C5 (2007-2017)<\/li>\n<li>Citro\u00ebn C8 (2007-2014)<\/li>\n<li>Peugeot 407 (2006-2010)<\/li>\n<li>Peugeot 508 (2011-2018)<\/li>\n<li>Peugeot 807 (2007-2014)<\/li>\n<\/ul>\n","protected":false},"featured_media":4505,"template":"","meta":[],"product_brand":[],"product_cat":[548,612],"product_tag":[798,799,800,802,828],"class_list":{"0":"post-5771","1":"product","2":"type-product","3":"status-publish","4":"has-post-thumbnail","6":"product_cat-citroen-no","7":"product_cat-peugeot-no","8":"product_tag-308-no","9":"product_tag-407-no","10":"product_tag-508-no","11":"product_tag-807-no","12":"product_tag-c5-no","13":"pa_varaosan-osasto-motor-no","16":"first","17":"instock","18":"shipping-taxable","19":"product-type-simple"},"yoast_head":"<!-- This site is optimized with the Yoast SEO plugin v26.8 - https:\/\/yoast.com\/product\/yoast-seo-wordpress\/ -->\n<title>2.0 HDI &quot;RHR&quot;-motor [f.eks. Citroen C5, Peugeot 308, 508, 807]<\/title>\n<meta name=\"description\" content=\"En av motorene vi ofte har tilgjengelig. Send en foresp\u00f8rsel og du vil motta et tilbud innen 24 timer. Motorer, girkasser og andre bildeler med garanti.\" \/>\n<meta name=\"robots\" content=\"index, follow, max-snippet:-1, max-image-preview:large, max-video-preview:-1\" \/>\n<link rel=\"canonical\" href=\"https:\/\/autopartscenter24.com\/no\/auton-varaosat\/2-0-hdi-rhr-moottori-citroen-c5-peugeot-308\/\" \/>\n<meta property=\"og:locale\" content=\"nb_NO\" \/>\n<meta property=\"og:type\" content=\"article\" \/>\n<meta property=\"og:title\" content=\"2.0 HDI &quot;RHR&quot;-motor [f.eks. Citroen C5, Peugeot 308, 508, 807]\" \/>\n<meta property=\"og:description\" content=\"En av motorene vi ofte har tilgjengelig. Send en foresp\u00f8rsel og du vil motta et tilbud innen 24 timer. Motorer, girkasser og andre bildeler med garanti.\" \/>\n<meta property=\"og:url\" content=\"https:\/\/autopartscenter24.com\/no\/auton-varaosat\/2-0-hdi-rhr-moottori-citroen-c5-peugeot-308\/\" \/>\n<meta property=\"og:site_name\" content=\"Autopartscenter24\" \/>\n<meta property=\"og:image\" content=\"https:\/\/autopartscenter24.com\/wp-content\/uploads\/2023\/03\/2-0-hdi-RHR-moottori-citroen-c5-peugeot-308.webp\" \/>\n\t<meta property=\"og:image:width\" content=\"800\" \/>\n\t<meta property=\"og:image:height\" content=\"600\" \/>\n\t<meta property=\"og:image:type\" content=\"image\/webp\" \/>\n<meta name=\"twitter:card\" content=\"summary_large_image\" \/>\n<meta name=\"twitter:label1\" content=\"Ansl. lesetid\" \/>\n\t<meta name=\"twitter:data1\" content=\"1 minutt\" \/>\n<script type=\"application\/ld+json\" class=\"yoast-schema-graph\">{\"@context\":\"https:\/\/schema.org\",\"@graph\":[{\"@type\":\"WebPage\",\"@id\":\"https:\/\/autopartscenter24.com\/auton-varaosat\/2-0-hdi-rhr-moottori-citroen-c5-peugeot-308\/\",\"url\":\"https:\/\/autopartscenter24.com\/auton-varaosat\/2-0-hdi-rhr-moottori-citroen-c5-peugeot-308\/\",\"name\":\"2.0 HDI \\\"RHR\\\"-motor [f.eks. Citroen C5, Peugeot 308, 508, 807]\",\"isPartOf\":{\"@id\":\"https:\/\/autopartscenter24.com\/#website\"},\"primaryImageOfPage\":{\"@id\":\"https:\/\/autopartscenter24.com\/auton-varaosat\/2-0-hdi-rhr-moottori-citroen-c5-peugeot-308\/#primaryimage\"},\"image\":{\"@id\":\"https:\/\/autopartscenter24.com\/auton-varaosat\/2-0-hdi-rhr-moottori-citroen-c5-peugeot-308\/#primaryimage\"},\"thumbnailUrl\":\"https:\/\/autopartscenter24.com\/wp-content\/uploads\/2023\/03\/2-0-hdi-RHR-moottori-citroen-c5-peugeot-308.webp\",\"datePublished\":\"2023-12-02T17:32:30+00:00\",\"description\":\"En av motorene vi ofte har tilgjengelig. Send en foresp\u00f8rsel og du vil motta et tilbud innen 24 timer. Motorer, girkasser og andre bildeler med garanti.\",\"breadcrumb\":{\"@id\":\"https:\/\/autopartscenter24.com\/auton-varaosat\/2-0-hdi-rhr-moottori-citroen-c5-peugeot-308\/#breadcrumb\"},\"inLanguage\":\"nb-NO\",\"potentialAction\":[{\"@type\":\"ReadAction\",\"target\":[\"https:\/\/autopartscenter24.com\/auton-varaosat\/2-0-hdi-rhr-moottori-citroen-c5-peugeot-308\/\"]}]},{\"@type\":\"ImageObject\",\"inLanguage\":\"nb-NO\",\"@id\":\"https:\/\/autopartscenter24.com\/auton-varaosat\/2-0-hdi-rhr-moottori-citroen-c5-peugeot-308\/#primaryimage\",\"url\":\"https:\/\/autopartscenter24.com\/wp-content\/uploads\/2023\/03\/2-0-hdi-RHR-moottori-citroen-c5-peugeot-308.webp\",\"contentUrl\":\"https:\/\/autopartscenter24.com\/wp-content\/uploads\/2023\/03\/2-0-hdi-RHR-moottori-citroen-c5-peugeot-308.webp\",\"width\":800,\"height\":600},{\"@type\":\"BreadcrumbList\",\"@id\":\"https:\/\/autopartscenter24.com\/auton-varaosat\/2-0-hdi-rhr-moottori-citroen-c5-peugeot-308\/#breadcrumb\",\"itemListElement\":[{\"@type\":\"ListItem\",\"position\":1,\"name\":\"Hjem\",\"item\":\"https:\/\/aliceblue-termite-662564.hostingersite.com\/\"},{\"@type\":\"ListItem\",\"position\":2,\"name\":\"Auton varaosat\",\"item\":\"https:\/\/aliceblue-termite-662564.hostingersite.com\/auton-varaosat\/\"},{\"@type\":\"ListItem\",\"position\":3,\"name\":\"2.0 HDI &#8221;RHR&#8221;-motor [f.eks. Citroen C5, Peugeot 308, 508, 807]\"}]},{\"@type\":\"WebSite\",\"@id\":\"https:\/\/autopartscenter24.com\/#website\",\"url\":\"https:\/\/autopartscenter24.com\/\",\"name\":\"Autopartscenter24\",\"description\":\"K\u00c4YTETYT JA KUNNOSTETUT  AUTON VARAOSAT\",\"potentialAction\":[{\"@type\":\"SearchAction\",\"target\":{\"@type\":\"EntryPoint\",\"urlTemplate\":\"https:\/\/autopartscenter24.com\/?s={search_term_string}\"},\"query-input\":{\"@type\":\"PropertyValueSpecification\",\"valueRequired\":true,\"valueName\":\"search_term_string\"}}],\"inLanguage\":\"nb-NO\"}]}<\/script>\n<!-- \/ Yoast SEO plugin. -->","yoast_head_json":{"title":"2.0 HDI \"RHR\"-motor [f.eks. Citroen C5, Peugeot 308, 508, 807]","description":"En av motorene vi ofte har tilgjengelig. Send en foresp\u00f8rsel og du vil motta et tilbud innen 24 timer. Motorer, girkasser og andre bildeler med garanti.","robots":{"index":"index","follow":"follow","max-snippet":"max-snippet:-1","max-image-preview":"max-image-preview:large","max-video-preview":"max-video-preview:-1"},"canonical":"https:\/\/autopartscenter24.com\/no\/auton-varaosat\/2-0-hdi-rhr-moottori-citroen-c5-peugeot-308\/","og_locale":"nb_NO","og_type":"article","og_title":"2.0 HDI \"RHR\"-motor [f.eks. Citroen C5, Peugeot 308, 508, 807]","og_description":"En av motorene vi ofte har tilgjengelig. Send en foresp\u00f8rsel og du vil motta et tilbud innen 24 timer. Motorer, girkasser og andre bildeler med garanti.","og_url":"https:\/\/autopartscenter24.com\/no\/auton-varaosat\/2-0-hdi-rhr-moottori-citroen-c5-peugeot-308\/","og_site_name":"Autopartscenter24","og_image":[{"width":800,"height":600,"url":"https:\/\/autopartscenter24.com\/wp-content\/uploads\/2023\/03\/2-0-hdi-RHR-moottori-citroen-c5-peugeot-308.webp","type":"image\/webp"}],"twitter_card":"summary_large_image","twitter_misc":{"Ansl. lesetid":"1 minutt"},"schema":{"@context":"https:\/\/schema.org","@graph":[{"@type":"WebPage","@id":"https:\/\/autopartscenter24.com\/auton-varaosat\/2-0-hdi-rhr-moottori-citroen-c5-peugeot-308\/","url":"https:\/\/autopartscenter24.com\/auton-varaosat\/2-0-hdi-rhr-moottori-citroen-c5-peugeot-308\/","name":"2.0 HDI \"RHR\"-motor [f.eks. Citroen C5, Peugeot 308, 508, 807]","isPartOf":{"@id":"https:\/\/autopartscenter24.com\/#website"},"primaryImageOfPage":{"@id":"https:\/\/autopartscenter24.com\/auton-varaosat\/2-0-hdi-rhr-moottori-citroen-c5-peugeot-308\/#primaryimage"},"image":{"@id":"https:\/\/autopartscenter24.com\/auton-varaosat\/2-0-hdi-rhr-moottori-citroen-c5-peugeot-308\/#primaryimage"},"thumbnailUrl":"https:\/\/autopartscenter24.com\/wp-content\/uploads\/2023\/03\/2-0-hdi-RHR-moottori-citroen-c5-peugeot-308.webp","datePublished":"2023-12-02T17:32:30+00:00","description":"En av motorene vi ofte har tilgjengelig. Send en foresp\u00f8rsel og du vil motta et tilbud innen 24 timer. Motorer, girkasser og andre bildeler med garanti.","breadcrumb":{"@id":"https:\/\/autopartscenter24.com\/auton-varaosat\/2-0-hdi-rhr-moottori-citroen-c5-peugeot-308\/#breadcrumb"},"inLanguage":"nb-NO","potentialAction":[{"@type":"ReadAction","target":["https:\/\/autopartscenter24.com\/auton-varaosat\/2-0-hdi-rhr-moottori-citroen-c5-peugeot-308\/"]}]},{"@type":"ImageObject","inLanguage":"nb-NO","@id":"https:\/\/autopartscenter24.com\/auton-varaosat\/2-0-hdi-rhr-moottori-citroen-c5-peugeot-308\/#primaryimage","url":"https:\/\/autopartscenter24.com\/wp-content\/uploads\/2023\/03\/2-0-hdi-RHR-moottori-citroen-c5-peugeot-308.webp","contentUrl":"https:\/\/autopartscenter24.com\/wp-content\/uploads\/2023\/03\/2-0-hdi-RHR-moottori-citroen-c5-peugeot-308.webp","width":800,"height":600},{"@type":"BreadcrumbList","@id":"https:\/\/autopartscenter24.com\/auton-varaosat\/2-0-hdi-rhr-moottori-citroen-c5-peugeot-308\/#breadcrumb","itemListElement":[{"@type":"ListItem","position":1,"name":"Hjem","item":"https:\/\/aliceblue-termite-662564.hostingersite.com\/"},{"@type":"ListItem","position":2,"name":"Auton varaosat","item":"https:\/\/aliceblue-termite-662564.hostingersite.com\/auton-varaosat\/"},{"@type":"ListItem","position":3,"name":"2.0 HDI &#8221;RHR&#8221;-motor [f.eks. Citroen C5, Peugeot 308, 508, 807]"}]},{"@type":"WebSite","@id":"https:\/\/autopartscenter24.com\/#website","url":"https:\/\/autopartscenter24.com\/","name":"Autopartscenter24","description":"K\u00c4YTETYT JA KUNNOSTETUT  AUTON VARAOSAT","potentialAction":[{"@type":"SearchAction","target":{"@type":"EntryPoint","urlTemplate":"https:\/\/autopartscenter24.com\/?s={search_term_string}"},"query-input":{"@type":"PropertyValueSpecification","valueRequired":true,"valueName":"search_term_string"}}],"inLanguage":"nb-NO"}]}},"_links":{"self":[{"href":"https:\/\/autopartscenter24.com\/no\/wp-json\/wp\/v2\/product\/5771","targetHints":{"allow":["GET"]}}],"collection":[{"href":"https:\/\/autopartscenter24.com\/no\/wp-json\/wp\/v2\/product"}],"about":[{"href":"https:\/\/autopartscenter24.com\/no\/wp-json\/wp\/v2\/types\/product"}],"wp:featuredmedia":[{"embeddable":true,"href":"https:\/\/autopartscenter24.com\/no\/wp-json\/wp\/v2\/media\/4505"}],"wp:attachment":[{"href":"https:\/\/autopartscenter24.com\/no\/wp-json\/wp\/v2\/media?parent=5771"}],"wp:term":[{"taxonomy":"product_brand","embeddable":true,"href":"https:\/\/autopartscenter24.com\/no\/wp-json\/wp\/v2\/product_brand?post=5771"},{"taxonomy":"product_cat","embeddable":true,"href":"https:\/\/autopartscenter24.com\/no\/wp-json\/wp\/v2\/product_cat?post=5771"},{"taxonomy":"product_tag","embeddable":true,"href":"https:\/\/autopartscenter24.com\/no\/wp-json\/wp\/v2\/product_tag?post=5771"}],"curies":[{"name":"wp","href":"https:\/\/api.w.org\/{rel}","templated":true}]}}