{"id":5770,"date":"2023-03-05T16:46:33","date_gmt":"2023-12-02T17:30:59","guid":{"rendered":"https:\/\/autopartscenter24.com\/product\/2-0-tdi-bmp-motor-f-eks-golf-octavia-a4\/"},"modified":"2023-12-02T18:30:59","modified_gmt":"2023-12-02T17:30:59","slug":"2-0-tdi-bmp-motor-f-eks-golf-octavia-a4","status":"publish","type":"product","link":"https:\/\/autopartscenter24.com\/no\/auton-varaosat\/2-0-tdi-bmp-motor-f-eks-golf-octavia-a4\/","title":{"rendered":"2.0 TDI &laquo;BMP&raquo;-motor [f.eks. Golf, Octavia, A4]"},"content":{"rendered":"<p><strong>2.0 TDI (motorkode: BMP)<\/strong> er en firesylindret dieselmotor designet og produsert av Volkswagen Group. Den er en del av Volkswagens TDI-motorfamilie, kjent for sin holdbarhet og \u00f8konomi.<\/p>\n<p>Motoren har en sylinderkapasitet p\u00e5 2,0 liter og er utstyrt med flerpunktsinnspr\u00f8ytning og turbo. Effekten varierer etter modell og \u00e5rsmodell, men generelt varierer motoreffekten mellom 100 og 170 hestekrefter, og dreiemomentet varierer mellom 250 og 350 newtonmeter.<\/p>\n<p>De tekniske egenskapene til BMP-motoren er bemerkelsesverdige p\u00e5 grunn av dens h\u00f8ye kraft og dreiemoment. Motoren er ogs\u00e5 sv\u00e6rt \u00f8konomisk, noe som er en av dens st\u00f8rste fordeler. Drivstofforbruket er betydelig lavere sammenlignet med andre motortyper, noe som gj\u00f8r det til et attraktivt alternativ for de som leter etter et drivstoffeffektivt kj\u00f8ret\u00f8y.<\/p>\n<p>Holdbarheten til motoren er ogs\u00e5 utmerket, noe som gj\u00f8r den til et popul\u00e6rt valg for langtidsbruk. Vedlikehold av BMP-motoren er ogs\u00e5 relativt enkelt og rimelig, noe som ogs\u00e5 er et viktig aspekt fra bilistenes synspunkt.<\/p>\n<p>Disse bilene er alle kjent for sin p\u00e5litelighet og ytelse takket v\u00e6re BMP-motoren. Motorvedlikehold og \u00e5 finne reservedeler til disse bilene er ikke noe problem, noe som gj\u00f8r dem fortsatt popul\u00e6re valg for brukte og nye biler.<\/p>\n","protected":false},"excerpt":{"rendered":"<p>2.0 TDI (motorkode: BMP) motoren har blitt brukt i flere biler produsert av Volkswagen Group, inkludert:<\/p>\n<ul>\n<li>Volkswagen Passat (2005-2010)<\/li>\n<li>Volkswagen Golf V (2003-2009)<\/li>\n<li>Volkswagen Golf VI (2009-2012)<\/li>\n<li>Audi A3 (2003-2013)<\/li>\n<li>Audi A4 (2004-2007)<\/li>\n<li>Audi A6 (2005-2011)<\/li>\n<li>Skoda Octavia (2004-2013)<\/li>\n<\/ul>\n","protected":false},"featured_media":4510,"template":"","meta":[],"product_brand":[],"product_cat":[484,486,485],"product_tag":[488,808,810,489,490,491],"class_list":{"0":"post-5770","1":"product","2":"type-product","3":"status-publish","4":"has-post-thumbnail","6":"product_cat-audi-no","7":"product_cat-skoda-no","8":"product_cat-vw-no","9":"product_tag-a3-no","10":"product_tag-a4-no","11":"product_tag-a6-no","12":"product_tag-golf-no","13":"product_tag-octavia-no","14":"product_tag-passat-no","15":"pa_varaosan-osasto-motor-no","18":"first","19":"instock","20":"shipping-taxable","21":"product-type-simple"},"yoast_head":"<!-- This site is optimized with the Yoast SEO plugin v26.8 - https:\/\/yoast.com\/product\/yoast-seo-wordpress\/ -->\n<title>2.0 TDI &quot;BMP&quot;-motor [f.eks. Golf, Octavia, A4]<\/title>\n<meta name=\"description\" content=\"En av motorene vi ofte har tilgjengelig. Send en foresp\u00f8rsel og du vil motta et tilbud innen 24 timer. Motorer, girkasser og andre bildeler med garanti.\" \/>\n<meta name=\"robots\" content=\"index, follow, max-snippet:-1, max-image-preview:large, max-video-preview:-1\" \/>\n<link rel=\"canonical\" href=\"https:\/\/autopartscenter24.com\/no\/auton-varaosat\/2-0-tdi-bmp-moottori-vw-passat-b6-superb\/\" \/>\n<meta property=\"og:locale\" content=\"nb_NO\" \/>\n<meta property=\"og:type\" content=\"article\" \/>\n<meta property=\"og:title\" content=\"2.0 TDI &quot;BMP&quot;-motor [f.eks. Golf, Octavia, A4]\" \/>\n<meta property=\"og:description\" content=\"En av motorene vi ofte har tilgjengelig. Send en foresp\u00f8rsel og du vil motta et tilbud innen 24 timer. Motorer, girkasser og andre bildeler med garanti.\" \/>\n<meta property=\"og:url\" content=\"https:\/\/autopartscenter24.com\/no\/auton-varaosat\/2-0-tdi-bmp-moottori-vw-passat-b6-superb\/\" \/>\n<meta property=\"og:site_name\" content=\"Autopartscenter24\" \/>\n<meta property=\"og:image\" content=\"https:\/\/autopartscenter24.com\/wp-content\/uploads\/2023\/03\/2-0-tdi-BMP-moottori-vw-passat-b6-superb.webp\" \/>\n\t<meta property=\"og:image:width\" content=\"800\" \/>\n\t<meta property=\"og:image:height\" content=\"600\" \/>\n\t<meta property=\"og:image:type\" content=\"image\/webp\" \/>\n<meta name=\"twitter:card\" content=\"summary_large_image\" \/>\n<meta name=\"twitter:label1\" content=\"Ansl. lesetid\" \/>\n\t<meta name=\"twitter:data1\" content=\"1 minutt\" \/>\n<script type=\"application\/ld+json\" class=\"yoast-schema-graph\">{\"@context\":\"https:\/\/schema.org\",\"@graph\":[{\"@type\":\"WebPage\",\"@id\":\"https:\/\/autopartscenter24.com\/auton-varaosat\/2-0-tdi-bmp-moottori-vw-passat-b6-superb\/\",\"url\":\"https:\/\/autopartscenter24.com\/auton-varaosat\/2-0-tdi-bmp-moottori-vw-passat-b6-superb\/\",\"name\":\"2.0 TDI \\\"BMP\\\"-motor [f.eks. Golf, Octavia, A4]\",\"isPartOf\":{\"@id\":\"https:\/\/autopartscenter24.com\/#website\"},\"primaryImageOfPage\":{\"@id\":\"https:\/\/autopartscenter24.com\/auton-varaosat\/2-0-tdi-bmp-moottori-vw-passat-b6-superb\/#primaryimage\"},\"image\":{\"@id\":\"https:\/\/autopartscenter24.com\/auton-varaosat\/2-0-tdi-bmp-moottori-vw-passat-b6-superb\/#primaryimage\"},\"thumbnailUrl\":\"https:\/\/autopartscenter24.com\/wp-content\/uploads\/2023\/03\/2-0-tdi-BMP-moottori-vw-passat-b6-superb.webp\",\"datePublished\":\"2023-12-02T17:30:59+00:00\",\"description\":\"En av motorene vi ofte har tilgjengelig. Send en foresp\u00f8rsel og du vil motta et tilbud innen 24 timer. Motorer, girkasser og andre bildeler med garanti.\",\"breadcrumb\":{\"@id\":\"https:\/\/autopartscenter24.com\/auton-varaosat\/2-0-tdi-bmp-moottori-vw-passat-b6-superb\/#breadcrumb\"},\"inLanguage\":\"nb-NO\",\"potentialAction\":[{\"@type\":\"ReadAction\",\"target\":[\"https:\/\/autopartscenter24.com\/auton-varaosat\/2-0-tdi-bmp-moottori-vw-passat-b6-superb\/\"]}]},{\"@type\":\"ImageObject\",\"inLanguage\":\"nb-NO\",\"@id\":\"https:\/\/autopartscenter24.com\/auton-varaosat\/2-0-tdi-bmp-moottori-vw-passat-b6-superb\/#primaryimage\",\"url\":\"https:\/\/autopartscenter24.com\/wp-content\/uploads\/2023\/03\/2-0-tdi-BMP-moottori-vw-passat-b6-superb.webp\",\"contentUrl\":\"https:\/\/autopartscenter24.com\/wp-content\/uploads\/2023\/03\/2-0-tdi-BMP-moottori-vw-passat-b6-superb.webp\",\"width\":800,\"height\":600},{\"@type\":\"BreadcrumbList\",\"@id\":\"https:\/\/autopartscenter24.com\/auton-varaosat\/2-0-tdi-bmp-moottori-vw-passat-b6-superb\/#breadcrumb\",\"itemListElement\":[{\"@type\":\"ListItem\",\"position\":1,\"name\":\"Hjem\",\"item\":\"https:\/\/aliceblue-termite-662564.hostingersite.com\/\"},{\"@type\":\"ListItem\",\"position\":2,\"name\":\"Auton varaosat\",\"item\":\"https:\/\/aliceblue-termite-662564.hostingersite.com\/auton-varaosat\/\"},{\"@type\":\"ListItem\",\"position\":3,\"name\":\"2.0 TDI &#8221;BMP&#8221;-motor [f.eks. Golf, Octavia, A4]\"}]},{\"@type\":\"WebSite\",\"@id\":\"https:\/\/autopartscenter24.com\/#website\",\"url\":\"https:\/\/autopartscenter24.com\/\",\"name\":\"Autopartscenter24\",\"description\":\"K\u00c4YTETYT JA KUNNOSTETUT  AUTON VARAOSAT\",\"potentialAction\":[{\"@type\":\"SearchAction\",\"target\":{\"@type\":\"EntryPoint\",\"urlTemplate\":\"https:\/\/autopartscenter24.com\/?s={search_term_string}\"},\"query-input\":{\"@type\":\"PropertyValueSpecification\",\"valueRequired\":true,\"valueName\":\"search_term_string\"}}],\"inLanguage\":\"nb-NO\"}]}<\/script>\n<!-- \/ Yoast SEO plugin. -->","yoast_head_json":{"title":"2.0 TDI \"BMP\"-motor [f.eks. Golf, Octavia, A4]","description":"En av motorene vi ofte har tilgjengelig. Send en foresp\u00f8rsel og du vil motta et tilbud innen 24 timer. Motorer, girkasser og andre bildeler med garanti.","robots":{"index":"index","follow":"follow","max-snippet":"max-snippet:-1","max-image-preview":"max-image-preview:large","max-video-preview":"max-video-preview:-1"},"canonical":"https:\/\/autopartscenter24.com\/no\/auton-varaosat\/2-0-tdi-bmp-moottori-vw-passat-b6-superb\/","og_locale":"nb_NO","og_type":"article","og_title":"2.0 TDI \"BMP\"-motor [f.eks. Golf, Octavia, A4]","og_description":"En av motorene vi ofte har tilgjengelig. Send en foresp\u00f8rsel og du vil motta et tilbud innen 24 timer. Motorer, girkasser og andre bildeler med garanti.","og_url":"https:\/\/autopartscenter24.com\/no\/auton-varaosat\/2-0-tdi-bmp-moottori-vw-passat-b6-superb\/","og_site_name":"Autopartscenter24","og_image":[{"width":800,"height":600,"url":"https:\/\/autopartscenter24.com\/wp-content\/uploads\/2023\/03\/2-0-tdi-BMP-moottori-vw-passat-b6-superb.webp","type":"image\/webp"}],"twitter_card":"summary_large_image","twitter_misc":{"Ansl. lesetid":"1 minutt"},"schema":{"@context":"https:\/\/schema.org","@graph":[{"@type":"WebPage","@id":"https:\/\/autopartscenter24.com\/auton-varaosat\/2-0-tdi-bmp-moottori-vw-passat-b6-superb\/","url":"https:\/\/autopartscenter24.com\/auton-varaosat\/2-0-tdi-bmp-moottori-vw-passat-b6-superb\/","name":"2.0 TDI \"BMP\"-motor [f.eks. Golf, Octavia, A4]","isPartOf":{"@id":"https:\/\/autopartscenter24.com\/#website"},"primaryImageOfPage":{"@id":"https:\/\/autopartscenter24.com\/auton-varaosat\/2-0-tdi-bmp-moottori-vw-passat-b6-superb\/#primaryimage"},"image":{"@id":"https:\/\/autopartscenter24.com\/auton-varaosat\/2-0-tdi-bmp-moottori-vw-passat-b6-superb\/#primaryimage"},"thumbnailUrl":"https:\/\/autopartscenter24.com\/wp-content\/uploads\/2023\/03\/2-0-tdi-BMP-moottori-vw-passat-b6-superb.webp","datePublished":"2023-12-02T17:30:59+00:00","description":"En av motorene vi ofte har tilgjengelig. Send en foresp\u00f8rsel og du vil motta et tilbud innen 24 timer. Motorer, girkasser og andre bildeler med garanti.","breadcrumb":{"@id":"https:\/\/autopartscenter24.com\/auton-varaosat\/2-0-tdi-bmp-moottori-vw-passat-b6-superb\/#breadcrumb"},"inLanguage":"nb-NO","potentialAction":[{"@type":"ReadAction","target":["https:\/\/autopartscenter24.com\/auton-varaosat\/2-0-tdi-bmp-moottori-vw-passat-b6-superb\/"]}]},{"@type":"ImageObject","inLanguage":"nb-NO","@id":"https:\/\/autopartscenter24.com\/auton-varaosat\/2-0-tdi-bmp-moottori-vw-passat-b6-superb\/#primaryimage","url":"https:\/\/autopartscenter24.com\/wp-content\/uploads\/2023\/03\/2-0-tdi-BMP-moottori-vw-passat-b6-superb.webp","contentUrl":"https:\/\/autopartscenter24.com\/wp-content\/uploads\/2023\/03\/2-0-tdi-BMP-moottori-vw-passat-b6-superb.webp","width":800,"height":600},{"@type":"BreadcrumbList","@id":"https:\/\/autopartscenter24.com\/auton-varaosat\/2-0-tdi-bmp-moottori-vw-passat-b6-superb\/#breadcrumb","itemListElement":[{"@type":"ListItem","position":1,"name":"Hjem","item":"https:\/\/aliceblue-termite-662564.hostingersite.com\/"},{"@type":"ListItem","position":2,"name":"Auton varaosat","item":"https:\/\/aliceblue-termite-662564.hostingersite.com\/auton-varaosat\/"},{"@type":"ListItem","position":3,"name":"2.0 TDI &#8221;BMP&#8221;-motor [f.eks. Golf, Octavia, A4]"}]},{"@type":"WebSite","@id":"https:\/\/autopartscenter24.com\/#website","url":"https:\/\/autopartscenter24.com\/","name":"Autopartscenter24","description":"K\u00c4YTETYT JA KUNNOSTETUT  AUTON VARAOSAT","potentialAction":[{"@type":"SearchAction","target":{"@type":"EntryPoint","urlTemplate":"https:\/\/autopartscenter24.com\/?s={search_term_string}"},"query-input":{"@type":"PropertyValueSpecification","valueRequired":true,"valueName":"search_term_string"}}],"inLanguage":"nb-NO"}]}},"_links":{"self":[{"href":"https:\/\/autopartscenter24.com\/no\/wp-json\/wp\/v2\/product\/5770","targetHints":{"allow":["GET"]}}],"collection":[{"href":"https:\/\/autopartscenter24.com\/no\/wp-json\/wp\/v2\/product"}],"about":[{"href":"https:\/\/autopartscenter24.com\/no\/wp-json\/wp\/v2\/types\/product"}],"wp:featuredmedia":[{"embeddable":true,"href":"https:\/\/autopartscenter24.com\/no\/wp-json\/wp\/v2\/media\/4510"}],"wp:attachment":[{"href":"https:\/\/autopartscenter24.com\/no\/wp-json\/wp\/v2\/media?parent=5770"}],"wp:term":[{"taxonomy":"product_brand","embeddable":true,"href":"https:\/\/autopartscenter24.com\/no\/wp-json\/wp\/v2\/product_brand?post=5770"},{"taxonomy":"product_cat","embeddable":true,"href":"https:\/\/autopartscenter24.com\/no\/wp-json\/wp\/v2\/product_cat?post=5770"},{"taxonomy":"product_tag","embeddable":true,"href":"https:\/\/autopartscenter24.com\/no\/wp-json\/wp\/v2\/product_tag?post=5770"}],"curies":[{"name":"wp","href":"https:\/\/api.w.org\/{rel}","templated":true}]}}