{"id":5769,"date":"2023-03-05T16:52:06","date_gmt":"2023-12-02T17:29:09","guid":{"rendered":"https:\/\/autopartscenter24.com\/product\/2-2-cdi-646821-motor-f-eks-e-klasse-w211-c-klasse\/"},"modified":"2023-12-02T18:29:09","modified_gmt":"2023-12-02T17:29:09","slug":"2-2-cdi-646821-motor-f-eks-e-klasse-w211-c-klasse","status":"publish","type":"product","link":"https:\/\/autopartscenter24.com\/no\/auton-varaosat\/2-2-cdi-646821-motor-f-eks-e-klasse-w211-c-klasse\/","title":{"rendered":"2.2 CDI &laquo;646821&raquo; motor [f.eks. E-klasse W211, C-klasse]"},"content":{"rendered":"<div class=\"w-full border-b border-black\/10 dark:border-gray-900\/50 text-gray-800 dark:text-gray-100 group bg-gray-50 dark:bg-[#444654]\">\n<div class=\"text-base gap-4 md:gap-6 m-auto md:max-w-2xl lg:max-w-2xl xl:max-w-3xl p-4 md:py-6 flex lg:px-0\">\n<div class=\"relative flex w-[calc(100%-50px)] flex-col gap-1 md:gap-3 lg:w-[calc(100%-115px)]\">\n<div class=\"flex flex-grow flex-col gap-3\">\n<div class=\"min-h-[20px] flex flex-col items-start gap-4 whitespace-pre-wrap\">\n<div class=\"markdown prose w-full break-words dark:prose-invert light\">\n<p><strong>Mercedes-Benz 2.2 CDI (motorkode: 646821)<\/strong> er en h\u00f8yytelses dieselmotor designet for mellomstore og store biler. Det er en firesylindret motor med en sylinderkapasitet p\u00e5 2,2 liter. Motordesignet bruker avanserte teknologier som vanlig injeksjon og flertrinns turbolading, noe som gir bedre drivstoffeffektivitet og lavere utslipp.<\/p>\n<p>Toppeffekten til 646821-motoren er 170 hestekrefter og maksimalt dreiemoment er 400 Nm. Motoren er sv\u00e6rt dreiemoment, noe som muliggj\u00f8r rask akselerasjon og gode kj\u00f8reegenskaper. Den er ogs\u00e5 stilleg\u00e5ende og vibrasjonsfri i l\u00f8pelyden.<\/p>\n<p>Motorstrukturen er holdbar og p\u00e5litelig. Vevstengene er spesialdesignet for \u00e5 t\u00e5le h\u00f8ye dreiemomenter, og motorens sylinderhoder er laget av slitesterkt st\u00f8pejern. Motorens oljesystem er designet for \u00e5 garantere lang motorlevetid og minimere vedlikeholdsbehov.<\/p>\n<p>Motoren har f\u00e5tt positive tilbakemeldinger p\u00e5 ytelse, \u00f8konomi og holdbarhet. Det er et veldig popul\u00e6rt motoralternativ i Mercedes-Benz dieselbiler og er verdsatt for sin kombinasjon av effektivitet og p\u00e5litelighet.<\/p>\n<\/div>\n<\/div>\n<\/div>\n<div class=\"flex justify-between\">\n<div class=\"text-gray-400 flex self-end lg:self-center justify-center mt-2 gap-3 md:gap-4 lg:gap-1 lg:absolute lg:top-0 lg:translate-x-full lg:right-0 lg:mt-0 lg:pl-2 visible\"><\/div>\n<\/div>\n<\/div>\n<\/div>\n<\/div>\n","protected":false},"excerpt":{"rendered":"<p>Mercedes-Benz har brukt 646821-motoren i flere av sine bilmodeller i forskjellige \u00e5r. Nedenfor er en liste over noen modeller der motoren har v\u00e6rt brukt:<\/p>\n<ul>\n<li>Mercedes-Benz C220 CDI (2007-2014)<\/li>\n<li>Mercedes-Benz E220 CDI (2006-2009)<\/li>\n<li>Mercedes-Benz GLK220 CDI (2008-2012)<\/li>\n<li>Mercedes-Benz CLK220 CDI (2005-2009)<\/li>\n<li>Mercedes-Benz ML220 CDI (2005-2010)<\/li>\n<\/ul>\n","protected":false},"featured_media":4515,"template":"","meta":[],"product_brand":[],"product_cat":[592],"product_tag":[821,852,930],"class_list":{"0":"post-5769","1":"product","2":"type-product","3":"status-publish","4":"has-post-thumbnail","6":"product_cat-mercedes-benz-no","7":"product_tag-c-class-no","8":"product_tag-e-class-no","9":"product_tag-w211-no","10":"pa_varaosan-osasto-motor-no","13":"first","14":"instock","15":"shipping-taxable","16":"product-type-simple"},"yoast_head":"<!-- This site is optimized with the Yoast SEO plugin v26.8 - https:\/\/yoast.com\/product\/yoast-seo-wordpress\/ -->\n<title>2.2 CDI &quot;646821&quot; motor [f.eks. E-klasse W211, C-klasse]<\/title>\n<meta name=\"description\" content=\"En av motorene vi ofte har tilgjengelig. Send en foresp\u00f8rsel og du vil motta et tilbud innen 24 timer. Motorer, girkasser og andre bildeler med garanti.\" \/>\n<meta name=\"robots\" content=\"index, follow, max-snippet:-1, max-image-preview:large, max-video-preview:-1\" \/>\n<link rel=\"canonical\" href=\"https:\/\/autopartscenter24.com\/no\/auton-varaosat\/2-2-cdi-646821-moottori-mercedes-e-w211\/\" \/>\n<meta property=\"og:locale\" content=\"nb_NO\" \/>\n<meta property=\"og:type\" content=\"article\" \/>\n<meta property=\"og:title\" content=\"2.2 CDI &quot;646821&quot; motor [f.eks. E-klasse W211, C-klasse]\" \/>\n<meta property=\"og:description\" content=\"En av motorene vi ofte har tilgjengelig. Send en foresp\u00f8rsel og du vil motta et tilbud innen 24 timer. Motorer, girkasser og andre bildeler med garanti.\" \/>\n<meta property=\"og:url\" content=\"https:\/\/autopartscenter24.com\/no\/auton-varaosat\/2-2-cdi-646821-moottori-mercedes-e-w211\/\" \/>\n<meta property=\"og:site_name\" content=\"Autopartscenter24\" \/>\n<meta property=\"og:image\" content=\"https:\/\/autopartscenter24.com\/wp-content\/uploads\/2023\/03\/2-2-cdi-646821-moottori-mercedes-e-w211.webp\" \/>\n\t<meta property=\"og:image:width\" content=\"800\" \/>\n\t<meta property=\"og:image:height\" content=\"600\" \/>\n\t<meta property=\"og:image:type\" content=\"image\/webp\" \/>\n<meta name=\"twitter:card\" content=\"summary_large_image\" \/>\n<meta name=\"twitter:label1\" content=\"Ansl. lesetid\" \/>\n\t<meta name=\"twitter:data1\" content=\"1 minutt\" \/>\n<script type=\"application\/ld+json\" class=\"yoast-schema-graph\">{\"@context\":\"https:\/\/schema.org\",\"@graph\":[{\"@type\":\"WebPage\",\"@id\":\"https:\/\/autopartscenter24.com\/auton-varaosat\/2-2-cdi-646821-moottori-mercedes-e-w211\/\",\"url\":\"https:\/\/autopartscenter24.com\/auton-varaosat\/2-2-cdi-646821-moottori-mercedes-e-w211\/\",\"name\":\"2.2 CDI \\\"646821\\\" motor [f.eks. E-klasse W211, C-klasse]\",\"isPartOf\":{\"@id\":\"https:\/\/autopartscenter24.com\/#website\"},\"primaryImageOfPage\":{\"@id\":\"https:\/\/autopartscenter24.com\/auton-varaosat\/2-2-cdi-646821-moottori-mercedes-e-w211\/#primaryimage\"},\"image\":{\"@id\":\"https:\/\/autopartscenter24.com\/auton-varaosat\/2-2-cdi-646821-moottori-mercedes-e-w211\/#primaryimage\"},\"thumbnailUrl\":\"https:\/\/autopartscenter24.com\/wp-content\/uploads\/2023\/03\/2-2-cdi-646821-moottori-mercedes-e-w211.webp\",\"datePublished\":\"2023-12-02T17:29:09+00:00\",\"description\":\"En av motorene vi ofte har tilgjengelig. Send en foresp\u00f8rsel og du vil motta et tilbud innen 24 timer. Motorer, girkasser og andre bildeler med garanti.\",\"breadcrumb\":{\"@id\":\"https:\/\/autopartscenter24.com\/auton-varaosat\/2-2-cdi-646821-moottori-mercedes-e-w211\/#breadcrumb\"},\"inLanguage\":\"nb-NO\",\"potentialAction\":[{\"@type\":\"ReadAction\",\"target\":[\"https:\/\/autopartscenter24.com\/auton-varaosat\/2-2-cdi-646821-moottori-mercedes-e-w211\/\"]}]},{\"@type\":\"ImageObject\",\"inLanguage\":\"nb-NO\",\"@id\":\"https:\/\/autopartscenter24.com\/auton-varaosat\/2-2-cdi-646821-moottori-mercedes-e-w211\/#primaryimage\",\"url\":\"https:\/\/autopartscenter24.com\/wp-content\/uploads\/2023\/03\/2-2-cdi-646821-moottori-mercedes-e-w211.webp\",\"contentUrl\":\"https:\/\/autopartscenter24.com\/wp-content\/uploads\/2023\/03\/2-2-cdi-646821-moottori-mercedes-e-w211.webp\",\"width\":800,\"height\":600},{\"@type\":\"BreadcrumbList\",\"@id\":\"https:\/\/autopartscenter24.com\/auton-varaosat\/2-2-cdi-646821-moottori-mercedes-e-w211\/#breadcrumb\",\"itemListElement\":[{\"@type\":\"ListItem\",\"position\":1,\"name\":\"Hjem\",\"item\":\"https:\/\/aliceblue-termite-662564.hostingersite.com\/\"},{\"@type\":\"ListItem\",\"position\":2,\"name\":\"Auton varaosat\",\"item\":\"https:\/\/aliceblue-termite-662564.hostingersite.com\/auton-varaosat\/\"},{\"@type\":\"ListItem\",\"position\":3,\"name\":\"2.2 CDI &#8221;646821&#8221; motor [f.eks. E-klasse W211, C-klasse]\"}]},{\"@type\":\"WebSite\",\"@id\":\"https:\/\/autopartscenter24.com\/#website\",\"url\":\"https:\/\/autopartscenter24.com\/\",\"name\":\"Autopartscenter24\",\"description\":\"K\u00c4YTETYT JA KUNNOSTETUT  AUTON VARAOSAT\",\"potentialAction\":[{\"@type\":\"SearchAction\",\"target\":{\"@type\":\"EntryPoint\",\"urlTemplate\":\"https:\/\/autopartscenter24.com\/?s={search_term_string}\"},\"query-input\":{\"@type\":\"PropertyValueSpecification\",\"valueRequired\":true,\"valueName\":\"search_term_string\"}}],\"inLanguage\":\"nb-NO\"}]}<\/script>\n<!-- \/ Yoast SEO plugin. -->","yoast_head_json":{"title":"2.2 CDI \"646821\" motor [f.eks. E-klasse W211, C-klasse]","description":"En av motorene vi ofte har tilgjengelig. Send en foresp\u00f8rsel og du vil motta et tilbud innen 24 timer. Motorer, girkasser og andre bildeler med garanti.","robots":{"index":"index","follow":"follow","max-snippet":"max-snippet:-1","max-image-preview":"max-image-preview:large","max-video-preview":"max-video-preview:-1"},"canonical":"https:\/\/autopartscenter24.com\/no\/auton-varaosat\/2-2-cdi-646821-moottori-mercedes-e-w211\/","og_locale":"nb_NO","og_type":"article","og_title":"2.2 CDI \"646821\" motor [f.eks. E-klasse W211, C-klasse]","og_description":"En av motorene vi ofte har tilgjengelig. Send en foresp\u00f8rsel og du vil motta et tilbud innen 24 timer. Motorer, girkasser og andre bildeler med garanti.","og_url":"https:\/\/autopartscenter24.com\/no\/auton-varaosat\/2-2-cdi-646821-moottori-mercedes-e-w211\/","og_site_name":"Autopartscenter24","og_image":[{"width":800,"height":600,"url":"https:\/\/autopartscenter24.com\/wp-content\/uploads\/2023\/03\/2-2-cdi-646821-moottori-mercedes-e-w211.webp","type":"image\/webp"}],"twitter_card":"summary_large_image","twitter_misc":{"Ansl. lesetid":"1 minutt"},"schema":{"@context":"https:\/\/schema.org","@graph":[{"@type":"WebPage","@id":"https:\/\/autopartscenter24.com\/auton-varaosat\/2-2-cdi-646821-moottori-mercedes-e-w211\/","url":"https:\/\/autopartscenter24.com\/auton-varaosat\/2-2-cdi-646821-moottori-mercedes-e-w211\/","name":"2.2 CDI \"646821\" motor [f.eks. E-klasse W211, C-klasse]","isPartOf":{"@id":"https:\/\/autopartscenter24.com\/#website"},"primaryImageOfPage":{"@id":"https:\/\/autopartscenter24.com\/auton-varaosat\/2-2-cdi-646821-moottori-mercedes-e-w211\/#primaryimage"},"image":{"@id":"https:\/\/autopartscenter24.com\/auton-varaosat\/2-2-cdi-646821-moottori-mercedes-e-w211\/#primaryimage"},"thumbnailUrl":"https:\/\/autopartscenter24.com\/wp-content\/uploads\/2023\/03\/2-2-cdi-646821-moottori-mercedes-e-w211.webp","datePublished":"2023-12-02T17:29:09+00:00","description":"En av motorene vi ofte har tilgjengelig. Send en foresp\u00f8rsel og du vil motta et tilbud innen 24 timer. Motorer, girkasser og andre bildeler med garanti.","breadcrumb":{"@id":"https:\/\/autopartscenter24.com\/auton-varaosat\/2-2-cdi-646821-moottori-mercedes-e-w211\/#breadcrumb"},"inLanguage":"nb-NO","potentialAction":[{"@type":"ReadAction","target":["https:\/\/autopartscenter24.com\/auton-varaosat\/2-2-cdi-646821-moottori-mercedes-e-w211\/"]}]},{"@type":"ImageObject","inLanguage":"nb-NO","@id":"https:\/\/autopartscenter24.com\/auton-varaosat\/2-2-cdi-646821-moottori-mercedes-e-w211\/#primaryimage","url":"https:\/\/autopartscenter24.com\/wp-content\/uploads\/2023\/03\/2-2-cdi-646821-moottori-mercedes-e-w211.webp","contentUrl":"https:\/\/autopartscenter24.com\/wp-content\/uploads\/2023\/03\/2-2-cdi-646821-moottori-mercedes-e-w211.webp","width":800,"height":600},{"@type":"BreadcrumbList","@id":"https:\/\/autopartscenter24.com\/auton-varaosat\/2-2-cdi-646821-moottori-mercedes-e-w211\/#breadcrumb","itemListElement":[{"@type":"ListItem","position":1,"name":"Hjem","item":"https:\/\/aliceblue-termite-662564.hostingersite.com\/"},{"@type":"ListItem","position":2,"name":"Auton varaosat","item":"https:\/\/aliceblue-termite-662564.hostingersite.com\/auton-varaosat\/"},{"@type":"ListItem","position":3,"name":"2.2 CDI &#8221;646821&#8221; motor [f.eks. E-klasse W211, C-klasse]"}]},{"@type":"WebSite","@id":"https:\/\/autopartscenter24.com\/#website","url":"https:\/\/autopartscenter24.com\/","name":"Autopartscenter24","description":"K\u00c4YTETYT JA KUNNOSTETUT  AUTON VARAOSAT","potentialAction":[{"@type":"SearchAction","target":{"@type":"EntryPoint","urlTemplate":"https:\/\/autopartscenter24.com\/?s={search_term_string}"},"query-input":{"@type":"PropertyValueSpecification","valueRequired":true,"valueName":"search_term_string"}}],"inLanguage":"nb-NO"}]}},"_links":{"self":[{"href":"https:\/\/autopartscenter24.com\/no\/wp-json\/wp\/v2\/product\/5769","targetHints":{"allow":["GET"]}}],"collection":[{"href":"https:\/\/autopartscenter24.com\/no\/wp-json\/wp\/v2\/product"}],"about":[{"href":"https:\/\/autopartscenter24.com\/no\/wp-json\/wp\/v2\/types\/product"}],"wp:featuredmedia":[{"embeddable":true,"href":"https:\/\/autopartscenter24.com\/no\/wp-json\/wp\/v2\/media\/4515"}],"wp:attachment":[{"href":"https:\/\/autopartscenter24.com\/no\/wp-json\/wp\/v2\/media?parent=5769"}],"wp:term":[{"taxonomy":"product_brand","embeddable":true,"href":"https:\/\/autopartscenter24.com\/no\/wp-json\/wp\/v2\/product_brand?post=5769"},{"taxonomy":"product_cat","embeddable":true,"href":"https:\/\/autopartscenter24.com\/no\/wp-json\/wp\/v2\/product_cat?post=5769"},{"taxonomy":"product_tag","embeddable":true,"href":"https:\/\/autopartscenter24.com\/no\/wp-json\/wp\/v2\/product_tag?post=5769"}],"curies":[{"name":"wp","href":"https:\/\/api.w.org\/{rel}","templated":true}]}}