{"id":5768,"date":"2023-03-05T17:08:39","date_gmt":"2023-12-02T17:26:48","guid":{"rendered":"https:\/\/autopartscenter24.com\/product\/2-4-4b12-motor-f-eks-mitsubishi-outlander\/"},"modified":"2023-12-02T18:26:48","modified_gmt":"2023-12-02T17:26:48","slug":"2-4-4b12-motor-f-eks-mitsubishi-outlander","status":"publish","type":"product","link":"https:\/\/autopartscenter24.com\/no\/auton-varaosat\/2-4-4b12-motor-f-eks-mitsubishi-outlander\/","title":{"rendered":"2.4 &laquo;4B12&raquo; motor [f.eks. Mitsubishi Outlander]"},"content":{"rendered":"<p><strong>Mitsubishi 2.4 (motorkode: 4B12) er en firesylindret bensinmotor utviklet for \u00e5 erstatte de tidligere Mitsubishi 2.0- og 2.4-motorene.<\/strong> 4B12-motoren er utstyrt med MIVEC-teknologi, som forbedrer drivstoff\u00f8konomien og reduserer utslipp. Kompresjonsforholdet til motoren er 10,5:1 og maksimal effekt er 168 hk og dreiemomentet er 222 Nm. Motoren er ogs\u00e5 ganske stilleg\u00e5ende, da den bruker avanserte lydisolerende materialer.<\/p>\n<p>Motorens indre struktur er slitesterk og designet for \u00e5 t\u00e5le h\u00f8yere omdreininger og tyngre belastninger. Motoren har en direktedrevet kamaksel som reduserer slitasje og forbedrer motorytelsen. Motoren har ogs\u00e5 en oljekj\u00f8ler som bidrar til \u00e5 opprettholde en jevn oljetemperatur og s\u00f8rger for at motoren holder seg kj\u00f8lig under hard bruk.<\/p>\n<p>Mitsubishi 2.4-motoren har blitt brukt i flere biler, som Mitsubishi Outlander og Galant, samt Chrysler Sebring og Dodge Avenger. Motorens kraft og dreiemoment gir god ytelse, mens MIVEC-teknologi forbedrer drivstoff\u00f8konomien og reduserer utslipp. Motorens indre struktur og holdbarhet gj\u00f8r den til et p\u00e5litelig valg for sj\u00e5f\u00f8rer som trenger en slitesterk og p\u00e5litelig motor.<\/p>\n","protected":false},"excerpt":{"rendered":"<p>Mitsubishi 2.4 (motorkode: 4B12) brukes i f\u00f8lgende biler:<\/p>\n<ul>\n<li>Mitsubishi Outlander (2007-2013)<\/li>\n<li>Mitsubishi Galant (2004-2012)<\/li>\n<li>Chrysler Sebring (2007-2010)<\/li>\n<li>Dodge Avenger (2008-2014)<\/li>\n<\/ul>\n","protected":false},"featured_media":4520,"template":"","meta":[],"product_brand":[],"product_cat":[544,556,596],"product_tag":[818,860,891,909],"class_list":{"0":"post-5768","1":"product","2":"type-product","3":"status-publish","4":"has-post-thumbnail","6":"product_cat-chrysler-no","7":"product_cat-dodge-no","8":"product_cat-mitsubishi-no","9":"product_tag-avenger-no","10":"product_tag-galant-no","11":"product_tag-outlander-no","12":"product_tag-sebring-no","13":"pa_varaosan-osasto-motor-no","16":"first","17":"instock","18":"shipping-taxable","19":"product-type-simple"},"yoast_head":"<!-- This site is optimized with the Yoast SEO plugin v26.8 - https:\/\/yoast.com\/product\/yoast-seo-wordpress\/ -->\n<title>2.4 &quot;4B12&quot; motor [f.eks. Mitsubishi Outlander]<\/title>\n<meta name=\"description\" content=\"En av motorene vi ofte har tilgjengelig. Send en foresp\u00f8rsel og du vil motta et tilbud innen 24 timer. Motorer, girkasser og andre bildeler med garanti.\" \/>\n<meta name=\"robots\" content=\"index, follow, max-snippet:-1, max-image-preview:large, max-video-preview:-1\" \/>\n<link rel=\"canonical\" href=\"https:\/\/autopartscenter24.com\/no\/auton-varaosat\/2-4-4b12-moottori-mitsubishi-outlander\/\" \/>\n<meta property=\"og:locale\" content=\"nb_NO\" \/>\n<meta property=\"og:type\" content=\"article\" \/>\n<meta property=\"og:title\" content=\"2.4 &quot;4B12&quot; motor [f.eks. Mitsubishi Outlander]\" \/>\n<meta property=\"og:description\" content=\"En av motorene vi ofte har tilgjengelig. Send en foresp\u00f8rsel og du vil motta et tilbud innen 24 timer. Motorer, girkasser og andre bildeler med garanti.\" \/>\n<meta property=\"og:url\" content=\"https:\/\/autopartscenter24.com\/no\/auton-varaosat\/2-4-4b12-moottori-mitsubishi-outlander\/\" \/>\n<meta property=\"og:site_name\" content=\"Autopartscenter24\" \/>\n<meta property=\"og:image\" content=\"https:\/\/autopartscenter24.com\/wp-content\/uploads\/2023\/03\/2-4-4b12-moottori-mitsubishi-outlander.webp\" \/>\n\t<meta property=\"og:image:width\" content=\"800\" \/>\n\t<meta property=\"og:image:height\" content=\"600\" \/>\n\t<meta property=\"og:image:type\" content=\"image\/webp\" \/>\n<meta name=\"twitter:card\" content=\"summary_large_image\" \/>\n<meta name=\"twitter:label1\" content=\"Ansl. lesetid\" \/>\n\t<meta name=\"twitter:data1\" content=\"1 minutt\" \/>\n<script type=\"application\/ld+json\" class=\"yoast-schema-graph\">{\"@context\":\"https:\/\/schema.org\",\"@graph\":[{\"@type\":\"WebPage\",\"@id\":\"https:\/\/autopartscenter24.com\/auton-varaosat\/2-4-4b12-moottori-mitsubishi-outlander\/\",\"url\":\"https:\/\/autopartscenter24.com\/auton-varaosat\/2-4-4b12-moottori-mitsubishi-outlander\/\",\"name\":\"2.4 \\\"4B12\\\" motor [f.eks. Mitsubishi Outlander]\",\"isPartOf\":{\"@id\":\"https:\/\/autopartscenter24.com\/#website\"},\"primaryImageOfPage\":{\"@id\":\"https:\/\/autopartscenter24.com\/auton-varaosat\/2-4-4b12-moottori-mitsubishi-outlander\/#primaryimage\"},\"image\":{\"@id\":\"https:\/\/autopartscenter24.com\/auton-varaosat\/2-4-4b12-moottori-mitsubishi-outlander\/#primaryimage\"},\"thumbnailUrl\":\"https:\/\/autopartscenter24.com\/wp-content\/uploads\/2023\/03\/2-4-4b12-moottori-mitsubishi-outlander.webp\",\"datePublished\":\"2023-12-02T17:26:48+00:00\",\"description\":\"En av motorene vi ofte har tilgjengelig. Send en foresp\u00f8rsel og du vil motta et tilbud innen 24 timer. Motorer, girkasser og andre bildeler med garanti.\",\"breadcrumb\":{\"@id\":\"https:\/\/autopartscenter24.com\/auton-varaosat\/2-4-4b12-moottori-mitsubishi-outlander\/#breadcrumb\"},\"inLanguage\":\"nb-NO\",\"potentialAction\":[{\"@type\":\"ReadAction\",\"target\":[\"https:\/\/autopartscenter24.com\/auton-varaosat\/2-4-4b12-moottori-mitsubishi-outlander\/\"]}]},{\"@type\":\"ImageObject\",\"inLanguage\":\"nb-NO\",\"@id\":\"https:\/\/autopartscenter24.com\/auton-varaosat\/2-4-4b12-moottori-mitsubishi-outlander\/#primaryimage\",\"url\":\"https:\/\/autopartscenter24.com\/wp-content\/uploads\/2023\/03\/2-4-4b12-moottori-mitsubishi-outlander.webp\",\"contentUrl\":\"https:\/\/autopartscenter24.com\/wp-content\/uploads\/2023\/03\/2-4-4b12-moottori-mitsubishi-outlander.webp\",\"width\":800,\"height\":600},{\"@type\":\"BreadcrumbList\",\"@id\":\"https:\/\/autopartscenter24.com\/auton-varaosat\/2-4-4b12-moottori-mitsubishi-outlander\/#breadcrumb\",\"itemListElement\":[{\"@type\":\"ListItem\",\"position\":1,\"name\":\"Hjem\",\"item\":\"https:\/\/aliceblue-termite-662564.hostingersite.com\/\"},{\"@type\":\"ListItem\",\"position\":2,\"name\":\"Auton varaosat\",\"item\":\"https:\/\/aliceblue-termite-662564.hostingersite.com\/auton-varaosat\/\"},{\"@type\":\"ListItem\",\"position\":3,\"name\":\"2.4 &#8221;4B12&#8221; motor [f.eks. Mitsubishi Outlander]\"}]},{\"@type\":\"WebSite\",\"@id\":\"https:\/\/autopartscenter24.com\/#website\",\"url\":\"https:\/\/autopartscenter24.com\/\",\"name\":\"Autopartscenter24\",\"description\":\"K\u00c4YTETYT JA KUNNOSTETUT  AUTON VARAOSAT\",\"potentialAction\":[{\"@type\":\"SearchAction\",\"target\":{\"@type\":\"EntryPoint\",\"urlTemplate\":\"https:\/\/autopartscenter24.com\/?s={search_term_string}\"},\"query-input\":{\"@type\":\"PropertyValueSpecification\",\"valueRequired\":true,\"valueName\":\"search_term_string\"}}],\"inLanguage\":\"nb-NO\"}]}<\/script>\n<!-- \/ Yoast SEO plugin. -->","yoast_head_json":{"title":"2.4 \"4B12\" motor [f.eks. Mitsubishi Outlander]","description":"En av motorene vi ofte har tilgjengelig. Send en foresp\u00f8rsel og du vil motta et tilbud innen 24 timer. Motorer, girkasser og andre bildeler med garanti.","robots":{"index":"index","follow":"follow","max-snippet":"max-snippet:-1","max-image-preview":"max-image-preview:large","max-video-preview":"max-video-preview:-1"},"canonical":"https:\/\/autopartscenter24.com\/no\/auton-varaosat\/2-4-4b12-moottori-mitsubishi-outlander\/","og_locale":"nb_NO","og_type":"article","og_title":"2.4 \"4B12\" motor [f.eks. Mitsubishi Outlander]","og_description":"En av motorene vi ofte har tilgjengelig. Send en foresp\u00f8rsel og du vil motta et tilbud innen 24 timer. Motorer, girkasser og andre bildeler med garanti.","og_url":"https:\/\/autopartscenter24.com\/no\/auton-varaosat\/2-4-4b12-moottori-mitsubishi-outlander\/","og_site_name":"Autopartscenter24","og_image":[{"width":800,"height":600,"url":"https:\/\/autopartscenter24.com\/wp-content\/uploads\/2023\/03\/2-4-4b12-moottori-mitsubishi-outlander.webp","type":"image\/webp"}],"twitter_card":"summary_large_image","twitter_misc":{"Ansl. lesetid":"1 minutt"},"schema":{"@context":"https:\/\/schema.org","@graph":[{"@type":"WebPage","@id":"https:\/\/autopartscenter24.com\/auton-varaosat\/2-4-4b12-moottori-mitsubishi-outlander\/","url":"https:\/\/autopartscenter24.com\/auton-varaosat\/2-4-4b12-moottori-mitsubishi-outlander\/","name":"2.4 \"4B12\" motor [f.eks. Mitsubishi Outlander]","isPartOf":{"@id":"https:\/\/autopartscenter24.com\/#website"},"primaryImageOfPage":{"@id":"https:\/\/autopartscenter24.com\/auton-varaosat\/2-4-4b12-moottori-mitsubishi-outlander\/#primaryimage"},"image":{"@id":"https:\/\/autopartscenter24.com\/auton-varaosat\/2-4-4b12-moottori-mitsubishi-outlander\/#primaryimage"},"thumbnailUrl":"https:\/\/autopartscenter24.com\/wp-content\/uploads\/2023\/03\/2-4-4b12-moottori-mitsubishi-outlander.webp","datePublished":"2023-12-02T17:26:48+00:00","description":"En av motorene vi ofte har tilgjengelig. Send en foresp\u00f8rsel og du vil motta et tilbud innen 24 timer. Motorer, girkasser og andre bildeler med garanti.","breadcrumb":{"@id":"https:\/\/autopartscenter24.com\/auton-varaosat\/2-4-4b12-moottori-mitsubishi-outlander\/#breadcrumb"},"inLanguage":"nb-NO","potentialAction":[{"@type":"ReadAction","target":["https:\/\/autopartscenter24.com\/auton-varaosat\/2-4-4b12-moottori-mitsubishi-outlander\/"]}]},{"@type":"ImageObject","inLanguage":"nb-NO","@id":"https:\/\/autopartscenter24.com\/auton-varaosat\/2-4-4b12-moottori-mitsubishi-outlander\/#primaryimage","url":"https:\/\/autopartscenter24.com\/wp-content\/uploads\/2023\/03\/2-4-4b12-moottori-mitsubishi-outlander.webp","contentUrl":"https:\/\/autopartscenter24.com\/wp-content\/uploads\/2023\/03\/2-4-4b12-moottori-mitsubishi-outlander.webp","width":800,"height":600},{"@type":"BreadcrumbList","@id":"https:\/\/autopartscenter24.com\/auton-varaosat\/2-4-4b12-moottori-mitsubishi-outlander\/#breadcrumb","itemListElement":[{"@type":"ListItem","position":1,"name":"Hjem","item":"https:\/\/aliceblue-termite-662564.hostingersite.com\/"},{"@type":"ListItem","position":2,"name":"Auton varaosat","item":"https:\/\/aliceblue-termite-662564.hostingersite.com\/auton-varaosat\/"},{"@type":"ListItem","position":3,"name":"2.4 &#8221;4B12&#8221; motor [f.eks. Mitsubishi Outlander]"}]},{"@type":"WebSite","@id":"https:\/\/autopartscenter24.com\/#website","url":"https:\/\/autopartscenter24.com\/","name":"Autopartscenter24","description":"K\u00c4YTETYT JA KUNNOSTETUT  AUTON VARAOSAT","potentialAction":[{"@type":"SearchAction","target":{"@type":"EntryPoint","urlTemplate":"https:\/\/autopartscenter24.com\/?s={search_term_string}"},"query-input":{"@type":"PropertyValueSpecification","valueRequired":true,"valueName":"search_term_string"}}],"inLanguage":"nb-NO"}]}},"_links":{"self":[{"href":"https:\/\/autopartscenter24.com\/no\/wp-json\/wp\/v2\/product\/5768","targetHints":{"allow":["GET"]}}],"collection":[{"href":"https:\/\/autopartscenter24.com\/no\/wp-json\/wp\/v2\/product"}],"about":[{"href":"https:\/\/autopartscenter24.com\/no\/wp-json\/wp\/v2\/types\/product"}],"wp:featuredmedia":[{"embeddable":true,"href":"https:\/\/autopartscenter24.com\/no\/wp-json\/wp\/v2\/media\/4520"}],"wp:attachment":[{"href":"https:\/\/autopartscenter24.com\/no\/wp-json\/wp\/v2\/media?parent=5768"}],"wp:term":[{"taxonomy":"product_brand","embeddable":true,"href":"https:\/\/autopartscenter24.com\/no\/wp-json\/wp\/v2\/product_brand?post=5768"},{"taxonomy":"product_cat","embeddable":true,"href":"https:\/\/autopartscenter24.com\/no\/wp-json\/wp\/v2\/product_cat?post=5768"},{"taxonomy":"product_tag","embeddable":true,"href":"https:\/\/autopartscenter24.com\/no\/wp-json\/wp\/v2\/product_tag?post=5768"}],"curies":[{"name":"wp","href":"https:\/\/api.w.org\/{rel}","templated":true}]}}