{"id":5767,"date":"2023-03-05T17:17:26","date_gmt":"2023-12-02T17:26:47","guid":{"rendered":"https:\/\/autopartscenter24.com\/product\/1-6-cmx-cmxa-motor-f-eks-golf-octavia-leon-altea\/"},"modified":"2023-12-02T18:26:47","modified_gmt":"2023-12-02T17:26:47","slug":"1-6-cmx-cmxa-motor-f-eks-golf-octavia-leon-altea","status":"publish","type":"product","link":"https:\/\/autopartscenter24.com\/no\/auton-varaosat\/1-6-cmx-cmxa-motor-f-eks-golf-octavia-leon-altea\/","title":{"rendered":"1.6 &laquo;CMX, CMXA&raquo;-motor [f.eks. Golf, Octavia, Leon, Altea]"},"content":{"rendered":"<p><strong>Volkswagen 1,6-liters motor (motorkode: CMX, CMXA) er en firesylindret bensinmotor utviklet og produsert av Volkswagen Group.<\/strong> Motoren er utstyrt med en kompressor, som gir den et ekstra l\u00f8ft og forbedrer ytelsen.<\/p>\n<p>Veivakselen til CMX-motoren er laget av st\u00e5l og har fem lagerhus som sikrer lang motorlevetid. Motorsylindrene er laget av st\u00f8pejern og har rektangul\u00e6re hull, noe som gir motoren bedre stivhet og stabilitet. Antall ventiler i motoren er 16, og de er montert p\u00e5 to kamaksler, som styres av en trinse. Denne konstruksjonsmetoden forbedrer motorens drivstoff\u00f8konomi og reduserer utslipp.<\/p>\n<p>Maksimal effekt til CMX-motoren er 77 kW og maksimalt dreiemoment er 155 Nm. Maksimal hastighet p\u00e5 motoren er 6000 r\/min. Motorens kombinert drivstofforbruk er ca 6,5 \u200b\u200bliter\/100 km og CO2-utslippet er ca 150 g\/km.<\/p>\n<p>I alle disse bilene har CMX-motoren v\u00e6rt standardutstyr og har gitt god ytelse og drivstoff\u00f8konomi. Motorens effektivitet og p\u00e5litelighet har gjort den til et popul\u00e6rt alternativ i mange Volkswagen Group-biler.<\/p>\n","protected":false},"excerpt":{"rendered":"<p>CMX-motoren har blitt brukt i flere Volkswagen Group-biler i forskjellige \u00e5r. Nedenfor er en liste over biler og modeller der CMX-motoren har blitt brukt:<\/p>\n<ul>\n<li>Volkswagen Golf (2009-2012)<\/li>\n<li>Volkswagen Jetta (2011-2018)<\/li>\n<li>Volkswagen Passat (2008-2010)<\/li>\n<li>Volkswagen Touran (2010-2015)<\/li>\n<\/ul>\n","protected":false},"featured_media":4525,"template":"","meta":[],"product_brand":[],"product_cat":[485],"product_tag":[489,871,491,492],"class_list":{"0":"post-5767","1":"product","2":"type-product","3":"status-publish","4":"has-post-thumbnail","6":"product_cat-vw-no","7":"product_tag-golf-no","8":"product_tag-jetta-no","9":"product_tag-passat-no","10":"product_tag-touran-no","11":"pa_varaosan-osasto-motor-no","14":"first","15":"instock","16":"shipping-taxable","17":"product-type-simple"},"yoast_head":"<!-- This site is optimized with the Yoast SEO plugin v26.8 - https:\/\/yoast.com\/product\/yoast-seo-wordpress\/ -->\n<title>1.6 &quot;CMX, CMXA&quot;-motor [f.eks. Golf, Octavia, Leon, Altea]<\/title>\n<meta name=\"description\" content=\"CMX-motoren har blitt brukt i flere Volkswagen Group-biler i forskjellige \u00e5r. Nedenfor er en liste over biler og modeller hvor CMX-motoren har blitt brukt: Volkswagen Golf (2009-2012) Volkswagen Jetta (2011-2018) Volkswagen Passat (2008-2010) Volkswagen Touran (2010-2015)\" \/>\n<meta name=\"robots\" content=\"index, follow, max-snippet:-1, max-image-preview:large, max-video-preview:-1\" \/>\n<link rel=\"canonical\" href=\"https:\/\/autopartscenter24.com\/no\/auton-varaosat\/1-6-cmx-cmxa-moottori-octavia-leon-altea\/\" \/>\n<meta property=\"og:locale\" content=\"nb_NO\" \/>\n<meta property=\"og:type\" content=\"article\" \/>\n<meta property=\"og:title\" content=\"1.6 &quot;CMX, CMXA&quot;-motor [f.eks. Golf, Octavia, Leon, Altea]\" \/>\n<meta property=\"og:description\" content=\"CMX-motoren har blitt brukt i flere Volkswagen Group-biler i forskjellige \u00e5r. Nedenfor er en liste over biler og modeller hvor CMX-motoren har blitt brukt: Volkswagen Golf (2009-2012) Volkswagen Jetta (2011-2018) Volkswagen Passat (2008-2010) Volkswagen Touran (2010-2015)\" \/>\n<meta property=\"og:url\" content=\"https:\/\/autopartscenter24.com\/no\/auton-varaosat\/1-6-cmx-cmxa-moottori-octavia-leon-altea\/\" \/>\n<meta property=\"og:site_name\" content=\"Autopartscenter24\" \/>\n<meta property=\"og:image\" content=\"https:\/\/autopartscenter24.com\/wp-content\/uploads\/2023\/03\/1-6-cmx-cmxa-moottori-octavia-leon-altea.webp\" \/>\n\t<meta property=\"og:image:width\" content=\"800\" \/>\n\t<meta property=\"og:image:height\" content=\"600\" \/>\n\t<meta property=\"og:image:type\" content=\"image\/webp\" \/>\n<meta name=\"twitter:card\" content=\"summary_large_image\" \/>\n<meta name=\"twitter:label1\" content=\"Ansl. lesetid\" \/>\n\t<meta name=\"twitter:data1\" content=\"1 minutt\" \/>\n<script type=\"application\/ld+json\" class=\"yoast-schema-graph\">{\"@context\":\"https:\/\/schema.org\",\"@graph\":[{\"@type\":\"WebPage\",\"@id\":\"https:\/\/autopartscenter24.com\/auton-varaosat\/1-6-cmx-cmxa-moottori-octavia-leon-altea\/\",\"url\":\"https:\/\/autopartscenter24.com\/auton-varaosat\/1-6-cmx-cmxa-moottori-octavia-leon-altea\/\",\"name\":\"1.6 \\\"CMX, CMXA\\\"-motor [f.eks. Golf, Octavia, Leon, Altea]\",\"isPartOf\":{\"@id\":\"https:\/\/autopartscenter24.com\/#website\"},\"primaryImageOfPage\":{\"@id\":\"https:\/\/autopartscenter24.com\/auton-varaosat\/1-6-cmx-cmxa-moottori-octavia-leon-altea\/#primaryimage\"},\"image\":{\"@id\":\"https:\/\/autopartscenter24.com\/auton-varaosat\/1-6-cmx-cmxa-moottori-octavia-leon-altea\/#primaryimage\"},\"thumbnailUrl\":\"https:\/\/autopartscenter24.com\/wp-content\/uploads\/2023\/03\/1-6-cmx-cmxa-moottori-octavia-leon-altea.webp\",\"datePublished\":\"2023-12-02T17:26:47+00:00\",\"description\":\"CMX-motoren har blitt brukt i flere Volkswagen Group-biler i forskjellige \u00e5r. Nedenfor er en liste over biler og modeller hvor CMX-motoren har blitt brukt: Volkswagen Golf (2009-2012) Volkswagen Jetta (2011-2018) Volkswagen Passat (2008-2010) Volkswagen Touran (2010-2015)\",\"breadcrumb\":{\"@id\":\"https:\/\/autopartscenter24.com\/auton-varaosat\/1-6-cmx-cmxa-moottori-octavia-leon-altea\/#breadcrumb\"},\"inLanguage\":\"nb-NO\",\"potentialAction\":[{\"@type\":\"ReadAction\",\"target\":[\"https:\/\/autopartscenter24.com\/auton-varaosat\/1-6-cmx-cmxa-moottori-octavia-leon-altea\/\"]}]},{\"@type\":\"ImageObject\",\"inLanguage\":\"nb-NO\",\"@id\":\"https:\/\/autopartscenter24.com\/auton-varaosat\/1-6-cmx-cmxa-moottori-octavia-leon-altea\/#primaryimage\",\"url\":\"https:\/\/autopartscenter24.com\/wp-content\/uploads\/2023\/03\/1-6-cmx-cmxa-moottori-octavia-leon-altea.webp\",\"contentUrl\":\"https:\/\/autopartscenter24.com\/wp-content\/uploads\/2023\/03\/1-6-cmx-cmxa-moottori-octavia-leon-altea.webp\",\"width\":800,\"height\":600},{\"@type\":\"BreadcrumbList\",\"@id\":\"https:\/\/autopartscenter24.com\/auton-varaosat\/1-6-cmx-cmxa-moottori-octavia-leon-altea\/#breadcrumb\",\"itemListElement\":[{\"@type\":\"ListItem\",\"position\":1,\"name\":\"Hjem\",\"item\":\"https:\/\/aliceblue-termite-662564.hostingersite.com\/\"},{\"@type\":\"ListItem\",\"position\":2,\"name\":\"Auton varaosat\",\"item\":\"https:\/\/aliceblue-termite-662564.hostingersite.com\/auton-varaosat\/\"},{\"@type\":\"ListItem\",\"position\":3,\"name\":\"1.6 &#8221;CMX, CMXA&#8221;-motor [f.eks. Golf, Octavia, Leon, Altea]\"}]},{\"@type\":\"WebSite\",\"@id\":\"https:\/\/autopartscenter24.com\/#website\",\"url\":\"https:\/\/autopartscenter24.com\/\",\"name\":\"Autopartscenter24\",\"description\":\"K\u00c4YTETYT JA KUNNOSTETUT  AUTON VARAOSAT\",\"potentialAction\":[{\"@type\":\"SearchAction\",\"target\":{\"@type\":\"EntryPoint\",\"urlTemplate\":\"https:\/\/autopartscenter24.com\/?s={search_term_string}\"},\"query-input\":{\"@type\":\"PropertyValueSpecification\",\"valueRequired\":true,\"valueName\":\"search_term_string\"}}],\"inLanguage\":\"nb-NO\"}]}<\/script>\n<!-- \/ Yoast SEO plugin. -->","yoast_head_json":{"title":"1.6 \"CMX, CMXA\"-motor [f.eks. Golf, Octavia, Leon, Altea]","description":"CMX-motoren har blitt brukt i flere Volkswagen Group-biler i forskjellige \u00e5r. Nedenfor er en liste over biler og modeller hvor CMX-motoren har blitt brukt: Volkswagen Golf (2009-2012) Volkswagen Jetta (2011-2018) Volkswagen Passat (2008-2010) Volkswagen Touran (2010-2015)","robots":{"index":"index","follow":"follow","max-snippet":"max-snippet:-1","max-image-preview":"max-image-preview:large","max-video-preview":"max-video-preview:-1"},"canonical":"https:\/\/autopartscenter24.com\/no\/auton-varaosat\/1-6-cmx-cmxa-moottori-octavia-leon-altea\/","og_locale":"nb_NO","og_type":"article","og_title":"1.6 \"CMX, CMXA\"-motor [f.eks. Golf, Octavia, Leon, Altea]","og_description":"CMX-motoren har blitt brukt i flere Volkswagen Group-biler i forskjellige \u00e5r. Nedenfor er en liste over biler og modeller hvor CMX-motoren har blitt brukt: Volkswagen Golf (2009-2012) Volkswagen Jetta (2011-2018) Volkswagen Passat (2008-2010) Volkswagen Touran (2010-2015)","og_url":"https:\/\/autopartscenter24.com\/no\/auton-varaosat\/1-6-cmx-cmxa-moottori-octavia-leon-altea\/","og_site_name":"Autopartscenter24","og_image":[{"width":800,"height":600,"url":"https:\/\/autopartscenter24.com\/wp-content\/uploads\/2023\/03\/1-6-cmx-cmxa-moottori-octavia-leon-altea.webp","type":"image\/webp"}],"twitter_card":"summary_large_image","twitter_misc":{"Ansl. lesetid":"1 minutt"},"schema":{"@context":"https:\/\/schema.org","@graph":[{"@type":"WebPage","@id":"https:\/\/autopartscenter24.com\/auton-varaosat\/1-6-cmx-cmxa-moottori-octavia-leon-altea\/","url":"https:\/\/autopartscenter24.com\/auton-varaosat\/1-6-cmx-cmxa-moottori-octavia-leon-altea\/","name":"1.6 \"CMX, CMXA\"-motor [f.eks. Golf, Octavia, Leon, Altea]","isPartOf":{"@id":"https:\/\/autopartscenter24.com\/#website"},"primaryImageOfPage":{"@id":"https:\/\/autopartscenter24.com\/auton-varaosat\/1-6-cmx-cmxa-moottori-octavia-leon-altea\/#primaryimage"},"image":{"@id":"https:\/\/autopartscenter24.com\/auton-varaosat\/1-6-cmx-cmxa-moottori-octavia-leon-altea\/#primaryimage"},"thumbnailUrl":"https:\/\/autopartscenter24.com\/wp-content\/uploads\/2023\/03\/1-6-cmx-cmxa-moottori-octavia-leon-altea.webp","datePublished":"2023-12-02T17:26:47+00:00","description":"CMX-motoren har blitt brukt i flere Volkswagen Group-biler i forskjellige \u00e5r. Nedenfor er en liste over biler og modeller hvor CMX-motoren har blitt brukt: Volkswagen Golf (2009-2012) Volkswagen Jetta (2011-2018) Volkswagen Passat (2008-2010) Volkswagen Touran (2010-2015)","breadcrumb":{"@id":"https:\/\/autopartscenter24.com\/auton-varaosat\/1-6-cmx-cmxa-moottori-octavia-leon-altea\/#breadcrumb"},"inLanguage":"nb-NO","potentialAction":[{"@type":"ReadAction","target":["https:\/\/autopartscenter24.com\/auton-varaosat\/1-6-cmx-cmxa-moottori-octavia-leon-altea\/"]}]},{"@type":"ImageObject","inLanguage":"nb-NO","@id":"https:\/\/autopartscenter24.com\/auton-varaosat\/1-6-cmx-cmxa-moottori-octavia-leon-altea\/#primaryimage","url":"https:\/\/autopartscenter24.com\/wp-content\/uploads\/2023\/03\/1-6-cmx-cmxa-moottori-octavia-leon-altea.webp","contentUrl":"https:\/\/autopartscenter24.com\/wp-content\/uploads\/2023\/03\/1-6-cmx-cmxa-moottori-octavia-leon-altea.webp","width":800,"height":600},{"@type":"BreadcrumbList","@id":"https:\/\/autopartscenter24.com\/auton-varaosat\/1-6-cmx-cmxa-moottori-octavia-leon-altea\/#breadcrumb","itemListElement":[{"@type":"ListItem","position":1,"name":"Hjem","item":"https:\/\/aliceblue-termite-662564.hostingersite.com\/"},{"@type":"ListItem","position":2,"name":"Auton varaosat","item":"https:\/\/aliceblue-termite-662564.hostingersite.com\/auton-varaosat\/"},{"@type":"ListItem","position":3,"name":"1.6 &#8221;CMX, CMXA&#8221;-motor [f.eks. Golf, Octavia, Leon, Altea]"}]},{"@type":"WebSite","@id":"https:\/\/autopartscenter24.com\/#website","url":"https:\/\/autopartscenter24.com\/","name":"Autopartscenter24","description":"K\u00c4YTETYT JA KUNNOSTETUT  AUTON VARAOSAT","potentialAction":[{"@type":"SearchAction","target":{"@type":"EntryPoint","urlTemplate":"https:\/\/autopartscenter24.com\/?s={search_term_string}"},"query-input":{"@type":"PropertyValueSpecification","valueRequired":true,"valueName":"search_term_string"}}],"inLanguage":"nb-NO"}]}},"_links":{"self":[{"href":"https:\/\/autopartscenter24.com\/no\/wp-json\/wp\/v2\/product\/5767","targetHints":{"allow":["GET"]}}],"collection":[{"href":"https:\/\/autopartscenter24.com\/no\/wp-json\/wp\/v2\/product"}],"about":[{"href":"https:\/\/autopartscenter24.com\/no\/wp-json\/wp\/v2\/types\/product"}],"wp:featuredmedia":[{"embeddable":true,"href":"https:\/\/autopartscenter24.com\/no\/wp-json\/wp\/v2\/media\/4525"}],"wp:attachment":[{"href":"https:\/\/autopartscenter24.com\/no\/wp-json\/wp\/v2\/media?parent=5767"}],"wp:term":[{"taxonomy":"product_brand","embeddable":true,"href":"https:\/\/autopartscenter24.com\/no\/wp-json\/wp\/v2\/product_brand?post=5767"},{"taxonomy":"product_cat","embeddable":true,"href":"https:\/\/autopartscenter24.com\/no\/wp-json\/wp\/v2\/product_cat?post=5767"},{"taxonomy":"product_tag","embeddable":true,"href":"https:\/\/autopartscenter24.com\/no\/wp-json\/wp\/v2\/product_tag?post=5767"}],"curies":[{"name":"wp","href":"https:\/\/api.w.org\/{rel}","templated":true}]}}