{"id":5766,"date":"2023-03-05T17:22:31","date_gmt":"2023-12-02T16:31:06","guid":{"rendered":"https:\/\/autopartscenter24.com\/product\/1-6-tdi-clh-motor-f-eks-golf-passat-polo-leon-octavia\/"},"modified":"2023-12-02T17:31:06","modified_gmt":"2023-12-02T16:31:06","slug":"1-6-tdi-clh-motor-f-eks-golf-passat-polo-leon-octavia","status":"publish","type":"product","link":"https:\/\/autopartscenter24.com\/no\/auton-varaosat\/1-6-tdi-clh-motor-f-eks-golf-passat-polo-leon-octavia\/","title":{"rendered":"1.6 TDI &laquo;CLH&raquo; motor [f.eks. Golf, Passat, Polo, Leon, Octavia]"},"content":{"rendered":"<p><strong>Volkswagens 1,6 TDI-motor (motorkode: CLH) er en dieselmotor designet spesielt for bruk i personbiler.<\/strong> Motoreffekten er 77 kW (105 hk) og dreiemomentet er 250 Nm. Motoren er utstyrt med fire sylindre og bruker Common Rail direkteinnspr\u00f8ytingsteknologi, noe som gj\u00f8r den sv\u00e6rt effektiv og \u00f8konomisk.<\/p>\n<p>Karosseriet til 1.6 TDI-motoren er laget av sv\u00e6rt slitesterkt st\u00f8pejern og er utstyrt med mange innovative tekniske funksjoner, som eksosr\u00f8r resirkulering og partikkelfilter. Motoren er ogs\u00e5 utstyrt med en turbolader, takket v\u00e6re den gir den utmerket akselerasjon og ytelse.<\/p>\n<p>I utformingen av 1.6 TDI-motoren har det v\u00e6rt spesielt fokus p\u00e5 drivstofforbruk og utslipp. Motorens partikkelutslipp er sv\u00e6rt lavt, og den oppfyller Euro 5-utslippsstandardene. Motoren er ogs\u00e5 sv\u00e6rt \u00f8konomisk, med et kombinert drivstofforbruk p\u00e5 rundt 4,5 liter per hundre kilometer.<\/p>\n<p>Motoren brukes i flere Volkswagen personbilmodeller, som Golf, Jetta, Passat og Polo. Motoren brukes ogs\u00e5 i andre bilmerker, som Skoda og SEAT.<\/p>\n<p>Disse bilene er sv\u00e6rt popul\u00e6re blant forbrukere, og bruken av 1,6 TDI-motoren i dem sikrer god drivstoff\u00f8konomi og lave utslipp.<\/p>\n","protected":false},"excerpt":{"rendered":"<p>1.6 TDI (motorkode: CLH) motorbruk:<\/p>\n<ul>\n<li>Volkswagen Golf (2009-2013)<\/li>\n<li>Volkswagen Jetta (2011-2014)<\/li>\n<li>Volkswagen Passat (2010-2014)<\/li>\n<li>Volkswagen Polo (2010-2014)<\/li>\n<li>SEAT Leon (2009-2012)<\/li>\n<li>Skoda Octavia (2009-2012)<\/li>\n<\/ul>\n","protected":false},"featured_media":4530,"template":"","meta":[],"product_brand":[],"product_cat":[487,486,485],"product_tag":[489,871,880,490,894],"class_list":{"0":"post-5766","1":"product","2":"type-product","3":"status-publish","4":"has-post-thumbnail","6":"product_cat-seat-no","7":"product_cat-skoda-no","8":"product_cat-vw-no","9":"product_tag-golf-no","10":"product_tag-jetta-no","11":"product_tag-leon-no","12":"product_tag-octavia-no","13":"product_tag-polo-no","16":"first","17":"instock","18":"shipping-taxable","19":"product-type-simple"},"yoast_head":"<!-- This site is optimized with the Yoast SEO plugin v26.8 - https:\/\/yoast.com\/product\/yoast-seo-wordpress\/ -->\n<title>1.6 TDI &quot;CLH&quot; motor [f.eks. Golf, Passat, Polo, Leon, Octavia]<\/title>\n<meta name=\"description\" content=\"En av motorene vi ofte har tilgjengelig. Send en foresp\u00f8rsel og du vil motta et tilbud innen 24 timer. Motorer, girkasser og andre bildeler med garanti.\" \/>\n<meta name=\"robots\" content=\"index, follow, max-snippet:-1, max-image-preview:large, max-video-preview:-1\" \/>\n<link rel=\"canonical\" href=\"https:\/\/autopartscenter24.com\/no\/auton-varaosat\/1-6-tdi-clh-moottori-golf-passat-polo-leon-octavia\/\" \/>\n<meta property=\"og:locale\" content=\"nb_NO\" \/>\n<meta property=\"og:type\" content=\"article\" \/>\n<meta property=\"og:title\" content=\"1.6 TDI &quot;CLH&quot; motor [f.eks. Golf, Passat, Polo, Leon, Octavia]\" \/>\n<meta property=\"og:description\" content=\"En av motorene vi ofte har tilgjengelig. Send en foresp\u00f8rsel og du vil motta et tilbud innen 24 timer. Motorer, girkasser og andre bildeler med garanti.\" \/>\n<meta property=\"og:url\" content=\"https:\/\/autopartscenter24.com\/no\/auton-varaosat\/1-6-tdi-clh-moottori-golf-passat-polo-leon-octavia\/\" \/>\n<meta property=\"og:site_name\" content=\"Autopartscenter24\" \/>\n<meta property=\"og:image\" content=\"https:\/\/autopartscenter24.com\/wp-content\/uploads\/2023\/03\/1-6-tdi-clh-moottori-golf-passat-polo-leon-octavia.webp\" \/>\n\t<meta property=\"og:image:width\" content=\"800\" \/>\n\t<meta property=\"og:image:height\" content=\"600\" \/>\n\t<meta property=\"og:image:type\" content=\"image\/webp\" \/>\n<meta name=\"twitter:card\" content=\"summary_large_image\" \/>\n<meta name=\"twitter:label1\" content=\"Ansl. lesetid\" \/>\n\t<meta name=\"twitter:data1\" content=\"1 minutt\" \/>\n<script type=\"application\/ld+json\" class=\"yoast-schema-graph\">{\"@context\":\"https:\/\/schema.org\",\"@graph\":[{\"@type\":\"WebPage\",\"@id\":\"https:\/\/autopartscenter24.com\/auton-varaosat\/1-6-tdi-clh-moottori-golf-passat-polo-leon-octavia\/\",\"url\":\"https:\/\/autopartscenter24.com\/auton-varaosat\/1-6-tdi-clh-moottori-golf-passat-polo-leon-octavia\/\",\"name\":\"1.6 TDI \\\"CLH\\\" motor [f.eks. Golf, Passat, Polo, Leon, Octavia]\",\"isPartOf\":{\"@id\":\"https:\/\/autopartscenter24.com\/#website\"},\"primaryImageOfPage\":{\"@id\":\"https:\/\/autopartscenter24.com\/auton-varaosat\/1-6-tdi-clh-moottori-golf-passat-polo-leon-octavia\/#primaryimage\"},\"image\":{\"@id\":\"https:\/\/autopartscenter24.com\/auton-varaosat\/1-6-tdi-clh-moottori-golf-passat-polo-leon-octavia\/#primaryimage\"},\"thumbnailUrl\":\"https:\/\/autopartscenter24.com\/wp-content\/uploads\/2023\/03\/1-6-tdi-clh-moottori-golf-passat-polo-leon-octavia.webp\",\"datePublished\":\"2023-12-02T16:31:06+00:00\",\"description\":\"En av motorene vi ofte har tilgjengelig. Send en foresp\u00f8rsel og du vil motta et tilbud innen 24 timer. Motorer, girkasser og andre bildeler med garanti.\",\"breadcrumb\":{\"@id\":\"https:\/\/autopartscenter24.com\/auton-varaosat\/1-6-tdi-clh-moottori-golf-passat-polo-leon-octavia\/#breadcrumb\"},\"inLanguage\":\"nb-NO\",\"potentialAction\":[{\"@type\":\"ReadAction\",\"target\":[\"https:\/\/autopartscenter24.com\/auton-varaosat\/1-6-tdi-clh-moottori-golf-passat-polo-leon-octavia\/\"]}]},{\"@type\":\"ImageObject\",\"inLanguage\":\"nb-NO\",\"@id\":\"https:\/\/autopartscenter24.com\/auton-varaosat\/1-6-tdi-clh-moottori-golf-passat-polo-leon-octavia\/#primaryimage\",\"url\":\"https:\/\/autopartscenter24.com\/wp-content\/uploads\/2023\/03\/1-6-tdi-clh-moottori-golf-passat-polo-leon-octavia.webp\",\"contentUrl\":\"https:\/\/autopartscenter24.com\/wp-content\/uploads\/2023\/03\/1-6-tdi-clh-moottori-golf-passat-polo-leon-octavia.webp\",\"width\":800,\"height\":600},{\"@type\":\"BreadcrumbList\",\"@id\":\"https:\/\/autopartscenter24.com\/auton-varaosat\/1-6-tdi-clh-moottori-golf-passat-polo-leon-octavia\/#breadcrumb\",\"itemListElement\":[{\"@type\":\"ListItem\",\"position\":1,\"name\":\"Hjem\",\"item\":\"https:\/\/aliceblue-termite-662564.hostingersite.com\/\"},{\"@type\":\"ListItem\",\"position\":2,\"name\":\"Auton varaosat\",\"item\":\"https:\/\/aliceblue-termite-662564.hostingersite.com\/auton-varaosat\/\"},{\"@type\":\"ListItem\",\"position\":3,\"name\":\"1.6 TDI &#8221;CLH&#8221; motor [f.eks. Golf, Passat, Polo, Leon, Octavia]\"}]},{\"@type\":\"WebSite\",\"@id\":\"https:\/\/autopartscenter24.com\/#website\",\"url\":\"https:\/\/autopartscenter24.com\/\",\"name\":\"Autopartscenter24\",\"description\":\"K\u00c4YTETYT JA KUNNOSTETUT  AUTON VARAOSAT\",\"potentialAction\":[{\"@type\":\"SearchAction\",\"target\":{\"@type\":\"EntryPoint\",\"urlTemplate\":\"https:\/\/autopartscenter24.com\/?s={search_term_string}\"},\"query-input\":{\"@type\":\"PropertyValueSpecification\",\"valueRequired\":true,\"valueName\":\"search_term_string\"}}],\"inLanguage\":\"nb-NO\"}]}<\/script>\n<!-- \/ Yoast SEO plugin. -->","yoast_head_json":{"title":"1.6 TDI \"CLH\" motor [f.eks. Golf, Passat, Polo, Leon, Octavia]","description":"En av motorene vi ofte har tilgjengelig. Send en foresp\u00f8rsel og du vil motta et tilbud innen 24 timer. Motorer, girkasser og andre bildeler med garanti.","robots":{"index":"index","follow":"follow","max-snippet":"max-snippet:-1","max-image-preview":"max-image-preview:large","max-video-preview":"max-video-preview:-1"},"canonical":"https:\/\/autopartscenter24.com\/no\/auton-varaosat\/1-6-tdi-clh-moottori-golf-passat-polo-leon-octavia\/","og_locale":"nb_NO","og_type":"article","og_title":"1.6 TDI \"CLH\" motor [f.eks. Golf, Passat, Polo, Leon, Octavia]","og_description":"En av motorene vi ofte har tilgjengelig. Send en foresp\u00f8rsel og du vil motta et tilbud innen 24 timer. Motorer, girkasser og andre bildeler med garanti.","og_url":"https:\/\/autopartscenter24.com\/no\/auton-varaosat\/1-6-tdi-clh-moottori-golf-passat-polo-leon-octavia\/","og_site_name":"Autopartscenter24","og_image":[{"width":800,"height":600,"url":"https:\/\/autopartscenter24.com\/wp-content\/uploads\/2023\/03\/1-6-tdi-clh-moottori-golf-passat-polo-leon-octavia.webp","type":"image\/webp"}],"twitter_card":"summary_large_image","twitter_misc":{"Ansl. lesetid":"1 minutt"},"schema":{"@context":"https:\/\/schema.org","@graph":[{"@type":"WebPage","@id":"https:\/\/autopartscenter24.com\/auton-varaosat\/1-6-tdi-clh-moottori-golf-passat-polo-leon-octavia\/","url":"https:\/\/autopartscenter24.com\/auton-varaosat\/1-6-tdi-clh-moottori-golf-passat-polo-leon-octavia\/","name":"1.6 TDI \"CLH\" motor [f.eks. Golf, Passat, Polo, Leon, Octavia]","isPartOf":{"@id":"https:\/\/autopartscenter24.com\/#website"},"primaryImageOfPage":{"@id":"https:\/\/autopartscenter24.com\/auton-varaosat\/1-6-tdi-clh-moottori-golf-passat-polo-leon-octavia\/#primaryimage"},"image":{"@id":"https:\/\/autopartscenter24.com\/auton-varaosat\/1-6-tdi-clh-moottori-golf-passat-polo-leon-octavia\/#primaryimage"},"thumbnailUrl":"https:\/\/autopartscenter24.com\/wp-content\/uploads\/2023\/03\/1-6-tdi-clh-moottori-golf-passat-polo-leon-octavia.webp","datePublished":"2023-12-02T16:31:06+00:00","description":"En av motorene vi ofte har tilgjengelig. Send en foresp\u00f8rsel og du vil motta et tilbud innen 24 timer. Motorer, girkasser og andre bildeler med garanti.","breadcrumb":{"@id":"https:\/\/autopartscenter24.com\/auton-varaosat\/1-6-tdi-clh-moottori-golf-passat-polo-leon-octavia\/#breadcrumb"},"inLanguage":"nb-NO","potentialAction":[{"@type":"ReadAction","target":["https:\/\/autopartscenter24.com\/auton-varaosat\/1-6-tdi-clh-moottori-golf-passat-polo-leon-octavia\/"]}]},{"@type":"ImageObject","inLanguage":"nb-NO","@id":"https:\/\/autopartscenter24.com\/auton-varaosat\/1-6-tdi-clh-moottori-golf-passat-polo-leon-octavia\/#primaryimage","url":"https:\/\/autopartscenter24.com\/wp-content\/uploads\/2023\/03\/1-6-tdi-clh-moottori-golf-passat-polo-leon-octavia.webp","contentUrl":"https:\/\/autopartscenter24.com\/wp-content\/uploads\/2023\/03\/1-6-tdi-clh-moottori-golf-passat-polo-leon-octavia.webp","width":800,"height":600},{"@type":"BreadcrumbList","@id":"https:\/\/autopartscenter24.com\/auton-varaosat\/1-6-tdi-clh-moottori-golf-passat-polo-leon-octavia\/#breadcrumb","itemListElement":[{"@type":"ListItem","position":1,"name":"Hjem","item":"https:\/\/aliceblue-termite-662564.hostingersite.com\/"},{"@type":"ListItem","position":2,"name":"Auton varaosat","item":"https:\/\/aliceblue-termite-662564.hostingersite.com\/auton-varaosat\/"},{"@type":"ListItem","position":3,"name":"1.6 TDI &#8221;CLH&#8221; motor [f.eks. Golf, Passat, Polo, Leon, Octavia]"}]},{"@type":"WebSite","@id":"https:\/\/autopartscenter24.com\/#website","url":"https:\/\/autopartscenter24.com\/","name":"Autopartscenter24","description":"K\u00c4YTETYT JA KUNNOSTETUT  AUTON VARAOSAT","potentialAction":[{"@type":"SearchAction","target":{"@type":"EntryPoint","urlTemplate":"https:\/\/autopartscenter24.com\/?s={search_term_string}"},"query-input":{"@type":"PropertyValueSpecification","valueRequired":true,"valueName":"search_term_string"}}],"inLanguage":"nb-NO"}]}},"_links":{"self":[{"href":"https:\/\/autopartscenter24.com\/no\/wp-json\/wp\/v2\/product\/5766","targetHints":{"allow":["GET"]}}],"collection":[{"href":"https:\/\/autopartscenter24.com\/no\/wp-json\/wp\/v2\/product"}],"about":[{"href":"https:\/\/autopartscenter24.com\/no\/wp-json\/wp\/v2\/types\/product"}],"wp:featuredmedia":[{"embeddable":true,"href":"https:\/\/autopartscenter24.com\/no\/wp-json\/wp\/v2\/media\/4530"}],"wp:attachment":[{"href":"https:\/\/autopartscenter24.com\/no\/wp-json\/wp\/v2\/media?parent=5766"}],"wp:term":[{"taxonomy":"product_brand","embeddable":true,"href":"https:\/\/autopartscenter24.com\/no\/wp-json\/wp\/v2\/product_brand?post=5766"},{"taxonomy":"product_cat","embeddable":true,"href":"https:\/\/autopartscenter24.com\/no\/wp-json\/wp\/v2\/product_cat?post=5766"},{"taxonomy":"product_tag","embeddable":true,"href":"https:\/\/autopartscenter24.com\/no\/wp-json\/wp\/v2\/product_tag?post=5766"}],"curies":[{"name":"wp","href":"https:\/\/api.w.org\/{rel}","templated":true}]}}