{"id":5765,"date":"2023-03-05T17:27:21","date_gmt":"2023-12-02T16:28:43","guid":{"rendered":"https:\/\/autopartscenter24.com\/product\/2-5-n52b25-motor-f-eks-bmw-3-e46\/"},"modified":"2023-12-02T17:28:43","modified_gmt":"2023-12-02T16:28:43","slug":"2-5-n52b25-motor-f-eks-bmw-3-e46","status":"publish","type":"product","link":"https:\/\/autopartscenter24.com\/no\/auton-varaosat\/2-5-n52b25-motor-f-eks-bmw-3-e46\/","title":{"rendered":"2.5 &laquo;N52B25&raquo; motor [f.eks. BMW 3 E46]"},"content":{"rendered":"<p><strong>BMW E46 2.5 (motorkode: N54B25)<\/strong> er en bensinmotor produsert av BMW som ble brukt i flere E46 3-seriemodeller. Motoren har et sylindervolum p\u00e5 2494 cm\u00b3 og yter en effekt p\u00e5 cirka 192 hk (141 kW) og et dreiemoment p\u00e5 245 Nm. Motoren er utstyrt med dobbel turbo og den n\u00e5r sitt maksimale dreiemoment allerede ved 2000 omdreininger i minuttet. Motorytelsen er meget god og den akselererer fra 0-100 km\/t p\u00e5 cirka 6,5 \u200b\u200bsekunder.<\/p>\n<p>De tekniske egenskapene til N54B25-motoren er imponerende. Motoren har to turboer som forbedrer motorytelsen og drivstoff\u00f8konomien. Tvillingturbosystemet fungerer p\u00e5 en slik m\u00e5te at den mindre turboen lader f\u00f8rst, slik at den st\u00f8rre turboen kan lades uten flyt. Dette systemet forbedrer motorens responstid og dreiemoment betraktelig ved lave turtall. Motoren har ogs\u00e5 et direkteinnspr\u00f8ytningssystem som forbedrer drivstoff\u00f8konomien og reduserer utslipp.<\/p>\n<p>N54B25-motoren er godt designet og komponentene er av h\u00f8y kvalitet. Aluminium og magnesium brukes i motorstrukturen, noe som reduserer vekten og forbedrer motorkj\u00f8lingen. Motordekslene har ogs\u00e5 et sv\u00e6rt holdbart Vanos ventill\u00f8ftersystem som forbedrer motorytelsen og reduserer utslippene.<\/p>\n<p>BMW E46 2.5-motoren (N54B25) er en sv\u00e6rt kapabel og teknologisk avansert motor som tilbyr utmerket kraft og dreiemoment, noe som gj\u00f8r den sv\u00e6rt popul\u00e6r blant bilentusiaster. Motorens h\u00f8ykvalitetskomponenter og innovative design gj\u00f8r den til et p\u00e5litelig og holdbart valg.<\/p>\n","protected":false},"excerpt":{"rendered":"<p>BMW E46 2.5-motoren ble brukt i mange E46 3-seriemodeller. Noen eksempler inkluderer BMW 325i, 325xi og 325Ci. N54B25-motoren ble ogs\u00e5 brukt i BMWs X3- og Z4-modeller.<\/p>\n","protected":false},"featured_media":4535,"template":"","meta":[],"product_brand":[],"product_cat":[536],"product_tag":[791],"class_list":{"0":"post-5765","1":"product","2":"type-product","3":"status-publish","4":"has-post-thumbnail","6":"product_cat-bmw-no","7":"product_tag-3-e46-no","8":"pa_varaosan-osasto-motor-no","11":"first","12":"instock","13":"shipping-taxable","14":"product-type-simple"},"yoast_head":"<!-- This site is optimized with the Yoast SEO plugin v26.8 - https:\/\/yoast.com\/product\/yoast-seo-wordpress\/ -->\n<title>2.5 &quot;N52B25&quot; motor [f.eks. BMW 3 E46] - Autopartscenter24<\/title>\n<meta name=\"robots\" content=\"index, follow, max-snippet:-1, max-image-preview:large, max-video-preview:-1\" \/>\n<link rel=\"canonical\" href=\"https:\/\/autopartscenter24.com\/no\/auton-varaosat\/2-5-256s5-n54b25-moottori-bmw-e46\/\" \/>\n<meta property=\"og:locale\" content=\"nb_NO\" \/>\n<meta property=\"og:type\" content=\"article\" \/>\n<meta property=\"og:title\" content=\"2.5 &quot;N52B25&quot; motor [f.eks. BMW 3 E46] - Autopartscenter24\" \/>\n<meta property=\"og:description\" content=\"BMW E46 2.5-motoren ble brukt i mange E46 3-seriemodeller. Noen eksempler inkluderer BMW 325i, 325xi og 325Ci. N54B25-motoren ble ogs\u00e5 brukt i BMWs X3- og Z4-modeller.\" \/>\n<meta property=\"og:url\" content=\"https:\/\/autopartscenter24.com\/no\/auton-varaosat\/2-5-256s5-n54b25-moottori-bmw-e46\/\" \/>\n<meta property=\"og:site_name\" content=\"Autopartscenter24\" \/>\n<meta property=\"og:image\" content=\"https:\/\/autopartscenter24.com\/wp-content\/uploads\/2023\/03\/2-5-N52B25A-moottori-bmw-5-e60-e61-218hv.webp\" \/>\n\t<meta property=\"og:image:width\" content=\"800\" \/>\n\t<meta property=\"og:image:height\" content=\"600\" \/>\n\t<meta property=\"og:image:type\" content=\"image\/webp\" \/>\n<meta name=\"twitter:card\" content=\"summary_large_image\" \/>\n<meta name=\"twitter:label1\" content=\"Ansl. lesetid\" \/>\n\t<meta name=\"twitter:data1\" content=\"1 minutt\" \/>\n<script type=\"application\/ld+json\" class=\"yoast-schema-graph\">{\"@context\":\"https:\/\/schema.org\",\"@graph\":[{\"@type\":\"WebPage\",\"@id\":\"https:\/\/autopartscenter24.com\/auton-varaosat\/2-5-256s5-n54b25-moottori-bmw-e46\/\",\"url\":\"https:\/\/autopartscenter24.com\/auton-varaosat\/2-5-256s5-n54b25-moottori-bmw-e46\/\",\"name\":\"2.5 \\\"N52B25\\\" motor [f.eks. BMW 3 E46] - Autopartscenter24\",\"isPartOf\":{\"@id\":\"https:\/\/autopartscenter24.com\/#website\"},\"primaryImageOfPage\":{\"@id\":\"https:\/\/autopartscenter24.com\/auton-varaosat\/2-5-256s5-n54b25-moottori-bmw-e46\/#primaryimage\"},\"image\":{\"@id\":\"https:\/\/autopartscenter24.com\/auton-varaosat\/2-5-256s5-n54b25-moottori-bmw-e46\/#primaryimage\"},\"thumbnailUrl\":\"https:\/\/autopartscenter24.com\/wp-content\/uploads\/2023\/03\/2-5-N52B25A-moottori-bmw-5-e60-e61-218hv.webp\",\"datePublished\":\"2023-12-02T16:28:43+00:00\",\"breadcrumb\":{\"@id\":\"https:\/\/autopartscenter24.com\/auton-varaosat\/2-5-256s5-n54b25-moottori-bmw-e46\/#breadcrumb\"},\"inLanguage\":\"nb-NO\",\"potentialAction\":[{\"@type\":\"ReadAction\",\"target\":[\"https:\/\/autopartscenter24.com\/auton-varaosat\/2-5-256s5-n54b25-moottori-bmw-e46\/\"]}]},{\"@type\":\"ImageObject\",\"inLanguage\":\"nb-NO\",\"@id\":\"https:\/\/autopartscenter24.com\/auton-varaosat\/2-5-256s5-n54b25-moottori-bmw-e46\/#primaryimage\",\"url\":\"https:\/\/autopartscenter24.com\/wp-content\/uploads\/2023\/03\/2-5-N52B25A-moottori-bmw-5-e60-e61-218hv.webp\",\"contentUrl\":\"https:\/\/autopartscenter24.com\/wp-content\/uploads\/2023\/03\/2-5-N52B25A-moottori-bmw-5-e60-e61-218hv.webp\",\"width\":800,\"height\":600},{\"@type\":\"BreadcrumbList\",\"@id\":\"https:\/\/autopartscenter24.com\/auton-varaosat\/2-5-256s5-n54b25-moottori-bmw-e46\/#breadcrumb\",\"itemListElement\":[{\"@type\":\"ListItem\",\"position\":1,\"name\":\"Hjem\",\"item\":\"https:\/\/aliceblue-termite-662564.hostingersite.com\/\"},{\"@type\":\"ListItem\",\"position\":2,\"name\":\"Auton varaosat\",\"item\":\"https:\/\/aliceblue-termite-662564.hostingersite.com\/auton-varaosat\/\"},{\"@type\":\"ListItem\",\"position\":3,\"name\":\"2.5 &#8221;N52B25&#8221; motor [f.eks. BMW 3 E46]\"}]},{\"@type\":\"WebSite\",\"@id\":\"https:\/\/autopartscenter24.com\/#website\",\"url\":\"https:\/\/autopartscenter24.com\/\",\"name\":\"Autopartscenter24\",\"description\":\"K\u00c4YTETYT JA KUNNOSTETUT  AUTON VARAOSAT\",\"potentialAction\":[{\"@type\":\"SearchAction\",\"target\":{\"@type\":\"EntryPoint\",\"urlTemplate\":\"https:\/\/autopartscenter24.com\/?s={search_term_string}\"},\"query-input\":{\"@type\":\"PropertyValueSpecification\",\"valueRequired\":true,\"valueName\":\"search_term_string\"}}],\"inLanguage\":\"nb-NO\"}]}<\/script>\n<!-- \/ Yoast SEO plugin. -->","yoast_head_json":{"title":"2.5 \"N52B25\" motor [f.eks. BMW 3 E46] - Autopartscenter24","robots":{"index":"index","follow":"follow","max-snippet":"max-snippet:-1","max-image-preview":"max-image-preview:large","max-video-preview":"max-video-preview:-1"},"canonical":"https:\/\/autopartscenter24.com\/no\/auton-varaosat\/2-5-256s5-n54b25-moottori-bmw-e46\/","og_locale":"nb_NO","og_type":"article","og_title":"2.5 \"N52B25\" motor [f.eks. BMW 3 E46] - Autopartscenter24","og_description":"BMW E46 2.5-motoren ble brukt i mange E46 3-seriemodeller. Noen eksempler inkluderer BMW 325i, 325xi og 325Ci. N54B25-motoren ble ogs\u00e5 brukt i BMWs X3- og Z4-modeller.","og_url":"https:\/\/autopartscenter24.com\/no\/auton-varaosat\/2-5-256s5-n54b25-moottori-bmw-e46\/","og_site_name":"Autopartscenter24","og_image":[{"width":800,"height":600,"url":"https:\/\/autopartscenter24.com\/wp-content\/uploads\/2023\/03\/2-5-N52B25A-moottori-bmw-5-e60-e61-218hv.webp","type":"image\/webp"}],"twitter_card":"summary_large_image","twitter_misc":{"Ansl. lesetid":"1 minutt"},"schema":{"@context":"https:\/\/schema.org","@graph":[{"@type":"WebPage","@id":"https:\/\/autopartscenter24.com\/auton-varaosat\/2-5-256s5-n54b25-moottori-bmw-e46\/","url":"https:\/\/autopartscenter24.com\/auton-varaosat\/2-5-256s5-n54b25-moottori-bmw-e46\/","name":"2.5 \"N52B25\" motor [f.eks. BMW 3 E46] - Autopartscenter24","isPartOf":{"@id":"https:\/\/autopartscenter24.com\/#website"},"primaryImageOfPage":{"@id":"https:\/\/autopartscenter24.com\/auton-varaosat\/2-5-256s5-n54b25-moottori-bmw-e46\/#primaryimage"},"image":{"@id":"https:\/\/autopartscenter24.com\/auton-varaosat\/2-5-256s5-n54b25-moottori-bmw-e46\/#primaryimage"},"thumbnailUrl":"https:\/\/autopartscenter24.com\/wp-content\/uploads\/2023\/03\/2-5-N52B25A-moottori-bmw-5-e60-e61-218hv.webp","datePublished":"2023-12-02T16:28:43+00:00","breadcrumb":{"@id":"https:\/\/autopartscenter24.com\/auton-varaosat\/2-5-256s5-n54b25-moottori-bmw-e46\/#breadcrumb"},"inLanguage":"nb-NO","potentialAction":[{"@type":"ReadAction","target":["https:\/\/autopartscenter24.com\/auton-varaosat\/2-5-256s5-n54b25-moottori-bmw-e46\/"]}]},{"@type":"ImageObject","inLanguage":"nb-NO","@id":"https:\/\/autopartscenter24.com\/auton-varaosat\/2-5-256s5-n54b25-moottori-bmw-e46\/#primaryimage","url":"https:\/\/autopartscenter24.com\/wp-content\/uploads\/2023\/03\/2-5-N52B25A-moottori-bmw-5-e60-e61-218hv.webp","contentUrl":"https:\/\/autopartscenter24.com\/wp-content\/uploads\/2023\/03\/2-5-N52B25A-moottori-bmw-5-e60-e61-218hv.webp","width":800,"height":600},{"@type":"BreadcrumbList","@id":"https:\/\/autopartscenter24.com\/auton-varaosat\/2-5-256s5-n54b25-moottori-bmw-e46\/#breadcrumb","itemListElement":[{"@type":"ListItem","position":1,"name":"Hjem","item":"https:\/\/aliceblue-termite-662564.hostingersite.com\/"},{"@type":"ListItem","position":2,"name":"Auton varaosat","item":"https:\/\/aliceblue-termite-662564.hostingersite.com\/auton-varaosat\/"},{"@type":"ListItem","position":3,"name":"2.5 &#8221;N52B25&#8221; motor [f.eks. BMW 3 E46]"}]},{"@type":"WebSite","@id":"https:\/\/autopartscenter24.com\/#website","url":"https:\/\/autopartscenter24.com\/","name":"Autopartscenter24","description":"K\u00c4YTETYT JA KUNNOSTETUT  AUTON VARAOSAT","potentialAction":[{"@type":"SearchAction","target":{"@type":"EntryPoint","urlTemplate":"https:\/\/autopartscenter24.com\/?s={search_term_string}"},"query-input":{"@type":"PropertyValueSpecification","valueRequired":true,"valueName":"search_term_string"}}],"inLanguage":"nb-NO"}]}},"_links":{"self":[{"href":"https:\/\/autopartscenter24.com\/no\/wp-json\/wp\/v2\/product\/5765","targetHints":{"allow":["GET"]}}],"collection":[{"href":"https:\/\/autopartscenter24.com\/no\/wp-json\/wp\/v2\/product"}],"about":[{"href":"https:\/\/autopartscenter24.com\/no\/wp-json\/wp\/v2\/types\/product"}],"wp:featuredmedia":[{"embeddable":true,"href":"https:\/\/autopartscenter24.com\/no\/wp-json\/wp\/v2\/media\/4535"}],"wp:attachment":[{"href":"https:\/\/autopartscenter24.com\/no\/wp-json\/wp\/v2\/media?parent=5765"}],"wp:term":[{"taxonomy":"product_brand","embeddable":true,"href":"https:\/\/autopartscenter24.com\/no\/wp-json\/wp\/v2\/product_brand?post=5765"},{"taxonomy":"product_cat","embeddable":true,"href":"https:\/\/autopartscenter24.com\/no\/wp-json\/wp\/v2\/product_cat?post=5765"},{"taxonomy":"product_tag","embeddable":true,"href":"https:\/\/autopartscenter24.com\/no\/wp-json\/wp\/v2\/product_tag?post=5765"}],"curies":[{"name":"wp","href":"https:\/\/api.w.org\/{rel}","templated":true}]}}