{"id":5764,"date":"2023-03-05T17:36:14","date_gmt":"2023-12-02T16:26:36","guid":{"rendered":"https:\/\/autopartscenter24.com\/product\/1-4-cgg-cggb-motor-f-eks-polo-fabia-leon\/"},"modified":"2023-12-02T17:26:36","modified_gmt":"2023-12-02T16:26:36","slug":"1-4-cgg-cggb-motor-f-eks-polo-fabia-leon","status":"publish","type":"product","link":"https:\/\/autopartscenter24.com\/no\/auton-varaosat\/1-4-cgg-cggb-motor-f-eks-polo-fabia-leon\/","title":{"rendered":"1.4 &laquo;CGG, CGGB&raquo;-motor [f.eks. Polo, Fabia, Leon]"},"content":{"rendered":"<p>1,4-liters bensinmotor er en av de mest popul\u00e6re motorst\u00f8rrelsene, mye brukt i ulike bilmerker. En slik er <strong>Volkswagen-konsernets 1,4 TSI-motor<\/strong>, som har v\u00e6rt i bruk siden 2006. Den n\u00f8yaktige modellkoden for denne <strong>motoren er CGG eller CGGB<\/strong>, og det er en firesylindret turboladet motor.<\/p>\n<p>Motorens sylinderm\u00e5l er 76,5 mm i diameter og 75,6 mm i slaglengde. Motorkraften varierer mellom 122 og 160 hestekrefter, avhengig av hvilken bil den er montert p\u00e5. Motoren er utstyrt med direkte innspr\u00f8ytning og turbolader, som muliggj\u00f8r raskere akselerasjon og bedre ytelse.<\/p>\n<p>Denne motoren er ogs\u00e5 utstyrt med mange tekniske l\u00f8sninger som \u00f8ker holdbarheten og \u00f8konomien. Motorens aluminiumsdeksel reduserer vekten og gir bedre drivstoffeffektivitet, noe som gj\u00f8r den mer milj\u00f8vennlig. Veivakselen til motoren er laget av st\u00e5l, noe som \u00f8ker styrken og holdbarheten. Oljepumpen i motorens veivhus er ogs\u00e5 redesignet for \u00e5 holde motorens oljeforbruk s\u00e5 lavt som mulig.<\/p>\n<p>Disse bilene er veldig popul\u00e6re rundt om i verden og 1.4 TSI-motoren er en av hovedfaktorene for ytelse og \u00f8konomi. Denne motoren har vist seg \u00e5 v\u00e6re sv\u00e6rt p\u00e5litelig og holdbar, noe som gj\u00f8r den til et attraktivt alternativ for de som leter etter en \u00f8konomisk og h\u00f8yytelsesmotor.<\/p>\n","protected":false},"excerpt":{"rendered":"<p>Volkswagen Group er ikke det eneste bilmerket som bruker denne motoren. Denne motoren brukes ogs\u00e5 i mange andre biler, inkludert:<\/p>\n<ul>\n<li>Audi A1 og A3<\/li>\n<li>Seat Ibiza og Leon<\/li>\n<li>Skoda Fabia og Octavia<\/li>\n<li>Volkswagen Golf, Jetta og Polo<\/li>\n<\/ul>\n","protected":false},"featured_media":4540,"template":"","meta":[],"product_brand":[],"product_cat":[487,486,485],"product_tag":[858,880,894],"class_list":{"0":"post-5764","1":"product","2":"type-product","3":"status-publish","4":"has-post-thumbnail","6":"product_cat-seat-no","7":"product_cat-skoda-no","8":"product_cat-vw-no","9":"product_tag-fabia-no","10":"product_tag-leon-no","11":"product_tag-polo-no","12":"pa_varaosan-osasto-motor-no","15":"first","16":"instock","17":"shipping-taxable","18":"product-type-simple"},"yoast_head":"<!-- This site is optimized with the Yoast SEO plugin v26.8 - https:\/\/yoast.com\/product\/yoast-seo-wordpress\/ -->\n<title>1.4 &quot;CGG, CGGB&quot;-motor [f.eks. Polo, Fabia, Leon]<\/title>\n<meta name=\"description\" content=\"En av motorene vi ofte har tilgjengelig. Send en foresp\u00f8rsel og du vil motta et tilbud innen 24 timer. Motorer, girkasser og andre bildeler med garanti.\" \/>\n<meta name=\"robots\" content=\"index, follow, max-snippet:-1, max-image-preview:large, max-video-preview:-1\" \/>\n<link rel=\"canonical\" href=\"https:\/\/autopartscenter24.com\/no\/auton-varaosat\/1-4-cgg-cggb-moottori-polo-fabia-leon\/\" \/>\n<meta property=\"og:locale\" content=\"nb_NO\" \/>\n<meta property=\"og:type\" content=\"article\" \/>\n<meta property=\"og:title\" content=\"1.4 &quot;CGG, CGGB&quot;-motor [f.eks. Polo, Fabia, Leon]\" \/>\n<meta property=\"og:description\" content=\"En av motorene vi ofte har tilgjengelig. Send en foresp\u00f8rsel og du vil motta et tilbud innen 24 timer. Motorer, girkasser og andre bildeler med garanti.\" \/>\n<meta property=\"og:url\" content=\"https:\/\/autopartscenter24.com\/no\/auton-varaosat\/1-4-cgg-cggb-moottori-polo-fabia-leon\/\" \/>\n<meta property=\"og:site_name\" content=\"Autopartscenter24\" \/>\n<meta property=\"og:image\" content=\"https:\/\/autopartscenter24.com\/wp-content\/uploads\/2023\/03\/1-4-cgg-cggb-moottori-vw-polo-fabia-leon.webp\" \/>\n\t<meta property=\"og:image:width\" content=\"800\" \/>\n\t<meta property=\"og:image:height\" content=\"600\" \/>\n\t<meta property=\"og:image:type\" content=\"image\/webp\" \/>\n<meta name=\"twitter:card\" content=\"summary_large_image\" \/>\n<meta name=\"twitter:label1\" content=\"Ansl. lesetid\" \/>\n\t<meta name=\"twitter:data1\" content=\"1 minutt\" \/>\n<script type=\"application\/ld+json\" class=\"yoast-schema-graph\">{\"@context\":\"https:\/\/schema.org\",\"@graph\":[{\"@type\":\"WebPage\",\"@id\":\"https:\/\/autopartscenter24.com\/auton-varaosat\/1-4-cgg-cggb-moottori-polo-fabia-leon\/\",\"url\":\"https:\/\/autopartscenter24.com\/auton-varaosat\/1-4-cgg-cggb-moottori-polo-fabia-leon\/\",\"name\":\"1.4 \\\"CGG, CGGB\\\"-motor [f.eks. Polo, Fabia, Leon]\",\"isPartOf\":{\"@id\":\"https:\/\/autopartscenter24.com\/#website\"},\"primaryImageOfPage\":{\"@id\":\"https:\/\/autopartscenter24.com\/auton-varaosat\/1-4-cgg-cggb-moottori-polo-fabia-leon\/#primaryimage\"},\"image\":{\"@id\":\"https:\/\/autopartscenter24.com\/auton-varaosat\/1-4-cgg-cggb-moottori-polo-fabia-leon\/#primaryimage\"},\"thumbnailUrl\":\"https:\/\/autopartscenter24.com\/wp-content\/uploads\/2023\/03\/1-4-cgg-cggb-moottori-vw-polo-fabia-leon.webp\",\"datePublished\":\"2023-12-02T16:26:36+00:00\",\"description\":\"En av motorene vi ofte har tilgjengelig. Send en foresp\u00f8rsel og du vil motta et tilbud innen 24 timer. Motorer, girkasser og andre bildeler med garanti.\",\"breadcrumb\":{\"@id\":\"https:\/\/autopartscenter24.com\/auton-varaosat\/1-4-cgg-cggb-moottori-polo-fabia-leon\/#breadcrumb\"},\"inLanguage\":\"nb-NO\",\"potentialAction\":[{\"@type\":\"ReadAction\",\"target\":[\"https:\/\/autopartscenter24.com\/auton-varaosat\/1-4-cgg-cggb-moottori-polo-fabia-leon\/\"]}]},{\"@type\":\"ImageObject\",\"inLanguage\":\"nb-NO\",\"@id\":\"https:\/\/autopartscenter24.com\/auton-varaosat\/1-4-cgg-cggb-moottori-polo-fabia-leon\/#primaryimage\",\"url\":\"https:\/\/autopartscenter24.com\/wp-content\/uploads\/2023\/03\/1-4-cgg-cggb-moottori-vw-polo-fabia-leon.webp\",\"contentUrl\":\"https:\/\/autopartscenter24.com\/wp-content\/uploads\/2023\/03\/1-4-cgg-cggb-moottori-vw-polo-fabia-leon.webp\",\"width\":800,\"height\":600},{\"@type\":\"BreadcrumbList\",\"@id\":\"https:\/\/autopartscenter24.com\/auton-varaosat\/1-4-cgg-cggb-moottori-polo-fabia-leon\/#breadcrumb\",\"itemListElement\":[{\"@type\":\"ListItem\",\"position\":1,\"name\":\"Hjem\",\"item\":\"https:\/\/aliceblue-termite-662564.hostingersite.com\/\"},{\"@type\":\"ListItem\",\"position\":2,\"name\":\"Auton varaosat\",\"item\":\"https:\/\/aliceblue-termite-662564.hostingersite.com\/auton-varaosat\/\"},{\"@type\":\"ListItem\",\"position\":3,\"name\":\"1.4 &#8221;CGG, CGGB&#8221;-motor [f.eks. Polo, Fabia, Leon]\"}]},{\"@type\":\"WebSite\",\"@id\":\"https:\/\/autopartscenter24.com\/#website\",\"url\":\"https:\/\/autopartscenter24.com\/\",\"name\":\"Autopartscenter24\",\"description\":\"K\u00c4YTETYT JA KUNNOSTETUT  AUTON VARAOSAT\",\"potentialAction\":[{\"@type\":\"SearchAction\",\"target\":{\"@type\":\"EntryPoint\",\"urlTemplate\":\"https:\/\/autopartscenter24.com\/?s={search_term_string}\"},\"query-input\":{\"@type\":\"PropertyValueSpecification\",\"valueRequired\":true,\"valueName\":\"search_term_string\"}}],\"inLanguage\":\"nb-NO\"}]}<\/script>\n<!-- \/ Yoast SEO plugin. -->","yoast_head_json":{"title":"1.4 \"CGG, CGGB\"-motor [f.eks. Polo, Fabia, Leon]","description":"En av motorene vi ofte har tilgjengelig. Send en foresp\u00f8rsel og du vil motta et tilbud innen 24 timer. Motorer, girkasser og andre bildeler med garanti.","robots":{"index":"index","follow":"follow","max-snippet":"max-snippet:-1","max-image-preview":"max-image-preview:large","max-video-preview":"max-video-preview:-1"},"canonical":"https:\/\/autopartscenter24.com\/no\/auton-varaosat\/1-4-cgg-cggb-moottori-polo-fabia-leon\/","og_locale":"nb_NO","og_type":"article","og_title":"1.4 \"CGG, CGGB\"-motor [f.eks. Polo, Fabia, Leon]","og_description":"En av motorene vi ofte har tilgjengelig. Send en foresp\u00f8rsel og du vil motta et tilbud innen 24 timer. Motorer, girkasser og andre bildeler med garanti.","og_url":"https:\/\/autopartscenter24.com\/no\/auton-varaosat\/1-4-cgg-cggb-moottori-polo-fabia-leon\/","og_site_name":"Autopartscenter24","og_image":[{"width":800,"height":600,"url":"https:\/\/autopartscenter24.com\/wp-content\/uploads\/2023\/03\/1-4-cgg-cggb-moottori-vw-polo-fabia-leon.webp","type":"image\/webp"}],"twitter_card":"summary_large_image","twitter_misc":{"Ansl. lesetid":"1 minutt"},"schema":{"@context":"https:\/\/schema.org","@graph":[{"@type":"WebPage","@id":"https:\/\/autopartscenter24.com\/auton-varaosat\/1-4-cgg-cggb-moottori-polo-fabia-leon\/","url":"https:\/\/autopartscenter24.com\/auton-varaosat\/1-4-cgg-cggb-moottori-polo-fabia-leon\/","name":"1.4 \"CGG, CGGB\"-motor [f.eks. Polo, Fabia, Leon]","isPartOf":{"@id":"https:\/\/autopartscenter24.com\/#website"},"primaryImageOfPage":{"@id":"https:\/\/autopartscenter24.com\/auton-varaosat\/1-4-cgg-cggb-moottori-polo-fabia-leon\/#primaryimage"},"image":{"@id":"https:\/\/autopartscenter24.com\/auton-varaosat\/1-4-cgg-cggb-moottori-polo-fabia-leon\/#primaryimage"},"thumbnailUrl":"https:\/\/autopartscenter24.com\/wp-content\/uploads\/2023\/03\/1-4-cgg-cggb-moottori-vw-polo-fabia-leon.webp","datePublished":"2023-12-02T16:26:36+00:00","description":"En av motorene vi ofte har tilgjengelig. Send en foresp\u00f8rsel og du vil motta et tilbud innen 24 timer. Motorer, girkasser og andre bildeler med garanti.","breadcrumb":{"@id":"https:\/\/autopartscenter24.com\/auton-varaosat\/1-4-cgg-cggb-moottori-polo-fabia-leon\/#breadcrumb"},"inLanguage":"nb-NO","potentialAction":[{"@type":"ReadAction","target":["https:\/\/autopartscenter24.com\/auton-varaosat\/1-4-cgg-cggb-moottori-polo-fabia-leon\/"]}]},{"@type":"ImageObject","inLanguage":"nb-NO","@id":"https:\/\/autopartscenter24.com\/auton-varaosat\/1-4-cgg-cggb-moottori-polo-fabia-leon\/#primaryimage","url":"https:\/\/autopartscenter24.com\/wp-content\/uploads\/2023\/03\/1-4-cgg-cggb-moottori-vw-polo-fabia-leon.webp","contentUrl":"https:\/\/autopartscenter24.com\/wp-content\/uploads\/2023\/03\/1-4-cgg-cggb-moottori-vw-polo-fabia-leon.webp","width":800,"height":600},{"@type":"BreadcrumbList","@id":"https:\/\/autopartscenter24.com\/auton-varaosat\/1-4-cgg-cggb-moottori-polo-fabia-leon\/#breadcrumb","itemListElement":[{"@type":"ListItem","position":1,"name":"Hjem","item":"https:\/\/aliceblue-termite-662564.hostingersite.com\/"},{"@type":"ListItem","position":2,"name":"Auton varaosat","item":"https:\/\/aliceblue-termite-662564.hostingersite.com\/auton-varaosat\/"},{"@type":"ListItem","position":3,"name":"1.4 &#8221;CGG, CGGB&#8221;-motor [f.eks. Polo, Fabia, Leon]"}]},{"@type":"WebSite","@id":"https:\/\/autopartscenter24.com\/#website","url":"https:\/\/autopartscenter24.com\/","name":"Autopartscenter24","description":"K\u00c4YTETYT JA KUNNOSTETUT  AUTON VARAOSAT","potentialAction":[{"@type":"SearchAction","target":{"@type":"EntryPoint","urlTemplate":"https:\/\/autopartscenter24.com\/?s={search_term_string}"},"query-input":{"@type":"PropertyValueSpecification","valueRequired":true,"valueName":"search_term_string"}}],"inLanguage":"nb-NO"}]}},"_links":{"self":[{"href":"https:\/\/autopartscenter24.com\/no\/wp-json\/wp\/v2\/product\/5764","targetHints":{"allow":["GET"]}}],"collection":[{"href":"https:\/\/autopartscenter24.com\/no\/wp-json\/wp\/v2\/product"}],"about":[{"href":"https:\/\/autopartscenter24.com\/no\/wp-json\/wp\/v2\/types\/product"}],"wp:featuredmedia":[{"embeddable":true,"href":"https:\/\/autopartscenter24.com\/no\/wp-json\/wp\/v2\/media\/4540"}],"wp:attachment":[{"href":"https:\/\/autopartscenter24.com\/no\/wp-json\/wp\/v2\/media?parent=5764"}],"wp:term":[{"taxonomy":"product_brand","embeddable":true,"href":"https:\/\/autopartscenter24.com\/no\/wp-json\/wp\/v2\/product_brand?post=5764"},{"taxonomy":"product_cat","embeddable":true,"href":"https:\/\/autopartscenter24.com\/no\/wp-json\/wp\/v2\/product_cat?post=5764"},{"taxonomy":"product_tag","embeddable":true,"href":"https:\/\/autopartscenter24.com\/no\/wp-json\/wp\/v2\/product_tag?post=5764"}],"curies":[{"name":"wp","href":"https:\/\/api.w.org\/{rel}","templated":true}]}}