{"id":5763,"date":"2023-03-05T17:40:28","date_gmt":"2023-12-02T16:23:51","guid":{"rendered":"https:\/\/autopartscenter24.com\/product\/2-0-tdi-cag-motor-f-eks-a4-a5-q5\/"},"modified":"2023-12-02T17:23:51","modified_gmt":"2023-12-02T16:23:51","slug":"2-0-tdi-cag-motor-f-eks-a4-a5-q5","status":"publish","type":"product","link":"https:\/\/autopartscenter24.com\/no\/auton-varaosat\/2-0-tdi-cag-motor-f-eks-a4-a5-q5\/","title":{"rendered":"2.0 TDI &laquo;CAG&raquo;-motor [f.eks. A4, A5, Q5]"},"content":{"rendered":"<p><strong>Volkswagens 2.0 TDI-motor<\/strong>, ogs\u00e5 kjent under kodenavnet <strong>CAG<\/strong>, er en dieselmotor designet for \u00e5 gi utmerket ytelse, \u00f8konomi og lave utslipp. Motoren er utstyrt med fire sylindre, turbolader og direkteinnspr\u00f8ytningsteknologi, som garanterer effektivt drivstofforbruk og renser eksosgassen.<\/p>\n<p><strong>CAG-motoren<\/strong> yter 140 hestekrefter og 320 Nm dreiemoment, noe som gj\u00f8r den til et utmerket valg for biler som krever h\u00f8y ytelse og drivstoffeffektivitet. Motorens direkteinnspr\u00f8ytningssystem muliggj\u00f8r presis drivstofftilf\u00f8rsel, noe som \u00f8ker motorens effektivitet og reduserer drivstofforbruket.<\/p>\n<p>CAG-motoren er utstyrt med mange innovative teknologier, som et partikkelfilter som reduserer eksosutslipp og et DPF-system som renser eksosgassene enda mer effektivt. I tillegg er motoren utstyrt med et start-stopp-system som sparer drivstoff og reduserer utslipp ved \u00e5 stoppe automatisk n\u00e5r kj\u00f8ret\u00f8yet stopper i trafikklys eller andre lignende situasjoner.<\/p>\n<p>Bilprodusenter som bruker 2.0 TDI CAG-motoren kan tilby sine kunder en kombinasjon av utmerket ytelse og drivstoff\u00f8konomi, noe som gj\u00f8r den til et attraktivt alternativ for forbrukere som \u00f8nsker en \u00f8konomisk bil uten \u00e5 ofre ytelsen. Motoren er ogs\u00e5 milj\u00f8vennlig og oppfyller Euro 5-utslippsstandardene, noe som reduserer dens milj\u00f8p\u00e5virkning og gj\u00f8r den til et attraktivt valg for milj\u00f8bevisste forbrukere.<\/p>\n","protected":false},"excerpt":{"rendered":"<p>CAG-motoren er spesialdesignet for Volkswagen bilmodeller og er installert i flere ulike modeller, som Volkswagen Golf, Passat, Jetta og Tiguan. Motoren brukes ogs\u00e5 i mange biler fra andre produsenter, som Audi, Seat og Skoda. Motorens p\u00e5litelighet og effektivitet har gitt den stor popularitet blant bilprodusenter og forbrukere.<\/p>\n","protected":false},"featured_media":4545,"template":"","meta":[],"product_brand":[],"product_cat":[484,485],"product_tag":[808,809,898],"class_list":{"0":"post-5763","1":"product","2":"type-product","3":"status-publish","4":"has-post-thumbnail","6":"product_cat-audi-no","7":"product_cat-vw-no","8":"product_tag-a4-no","9":"product_tag-a5-no","10":"product_tag-q5-no","11":"pa_varaosan-osasto-motor-no","14":"first","15":"instock","16":"shipping-taxable","17":"product-type-simple"},"yoast_head":"<!-- This site is optimized with the Yoast SEO plugin v26.8 - https:\/\/yoast.com\/product\/yoast-seo-wordpress\/ -->\n<title>2.0 TDI &quot;CAG&quot;-motor [f.eks. A4, A5, Q5] - Autopartscenter24<\/title>\n<meta name=\"description\" content=\"En av motorene vi ofte har tilgjengelig. Send en foresp\u00f8rsel og du vil motta et tilbud innen 24 timer. Motorer, girkasser og andre bildeler med garanti.\" \/>\n<meta name=\"robots\" content=\"index, follow, max-snippet:-1, max-image-preview:large, max-video-preview:-1\" \/>\n<link rel=\"canonical\" href=\"https:\/\/autopartscenter24.com\/no\/auton-varaosat\/2-0-tdi-cag-vw-audi-a4-b8-a5-q5\/\" \/>\n<meta property=\"og:locale\" content=\"nb_NO\" \/>\n<meta property=\"og:type\" content=\"article\" \/>\n<meta property=\"og:title\" content=\"2.0 TDI &quot;CAG&quot;-motor [f.eks. A4, A5, Q5] - Autopartscenter24\" \/>\n<meta property=\"og:description\" content=\"En av motorene vi ofte har tilgjengelig. Send en foresp\u00f8rsel og du vil motta et tilbud innen 24 timer. Motorer, girkasser og andre bildeler med garanti.\" \/>\n<meta property=\"og:url\" content=\"https:\/\/autopartscenter24.com\/no\/auton-varaosat\/2-0-tdi-cag-vw-audi-a4-b8-a5-q5\/\" \/>\n<meta property=\"og:site_name\" content=\"Autopartscenter24\" \/>\n<meta property=\"og:image\" content=\"https:\/\/autopartscenter24.com\/wp-content\/uploads\/2023\/03\/2-0-tdi-CAG-vw-audi-a4-b8-a5-q5.webp\" \/>\n\t<meta property=\"og:image:width\" content=\"800\" \/>\n\t<meta property=\"og:image:height\" content=\"600\" \/>\n\t<meta property=\"og:image:type\" content=\"image\/webp\" \/>\n<meta name=\"twitter:card\" content=\"summary_large_image\" \/>\n<meta name=\"twitter:label1\" content=\"Ansl. lesetid\" \/>\n\t<meta name=\"twitter:data1\" content=\"1 minutt\" \/>\n<script type=\"application\/ld+json\" class=\"yoast-schema-graph\">{\"@context\":\"https:\/\/schema.org\",\"@graph\":[{\"@type\":\"WebPage\",\"@id\":\"https:\/\/autopartscenter24.com\/auton-varaosat\/2-0-tdi-cag-vw-audi-a4-b8-a5-q5\/\",\"url\":\"https:\/\/autopartscenter24.com\/auton-varaosat\/2-0-tdi-cag-vw-audi-a4-b8-a5-q5\/\",\"name\":\"2.0 TDI \\\"CAG\\\"-motor [f.eks. A4, A5, Q5] - Autopartscenter24\",\"isPartOf\":{\"@id\":\"https:\/\/autopartscenter24.com\/#website\"},\"primaryImageOfPage\":{\"@id\":\"https:\/\/autopartscenter24.com\/auton-varaosat\/2-0-tdi-cag-vw-audi-a4-b8-a5-q5\/#primaryimage\"},\"image\":{\"@id\":\"https:\/\/autopartscenter24.com\/auton-varaosat\/2-0-tdi-cag-vw-audi-a4-b8-a5-q5\/#primaryimage\"},\"thumbnailUrl\":\"https:\/\/autopartscenter24.com\/wp-content\/uploads\/2023\/03\/2-0-tdi-CAG-vw-audi-a4-b8-a5-q5.webp\",\"datePublished\":\"2023-12-02T16:23:51+00:00\",\"description\":\"En av motorene vi ofte har tilgjengelig. Send en foresp\u00f8rsel og du vil motta et tilbud innen 24 timer. Motorer, girkasser og andre bildeler med garanti.\",\"breadcrumb\":{\"@id\":\"https:\/\/autopartscenter24.com\/auton-varaosat\/2-0-tdi-cag-vw-audi-a4-b8-a5-q5\/#breadcrumb\"},\"inLanguage\":\"nb-NO\",\"potentialAction\":[{\"@type\":\"ReadAction\",\"target\":[\"https:\/\/autopartscenter24.com\/auton-varaosat\/2-0-tdi-cag-vw-audi-a4-b8-a5-q5\/\"]}]},{\"@type\":\"ImageObject\",\"inLanguage\":\"nb-NO\",\"@id\":\"https:\/\/autopartscenter24.com\/auton-varaosat\/2-0-tdi-cag-vw-audi-a4-b8-a5-q5\/#primaryimage\",\"url\":\"https:\/\/autopartscenter24.com\/wp-content\/uploads\/2023\/03\/2-0-tdi-CAG-vw-audi-a4-b8-a5-q5.webp\",\"contentUrl\":\"https:\/\/autopartscenter24.com\/wp-content\/uploads\/2023\/03\/2-0-tdi-CAG-vw-audi-a4-b8-a5-q5.webp\",\"width\":800,\"height\":600},{\"@type\":\"BreadcrumbList\",\"@id\":\"https:\/\/autopartscenter24.com\/auton-varaosat\/2-0-tdi-cag-vw-audi-a4-b8-a5-q5\/#breadcrumb\",\"itemListElement\":[{\"@type\":\"ListItem\",\"position\":1,\"name\":\"Hjem\",\"item\":\"https:\/\/aliceblue-termite-662564.hostingersite.com\/\"},{\"@type\":\"ListItem\",\"position\":2,\"name\":\"Auton varaosat\",\"item\":\"https:\/\/aliceblue-termite-662564.hostingersite.com\/auton-varaosat\/\"},{\"@type\":\"ListItem\",\"position\":3,\"name\":\"2.0 TDI &#8221;CAG&#8221;-motor [f.eks. A4, A5, Q5]\"}]},{\"@type\":\"WebSite\",\"@id\":\"https:\/\/autopartscenter24.com\/#website\",\"url\":\"https:\/\/autopartscenter24.com\/\",\"name\":\"Autopartscenter24\",\"description\":\"K\u00c4YTETYT JA KUNNOSTETUT  AUTON VARAOSAT\",\"potentialAction\":[{\"@type\":\"SearchAction\",\"target\":{\"@type\":\"EntryPoint\",\"urlTemplate\":\"https:\/\/autopartscenter24.com\/?s={search_term_string}\"},\"query-input\":{\"@type\":\"PropertyValueSpecification\",\"valueRequired\":true,\"valueName\":\"search_term_string\"}}],\"inLanguage\":\"nb-NO\"}]}<\/script>\n<!-- \/ Yoast SEO plugin. -->","yoast_head_json":{"title":"2.0 TDI \"CAG\"-motor [f.eks. A4, A5, Q5] - Autopartscenter24","description":"En av motorene vi ofte har tilgjengelig. Send en foresp\u00f8rsel og du vil motta et tilbud innen 24 timer. Motorer, girkasser og andre bildeler med garanti.","robots":{"index":"index","follow":"follow","max-snippet":"max-snippet:-1","max-image-preview":"max-image-preview:large","max-video-preview":"max-video-preview:-1"},"canonical":"https:\/\/autopartscenter24.com\/no\/auton-varaosat\/2-0-tdi-cag-vw-audi-a4-b8-a5-q5\/","og_locale":"nb_NO","og_type":"article","og_title":"2.0 TDI \"CAG\"-motor [f.eks. A4, A5, Q5] - Autopartscenter24","og_description":"En av motorene vi ofte har tilgjengelig. Send en foresp\u00f8rsel og du vil motta et tilbud innen 24 timer. Motorer, girkasser og andre bildeler med garanti.","og_url":"https:\/\/autopartscenter24.com\/no\/auton-varaosat\/2-0-tdi-cag-vw-audi-a4-b8-a5-q5\/","og_site_name":"Autopartscenter24","og_image":[{"width":800,"height":600,"url":"https:\/\/autopartscenter24.com\/wp-content\/uploads\/2023\/03\/2-0-tdi-CAG-vw-audi-a4-b8-a5-q5.webp","type":"image\/webp"}],"twitter_card":"summary_large_image","twitter_misc":{"Ansl. lesetid":"1 minutt"},"schema":{"@context":"https:\/\/schema.org","@graph":[{"@type":"WebPage","@id":"https:\/\/autopartscenter24.com\/auton-varaosat\/2-0-tdi-cag-vw-audi-a4-b8-a5-q5\/","url":"https:\/\/autopartscenter24.com\/auton-varaosat\/2-0-tdi-cag-vw-audi-a4-b8-a5-q5\/","name":"2.0 TDI \"CAG\"-motor [f.eks. A4, A5, Q5] - Autopartscenter24","isPartOf":{"@id":"https:\/\/autopartscenter24.com\/#website"},"primaryImageOfPage":{"@id":"https:\/\/autopartscenter24.com\/auton-varaosat\/2-0-tdi-cag-vw-audi-a4-b8-a5-q5\/#primaryimage"},"image":{"@id":"https:\/\/autopartscenter24.com\/auton-varaosat\/2-0-tdi-cag-vw-audi-a4-b8-a5-q5\/#primaryimage"},"thumbnailUrl":"https:\/\/autopartscenter24.com\/wp-content\/uploads\/2023\/03\/2-0-tdi-CAG-vw-audi-a4-b8-a5-q5.webp","datePublished":"2023-12-02T16:23:51+00:00","description":"En av motorene vi ofte har tilgjengelig. Send en foresp\u00f8rsel og du vil motta et tilbud innen 24 timer. Motorer, girkasser og andre bildeler med garanti.","breadcrumb":{"@id":"https:\/\/autopartscenter24.com\/auton-varaosat\/2-0-tdi-cag-vw-audi-a4-b8-a5-q5\/#breadcrumb"},"inLanguage":"nb-NO","potentialAction":[{"@type":"ReadAction","target":["https:\/\/autopartscenter24.com\/auton-varaosat\/2-0-tdi-cag-vw-audi-a4-b8-a5-q5\/"]}]},{"@type":"ImageObject","inLanguage":"nb-NO","@id":"https:\/\/autopartscenter24.com\/auton-varaosat\/2-0-tdi-cag-vw-audi-a4-b8-a5-q5\/#primaryimage","url":"https:\/\/autopartscenter24.com\/wp-content\/uploads\/2023\/03\/2-0-tdi-CAG-vw-audi-a4-b8-a5-q5.webp","contentUrl":"https:\/\/autopartscenter24.com\/wp-content\/uploads\/2023\/03\/2-0-tdi-CAG-vw-audi-a4-b8-a5-q5.webp","width":800,"height":600},{"@type":"BreadcrumbList","@id":"https:\/\/autopartscenter24.com\/auton-varaosat\/2-0-tdi-cag-vw-audi-a4-b8-a5-q5\/#breadcrumb","itemListElement":[{"@type":"ListItem","position":1,"name":"Hjem","item":"https:\/\/aliceblue-termite-662564.hostingersite.com\/"},{"@type":"ListItem","position":2,"name":"Auton varaosat","item":"https:\/\/aliceblue-termite-662564.hostingersite.com\/auton-varaosat\/"},{"@type":"ListItem","position":3,"name":"2.0 TDI &#8221;CAG&#8221;-motor [f.eks. A4, A5, Q5]"}]},{"@type":"WebSite","@id":"https:\/\/autopartscenter24.com\/#website","url":"https:\/\/autopartscenter24.com\/","name":"Autopartscenter24","description":"K\u00c4YTETYT JA KUNNOSTETUT  AUTON VARAOSAT","potentialAction":[{"@type":"SearchAction","target":{"@type":"EntryPoint","urlTemplate":"https:\/\/autopartscenter24.com\/?s={search_term_string}"},"query-input":{"@type":"PropertyValueSpecification","valueRequired":true,"valueName":"search_term_string"}}],"inLanguage":"nb-NO"}]}},"_links":{"self":[{"href":"https:\/\/autopartscenter24.com\/no\/wp-json\/wp\/v2\/product\/5763","targetHints":{"allow":["GET"]}}],"collection":[{"href":"https:\/\/autopartscenter24.com\/no\/wp-json\/wp\/v2\/product"}],"about":[{"href":"https:\/\/autopartscenter24.com\/no\/wp-json\/wp\/v2\/types\/product"}],"wp:featuredmedia":[{"embeddable":true,"href":"https:\/\/autopartscenter24.com\/no\/wp-json\/wp\/v2\/media\/4545"}],"wp:attachment":[{"href":"https:\/\/autopartscenter24.com\/no\/wp-json\/wp\/v2\/media?parent=5763"}],"wp:term":[{"taxonomy":"product_brand","embeddable":true,"href":"https:\/\/autopartscenter24.com\/no\/wp-json\/wp\/v2\/product_brand?post=5763"},{"taxonomy":"product_cat","embeddable":true,"href":"https:\/\/autopartscenter24.com\/no\/wp-json\/wp\/v2\/product_cat?post=5763"},{"taxonomy":"product_tag","embeddable":true,"href":"https:\/\/autopartscenter24.com\/no\/wp-json\/wp\/v2\/product_tag?post=5763"}],"curies":[{"name":"wp","href":"https:\/\/api.w.org\/{rel}","templated":true}]}}