{"id":5762,"date":"2023-03-05T17:47:48","date_gmt":"2023-12-02T16:21:19","guid":{"rendered":"https:\/\/autopartscenter24.com\/product\/2-5-hybrid-2ar-fse-motor-f-eks-lexus-iii\/"},"modified":"2023-12-02T17:21:19","modified_gmt":"2023-12-02T16:21:19","slug":"2-5-hybrid-2ar-fse-motor-f-eks-lexus-iii","status":"publish","type":"product","link":"https:\/\/autopartscenter24.com\/no\/auton-varaosat\/2-5-hybrid-2ar-fse-motor-f-eks-lexus-iii\/","title":{"rendered":"2.5 HYBRID &laquo;2AR-FSE&raquo;-motor [f.eks. LEXUS III]"},"content":{"rendered":"<p>Toyota er kjent for sine milj\u00f8vennlige og \u00f8konomiske hybridbiler, og en av dem er <strong>2.5 Hybrid-motoren<\/strong> utstyrt med motorkoden <strong>2AR-FSE<\/strong>. Denne bensinmotoren er kombinert med en elektrisk motor, noe som gj\u00f8r den til en hybridmotor. Denne motoren er designet for \u00e5 gi h\u00f8y ytelse, \u00f8konomi og lave utslipp.<\/p>\n<p>Den st\u00f8rste fordelen med <strong>2,5-hybridmotoren<\/strong> er \u00f8konomien. Den er designet for \u00e5 bruke s\u00e5 lite drivstoff som mulig, noe som betyr lave karbondioksidutslipp og lave driftskostnader. Denne motoren yter opptil 215 hestekrefter og har et maksimalt dreiemoment p\u00e5 221 Nm. Motorens effektivitet skyldes delvis Atkinson-syklusen, som forbedrer drivstoffeffektiviteten. I tillegg har 2.5 Hybrid-motoren et h\u00f8ytrykks drivstoffsystem som forbedrer drivstoffinnspr\u00f8ytningen og reduserer drivstofforbruket.<\/p>\n<p><strong>2AR-FSE-motoren<\/strong> har ogs\u00e5 mange andre innovative teknologier. For eksempel et elektronisk kontrollsystem som reduserer belastningen p\u00e5 motoren og forbedrer ytelsen. Motoren har ogs\u00e5 et intelligent luftinntakssystem som \u00f8ker luftmengden inne i motoren og forbedrer effektiviteten. I tillegg er motoren designet for \u00e5 bruke olje med lav viskositet, noe som reduserer friksjonen og forbedrer motorens effektivitet.<\/p>\n<p>Toyota har brukt 2.5 Hybrid-motoren i mange forskjellige bilmodeller og det er en av deres mest popul\u00e6re motorer. Den brukes for eksempel i Toyota RAV4, Camry og Lexus ES 300h. Denne motoren har vist seg \u00e5 v\u00e6re et p\u00e5litelig, effektivt og \u00f8konomisk alternativ som er behagelig \u00e5 kj\u00f8re og ideell for milj\u00f8vennlige sj\u00e5f\u00f8rer.<\/p>\n","protected":false},"excerpt":{"rendered":"<p>Biler med 2,5 hybridmotor (2AR-FSE):<\/p>\n<ul>\n<li>Toyota RAV4 Hybrid<\/li>\n<li>Toyota Camry Hybrid<\/li>\n<li>Lexus ES 300h<\/li>\n<li>Toyota Harrier Hybrid<\/li>\n<li>Toyota Venza Hybrid<\/li>\n<li>Lexus NX 300h<\/li>\n<li>Toyota Alphard Hybrid<\/li>\n<li>Toyota Estima Hybrid<\/li>\n<li>Toyota Crown Hybrid<\/li>\n<li>Toyota Corolla Cross Hybrid<\/li>\n<\/ul>\n","protected":false},"featured_media":4550,"template":"","meta":[],"product_brand":[],"product_cat":[584],"product_tag":[869],"class_list":{"0":"post-5762","1":"product","2":"type-product","3":"status-publish","4":"has-post-thumbnail","6":"product_cat-lexus-no","7":"product_tag-is-no","8":"pa_varaosan-osasto-motor-no","11":"first","12":"instock","13":"shipping-taxable","14":"product-type-simple"},"yoast_head":"<!-- This site is optimized with the Yoast SEO plugin v26.8 - https:\/\/yoast.com\/product\/yoast-seo-wordpress\/ -->\n<title>2.5 HYBRID &quot;2AR-FSE&quot;-motor [f.eks. LEXUS III]<\/title>\n<meta name=\"description\" content=\"En av motorene vi ofte har tilgjengelig. Send en foresp\u00f8rsel og du vil motta et tilbud innen 24 timer. Motorer, girkasser og andre bildeler med garanti.\" \/>\n<meta name=\"robots\" content=\"index, follow, max-snippet:-1, max-image-preview:large, max-video-preview:-1\" \/>\n<link rel=\"canonical\" href=\"https:\/\/autopartscenter24.com\/no\/auton-varaosat\/2-5-hybryd-2ar-fse-moottori-lexus-is\/\" \/>\n<meta property=\"og:locale\" content=\"nb_NO\" \/>\n<meta property=\"og:type\" content=\"article\" \/>\n<meta property=\"og:title\" content=\"2.5 HYBRID &quot;2AR-FSE&quot;-motor [f.eks. LEXUS III]\" \/>\n<meta property=\"og:description\" content=\"En av motorene vi ofte har tilgjengelig. Send en foresp\u00f8rsel og du vil motta et tilbud innen 24 timer. Motorer, girkasser og andre bildeler med garanti.\" \/>\n<meta property=\"og:url\" content=\"https:\/\/autopartscenter24.com\/no\/auton-varaosat\/2-5-hybryd-2ar-fse-moottori-lexus-is\/\" \/>\n<meta property=\"og:site_name\" content=\"Autopartscenter24\" \/>\n<meta property=\"og:image\" content=\"https:\/\/autopartscenter24.com\/wp-content\/uploads\/2023\/03\/2-5-hybryd-2AR-FSE-moottori-lexus-is.webp\" \/>\n\t<meta property=\"og:image:width\" content=\"800\" \/>\n\t<meta property=\"og:image:height\" content=\"600\" \/>\n\t<meta property=\"og:image:type\" content=\"image\/webp\" \/>\n<meta name=\"twitter:card\" content=\"summary_large_image\" \/>\n<meta name=\"twitter:label1\" content=\"Ansl. lesetid\" \/>\n\t<meta name=\"twitter:data1\" content=\"1 minutt\" \/>\n<script type=\"application\/ld+json\" class=\"yoast-schema-graph\">{\"@context\":\"https:\/\/schema.org\",\"@graph\":[{\"@type\":\"WebPage\",\"@id\":\"https:\/\/autopartscenter24.com\/auton-varaosat\/2-5-hybryd-2ar-fse-moottori-lexus-is\/\",\"url\":\"https:\/\/autopartscenter24.com\/auton-varaosat\/2-5-hybryd-2ar-fse-moottori-lexus-is\/\",\"name\":\"2.5 HYBRID \\\"2AR-FSE\\\"-motor [f.eks. LEXUS III]\",\"isPartOf\":{\"@id\":\"https:\/\/autopartscenter24.com\/#website\"},\"primaryImageOfPage\":{\"@id\":\"https:\/\/autopartscenter24.com\/auton-varaosat\/2-5-hybryd-2ar-fse-moottori-lexus-is\/#primaryimage\"},\"image\":{\"@id\":\"https:\/\/autopartscenter24.com\/auton-varaosat\/2-5-hybryd-2ar-fse-moottori-lexus-is\/#primaryimage\"},\"thumbnailUrl\":\"https:\/\/autopartscenter24.com\/wp-content\/uploads\/2023\/03\/2-5-hybryd-2AR-FSE-moottori-lexus-is.webp\",\"datePublished\":\"2023-12-02T16:21:19+00:00\",\"description\":\"En av motorene vi ofte har tilgjengelig. Send en foresp\u00f8rsel og du vil motta et tilbud innen 24 timer. Motorer, girkasser og andre bildeler med garanti.\",\"breadcrumb\":{\"@id\":\"https:\/\/autopartscenter24.com\/auton-varaosat\/2-5-hybryd-2ar-fse-moottori-lexus-is\/#breadcrumb\"},\"inLanguage\":\"nb-NO\",\"potentialAction\":[{\"@type\":\"ReadAction\",\"target\":[\"https:\/\/autopartscenter24.com\/auton-varaosat\/2-5-hybryd-2ar-fse-moottori-lexus-is\/\"]}]},{\"@type\":\"ImageObject\",\"inLanguage\":\"nb-NO\",\"@id\":\"https:\/\/autopartscenter24.com\/auton-varaosat\/2-5-hybryd-2ar-fse-moottori-lexus-is\/#primaryimage\",\"url\":\"https:\/\/autopartscenter24.com\/wp-content\/uploads\/2023\/03\/2-5-hybryd-2AR-FSE-moottori-lexus-is.webp\",\"contentUrl\":\"https:\/\/autopartscenter24.com\/wp-content\/uploads\/2023\/03\/2-5-hybryd-2AR-FSE-moottori-lexus-is.webp\",\"width\":800,\"height\":600},{\"@type\":\"BreadcrumbList\",\"@id\":\"https:\/\/autopartscenter24.com\/auton-varaosat\/2-5-hybryd-2ar-fse-moottori-lexus-is\/#breadcrumb\",\"itemListElement\":[{\"@type\":\"ListItem\",\"position\":1,\"name\":\"Hjem\",\"item\":\"https:\/\/aliceblue-termite-662564.hostingersite.com\/\"},{\"@type\":\"ListItem\",\"position\":2,\"name\":\"Auton varaosat\",\"item\":\"https:\/\/aliceblue-termite-662564.hostingersite.com\/auton-varaosat\/\"},{\"@type\":\"ListItem\",\"position\":3,\"name\":\"2.5 HYBRID &#8221;2AR-FSE&#8221;-motor [f.eks. LEXUS III]\"}]},{\"@type\":\"WebSite\",\"@id\":\"https:\/\/autopartscenter24.com\/#website\",\"url\":\"https:\/\/autopartscenter24.com\/\",\"name\":\"Autopartscenter24\",\"description\":\"K\u00c4YTETYT JA KUNNOSTETUT  AUTON VARAOSAT\",\"potentialAction\":[{\"@type\":\"SearchAction\",\"target\":{\"@type\":\"EntryPoint\",\"urlTemplate\":\"https:\/\/autopartscenter24.com\/?s={search_term_string}\"},\"query-input\":{\"@type\":\"PropertyValueSpecification\",\"valueRequired\":true,\"valueName\":\"search_term_string\"}}],\"inLanguage\":\"nb-NO\"}]}<\/script>\n<!-- \/ Yoast SEO plugin. -->","yoast_head_json":{"title":"2.5 HYBRID \"2AR-FSE\"-motor [f.eks. LEXUS III]","description":"En av motorene vi ofte har tilgjengelig. Send en foresp\u00f8rsel og du vil motta et tilbud innen 24 timer. Motorer, girkasser og andre bildeler med garanti.","robots":{"index":"index","follow":"follow","max-snippet":"max-snippet:-1","max-image-preview":"max-image-preview:large","max-video-preview":"max-video-preview:-1"},"canonical":"https:\/\/autopartscenter24.com\/no\/auton-varaosat\/2-5-hybryd-2ar-fse-moottori-lexus-is\/","og_locale":"nb_NO","og_type":"article","og_title":"2.5 HYBRID \"2AR-FSE\"-motor [f.eks. LEXUS III]","og_description":"En av motorene vi ofte har tilgjengelig. Send en foresp\u00f8rsel og du vil motta et tilbud innen 24 timer. Motorer, girkasser og andre bildeler med garanti.","og_url":"https:\/\/autopartscenter24.com\/no\/auton-varaosat\/2-5-hybryd-2ar-fse-moottori-lexus-is\/","og_site_name":"Autopartscenter24","og_image":[{"width":800,"height":600,"url":"https:\/\/autopartscenter24.com\/wp-content\/uploads\/2023\/03\/2-5-hybryd-2AR-FSE-moottori-lexus-is.webp","type":"image\/webp"}],"twitter_card":"summary_large_image","twitter_misc":{"Ansl. lesetid":"1 minutt"},"schema":{"@context":"https:\/\/schema.org","@graph":[{"@type":"WebPage","@id":"https:\/\/autopartscenter24.com\/auton-varaosat\/2-5-hybryd-2ar-fse-moottori-lexus-is\/","url":"https:\/\/autopartscenter24.com\/auton-varaosat\/2-5-hybryd-2ar-fse-moottori-lexus-is\/","name":"2.5 HYBRID \"2AR-FSE\"-motor [f.eks. LEXUS III]","isPartOf":{"@id":"https:\/\/autopartscenter24.com\/#website"},"primaryImageOfPage":{"@id":"https:\/\/autopartscenter24.com\/auton-varaosat\/2-5-hybryd-2ar-fse-moottori-lexus-is\/#primaryimage"},"image":{"@id":"https:\/\/autopartscenter24.com\/auton-varaosat\/2-5-hybryd-2ar-fse-moottori-lexus-is\/#primaryimage"},"thumbnailUrl":"https:\/\/autopartscenter24.com\/wp-content\/uploads\/2023\/03\/2-5-hybryd-2AR-FSE-moottori-lexus-is.webp","datePublished":"2023-12-02T16:21:19+00:00","description":"En av motorene vi ofte har tilgjengelig. Send en foresp\u00f8rsel og du vil motta et tilbud innen 24 timer. Motorer, girkasser og andre bildeler med garanti.","breadcrumb":{"@id":"https:\/\/autopartscenter24.com\/auton-varaosat\/2-5-hybryd-2ar-fse-moottori-lexus-is\/#breadcrumb"},"inLanguage":"nb-NO","potentialAction":[{"@type":"ReadAction","target":["https:\/\/autopartscenter24.com\/auton-varaosat\/2-5-hybryd-2ar-fse-moottori-lexus-is\/"]}]},{"@type":"ImageObject","inLanguage":"nb-NO","@id":"https:\/\/autopartscenter24.com\/auton-varaosat\/2-5-hybryd-2ar-fse-moottori-lexus-is\/#primaryimage","url":"https:\/\/autopartscenter24.com\/wp-content\/uploads\/2023\/03\/2-5-hybryd-2AR-FSE-moottori-lexus-is.webp","contentUrl":"https:\/\/autopartscenter24.com\/wp-content\/uploads\/2023\/03\/2-5-hybryd-2AR-FSE-moottori-lexus-is.webp","width":800,"height":600},{"@type":"BreadcrumbList","@id":"https:\/\/autopartscenter24.com\/auton-varaosat\/2-5-hybryd-2ar-fse-moottori-lexus-is\/#breadcrumb","itemListElement":[{"@type":"ListItem","position":1,"name":"Hjem","item":"https:\/\/aliceblue-termite-662564.hostingersite.com\/"},{"@type":"ListItem","position":2,"name":"Auton varaosat","item":"https:\/\/aliceblue-termite-662564.hostingersite.com\/auton-varaosat\/"},{"@type":"ListItem","position":3,"name":"2.5 HYBRID &#8221;2AR-FSE&#8221;-motor [f.eks. LEXUS III]"}]},{"@type":"WebSite","@id":"https:\/\/autopartscenter24.com\/#website","url":"https:\/\/autopartscenter24.com\/","name":"Autopartscenter24","description":"K\u00c4YTETYT JA KUNNOSTETUT  AUTON VARAOSAT","potentialAction":[{"@type":"SearchAction","target":{"@type":"EntryPoint","urlTemplate":"https:\/\/autopartscenter24.com\/?s={search_term_string}"},"query-input":{"@type":"PropertyValueSpecification","valueRequired":true,"valueName":"search_term_string"}}],"inLanguage":"nb-NO"}]}},"_links":{"self":[{"href":"https:\/\/autopartscenter24.com\/no\/wp-json\/wp\/v2\/product\/5762","targetHints":{"allow":["GET"]}}],"collection":[{"href":"https:\/\/autopartscenter24.com\/no\/wp-json\/wp\/v2\/product"}],"about":[{"href":"https:\/\/autopartscenter24.com\/no\/wp-json\/wp\/v2\/types\/product"}],"wp:featuredmedia":[{"embeddable":true,"href":"https:\/\/autopartscenter24.com\/no\/wp-json\/wp\/v2\/media\/4550"}],"wp:attachment":[{"href":"https:\/\/autopartscenter24.com\/no\/wp-json\/wp\/v2\/media?parent=5762"}],"wp:term":[{"taxonomy":"product_brand","embeddable":true,"href":"https:\/\/autopartscenter24.com\/no\/wp-json\/wp\/v2\/product_brand?post=5762"},{"taxonomy":"product_cat","embeddable":true,"href":"https:\/\/autopartscenter24.com\/no\/wp-json\/wp\/v2\/product_cat?post=5762"},{"taxonomy":"product_tag","embeddable":true,"href":"https:\/\/autopartscenter24.com\/no\/wp-json\/wp\/v2\/product_tag?post=5762"}],"curies":[{"name":"wp","href":"https:\/\/api.w.org\/{rel}","templated":true}]}}