{"id":5761,"date":"2023-03-05T17:52:49","date_gmt":"2023-12-02T16:19:03","guid":{"rendered":"https:\/\/autopartscenter24.com\/product\/2-5-hybrid-2ar-fxe-motor-f-eks-lexus-iii\/"},"modified":"2023-12-02T17:19:03","modified_gmt":"2023-12-02T16:19:03","slug":"2-5-hybrid-2ar-fxe-motor-f-eks-lexus-iii","status":"publish","type":"product","link":"https:\/\/autopartscenter24.com\/no\/auton-varaosat\/2-5-hybrid-2ar-fxe-motor-f-eks-lexus-iii\/","title":{"rendered":"2.5 HYBRID &laquo;2AR-FXE&raquo;-motor [f.eks. LEXUS III]"},"content":{"rendered":"<p><strong>Toyota 2.5 Hybrid-motoren (motorkode: 2AR-FXE)<\/strong> er en avansert hybridmotor designet for \u00e5 v\u00e6re milj\u00f8vennlig og effektiv. Motoren er utviklet ved hjelp av Toyotas Hybrid Synergy Drive-teknologi, som kombinerer de beste egenskapene til en bensinmotor og en elektrisk motor.<\/p>\n<p>Bensinmotoren til 2,5-hybridmotoren er en 4-sylindret rekkemotor utstyrt med Toyota D-4S direkte innspr\u00f8ytning og VVT-i ventilkontroll. Motoren yter en effekt p\u00e5 152 hk og et dreiemoment p\u00e5 213 Nm. Ved hjelp av elmotoren stiger den totale effekten til 218 hestekrefter. Motorens energi lagres i et 1,6 kWh litium-ion-batteri, som lades opp under bremsing og motorbremsing.<\/p>\n<p>Med 2,5-hybridmotoren er bilens utslipp sv\u00e6rt lave, da motoren bruker mindre drivstoff enn konvensjonelle bensinmotorer. Motorens CO2-utslipp er under 100 g\/km, noe som gj\u00f8r den til et sv\u00e6rt milj\u00f8vennlig alternativ.<\/p>\n<p>Motoren er ogs\u00e5 veldig stilleg\u00e5ende og jevn, og girkassen er jevn og umerkelig. Motoren er designet for \u00e5 bruke lite drivstoff og produsere lite st\u00f8y og vibrasjoner. Den er ogs\u00e5 veldig p\u00e5litelig, siden komponentene er laget av materialer av h\u00f8y kvalitet.<\/p>\n","protected":false},"excerpt":{"rendered":"<p>2.5 Hybrid-motoren brukes i mange Toyota hybridbiler, som Toyota Camry Hybrid, Toyota Avalon Hybrid og Toyota RAV4 Hybrid. Denne motoren har vist seg \u00e5 v\u00e6re veldig popul\u00e6r blant forbrukere p\u00e5 grunn av dens milj\u00f8vennlighet, effektivitet og ytelse. Motorens levetid er ogs\u00e5 lang, og vedlikeholdet er enkelt og rimelig.<\/p>\n","protected":false},"featured_media":4555,"template":"","meta":[],"product_brand":[],"product_cat":[584,636],"product_tag":[837,881,901],"class_list":{"0":"post-5761","1":"product","2":"type-product","3":"status-publish","4":"has-post-thumbnail","6":"product_cat-lexus-no","7":"product_cat-toyota-no","8":"product_tag-camry-no","9":"product_tag-lexus-no","10":"product_tag-rav-4-no","11":"pa_varaosan-osasto-motor-no","14":"first","15":"instock","16":"shipping-taxable","17":"product-type-simple"},"yoast_head":"<!-- This site is optimized with the Yoast SEO plugin v26.8 - https:\/\/yoast.com\/product\/yoast-seo-wordpress\/ -->\n<title>2.5 HYBRID &quot;2AR-FXE&quot;-motor [f.eks. LEXUS III]<\/title>\n<meta name=\"description\" content=\"En av motorene vi ofte har tilgjengelig. Send en foresp\u00f8rsel og du vil motta et tilbud innen 24 timer. Motorer, girkasser og andre bildeler med garanti.\" \/>\n<meta name=\"robots\" content=\"index, follow, max-snippet:-1, max-image-preview:large, max-video-preview:-1\" \/>\n<link rel=\"canonical\" href=\"https:\/\/autopartscenter24.com\/no\/auton-varaosat\/2-5-hybryd-2ar-fxe-moottori-lexus-nx-rav4-camry-jpg\/\" \/>\n<meta property=\"og:locale\" content=\"nb_NO\" \/>\n<meta property=\"og:type\" content=\"article\" \/>\n<meta property=\"og:title\" content=\"2.5 HYBRID &quot;2AR-FXE&quot;-motor [f.eks. LEXUS III]\" \/>\n<meta property=\"og:description\" content=\"En av motorene vi ofte har tilgjengelig. Send en foresp\u00f8rsel og du vil motta et tilbud innen 24 timer. Motorer, girkasser og andre bildeler med garanti.\" \/>\n<meta property=\"og:url\" content=\"https:\/\/autopartscenter24.com\/no\/auton-varaosat\/2-5-hybryd-2ar-fxe-moottori-lexus-nx-rav4-camry-jpg\/\" \/>\n<meta property=\"og:site_name\" content=\"Autopartscenter24\" \/>\n<meta property=\"og:image\" content=\"https:\/\/autopartscenter24.com\/wp-content\/uploads\/2023\/03\/2-5-hybryd-2AR-FXE-moottori-lexus-nx-rav4-camry.webp\" \/>\n\t<meta property=\"og:image:width\" content=\"800\" \/>\n\t<meta property=\"og:image:height\" content=\"600\" \/>\n\t<meta property=\"og:image:type\" content=\"image\/webp\" \/>\n<meta name=\"twitter:card\" content=\"summary_large_image\" \/>\n<meta name=\"twitter:label1\" content=\"Ansl. lesetid\" \/>\n\t<meta name=\"twitter:data1\" content=\"1 minutt\" \/>\n<script type=\"application\/ld+json\" class=\"yoast-schema-graph\">{\"@context\":\"https:\/\/schema.org\",\"@graph\":[{\"@type\":\"WebPage\",\"@id\":\"https:\/\/autopartscenter24.com\/auton-varaosat\/2-5-hybryd-2ar-fxe-moottori-lexus-nx-rav4-camry-jpg\/\",\"url\":\"https:\/\/autopartscenter24.com\/auton-varaosat\/2-5-hybryd-2ar-fxe-moottori-lexus-nx-rav4-camry-jpg\/\",\"name\":\"2.5 HYBRID \\\"2AR-FXE\\\"-motor [f.eks. LEXUS III]\",\"isPartOf\":{\"@id\":\"https:\/\/autopartscenter24.com\/#website\"},\"primaryImageOfPage\":{\"@id\":\"https:\/\/autopartscenter24.com\/auton-varaosat\/2-5-hybryd-2ar-fxe-moottori-lexus-nx-rav4-camry-jpg\/#primaryimage\"},\"image\":{\"@id\":\"https:\/\/autopartscenter24.com\/auton-varaosat\/2-5-hybryd-2ar-fxe-moottori-lexus-nx-rav4-camry-jpg\/#primaryimage\"},\"thumbnailUrl\":\"https:\/\/autopartscenter24.com\/wp-content\/uploads\/2023\/03\/2-5-hybryd-2AR-FXE-moottori-lexus-nx-rav4-camry.webp\",\"datePublished\":\"2023-12-02T16:19:03+00:00\",\"description\":\"En av motorene vi ofte har tilgjengelig. Send en foresp\u00f8rsel og du vil motta et tilbud innen 24 timer. Motorer, girkasser og andre bildeler med garanti.\",\"breadcrumb\":{\"@id\":\"https:\/\/autopartscenter24.com\/auton-varaosat\/2-5-hybryd-2ar-fxe-moottori-lexus-nx-rav4-camry-jpg\/#breadcrumb\"},\"inLanguage\":\"nb-NO\",\"potentialAction\":[{\"@type\":\"ReadAction\",\"target\":[\"https:\/\/autopartscenter24.com\/auton-varaosat\/2-5-hybryd-2ar-fxe-moottori-lexus-nx-rav4-camry-jpg\/\"]}]},{\"@type\":\"ImageObject\",\"inLanguage\":\"nb-NO\",\"@id\":\"https:\/\/autopartscenter24.com\/auton-varaosat\/2-5-hybryd-2ar-fxe-moottori-lexus-nx-rav4-camry-jpg\/#primaryimage\",\"url\":\"https:\/\/autopartscenter24.com\/wp-content\/uploads\/2023\/03\/2-5-hybryd-2AR-FXE-moottori-lexus-nx-rav4-camry.webp\",\"contentUrl\":\"https:\/\/autopartscenter24.com\/wp-content\/uploads\/2023\/03\/2-5-hybryd-2AR-FXE-moottori-lexus-nx-rav4-camry.webp\",\"width\":800,\"height\":600},{\"@type\":\"BreadcrumbList\",\"@id\":\"https:\/\/autopartscenter24.com\/auton-varaosat\/2-5-hybryd-2ar-fxe-moottori-lexus-nx-rav4-camry-jpg\/#breadcrumb\",\"itemListElement\":[{\"@type\":\"ListItem\",\"position\":1,\"name\":\"Hjem\",\"item\":\"https:\/\/aliceblue-termite-662564.hostingersite.com\/\"},{\"@type\":\"ListItem\",\"position\":2,\"name\":\"Auton varaosat\",\"item\":\"https:\/\/aliceblue-termite-662564.hostingersite.com\/auton-varaosat\/\"},{\"@type\":\"ListItem\",\"position\":3,\"name\":\"2.5 HYBRID &#8221;2AR-FXE&#8221;-motor [f.eks. LEXUS III]\"}]},{\"@type\":\"WebSite\",\"@id\":\"https:\/\/autopartscenter24.com\/#website\",\"url\":\"https:\/\/autopartscenter24.com\/\",\"name\":\"Autopartscenter24\",\"description\":\"K\u00c4YTETYT JA KUNNOSTETUT  AUTON VARAOSAT\",\"potentialAction\":[{\"@type\":\"SearchAction\",\"target\":{\"@type\":\"EntryPoint\",\"urlTemplate\":\"https:\/\/autopartscenter24.com\/?s={search_term_string}\"},\"query-input\":{\"@type\":\"PropertyValueSpecification\",\"valueRequired\":true,\"valueName\":\"search_term_string\"}}],\"inLanguage\":\"nb-NO\"}]}<\/script>\n<!-- \/ Yoast SEO plugin. -->","yoast_head_json":{"title":"2.5 HYBRID \"2AR-FXE\"-motor [f.eks. LEXUS III]","description":"En av motorene vi ofte har tilgjengelig. Send en foresp\u00f8rsel og du vil motta et tilbud innen 24 timer. Motorer, girkasser og andre bildeler med garanti.","robots":{"index":"index","follow":"follow","max-snippet":"max-snippet:-1","max-image-preview":"max-image-preview:large","max-video-preview":"max-video-preview:-1"},"canonical":"https:\/\/autopartscenter24.com\/no\/auton-varaosat\/2-5-hybryd-2ar-fxe-moottori-lexus-nx-rav4-camry-jpg\/","og_locale":"nb_NO","og_type":"article","og_title":"2.5 HYBRID \"2AR-FXE\"-motor [f.eks. LEXUS III]","og_description":"En av motorene vi ofte har tilgjengelig. Send en foresp\u00f8rsel og du vil motta et tilbud innen 24 timer. Motorer, girkasser og andre bildeler med garanti.","og_url":"https:\/\/autopartscenter24.com\/no\/auton-varaosat\/2-5-hybryd-2ar-fxe-moottori-lexus-nx-rav4-camry-jpg\/","og_site_name":"Autopartscenter24","og_image":[{"width":800,"height":600,"url":"https:\/\/autopartscenter24.com\/wp-content\/uploads\/2023\/03\/2-5-hybryd-2AR-FXE-moottori-lexus-nx-rav4-camry.webp","type":"image\/webp"}],"twitter_card":"summary_large_image","twitter_misc":{"Ansl. lesetid":"1 minutt"},"schema":{"@context":"https:\/\/schema.org","@graph":[{"@type":"WebPage","@id":"https:\/\/autopartscenter24.com\/auton-varaosat\/2-5-hybryd-2ar-fxe-moottori-lexus-nx-rav4-camry-jpg\/","url":"https:\/\/autopartscenter24.com\/auton-varaosat\/2-5-hybryd-2ar-fxe-moottori-lexus-nx-rav4-camry-jpg\/","name":"2.5 HYBRID \"2AR-FXE\"-motor [f.eks. LEXUS III]","isPartOf":{"@id":"https:\/\/autopartscenter24.com\/#website"},"primaryImageOfPage":{"@id":"https:\/\/autopartscenter24.com\/auton-varaosat\/2-5-hybryd-2ar-fxe-moottori-lexus-nx-rav4-camry-jpg\/#primaryimage"},"image":{"@id":"https:\/\/autopartscenter24.com\/auton-varaosat\/2-5-hybryd-2ar-fxe-moottori-lexus-nx-rav4-camry-jpg\/#primaryimage"},"thumbnailUrl":"https:\/\/autopartscenter24.com\/wp-content\/uploads\/2023\/03\/2-5-hybryd-2AR-FXE-moottori-lexus-nx-rav4-camry.webp","datePublished":"2023-12-02T16:19:03+00:00","description":"En av motorene vi ofte har tilgjengelig. Send en foresp\u00f8rsel og du vil motta et tilbud innen 24 timer. Motorer, girkasser og andre bildeler med garanti.","breadcrumb":{"@id":"https:\/\/autopartscenter24.com\/auton-varaosat\/2-5-hybryd-2ar-fxe-moottori-lexus-nx-rav4-camry-jpg\/#breadcrumb"},"inLanguage":"nb-NO","potentialAction":[{"@type":"ReadAction","target":["https:\/\/autopartscenter24.com\/auton-varaosat\/2-5-hybryd-2ar-fxe-moottori-lexus-nx-rav4-camry-jpg\/"]}]},{"@type":"ImageObject","inLanguage":"nb-NO","@id":"https:\/\/autopartscenter24.com\/auton-varaosat\/2-5-hybryd-2ar-fxe-moottori-lexus-nx-rav4-camry-jpg\/#primaryimage","url":"https:\/\/autopartscenter24.com\/wp-content\/uploads\/2023\/03\/2-5-hybryd-2AR-FXE-moottori-lexus-nx-rav4-camry.webp","contentUrl":"https:\/\/autopartscenter24.com\/wp-content\/uploads\/2023\/03\/2-5-hybryd-2AR-FXE-moottori-lexus-nx-rav4-camry.webp","width":800,"height":600},{"@type":"BreadcrumbList","@id":"https:\/\/autopartscenter24.com\/auton-varaosat\/2-5-hybryd-2ar-fxe-moottori-lexus-nx-rav4-camry-jpg\/#breadcrumb","itemListElement":[{"@type":"ListItem","position":1,"name":"Hjem","item":"https:\/\/aliceblue-termite-662564.hostingersite.com\/"},{"@type":"ListItem","position":2,"name":"Auton varaosat","item":"https:\/\/aliceblue-termite-662564.hostingersite.com\/auton-varaosat\/"},{"@type":"ListItem","position":3,"name":"2.5 HYBRID &#8221;2AR-FXE&#8221;-motor [f.eks. LEXUS III]"}]},{"@type":"WebSite","@id":"https:\/\/autopartscenter24.com\/#website","url":"https:\/\/autopartscenter24.com\/","name":"Autopartscenter24","description":"K\u00c4YTETYT JA KUNNOSTETUT  AUTON VARAOSAT","potentialAction":[{"@type":"SearchAction","target":{"@type":"EntryPoint","urlTemplate":"https:\/\/autopartscenter24.com\/?s={search_term_string}"},"query-input":{"@type":"PropertyValueSpecification","valueRequired":true,"valueName":"search_term_string"}}],"inLanguage":"nb-NO"}]}},"_links":{"self":[{"href":"https:\/\/autopartscenter24.com\/no\/wp-json\/wp\/v2\/product\/5761","targetHints":{"allow":["GET"]}}],"collection":[{"href":"https:\/\/autopartscenter24.com\/no\/wp-json\/wp\/v2\/product"}],"about":[{"href":"https:\/\/autopartscenter24.com\/no\/wp-json\/wp\/v2\/types\/product"}],"wp:featuredmedia":[{"embeddable":true,"href":"https:\/\/autopartscenter24.com\/no\/wp-json\/wp\/v2\/media\/4555"}],"wp:attachment":[{"href":"https:\/\/autopartscenter24.com\/no\/wp-json\/wp\/v2\/media?parent=5761"}],"wp:term":[{"taxonomy":"product_brand","embeddable":true,"href":"https:\/\/autopartscenter24.com\/no\/wp-json\/wp\/v2\/product_brand?post=5761"},{"taxonomy":"product_cat","embeddable":true,"href":"https:\/\/autopartscenter24.com\/no\/wp-json\/wp\/v2\/product_cat?post=5761"},{"taxonomy":"product_tag","embeddable":true,"href":"https:\/\/autopartscenter24.com\/no\/wp-json\/wp\/v2\/product_tag?post=5761"}],"curies":[{"name":"wp","href":"https:\/\/api.w.org\/{rel}","templated":true}]}}