{"id":5758,"date":"2023-03-05T18:10:40","date_gmt":"2023-12-02T16:13:44","guid":{"rendered":"https:\/\/autopartscenter24.com\/product\/2-5-n52b25a-motor-f-eks-bmw-5-e60-e61-218hk\/"},"modified":"2023-12-02T17:13:44","modified_gmt":"2023-12-02T16:13:44","slug":"2-5-n52b25a-motor-f-eks-bmw-5-e60-e61-218hk","status":"publish","type":"product","link":"https:\/\/autopartscenter24.com\/no\/auton-varaosat\/2-5-n52b25a-motor-f-eks-bmw-5-e60-e61-218hk\/","title":{"rendered":"2.5 &laquo;N52B25A&raquo; motor [f.eks. BMW 5 E60, E61 218hk]"},"content":{"rendered":"<p><strong>BMW N52B25A er en maskin utviklet av motorprodusenten BMW.<\/strong> Denne maskinen er kjent for sin ytelse og \u00f8konomi, noe som gj\u00f8r den til et utmerket valg for sportskj\u00f8ret\u00f8y. Motoren er bygget av aluminiumsbjelker og veivakselen er laget av st\u00e5l. Maskinen har et dobbelt Vanos-system som bidrar til \u00e5 forbedre kj\u00f8ret\u00f8yets ytelse og drivstoff\u00f8konomi.<\/p>\n<p>BMW N52B25A sylinderhodet er laget av aluminiumslegering og har 24 ventiler. Maksimal effekt p\u00e5 motoren er 160 kW og dreiemomentet er 250 Nm. Maskinen har ogs\u00e5 et h\u00f8yt kompresjonsforhold som bidrar til \u00e5 forbedre motor\u00f8konomien. Motoren er ogs\u00e5 utstyrt med direkte drivstoffinnspr\u00f8ytning, noe som \u00f8ker drivstoffeffektiviteten.<\/p>\n<p>BMW N52B25A ble utviklet spesielt for BMW 3-seriebiler, men den har ogs\u00e5 blitt brukt i andre BMW-modeller, som BMW Z4 og BMW X3. Motoren har v\u00e6rt et popul\u00e6rt valg i mange BMW-modeller p\u00e5 grunn av ytelsen og drivstoff\u00f8konomien. Maskinens h\u00f8ye effekt muliggj\u00f8r rask akselerasjon og drivstoffeffektiviteten gj\u00f8r den samtidig til et utmerket valg for sporty kj\u00f8ret\u00f8y.<\/p>\n<p>BMW N52B25A er ogs\u00e5 en p\u00e5litelig maskin designet for \u00e5 vare lenge. Materialene av h\u00f8y kvalitet som brukes i konstruksjonen garanterer at maskinen er holdbar og mindre utsatt for korrosjon. Vedlikehold av motoren er ogs\u00e5 enkelt, siden dens ulike deler er enkle \u00e5 f\u00e5 tak i og bytte ut om n\u00f8dvendig.<\/p>\n<p>Disse bilene er utmerkede eksempler p\u00e5 hvordan BMW N52B25A-motoren har blitt brukt i mange BMW-modeller for sin ytelse og p\u00e5litelighet.<\/p>\n","protected":false},"excerpt":{"rendered":"<p>Nedenfor er en liste over BMW-modeller som bruker BMW N52B25A-motoren:<\/p>\n<ul>\n<li>BMW 325i<\/li>\n<li>BMW 525i<\/li>\n<li>BMW X1<\/li>\n<li>BMW Z4<\/li>\n<\/ul>\n","protected":false},"featured_media":4570,"template":"","meta":[],"product_brand":[],"product_cat":[536],"product_tag":[853,854,933,939],"class_list":{"0":"post-5758","1":"product","2":"type-product","3":"status-publish","4":"has-post-thumbnail","6":"product_cat-bmw-no","7":"product_tag-e60-no","8":"product_tag-e61-no","9":"product_tag-x1-no","10":"product_tag-z4-no","11":"pa_varaosan-osasto-motor-no","14":"first","15":"instock","16":"shipping-taxable","17":"product-type-simple"},"yoast_head":"<!-- This site is optimized with the Yoast SEO plugin v26.8 - https:\/\/yoast.com\/product\/yoast-seo-wordpress\/ -->\n<title>2.5 &quot;N52B25A&quot; motor [f.eks. BMW 5 E60, E61 218hk]<\/title>\n<meta name=\"description\" content=\"En av motorene vi ofte har tilgjengelig. Send en foresp\u00f8rsel og du vil motta et tilbud innen 24 timer. Motorer, girkasser og andre bildeler med garanti.\" \/>\n<meta name=\"robots\" content=\"index, follow, max-snippet:-1, max-image-preview:large, max-video-preview:-1\" \/>\n<link rel=\"canonical\" href=\"https:\/\/autopartscenter24.com\/no\/auton-varaosat\/2-5-n52b25a-moottori-bmw-5-e60-e61-218hv\/\" \/>\n<meta property=\"og:locale\" content=\"nb_NO\" \/>\n<meta property=\"og:type\" content=\"article\" \/>\n<meta property=\"og:title\" content=\"2.5 &quot;N52B25A&quot; motor [f.eks. BMW 5 E60, E61 218hk]\" \/>\n<meta property=\"og:description\" content=\"En av motorene vi ofte har tilgjengelig. Send en foresp\u00f8rsel og du vil motta et tilbud innen 24 timer. Motorer, girkasser og andre bildeler med garanti.\" \/>\n<meta property=\"og:url\" content=\"https:\/\/autopartscenter24.com\/no\/auton-varaosat\/2-5-n52b25a-moottori-bmw-5-e60-e61-218hv\/\" \/>\n<meta property=\"og:site_name\" content=\"Autopartscenter24\" \/>\n<meta property=\"og:image\" content=\"https:\/\/autopartscenter24.com\/wp-content\/uploads\/2023\/03\/2-5-N52B25A-moottori-bmw-5-e60-e61-218hv-1.webp\" \/>\n\t<meta property=\"og:image:width\" content=\"800\" \/>\n\t<meta property=\"og:image:height\" content=\"600\" \/>\n\t<meta property=\"og:image:type\" content=\"image\/webp\" \/>\n<meta name=\"twitter:card\" content=\"summary_large_image\" \/>\n<meta name=\"twitter:label1\" content=\"Ansl. lesetid\" \/>\n\t<meta name=\"twitter:data1\" content=\"1 minutt\" \/>\n<script type=\"application\/ld+json\" class=\"yoast-schema-graph\">{\"@context\":\"https:\/\/schema.org\",\"@graph\":[{\"@type\":\"WebPage\",\"@id\":\"https:\/\/autopartscenter24.com\/auton-varaosat\/2-5-n52b25a-moottori-bmw-5-e60-e61-218hv\/\",\"url\":\"https:\/\/autopartscenter24.com\/auton-varaosat\/2-5-n52b25a-moottori-bmw-5-e60-e61-218hv\/\",\"name\":\"2.5 \\\"N52B25A\\\" motor [f.eks. BMW 5 E60, E61 218hk]\",\"isPartOf\":{\"@id\":\"https:\/\/autopartscenter24.com\/#website\"},\"primaryImageOfPage\":{\"@id\":\"https:\/\/autopartscenter24.com\/auton-varaosat\/2-5-n52b25a-moottori-bmw-5-e60-e61-218hv\/#primaryimage\"},\"image\":{\"@id\":\"https:\/\/autopartscenter24.com\/auton-varaosat\/2-5-n52b25a-moottori-bmw-5-e60-e61-218hv\/#primaryimage\"},\"thumbnailUrl\":\"https:\/\/autopartscenter24.com\/wp-content\/uploads\/2023\/03\/2-5-N52B25A-moottori-bmw-5-e60-e61-218hv-1.webp\",\"datePublished\":\"2023-12-02T16:13:44+00:00\",\"description\":\"En av motorene vi ofte har tilgjengelig. Send en foresp\u00f8rsel og du vil motta et tilbud innen 24 timer. Motorer, girkasser og andre bildeler med garanti.\",\"breadcrumb\":{\"@id\":\"https:\/\/autopartscenter24.com\/auton-varaosat\/2-5-n52b25a-moottori-bmw-5-e60-e61-218hv\/#breadcrumb\"},\"inLanguage\":\"nb-NO\",\"potentialAction\":[{\"@type\":\"ReadAction\",\"target\":[\"https:\/\/autopartscenter24.com\/auton-varaosat\/2-5-n52b25a-moottori-bmw-5-e60-e61-218hv\/\"]}]},{\"@type\":\"ImageObject\",\"inLanguage\":\"nb-NO\",\"@id\":\"https:\/\/autopartscenter24.com\/auton-varaosat\/2-5-n52b25a-moottori-bmw-5-e60-e61-218hv\/#primaryimage\",\"url\":\"https:\/\/autopartscenter24.com\/wp-content\/uploads\/2023\/03\/2-5-N52B25A-moottori-bmw-5-e60-e61-218hv-1.webp\",\"contentUrl\":\"https:\/\/autopartscenter24.com\/wp-content\/uploads\/2023\/03\/2-5-N52B25A-moottori-bmw-5-e60-e61-218hv-1.webp\",\"width\":800,\"height\":600},{\"@type\":\"BreadcrumbList\",\"@id\":\"https:\/\/autopartscenter24.com\/auton-varaosat\/2-5-n52b25a-moottori-bmw-5-e60-e61-218hv\/#breadcrumb\",\"itemListElement\":[{\"@type\":\"ListItem\",\"position\":1,\"name\":\"Hjem\",\"item\":\"https:\/\/aliceblue-termite-662564.hostingersite.com\/\"},{\"@type\":\"ListItem\",\"position\":2,\"name\":\"Auton varaosat\",\"item\":\"https:\/\/aliceblue-termite-662564.hostingersite.com\/auton-varaosat\/\"},{\"@type\":\"ListItem\",\"position\":3,\"name\":\"2.5 &#8221;N52B25A&#8221; motor [f.eks. BMW 5 E60, E61 218hk]\"}]},{\"@type\":\"WebSite\",\"@id\":\"https:\/\/autopartscenter24.com\/#website\",\"url\":\"https:\/\/autopartscenter24.com\/\",\"name\":\"Autopartscenter24\",\"description\":\"K\u00c4YTETYT JA KUNNOSTETUT  AUTON VARAOSAT\",\"potentialAction\":[{\"@type\":\"SearchAction\",\"target\":{\"@type\":\"EntryPoint\",\"urlTemplate\":\"https:\/\/autopartscenter24.com\/?s={search_term_string}\"},\"query-input\":{\"@type\":\"PropertyValueSpecification\",\"valueRequired\":true,\"valueName\":\"search_term_string\"}}],\"inLanguage\":\"nb-NO\"}]}<\/script>\n<!-- \/ Yoast SEO plugin. -->","yoast_head_json":{"title":"2.5 \"N52B25A\" motor [f.eks. BMW 5 E60, E61 218hk]","description":"En av motorene vi ofte har tilgjengelig. Send en foresp\u00f8rsel og du vil motta et tilbud innen 24 timer. Motorer, girkasser og andre bildeler med garanti.","robots":{"index":"index","follow":"follow","max-snippet":"max-snippet:-1","max-image-preview":"max-image-preview:large","max-video-preview":"max-video-preview:-1"},"canonical":"https:\/\/autopartscenter24.com\/no\/auton-varaosat\/2-5-n52b25a-moottori-bmw-5-e60-e61-218hv\/","og_locale":"nb_NO","og_type":"article","og_title":"2.5 \"N52B25A\" motor [f.eks. BMW 5 E60, E61 218hk]","og_description":"En av motorene vi ofte har tilgjengelig. Send en foresp\u00f8rsel og du vil motta et tilbud innen 24 timer. Motorer, girkasser og andre bildeler med garanti.","og_url":"https:\/\/autopartscenter24.com\/no\/auton-varaosat\/2-5-n52b25a-moottori-bmw-5-e60-e61-218hv\/","og_site_name":"Autopartscenter24","og_image":[{"width":800,"height":600,"url":"https:\/\/autopartscenter24.com\/wp-content\/uploads\/2023\/03\/2-5-N52B25A-moottori-bmw-5-e60-e61-218hv-1.webp","type":"image\/webp"}],"twitter_card":"summary_large_image","twitter_misc":{"Ansl. lesetid":"1 minutt"},"schema":{"@context":"https:\/\/schema.org","@graph":[{"@type":"WebPage","@id":"https:\/\/autopartscenter24.com\/auton-varaosat\/2-5-n52b25a-moottori-bmw-5-e60-e61-218hv\/","url":"https:\/\/autopartscenter24.com\/auton-varaosat\/2-5-n52b25a-moottori-bmw-5-e60-e61-218hv\/","name":"2.5 \"N52B25A\" motor [f.eks. BMW 5 E60, E61 218hk]","isPartOf":{"@id":"https:\/\/autopartscenter24.com\/#website"},"primaryImageOfPage":{"@id":"https:\/\/autopartscenter24.com\/auton-varaosat\/2-5-n52b25a-moottori-bmw-5-e60-e61-218hv\/#primaryimage"},"image":{"@id":"https:\/\/autopartscenter24.com\/auton-varaosat\/2-5-n52b25a-moottori-bmw-5-e60-e61-218hv\/#primaryimage"},"thumbnailUrl":"https:\/\/autopartscenter24.com\/wp-content\/uploads\/2023\/03\/2-5-N52B25A-moottori-bmw-5-e60-e61-218hv-1.webp","datePublished":"2023-12-02T16:13:44+00:00","description":"En av motorene vi ofte har tilgjengelig. Send en foresp\u00f8rsel og du vil motta et tilbud innen 24 timer. Motorer, girkasser og andre bildeler med garanti.","breadcrumb":{"@id":"https:\/\/autopartscenter24.com\/auton-varaosat\/2-5-n52b25a-moottori-bmw-5-e60-e61-218hv\/#breadcrumb"},"inLanguage":"nb-NO","potentialAction":[{"@type":"ReadAction","target":["https:\/\/autopartscenter24.com\/auton-varaosat\/2-5-n52b25a-moottori-bmw-5-e60-e61-218hv\/"]}]},{"@type":"ImageObject","inLanguage":"nb-NO","@id":"https:\/\/autopartscenter24.com\/auton-varaosat\/2-5-n52b25a-moottori-bmw-5-e60-e61-218hv\/#primaryimage","url":"https:\/\/autopartscenter24.com\/wp-content\/uploads\/2023\/03\/2-5-N52B25A-moottori-bmw-5-e60-e61-218hv-1.webp","contentUrl":"https:\/\/autopartscenter24.com\/wp-content\/uploads\/2023\/03\/2-5-N52B25A-moottori-bmw-5-e60-e61-218hv-1.webp","width":800,"height":600},{"@type":"BreadcrumbList","@id":"https:\/\/autopartscenter24.com\/auton-varaosat\/2-5-n52b25a-moottori-bmw-5-e60-e61-218hv\/#breadcrumb","itemListElement":[{"@type":"ListItem","position":1,"name":"Hjem","item":"https:\/\/aliceblue-termite-662564.hostingersite.com\/"},{"@type":"ListItem","position":2,"name":"Auton varaosat","item":"https:\/\/aliceblue-termite-662564.hostingersite.com\/auton-varaosat\/"},{"@type":"ListItem","position":3,"name":"2.5 &#8221;N52B25A&#8221; motor [f.eks. BMW 5 E60, E61 218hk]"}]},{"@type":"WebSite","@id":"https:\/\/autopartscenter24.com\/#website","url":"https:\/\/autopartscenter24.com\/","name":"Autopartscenter24","description":"K\u00c4YTETYT JA KUNNOSTETUT  AUTON VARAOSAT","potentialAction":[{"@type":"SearchAction","target":{"@type":"EntryPoint","urlTemplate":"https:\/\/autopartscenter24.com\/?s={search_term_string}"},"query-input":{"@type":"PropertyValueSpecification","valueRequired":true,"valueName":"search_term_string"}}],"inLanguage":"nb-NO"}]}},"_links":{"self":[{"href":"https:\/\/autopartscenter24.com\/no\/wp-json\/wp\/v2\/product\/5758","targetHints":{"allow":["GET"]}}],"collection":[{"href":"https:\/\/autopartscenter24.com\/no\/wp-json\/wp\/v2\/product"}],"about":[{"href":"https:\/\/autopartscenter24.com\/no\/wp-json\/wp\/v2\/types\/product"}],"wp:featuredmedia":[{"embeddable":true,"href":"https:\/\/autopartscenter24.com\/no\/wp-json\/wp\/v2\/media\/4570"}],"wp:attachment":[{"href":"https:\/\/autopartscenter24.com\/no\/wp-json\/wp\/v2\/media?parent=5758"}],"wp:term":[{"taxonomy":"product_brand","embeddable":true,"href":"https:\/\/autopartscenter24.com\/no\/wp-json\/wp\/v2\/product_brand?post=5758"},{"taxonomy":"product_cat","embeddable":true,"href":"https:\/\/autopartscenter24.com\/no\/wp-json\/wp\/v2\/product_cat?post=5758"},{"taxonomy":"product_tag","embeddable":true,"href":"https:\/\/autopartscenter24.com\/no\/wp-json\/wp\/v2\/product_tag?post=5758"}],"curies":[{"name":"wp","href":"https:\/\/api.w.org\/{rel}","templated":true}]}}