{"id":5757,"date":"2023-03-05T19:09:03","date_gmt":"2023-12-02T16:11:45","guid":{"rendered":"https:\/\/autopartscenter24.com\/product\/2-0-tdi-cba-motor-f-eks-passat-golf-a3\/"},"modified":"2023-12-02T17:11:45","modified_gmt":"2023-12-02T16:11:45","slug":"2-0-tdi-cba-motor-f-eks-passat-golf-a3","status":"publish","type":"product","link":"https:\/\/autopartscenter24.com\/no\/auton-varaosat\/2-0-tdi-cba-motor-f-eks-passat-golf-a3\/","title":{"rendered":"2.0 TDI &laquo;CBA&raquo;-motor [f.eks. Passat, Golf, A3]"},"content":{"rendered":"<p>Volkswagen Group har utviklet og produsert flere motorer gjennom \u00e5rene, og en av de mest popul\u00e6re er 2.0 TDI-motoren, ogs\u00e5 kjent under motorkoden CBA. Denne motoren er sv\u00e6rt effektiv og \u00f8konomisk og er designet for \u00e5 brukes i en rekke kj\u00f8ret\u00f8y.<\/p>\n<p><strong>CBA-motorkoden til 2.0 TDI-motoren<\/strong> refererer til dens konstruksjon og tekniske egenskaper. Denne motoren er 4-sylindret og har et slagvolum p\u00e5 1968 cm\u00b3. Den yter en effekt p\u00e5 opptil 170 hk og et dreiemoment p\u00e5 350 Nm, noe som muliggj\u00f8r rask og effektiv kj\u00f8ring. Motoren har et direkteinnspr\u00f8ytningssystem og en turbolader som forbedrer ytelsen og drivstoff\u00f8konomien.<\/p>\n<p>2.0 TDI-motoren er ogs\u00e5 utstyrt med mange innovative tekniske l\u00f8sninger, som Start-Stop-systemet, som sl\u00e5r av motoren i situasjoner hvor bilen st\u00e5r stille. Dette bidrar til \u00e5 redusere drivstofforbruk og utslipp. Motoren har ogs\u00e5 et regenerativt bremsesystem som bruker bilens kinetiske energi til \u00e5 lade batteriet og redusere drivstofforbruket.<\/p>\n<p>2.0 TDI-motoren med CBA-koden har ogs\u00e5 vist seg \u00e5 v\u00e6re en sv\u00e6rt popul\u00e6r motor blant blant annet tuning-entusiaster. \u00c5 \u00f8ke kraften og dreiemomentet til motoren kan forbedre ytelsen til kj\u00f8ret\u00f8yet ytterligere, men det er viktig \u00e5 huske at sikkerheten og holdbarheten til motoren kan lide hvis modifikasjonene ikke er hensiktsmessige.<\/p>\n<p>Avslutningsvis er 2.0 TDI-motoren med CBA-koden en h\u00f8yytelses, \u00f8konomisk og p\u00e5litelig motor designet for bruk i et bredt spekter av<\/p>\n","protected":false},"excerpt":{"rendered":"<p>CBA-koden for 2.0 TDI-motoren brukes i flere Volkswagen Group-biler, som Audi A4, A5 og A6, Volkswagen Passat, Golf og Tiguan og Skoda Superb og Octavia. Motoren er tilgjengelig i forskjellige effekt- og dreiemomentversjoner for \u00e5 passe til forskjellige kj\u00f8ret\u00f8y. Motoren er popul\u00e6r i b\u00e5de personbiler og nyttekj\u00f8ret\u00f8y, og har bevist sin p\u00e5litelighet og holdbarhet i en rekke driftsmilj\u00f8er.<\/p>\n","protected":false},"featured_media":4575,"template":"","meta":[],"product_brand":[],"product_cat":[484,485],"product_tag":[488,489,491],"class_list":{"0":"post-5757","1":"product","2":"type-product","3":"status-publish","4":"has-post-thumbnail","6":"product_cat-audi-no","7":"product_cat-vw-no","8":"product_tag-a3-no","9":"product_tag-golf-no","10":"product_tag-passat-no","11":"pa_varaosan-osasto-motor-no","14":"first","15":"instock","16":"shipping-taxable","17":"product-type-simple"},"yoast_head":"<!-- This site is optimized with the Yoast SEO plugin v26.8 - https:\/\/yoast.com\/product\/yoast-seo-wordpress\/ -->\n<title>2.0 TDI &quot;CBA&quot;-motor [f.eks. Passat, Golf, A3] - Autopartscenter24<\/title>\n<meta name=\"description\" content=\"En av motorene vi ofte har tilgjengelig. Send en foresp\u00f8rsel og du vil motta et tilbud innen 24 timer. Motorer, girkasser og andre bildeler med garanti.\" \/>\n<meta name=\"robots\" content=\"index, follow, max-snippet:-1, max-image-preview:large, max-video-preview:-1\" \/>\n<link rel=\"canonical\" href=\"https:\/\/autopartscenter24.com\/no\/auton-varaosat\/2-0-tdi-cba-moottori-passat-cc-golf-vi-audi-a3\/\" \/>\n<meta property=\"og:locale\" content=\"nb_NO\" \/>\n<meta property=\"og:type\" content=\"article\" \/>\n<meta property=\"og:title\" content=\"2.0 TDI &quot;CBA&quot;-motor [f.eks. Passat, Golf, A3] - Autopartscenter24\" \/>\n<meta property=\"og:description\" content=\"En av motorene vi ofte har tilgjengelig. Send en foresp\u00f8rsel og du vil motta et tilbud innen 24 timer. Motorer, girkasser og andre bildeler med garanti.\" \/>\n<meta property=\"og:url\" content=\"https:\/\/autopartscenter24.com\/no\/auton-varaosat\/2-0-tdi-cba-moottori-passat-cc-golf-vi-audi-a3\/\" \/>\n<meta property=\"og:site_name\" content=\"Autopartscenter24\" \/>\n<meta property=\"og:image\" content=\"https:\/\/autopartscenter24.com\/wp-content\/uploads\/2023\/03\/2-0-tdi-CBA-moottori-passat-cc-golf-vi-audi-a3.webp\" \/>\n\t<meta property=\"og:image:width\" content=\"800\" \/>\n\t<meta property=\"og:image:height\" content=\"600\" \/>\n\t<meta property=\"og:image:type\" content=\"image\/webp\" \/>\n<meta name=\"twitter:card\" content=\"summary_large_image\" \/>\n<meta name=\"twitter:label1\" content=\"Ansl. lesetid\" \/>\n\t<meta name=\"twitter:data1\" content=\"1 minutt\" \/>\n<script type=\"application\/ld+json\" class=\"yoast-schema-graph\">{\"@context\":\"https:\/\/schema.org\",\"@graph\":[{\"@type\":\"WebPage\",\"@id\":\"https:\/\/autopartscenter24.com\/auton-varaosat\/2-0-tdi-cba-moottori-passat-cc-golf-vi-audi-a3\/\",\"url\":\"https:\/\/autopartscenter24.com\/auton-varaosat\/2-0-tdi-cba-moottori-passat-cc-golf-vi-audi-a3\/\",\"name\":\"2.0 TDI \\\"CBA\\\"-motor [f.eks. Passat, Golf, A3] - Autopartscenter24\",\"isPartOf\":{\"@id\":\"https:\/\/autopartscenter24.com\/#website\"},\"primaryImageOfPage\":{\"@id\":\"https:\/\/autopartscenter24.com\/auton-varaosat\/2-0-tdi-cba-moottori-passat-cc-golf-vi-audi-a3\/#primaryimage\"},\"image\":{\"@id\":\"https:\/\/autopartscenter24.com\/auton-varaosat\/2-0-tdi-cba-moottori-passat-cc-golf-vi-audi-a3\/#primaryimage\"},\"thumbnailUrl\":\"https:\/\/autopartscenter24.com\/wp-content\/uploads\/2023\/03\/2-0-tdi-CBA-moottori-passat-cc-golf-vi-audi-a3.webp\",\"datePublished\":\"2023-12-02T16:11:45+00:00\",\"description\":\"En av motorene vi ofte har tilgjengelig. Send en foresp\u00f8rsel og du vil motta et tilbud innen 24 timer. Motorer, girkasser og andre bildeler med garanti.\",\"breadcrumb\":{\"@id\":\"https:\/\/autopartscenter24.com\/auton-varaosat\/2-0-tdi-cba-moottori-passat-cc-golf-vi-audi-a3\/#breadcrumb\"},\"inLanguage\":\"nb-NO\",\"potentialAction\":[{\"@type\":\"ReadAction\",\"target\":[\"https:\/\/autopartscenter24.com\/auton-varaosat\/2-0-tdi-cba-moottori-passat-cc-golf-vi-audi-a3\/\"]}]},{\"@type\":\"ImageObject\",\"inLanguage\":\"nb-NO\",\"@id\":\"https:\/\/autopartscenter24.com\/auton-varaosat\/2-0-tdi-cba-moottori-passat-cc-golf-vi-audi-a3\/#primaryimage\",\"url\":\"https:\/\/autopartscenter24.com\/wp-content\/uploads\/2023\/03\/2-0-tdi-CBA-moottori-passat-cc-golf-vi-audi-a3.webp\",\"contentUrl\":\"https:\/\/autopartscenter24.com\/wp-content\/uploads\/2023\/03\/2-0-tdi-CBA-moottori-passat-cc-golf-vi-audi-a3.webp\",\"width\":800,\"height\":600},{\"@type\":\"BreadcrumbList\",\"@id\":\"https:\/\/autopartscenter24.com\/auton-varaosat\/2-0-tdi-cba-moottori-passat-cc-golf-vi-audi-a3\/#breadcrumb\",\"itemListElement\":[{\"@type\":\"ListItem\",\"position\":1,\"name\":\"Hjem\",\"item\":\"https:\/\/aliceblue-termite-662564.hostingersite.com\/\"},{\"@type\":\"ListItem\",\"position\":2,\"name\":\"Auton varaosat\",\"item\":\"https:\/\/aliceblue-termite-662564.hostingersite.com\/auton-varaosat\/\"},{\"@type\":\"ListItem\",\"position\":3,\"name\":\"2.0 TDI &#8221;CBA&#8221;-motor [f.eks. Passat, Golf, A3]\"}]},{\"@type\":\"WebSite\",\"@id\":\"https:\/\/autopartscenter24.com\/#website\",\"url\":\"https:\/\/autopartscenter24.com\/\",\"name\":\"Autopartscenter24\",\"description\":\"K\u00c4YTETYT JA KUNNOSTETUT  AUTON VARAOSAT\",\"potentialAction\":[{\"@type\":\"SearchAction\",\"target\":{\"@type\":\"EntryPoint\",\"urlTemplate\":\"https:\/\/autopartscenter24.com\/?s={search_term_string}\"},\"query-input\":{\"@type\":\"PropertyValueSpecification\",\"valueRequired\":true,\"valueName\":\"search_term_string\"}}],\"inLanguage\":\"nb-NO\"}]}<\/script>\n<!-- \/ Yoast SEO plugin. -->","yoast_head_json":{"title":"2.0 TDI \"CBA\"-motor [f.eks. Passat, Golf, A3] - Autopartscenter24","description":"En av motorene vi ofte har tilgjengelig. Send en foresp\u00f8rsel og du vil motta et tilbud innen 24 timer. Motorer, girkasser og andre bildeler med garanti.","robots":{"index":"index","follow":"follow","max-snippet":"max-snippet:-1","max-image-preview":"max-image-preview:large","max-video-preview":"max-video-preview:-1"},"canonical":"https:\/\/autopartscenter24.com\/no\/auton-varaosat\/2-0-tdi-cba-moottori-passat-cc-golf-vi-audi-a3\/","og_locale":"nb_NO","og_type":"article","og_title":"2.0 TDI \"CBA\"-motor [f.eks. Passat, Golf, A3] - Autopartscenter24","og_description":"En av motorene vi ofte har tilgjengelig. Send en foresp\u00f8rsel og du vil motta et tilbud innen 24 timer. Motorer, girkasser og andre bildeler med garanti.","og_url":"https:\/\/autopartscenter24.com\/no\/auton-varaosat\/2-0-tdi-cba-moottori-passat-cc-golf-vi-audi-a3\/","og_site_name":"Autopartscenter24","og_image":[{"width":800,"height":600,"url":"https:\/\/autopartscenter24.com\/wp-content\/uploads\/2023\/03\/2-0-tdi-CBA-moottori-passat-cc-golf-vi-audi-a3.webp","type":"image\/webp"}],"twitter_card":"summary_large_image","twitter_misc":{"Ansl. lesetid":"1 minutt"},"schema":{"@context":"https:\/\/schema.org","@graph":[{"@type":"WebPage","@id":"https:\/\/autopartscenter24.com\/auton-varaosat\/2-0-tdi-cba-moottori-passat-cc-golf-vi-audi-a3\/","url":"https:\/\/autopartscenter24.com\/auton-varaosat\/2-0-tdi-cba-moottori-passat-cc-golf-vi-audi-a3\/","name":"2.0 TDI \"CBA\"-motor [f.eks. Passat, Golf, A3] - Autopartscenter24","isPartOf":{"@id":"https:\/\/autopartscenter24.com\/#website"},"primaryImageOfPage":{"@id":"https:\/\/autopartscenter24.com\/auton-varaosat\/2-0-tdi-cba-moottori-passat-cc-golf-vi-audi-a3\/#primaryimage"},"image":{"@id":"https:\/\/autopartscenter24.com\/auton-varaosat\/2-0-tdi-cba-moottori-passat-cc-golf-vi-audi-a3\/#primaryimage"},"thumbnailUrl":"https:\/\/autopartscenter24.com\/wp-content\/uploads\/2023\/03\/2-0-tdi-CBA-moottori-passat-cc-golf-vi-audi-a3.webp","datePublished":"2023-12-02T16:11:45+00:00","description":"En av motorene vi ofte har tilgjengelig. Send en foresp\u00f8rsel og du vil motta et tilbud innen 24 timer. Motorer, girkasser og andre bildeler med garanti.","breadcrumb":{"@id":"https:\/\/autopartscenter24.com\/auton-varaosat\/2-0-tdi-cba-moottori-passat-cc-golf-vi-audi-a3\/#breadcrumb"},"inLanguage":"nb-NO","potentialAction":[{"@type":"ReadAction","target":["https:\/\/autopartscenter24.com\/auton-varaosat\/2-0-tdi-cba-moottori-passat-cc-golf-vi-audi-a3\/"]}]},{"@type":"ImageObject","inLanguage":"nb-NO","@id":"https:\/\/autopartscenter24.com\/auton-varaosat\/2-0-tdi-cba-moottori-passat-cc-golf-vi-audi-a3\/#primaryimage","url":"https:\/\/autopartscenter24.com\/wp-content\/uploads\/2023\/03\/2-0-tdi-CBA-moottori-passat-cc-golf-vi-audi-a3.webp","contentUrl":"https:\/\/autopartscenter24.com\/wp-content\/uploads\/2023\/03\/2-0-tdi-CBA-moottori-passat-cc-golf-vi-audi-a3.webp","width":800,"height":600},{"@type":"BreadcrumbList","@id":"https:\/\/autopartscenter24.com\/auton-varaosat\/2-0-tdi-cba-moottori-passat-cc-golf-vi-audi-a3\/#breadcrumb","itemListElement":[{"@type":"ListItem","position":1,"name":"Hjem","item":"https:\/\/aliceblue-termite-662564.hostingersite.com\/"},{"@type":"ListItem","position":2,"name":"Auton varaosat","item":"https:\/\/aliceblue-termite-662564.hostingersite.com\/auton-varaosat\/"},{"@type":"ListItem","position":3,"name":"2.0 TDI &#8221;CBA&#8221;-motor [f.eks. Passat, Golf, A3]"}]},{"@type":"WebSite","@id":"https:\/\/autopartscenter24.com\/#website","url":"https:\/\/autopartscenter24.com\/","name":"Autopartscenter24","description":"K\u00c4YTETYT JA KUNNOSTETUT  AUTON VARAOSAT","potentialAction":[{"@type":"SearchAction","target":{"@type":"EntryPoint","urlTemplate":"https:\/\/autopartscenter24.com\/?s={search_term_string}"},"query-input":{"@type":"PropertyValueSpecification","valueRequired":true,"valueName":"search_term_string"}}],"inLanguage":"nb-NO"}]}},"_links":{"self":[{"href":"https:\/\/autopartscenter24.com\/no\/wp-json\/wp\/v2\/product\/5757","targetHints":{"allow":["GET"]}}],"collection":[{"href":"https:\/\/autopartscenter24.com\/no\/wp-json\/wp\/v2\/product"}],"about":[{"href":"https:\/\/autopartscenter24.com\/no\/wp-json\/wp\/v2\/types\/product"}],"wp:featuredmedia":[{"embeddable":true,"href":"https:\/\/autopartscenter24.com\/no\/wp-json\/wp\/v2\/media\/4575"}],"wp:attachment":[{"href":"https:\/\/autopartscenter24.com\/no\/wp-json\/wp\/v2\/media?parent=5757"}],"wp:term":[{"taxonomy":"product_brand","embeddable":true,"href":"https:\/\/autopartscenter24.com\/no\/wp-json\/wp\/v2\/product_brand?post=5757"},{"taxonomy":"product_cat","embeddable":true,"href":"https:\/\/autopartscenter24.com\/no\/wp-json\/wp\/v2\/product_cat?post=5757"},{"taxonomy":"product_tag","embeddable":true,"href":"https:\/\/autopartscenter24.com\/no\/wp-json\/wp\/v2\/product_tag?post=5757"}],"curies":[{"name":"wp","href":"https:\/\/api.w.org\/{rel}","templated":true}]}}