{"id":5756,"date":"2023-03-05T19:13:21","date_gmt":"2023-12-02T16:10:03","guid":{"rendered":"https:\/\/autopartscenter24.com\/product\/2-0-d4d-1ad-ftv-motor-f-eks-avensis-t27-auris-verso\/"},"modified":"2023-12-02T17:10:03","modified_gmt":"2023-12-02T16:10:03","slug":"2-0-d4d-1ad-ftv-motor-f-eks-avensis-t27-auris-verso","status":"publish","type":"product","link":"https:\/\/autopartscenter24.com\/no\/auton-varaosat\/2-0-d4d-1ad-ftv-motor-f-eks-avensis-t27-auris-verso\/","title":{"rendered":"2.0 D4D &laquo;1AD-FTV&raquo;-motor [f.eks. Avensis T27, Auris Verso]"},"content":{"rendered":"<p><strong>Toyota 2.0 D4D (motorkode: 1AD-FTV) er en 2,0-liters, firesylindret dieselmotor designet spesielt for Toyota-kj\u00f8ret\u00f8yer.<\/strong> Motorrammen er laget av aluminium, noe som forbedrer motorytelsen og drivstoff\u00f8konomien. Toyota 2.0 D4D-motoren har et direkteinnspr\u00f8ytningssystem og en turbolader, som muliggj\u00f8r en sterk effekt med lavt forbruk. Motoren yter 126 hestekrefter (93 kW) og et dreiemoment p\u00e5 310 Nm, noe som garanterer god ytelse.<\/p>\n<p>Toyota 2.0 D4D-motoren har fire ventiler per sylinder, noe som sikrer effektiv drivstoffforbrenning og motoreffektivitet. Motorens innebygde D-4D-system muliggj\u00f8r presis drivstofftilf\u00f8rsel og reduserer drivstofforbruk og utslipp. Motoren oppfyller Euro 4 utslippsstandarder og er sv\u00e6rt milj\u00f8vennlig.<\/p>\n<p>Toyota 2.0 D4D-motoren har blitt brukt i flere Toyota-modeller, som Avensis, Corolla, RAV4 og Verso. Motoren har vist seg \u00e5 v\u00e6re sv\u00e6rt p\u00e5litelig og slitesterk, noe som er et av kjennetegnene til Toyota-motorer. Motorvedlikehold er ogs\u00e5 enkelt og rimelig, noe som gj\u00f8r den til et popul\u00e6rt valg for mange sj\u00e5f\u00f8rer.<\/p>\n<p>I utformingen av Toyota 2.0 D4D-motoren er det lagt spesiell vekt p\u00e5 holdbarhet og drivstoff\u00f8konomi. Motoren er designet for \u00e5 vare lenge og forbruke s\u00e5 lite drivstoff som mulig. Dette, kombinert med motorens utmerkede ytelse, gj\u00f8r den til et sv\u00e6rt popul\u00e6rt valg for mange sj\u00e5f\u00f8rer som \u00f8nsker \u00e5 kombinere effektivitet og holdbarhet i \u00e9n pakke.<\/p>\n","protected":false},"excerpt":{"rendered":"<p>Noen Toyota-modeller som har brukt 2.0 D4D-motoren inkluderer:<\/p>\n<ul>\n<li>Toyota Avensis<\/li>\n<li>Toyota Corolla<\/li>\n<li>Toyota RAV4<\/li>\n<li>Toyota Verso<\/li>\n<\/ul>\n","protected":false},"featured_media":4580,"template":"","meta":[],"product_brand":[],"product_cat":[636],"product_tag":[817,819],"class_list":{"0":"post-5756","1":"product","2":"type-product","3":"status-publish","4":"has-post-thumbnail","6":"product_cat-toyota-no","7":"product_tag-auris-verso-no","8":"product_tag-avensis-no","9":"pa_varaosan-osasto-motor-no","12":"first","13":"instock","14":"shipping-taxable","15":"product-type-simple"},"yoast_head":"<!-- This site is optimized with the Yoast SEO plugin v26.8 - https:\/\/yoast.com\/product\/yoast-seo-wordpress\/ -->\n<title>2.0 D4D &quot;1AD-FTV&quot;-motor [f.eks. Avensis T27, Auris Verso]<\/title>\n<meta name=\"description\" content=\"En av motorene vi ofte har tilgjengelig. Send en foresp\u00f8rsel og du vil motta et tilbud innen 24 timer. Motorer, girkasser og andre bildeler med garanti.\" \/>\n<meta name=\"robots\" content=\"index, follow, max-snippet:-1, max-image-preview:large, max-video-preview:-1\" \/>\n<link rel=\"canonical\" href=\"https:\/\/autopartscenter24.com\/no\/auton-varaosat\/2-0-d4d-1ad-ftv-moottori-avensis-t27-auris-verso\/\" \/>\n<meta property=\"og:locale\" content=\"nb_NO\" \/>\n<meta property=\"og:type\" content=\"article\" \/>\n<meta property=\"og:title\" content=\"2.0 D4D &quot;1AD-FTV&quot;-motor [f.eks. Avensis T27, Auris Verso]\" \/>\n<meta property=\"og:description\" content=\"En av motorene vi ofte har tilgjengelig. Send en foresp\u00f8rsel og du vil motta et tilbud innen 24 timer. Motorer, girkasser og andre bildeler med garanti.\" \/>\n<meta property=\"og:url\" content=\"https:\/\/autopartscenter24.com\/no\/auton-varaosat\/2-0-d4d-1ad-ftv-moottori-avensis-t27-auris-verso\/\" \/>\n<meta property=\"og:site_name\" content=\"Autopartscenter24\" \/>\n<meta property=\"og:image\" content=\"https:\/\/autopartscenter24.com\/wp-content\/uploads\/2023\/03\/2-0-d4d-1AD-FTV-moottori-avensis-t27-auris-verso.webp\" \/>\n\t<meta property=\"og:image:width\" content=\"800\" \/>\n\t<meta property=\"og:image:height\" content=\"600\" \/>\n\t<meta property=\"og:image:type\" content=\"image\/webp\" \/>\n<meta name=\"twitter:card\" content=\"summary_large_image\" \/>\n<meta name=\"twitter:label1\" content=\"Ansl. lesetid\" \/>\n\t<meta name=\"twitter:data1\" content=\"1 minutt\" \/>\n<script type=\"application\/ld+json\" class=\"yoast-schema-graph\">{\"@context\":\"https:\/\/schema.org\",\"@graph\":[{\"@type\":\"WebPage\",\"@id\":\"https:\/\/autopartscenter24.com\/auton-varaosat\/2-0-d4d-1ad-ftv-moottori-avensis-t27-auris-verso\/\",\"url\":\"https:\/\/autopartscenter24.com\/auton-varaosat\/2-0-d4d-1ad-ftv-moottori-avensis-t27-auris-verso\/\",\"name\":\"2.0 D4D \\\"1AD-FTV\\\"-motor [f.eks. Avensis T27, Auris Verso]\",\"isPartOf\":{\"@id\":\"https:\/\/autopartscenter24.com\/#website\"},\"primaryImageOfPage\":{\"@id\":\"https:\/\/autopartscenter24.com\/auton-varaosat\/2-0-d4d-1ad-ftv-moottori-avensis-t27-auris-verso\/#primaryimage\"},\"image\":{\"@id\":\"https:\/\/autopartscenter24.com\/auton-varaosat\/2-0-d4d-1ad-ftv-moottori-avensis-t27-auris-verso\/#primaryimage\"},\"thumbnailUrl\":\"https:\/\/autopartscenter24.com\/wp-content\/uploads\/2023\/03\/2-0-d4d-1AD-FTV-moottori-avensis-t27-auris-verso.webp\",\"datePublished\":\"2023-12-02T16:10:03+00:00\",\"description\":\"En av motorene vi ofte har tilgjengelig. Send en foresp\u00f8rsel og du vil motta et tilbud innen 24 timer. Motorer, girkasser og andre bildeler med garanti.\",\"breadcrumb\":{\"@id\":\"https:\/\/autopartscenter24.com\/auton-varaosat\/2-0-d4d-1ad-ftv-moottori-avensis-t27-auris-verso\/#breadcrumb\"},\"inLanguage\":\"nb-NO\",\"potentialAction\":[{\"@type\":\"ReadAction\",\"target\":[\"https:\/\/autopartscenter24.com\/auton-varaosat\/2-0-d4d-1ad-ftv-moottori-avensis-t27-auris-verso\/\"]}]},{\"@type\":\"ImageObject\",\"inLanguage\":\"nb-NO\",\"@id\":\"https:\/\/autopartscenter24.com\/auton-varaosat\/2-0-d4d-1ad-ftv-moottori-avensis-t27-auris-verso\/#primaryimage\",\"url\":\"https:\/\/autopartscenter24.com\/wp-content\/uploads\/2023\/03\/2-0-d4d-1AD-FTV-moottori-avensis-t27-auris-verso.webp\",\"contentUrl\":\"https:\/\/autopartscenter24.com\/wp-content\/uploads\/2023\/03\/2-0-d4d-1AD-FTV-moottori-avensis-t27-auris-verso.webp\",\"width\":800,\"height\":600},{\"@type\":\"BreadcrumbList\",\"@id\":\"https:\/\/autopartscenter24.com\/auton-varaosat\/2-0-d4d-1ad-ftv-moottori-avensis-t27-auris-verso\/#breadcrumb\",\"itemListElement\":[{\"@type\":\"ListItem\",\"position\":1,\"name\":\"Hjem\",\"item\":\"https:\/\/aliceblue-termite-662564.hostingersite.com\/\"},{\"@type\":\"ListItem\",\"position\":2,\"name\":\"Auton varaosat\",\"item\":\"https:\/\/aliceblue-termite-662564.hostingersite.com\/auton-varaosat\/\"},{\"@type\":\"ListItem\",\"position\":3,\"name\":\"2.0 D4D &#8221;1AD-FTV&#8221;-motor [f.eks. Avensis T27, Auris Verso]\"}]},{\"@type\":\"WebSite\",\"@id\":\"https:\/\/autopartscenter24.com\/#website\",\"url\":\"https:\/\/autopartscenter24.com\/\",\"name\":\"Autopartscenter24\",\"description\":\"K\u00c4YTETYT JA KUNNOSTETUT  AUTON VARAOSAT\",\"potentialAction\":[{\"@type\":\"SearchAction\",\"target\":{\"@type\":\"EntryPoint\",\"urlTemplate\":\"https:\/\/autopartscenter24.com\/?s={search_term_string}\"},\"query-input\":{\"@type\":\"PropertyValueSpecification\",\"valueRequired\":true,\"valueName\":\"search_term_string\"}}],\"inLanguage\":\"nb-NO\"}]}<\/script>\n<!-- \/ Yoast SEO plugin. -->","yoast_head_json":{"title":"2.0 D4D \"1AD-FTV\"-motor [f.eks. Avensis T27, Auris Verso]","description":"En av motorene vi ofte har tilgjengelig. Send en foresp\u00f8rsel og du vil motta et tilbud innen 24 timer. Motorer, girkasser og andre bildeler med garanti.","robots":{"index":"index","follow":"follow","max-snippet":"max-snippet:-1","max-image-preview":"max-image-preview:large","max-video-preview":"max-video-preview:-1"},"canonical":"https:\/\/autopartscenter24.com\/no\/auton-varaosat\/2-0-d4d-1ad-ftv-moottori-avensis-t27-auris-verso\/","og_locale":"nb_NO","og_type":"article","og_title":"2.0 D4D \"1AD-FTV\"-motor [f.eks. Avensis T27, Auris Verso]","og_description":"En av motorene vi ofte har tilgjengelig. Send en foresp\u00f8rsel og du vil motta et tilbud innen 24 timer. Motorer, girkasser og andre bildeler med garanti.","og_url":"https:\/\/autopartscenter24.com\/no\/auton-varaosat\/2-0-d4d-1ad-ftv-moottori-avensis-t27-auris-verso\/","og_site_name":"Autopartscenter24","og_image":[{"width":800,"height":600,"url":"https:\/\/autopartscenter24.com\/wp-content\/uploads\/2023\/03\/2-0-d4d-1AD-FTV-moottori-avensis-t27-auris-verso.webp","type":"image\/webp"}],"twitter_card":"summary_large_image","twitter_misc":{"Ansl. lesetid":"1 minutt"},"schema":{"@context":"https:\/\/schema.org","@graph":[{"@type":"WebPage","@id":"https:\/\/autopartscenter24.com\/auton-varaosat\/2-0-d4d-1ad-ftv-moottori-avensis-t27-auris-verso\/","url":"https:\/\/autopartscenter24.com\/auton-varaosat\/2-0-d4d-1ad-ftv-moottori-avensis-t27-auris-verso\/","name":"2.0 D4D \"1AD-FTV\"-motor [f.eks. Avensis T27, Auris Verso]","isPartOf":{"@id":"https:\/\/autopartscenter24.com\/#website"},"primaryImageOfPage":{"@id":"https:\/\/autopartscenter24.com\/auton-varaosat\/2-0-d4d-1ad-ftv-moottori-avensis-t27-auris-verso\/#primaryimage"},"image":{"@id":"https:\/\/autopartscenter24.com\/auton-varaosat\/2-0-d4d-1ad-ftv-moottori-avensis-t27-auris-verso\/#primaryimage"},"thumbnailUrl":"https:\/\/autopartscenter24.com\/wp-content\/uploads\/2023\/03\/2-0-d4d-1AD-FTV-moottori-avensis-t27-auris-verso.webp","datePublished":"2023-12-02T16:10:03+00:00","description":"En av motorene vi ofte har tilgjengelig. Send en foresp\u00f8rsel og du vil motta et tilbud innen 24 timer. Motorer, girkasser og andre bildeler med garanti.","breadcrumb":{"@id":"https:\/\/autopartscenter24.com\/auton-varaosat\/2-0-d4d-1ad-ftv-moottori-avensis-t27-auris-verso\/#breadcrumb"},"inLanguage":"nb-NO","potentialAction":[{"@type":"ReadAction","target":["https:\/\/autopartscenter24.com\/auton-varaosat\/2-0-d4d-1ad-ftv-moottori-avensis-t27-auris-verso\/"]}]},{"@type":"ImageObject","inLanguage":"nb-NO","@id":"https:\/\/autopartscenter24.com\/auton-varaosat\/2-0-d4d-1ad-ftv-moottori-avensis-t27-auris-verso\/#primaryimage","url":"https:\/\/autopartscenter24.com\/wp-content\/uploads\/2023\/03\/2-0-d4d-1AD-FTV-moottori-avensis-t27-auris-verso.webp","contentUrl":"https:\/\/autopartscenter24.com\/wp-content\/uploads\/2023\/03\/2-0-d4d-1AD-FTV-moottori-avensis-t27-auris-verso.webp","width":800,"height":600},{"@type":"BreadcrumbList","@id":"https:\/\/autopartscenter24.com\/auton-varaosat\/2-0-d4d-1ad-ftv-moottori-avensis-t27-auris-verso\/#breadcrumb","itemListElement":[{"@type":"ListItem","position":1,"name":"Hjem","item":"https:\/\/aliceblue-termite-662564.hostingersite.com\/"},{"@type":"ListItem","position":2,"name":"Auton varaosat","item":"https:\/\/aliceblue-termite-662564.hostingersite.com\/auton-varaosat\/"},{"@type":"ListItem","position":3,"name":"2.0 D4D &#8221;1AD-FTV&#8221;-motor [f.eks. Avensis T27, Auris Verso]"}]},{"@type":"WebSite","@id":"https:\/\/autopartscenter24.com\/#website","url":"https:\/\/autopartscenter24.com\/","name":"Autopartscenter24","description":"K\u00c4YTETYT JA KUNNOSTETUT  AUTON VARAOSAT","potentialAction":[{"@type":"SearchAction","target":{"@type":"EntryPoint","urlTemplate":"https:\/\/autopartscenter24.com\/?s={search_term_string}"},"query-input":{"@type":"PropertyValueSpecification","valueRequired":true,"valueName":"search_term_string"}}],"inLanguage":"nb-NO"}]}},"_links":{"self":[{"href":"https:\/\/autopartscenter24.com\/no\/wp-json\/wp\/v2\/product\/5756","targetHints":{"allow":["GET"]}}],"collection":[{"href":"https:\/\/autopartscenter24.com\/no\/wp-json\/wp\/v2\/product"}],"about":[{"href":"https:\/\/autopartscenter24.com\/no\/wp-json\/wp\/v2\/types\/product"}],"wp:featuredmedia":[{"embeddable":true,"href":"https:\/\/autopartscenter24.com\/no\/wp-json\/wp\/v2\/media\/4580"}],"wp:attachment":[{"href":"https:\/\/autopartscenter24.com\/no\/wp-json\/wp\/v2\/media?parent=5756"}],"wp:term":[{"taxonomy":"product_brand","embeddable":true,"href":"https:\/\/autopartscenter24.com\/no\/wp-json\/wp\/v2\/product_brand?post=5756"},{"taxonomy":"product_cat","embeddable":true,"href":"https:\/\/autopartscenter24.com\/no\/wp-json\/wp\/v2\/product_cat?post=5756"},{"taxonomy":"product_tag","embeddable":true,"href":"https:\/\/autopartscenter24.com\/no\/wp-json\/wp\/v2\/product_tag?post=5756"}],"curies":[{"name":"wp","href":"https:\/\/api.w.org\/{rel}","templated":true}]}}