{"id":5755,"date":"2023-03-05T19:17:16","date_gmt":"2023-12-02T16:08:06","guid":{"rendered":"https:\/\/autopartscenter24.com\/product\/2-0-lfd7-motor-f-eks-mazda-5-6\/"},"modified":"2023-12-02T17:08:06","modified_gmt":"2023-12-02T16:08:06","slug":"2-0-lfd7-motor-f-eks-mazda-5-6","status":"publish","type":"product","link":"https:\/\/autopartscenter24.com\/no\/auton-varaosat\/2-0-lfd7-motor-f-eks-mazda-5-6\/","title":{"rendered":"2.0 &laquo;LFD7&raquo; motor [f.eks. Mazda 5, 6]"},"content":{"rendered":"<p>Mazdas 2.0-motor er en veldig popul\u00e6r kraftkilde i mange kj\u00f8ret\u00f8yer produsert av Mazda. Denne motoren er tilgjengelig i flere forskjellige motorkoder, en av de vanligste er LFD7. LFD7-motoren er en firesylindret bensinmotor som yter opptil 163 hestekrefter og 213 Nm dreiemoment.<\/p>\n<p>De tekniske egenskapene til LFD7-motoren inkluderer f.eks. doble overliggende kamaksler, direkte drivstoffinnspr\u00f8ytning og flerpunkts drivstoffinnspr\u00f8ytning som hjelper motoren med \u00e5 oppn\u00e5 bedre kraft og drivstoff\u00f8konomi. Aluminium brukes i sylinderhodet p\u00e5 motoren, noe som letter vekten p\u00e5 motoren og forbedrer ytelsen. Motoroljekj\u00f8leren er integrert med sylinderhodet, noe som forbedrer oljekj\u00f8lingseffektiviteten og reduserer risikoen for overoppheting av motoren.<\/p>\n<p>LFD7-motoren er ogs\u00e5 utstyrt med Mazdas SkyActiv-teknologi, designet for \u00e5 forbedre drivstoff\u00f8konomien og redusere utslipp. Denne teknologien inkluderer blant annet aktiv luftkontroll, som reduserer luftmotstanden og forbedrer aerodynamikken, samt en lett struktur og effektiv drivstoffinnspr\u00f8ytning av motoren.<\/p>\n<p>Avslutningsvis er Mazda 2.0 LFD7-motoren en sv\u00e6rt dyktig og effektiv kraftkilde som inkluderer flere avanserte teknologier og funksjoner. Motorens bruk i mange forskjellige Mazda-modeller er et bevis p\u00e5 dens p\u00e5litelighet og holdbarhet. Mazda har med denne motoren vist at de er forpliktet til \u00e5 gi sine sj\u00e5f\u00f8rer avanserte og p\u00e5litelige kraftkilder som forbedrer kj\u00f8reopplevelsen og reduserer milj\u00f8p\u00e5virkningen.<\/p>\n<p>Biler med Mazda 2.0 LFD7 &#8211;<\/p>\n","protected":false},"excerpt":{"rendered":"<p>LFD7-motoren har blitt brukt i en rekke Mazda-modeller, inkludert Mazda 5, Mazda 6 og Mazda CX-5. Motoren er veldig popul\u00e6r blant sj\u00e5f\u00f8rer som verdsetter motorytelse og drivstoff\u00f8konomi. Motorens p\u00e5litelighet og ytelse har f\u00e5tt stor ros av bilister og bileksperter.<\/p>\n","protected":false},"featured_media":4585,"template":"","meta":[],"product_brand":[],"product_cat":[588],"product_tag":[793,794],"class_list":{"0":"post-5755","1":"product","2":"type-product","3":"status-publish","4":"has-post-thumbnail","6":"product_cat-mazda-no","7":"product_tag-5-no","8":"product_tag-6-no","9":"pa_varaosan-osasto-motor-no","12":"first","13":"instock","14":"shipping-taxable","15":"product-type-simple"},"yoast_head":"<!-- This site is optimized with the Yoast SEO plugin v26.8 - https:\/\/yoast.com\/product\/yoast-seo-wordpress\/ -->\n<title>2.0 &quot;LFD7&quot; motor [f.eks. Mazda 5, 6] - Autopartscenter24<\/title>\n<meta name=\"description\" content=\"En av motorene vi ofte har tilgjengelig. Send en foresp\u00f8rsel og du vil motta et tilbud innen 24 timer. Motorer, girkasser og andre bildeler med garanti.\" \/>\n<meta name=\"robots\" content=\"index, follow, max-snippet:-1, max-image-preview:large, max-video-preview:-1\" \/>\n<link rel=\"canonical\" href=\"https:\/\/autopartscenter24.com\/no\/auton-varaosat\/2-0-lfd7-moottori-mazda-5-6\/\" \/>\n<meta property=\"og:locale\" content=\"nb_NO\" \/>\n<meta property=\"og:type\" content=\"article\" \/>\n<meta property=\"og:title\" content=\"2.0 &quot;LFD7&quot; motor [f.eks. Mazda 5, 6] - Autopartscenter24\" \/>\n<meta property=\"og:description\" content=\"En av motorene vi ofte har tilgjengelig. Send en foresp\u00f8rsel og du vil motta et tilbud innen 24 timer. Motorer, girkasser og andre bildeler med garanti.\" \/>\n<meta property=\"og:url\" content=\"https:\/\/autopartscenter24.com\/no\/auton-varaosat\/2-0-lfd7-moottori-mazda-5-6\/\" \/>\n<meta property=\"og:site_name\" content=\"Autopartscenter24\" \/>\n<meta property=\"og:image\" content=\"https:\/\/autopartscenter24.com\/wp-content\/uploads\/2023\/03\/2-0-LFD7-moottori-mazda-5-6.webp\" \/>\n\t<meta property=\"og:image:width\" content=\"800\" \/>\n\t<meta property=\"og:image:height\" content=\"600\" \/>\n\t<meta property=\"og:image:type\" content=\"image\/webp\" \/>\n<meta name=\"twitter:card\" content=\"summary_large_image\" \/>\n<meta name=\"twitter:label1\" content=\"Ansl. lesetid\" \/>\n\t<meta name=\"twitter:data1\" content=\"1 minutt\" \/>\n<script type=\"application\/ld+json\" class=\"yoast-schema-graph\">{\"@context\":\"https:\/\/schema.org\",\"@graph\":[{\"@type\":\"WebPage\",\"@id\":\"https:\/\/autopartscenter24.com\/auton-varaosat\/2-0-lfd7-moottori-mazda-5-6\/\",\"url\":\"https:\/\/autopartscenter24.com\/auton-varaosat\/2-0-lfd7-moottori-mazda-5-6\/\",\"name\":\"2.0 \\\"LFD7\\\" motor [f.eks. Mazda 5, 6] - Autopartscenter24\",\"isPartOf\":{\"@id\":\"https:\/\/autopartscenter24.com\/#website\"},\"primaryImageOfPage\":{\"@id\":\"https:\/\/autopartscenter24.com\/auton-varaosat\/2-0-lfd7-moottori-mazda-5-6\/#primaryimage\"},\"image\":{\"@id\":\"https:\/\/autopartscenter24.com\/auton-varaosat\/2-0-lfd7-moottori-mazda-5-6\/#primaryimage\"},\"thumbnailUrl\":\"https:\/\/autopartscenter24.com\/wp-content\/uploads\/2023\/03\/2-0-LFD7-moottori-mazda-5-6.webp\",\"datePublished\":\"2023-12-02T16:08:06+00:00\",\"description\":\"En av motorene vi ofte har tilgjengelig. Send en foresp\u00f8rsel og du vil motta et tilbud innen 24 timer. Motorer, girkasser og andre bildeler med garanti.\",\"breadcrumb\":{\"@id\":\"https:\/\/autopartscenter24.com\/auton-varaosat\/2-0-lfd7-moottori-mazda-5-6\/#breadcrumb\"},\"inLanguage\":\"nb-NO\",\"potentialAction\":[{\"@type\":\"ReadAction\",\"target\":[\"https:\/\/autopartscenter24.com\/auton-varaosat\/2-0-lfd7-moottori-mazda-5-6\/\"]}]},{\"@type\":\"ImageObject\",\"inLanguage\":\"nb-NO\",\"@id\":\"https:\/\/autopartscenter24.com\/auton-varaosat\/2-0-lfd7-moottori-mazda-5-6\/#primaryimage\",\"url\":\"https:\/\/autopartscenter24.com\/wp-content\/uploads\/2023\/03\/2-0-LFD7-moottori-mazda-5-6.webp\",\"contentUrl\":\"https:\/\/autopartscenter24.com\/wp-content\/uploads\/2023\/03\/2-0-LFD7-moottori-mazda-5-6.webp\",\"width\":800,\"height\":600},{\"@type\":\"BreadcrumbList\",\"@id\":\"https:\/\/autopartscenter24.com\/auton-varaosat\/2-0-lfd7-moottori-mazda-5-6\/#breadcrumb\",\"itemListElement\":[{\"@type\":\"ListItem\",\"position\":1,\"name\":\"Hjem\",\"item\":\"https:\/\/aliceblue-termite-662564.hostingersite.com\/\"},{\"@type\":\"ListItem\",\"position\":2,\"name\":\"Auton varaosat\",\"item\":\"https:\/\/aliceblue-termite-662564.hostingersite.com\/auton-varaosat\/\"},{\"@type\":\"ListItem\",\"position\":3,\"name\":\"2.0 &#8221;LFD7&#8221; motor [f.eks. Mazda 5, 6]\"}]},{\"@type\":\"WebSite\",\"@id\":\"https:\/\/autopartscenter24.com\/#website\",\"url\":\"https:\/\/autopartscenter24.com\/\",\"name\":\"Autopartscenter24\",\"description\":\"K\u00c4YTETYT JA KUNNOSTETUT  AUTON VARAOSAT\",\"potentialAction\":[{\"@type\":\"SearchAction\",\"target\":{\"@type\":\"EntryPoint\",\"urlTemplate\":\"https:\/\/autopartscenter24.com\/?s={search_term_string}\"},\"query-input\":{\"@type\":\"PropertyValueSpecification\",\"valueRequired\":true,\"valueName\":\"search_term_string\"}}],\"inLanguage\":\"nb-NO\"}]}<\/script>\n<!-- \/ Yoast SEO plugin. -->","yoast_head_json":{"title":"2.0 \"LFD7\" motor [f.eks. Mazda 5, 6] - Autopartscenter24","description":"En av motorene vi ofte har tilgjengelig. Send en foresp\u00f8rsel og du vil motta et tilbud innen 24 timer. Motorer, girkasser og andre bildeler med garanti.","robots":{"index":"index","follow":"follow","max-snippet":"max-snippet:-1","max-image-preview":"max-image-preview:large","max-video-preview":"max-video-preview:-1"},"canonical":"https:\/\/autopartscenter24.com\/no\/auton-varaosat\/2-0-lfd7-moottori-mazda-5-6\/","og_locale":"nb_NO","og_type":"article","og_title":"2.0 \"LFD7\" motor [f.eks. Mazda 5, 6] - Autopartscenter24","og_description":"En av motorene vi ofte har tilgjengelig. Send en foresp\u00f8rsel og du vil motta et tilbud innen 24 timer. Motorer, girkasser og andre bildeler med garanti.","og_url":"https:\/\/autopartscenter24.com\/no\/auton-varaosat\/2-0-lfd7-moottori-mazda-5-6\/","og_site_name":"Autopartscenter24","og_image":[{"width":800,"height":600,"url":"https:\/\/autopartscenter24.com\/wp-content\/uploads\/2023\/03\/2-0-LFD7-moottori-mazda-5-6.webp","type":"image\/webp"}],"twitter_card":"summary_large_image","twitter_misc":{"Ansl. lesetid":"1 minutt"},"schema":{"@context":"https:\/\/schema.org","@graph":[{"@type":"WebPage","@id":"https:\/\/autopartscenter24.com\/auton-varaosat\/2-0-lfd7-moottori-mazda-5-6\/","url":"https:\/\/autopartscenter24.com\/auton-varaosat\/2-0-lfd7-moottori-mazda-5-6\/","name":"2.0 \"LFD7\" motor [f.eks. Mazda 5, 6] - Autopartscenter24","isPartOf":{"@id":"https:\/\/autopartscenter24.com\/#website"},"primaryImageOfPage":{"@id":"https:\/\/autopartscenter24.com\/auton-varaosat\/2-0-lfd7-moottori-mazda-5-6\/#primaryimage"},"image":{"@id":"https:\/\/autopartscenter24.com\/auton-varaosat\/2-0-lfd7-moottori-mazda-5-6\/#primaryimage"},"thumbnailUrl":"https:\/\/autopartscenter24.com\/wp-content\/uploads\/2023\/03\/2-0-LFD7-moottori-mazda-5-6.webp","datePublished":"2023-12-02T16:08:06+00:00","description":"En av motorene vi ofte har tilgjengelig. Send en foresp\u00f8rsel og du vil motta et tilbud innen 24 timer. Motorer, girkasser og andre bildeler med garanti.","breadcrumb":{"@id":"https:\/\/autopartscenter24.com\/auton-varaosat\/2-0-lfd7-moottori-mazda-5-6\/#breadcrumb"},"inLanguage":"nb-NO","potentialAction":[{"@type":"ReadAction","target":["https:\/\/autopartscenter24.com\/auton-varaosat\/2-0-lfd7-moottori-mazda-5-6\/"]}]},{"@type":"ImageObject","inLanguage":"nb-NO","@id":"https:\/\/autopartscenter24.com\/auton-varaosat\/2-0-lfd7-moottori-mazda-5-6\/#primaryimage","url":"https:\/\/autopartscenter24.com\/wp-content\/uploads\/2023\/03\/2-0-LFD7-moottori-mazda-5-6.webp","contentUrl":"https:\/\/autopartscenter24.com\/wp-content\/uploads\/2023\/03\/2-0-LFD7-moottori-mazda-5-6.webp","width":800,"height":600},{"@type":"BreadcrumbList","@id":"https:\/\/autopartscenter24.com\/auton-varaosat\/2-0-lfd7-moottori-mazda-5-6\/#breadcrumb","itemListElement":[{"@type":"ListItem","position":1,"name":"Hjem","item":"https:\/\/aliceblue-termite-662564.hostingersite.com\/"},{"@type":"ListItem","position":2,"name":"Auton varaosat","item":"https:\/\/aliceblue-termite-662564.hostingersite.com\/auton-varaosat\/"},{"@type":"ListItem","position":3,"name":"2.0 &#8221;LFD7&#8221; motor [f.eks. Mazda 5, 6]"}]},{"@type":"WebSite","@id":"https:\/\/autopartscenter24.com\/#website","url":"https:\/\/autopartscenter24.com\/","name":"Autopartscenter24","description":"K\u00c4YTETYT JA KUNNOSTETUT  AUTON VARAOSAT","potentialAction":[{"@type":"SearchAction","target":{"@type":"EntryPoint","urlTemplate":"https:\/\/autopartscenter24.com\/?s={search_term_string}"},"query-input":{"@type":"PropertyValueSpecification","valueRequired":true,"valueName":"search_term_string"}}],"inLanguage":"nb-NO"}]}},"_links":{"self":[{"href":"https:\/\/autopartscenter24.com\/no\/wp-json\/wp\/v2\/product\/5755","targetHints":{"allow":["GET"]}}],"collection":[{"href":"https:\/\/autopartscenter24.com\/no\/wp-json\/wp\/v2\/product"}],"about":[{"href":"https:\/\/autopartscenter24.com\/no\/wp-json\/wp\/v2\/types\/product"}],"wp:featuredmedia":[{"embeddable":true,"href":"https:\/\/autopartscenter24.com\/no\/wp-json\/wp\/v2\/media\/4585"}],"wp:attachment":[{"href":"https:\/\/autopartscenter24.com\/no\/wp-json\/wp\/v2\/media?parent=5755"}],"wp:term":[{"taxonomy":"product_brand","embeddable":true,"href":"https:\/\/autopartscenter24.com\/no\/wp-json\/wp\/v2\/product_brand?post=5755"},{"taxonomy":"product_cat","embeddable":true,"href":"https:\/\/autopartscenter24.com\/no\/wp-json\/wp\/v2\/product_cat?post=5755"},{"taxonomy":"product_tag","embeddable":true,"href":"https:\/\/autopartscenter24.com\/no\/wp-json\/wp\/v2\/product_tag?post=5755"}],"curies":[{"name":"wp","href":"https:\/\/api.w.org\/{rel}","templated":true}]}}