{"id":5754,"date":"2023-03-05T19:23:11","date_gmt":"2023-12-02T16:06:05","guid":{"rendered":"https:\/\/autopartscenter24.com\/product\/2-4-d-d5244t4-motor-f-eks-volvo-s60-v70-s80\/"},"modified":"2023-12-02T17:06:05","modified_gmt":"2023-12-02T16:06:05","slug":"2-4-d-d5244t4-motor-f-eks-volvo-s60-v70-s80","status":"publish","type":"product","link":"https:\/\/autopartscenter24.com\/no\/auton-varaosat\/2-4-d-d5244t4-motor-f-eks-volvo-s60-v70-s80\/","title":{"rendered":"2.4 D &laquo;D5244T4&raquo;-motor [f.eks. Volvo S60, V70, S80]"},"content":{"rendered":"<p><strong>Volvo 2.4 D-motoren, med motorkode D5244T4, er en firesylindret dieselmotor utviklet for bruk av Volvo Cars.<\/strong> Motorens superlader kj\u00f8les av v\u00e6skesirkulasjon, noe som forbedrer holdbarheten. Maksimal effekt p\u00e5 motoren er 163 hk (120 kW) og maksimalt dreiemoment er 340 Nm, som er tilgjengelig selv ved lave turtall. Dette muliggj\u00f8r \u00f8konomisk bruk av motoren og h\u00f8y ytelse.<\/p>\n<p>De indre delene av motoren er laget av slitesterke materialer av h\u00f8y kvalitet, noe som forbedrer holdbarheten. Motoren har allsidig ytelse som gir en jevn og \u00f8konomisk kj\u00f8reopplevelse. Motorens direkte drivstoffinnspr\u00f8ytningssystem forbedrer effektiviteten og reduserer utslipp. Motoren har ogs\u00e5 et tomassesvinghjul, som demper vibrasjoner og gj\u00f8r kj\u00f8reopplevelsen mer behagelig.<\/p>\n<p>Viktige punkter:<\/p>\n<ul>\n<li>Volvo 2.4 D-motor, motorkode D5244T4<\/li>\n<li>Firesylindret dieselmotor, 163 hk (120 kW), 340 Nm<\/li>\n<li>Allsidig ytelse og \u00f8konomisk drivstofforbruk<\/li>\n<li>Direkte drivstoffinnspr\u00f8ytningssystem og dobbeltmassesvinghjul<\/li>\n<li>Brukes i flere Volvo-modeller som S60, V60, XC60, S80, XC70 og V70<\/li>\n<\/ul>\n","protected":false},"excerpt":{"rendered":"<p>Volvo 2.4 D-motoren har v\u00e6rt mye brukt i flere Volvo-modeller, inkludert Volvo S60, V60, XC60, S80, XC70 og V70. Motoren er popul\u00e6r for sin allsidige ytelse og \u00f8konomiske drivstofforbruk. Motorens ytelse er ogs\u00e5 utmerket i landeveiskj\u00f8ring, s\u00e5 den egner seg godt for lange reiser. Holdbarheten til motoren er ogs\u00e5 utmerket, noe som gj\u00f8r den til et godt valg for en bruktbil.<\/p>\n","protected":false},"featured_media":4590,"template":"","meta":[],"product_brand":[],"product_cat":[642],"product_tag":[904,905,922,923],"class_list":{"0":"post-5754","1":"product","2":"type-product","3":"status-publish","4":"has-post-thumbnail","6":"product_cat-volvo-no","7":"product_tag-s60-no","8":"product_tag-s80-no","9":"product_tag-v60-no","10":"product_tag-v70-no","11":"pa_varaosan-osasto-motor-no","14":"first","15":"instock","16":"shipping-taxable","17":"product-type-simple"},"yoast_head":"<!-- This site is optimized with the Yoast SEO plugin v26.8 - https:\/\/yoast.com\/product\/yoast-seo-wordpress\/ -->\n<title>2.4 D &quot;D5244T4&quot;-motor [f.eks. Volvo S60, V70, S80]<\/title>\n<meta name=\"description\" content=\"En av motorene vi ofte har tilgjengelig. Send en foresp\u00f8rsel og du vil motta et tilbud innen 24 timer. Motorer, girkasser og andre bildeler med garanti.\" \/>\n<meta name=\"robots\" content=\"index, follow, max-snippet:-1, max-image-preview:large, max-video-preview:-1\" \/>\n<link rel=\"canonical\" href=\"https:\/\/autopartscenter24.com\/no\/auton-varaosat\/2-4-d-d5244t4-moottori-volvo-s80-s60-v70\/\" \/>\n<meta property=\"og:locale\" content=\"nb_NO\" \/>\n<meta property=\"og:type\" content=\"article\" \/>\n<meta property=\"og:title\" content=\"2.4 D &quot;D5244T4&quot;-motor [f.eks. Volvo S60, V70, S80]\" \/>\n<meta property=\"og:description\" content=\"En av motorene vi ofte har tilgjengelig. Send en foresp\u00f8rsel og du vil motta et tilbud innen 24 timer. Motorer, girkasser og andre bildeler med garanti.\" \/>\n<meta property=\"og:url\" content=\"https:\/\/autopartscenter24.com\/no\/auton-varaosat\/2-4-d-d5244t4-moottori-volvo-s80-s60-v70\/\" \/>\n<meta property=\"og:site_name\" content=\"Autopartscenter24\" \/>\n<meta property=\"og:image\" content=\"https:\/\/autopartscenter24.com\/wp-content\/uploads\/2023\/03\/2-4-D-D5244T4-moottori-volvo-s80-s60-v70.webp\" \/>\n\t<meta property=\"og:image:width\" content=\"800\" \/>\n\t<meta property=\"og:image:height\" content=\"600\" \/>\n\t<meta property=\"og:image:type\" content=\"image\/webp\" \/>\n<meta name=\"twitter:card\" content=\"summary_large_image\" \/>\n<meta name=\"twitter:label1\" content=\"Ansl. lesetid\" \/>\n\t<meta name=\"twitter:data1\" content=\"1 minutt\" \/>\n<script type=\"application\/ld+json\" class=\"yoast-schema-graph\">{\"@context\":\"https:\/\/schema.org\",\"@graph\":[{\"@type\":\"WebPage\",\"@id\":\"https:\/\/autopartscenter24.com\/auton-varaosat\/2-4-d-d5244t4-moottori-volvo-s80-s60-v70\/\",\"url\":\"https:\/\/autopartscenter24.com\/auton-varaosat\/2-4-d-d5244t4-moottori-volvo-s80-s60-v70\/\",\"name\":\"2.4 D \\\"D5244T4\\\"-motor [f.eks. Volvo S60, V70, S80]\",\"isPartOf\":{\"@id\":\"https:\/\/autopartscenter24.com\/#website\"},\"primaryImageOfPage\":{\"@id\":\"https:\/\/autopartscenter24.com\/auton-varaosat\/2-4-d-d5244t4-moottori-volvo-s80-s60-v70\/#primaryimage\"},\"image\":{\"@id\":\"https:\/\/autopartscenter24.com\/auton-varaosat\/2-4-d-d5244t4-moottori-volvo-s80-s60-v70\/#primaryimage\"},\"thumbnailUrl\":\"https:\/\/autopartscenter24.com\/wp-content\/uploads\/2023\/03\/2-4-D-D5244T4-moottori-volvo-s80-s60-v70.webp\",\"datePublished\":\"2023-12-02T16:06:05+00:00\",\"description\":\"En av motorene vi ofte har tilgjengelig. Send en foresp\u00f8rsel og du vil motta et tilbud innen 24 timer. Motorer, girkasser og andre bildeler med garanti.\",\"breadcrumb\":{\"@id\":\"https:\/\/autopartscenter24.com\/auton-varaosat\/2-4-d-d5244t4-moottori-volvo-s80-s60-v70\/#breadcrumb\"},\"inLanguage\":\"nb-NO\",\"potentialAction\":[{\"@type\":\"ReadAction\",\"target\":[\"https:\/\/autopartscenter24.com\/auton-varaosat\/2-4-d-d5244t4-moottori-volvo-s80-s60-v70\/\"]}]},{\"@type\":\"ImageObject\",\"inLanguage\":\"nb-NO\",\"@id\":\"https:\/\/autopartscenter24.com\/auton-varaosat\/2-4-d-d5244t4-moottori-volvo-s80-s60-v70\/#primaryimage\",\"url\":\"https:\/\/autopartscenter24.com\/wp-content\/uploads\/2023\/03\/2-4-D-D5244T4-moottori-volvo-s80-s60-v70.webp\",\"contentUrl\":\"https:\/\/autopartscenter24.com\/wp-content\/uploads\/2023\/03\/2-4-D-D5244T4-moottori-volvo-s80-s60-v70.webp\",\"width\":800,\"height\":600},{\"@type\":\"BreadcrumbList\",\"@id\":\"https:\/\/autopartscenter24.com\/auton-varaosat\/2-4-d-d5244t4-moottori-volvo-s80-s60-v70\/#breadcrumb\",\"itemListElement\":[{\"@type\":\"ListItem\",\"position\":1,\"name\":\"Hjem\",\"item\":\"https:\/\/aliceblue-termite-662564.hostingersite.com\/\"},{\"@type\":\"ListItem\",\"position\":2,\"name\":\"Auton varaosat\",\"item\":\"https:\/\/aliceblue-termite-662564.hostingersite.com\/auton-varaosat\/\"},{\"@type\":\"ListItem\",\"position\":3,\"name\":\"2.4 D &#8221;D5244T4&#8221;-motor [f.eks. Volvo S60, V70, S80]\"}]},{\"@type\":\"WebSite\",\"@id\":\"https:\/\/autopartscenter24.com\/#website\",\"url\":\"https:\/\/autopartscenter24.com\/\",\"name\":\"Autopartscenter24\",\"description\":\"K\u00c4YTETYT JA KUNNOSTETUT  AUTON VARAOSAT\",\"potentialAction\":[{\"@type\":\"SearchAction\",\"target\":{\"@type\":\"EntryPoint\",\"urlTemplate\":\"https:\/\/autopartscenter24.com\/?s={search_term_string}\"},\"query-input\":{\"@type\":\"PropertyValueSpecification\",\"valueRequired\":true,\"valueName\":\"search_term_string\"}}],\"inLanguage\":\"nb-NO\"}]}<\/script>\n<!-- \/ Yoast SEO plugin. -->","yoast_head_json":{"title":"2.4 D \"D5244T4\"-motor [f.eks. Volvo S60, V70, S80]","description":"En av motorene vi ofte har tilgjengelig. Send en foresp\u00f8rsel og du vil motta et tilbud innen 24 timer. Motorer, girkasser og andre bildeler med garanti.","robots":{"index":"index","follow":"follow","max-snippet":"max-snippet:-1","max-image-preview":"max-image-preview:large","max-video-preview":"max-video-preview:-1"},"canonical":"https:\/\/autopartscenter24.com\/no\/auton-varaosat\/2-4-d-d5244t4-moottori-volvo-s80-s60-v70\/","og_locale":"nb_NO","og_type":"article","og_title":"2.4 D \"D5244T4\"-motor [f.eks. Volvo S60, V70, S80]","og_description":"En av motorene vi ofte har tilgjengelig. Send en foresp\u00f8rsel og du vil motta et tilbud innen 24 timer. Motorer, girkasser og andre bildeler med garanti.","og_url":"https:\/\/autopartscenter24.com\/no\/auton-varaosat\/2-4-d-d5244t4-moottori-volvo-s80-s60-v70\/","og_site_name":"Autopartscenter24","og_image":[{"width":800,"height":600,"url":"https:\/\/autopartscenter24.com\/wp-content\/uploads\/2023\/03\/2-4-D-D5244T4-moottori-volvo-s80-s60-v70.webp","type":"image\/webp"}],"twitter_card":"summary_large_image","twitter_misc":{"Ansl. lesetid":"1 minutt"},"schema":{"@context":"https:\/\/schema.org","@graph":[{"@type":"WebPage","@id":"https:\/\/autopartscenter24.com\/auton-varaosat\/2-4-d-d5244t4-moottori-volvo-s80-s60-v70\/","url":"https:\/\/autopartscenter24.com\/auton-varaosat\/2-4-d-d5244t4-moottori-volvo-s80-s60-v70\/","name":"2.4 D \"D5244T4\"-motor [f.eks. Volvo S60, V70, S80]","isPartOf":{"@id":"https:\/\/autopartscenter24.com\/#website"},"primaryImageOfPage":{"@id":"https:\/\/autopartscenter24.com\/auton-varaosat\/2-4-d-d5244t4-moottori-volvo-s80-s60-v70\/#primaryimage"},"image":{"@id":"https:\/\/autopartscenter24.com\/auton-varaosat\/2-4-d-d5244t4-moottori-volvo-s80-s60-v70\/#primaryimage"},"thumbnailUrl":"https:\/\/autopartscenter24.com\/wp-content\/uploads\/2023\/03\/2-4-D-D5244T4-moottori-volvo-s80-s60-v70.webp","datePublished":"2023-12-02T16:06:05+00:00","description":"En av motorene vi ofte har tilgjengelig. Send en foresp\u00f8rsel og du vil motta et tilbud innen 24 timer. Motorer, girkasser og andre bildeler med garanti.","breadcrumb":{"@id":"https:\/\/autopartscenter24.com\/auton-varaosat\/2-4-d-d5244t4-moottori-volvo-s80-s60-v70\/#breadcrumb"},"inLanguage":"nb-NO","potentialAction":[{"@type":"ReadAction","target":["https:\/\/autopartscenter24.com\/auton-varaosat\/2-4-d-d5244t4-moottori-volvo-s80-s60-v70\/"]}]},{"@type":"ImageObject","inLanguage":"nb-NO","@id":"https:\/\/autopartscenter24.com\/auton-varaosat\/2-4-d-d5244t4-moottori-volvo-s80-s60-v70\/#primaryimage","url":"https:\/\/autopartscenter24.com\/wp-content\/uploads\/2023\/03\/2-4-D-D5244T4-moottori-volvo-s80-s60-v70.webp","contentUrl":"https:\/\/autopartscenter24.com\/wp-content\/uploads\/2023\/03\/2-4-D-D5244T4-moottori-volvo-s80-s60-v70.webp","width":800,"height":600},{"@type":"BreadcrumbList","@id":"https:\/\/autopartscenter24.com\/auton-varaosat\/2-4-d-d5244t4-moottori-volvo-s80-s60-v70\/#breadcrumb","itemListElement":[{"@type":"ListItem","position":1,"name":"Hjem","item":"https:\/\/aliceblue-termite-662564.hostingersite.com\/"},{"@type":"ListItem","position":2,"name":"Auton varaosat","item":"https:\/\/aliceblue-termite-662564.hostingersite.com\/auton-varaosat\/"},{"@type":"ListItem","position":3,"name":"2.4 D &#8221;D5244T4&#8221;-motor [f.eks. Volvo S60, V70, S80]"}]},{"@type":"WebSite","@id":"https:\/\/autopartscenter24.com\/#website","url":"https:\/\/autopartscenter24.com\/","name":"Autopartscenter24","description":"K\u00c4YTETYT JA KUNNOSTETUT  AUTON VARAOSAT","potentialAction":[{"@type":"SearchAction","target":{"@type":"EntryPoint","urlTemplate":"https:\/\/autopartscenter24.com\/?s={search_term_string}"},"query-input":{"@type":"PropertyValueSpecification","valueRequired":true,"valueName":"search_term_string"}}],"inLanguage":"nb-NO"}]}},"_links":{"self":[{"href":"https:\/\/autopartscenter24.com\/no\/wp-json\/wp\/v2\/product\/5754","targetHints":{"allow":["GET"]}}],"collection":[{"href":"https:\/\/autopartscenter24.com\/no\/wp-json\/wp\/v2\/product"}],"about":[{"href":"https:\/\/autopartscenter24.com\/no\/wp-json\/wp\/v2\/types\/product"}],"wp:featuredmedia":[{"embeddable":true,"href":"https:\/\/autopartscenter24.com\/no\/wp-json\/wp\/v2\/media\/4590"}],"wp:attachment":[{"href":"https:\/\/autopartscenter24.com\/no\/wp-json\/wp\/v2\/media?parent=5754"}],"wp:term":[{"taxonomy":"product_brand","embeddable":true,"href":"https:\/\/autopartscenter24.com\/no\/wp-json\/wp\/v2\/product_brand?post=5754"},{"taxonomy":"product_cat","embeddable":true,"href":"https:\/\/autopartscenter24.com\/no\/wp-json\/wp\/v2\/product_cat?post=5754"},{"taxonomy":"product_tag","embeddable":true,"href":"https:\/\/autopartscenter24.com\/no\/wp-json\/wp\/v2\/product_tag?post=5754"}],"curies":[{"name":"wp","href":"https:\/\/api.w.org\/{rel}","templated":true}]}}