{"id":5753,"date":"2023-03-05T19:27:00","date_gmt":"2023-12-02T16:03:57","guid":{"rendered":"https:\/\/autopartscenter24.com\/product\/2-0-tdi-crb-motor-f-eks-golf-passat-a4-q5-leon-octavia\/"},"modified":"2023-12-02T17:03:57","modified_gmt":"2023-12-02T16:03:57","slug":"2-0-tdi-crb-motor-f-eks-golf-passat-a4-q5-leon-octavia","status":"publish","type":"product","link":"https:\/\/autopartscenter24.com\/no\/auton-varaosat\/2-0-tdi-crb-motor-f-eks-golf-passat-a4-q5-leon-octavia\/","title":{"rendered":"2.0 TDI &laquo;CRB&raquo;-motor [f.eks. Golf, Passat, A4, Q5, Leon, Octavia]"},"content":{"rendered":"<div class=\"flex-1 overflow-hidden\">\n<div class=\"react-scroll-to-bottom--css-fqemq-79elbk h-full dark:bg-gray-800\">\n<div class=\"react-scroll-to-bottom--css-fqemq-1n7m0yu\">\n<div class=\"flex flex-col items-center text-sm dark:bg-gray-800\">\n<div class=\"w-full border-b border-black\/10 dark:border-gray-900\/50 text-gray-800 dark:text-gray-100 group bg-gray-50 dark:bg-[#444654]\">\n<div class=\"text-base gap-4 md:gap-6 m-auto md:max-w-2xl lg:max-w-2xl xl:max-w-3xl p-4 md:py-6 flex lg:px-0\">\n<div class=\"relative flex w-[calc(100%-50px)] flex-col gap-1 md:gap-3 lg:w-[calc(100%-115px)]\">\n<div class=\"flex flex-grow flex-col gap-3\">\n<div class=\"min-h-[20px] flex flex-col items-start gap-4 whitespace-pre-wrap\">\n<div class=\"markdown prose w-full break-words dark:prose-invert light\">\n<p><strong>Volkswagen-konsernets 2.0 TDI-motorer er sv\u00e6rt popul\u00e6re p\u00e5 det europeiske markedet.<\/strong> En av disse motorene er en dieselmotor kjent under <strong>CRB-koden<\/strong>, som er utstyrt med et direkteinnspr\u00f8ytningssystem og fire sylindre. Motoren har et slagvolum p\u00e5 2,0 liter og tilbyr utmerket drivstoff\u00f8konomi, effektivitet og ytelse.<\/p>\n<p>CRB-motoren er utstyrt med et flerpunkts direkteinnspr\u00f8ytningssystem, som muliggj\u00f8r presis drivstofftilf\u00f8rsel til hver sylinder. Denne funksjonen \u00f8ker drivstoff\u00f8konomien og reduserer motorutslipp. Maksimal effekt til motoren er 170 hestekrefter og maksimalt dreiemoment er 350 newtonmeter, noe som muliggj\u00f8r utmerket ytelse og akselerasjon.<\/p>\n<p>CRB-motoren har ogs\u00e5 en avansert turbolader som \u00f8ker motorens kraft og forbedrer drivstoff\u00f8konomien. Motoren er ogs\u00e5 utstyrt med partikkelfilter og NOx-renser, som reduserer motorens utslipp og gj\u00f8r den milj\u00f8vennlig.<\/p>\n<p>Motorens konstruksjon er slitesterk og p\u00e5litelig, noe som gj\u00f8r den til et utmerket valg for langtidsbruk. De tekniske egenskapene til CRB-motoren gj\u00f8r den popul\u00e6r for ulike bilmodeller fra Volkswagen Group.<\/p>\n<p>Disse bilene er sv\u00e6rt popul\u00e6re p\u00e5 det europeiske markedet og tilbyr utmerket ytelse og drivstoff\u00f8konomi. CRB-motoren er en av grunnene til at disse bilene er s\u00e5 popul\u00e6re, og tilbyr et p\u00e5litelig og effektivt alternativ for sj\u00e5f\u00f8rer som er interessert i dieselmotorer.<\/p>\n<\/div>\n<\/div>\n<\/div>\n<div class=\"flex justify-between\">\n<div class=\"text-gray-400 flex self-end lg:self-center justify-center mt-2 gap-3 md:gap-4 lg:gap-1 lg:absolute lg:top-0 lg:translate-x-full lg:right-0 lg:mt-0 lg:pl-2 visible\"><\/div>\n<\/div>\n<\/div>\n<\/div>\n<\/div>\n<div class=\"w-full h-32 md:h-48 flex-shrink-0\"><\/div>\n<\/div>\n<p>&nbsp;<\/p>\n<\/div>\n<\/div>\n<\/div>\n<div class=\"absolute bottom-0 left-0 w-full border-t md:border-t-0 dark:border-white\/20 md:border-transparent md:dark:border-transparent md:bg-vert-light-gradient bg-white dark:bg-gray-800 md:!bg-transparent dark:md:bg-vert-dark-gradient\">\n<form class=\"stretch mx-2 flex flex-row gap-3 pt-2 last:mb-2 md:last:mb-6 lg:mx-auto lg:max-w-3xl lg:pt-6\">\n<div class=\"relative flex h-full flex-1 md:flex-col\">\n<div class=\"flex ml-1 mt-1.5 md:w-full md:m-auto md:mb-2 gap-0 md:gap-2 justify-center\"><\/div>\n<\/div>\n<\/form>\n<\/div>\n","protected":false},"excerpt":{"rendered":"<p>Biler med CRB-motor brukt:<\/p>\n<ul>\n<li>Volkswagen Passat<\/li>\n<li>Volkswagen Golf<\/li>\n<li>Volkswagen Jetta<\/li>\n<li>Volkswagen Beetle<\/li>\n<li>Audi A3<\/li>\n<li>Audi A4<\/li>\n<li>Audi A5<\/li>\n<li>Audi Q5<\/li>\n<li>Skoda Octavia<\/li>\n<li>Seat Leon<\/li>\n<li>Seat Alhambra<\/li>\n<\/ul>\n","protected":false},"featured_media":3945,"template":"","meta":[],"product_brand":[],"product_cat":[484,487,486,485],"product_tag":[808,809,489,871,490,491,898],"class_list":{"0":"post-5753","1":"product","2":"type-product","3":"status-publish","4":"has-post-thumbnail","6":"product_cat-audi-no","7":"product_cat-seat-no","8":"product_cat-skoda-no","9":"product_cat-vw-no","10":"product_tag-a4-no","11":"product_tag-a5-no","12":"product_tag-golf-no","13":"product_tag-jetta-no","14":"product_tag-octavia-no","15":"product_tag-passat-no","16":"product_tag-q5-no","17":"pa_varaosan-osasto-motor-no","20":"first","21":"instock","22":"shipping-taxable","23":"product-type-simple"},"yoast_head":"<!-- This site is optimized with the Yoast SEO plugin v26.8 - https:\/\/yoast.com\/product\/yoast-seo-wordpress\/ -->\n<title>2.0 TDI &quot;CRB&quot;-motor [f.eks. Golf, Passat, A4, Q5, Leon, Octavia]<\/title>\n<meta name=\"description\" content=\"En av motorene vi ofte har tilgjengelig. Send en foresp\u00f8rsel og du vil motta et tilbud innen 24 timer. Motorer, girkasser og andre bildeler med garanti.\" \/>\n<meta name=\"robots\" content=\"index, follow, max-snippet:-1, max-image-preview:large, max-video-preview:-1\" \/>\n<link rel=\"canonical\" href=\"https:\/\/autopartscenter24.com\/no\/auton-varaosat\/2-0-tdi-crb-moottori-vw-golf-vii-audi-a3-seat-leon\/\" \/>\n<meta property=\"og:locale\" content=\"nb_NO\" \/>\n<meta property=\"og:type\" content=\"article\" \/>\n<meta property=\"og:title\" content=\"2.0 TDI &quot;CRB&quot;-motor [f.eks. Golf, Passat, A4, Q5, Leon, Octavia]\" \/>\n<meta property=\"og:description\" content=\"En av motorene vi ofte har tilgjengelig. Send en foresp\u00f8rsel og du vil motta et tilbud innen 24 timer. Motorer, girkasser og andre bildeler med garanti.\" \/>\n<meta property=\"og:url\" content=\"https:\/\/autopartscenter24.com\/no\/auton-varaosat\/2-0-tdi-crb-moottori-vw-golf-vii-audi-a3-seat-leon\/\" \/>\n<meta property=\"og:site_name\" content=\"Autopartscenter24\" \/>\n<meta property=\"og:image\" content=\"https:\/\/autopartscenter24.com\/wp-content\/uploads\/2023\/03\/2-0-tdi-CRB-moottori-vw-golf-vii-audi-a3-seat-leon.jpg\" \/>\n\t<meta property=\"og:image:width\" content=\"800\" \/>\n\t<meta property=\"og:image:height\" content=\"600\" \/>\n\t<meta property=\"og:image:type\" content=\"image\/jpeg\" \/>\n<meta name=\"twitter:card\" content=\"summary_large_image\" \/>\n<meta name=\"twitter:label1\" content=\"Ansl. lesetid\" \/>\n\t<meta name=\"twitter:data1\" content=\"1 minutt\" \/>\n<script type=\"application\/ld+json\" class=\"yoast-schema-graph\">{\"@context\":\"https:\/\/schema.org\",\"@graph\":[{\"@type\":\"WebPage\",\"@id\":\"https:\/\/autopartscenter24.com\/auton-varaosat\/2-0-tdi-crb-moottori-vw-golf-vii-audi-a3-seat-leon\/\",\"url\":\"https:\/\/autopartscenter24.com\/auton-varaosat\/2-0-tdi-crb-moottori-vw-golf-vii-audi-a3-seat-leon\/\",\"name\":\"2.0 TDI \\\"CRB\\\"-motor [f.eks. Golf, Passat, A4, Q5, Leon, Octavia]\",\"isPartOf\":{\"@id\":\"https:\/\/autopartscenter24.com\/#website\"},\"primaryImageOfPage\":{\"@id\":\"https:\/\/autopartscenter24.com\/auton-varaosat\/2-0-tdi-crb-moottori-vw-golf-vii-audi-a3-seat-leon\/#primaryimage\"},\"image\":{\"@id\":\"https:\/\/autopartscenter24.com\/auton-varaosat\/2-0-tdi-crb-moottori-vw-golf-vii-audi-a3-seat-leon\/#primaryimage\"},\"thumbnailUrl\":\"https:\/\/autopartscenter24.com\/wp-content\/uploads\/2023\/03\/2-0-tdi-CRB-moottori-vw-golf-vii-audi-a3-seat-leon.jpg\",\"datePublished\":\"2023-12-02T16:03:57+00:00\",\"description\":\"En av motorene vi ofte har tilgjengelig. Send en foresp\u00f8rsel og du vil motta et tilbud innen 24 timer. Motorer, girkasser og andre bildeler med garanti.\",\"breadcrumb\":{\"@id\":\"https:\/\/autopartscenter24.com\/auton-varaosat\/2-0-tdi-crb-moottori-vw-golf-vii-audi-a3-seat-leon\/#breadcrumb\"},\"inLanguage\":\"nb-NO\",\"potentialAction\":[{\"@type\":\"ReadAction\",\"target\":[\"https:\/\/autopartscenter24.com\/auton-varaosat\/2-0-tdi-crb-moottori-vw-golf-vii-audi-a3-seat-leon\/\"]}]},{\"@type\":\"ImageObject\",\"inLanguage\":\"nb-NO\",\"@id\":\"https:\/\/autopartscenter24.com\/auton-varaosat\/2-0-tdi-crb-moottori-vw-golf-vii-audi-a3-seat-leon\/#primaryimage\",\"url\":\"https:\/\/autopartscenter24.com\/wp-content\/uploads\/2023\/03\/2-0-tdi-CRB-moottori-vw-golf-vii-audi-a3-seat-leon.jpg\",\"contentUrl\":\"https:\/\/autopartscenter24.com\/wp-content\/uploads\/2023\/03\/2-0-tdi-CRB-moottori-vw-golf-vii-audi-a3-seat-leon.jpg\",\"width\":800,\"height\":600},{\"@type\":\"BreadcrumbList\",\"@id\":\"https:\/\/autopartscenter24.com\/auton-varaosat\/2-0-tdi-crb-moottori-vw-golf-vii-audi-a3-seat-leon\/#breadcrumb\",\"itemListElement\":[{\"@type\":\"ListItem\",\"position\":1,\"name\":\"Hjem\",\"item\":\"https:\/\/aliceblue-termite-662564.hostingersite.com\/\"},{\"@type\":\"ListItem\",\"position\":2,\"name\":\"Auton varaosat\",\"item\":\"https:\/\/aliceblue-termite-662564.hostingersite.com\/auton-varaosat\/\"},{\"@type\":\"ListItem\",\"position\":3,\"name\":\"2.0 TDI &#8221;CRB&#8221;-motor [f.eks. Golf, Passat, A4, Q5, Leon, Octavia]\"}]},{\"@type\":\"WebSite\",\"@id\":\"https:\/\/autopartscenter24.com\/#website\",\"url\":\"https:\/\/autopartscenter24.com\/\",\"name\":\"Autopartscenter24\",\"description\":\"K\u00c4YTETYT JA KUNNOSTETUT  AUTON VARAOSAT\",\"potentialAction\":[{\"@type\":\"SearchAction\",\"target\":{\"@type\":\"EntryPoint\",\"urlTemplate\":\"https:\/\/autopartscenter24.com\/?s={search_term_string}\"},\"query-input\":{\"@type\":\"PropertyValueSpecification\",\"valueRequired\":true,\"valueName\":\"search_term_string\"}}],\"inLanguage\":\"nb-NO\"}]}<\/script>\n<!-- \/ Yoast SEO plugin. -->","yoast_head_json":{"title":"2.0 TDI \"CRB\"-motor [f.eks. Golf, Passat, A4, Q5, Leon, Octavia]","description":"En av motorene vi ofte har tilgjengelig. Send en foresp\u00f8rsel og du vil motta et tilbud innen 24 timer. Motorer, girkasser og andre bildeler med garanti.","robots":{"index":"index","follow":"follow","max-snippet":"max-snippet:-1","max-image-preview":"max-image-preview:large","max-video-preview":"max-video-preview:-1"},"canonical":"https:\/\/autopartscenter24.com\/no\/auton-varaosat\/2-0-tdi-crb-moottori-vw-golf-vii-audi-a3-seat-leon\/","og_locale":"nb_NO","og_type":"article","og_title":"2.0 TDI \"CRB\"-motor [f.eks. Golf, Passat, A4, Q5, Leon, Octavia]","og_description":"En av motorene vi ofte har tilgjengelig. Send en foresp\u00f8rsel og du vil motta et tilbud innen 24 timer. Motorer, girkasser og andre bildeler med garanti.","og_url":"https:\/\/autopartscenter24.com\/no\/auton-varaosat\/2-0-tdi-crb-moottori-vw-golf-vii-audi-a3-seat-leon\/","og_site_name":"Autopartscenter24","og_image":[{"width":800,"height":600,"url":"https:\/\/autopartscenter24.com\/wp-content\/uploads\/2023\/03\/2-0-tdi-CRB-moottori-vw-golf-vii-audi-a3-seat-leon.jpg","type":"image\/jpeg"}],"twitter_card":"summary_large_image","twitter_misc":{"Ansl. lesetid":"1 minutt"},"schema":{"@context":"https:\/\/schema.org","@graph":[{"@type":"WebPage","@id":"https:\/\/autopartscenter24.com\/auton-varaosat\/2-0-tdi-crb-moottori-vw-golf-vii-audi-a3-seat-leon\/","url":"https:\/\/autopartscenter24.com\/auton-varaosat\/2-0-tdi-crb-moottori-vw-golf-vii-audi-a3-seat-leon\/","name":"2.0 TDI \"CRB\"-motor [f.eks. Golf, Passat, A4, Q5, Leon, Octavia]","isPartOf":{"@id":"https:\/\/autopartscenter24.com\/#website"},"primaryImageOfPage":{"@id":"https:\/\/autopartscenter24.com\/auton-varaosat\/2-0-tdi-crb-moottori-vw-golf-vii-audi-a3-seat-leon\/#primaryimage"},"image":{"@id":"https:\/\/autopartscenter24.com\/auton-varaosat\/2-0-tdi-crb-moottori-vw-golf-vii-audi-a3-seat-leon\/#primaryimage"},"thumbnailUrl":"https:\/\/autopartscenter24.com\/wp-content\/uploads\/2023\/03\/2-0-tdi-CRB-moottori-vw-golf-vii-audi-a3-seat-leon.jpg","datePublished":"2023-12-02T16:03:57+00:00","description":"En av motorene vi ofte har tilgjengelig. Send en foresp\u00f8rsel og du vil motta et tilbud innen 24 timer. Motorer, girkasser og andre bildeler med garanti.","breadcrumb":{"@id":"https:\/\/autopartscenter24.com\/auton-varaosat\/2-0-tdi-crb-moottori-vw-golf-vii-audi-a3-seat-leon\/#breadcrumb"},"inLanguage":"nb-NO","potentialAction":[{"@type":"ReadAction","target":["https:\/\/autopartscenter24.com\/auton-varaosat\/2-0-tdi-crb-moottori-vw-golf-vii-audi-a3-seat-leon\/"]}]},{"@type":"ImageObject","inLanguage":"nb-NO","@id":"https:\/\/autopartscenter24.com\/auton-varaosat\/2-0-tdi-crb-moottori-vw-golf-vii-audi-a3-seat-leon\/#primaryimage","url":"https:\/\/autopartscenter24.com\/wp-content\/uploads\/2023\/03\/2-0-tdi-CRB-moottori-vw-golf-vii-audi-a3-seat-leon.jpg","contentUrl":"https:\/\/autopartscenter24.com\/wp-content\/uploads\/2023\/03\/2-0-tdi-CRB-moottori-vw-golf-vii-audi-a3-seat-leon.jpg","width":800,"height":600},{"@type":"BreadcrumbList","@id":"https:\/\/autopartscenter24.com\/auton-varaosat\/2-0-tdi-crb-moottori-vw-golf-vii-audi-a3-seat-leon\/#breadcrumb","itemListElement":[{"@type":"ListItem","position":1,"name":"Hjem","item":"https:\/\/aliceblue-termite-662564.hostingersite.com\/"},{"@type":"ListItem","position":2,"name":"Auton varaosat","item":"https:\/\/aliceblue-termite-662564.hostingersite.com\/auton-varaosat\/"},{"@type":"ListItem","position":3,"name":"2.0 TDI &#8221;CRB&#8221;-motor [f.eks. Golf, Passat, A4, Q5, Leon, Octavia]"}]},{"@type":"WebSite","@id":"https:\/\/autopartscenter24.com\/#website","url":"https:\/\/autopartscenter24.com\/","name":"Autopartscenter24","description":"K\u00c4YTETYT JA KUNNOSTETUT  AUTON VARAOSAT","potentialAction":[{"@type":"SearchAction","target":{"@type":"EntryPoint","urlTemplate":"https:\/\/autopartscenter24.com\/?s={search_term_string}"},"query-input":{"@type":"PropertyValueSpecification","valueRequired":true,"valueName":"search_term_string"}}],"inLanguage":"nb-NO"}]}},"_links":{"self":[{"href":"https:\/\/autopartscenter24.com\/no\/wp-json\/wp\/v2\/product\/5753","targetHints":{"allow":["GET"]}}],"collection":[{"href":"https:\/\/autopartscenter24.com\/no\/wp-json\/wp\/v2\/product"}],"about":[{"href":"https:\/\/autopartscenter24.com\/no\/wp-json\/wp\/v2\/types\/product"}],"wp:featuredmedia":[{"embeddable":true,"href":"https:\/\/autopartscenter24.com\/no\/wp-json\/wp\/v2\/media\/3945"}],"wp:attachment":[{"href":"https:\/\/autopartscenter24.com\/no\/wp-json\/wp\/v2\/media?parent=5753"}],"wp:term":[{"taxonomy":"product_brand","embeddable":true,"href":"https:\/\/autopartscenter24.com\/no\/wp-json\/wp\/v2\/product_brand?post=5753"},{"taxonomy":"product_cat","embeddable":true,"href":"https:\/\/autopartscenter24.com\/no\/wp-json\/wp\/v2\/product_cat?post=5753"},{"taxonomy":"product_tag","embeddable":true,"href":"https:\/\/autopartscenter24.com\/no\/wp-json\/wp\/v2\/product_tag?post=5753"}],"curies":[{"name":"wp","href":"https:\/\/api.w.org\/{rel}","templated":true}]}}