{"id":5752,"date":"2023-03-05T19:32:09","date_gmt":"2023-12-02T16:01:42","guid":{"rendered":"https:\/\/autopartscenter24.com\/product\/1-6-fsi-blf-motor-f-eks-golf-octavia\/"},"modified":"2023-12-02T17:03:56","modified_gmt":"2023-12-02T16:03:56","slug":"1-6-fsi-blf-motor-f-eks-golf-octavia","status":"publish","type":"product","link":"https:\/\/autopartscenter24.com\/no\/auton-varaosat\/1-6-fsi-blf-motor-f-eks-golf-octavia\/","title":{"rendered":"1.6 FSI &laquo;BLF&raquo;-motor [f.eks. Golf, Octavia]"},"content":{"rendered":"<p>Tekniske egenskaper for <strong>1.6 FSI-motoren (motorkode: BLF)<\/strong>.<\/p>\n<p>1.6 FSI-motoren er en firesylindret bensinmotor produsert av Volkswagen Group. Utviklingen av motoren startet i 2002 og den ble tatt i bruk i 2004. Motoren er spesialdesignet for sm\u00e5 personbiler og har f\u00e5tt mange positive tilbakemeldinger for ytelse og \u00f8konomi.<\/p>\n<p>Motorens tenningssystem er et direkte tenningssystem (FSI), hvor bensin spr\u00f8ytes direkte inn i forbrenningskammeret. Dette forbedrer drivstoff\u00f8konomien og reduserer utslippene. Motorens veivhus er laget av aluminium, noe som reduserer motorvekten og \u00f8ker ytelsen.<\/p>\n<p>Maksimal effekt p\u00e5 motoren er 115 hk og dreiemomentet er 155 Nm. Toppfarten p\u00e5 motoren er ca 190 km\/t og akselerasjon fra null til 100 skjer p\u00e5 ca 11 sekunder. Motorens gjennomsnittlige forbruk er ca 6 liter per hundre kilometer og CO2-utslippet er ca 140 g\/km.<\/p>\n<p>En av motorens viktigste tekniske egenskaper er kamakseljusteringen, som forbedrer motorytelsen og drivstoff\u00f8konomien. Den justerbare kamakselen gj\u00f8r at luftstr\u00f8mmen kan optimaliseres ved forskjellige motorhastigheter og belastninger.<\/p>\n<p>St\u00f8rrelsen p\u00e5 motoren er kompakt og vekten er ca. 125 kg. Levetiden til motoren er sv\u00e6rt lang n\u00e5r den vedlikeholdes regelmessig og brukes riktig.<\/p>\n<p>Disse bilene er veldig popul\u00e6re i Europa og rundt om i verden. Motoren har f\u00e5tt mange positive tilbakemeldinger for ytelse, \u00f8konomi og p\u00e5litelighet. Motoren har ogs\u00e5 vist seg \u00e5 v\u00e6re enkel \u00e5 vedlikeholde og reservedelene er lett tilgjengelige.<\/p>\n","protected":false},"excerpt":{"rendered":"<p>Motorkoden BLF brukes i flere Volkswagen Group-biler. Her er en liste over noen av bilene som har brukt motoren:<\/p>\n<ul>\n<li>Volkswagen Golf V<\/li>\n<li>Volkswagen Jetta V<\/li>\n<li>Audi A3<\/li>\n<li>Seat Leon<\/li>\n<li>Skoda Octavia<\/li>\n<\/ul>\n","protected":false},"featured_media":4610,"template":"","meta":[],"product_brand":[],"product_cat":[484,487,486,485],"product_tag":[488,489,871,880,490],"class_list":{"0":"post-5752","1":"product","2":"type-product","3":"status-publish","4":"has-post-thumbnail","6":"product_cat-audi-no","7":"product_cat-seat-no","8":"product_cat-skoda-no","9":"product_cat-vw-no","10":"product_tag-a3-no","11":"product_tag-golf-no","12":"product_tag-jetta-no","13":"product_tag-leon-no","14":"product_tag-octavia-no","15":"pa_varaosan-osasto-motor-no","18":"first","19":"instock","20":"shipping-taxable","21":"product-type-simple"},"yoast_head":"<!-- This site is optimized with the Yoast SEO plugin v26.8 - https:\/\/yoast.com\/product\/yoast-seo-wordpress\/ -->\n<title>1.6 FSI &quot;BLF&quot;-motor [f.eks. Golf, Octavia] - Autopartscenter24<\/title>\n<meta name=\"description\" content=\"En av motorene vi ofte har tilgjengelig. Send en foresp\u00f8rsel og du vil motta et tilbud innen 24 timer. Motorer, girkasser og andre bildeler med garanti.\" \/>\n<meta name=\"robots\" content=\"index, follow, max-snippet:-1, max-image-preview:large, max-video-preview:-1\" \/>\n<link rel=\"canonical\" href=\"https:\/\/autopartscenter24.com\/no\/auton-varaosat\/1-6-fsi-blf-moottori-vw-golf-octavia\/\" \/>\n<meta property=\"og:locale\" content=\"nb_NO\" \/>\n<meta property=\"og:type\" content=\"article\" \/>\n<meta property=\"og:title\" content=\"1.6 FSI &quot;BLF&quot;-motor [f.eks. Golf, Octavia] - Autopartscenter24\" \/>\n<meta property=\"og:description\" content=\"En av motorene vi ofte har tilgjengelig. Send en foresp\u00f8rsel og du vil motta et tilbud innen 24 timer. Motorer, girkasser og andre bildeler med garanti.\" \/>\n<meta property=\"og:url\" content=\"https:\/\/autopartscenter24.com\/no\/auton-varaosat\/1-6-fsi-blf-moottori-vw-golf-octavia\/\" \/>\n<meta property=\"og:site_name\" content=\"Autopartscenter24\" \/>\n<meta property=\"article:modified_time\" content=\"2023-12-02T16:03:56+00:00\" \/>\n<meta property=\"og:image\" content=\"https:\/\/autopartscenter24.com\/wp-content\/uploads\/2023\/03\/1-6-fsi-BLF-moottori-vw-golf-octavia-2.webp\" \/>\n\t<meta property=\"og:image:width\" content=\"800\" \/>\n\t<meta property=\"og:image:height\" content=\"600\" \/>\n\t<meta property=\"og:image:type\" content=\"image\/webp\" \/>\n<meta name=\"twitter:card\" content=\"summary_large_image\" \/>\n<meta name=\"twitter:label1\" content=\"Ansl. lesetid\" \/>\n\t<meta name=\"twitter:data1\" content=\"1 minutt\" \/>\n<script type=\"application\/ld+json\" class=\"yoast-schema-graph\">{\"@context\":\"https:\/\/schema.org\",\"@graph\":[{\"@type\":\"WebPage\",\"@id\":\"https:\/\/autopartscenter24.com\/auton-varaosat\/1-6-fsi-blf-moottori-vw-golf-octavia\/\",\"url\":\"https:\/\/autopartscenter24.com\/auton-varaosat\/1-6-fsi-blf-moottori-vw-golf-octavia\/\",\"name\":\"1.6 FSI \\\"BLF\\\"-motor [f.eks. Golf, Octavia] - Autopartscenter24\",\"isPartOf\":{\"@id\":\"https:\/\/autopartscenter24.com\/#website\"},\"primaryImageOfPage\":{\"@id\":\"https:\/\/autopartscenter24.com\/auton-varaosat\/1-6-fsi-blf-moottori-vw-golf-octavia\/#primaryimage\"},\"image\":{\"@id\":\"https:\/\/autopartscenter24.com\/auton-varaosat\/1-6-fsi-blf-moottori-vw-golf-octavia\/#primaryimage\"},\"thumbnailUrl\":\"https:\/\/autopartscenter24.com\/wp-content\/uploads\/2023\/03\/1-6-fsi-BLF-moottori-vw-golf-octavia-2.webp\",\"datePublished\":\"2023-12-02T16:01:42+00:00\",\"dateModified\":\"2023-12-02T16:03:56+00:00\",\"description\":\"En av motorene vi ofte har tilgjengelig. Send en foresp\u00f8rsel og du vil motta et tilbud innen 24 timer. Motorer, girkasser og andre bildeler med garanti.\",\"breadcrumb\":{\"@id\":\"https:\/\/autopartscenter24.com\/auton-varaosat\/1-6-fsi-blf-moottori-vw-golf-octavia\/#breadcrumb\"},\"inLanguage\":\"nb-NO\",\"potentialAction\":[{\"@type\":\"ReadAction\",\"target\":[\"https:\/\/autopartscenter24.com\/auton-varaosat\/1-6-fsi-blf-moottori-vw-golf-octavia\/\"]}]},{\"@type\":\"ImageObject\",\"inLanguage\":\"nb-NO\",\"@id\":\"https:\/\/autopartscenter24.com\/auton-varaosat\/1-6-fsi-blf-moottori-vw-golf-octavia\/#primaryimage\",\"url\":\"https:\/\/autopartscenter24.com\/wp-content\/uploads\/2023\/03\/1-6-fsi-BLF-moottori-vw-golf-octavia-2.webp\",\"contentUrl\":\"https:\/\/autopartscenter24.com\/wp-content\/uploads\/2023\/03\/1-6-fsi-BLF-moottori-vw-golf-octavia-2.webp\",\"width\":800,\"height\":600},{\"@type\":\"BreadcrumbList\",\"@id\":\"https:\/\/autopartscenter24.com\/auton-varaosat\/1-6-fsi-blf-moottori-vw-golf-octavia\/#breadcrumb\",\"itemListElement\":[{\"@type\":\"ListItem\",\"position\":1,\"name\":\"Hjem\",\"item\":\"https:\/\/aliceblue-termite-662564.hostingersite.com\/\"},{\"@type\":\"ListItem\",\"position\":2,\"name\":\"Auton varaosat\",\"item\":\"https:\/\/aliceblue-termite-662564.hostingersite.com\/auton-varaosat\/\"},{\"@type\":\"ListItem\",\"position\":3,\"name\":\"1.6 FSI &#8221;BLF&#8221;-motor [f.eks. Golf, Octavia]\"}]},{\"@type\":\"WebSite\",\"@id\":\"https:\/\/autopartscenter24.com\/#website\",\"url\":\"https:\/\/autopartscenter24.com\/\",\"name\":\"Autopartscenter24\",\"description\":\"K\u00c4YTETYT JA KUNNOSTETUT  AUTON VARAOSAT\",\"potentialAction\":[{\"@type\":\"SearchAction\",\"target\":{\"@type\":\"EntryPoint\",\"urlTemplate\":\"https:\/\/autopartscenter24.com\/?s={search_term_string}\"},\"query-input\":{\"@type\":\"PropertyValueSpecification\",\"valueRequired\":true,\"valueName\":\"search_term_string\"}}],\"inLanguage\":\"nb-NO\"}]}<\/script>\n<!-- \/ Yoast SEO plugin. -->","yoast_head_json":{"title":"1.6 FSI \"BLF\"-motor [f.eks. Golf, Octavia] - Autopartscenter24","description":"En av motorene vi ofte har tilgjengelig. Send en foresp\u00f8rsel og du vil motta et tilbud innen 24 timer. Motorer, girkasser og andre bildeler med garanti.","robots":{"index":"index","follow":"follow","max-snippet":"max-snippet:-1","max-image-preview":"max-image-preview:large","max-video-preview":"max-video-preview:-1"},"canonical":"https:\/\/autopartscenter24.com\/no\/auton-varaosat\/1-6-fsi-blf-moottori-vw-golf-octavia\/","og_locale":"nb_NO","og_type":"article","og_title":"1.6 FSI \"BLF\"-motor [f.eks. Golf, Octavia] - Autopartscenter24","og_description":"En av motorene vi ofte har tilgjengelig. Send en foresp\u00f8rsel og du vil motta et tilbud innen 24 timer. Motorer, girkasser og andre bildeler med garanti.","og_url":"https:\/\/autopartscenter24.com\/no\/auton-varaosat\/1-6-fsi-blf-moottori-vw-golf-octavia\/","og_site_name":"Autopartscenter24","article_modified_time":"2023-12-02T16:03:56+00:00","og_image":[{"width":800,"height":600,"url":"https:\/\/autopartscenter24.com\/wp-content\/uploads\/2023\/03\/1-6-fsi-BLF-moottori-vw-golf-octavia-2.webp","type":"image\/webp"}],"twitter_card":"summary_large_image","twitter_misc":{"Ansl. lesetid":"1 minutt"},"schema":{"@context":"https:\/\/schema.org","@graph":[{"@type":"WebPage","@id":"https:\/\/autopartscenter24.com\/auton-varaosat\/1-6-fsi-blf-moottori-vw-golf-octavia\/","url":"https:\/\/autopartscenter24.com\/auton-varaosat\/1-6-fsi-blf-moottori-vw-golf-octavia\/","name":"1.6 FSI \"BLF\"-motor [f.eks. Golf, Octavia] - Autopartscenter24","isPartOf":{"@id":"https:\/\/autopartscenter24.com\/#website"},"primaryImageOfPage":{"@id":"https:\/\/autopartscenter24.com\/auton-varaosat\/1-6-fsi-blf-moottori-vw-golf-octavia\/#primaryimage"},"image":{"@id":"https:\/\/autopartscenter24.com\/auton-varaosat\/1-6-fsi-blf-moottori-vw-golf-octavia\/#primaryimage"},"thumbnailUrl":"https:\/\/autopartscenter24.com\/wp-content\/uploads\/2023\/03\/1-6-fsi-BLF-moottori-vw-golf-octavia-2.webp","datePublished":"2023-12-02T16:01:42+00:00","dateModified":"2023-12-02T16:03:56+00:00","description":"En av motorene vi ofte har tilgjengelig. Send en foresp\u00f8rsel og du vil motta et tilbud innen 24 timer. Motorer, girkasser og andre bildeler med garanti.","breadcrumb":{"@id":"https:\/\/autopartscenter24.com\/auton-varaosat\/1-6-fsi-blf-moottori-vw-golf-octavia\/#breadcrumb"},"inLanguage":"nb-NO","potentialAction":[{"@type":"ReadAction","target":["https:\/\/autopartscenter24.com\/auton-varaosat\/1-6-fsi-blf-moottori-vw-golf-octavia\/"]}]},{"@type":"ImageObject","inLanguage":"nb-NO","@id":"https:\/\/autopartscenter24.com\/auton-varaosat\/1-6-fsi-blf-moottori-vw-golf-octavia\/#primaryimage","url":"https:\/\/autopartscenter24.com\/wp-content\/uploads\/2023\/03\/1-6-fsi-BLF-moottori-vw-golf-octavia-2.webp","contentUrl":"https:\/\/autopartscenter24.com\/wp-content\/uploads\/2023\/03\/1-6-fsi-BLF-moottori-vw-golf-octavia-2.webp","width":800,"height":600},{"@type":"BreadcrumbList","@id":"https:\/\/autopartscenter24.com\/auton-varaosat\/1-6-fsi-blf-moottori-vw-golf-octavia\/#breadcrumb","itemListElement":[{"@type":"ListItem","position":1,"name":"Hjem","item":"https:\/\/aliceblue-termite-662564.hostingersite.com\/"},{"@type":"ListItem","position":2,"name":"Auton varaosat","item":"https:\/\/aliceblue-termite-662564.hostingersite.com\/auton-varaosat\/"},{"@type":"ListItem","position":3,"name":"1.6 FSI &#8221;BLF&#8221;-motor [f.eks. Golf, Octavia]"}]},{"@type":"WebSite","@id":"https:\/\/autopartscenter24.com\/#website","url":"https:\/\/autopartscenter24.com\/","name":"Autopartscenter24","description":"K\u00c4YTETYT JA KUNNOSTETUT  AUTON VARAOSAT","potentialAction":[{"@type":"SearchAction","target":{"@type":"EntryPoint","urlTemplate":"https:\/\/autopartscenter24.com\/?s={search_term_string}"},"query-input":{"@type":"PropertyValueSpecification","valueRequired":true,"valueName":"search_term_string"}}],"inLanguage":"nb-NO"}]}},"_links":{"self":[{"href":"https:\/\/autopartscenter24.com\/no\/wp-json\/wp\/v2\/product\/5752","targetHints":{"allow":["GET"]}}],"collection":[{"href":"https:\/\/autopartscenter24.com\/no\/wp-json\/wp\/v2\/product"}],"about":[{"href":"https:\/\/autopartscenter24.com\/no\/wp-json\/wp\/v2\/types\/product"}],"wp:featuredmedia":[{"embeddable":true,"href":"https:\/\/autopartscenter24.com\/no\/wp-json\/wp\/v2\/media\/4610"}],"wp:attachment":[{"href":"https:\/\/autopartscenter24.com\/no\/wp-json\/wp\/v2\/media?parent=5752"}],"wp:term":[{"taxonomy":"product_brand","embeddable":true,"href":"https:\/\/autopartscenter24.com\/no\/wp-json\/wp\/v2\/product_brand?post=5752"},{"taxonomy":"product_cat","embeddable":true,"href":"https:\/\/autopartscenter24.com\/no\/wp-json\/wp\/v2\/product_cat?post=5752"},{"taxonomy":"product_tag","embeddable":true,"href":"https:\/\/autopartscenter24.com\/no\/wp-json\/wp\/v2\/product_tag?post=5752"}],"curies":[{"name":"wp","href":"https:\/\/api.w.org\/{rel}","templated":true}]}}