{"id":5751,"date":"2023-03-05T19:37:21","date_gmt":"2023-12-02T13:16:08","guid":{"rendered":"https:\/\/autopartscenter24.com\/product\/1-6-css-cssa-motor-f-eks-golf-octavia-leon\/"},"modified":"2023-12-02T14:16:08","modified_gmt":"2023-12-02T13:16:08","slug":"1-6-css-cssa-motor-f-eks-golf-octavia-leon","status":"publish","type":"product","link":"https:\/\/autopartscenter24.com\/no\/auton-varaosat\/1-6-css-cssa-motor-f-eks-golf-octavia-leon\/","title":{"rendered":"1.6 &laquo;CSS\/CSSA&raquo;-motor [f.eks. Golf, Octavia, Leon]"},"content":{"rendered":"<p>Volkswagen er en av de st\u00f8rste bilprodusentene i verden, og deres 1,6 liters motor <strong>(motorkode CSS \/ CSSA)<\/strong> er en av de mest popul\u00e6re. Denne motoren har f\u00e5tt et rykte for sin gode drivstoff\u00f8konomi, men det er ikke det eneste gode med den.<\/p>\n<p>Motoren er en firesylindret og finnes i b\u00e5de bensin- og dieselversjon. Sylinderhodet har en dobbel kamaksel som styrer driften av ventilene. St\u00f8rrelsen og effektiviteten p\u00e5 motoren varierer i ulike bilmodeller, men den yter vanligvis rundt 100-120 hestekrefter.<\/p>\n<p>Holdbarhet og p\u00e5litelighet er tatt i betraktning i utformingen av <strong>Volkswagens CSS \/ CSSA-motor<\/strong>. Det er mange avanserte teknologier inne i motoren, for eksempel direkte drivstoffinnspr\u00f8ytning, som bidrar til \u00e5 forbedre drivstoff\u00f8konomien og redusere utslipp. Lette materialer som aluminium har ogs\u00e5 blitt brukt i utformingen av motoren, noe som bidrar til \u00e5 redusere vekten og forbedrer bilens kj\u00f8reegenskaper.<\/p>\n<p>Vedlikehold av motoren er relativt enkelt, og n\u00f8dvendige vedlikeholdsprosedyrer kan utf\u00f8res p\u00e5 den i de fleste verksteder. Motorolje m\u00e5 skiftes regelmessig, og filtre m\u00e5 skiftes etter behov.<\/p>\n<p>Disse bilene er veldig popul\u00e6re rundt om i verden og tusenvis har blitt produsert opp gjennom \u00e5rene. CSS \/ CSSA-motoren er en av deres mest popul\u00e6re motoralternativer p\u00e5 grunn av drivstoff\u00f8konomien og p\u00e5liteligheten.<\/p>\n<p>Alt i alt er Volkswagen CSS \/ CSSA-motoren et sv\u00e6rt holdbart og p\u00e5litelig alternativ i mange forskjellige Volkswagen bilmodeller. Det er en godt designet motor som bruker avansert teknologi for \u00e5 gj\u00f8re den drivstoffeffektiv og milj\u00f8vennlig.<\/p>\n","protected":false},"excerpt":{"rendered":"<p>CSS \/ CSSA-motoren brukes i flere Volkswagen bilmodeller i forskjellige \u00e5r. Her er noen n\u00f8kkelmodeller som har denne motoren:<\/p>\n<ul>\n<li>Volkswagen Golf<\/li>\n<li>Volkswagen Jetta<\/li>\n<li>Volkswagen Passat<\/li>\n<li>Volkswagen Touran<\/li>\n<li>Volkswagen Tiguan<\/li>\n<\/ul>\n","protected":false},"featured_media":4615,"template":"","meta":[],"product_brand":[],"product_cat":[487,486,485],"product_tag":[489,871,491,915,492],"class_list":{"0":"post-5751","1":"product","2":"type-product","3":"status-publish","4":"has-post-thumbnail","6":"product_cat-seat-no","7":"product_cat-skoda-no","8":"product_cat-vw-no","9":"product_tag-golf-no","10":"product_tag-jetta-no","11":"product_tag-passat-no","12":"product_tag-tiguan-no","13":"product_tag-touran-no","14":"pa_varaosan-osasto-motor-no","17":"first","18":"instock","19":"shipping-taxable","20":"product-type-simple"},"yoast_head":"<!-- This site is optimized with the Yoast SEO plugin v26.8 - https:\/\/yoast.com\/product\/yoast-seo-wordpress\/ -->\n<title>1.6 &quot;CSS\/CSSA&quot;-motor [f.eks. Golf, Octavia, Leon]<\/title>\n<meta name=\"description\" content=\"En av motorene vi ofte har tilgjengelig. Send en foresp\u00f8rsel og du vil motta et tilbud innen 24 timer. Motorer, girkasser og andre bildeler med garanti.\" \/>\n<meta name=\"robots\" content=\"index, follow, max-snippet:-1, max-image-preview:large, max-video-preview:-1\" \/>\n<link rel=\"canonical\" href=\"https:\/\/autopartscenter24.com\/no\/auton-varaosat\/1-6-ccs-cssa-moottori-golf-octavia-leon\/\" \/>\n<meta property=\"og:locale\" content=\"nb_NO\" \/>\n<meta property=\"og:type\" content=\"article\" \/>\n<meta property=\"og:title\" content=\"1.6 &quot;CSS\/CSSA&quot;-motor [f.eks. Golf, Octavia, Leon]\" \/>\n<meta property=\"og:description\" content=\"En av motorene vi ofte har tilgjengelig. Send en foresp\u00f8rsel og du vil motta et tilbud innen 24 timer. Motorer, girkasser og andre bildeler med garanti.\" \/>\n<meta property=\"og:url\" content=\"https:\/\/autopartscenter24.com\/no\/auton-varaosat\/1-6-ccs-cssa-moottori-golf-octavia-leon\/\" \/>\n<meta property=\"og:site_name\" content=\"Autopartscenter24\" \/>\n<meta property=\"og:image\" content=\"https:\/\/autopartscenter24.com\/wp-content\/uploads\/2023\/03\/1-6-CCS-CSSA-moottori-golf-octavia-leon.webp\" \/>\n\t<meta property=\"og:image:width\" content=\"800\" \/>\n\t<meta property=\"og:image:height\" content=\"600\" \/>\n\t<meta property=\"og:image:type\" content=\"image\/webp\" \/>\n<meta name=\"twitter:card\" content=\"summary_large_image\" \/>\n<meta name=\"twitter:label1\" content=\"Ansl. lesetid\" \/>\n\t<meta name=\"twitter:data1\" content=\"1 minutt\" \/>\n<script type=\"application\/ld+json\" class=\"yoast-schema-graph\">{\"@context\":\"https:\/\/schema.org\",\"@graph\":[{\"@type\":\"WebPage\",\"@id\":\"https:\/\/autopartscenter24.com\/auton-varaosat\/1-6-ccs-cssa-moottori-golf-octavia-leon\/\",\"url\":\"https:\/\/autopartscenter24.com\/auton-varaosat\/1-6-ccs-cssa-moottori-golf-octavia-leon\/\",\"name\":\"1.6 \\\"CSS\/CSSA\\\"-motor [f.eks. Golf, Octavia, Leon]\",\"isPartOf\":{\"@id\":\"https:\/\/autopartscenter24.com\/#website\"},\"primaryImageOfPage\":{\"@id\":\"https:\/\/autopartscenter24.com\/auton-varaosat\/1-6-ccs-cssa-moottori-golf-octavia-leon\/#primaryimage\"},\"image\":{\"@id\":\"https:\/\/autopartscenter24.com\/auton-varaosat\/1-6-ccs-cssa-moottori-golf-octavia-leon\/#primaryimage\"},\"thumbnailUrl\":\"https:\/\/autopartscenter24.com\/wp-content\/uploads\/2023\/03\/1-6-CCS-CSSA-moottori-golf-octavia-leon.webp\",\"datePublished\":\"2023-12-02T13:16:08+00:00\",\"description\":\"En av motorene vi ofte har tilgjengelig. Send en foresp\u00f8rsel og du vil motta et tilbud innen 24 timer. Motorer, girkasser og andre bildeler med garanti.\",\"breadcrumb\":{\"@id\":\"https:\/\/autopartscenter24.com\/auton-varaosat\/1-6-ccs-cssa-moottori-golf-octavia-leon\/#breadcrumb\"},\"inLanguage\":\"nb-NO\",\"potentialAction\":[{\"@type\":\"ReadAction\",\"target\":[\"https:\/\/autopartscenter24.com\/auton-varaosat\/1-6-ccs-cssa-moottori-golf-octavia-leon\/\"]}]},{\"@type\":\"ImageObject\",\"inLanguage\":\"nb-NO\",\"@id\":\"https:\/\/autopartscenter24.com\/auton-varaosat\/1-6-ccs-cssa-moottori-golf-octavia-leon\/#primaryimage\",\"url\":\"https:\/\/autopartscenter24.com\/wp-content\/uploads\/2023\/03\/1-6-CCS-CSSA-moottori-golf-octavia-leon.webp\",\"contentUrl\":\"https:\/\/autopartscenter24.com\/wp-content\/uploads\/2023\/03\/1-6-CCS-CSSA-moottori-golf-octavia-leon.webp\",\"width\":800,\"height\":600},{\"@type\":\"BreadcrumbList\",\"@id\":\"https:\/\/autopartscenter24.com\/auton-varaosat\/1-6-ccs-cssa-moottori-golf-octavia-leon\/#breadcrumb\",\"itemListElement\":[{\"@type\":\"ListItem\",\"position\":1,\"name\":\"Hjem\",\"item\":\"https:\/\/aliceblue-termite-662564.hostingersite.com\/\"},{\"@type\":\"ListItem\",\"position\":2,\"name\":\"Auton varaosat\",\"item\":\"https:\/\/aliceblue-termite-662564.hostingersite.com\/auton-varaosat\/\"},{\"@type\":\"ListItem\",\"position\":3,\"name\":\"1.6 &#8221;CSS\/CSSA&#8221;-motor [f.eks. Golf, Octavia, Leon]\"}]},{\"@type\":\"WebSite\",\"@id\":\"https:\/\/autopartscenter24.com\/#website\",\"url\":\"https:\/\/autopartscenter24.com\/\",\"name\":\"Autopartscenter24\",\"description\":\"K\u00c4YTETYT JA KUNNOSTETUT  AUTON VARAOSAT\",\"potentialAction\":[{\"@type\":\"SearchAction\",\"target\":{\"@type\":\"EntryPoint\",\"urlTemplate\":\"https:\/\/autopartscenter24.com\/?s={search_term_string}\"},\"query-input\":{\"@type\":\"PropertyValueSpecification\",\"valueRequired\":true,\"valueName\":\"search_term_string\"}}],\"inLanguage\":\"nb-NO\"}]}<\/script>\n<!-- \/ Yoast SEO plugin. -->","yoast_head_json":{"title":"1.6 \"CSS\/CSSA\"-motor [f.eks. Golf, Octavia, Leon]","description":"En av motorene vi ofte har tilgjengelig. Send en foresp\u00f8rsel og du vil motta et tilbud innen 24 timer. Motorer, girkasser og andre bildeler med garanti.","robots":{"index":"index","follow":"follow","max-snippet":"max-snippet:-1","max-image-preview":"max-image-preview:large","max-video-preview":"max-video-preview:-1"},"canonical":"https:\/\/autopartscenter24.com\/no\/auton-varaosat\/1-6-ccs-cssa-moottori-golf-octavia-leon\/","og_locale":"nb_NO","og_type":"article","og_title":"1.6 \"CSS\/CSSA\"-motor [f.eks. Golf, Octavia, Leon]","og_description":"En av motorene vi ofte har tilgjengelig. Send en foresp\u00f8rsel og du vil motta et tilbud innen 24 timer. Motorer, girkasser og andre bildeler med garanti.","og_url":"https:\/\/autopartscenter24.com\/no\/auton-varaosat\/1-6-ccs-cssa-moottori-golf-octavia-leon\/","og_site_name":"Autopartscenter24","og_image":[{"width":800,"height":600,"url":"https:\/\/autopartscenter24.com\/wp-content\/uploads\/2023\/03\/1-6-CCS-CSSA-moottori-golf-octavia-leon.webp","type":"image\/webp"}],"twitter_card":"summary_large_image","twitter_misc":{"Ansl. lesetid":"1 minutt"},"schema":{"@context":"https:\/\/schema.org","@graph":[{"@type":"WebPage","@id":"https:\/\/autopartscenter24.com\/auton-varaosat\/1-6-ccs-cssa-moottori-golf-octavia-leon\/","url":"https:\/\/autopartscenter24.com\/auton-varaosat\/1-6-ccs-cssa-moottori-golf-octavia-leon\/","name":"1.6 \"CSS\/CSSA\"-motor [f.eks. Golf, Octavia, Leon]","isPartOf":{"@id":"https:\/\/autopartscenter24.com\/#website"},"primaryImageOfPage":{"@id":"https:\/\/autopartscenter24.com\/auton-varaosat\/1-6-ccs-cssa-moottori-golf-octavia-leon\/#primaryimage"},"image":{"@id":"https:\/\/autopartscenter24.com\/auton-varaosat\/1-6-ccs-cssa-moottori-golf-octavia-leon\/#primaryimage"},"thumbnailUrl":"https:\/\/autopartscenter24.com\/wp-content\/uploads\/2023\/03\/1-6-CCS-CSSA-moottori-golf-octavia-leon.webp","datePublished":"2023-12-02T13:16:08+00:00","description":"En av motorene vi ofte har tilgjengelig. Send en foresp\u00f8rsel og du vil motta et tilbud innen 24 timer. Motorer, girkasser og andre bildeler med garanti.","breadcrumb":{"@id":"https:\/\/autopartscenter24.com\/auton-varaosat\/1-6-ccs-cssa-moottori-golf-octavia-leon\/#breadcrumb"},"inLanguage":"nb-NO","potentialAction":[{"@type":"ReadAction","target":["https:\/\/autopartscenter24.com\/auton-varaosat\/1-6-ccs-cssa-moottori-golf-octavia-leon\/"]}]},{"@type":"ImageObject","inLanguage":"nb-NO","@id":"https:\/\/autopartscenter24.com\/auton-varaosat\/1-6-ccs-cssa-moottori-golf-octavia-leon\/#primaryimage","url":"https:\/\/autopartscenter24.com\/wp-content\/uploads\/2023\/03\/1-6-CCS-CSSA-moottori-golf-octavia-leon.webp","contentUrl":"https:\/\/autopartscenter24.com\/wp-content\/uploads\/2023\/03\/1-6-CCS-CSSA-moottori-golf-octavia-leon.webp","width":800,"height":600},{"@type":"BreadcrumbList","@id":"https:\/\/autopartscenter24.com\/auton-varaosat\/1-6-ccs-cssa-moottori-golf-octavia-leon\/#breadcrumb","itemListElement":[{"@type":"ListItem","position":1,"name":"Hjem","item":"https:\/\/aliceblue-termite-662564.hostingersite.com\/"},{"@type":"ListItem","position":2,"name":"Auton varaosat","item":"https:\/\/aliceblue-termite-662564.hostingersite.com\/auton-varaosat\/"},{"@type":"ListItem","position":3,"name":"1.6 &#8221;CSS\/CSSA&#8221;-motor [f.eks. Golf, Octavia, Leon]"}]},{"@type":"WebSite","@id":"https:\/\/autopartscenter24.com\/#website","url":"https:\/\/autopartscenter24.com\/","name":"Autopartscenter24","description":"K\u00c4YTETYT JA KUNNOSTETUT  AUTON VARAOSAT","potentialAction":[{"@type":"SearchAction","target":{"@type":"EntryPoint","urlTemplate":"https:\/\/autopartscenter24.com\/?s={search_term_string}"},"query-input":{"@type":"PropertyValueSpecification","valueRequired":true,"valueName":"search_term_string"}}],"inLanguage":"nb-NO"}]}},"_links":{"self":[{"href":"https:\/\/autopartscenter24.com\/no\/wp-json\/wp\/v2\/product\/5751","targetHints":{"allow":["GET"]}}],"collection":[{"href":"https:\/\/autopartscenter24.com\/no\/wp-json\/wp\/v2\/product"}],"about":[{"href":"https:\/\/autopartscenter24.com\/no\/wp-json\/wp\/v2\/types\/product"}],"wp:featuredmedia":[{"embeddable":true,"href":"https:\/\/autopartscenter24.com\/no\/wp-json\/wp\/v2\/media\/4615"}],"wp:attachment":[{"href":"https:\/\/autopartscenter24.com\/no\/wp-json\/wp\/v2\/media?parent=5751"}],"wp:term":[{"taxonomy":"product_brand","embeddable":true,"href":"https:\/\/autopartscenter24.com\/no\/wp-json\/wp\/v2\/product_brand?post=5751"},{"taxonomy":"product_cat","embeddable":true,"href":"https:\/\/autopartscenter24.com\/no\/wp-json\/wp\/v2\/product_cat?post=5751"},{"taxonomy":"product_tag","embeddable":true,"href":"https:\/\/autopartscenter24.com\/no\/wp-json\/wp\/v2\/product_tag?post=5751"}],"curies":[{"name":"wp","href":"https:\/\/api.w.org\/{rel}","templated":true}]}}