{"id":5750,"date":"2023-03-05T19:42:03","date_gmt":"2023-12-02T13:13:51","guid":{"rendered":"https:\/\/autopartscenter24.com\/product\/3-0-tdi-den-motor-f-eks-vw-touareg-a6-a8\/"},"modified":"2023-12-02T14:13:51","modified_gmt":"2023-12-02T13:13:51","slug":"3-0-tdi-den-motor-f-eks-vw-touareg-a6-a8","status":"publish","type":"product","link":"https:\/\/autopartscenter24.com\/no\/auton-varaosat\/3-0-tdi-den-motor-f-eks-vw-touareg-a6-a8\/","title":{"rendered":"3.0 TDI &laquo;DEN&raquo; Motor [f.eks. VW Touareg, A6, A8]"},"content":{"rendered":"<p><strong>VW 3.0 TDI-motoren (motorkode DEN)<\/strong> er en V6-dieselmotor i stor st\u00f8rrelse som er spesialdesignet for transport av tung last og langdistansekj\u00f8ring. Motoren bruker et felles trykkinnspr\u00f8ytningssystem som muliggj\u00f8r presis drivstofftilf\u00f8rsel til sylindrene og optimerer motorytelsen og drivstoff\u00f8konomien. Motorens veivaksel og kamaksel er laget av slitesterkt st\u00e5l og sylinderr\u00f8rene er belagt med nikkel, noe som gir motoren lang levetid.<\/p>\n<p>Den maksimale effekten til VW 3.0 TDI-motoren er 204 hk og dreiemomentet er opptil 450 Nm. Motoren er utstyrt med turbolader og avkj\u00f8lt intercooler, noe som \u00f8ker motorytelsen og drivstoff\u00f8konomien. Motoren har ogs\u00e5 flertrinns inntaks- og eksossystemer som forbedrer motorens pust og optimerer kraftegenskapene.<\/p>\n<p>DEN-motoren er ogs\u00e5 veldig stilleg\u00e5ende og vibrasjonsfri, noe som forbedrer reisekomforten. Imidlertid kan st\u00f8rrelsen og vekten p\u00e5 motoren v\u00e6re en barriere i enkelte kj\u00f8ret\u00f8yapplikasjoner.<\/p>\n<p>Disse bilene er alle store og tunge kj\u00f8ret\u00f8y som trenger en kraftig motor. DEN-motoren har vist seg \u00e5 v\u00e6re en sv\u00e6rt p\u00e5litelig og holdbar motor som er perfekt egnet for disse krevende bruksomr\u00e5dene. Den tilbyr utmerket ytelse og drivstoff\u00f8konomi, samt stilleg\u00e5ende og vibrasjonsfri drift, noe som gj\u00f8r den til et sv\u00e6rt popul\u00e6rt valg for tungtransport og langdistansekj\u00f8ring.<\/p>\n","protected":false},"excerpt":{"rendered":"<p>VW 3.0 TDI-motoren (DEN) har blitt brukt i flere forskjellige bilmodeller, hvorav de viktigste er:<\/p>\n<ul>\n<li>Volkswagen Touareg<\/li>\n<li>Audi Q7<\/li>\n<li>Audi A4<\/li>\n<li>Audi A6<\/li>\n<li>Audi A8<\/li>\n<li>Porsche Cayenne<\/li>\n<\/ul>\n","protected":false},"featured_media":4620,"template":"","meta":[],"product_brand":[],"product_cat":[484,616,485],"product_tag":[810,811,839,917],"class_list":{"0":"post-5750","1":"product","2":"type-product","3":"status-publish","4":"has-post-thumbnail","6":"product_cat-audi-no","7":"product_cat-porsche-no","8":"product_cat-vw-no","9":"product_tag-a6-no","10":"product_tag-a8-no","11":"product_tag-cayenne-no","12":"product_tag-touareg-no","13":"pa_varaosan-osasto-motor-no","16":"first","17":"instock","18":"shipping-taxable","19":"product-type-simple"},"yoast_head":"<!-- This site is optimized with the Yoast SEO plugin v26.8 - https:\/\/yoast.com\/product\/yoast-seo-wordpress\/ -->\n<title>3.0 TDI &quot;DEN&quot; Motor [f.eks. VW Touareg, A6, A8]<\/title>\n<meta name=\"description\" content=\"En av motorene vi ofte har tilgjengelig. Send en foresp\u00f8rsel og du vil motta et tilbud innen 24 timer. Motorer, girkasser og andre bildeler med garanti.\" \/>\n<meta name=\"robots\" content=\"index, follow, max-snippet:-1, max-image-preview:large, max-video-preview:-1\" \/>\n<link rel=\"canonical\" href=\"https:\/\/autopartscenter24.com\/no\/auton-varaosat\/3-0-tdi-den-moottori-vw-touareg-cr7\/\" \/>\n<meta property=\"og:locale\" content=\"nb_NO\" \/>\n<meta property=\"og:type\" content=\"article\" \/>\n<meta property=\"og:title\" content=\"3.0 TDI &quot;DEN&quot; Motor [f.eks. VW Touareg, A6, A8]\" \/>\n<meta property=\"og:description\" content=\"En av motorene vi ofte har tilgjengelig. Send en foresp\u00f8rsel og du vil motta et tilbud innen 24 timer. Motorer, girkasser og andre bildeler med garanti.\" \/>\n<meta property=\"og:url\" content=\"https:\/\/autopartscenter24.com\/no\/auton-varaosat\/3-0-tdi-den-moottori-vw-touareg-cr7\/\" \/>\n<meta property=\"og:site_name\" content=\"Autopartscenter24\" \/>\n<meta property=\"og:image\" content=\"https:\/\/autopartscenter24.com\/wp-content\/uploads\/2023\/03\/3-0-tdi-DEN-moottori-vw-touareg-cr7.webp\" \/>\n\t<meta property=\"og:image:width\" content=\"800\" \/>\n\t<meta property=\"og:image:height\" content=\"600\" \/>\n\t<meta property=\"og:image:type\" content=\"image\/webp\" \/>\n<meta name=\"twitter:card\" content=\"summary_large_image\" \/>\n<meta name=\"twitter:label1\" content=\"Ansl. lesetid\" \/>\n\t<meta name=\"twitter:data1\" content=\"1 minutt\" \/>\n<script type=\"application\/ld+json\" class=\"yoast-schema-graph\">{\"@context\":\"https:\/\/schema.org\",\"@graph\":[{\"@type\":\"WebPage\",\"@id\":\"https:\/\/autopartscenter24.com\/auton-varaosat\/3-0-tdi-den-moottori-vw-touareg-cr7\/\",\"url\":\"https:\/\/autopartscenter24.com\/auton-varaosat\/3-0-tdi-den-moottori-vw-touareg-cr7\/\",\"name\":\"3.0 TDI \\\"DEN\\\" Motor [f.eks. VW Touareg, A6, A8]\",\"isPartOf\":{\"@id\":\"https:\/\/autopartscenter24.com\/#website\"},\"primaryImageOfPage\":{\"@id\":\"https:\/\/autopartscenter24.com\/auton-varaosat\/3-0-tdi-den-moottori-vw-touareg-cr7\/#primaryimage\"},\"image\":{\"@id\":\"https:\/\/autopartscenter24.com\/auton-varaosat\/3-0-tdi-den-moottori-vw-touareg-cr7\/#primaryimage\"},\"thumbnailUrl\":\"https:\/\/autopartscenter24.com\/wp-content\/uploads\/2023\/03\/3-0-tdi-DEN-moottori-vw-touareg-cr7.webp\",\"datePublished\":\"2023-12-02T13:13:51+00:00\",\"description\":\"En av motorene vi ofte har tilgjengelig. Send en foresp\u00f8rsel og du vil motta et tilbud innen 24 timer. Motorer, girkasser og andre bildeler med garanti.\",\"breadcrumb\":{\"@id\":\"https:\/\/autopartscenter24.com\/auton-varaosat\/3-0-tdi-den-moottori-vw-touareg-cr7\/#breadcrumb\"},\"inLanguage\":\"nb-NO\",\"potentialAction\":[{\"@type\":\"ReadAction\",\"target\":[\"https:\/\/autopartscenter24.com\/auton-varaosat\/3-0-tdi-den-moottori-vw-touareg-cr7\/\"]}]},{\"@type\":\"ImageObject\",\"inLanguage\":\"nb-NO\",\"@id\":\"https:\/\/autopartscenter24.com\/auton-varaosat\/3-0-tdi-den-moottori-vw-touareg-cr7\/#primaryimage\",\"url\":\"https:\/\/autopartscenter24.com\/wp-content\/uploads\/2023\/03\/3-0-tdi-DEN-moottori-vw-touareg-cr7.webp\",\"contentUrl\":\"https:\/\/autopartscenter24.com\/wp-content\/uploads\/2023\/03\/3-0-tdi-DEN-moottori-vw-touareg-cr7.webp\",\"width\":800,\"height\":600},{\"@type\":\"BreadcrumbList\",\"@id\":\"https:\/\/autopartscenter24.com\/auton-varaosat\/3-0-tdi-den-moottori-vw-touareg-cr7\/#breadcrumb\",\"itemListElement\":[{\"@type\":\"ListItem\",\"position\":1,\"name\":\"Hjem\",\"item\":\"https:\/\/aliceblue-termite-662564.hostingersite.com\/\"},{\"@type\":\"ListItem\",\"position\":2,\"name\":\"Auton varaosat\",\"item\":\"https:\/\/aliceblue-termite-662564.hostingersite.com\/auton-varaosat\/\"},{\"@type\":\"ListItem\",\"position\":3,\"name\":\"3.0 TDI &#8221;DEN&#8221; Motor [f.eks. VW Touareg, A6, A8]\"}]},{\"@type\":\"WebSite\",\"@id\":\"https:\/\/autopartscenter24.com\/#website\",\"url\":\"https:\/\/autopartscenter24.com\/\",\"name\":\"Autopartscenter24\",\"description\":\"K\u00c4YTETYT JA KUNNOSTETUT  AUTON VARAOSAT\",\"potentialAction\":[{\"@type\":\"SearchAction\",\"target\":{\"@type\":\"EntryPoint\",\"urlTemplate\":\"https:\/\/autopartscenter24.com\/?s={search_term_string}\"},\"query-input\":{\"@type\":\"PropertyValueSpecification\",\"valueRequired\":true,\"valueName\":\"search_term_string\"}}],\"inLanguage\":\"nb-NO\"}]}<\/script>\n<!-- \/ Yoast SEO plugin. -->","yoast_head_json":{"title":"3.0 TDI \"DEN\" Motor [f.eks. VW Touareg, A6, A8]","description":"En av motorene vi ofte har tilgjengelig. Send en foresp\u00f8rsel og du vil motta et tilbud innen 24 timer. Motorer, girkasser og andre bildeler med garanti.","robots":{"index":"index","follow":"follow","max-snippet":"max-snippet:-1","max-image-preview":"max-image-preview:large","max-video-preview":"max-video-preview:-1"},"canonical":"https:\/\/autopartscenter24.com\/no\/auton-varaosat\/3-0-tdi-den-moottori-vw-touareg-cr7\/","og_locale":"nb_NO","og_type":"article","og_title":"3.0 TDI \"DEN\" Motor [f.eks. VW Touareg, A6, A8]","og_description":"En av motorene vi ofte har tilgjengelig. Send en foresp\u00f8rsel og du vil motta et tilbud innen 24 timer. Motorer, girkasser og andre bildeler med garanti.","og_url":"https:\/\/autopartscenter24.com\/no\/auton-varaosat\/3-0-tdi-den-moottori-vw-touareg-cr7\/","og_site_name":"Autopartscenter24","og_image":[{"width":800,"height":600,"url":"https:\/\/autopartscenter24.com\/wp-content\/uploads\/2023\/03\/3-0-tdi-DEN-moottori-vw-touareg-cr7.webp","type":"image\/webp"}],"twitter_card":"summary_large_image","twitter_misc":{"Ansl. lesetid":"1 minutt"},"schema":{"@context":"https:\/\/schema.org","@graph":[{"@type":"WebPage","@id":"https:\/\/autopartscenter24.com\/auton-varaosat\/3-0-tdi-den-moottori-vw-touareg-cr7\/","url":"https:\/\/autopartscenter24.com\/auton-varaosat\/3-0-tdi-den-moottori-vw-touareg-cr7\/","name":"3.0 TDI \"DEN\" Motor [f.eks. VW Touareg, A6, A8]","isPartOf":{"@id":"https:\/\/autopartscenter24.com\/#website"},"primaryImageOfPage":{"@id":"https:\/\/autopartscenter24.com\/auton-varaosat\/3-0-tdi-den-moottori-vw-touareg-cr7\/#primaryimage"},"image":{"@id":"https:\/\/autopartscenter24.com\/auton-varaosat\/3-0-tdi-den-moottori-vw-touareg-cr7\/#primaryimage"},"thumbnailUrl":"https:\/\/autopartscenter24.com\/wp-content\/uploads\/2023\/03\/3-0-tdi-DEN-moottori-vw-touareg-cr7.webp","datePublished":"2023-12-02T13:13:51+00:00","description":"En av motorene vi ofte har tilgjengelig. Send en foresp\u00f8rsel og du vil motta et tilbud innen 24 timer. Motorer, girkasser og andre bildeler med garanti.","breadcrumb":{"@id":"https:\/\/autopartscenter24.com\/auton-varaosat\/3-0-tdi-den-moottori-vw-touareg-cr7\/#breadcrumb"},"inLanguage":"nb-NO","potentialAction":[{"@type":"ReadAction","target":["https:\/\/autopartscenter24.com\/auton-varaosat\/3-0-tdi-den-moottori-vw-touareg-cr7\/"]}]},{"@type":"ImageObject","inLanguage":"nb-NO","@id":"https:\/\/autopartscenter24.com\/auton-varaosat\/3-0-tdi-den-moottori-vw-touareg-cr7\/#primaryimage","url":"https:\/\/autopartscenter24.com\/wp-content\/uploads\/2023\/03\/3-0-tdi-DEN-moottori-vw-touareg-cr7.webp","contentUrl":"https:\/\/autopartscenter24.com\/wp-content\/uploads\/2023\/03\/3-0-tdi-DEN-moottori-vw-touareg-cr7.webp","width":800,"height":600},{"@type":"BreadcrumbList","@id":"https:\/\/autopartscenter24.com\/auton-varaosat\/3-0-tdi-den-moottori-vw-touareg-cr7\/#breadcrumb","itemListElement":[{"@type":"ListItem","position":1,"name":"Hjem","item":"https:\/\/aliceblue-termite-662564.hostingersite.com\/"},{"@type":"ListItem","position":2,"name":"Auton varaosat","item":"https:\/\/aliceblue-termite-662564.hostingersite.com\/auton-varaosat\/"},{"@type":"ListItem","position":3,"name":"3.0 TDI &#8221;DEN&#8221; Motor [f.eks. VW Touareg, A6, A8]"}]},{"@type":"WebSite","@id":"https:\/\/autopartscenter24.com\/#website","url":"https:\/\/autopartscenter24.com\/","name":"Autopartscenter24","description":"K\u00c4YTETYT JA KUNNOSTETUT  AUTON VARAOSAT","potentialAction":[{"@type":"SearchAction","target":{"@type":"EntryPoint","urlTemplate":"https:\/\/autopartscenter24.com\/?s={search_term_string}"},"query-input":{"@type":"PropertyValueSpecification","valueRequired":true,"valueName":"search_term_string"}}],"inLanguage":"nb-NO"}]}},"_links":{"self":[{"href":"https:\/\/autopartscenter24.com\/no\/wp-json\/wp\/v2\/product\/5750","targetHints":{"allow":["GET"]}}],"collection":[{"href":"https:\/\/autopartscenter24.com\/no\/wp-json\/wp\/v2\/product"}],"about":[{"href":"https:\/\/autopartscenter24.com\/no\/wp-json\/wp\/v2\/types\/product"}],"wp:featuredmedia":[{"embeddable":true,"href":"https:\/\/autopartscenter24.com\/no\/wp-json\/wp\/v2\/media\/4620"}],"wp:attachment":[{"href":"https:\/\/autopartscenter24.com\/no\/wp-json\/wp\/v2\/media?parent=5750"}],"wp:term":[{"taxonomy":"product_brand","embeddable":true,"href":"https:\/\/autopartscenter24.com\/no\/wp-json\/wp\/v2\/product_brand?post=5750"},{"taxonomy":"product_cat","embeddable":true,"href":"https:\/\/autopartscenter24.com\/no\/wp-json\/wp\/v2\/product_cat?post=5750"},{"taxonomy":"product_tag","embeddable":true,"href":"https:\/\/autopartscenter24.com\/no\/wp-json\/wp\/v2\/product_tag?post=5750"}],"curies":[{"name":"wp","href":"https:\/\/api.w.org\/{rel}","templated":true}]}}