{"id":5749,"date":"2023-03-05T19:45:54","date_gmt":"2023-12-02T13:12:19","guid":{"rendered":"https:\/\/autopartscenter24.com\/product\/1-8-2zr-fae-motor-f-eks-toyota-corolla-auris\/"},"modified":"2023-12-02T14:12:19","modified_gmt":"2023-12-02T13:12:19","slug":"1-8-2zr-fae-motor-f-eks-toyota-corolla-auris","status":"publish","type":"product","link":"https:\/\/autopartscenter24.com\/no\/auton-varaosat\/1-8-2zr-fae-motor-f-eks-toyota-corolla-auris\/","title":{"rendered":"1.8 &laquo;2ZR-FAE&raquo; motor [f.eks. Toyota Corolla, Auris]"},"content":{"rendered":"<p><strong>Toyota 1.8 (motorkode: 2ZR-FAE)<\/strong> er en sv\u00e6rt popul\u00e6r motormodell som brukes i mange forskjellige Toyota bilmodeller. Navnet p\u00e5 motoren kommer fra volumet (1,8 liter) og flerpunktsinjeksjonen (FAE). Denne firesylindrede motoren er designet for \u00e5 gi optimal ytelse og \u00f8konomi.<\/p>\n<p>Monteringen av motoren er sv\u00e6rt n\u00f8ye utformet slik at den fungerer s\u00e5 effektivt som mulig og reduserer friksjonen. Motorrammen er laget av en lett og sterk aluminiumslegering, som reduserer totalvekten og forbedrer drivstoff\u00f8konomien. Inne i motoren er det ogs\u00e5 slitesterke og lette stempler laget av h\u00f8ykvalitets aluminiumslegering.<\/p>\n<p>Motoren har ogs\u00e5 Toyota Dual VVT-i teknologi, som muliggj\u00f8r full kontroll over sylindrene. Denne teknologien gir bedre dreiemoment, akselerasjon og kraft, samtidig som den forbedrer drivstoff\u00f8konomien og reduserer utslipp. Motorens veivaksel er ogs\u00e5 designet for \u00e5 redusere friksjon og forbedre effektiviteten.<\/p>\n<p>I disse bilene gir Toyota 1.8-motoren optimal ytelse og \u00f8konomi, noe som er en av hoved\u00e5rsakene til populariteten. Denne motoren er ogs\u00e5 p\u00e5litelig og slitesterk, noe som gj\u00f8r den til et attraktivt valg for mange bilister.<\/p>\n<p>Totalt sett er Toyota 1.8 (motorkode: 2ZR-FAE) en utmerket motor som tilbyr utmerket ytelse og \u00f8konomi. Dens lette konstruksjon og holdbarhet gj\u00f8r den til et p\u00e5litelig valg for mange bilister som leter etter en kvalitetsmotor. I tillegg viser bruken i flere forskjellige Toyota-bilmodeller dens allsidighet og popularitet.<\/p>\n","protected":false},"excerpt":{"rendered":"<p>Toyota 1.8 (motorkode: 2ZR-FAE) er en veldig popul\u00e6r motor som brukes i flere Toyota bilmodeller. Denne motoren finnes for eksempel i f\u00f8lgende bilmodeller:<\/p>\n<ul>\n<li>Toyota Corolla<\/li>\n<li>Toyota Auris<\/li>\n<li>Toyota RAV4<\/li>\n<li>Toyota Prius<\/li>\n<li>Toyota C-HR<\/li>\n<\/ul>\n","protected":false},"featured_media":4625,"template":"","meta":[],"product_brand":[],"product_cat":[636],"product_tag":[816,819],"class_list":{"0":"post-5749","1":"product","2":"type-product","3":"status-publish","4":"has-post-thumbnail","6":"product_cat-toyota-no","7":"product_tag-auris-no","8":"product_tag-avensis-no","9":"pa_varaosan-osasto-motor-no","12":"first","13":"instock","14":"shipping-taxable","15":"product-type-simple"},"yoast_head":"<!-- This site is optimized with the Yoast SEO plugin v26.8 - https:\/\/yoast.com\/product\/yoast-seo-wordpress\/ -->\n<title>1.8 &quot;2ZR-FAE&quot; motor [f.eks. Toyota Corolla, Auris]<\/title>\n<meta name=\"description\" content=\"En av motorene vi ofte har tilgjengelig. Send en foresp\u00f8rsel og du vil motta et tilbud innen 24 timer. Motorer, girkasser og andre bildeler med garanti.\" \/>\n<meta name=\"robots\" content=\"index, follow, max-snippet:-1, max-image-preview:large, max-video-preview:-1\" \/>\n<link rel=\"canonical\" href=\"https:\/\/autopartscenter24.com\/no\/auton-varaosat\/1-8-2zr-fae-moottori-toyota-avensis-t27\/\" \/>\n<meta property=\"og:locale\" content=\"nb_NO\" \/>\n<meta property=\"og:type\" content=\"article\" \/>\n<meta property=\"og:title\" content=\"1.8 &quot;2ZR-FAE&quot; motor [f.eks. Toyota Corolla, Auris]\" \/>\n<meta property=\"og:description\" content=\"En av motorene vi ofte har tilgjengelig. Send en foresp\u00f8rsel og du vil motta et tilbud innen 24 timer. Motorer, girkasser og andre bildeler med garanti.\" \/>\n<meta property=\"og:url\" content=\"https:\/\/autopartscenter24.com\/no\/auton-varaosat\/1-8-2zr-fae-moottori-toyota-avensis-t27\/\" \/>\n<meta property=\"og:site_name\" content=\"Autopartscenter24\" \/>\n<meta property=\"og:image\" content=\"https:\/\/autopartscenter24.com\/wp-content\/uploads\/2023\/03\/1-8-2ZR-FAE-moottori-toyota-avensis-t27.webp\" \/>\n\t<meta property=\"og:image:width\" content=\"800\" \/>\n\t<meta property=\"og:image:height\" content=\"600\" \/>\n\t<meta property=\"og:image:type\" content=\"image\/webp\" \/>\n<meta name=\"twitter:card\" content=\"summary_large_image\" \/>\n<meta name=\"twitter:label1\" content=\"Ansl. lesetid\" \/>\n\t<meta name=\"twitter:data1\" content=\"1 minutt\" \/>\n<script type=\"application\/ld+json\" class=\"yoast-schema-graph\">{\"@context\":\"https:\/\/schema.org\",\"@graph\":[{\"@type\":\"WebPage\",\"@id\":\"https:\/\/autopartscenter24.com\/auton-varaosat\/1-8-2zr-fae-moottori-toyota-avensis-t27\/\",\"url\":\"https:\/\/autopartscenter24.com\/auton-varaosat\/1-8-2zr-fae-moottori-toyota-avensis-t27\/\",\"name\":\"1.8 \\\"2ZR-FAE\\\" motor [f.eks. Toyota Corolla, Auris]\",\"isPartOf\":{\"@id\":\"https:\/\/autopartscenter24.com\/#website\"},\"primaryImageOfPage\":{\"@id\":\"https:\/\/autopartscenter24.com\/auton-varaosat\/1-8-2zr-fae-moottori-toyota-avensis-t27\/#primaryimage\"},\"image\":{\"@id\":\"https:\/\/autopartscenter24.com\/auton-varaosat\/1-8-2zr-fae-moottori-toyota-avensis-t27\/#primaryimage\"},\"thumbnailUrl\":\"https:\/\/autopartscenter24.com\/wp-content\/uploads\/2023\/03\/1-8-2ZR-FAE-moottori-toyota-avensis-t27.webp\",\"datePublished\":\"2023-12-02T13:12:19+00:00\",\"description\":\"En av motorene vi ofte har tilgjengelig. Send en foresp\u00f8rsel og du vil motta et tilbud innen 24 timer. Motorer, girkasser og andre bildeler med garanti.\",\"breadcrumb\":{\"@id\":\"https:\/\/autopartscenter24.com\/auton-varaosat\/1-8-2zr-fae-moottori-toyota-avensis-t27\/#breadcrumb\"},\"inLanguage\":\"nb-NO\",\"potentialAction\":[{\"@type\":\"ReadAction\",\"target\":[\"https:\/\/autopartscenter24.com\/auton-varaosat\/1-8-2zr-fae-moottori-toyota-avensis-t27\/\"]}]},{\"@type\":\"ImageObject\",\"inLanguage\":\"nb-NO\",\"@id\":\"https:\/\/autopartscenter24.com\/auton-varaosat\/1-8-2zr-fae-moottori-toyota-avensis-t27\/#primaryimage\",\"url\":\"https:\/\/autopartscenter24.com\/wp-content\/uploads\/2023\/03\/1-8-2ZR-FAE-moottori-toyota-avensis-t27.webp\",\"contentUrl\":\"https:\/\/autopartscenter24.com\/wp-content\/uploads\/2023\/03\/1-8-2ZR-FAE-moottori-toyota-avensis-t27.webp\",\"width\":800,\"height\":600},{\"@type\":\"BreadcrumbList\",\"@id\":\"https:\/\/autopartscenter24.com\/auton-varaosat\/1-8-2zr-fae-moottori-toyota-avensis-t27\/#breadcrumb\",\"itemListElement\":[{\"@type\":\"ListItem\",\"position\":1,\"name\":\"Hjem\",\"item\":\"https:\/\/aliceblue-termite-662564.hostingersite.com\/\"},{\"@type\":\"ListItem\",\"position\":2,\"name\":\"Auton varaosat\",\"item\":\"https:\/\/aliceblue-termite-662564.hostingersite.com\/auton-varaosat\/\"},{\"@type\":\"ListItem\",\"position\":3,\"name\":\"1.8 &#8221;2ZR-FAE&#8221; motor [f.eks. Toyota Corolla, Auris]\"}]},{\"@type\":\"WebSite\",\"@id\":\"https:\/\/autopartscenter24.com\/#website\",\"url\":\"https:\/\/autopartscenter24.com\/\",\"name\":\"Autopartscenter24\",\"description\":\"K\u00c4YTETYT JA KUNNOSTETUT  AUTON VARAOSAT\",\"potentialAction\":[{\"@type\":\"SearchAction\",\"target\":{\"@type\":\"EntryPoint\",\"urlTemplate\":\"https:\/\/autopartscenter24.com\/?s={search_term_string}\"},\"query-input\":{\"@type\":\"PropertyValueSpecification\",\"valueRequired\":true,\"valueName\":\"search_term_string\"}}],\"inLanguage\":\"nb-NO\"}]}<\/script>\n<!-- \/ Yoast SEO plugin. -->","yoast_head_json":{"title":"1.8 \"2ZR-FAE\" motor [f.eks. Toyota Corolla, Auris]","description":"En av motorene vi ofte har tilgjengelig. Send en foresp\u00f8rsel og du vil motta et tilbud innen 24 timer. Motorer, girkasser og andre bildeler med garanti.","robots":{"index":"index","follow":"follow","max-snippet":"max-snippet:-1","max-image-preview":"max-image-preview:large","max-video-preview":"max-video-preview:-1"},"canonical":"https:\/\/autopartscenter24.com\/no\/auton-varaosat\/1-8-2zr-fae-moottori-toyota-avensis-t27\/","og_locale":"nb_NO","og_type":"article","og_title":"1.8 \"2ZR-FAE\" motor [f.eks. Toyota Corolla, Auris]","og_description":"En av motorene vi ofte har tilgjengelig. Send en foresp\u00f8rsel og du vil motta et tilbud innen 24 timer. Motorer, girkasser og andre bildeler med garanti.","og_url":"https:\/\/autopartscenter24.com\/no\/auton-varaosat\/1-8-2zr-fae-moottori-toyota-avensis-t27\/","og_site_name":"Autopartscenter24","og_image":[{"width":800,"height":600,"url":"https:\/\/autopartscenter24.com\/wp-content\/uploads\/2023\/03\/1-8-2ZR-FAE-moottori-toyota-avensis-t27.webp","type":"image\/webp"}],"twitter_card":"summary_large_image","twitter_misc":{"Ansl. lesetid":"1 minutt"},"schema":{"@context":"https:\/\/schema.org","@graph":[{"@type":"WebPage","@id":"https:\/\/autopartscenter24.com\/auton-varaosat\/1-8-2zr-fae-moottori-toyota-avensis-t27\/","url":"https:\/\/autopartscenter24.com\/auton-varaosat\/1-8-2zr-fae-moottori-toyota-avensis-t27\/","name":"1.8 \"2ZR-FAE\" motor [f.eks. Toyota Corolla, Auris]","isPartOf":{"@id":"https:\/\/autopartscenter24.com\/#website"},"primaryImageOfPage":{"@id":"https:\/\/autopartscenter24.com\/auton-varaosat\/1-8-2zr-fae-moottori-toyota-avensis-t27\/#primaryimage"},"image":{"@id":"https:\/\/autopartscenter24.com\/auton-varaosat\/1-8-2zr-fae-moottori-toyota-avensis-t27\/#primaryimage"},"thumbnailUrl":"https:\/\/autopartscenter24.com\/wp-content\/uploads\/2023\/03\/1-8-2ZR-FAE-moottori-toyota-avensis-t27.webp","datePublished":"2023-12-02T13:12:19+00:00","description":"En av motorene vi ofte har tilgjengelig. Send en foresp\u00f8rsel og du vil motta et tilbud innen 24 timer. Motorer, girkasser og andre bildeler med garanti.","breadcrumb":{"@id":"https:\/\/autopartscenter24.com\/auton-varaosat\/1-8-2zr-fae-moottori-toyota-avensis-t27\/#breadcrumb"},"inLanguage":"nb-NO","potentialAction":[{"@type":"ReadAction","target":["https:\/\/autopartscenter24.com\/auton-varaosat\/1-8-2zr-fae-moottori-toyota-avensis-t27\/"]}]},{"@type":"ImageObject","inLanguage":"nb-NO","@id":"https:\/\/autopartscenter24.com\/auton-varaosat\/1-8-2zr-fae-moottori-toyota-avensis-t27\/#primaryimage","url":"https:\/\/autopartscenter24.com\/wp-content\/uploads\/2023\/03\/1-8-2ZR-FAE-moottori-toyota-avensis-t27.webp","contentUrl":"https:\/\/autopartscenter24.com\/wp-content\/uploads\/2023\/03\/1-8-2ZR-FAE-moottori-toyota-avensis-t27.webp","width":800,"height":600},{"@type":"BreadcrumbList","@id":"https:\/\/autopartscenter24.com\/auton-varaosat\/1-8-2zr-fae-moottori-toyota-avensis-t27\/#breadcrumb","itemListElement":[{"@type":"ListItem","position":1,"name":"Hjem","item":"https:\/\/aliceblue-termite-662564.hostingersite.com\/"},{"@type":"ListItem","position":2,"name":"Auton varaosat","item":"https:\/\/aliceblue-termite-662564.hostingersite.com\/auton-varaosat\/"},{"@type":"ListItem","position":3,"name":"1.8 &#8221;2ZR-FAE&#8221; motor [f.eks. Toyota Corolla, Auris]"}]},{"@type":"WebSite","@id":"https:\/\/autopartscenter24.com\/#website","url":"https:\/\/autopartscenter24.com\/","name":"Autopartscenter24","description":"K\u00c4YTETYT JA KUNNOSTETUT  AUTON VARAOSAT","potentialAction":[{"@type":"SearchAction","target":{"@type":"EntryPoint","urlTemplate":"https:\/\/autopartscenter24.com\/?s={search_term_string}"},"query-input":{"@type":"PropertyValueSpecification","valueRequired":true,"valueName":"search_term_string"}}],"inLanguage":"nb-NO"}]}},"_links":{"self":[{"href":"https:\/\/autopartscenter24.com\/no\/wp-json\/wp\/v2\/product\/5749","targetHints":{"allow":["GET"]}}],"collection":[{"href":"https:\/\/autopartscenter24.com\/no\/wp-json\/wp\/v2\/product"}],"about":[{"href":"https:\/\/autopartscenter24.com\/no\/wp-json\/wp\/v2\/types\/product"}],"wp:featuredmedia":[{"embeddable":true,"href":"https:\/\/autopartscenter24.com\/no\/wp-json\/wp\/v2\/media\/4625"}],"wp:attachment":[{"href":"https:\/\/autopartscenter24.com\/no\/wp-json\/wp\/v2\/media?parent=5749"}],"wp:term":[{"taxonomy":"product_brand","embeddable":true,"href":"https:\/\/autopartscenter24.com\/no\/wp-json\/wp\/v2\/product_brand?post=5749"},{"taxonomy":"product_cat","embeddable":true,"href":"https:\/\/autopartscenter24.com\/no\/wp-json\/wp\/v2\/product_cat?post=5749"},{"taxonomy":"product_tag","embeddable":true,"href":"https:\/\/autopartscenter24.com\/no\/wp-json\/wp\/v2\/product_tag?post=5749"}],"curies":[{"name":"wp","href":"https:\/\/api.w.org\/{rel}","templated":true}]}}