{"id":5748,"date":"2023-03-05T19:50:09","date_gmt":"2023-12-02T13:10:14","guid":{"rendered":"https:\/\/autopartscenter24.com\/product\/2-0-z20dmh-motor-f-eks-captiva-cruze-astra-zafira\/"},"modified":"2023-12-02T14:10:14","modified_gmt":"2023-12-02T13:10:14","slug":"2-0-z20dmh-motor-f-eks-captiva-cruze-astra-zafira","status":"publish","type":"product","link":"https:\/\/autopartscenter24.com\/no\/auton-varaosat\/2-0-z20dmh-motor-f-eks-captiva-cruze-astra-zafira\/","title":{"rendered":"2.0 &laquo;Z20DMH&raquo; motor [f.eks. Captiva, Cruze, Astra, Zafira]"},"content":{"rendered":"<p><strong>Chevrolets 2.0-motor<\/strong>, ogs\u00e5 kjent som <strong>Z20DMH<\/strong>, er en firesylindret dieselmotor som f\u00f8rst og fremst ble utviklet for bruk i forbindelse med en manuell girkasse. Motoren yter en effekt p\u00e5 121 hestekrefter og et dreiemoment p\u00e5 320 Nm, noe som gir god ytelse og drivstoff\u00f8konomi.<\/p>\n<p>Motorrammen er laget av slitesterkt gr\u00e5tt st\u00f8pejern, som gir utmerket stivhet og holdbarhet. Motorblokken er designet for \u00e5 t\u00e5le h\u00f8yt trykk og gi utmerket varmebestandighet. Motorens sylinderhode har fire ventiler per sylinder, noe som muliggj\u00f8r mer effektiv luftveksling og bedre drivstoffblanding.<\/p>\n<p>Motoren har et flerpunkts direkteinnspr\u00f8ytningssystem, som muliggj\u00f8r presis dosering av drivstoff og bedre drivstoff\u00f8konomi. Motorkontrollsystemet har en kompleks algoritme som hele tiden justerer motorens drift avhengig av hvordan bilen kj\u00f8res og under hvilke forhold.<\/p>\n","protected":false},"excerpt":{"rendered":"<p>Z20DMH-motoren brukes hovedsakelig i mellomklassebiler fra Chevrolet og Opel, som Opel Vectra C og Chevrolet Cruze. Bruken av motoren har ogs\u00e5 utvidet seg til andre biler som tilh\u00f8rer GM-gruppen, som Saab 9-3 og Cadillac BLS. Motorens holdbarhet og p\u00e5litelighet har gjort den til et popul\u00e6rt valg i mange forskjellige bruksomr\u00e5der.<\/p>\n<p>Hovedapplikasjoner:<\/p>\n<ul>\n<li>Chevrolet Captiva<\/li>\n<li>Chevrolet Cruze<\/li>\n<li>Opel Astra H<\/li>\n<li>Opel Zafira B<\/li>\n<li>Saab 9-3<\/li>\n<li>Cadillac BLS<\/li>\n<\/ul>\n","protected":false},"featured_media":4630,"template":"","meta":[],"product_brand":[],"product_cat":[540,604],"product_tag":[815,838,847,940],"class_list":{"0":"post-5748","1":"product","2":"type-product","3":"status-publish","4":"has-post-thumbnail","6":"product_cat-chevrolet-no","7":"product_cat-opel-no","8":"product_tag-astra-no","9":"product_tag-captiva-no","10":"product_tag-cruze-no","11":"product_tag-zafira-no","12":"pa_varaosan-osasto-motor-no","15":"first","16":"instock","17":"shipping-taxable","18":"product-type-simple"},"yoast_head":"<!-- This site is optimized with the Yoast SEO plugin v26.8 - https:\/\/yoast.com\/product\/yoast-seo-wordpress\/ -->\n<title>2.0 &quot;Z20DMH&quot; motor [f.eks. Captiva, Cruze, Astra, Zafira]<\/title>\n<meta name=\"description\" content=\"En av motorene vi ofte har tilgjengelig. Send en foresp\u00f8rsel og du vil motta et tilbud innen 24 timer. Motorer, girkasser og andre bildeler med garanti.\" \/>\n<meta name=\"robots\" content=\"index, follow, max-snippet:-1, max-image-preview:large, max-video-preview:-1\" \/>\n<link rel=\"canonical\" href=\"https:\/\/autopartscenter24.com\/no\/auton-varaosat\/2-0-z20dmh-moottori-chevrolet-captiva\/\" \/>\n<meta property=\"og:locale\" content=\"nb_NO\" \/>\n<meta property=\"og:type\" content=\"article\" \/>\n<meta property=\"og:title\" content=\"2.0 &quot;Z20DMH&quot; motor [f.eks. Captiva, Cruze, Astra, Zafira]\" \/>\n<meta property=\"og:description\" content=\"En av motorene vi ofte har tilgjengelig. Send en foresp\u00f8rsel og du vil motta et tilbud innen 24 timer. Motorer, girkasser og andre bildeler med garanti.\" \/>\n<meta property=\"og:url\" content=\"https:\/\/autopartscenter24.com\/no\/auton-varaosat\/2-0-z20dmh-moottori-chevrolet-captiva\/\" \/>\n<meta property=\"og:site_name\" content=\"Autopartscenter24\" \/>\n<meta property=\"og:image\" content=\"https:\/\/autopartscenter24.com\/wp-content\/uploads\/2023\/03\/2-0-Z20DMH-moottori-chevrolet-captiva.webp\" \/>\n\t<meta property=\"og:image:width\" content=\"800\" \/>\n\t<meta property=\"og:image:height\" content=\"600\" \/>\n\t<meta property=\"og:image:type\" content=\"image\/webp\" \/>\n<meta name=\"twitter:card\" content=\"summary_large_image\" \/>\n<meta name=\"twitter:label1\" content=\"Ansl. lesetid\" \/>\n\t<meta name=\"twitter:data1\" content=\"1 minutt\" \/>\n<script type=\"application\/ld+json\" class=\"yoast-schema-graph\">{\"@context\":\"https:\/\/schema.org\",\"@graph\":[{\"@type\":\"WebPage\",\"@id\":\"https:\/\/autopartscenter24.com\/auton-varaosat\/2-0-z20dmh-moottori-chevrolet-captiva\/\",\"url\":\"https:\/\/autopartscenter24.com\/auton-varaosat\/2-0-z20dmh-moottori-chevrolet-captiva\/\",\"name\":\"2.0 \\\"Z20DMH\\\" motor [f.eks. Captiva, Cruze, Astra, Zafira]\",\"isPartOf\":{\"@id\":\"https:\/\/autopartscenter24.com\/#website\"},\"primaryImageOfPage\":{\"@id\":\"https:\/\/autopartscenter24.com\/auton-varaosat\/2-0-z20dmh-moottori-chevrolet-captiva\/#primaryimage\"},\"image\":{\"@id\":\"https:\/\/autopartscenter24.com\/auton-varaosat\/2-0-z20dmh-moottori-chevrolet-captiva\/#primaryimage\"},\"thumbnailUrl\":\"https:\/\/autopartscenter24.com\/wp-content\/uploads\/2023\/03\/2-0-Z20DMH-moottori-chevrolet-captiva.webp\",\"datePublished\":\"2023-12-02T13:10:14+00:00\",\"description\":\"En av motorene vi ofte har tilgjengelig. Send en foresp\u00f8rsel og du vil motta et tilbud innen 24 timer. Motorer, girkasser og andre bildeler med garanti.\",\"breadcrumb\":{\"@id\":\"https:\/\/autopartscenter24.com\/auton-varaosat\/2-0-z20dmh-moottori-chevrolet-captiva\/#breadcrumb\"},\"inLanguage\":\"nb-NO\",\"potentialAction\":[{\"@type\":\"ReadAction\",\"target\":[\"https:\/\/autopartscenter24.com\/auton-varaosat\/2-0-z20dmh-moottori-chevrolet-captiva\/\"]}]},{\"@type\":\"ImageObject\",\"inLanguage\":\"nb-NO\",\"@id\":\"https:\/\/autopartscenter24.com\/auton-varaosat\/2-0-z20dmh-moottori-chevrolet-captiva\/#primaryimage\",\"url\":\"https:\/\/autopartscenter24.com\/wp-content\/uploads\/2023\/03\/2-0-Z20DMH-moottori-chevrolet-captiva.webp\",\"contentUrl\":\"https:\/\/autopartscenter24.com\/wp-content\/uploads\/2023\/03\/2-0-Z20DMH-moottori-chevrolet-captiva.webp\",\"width\":800,\"height\":600},{\"@type\":\"BreadcrumbList\",\"@id\":\"https:\/\/autopartscenter24.com\/auton-varaosat\/2-0-z20dmh-moottori-chevrolet-captiva\/#breadcrumb\",\"itemListElement\":[{\"@type\":\"ListItem\",\"position\":1,\"name\":\"Hjem\",\"item\":\"https:\/\/aliceblue-termite-662564.hostingersite.com\/\"},{\"@type\":\"ListItem\",\"position\":2,\"name\":\"Auton varaosat\",\"item\":\"https:\/\/aliceblue-termite-662564.hostingersite.com\/auton-varaosat\/\"},{\"@type\":\"ListItem\",\"position\":3,\"name\":\"2.0 &#8221;Z20DMH&#8221; motor [f.eks. Captiva, Cruze, Astra, Zafira]\"}]},{\"@type\":\"WebSite\",\"@id\":\"https:\/\/autopartscenter24.com\/#website\",\"url\":\"https:\/\/autopartscenter24.com\/\",\"name\":\"Autopartscenter24\",\"description\":\"K\u00c4YTETYT JA KUNNOSTETUT  AUTON VARAOSAT\",\"potentialAction\":[{\"@type\":\"SearchAction\",\"target\":{\"@type\":\"EntryPoint\",\"urlTemplate\":\"https:\/\/autopartscenter24.com\/?s={search_term_string}\"},\"query-input\":{\"@type\":\"PropertyValueSpecification\",\"valueRequired\":true,\"valueName\":\"search_term_string\"}}],\"inLanguage\":\"nb-NO\"}]}<\/script>\n<!-- \/ Yoast SEO plugin. -->","yoast_head_json":{"title":"2.0 \"Z20DMH\" motor [f.eks. Captiva, Cruze, Astra, Zafira]","description":"En av motorene vi ofte har tilgjengelig. Send en foresp\u00f8rsel og du vil motta et tilbud innen 24 timer. Motorer, girkasser og andre bildeler med garanti.","robots":{"index":"index","follow":"follow","max-snippet":"max-snippet:-1","max-image-preview":"max-image-preview:large","max-video-preview":"max-video-preview:-1"},"canonical":"https:\/\/autopartscenter24.com\/no\/auton-varaosat\/2-0-z20dmh-moottori-chevrolet-captiva\/","og_locale":"nb_NO","og_type":"article","og_title":"2.0 \"Z20DMH\" motor [f.eks. Captiva, Cruze, Astra, Zafira]","og_description":"En av motorene vi ofte har tilgjengelig. Send en foresp\u00f8rsel og du vil motta et tilbud innen 24 timer. Motorer, girkasser og andre bildeler med garanti.","og_url":"https:\/\/autopartscenter24.com\/no\/auton-varaosat\/2-0-z20dmh-moottori-chevrolet-captiva\/","og_site_name":"Autopartscenter24","og_image":[{"width":800,"height":600,"url":"https:\/\/autopartscenter24.com\/wp-content\/uploads\/2023\/03\/2-0-Z20DMH-moottori-chevrolet-captiva.webp","type":"image\/webp"}],"twitter_card":"summary_large_image","twitter_misc":{"Ansl. lesetid":"1 minutt"},"schema":{"@context":"https:\/\/schema.org","@graph":[{"@type":"WebPage","@id":"https:\/\/autopartscenter24.com\/auton-varaosat\/2-0-z20dmh-moottori-chevrolet-captiva\/","url":"https:\/\/autopartscenter24.com\/auton-varaosat\/2-0-z20dmh-moottori-chevrolet-captiva\/","name":"2.0 \"Z20DMH\" motor [f.eks. Captiva, Cruze, Astra, Zafira]","isPartOf":{"@id":"https:\/\/autopartscenter24.com\/#website"},"primaryImageOfPage":{"@id":"https:\/\/autopartscenter24.com\/auton-varaosat\/2-0-z20dmh-moottori-chevrolet-captiva\/#primaryimage"},"image":{"@id":"https:\/\/autopartscenter24.com\/auton-varaosat\/2-0-z20dmh-moottori-chevrolet-captiva\/#primaryimage"},"thumbnailUrl":"https:\/\/autopartscenter24.com\/wp-content\/uploads\/2023\/03\/2-0-Z20DMH-moottori-chevrolet-captiva.webp","datePublished":"2023-12-02T13:10:14+00:00","description":"En av motorene vi ofte har tilgjengelig. Send en foresp\u00f8rsel og du vil motta et tilbud innen 24 timer. Motorer, girkasser og andre bildeler med garanti.","breadcrumb":{"@id":"https:\/\/autopartscenter24.com\/auton-varaosat\/2-0-z20dmh-moottori-chevrolet-captiva\/#breadcrumb"},"inLanguage":"nb-NO","potentialAction":[{"@type":"ReadAction","target":["https:\/\/autopartscenter24.com\/auton-varaosat\/2-0-z20dmh-moottori-chevrolet-captiva\/"]}]},{"@type":"ImageObject","inLanguage":"nb-NO","@id":"https:\/\/autopartscenter24.com\/auton-varaosat\/2-0-z20dmh-moottori-chevrolet-captiva\/#primaryimage","url":"https:\/\/autopartscenter24.com\/wp-content\/uploads\/2023\/03\/2-0-Z20DMH-moottori-chevrolet-captiva.webp","contentUrl":"https:\/\/autopartscenter24.com\/wp-content\/uploads\/2023\/03\/2-0-Z20DMH-moottori-chevrolet-captiva.webp","width":800,"height":600},{"@type":"BreadcrumbList","@id":"https:\/\/autopartscenter24.com\/auton-varaosat\/2-0-z20dmh-moottori-chevrolet-captiva\/#breadcrumb","itemListElement":[{"@type":"ListItem","position":1,"name":"Hjem","item":"https:\/\/aliceblue-termite-662564.hostingersite.com\/"},{"@type":"ListItem","position":2,"name":"Auton varaosat","item":"https:\/\/aliceblue-termite-662564.hostingersite.com\/auton-varaosat\/"},{"@type":"ListItem","position":3,"name":"2.0 &#8221;Z20DMH&#8221; motor [f.eks. Captiva, Cruze, Astra, Zafira]"}]},{"@type":"WebSite","@id":"https:\/\/autopartscenter24.com\/#website","url":"https:\/\/autopartscenter24.com\/","name":"Autopartscenter24","description":"K\u00c4YTETYT JA KUNNOSTETUT  AUTON VARAOSAT","potentialAction":[{"@type":"SearchAction","target":{"@type":"EntryPoint","urlTemplate":"https:\/\/autopartscenter24.com\/?s={search_term_string}"},"query-input":{"@type":"PropertyValueSpecification","valueRequired":true,"valueName":"search_term_string"}}],"inLanguage":"nb-NO"}]}},"_links":{"self":[{"href":"https:\/\/autopartscenter24.com\/no\/wp-json\/wp\/v2\/product\/5748","targetHints":{"allow":["GET"]}}],"collection":[{"href":"https:\/\/autopartscenter24.com\/no\/wp-json\/wp\/v2\/product"}],"about":[{"href":"https:\/\/autopartscenter24.com\/no\/wp-json\/wp\/v2\/types\/product"}],"wp:featuredmedia":[{"embeddable":true,"href":"https:\/\/autopartscenter24.com\/no\/wp-json\/wp\/v2\/media\/4630"}],"wp:attachment":[{"href":"https:\/\/autopartscenter24.com\/no\/wp-json\/wp\/v2\/media?parent=5748"}],"wp:term":[{"taxonomy":"product_brand","embeddable":true,"href":"https:\/\/autopartscenter24.com\/no\/wp-json\/wp\/v2\/product_brand?post=5748"},{"taxonomy":"product_cat","embeddable":true,"href":"https:\/\/autopartscenter24.com\/no\/wp-json\/wp\/v2\/product_cat?post=5748"},{"taxonomy":"product_tag","embeddable":true,"href":"https:\/\/autopartscenter24.com\/no\/wp-json\/wp\/v2\/product_tag?post=5748"}],"curies":[{"name":"wp","href":"https:\/\/api.w.org\/{rel}","templated":true}]}}