{"id":5747,"date":"2023-03-05T19:53:52","date_gmt":"2023-12-02T13:08:33","guid":{"rendered":"https:\/\/autopartscenter24.com\/product\/1-4-t-b14net-motor-f-eks-opel-mokka-astra-insignia\/"},"modified":"2023-12-02T14:08:33","modified_gmt":"2023-12-02T13:08:33","slug":"1-4-t-b14net-motor-f-eks-opel-mokka-astra-insignia","status":"publish","type":"product","link":"https:\/\/autopartscenter24.com\/no\/auton-varaosat\/1-4-t-b14net-motor-f-eks-opel-mokka-astra-insignia\/","title":{"rendered":"1.4 T &laquo;B14NET&raquo;-motor [f.eks. Opel Mokka, Astra, Insignia]"},"content":{"rendered":"<p>Motorer er de viktigste delene av en bil, og det finnes mange forskjellige motorer fra forskjellige produsenter. Et eksempel er <strong>1,4 liters T-motoren produsert av Opel (kodenavn B14NET)<\/strong>, som er installert i mange forskjellige Opel-modeller.<\/p>\n<p><strong>B14NET-motoren<\/strong> er en firesylindret turboladet motor som yter opptil 140 hestekrefter og 200 Nm dreiemoment. Toppfarten p\u00e5 motoren er ca. 200 km\/t, og den akselererer fra 0 til 100 km\/t p\u00e5 ca. 9 sekunder. Den st\u00f8rste fordelen med motoren er dens lille st\u00f8rrelse og letthet, noe som gj\u00f8r den sv\u00e6rt effektiv og \u00f8konomisk.<\/p>\n<p>B14NET-motoren har mange funksjoner som gj\u00f8r den til en utmerket motor. For eksempel har motoren et lett motordesign, som bidrar til \u00e5 redusere vekten p\u00e5 motoren og \u00f8ke kraften. I tillegg til turboladeren har motoren ogs\u00e5 flerpunktsinnspr\u00f8ytning, som bidrar til \u00e5 forbedre motorens drivstoff\u00f8konomi og effektivitet.<\/p>\n<p>Avslutningsvis er Opel 1,4 liters T-motor (kodenavn B14NET) en sv\u00e6rt effektiv og \u00f8konomisk motor som tilbyr utmerket ytelse og drivstoff\u00f8konomi. Motoren er designet spesielt for sm\u00e5 biler, men den brukes ogs\u00e5 i st\u00f8rre biler. B14NET-motoren har vist seg \u00e5 v\u00e6re en sv\u00e6rt p\u00e5litelig og popul\u00e6r motor og er et utmerket valg for de som \u00f8nsker \u00e5 kj\u00f8re en \u00f8konomisk og effektiv bil.<\/p>\n","protected":false},"excerpt":{"rendered":"<p>B14NET-motoren brukes i flere forskjellige Opel-modeller, som Astra, Corsa og Meriva. Motoren er ogs\u00e5 installert i Opel Insignia og Opel Cascada. Disse bilene er utmerkede valg for de som \u00f8nsker \u00e5 kj\u00f8re en kraftig, men \u00f8konomisk bil.<\/p>\n","protected":false},"featured_media":4637,"template":"","meta":[],"product_brand":[],"product_cat":[604],"product_tag":[815,866,887],"class_list":{"0":"post-5747","1":"product","2":"type-product","3":"status-publish","4":"has-post-thumbnail","6":"product_cat-opel-no","7":"product_tag-astra-no","8":"product_tag-insignia-no","9":"product_tag-mokka-no","10":"pa_varaosan-osasto-motor-no","13":"first","14":"instock","15":"shipping-taxable","16":"product-type-simple"},"yoast_head":"<!-- This site is optimized with the Yoast SEO plugin v26.8 - https:\/\/yoast.com\/product\/yoast-seo-wordpress\/ -->\n<title>1.4 T &quot;B14NET&quot;-motor [f.eks. Opel Mokka, Astra, Insignia]<\/title>\n<meta name=\"description\" content=\"En av motorene vi ofte har tilgjengelig. Send en foresp\u00f8rsel og du vil motta et tilbud innen 24 timer. Motorer, girkasser og andre bildeler med garanti.\" \/>\n<meta name=\"robots\" content=\"index, follow, max-snippet:-1, max-image-preview:large, max-video-preview:-1\" \/>\n<link rel=\"canonical\" href=\"https:\/\/autopartscenter24.com\/no\/auton-varaosat\/1-4-t-b14net-moottori-opel-mokka-astra-insignia\/\" \/>\n<meta property=\"og:locale\" content=\"nb_NO\" \/>\n<meta property=\"og:type\" content=\"article\" \/>\n<meta property=\"og:title\" content=\"1.4 T &quot;B14NET&quot;-motor [f.eks. Opel Mokka, Astra, Insignia]\" \/>\n<meta property=\"og:description\" content=\"En av motorene vi ofte har tilgjengelig. Send en foresp\u00f8rsel og du vil motta et tilbud innen 24 timer. Motorer, girkasser og andre bildeler med garanti.\" \/>\n<meta property=\"og:url\" content=\"https:\/\/autopartscenter24.com\/no\/auton-varaosat\/1-4-t-b14net-moottori-opel-mokka-astra-insignia\/\" \/>\n<meta property=\"og:site_name\" content=\"Autopartscenter24\" \/>\n<meta property=\"og:image\" content=\"https:\/\/autopartscenter24.com\/wp-content\/uploads\/2023\/03\/1-4-t-B14NET-moottori-opel-mokka-astra-insignia.webp\" \/>\n\t<meta property=\"og:image:width\" content=\"800\" \/>\n\t<meta property=\"og:image:height\" content=\"600\" \/>\n\t<meta property=\"og:image:type\" content=\"image\/webp\" \/>\n<meta name=\"twitter:card\" content=\"summary_large_image\" \/>\n<meta name=\"twitter:label1\" content=\"Ansl. lesetid\" \/>\n\t<meta name=\"twitter:data1\" content=\"1 minutt\" \/>\n<script type=\"application\/ld+json\" class=\"yoast-schema-graph\">{\"@context\":\"https:\/\/schema.org\",\"@graph\":[{\"@type\":\"WebPage\",\"@id\":\"https:\/\/autopartscenter24.com\/auton-varaosat\/1-4-t-b14net-moottori-opel-mokka-astra-insignia\/\",\"url\":\"https:\/\/autopartscenter24.com\/auton-varaosat\/1-4-t-b14net-moottori-opel-mokka-astra-insignia\/\",\"name\":\"1.4 T \\\"B14NET\\\"-motor [f.eks. Opel Mokka, Astra, Insignia]\",\"isPartOf\":{\"@id\":\"https:\/\/autopartscenter24.com\/#website\"},\"primaryImageOfPage\":{\"@id\":\"https:\/\/autopartscenter24.com\/auton-varaosat\/1-4-t-b14net-moottori-opel-mokka-astra-insignia\/#primaryimage\"},\"image\":{\"@id\":\"https:\/\/autopartscenter24.com\/auton-varaosat\/1-4-t-b14net-moottori-opel-mokka-astra-insignia\/#primaryimage\"},\"thumbnailUrl\":\"https:\/\/autopartscenter24.com\/wp-content\/uploads\/2023\/03\/1-4-t-B14NET-moottori-opel-mokka-astra-insignia.webp\",\"datePublished\":\"2023-12-02T13:08:33+00:00\",\"description\":\"En av motorene vi ofte har tilgjengelig. Send en foresp\u00f8rsel og du vil motta et tilbud innen 24 timer. Motorer, girkasser og andre bildeler med garanti.\",\"breadcrumb\":{\"@id\":\"https:\/\/autopartscenter24.com\/auton-varaosat\/1-4-t-b14net-moottori-opel-mokka-astra-insignia\/#breadcrumb\"},\"inLanguage\":\"nb-NO\",\"potentialAction\":[{\"@type\":\"ReadAction\",\"target\":[\"https:\/\/autopartscenter24.com\/auton-varaosat\/1-4-t-b14net-moottori-opel-mokka-astra-insignia\/\"]}]},{\"@type\":\"ImageObject\",\"inLanguage\":\"nb-NO\",\"@id\":\"https:\/\/autopartscenter24.com\/auton-varaosat\/1-4-t-b14net-moottori-opel-mokka-astra-insignia\/#primaryimage\",\"url\":\"https:\/\/autopartscenter24.com\/wp-content\/uploads\/2023\/03\/1-4-t-B14NET-moottori-opel-mokka-astra-insignia.webp\",\"contentUrl\":\"https:\/\/autopartscenter24.com\/wp-content\/uploads\/2023\/03\/1-4-t-B14NET-moottori-opel-mokka-astra-insignia.webp\",\"width\":800,\"height\":600},{\"@type\":\"BreadcrumbList\",\"@id\":\"https:\/\/autopartscenter24.com\/auton-varaosat\/1-4-t-b14net-moottori-opel-mokka-astra-insignia\/#breadcrumb\",\"itemListElement\":[{\"@type\":\"ListItem\",\"position\":1,\"name\":\"Hjem\",\"item\":\"https:\/\/aliceblue-termite-662564.hostingersite.com\/\"},{\"@type\":\"ListItem\",\"position\":2,\"name\":\"Auton varaosat\",\"item\":\"https:\/\/aliceblue-termite-662564.hostingersite.com\/auton-varaosat\/\"},{\"@type\":\"ListItem\",\"position\":3,\"name\":\"1.4 T &#8221;B14NET&#8221;-motor [f.eks. Opel Mokka, Astra, Insignia]\"}]},{\"@type\":\"WebSite\",\"@id\":\"https:\/\/autopartscenter24.com\/#website\",\"url\":\"https:\/\/autopartscenter24.com\/\",\"name\":\"Autopartscenter24\",\"description\":\"K\u00c4YTETYT JA KUNNOSTETUT  AUTON VARAOSAT\",\"potentialAction\":[{\"@type\":\"SearchAction\",\"target\":{\"@type\":\"EntryPoint\",\"urlTemplate\":\"https:\/\/autopartscenter24.com\/?s={search_term_string}\"},\"query-input\":{\"@type\":\"PropertyValueSpecification\",\"valueRequired\":true,\"valueName\":\"search_term_string\"}}],\"inLanguage\":\"nb-NO\"}]}<\/script>\n<!-- \/ Yoast SEO plugin. -->","yoast_head_json":{"title":"1.4 T \"B14NET\"-motor [f.eks. Opel Mokka, Astra, Insignia]","description":"En av motorene vi ofte har tilgjengelig. Send en foresp\u00f8rsel og du vil motta et tilbud innen 24 timer. Motorer, girkasser og andre bildeler med garanti.","robots":{"index":"index","follow":"follow","max-snippet":"max-snippet:-1","max-image-preview":"max-image-preview:large","max-video-preview":"max-video-preview:-1"},"canonical":"https:\/\/autopartscenter24.com\/no\/auton-varaosat\/1-4-t-b14net-moottori-opel-mokka-astra-insignia\/","og_locale":"nb_NO","og_type":"article","og_title":"1.4 T \"B14NET\"-motor [f.eks. Opel Mokka, Astra, Insignia]","og_description":"En av motorene vi ofte har tilgjengelig. Send en foresp\u00f8rsel og du vil motta et tilbud innen 24 timer. Motorer, girkasser og andre bildeler med garanti.","og_url":"https:\/\/autopartscenter24.com\/no\/auton-varaosat\/1-4-t-b14net-moottori-opel-mokka-astra-insignia\/","og_site_name":"Autopartscenter24","og_image":[{"width":800,"height":600,"url":"https:\/\/autopartscenter24.com\/wp-content\/uploads\/2023\/03\/1-4-t-B14NET-moottori-opel-mokka-astra-insignia.webp","type":"image\/webp"}],"twitter_card":"summary_large_image","twitter_misc":{"Ansl. lesetid":"1 minutt"},"schema":{"@context":"https:\/\/schema.org","@graph":[{"@type":"WebPage","@id":"https:\/\/autopartscenter24.com\/auton-varaosat\/1-4-t-b14net-moottori-opel-mokka-astra-insignia\/","url":"https:\/\/autopartscenter24.com\/auton-varaosat\/1-4-t-b14net-moottori-opel-mokka-astra-insignia\/","name":"1.4 T \"B14NET\"-motor [f.eks. Opel Mokka, Astra, Insignia]","isPartOf":{"@id":"https:\/\/autopartscenter24.com\/#website"},"primaryImageOfPage":{"@id":"https:\/\/autopartscenter24.com\/auton-varaosat\/1-4-t-b14net-moottori-opel-mokka-astra-insignia\/#primaryimage"},"image":{"@id":"https:\/\/autopartscenter24.com\/auton-varaosat\/1-4-t-b14net-moottori-opel-mokka-astra-insignia\/#primaryimage"},"thumbnailUrl":"https:\/\/autopartscenter24.com\/wp-content\/uploads\/2023\/03\/1-4-t-B14NET-moottori-opel-mokka-astra-insignia.webp","datePublished":"2023-12-02T13:08:33+00:00","description":"En av motorene vi ofte har tilgjengelig. Send en foresp\u00f8rsel og du vil motta et tilbud innen 24 timer. Motorer, girkasser og andre bildeler med garanti.","breadcrumb":{"@id":"https:\/\/autopartscenter24.com\/auton-varaosat\/1-4-t-b14net-moottori-opel-mokka-astra-insignia\/#breadcrumb"},"inLanguage":"nb-NO","potentialAction":[{"@type":"ReadAction","target":["https:\/\/autopartscenter24.com\/auton-varaosat\/1-4-t-b14net-moottori-opel-mokka-astra-insignia\/"]}]},{"@type":"ImageObject","inLanguage":"nb-NO","@id":"https:\/\/autopartscenter24.com\/auton-varaosat\/1-4-t-b14net-moottori-opel-mokka-astra-insignia\/#primaryimage","url":"https:\/\/autopartscenter24.com\/wp-content\/uploads\/2023\/03\/1-4-t-B14NET-moottori-opel-mokka-astra-insignia.webp","contentUrl":"https:\/\/autopartscenter24.com\/wp-content\/uploads\/2023\/03\/1-4-t-B14NET-moottori-opel-mokka-astra-insignia.webp","width":800,"height":600},{"@type":"BreadcrumbList","@id":"https:\/\/autopartscenter24.com\/auton-varaosat\/1-4-t-b14net-moottori-opel-mokka-astra-insignia\/#breadcrumb","itemListElement":[{"@type":"ListItem","position":1,"name":"Hjem","item":"https:\/\/aliceblue-termite-662564.hostingersite.com\/"},{"@type":"ListItem","position":2,"name":"Auton varaosat","item":"https:\/\/aliceblue-termite-662564.hostingersite.com\/auton-varaosat\/"},{"@type":"ListItem","position":3,"name":"1.4 T &#8221;B14NET&#8221;-motor [f.eks. Opel Mokka, Astra, Insignia]"}]},{"@type":"WebSite","@id":"https:\/\/autopartscenter24.com\/#website","url":"https:\/\/autopartscenter24.com\/","name":"Autopartscenter24","description":"K\u00c4YTETYT JA KUNNOSTETUT  AUTON VARAOSAT","potentialAction":[{"@type":"SearchAction","target":{"@type":"EntryPoint","urlTemplate":"https:\/\/autopartscenter24.com\/?s={search_term_string}"},"query-input":{"@type":"PropertyValueSpecification","valueRequired":true,"valueName":"search_term_string"}}],"inLanguage":"nb-NO"}]}},"_links":{"self":[{"href":"https:\/\/autopartscenter24.com\/no\/wp-json\/wp\/v2\/product\/5747","targetHints":{"allow":["GET"]}}],"collection":[{"href":"https:\/\/autopartscenter24.com\/no\/wp-json\/wp\/v2\/product"}],"about":[{"href":"https:\/\/autopartscenter24.com\/no\/wp-json\/wp\/v2\/types\/product"}],"wp:featuredmedia":[{"embeddable":true,"href":"https:\/\/autopartscenter24.com\/no\/wp-json\/wp\/v2\/media\/4637"}],"wp:attachment":[{"href":"https:\/\/autopartscenter24.com\/no\/wp-json\/wp\/v2\/media?parent=5747"}],"wp:term":[{"taxonomy":"product_brand","embeddable":true,"href":"https:\/\/autopartscenter24.com\/no\/wp-json\/wp\/v2\/product_brand?post=5747"},{"taxonomy":"product_cat","embeddable":true,"href":"https:\/\/autopartscenter24.com\/no\/wp-json\/wp\/v2\/product_cat?post=5747"},{"taxonomy":"product_tag","embeddable":true,"href":"https:\/\/autopartscenter24.com\/no\/wp-json\/wp\/v2\/product_tag?post=5747"}],"curies":[{"name":"wp","href":"https:\/\/api.w.org\/{rel}","templated":true}]}}