{"id":5746,"date":"2023-03-05T19:57:21","date_gmt":"2023-12-02T13:06:23","guid":{"rendered":"https:\/\/autopartscenter24.com\/product\/2-4-d-d5244t5-motor-f-eks-s60-v70-xc70-xc90\/"},"modified":"2023-12-02T14:06:23","modified_gmt":"2023-12-02T13:06:23","slug":"2-4-d-d5244t5-motor-f-eks-s60-v70-xc70-xc90","status":"publish","type":"product","link":"https:\/\/autopartscenter24.com\/no\/auton-varaosat\/2-4-d-d5244t5-motor-f-eks-s60-v70-xc70-xc90\/","title":{"rendered":"2.4 D &laquo;D5244T5&raquo;-motor [f.eks. S60, V70, XC70, XC90]"},"content":{"rendered":"<p><strong>Volvo 2.4 D-motoren (motorkode: D5244T5)<\/strong> er en del av Volvos D-motorfamilie. Hjertet til motoren er en femsylindret struktur laget av aluminium. Motoren har et slagvolum p\u00e5 2,4 liter og en maksimal effekt p\u00e5 205 hk (151 kW) og et maksimalt dreiemoment p\u00e5 420 Nm. Maksimalt motorturtall er 5000 r\/min. Motoren er smurt av en oljepumpe og har oljekj\u00f8ler. Motoren har ogs\u00e5 en turbolader som \u00f8ker motoreffekten og dreiemomentet.<\/p>\n<p>Motorens drivstoffsystem er et direkteinnspr\u00f8ytningssystem som bruker en h\u00f8ytrykkspumpe for \u00e5 mate drivstoff til dysene. En SCR-katalysator (Selective Catalytic Reduction) brukes til \u00e5 behandle motorens eksosgasser, noe som reduserer utslipp av nitrogenoksid.<\/p>\n<p>Viktige punkter:<\/p>\n<ul>\n<li>Volvo 2.4 D-motoren (motorkode: D5244T5) er en del av Volvos D-motorfamilie.<\/li>\n<li>Motoren har et slagvolum p\u00e5 2,4 liter og en maksimal effekt p\u00e5 205 hk (151 kW) og et maksimalt dreiemoment p\u00e5 420 Nm.<\/li>\n<li>Motoren har turbolader og direkteinnspr\u00f8ytningssystem.<\/li>\n<li>En SCR-katalysator brukes til \u00e5 behandle motoreksosgasser.<\/li>\n<li>Motoren er mye brukt i ulike modeller av bilmerket Volvo, som S60, V70, XC70 og XC90.<\/li>\n<li>Motoren brukes ogs\u00e5 i Fords Galaxy, S-Max og Mondeo-modeller og i Land Rover Freelander 2-modellen.<\/li>\n<\/ul>\n","protected":false},"excerpt":{"rendered":"<p>Volvo 2.4 D-motoren er mye brukt i ulike modeller av bilmerket Volvo. Motoren har v\u00e6rt brukt i Volvo S60, V70 og XC70 samt XC90. Motoren brukes ogs\u00e5 i Volvos D5-modeller fra forskjellige \u00e5r. Motoren har ogs\u00e5 blitt brukt i Fords Galaxy, S-Max og Mondeo-modeller og i Land Rover Freelander 2-modellen.<\/p>\n","protected":false},"featured_media":4642,"template":"","meta":[],"product_brand":[],"product_cat":[642],"product_tag":[904,923,936,937],"class_list":{"0":"post-5746","1":"product","2":"type-product","3":"status-publish","4":"has-post-thumbnail","6":"product_cat-volvo-no","7":"product_tag-s60-no","8":"product_tag-v70-no","9":"product_tag-xc70-no","10":"product_tag-xc90-no","11":"pa_varaosan-osasto-motor-no","14":"first","15":"instock","16":"shipping-taxable","17":"product-type-simple"},"yoast_head":"<!-- This site is optimized with the Yoast SEO plugin v26.8 - https:\/\/yoast.com\/product\/yoast-seo-wordpress\/ -->\n<title>2.4 D &quot;D5244T5&quot;-motor [f.eks. S60, V70, XC70, XC90]<\/title>\n<meta name=\"description\" content=\"En av motorene vi ofte har tilgjengelig. Send en foresp\u00f8rsel og du vil motta et tilbud innen 24 timer. Motorer, girkasser og andre bildeler med garanti.\" \/>\n<meta name=\"robots\" content=\"index, follow, max-snippet:-1, max-image-preview:large, max-video-preview:-1\" \/>\n<link rel=\"canonical\" href=\"https:\/\/autopartscenter24.com\/no\/auton-varaosat\/2-4-d-d5244t5-moottori-volvo-s60-s80-xc90\/\" \/>\n<meta property=\"og:locale\" content=\"nb_NO\" \/>\n<meta property=\"og:type\" content=\"article\" \/>\n<meta property=\"og:title\" content=\"2.4 D &quot;D5244T5&quot;-motor [f.eks. S60, V70, XC70, XC90]\" \/>\n<meta property=\"og:description\" content=\"En av motorene vi ofte har tilgjengelig. Send en foresp\u00f8rsel og du vil motta et tilbud innen 24 timer. Motorer, girkasser og andre bildeler med garanti.\" \/>\n<meta property=\"og:url\" content=\"https:\/\/autopartscenter24.com\/no\/auton-varaosat\/2-4-d-d5244t5-moottori-volvo-s60-s80-xc90\/\" \/>\n<meta property=\"og:site_name\" content=\"Autopartscenter24\" \/>\n<meta property=\"og:image\" content=\"https:\/\/autopartscenter24.com\/wp-content\/uploads\/2023\/03\/2-4-d-D5244T5-moottori-volvo-s60-s80-xc90.webp\" \/>\n\t<meta property=\"og:image:width\" content=\"800\" \/>\n\t<meta property=\"og:image:height\" content=\"600\" \/>\n\t<meta property=\"og:image:type\" content=\"image\/webp\" \/>\n<meta name=\"twitter:card\" content=\"summary_large_image\" \/>\n<meta name=\"twitter:label1\" content=\"Ansl. lesetid\" \/>\n\t<meta name=\"twitter:data1\" content=\"1 minutt\" \/>\n<script type=\"application\/ld+json\" class=\"yoast-schema-graph\">{\"@context\":\"https:\/\/schema.org\",\"@graph\":[{\"@type\":\"WebPage\",\"@id\":\"https:\/\/autopartscenter24.com\/auton-varaosat\/2-4-d-d5244t5-moottori-volvo-s60-s80-xc90\/\",\"url\":\"https:\/\/autopartscenter24.com\/auton-varaosat\/2-4-d-d5244t5-moottori-volvo-s60-s80-xc90\/\",\"name\":\"2.4 D \\\"D5244T5\\\"-motor [f.eks. S60, V70, XC70, XC90]\",\"isPartOf\":{\"@id\":\"https:\/\/autopartscenter24.com\/#website\"},\"primaryImageOfPage\":{\"@id\":\"https:\/\/autopartscenter24.com\/auton-varaosat\/2-4-d-d5244t5-moottori-volvo-s60-s80-xc90\/#primaryimage\"},\"image\":{\"@id\":\"https:\/\/autopartscenter24.com\/auton-varaosat\/2-4-d-d5244t5-moottori-volvo-s60-s80-xc90\/#primaryimage\"},\"thumbnailUrl\":\"https:\/\/autopartscenter24.com\/wp-content\/uploads\/2023\/03\/2-4-d-D5244T5-moottori-volvo-s60-s80-xc90.webp\",\"datePublished\":\"2023-12-02T13:06:23+00:00\",\"description\":\"En av motorene vi ofte har tilgjengelig. Send en foresp\u00f8rsel og du vil motta et tilbud innen 24 timer. Motorer, girkasser og andre bildeler med garanti.\",\"breadcrumb\":{\"@id\":\"https:\/\/autopartscenter24.com\/auton-varaosat\/2-4-d-d5244t5-moottori-volvo-s60-s80-xc90\/#breadcrumb\"},\"inLanguage\":\"nb-NO\",\"potentialAction\":[{\"@type\":\"ReadAction\",\"target\":[\"https:\/\/autopartscenter24.com\/auton-varaosat\/2-4-d-d5244t5-moottori-volvo-s60-s80-xc90\/\"]}]},{\"@type\":\"ImageObject\",\"inLanguage\":\"nb-NO\",\"@id\":\"https:\/\/autopartscenter24.com\/auton-varaosat\/2-4-d-d5244t5-moottori-volvo-s60-s80-xc90\/#primaryimage\",\"url\":\"https:\/\/autopartscenter24.com\/wp-content\/uploads\/2023\/03\/2-4-d-D5244T5-moottori-volvo-s60-s80-xc90.webp\",\"contentUrl\":\"https:\/\/autopartscenter24.com\/wp-content\/uploads\/2023\/03\/2-4-d-D5244T5-moottori-volvo-s60-s80-xc90.webp\",\"width\":800,\"height\":600},{\"@type\":\"BreadcrumbList\",\"@id\":\"https:\/\/autopartscenter24.com\/auton-varaosat\/2-4-d-d5244t5-moottori-volvo-s60-s80-xc90\/#breadcrumb\",\"itemListElement\":[{\"@type\":\"ListItem\",\"position\":1,\"name\":\"Hjem\",\"item\":\"https:\/\/aliceblue-termite-662564.hostingersite.com\/\"},{\"@type\":\"ListItem\",\"position\":2,\"name\":\"Auton varaosat\",\"item\":\"https:\/\/aliceblue-termite-662564.hostingersite.com\/auton-varaosat\/\"},{\"@type\":\"ListItem\",\"position\":3,\"name\":\"2.4 D &#8221;D5244T5&#8221;-motor [f.eks. S60, V70, XC70, XC90]\"}]},{\"@type\":\"WebSite\",\"@id\":\"https:\/\/autopartscenter24.com\/#website\",\"url\":\"https:\/\/autopartscenter24.com\/\",\"name\":\"Autopartscenter24\",\"description\":\"K\u00c4YTETYT JA KUNNOSTETUT  AUTON VARAOSAT\",\"potentialAction\":[{\"@type\":\"SearchAction\",\"target\":{\"@type\":\"EntryPoint\",\"urlTemplate\":\"https:\/\/autopartscenter24.com\/?s={search_term_string}\"},\"query-input\":{\"@type\":\"PropertyValueSpecification\",\"valueRequired\":true,\"valueName\":\"search_term_string\"}}],\"inLanguage\":\"nb-NO\"}]}<\/script>\n<!-- \/ Yoast SEO plugin. -->","yoast_head_json":{"title":"2.4 D \"D5244T5\"-motor [f.eks. S60, V70, XC70, XC90]","description":"En av motorene vi ofte har tilgjengelig. Send en foresp\u00f8rsel og du vil motta et tilbud innen 24 timer. Motorer, girkasser og andre bildeler med garanti.","robots":{"index":"index","follow":"follow","max-snippet":"max-snippet:-1","max-image-preview":"max-image-preview:large","max-video-preview":"max-video-preview:-1"},"canonical":"https:\/\/autopartscenter24.com\/no\/auton-varaosat\/2-4-d-d5244t5-moottori-volvo-s60-s80-xc90\/","og_locale":"nb_NO","og_type":"article","og_title":"2.4 D \"D5244T5\"-motor [f.eks. S60, V70, XC70, XC90]","og_description":"En av motorene vi ofte har tilgjengelig. Send en foresp\u00f8rsel og du vil motta et tilbud innen 24 timer. Motorer, girkasser og andre bildeler med garanti.","og_url":"https:\/\/autopartscenter24.com\/no\/auton-varaosat\/2-4-d-d5244t5-moottori-volvo-s60-s80-xc90\/","og_site_name":"Autopartscenter24","og_image":[{"width":800,"height":600,"url":"https:\/\/autopartscenter24.com\/wp-content\/uploads\/2023\/03\/2-4-d-D5244T5-moottori-volvo-s60-s80-xc90.webp","type":"image\/webp"}],"twitter_card":"summary_large_image","twitter_misc":{"Ansl. lesetid":"1 minutt"},"schema":{"@context":"https:\/\/schema.org","@graph":[{"@type":"WebPage","@id":"https:\/\/autopartscenter24.com\/auton-varaosat\/2-4-d-d5244t5-moottori-volvo-s60-s80-xc90\/","url":"https:\/\/autopartscenter24.com\/auton-varaosat\/2-4-d-d5244t5-moottori-volvo-s60-s80-xc90\/","name":"2.4 D \"D5244T5\"-motor [f.eks. S60, V70, XC70, XC90]","isPartOf":{"@id":"https:\/\/autopartscenter24.com\/#website"},"primaryImageOfPage":{"@id":"https:\/\/autopartscenter24.com\/auton-varaosat\/2-4-d-d5244t5-moottori-volvo-s60-s80-xc90\/#primaryimage"},"image":{"@id":"https:\/\/autopartscenter24.com\/auton-varaosat\/2-4-d-d5244t5-moottori-volvo-s60-s80-xc90\/#primaryimage"},"thumbnailUrl":"https:\/\/autopartscenter24.com\/wp-content\/uploads\/2023\/03\/2-4-d-D5244T5-moottori-volvo-s60-s80-xc90.webp","datePublished":"2023-12-02T13:06:23+00:00","description":"En av motorene vi ofte har tilgjengelig. Send en foresp\u00f8rsel og du vil motta et tilbud innen 24 timer. Motorer, girkasser og andre bildeler med garanti.","breadcrumb":{"@id":"https:\/\/autopartscenter24.com\/auton-varaosat\/2-4-d-d5244t5-moottori-volvo-s60-s80-xc90\/#breadcrumb"},"inLanguage":"nb-NO","potentialAction":[{"@type":"ReadAction","target":["https:\/\/autopartscenter24.com\/auton-varaosat\/2-4-d-d5244t5-moottori-volvo-s60-s80-xc90\/"]}]},{"@type":"ImageObject","inLanguage":"nb-NO","@id":"https:\/\/autopartscenter24.com\/auton-varaosat\/2-4-d-d5244t5-moottori-volvo-s60-s80-xc90\/#primaryimage","url":"https:\/\/autopartscenter24.com\/wp-content\/uploads\/2023\/03\/2-4-d-D5244T5-moottori-volvo-s60-s80-xc90.webp","contentUrl":"https:\/\/autopartscenter24.com\/wp-content\/uploads\/2023\/03\/2-4-d-D5244T5-moottori-volvo-s60-s80-xc90.webp","width":800,"height":600},{"@type":"BreadcrumbList","@id":"https:\/\/autopartscenter24.com\/auton-varaosat\/2-4-d-d5244t5-moottori-volvo-s60-s80-xc90\/#breadcrumb","itemListElement":[{"@type":"ListItem","position":1,"name":"Hjem","item":"https:\/\/aliceblue-termite-662564.hostingersite.com\/"},{"@type":"ListItem","position":2,"name":"Auton varaosat","item":"https:\/\/aliceblue-termite-662564.hostingersite.com\/auton-varaosat\/"},{"@type":"ListItem","position":3,"name":"2.4 D &#8221;D5244T5&#8221;-motor [f.eks. S60, V70, XC70, XC90]"}]},{"@type":"WebSite","@id":"https:\/\/autopartscenter24.com\/#website","url":"https:\/\/autopartscenter24.com\/","name":"Autopartscenter24","description":"K\u00c4YTETYT JA KUNNOSTETUT  AUTON VARAOSAT","potentialAction":[{"@type":"SearchAction","target":{"@type":"EntryPoint","urlTemplate":"https:\/\/autopartscenter24.com\/?s={search_term_string}"},"query-input":{"@type":"PropertyValueSpecification","valueRequired":true,"valueName":"search_term_string"}}],"inLanguage":"nb-NO"}]}},"_links":{"self":[{"href":"https:\/\/autopartscenter24.com\/no\/wp-json\/wp\/v2\/product\/5746","targetHints":{"allow":["GET"]}}],"collection":[{"href":"https:\/\/autopartscenter24.com\/no\/wp-json\/wp\/v2\/product"}],"about":[{"href":"https:\/\/autopartscenter24.com\/no\/wp-json\/wp\/v2\/types\/product"}],"wp:featuredmedia":[{"embeddable":true,"href":"https:\/\/autopartscenter24.com\/no\/wp-json\/wp\/v2\/media\/4642"}],"wp:attachment":[{"href":"https:\/\/autopartscenter24.com\/no\/wp-json\/wp\/v2\/media?parent=5746"}],"wp:term":[{"taxonomy":"product_brand","embeddable":true,"href":"https:\/\/autopartscenter24.com\/no\/wp-json\/wp\/v2\/product_brand?post=5746"},{"taxonomy":"product_cat","embeddable":true,"href":"https:\/\/autopartscenter24.com\/no\/wp-json\/wp\/v2\/product_cat?post=5746"},{"taxonomy":"product_tag","embeddable":true,"href":"https:\/\/autopartscenter24.com\/no\/wp-json\/wp\/v2\/product_tag?post=5746"}],"curies":[{"name":"wp","href":"https:\/\/api.w.org\/{rel}","templated":true}]}}