{"id":5745,"date":"2023-03-05T20:02:28","date_gmt":"2023-12-02T13:04:16","guid":{"rendered":"https:\/\/autopartscenter24.com\/product\/2-0-d5204t5-motor-f-eks-v70v60s60-v40xc-60\/"},"modified":"2023-12-02T14:04:16","modified_gmt":"2023-12-02T13:04:16","slug":"2-0-d5204t5-motor-f-eks-v70v60s60-v40xc-60","status":"publish","type":"product","link":"https:\/\/autopartscenter24.com\/no\/auton-varaosat\/2-0-d5204t5-motor-f-eks-v70v60s60-v40xc-60\/","title":{"rendered":"2.0 &laquo;D5204T5&raquo; motor [f.eks. V70,V60,S60 V40,XC-60]"},"content":{"rendered":"<p><strong>Volvo D5204T5<\/strong> er en motormodellkode som er montert p\u00e5 flere Volvo-modeller. Denne motoren er en firesylindret dieselmotor med mange tekniske egenskaper som gj\u00f8r den effektiv og p\u00e5litelig.<\/p>\n<p><strong>D5204T5-motoren<\/strong> har 16 ventiler og et direkteinnspr\u00f8ytningssystem som forbedrer motorens drivstoff\u00f8konomi og reduserer utslipp. Motoren er ogs\u00e5 utstyrt med dobbel VVT-teknologi som bidrar til \u00e5 optimalisere motorytelsen og forbedre drivstoffeffektiviteten.<\/p>\n<p>Denne motoren er en turbodiesel med intercooler. Dette forbedrer motorytelsen og reduserer eksosutslippene. Maksimal effekt p\u00e5 motoren er 190 hk og dreiemomentet er 400 Nm.<\/p>\n<p>Holdbare materialer av h\u00f8y kvalitet har blitt brukt i utformingen av D5204T5-motoren, som gj\u00f8r den p\u00e5litelig og langvarig. Motoren har ogs\u00e5 et optimert oljesirkulasjonssystem som forbedrer motorsm\u00f8ringen og reduserer slitasje.<\/p>\n<p>Volvo D5204T5 har blitt brukt i flere ulike Volvo-modeller, inkludert Volvo V60, Volvo XC60, Volvo S60 og Volvo V70. Denne moottVolvo D5204T5 har blitt brukt i flere Volvo-modeller, inkludert Volvo V60, Volvo XC60, Volvo S60 og Volvo V70.ori er en av de mest popul\u00e6re motorene i Volvo-serien p\u00e5 grunn av sin effektivitet og p\u00e5litelighet.<\/p>\n<p>Volvo D5204T5 er ogs\u00e5 et popul\u00e6rt valg for milj\u00f8bevisste sj\u00e5f\u00f8rer, siden den oppfyller strenge utslippskrav og tilbyr utmerket drivstoff\u00f8konomi. Motorvedlikeholdsintervallene er ogs\u00e5 relativt lange, noe som sparer eiere penger og tid n\u00e5r det gjelder vedlikehold.<\/p>\n<p>Oppsummert er Volvo D5204T5 en kraftig, p\u00e5litelig og milj\u00f8vennlig motor designet for lang levetid og ytelse. Den har vist seg \u00e5 v\u00e6re et utmerket valg i flere Volvo-modeller og fortsetter \u00e5 v\u00e6re en av de beste dieselmotorene p\u00e5 markedet.<\/p>\n","protected":false},"excerpt":{"rendered":"<p>N\u00f8kkelferdige biler med D5204T5-motor:<\/p>\n<ul>\n<li>Volvo V60<\/li>\n<li>Volvo XC60<\/li>\n<li>Volvo S60<\/li>\n<li>Volvo V70<\/li>\n<li>Volvo S80<\/li>\n<li>Volvo V40<\/li>\n<\/ul>\n","protected":false},"featured_media":4647,"template":"","meta":[],"product_brand":[],"product_cat":[642],"product_tag":[904,905,921,922,923,934],"class_list":{"0":"post-5745","1":"product","2":"type-product","3":"status-publish","4":"has-post-thumbnail","6":"product_cat-volvo-no","7":"product_tag-s60-no","8":"product_tag-s80-no","9":"product_tag-v40-no","10":"product_tag-v60-no","11":"product_tag-v70-no","12":"product_tag-xc-60-no","13":"pa_varaosan-osasto-motor-no","16":"first","17":"instock","18":"shipping-taxable","19":"product-type-simple"},"yoast_head":"<!-- This site is optimized with the Yoast SEO plugin v26.8 - https:\/\/yoast.com\/product\/yoast-seo-wordpress\/ -->\n<title>2.0 &quot;D5204T5&quot; motor [f.eks. V70,V60,S60 V40,XC-60]<\/title>\n<meta name=\"description\" content=\"En av motorene vi ofte har tilgjengelig. Send en foresp\u00f8rsel og du vil motta et tilbud innen 24 timer. Motorer, girkasser og andre bildeler med garanti.\" \/>\n<meta name=\"robots\" content=\"index, follow, max-snippet:-1, max-image-preview:large, max-video-preview:-1\" \/>\n<link rel=\"canonical\" href=\"https:\/\/autopartscenter24.com\/no\/auton-varaosat\/2-0-d5204t5-moottori-v40-v70-s60-v60\/\" \/>\n<meta property=\"og:locale\" content=\"nb_NO\" \/>\n<meta property=\"og:type\" content=\"article\" \/>\n<meta property=\"og:title\" content=\"2.0 &quot;D5204T5&quot; motor [f.eks. V70,V60,S60 V40,XC-60]\" \/>\n<meta property=\"og:description\" content=\"En av motorene vi ofte har tilgjengelig. Send en foresp\u00f8rsel og du vil motta et tilbud innen 24 timer. Motorer, girkasser og andre bildeler med garanti.\" \/>\n<meta property=\"og:url\" content=\"https:\/\/autopartscenter24.com\/no\/auton-varaosat\/2-0-d5204t5-moottori-v40-v70-s60-v60\/\" \/>\n<meta property=\"og:site_name\" content=\"Autopartscenter24\" \/>\n<meta property=\"og:image\" content=\"https:\/\/autopartscenter24.com\/wp-content\/uploads\/2023\/03\/2-0-D5204T5-moottori-volvo-s60-c30-c70-v50.webp\" \/>\n\t<meta property=\"og:image:width\" content=\"800\" \/>\n\t<meta property=\"og:image:height\" content=\"600\" \/>\n\t<meta property=\"og:image:type\" content=\"image\/webp\" \/>\n<meta name=\"twitter:card\" content=\"summary_large_image\" \/>\n<meta name=\"twitter:label1\" content=\"Ansl. lesetid\" \/>\n\t<meta name=\"twitter:data1\" content=\"1 minutt\" \/>\n<script type=\"application\/ld+json\" class=\"yoast-schema-graph\">{\"@context\":\"https:\/\/schema.org\",\"@graph\":[{\"@type\":\"WebPage\",\"@id\":\"https:\/\/autopartscenter24.com\/auton-varaosat\/2-0-d5204t5-moottori-v40-v70-s60-v60\/\",\"url\":\"https:\/\/autopartscenter24.com\/auton-varaosat\/2-0-d5204t5-moottori-v40-v70-s60-v60\/\",\"name\":\"2.0 \\\"D5204T5\\\" motor [f.eks. V70,V60,S60 V40,XC-60]\",\"isPartOf\":{\"@id\":\"https:\/\/autopartscenter24.com\/#website\"},\"primaryImageOfPage\":{\"@id\":\"https:\/\/autopartscenter24.com\/auton-varaosat\/2-0-d5204t5-moottori-v40-v70-s60-v60\/#primaryimage\"},\"image\":{\"@id\":\"https:\/\/autopartscenter24.com\/auton-varaosat\/2-0-d5204t5-moottori-v40-v70-s60-v60\/#primaryimage\"},\"thumbnailUrl\":\"https:\/\/autopartscenter24.com\/wp-content\/uploads\/2023\/03\/2-0-D5204T5-moottori-volvo-s60-c30-c70-v50.webp\",\"datePublished\":\"2023-12-02T13:04:16+00:00\",\"description\":\"En av motorene vi ofte har tilgjengelig. Send en foresp\u00f8rsel og du vil motta et tilbud innen 24 timer. Motorer, girkasser og andre bildeler med garanti.\",\"breadcrumb\":{\"@id\":\"https:\/\/autopartscenter24.com\/auton-varaosat\/2-0-d5204t5-moottori-v40-v70-s60-v60\/#breadcrumb\"},\"inLanguage\":\"nb-NO\",\"potentialAction\":[{\"@type\":\"ReadAction\",\"target\":[\"https:\/\/autopartscenter24.com\/auton-varaosat\/2-0-d5204t5-moottori-v40-v70-s60-v60\/\"]}]},{\"@type\":\"ImageObject\",\"inLanguage\":\"nb-NO\",\"@id\":\"https:\/\/autopartscenter24.com\/auton-varaosat\/2-0-d5204t5-moottori-v40-v70-s60-v60\/#primaryimage\",\"url\":\"https:\/\/autopartscenter24.com\/wp-content\/uploads\/2023\/03\/2-0-D5204T5-moottori-volvo-s60-c30-c70-v50.webp\",\"contentUrl\":\"https:\/\/autopartscenter24.com\/wp-content\/uploads\/2023\/03\/2-0-D5204T5-moottori-volvo-s60-c30-c70-v50.webp\",\"width\":800,\"height\":600},{\"@type\":\"BreadcrumbList\",\"@id\":\"https:\/\/autopartscenter24.com\/auton-varaosat\/2-0-d5204t5-moottori-v40-v70-s60-v60\/#breadcrumb\",\"itemListElement\":[{\"@type\":\"ListItem\",\"position\":1,\"name\":\"Hjem\",\"item\":\"https:\/\/aliceblue-termite-662564.hostingersite.com\/\"},{\"@type\":\"ListItem\",\"position\":2,\"name\":\"Auton varaosat\",\"item\":\"https:\/\/aliceblue-termite-662564.hostingersite.com\/auton-varaosat\/\"},{\"@type\":\"ListItem\",\"position\":3,\"name\":\"2.0 &#8221;D5204T5&#8221; motor [f.eks. V70,V60,S60 V40,XC-60]\"}]},{\"@type\":\"WebSite\",\"@id\":\"https:\/\/autopartscenter24.com\/#website\",\"url\":\"https:\/\/autopartscenter24.com\/\",\"name\":\"Autopartscenter24\",\"description\":\"K\u00c4YTETYT JA KUNNOSTETUT  AUTON VARAOSAT\",\"potentialAction\":[{\"@type\":\"SearchAction\",\"target\":{\"@type\":\"EntryPoint\",\"urlTemplate\":\"https:\/\/autopartscenter24.com\/?s={search_term_string}\"},\"query-input\":{\"@type\":\"PropertyValueSpecification\",\"valueRequired\":true,\"valueName\":\"search_term_string\"}}],\"inLanguage\":\"nb-NO\"}]}<\/script>\n<!-- \/ Yoast SEO plugin. -->","yoast_head_json":{"title":"2.0 \"D5204T5\" motor [f.eks. V70,V60,S60 V40,XC-60]","description":"En av motorene vi ofte har tilgjengelig. Send en foresp\u00f8rsel og du vil motta et tilbud innen 24 timer. Motorer, girkasser og andre bildeler med garanti.","robots":{"index":"index","follow":"follow","max-snippet":"max-snippet:-1","max-image-preview":"max-image-preview:large","max-video-preview":"max-video-preview:-1"},"canonical":"https:\/\/autopartscenter24.com\/no\/auton-varaosat\/2-0-d5204t5-moottori-v40-v70-s60-v60\/","og_locale":"nb_NO","og_type":"article","og_title":"2.0 \"D5204T5\" motor [f.eks. V70,V60,S60 V40,XC-60]","og_description":"En av motorene vi ofte har tilgjengelig. Send en foresp\u00f8rsel og du vil motta et tilbud innen 24 timer. Motorer, girkasser og andre bildeler med garanti.","og_url":"https:\/\/autopartscenter24.com\/no\/auton-varaosat\/2-0-d5204t5-moottori-v40-v70-s60-v60\/","og_site_name":"Autopartscenter24","og_image":[{"width":800,"height":600,"url":"https:\/\/autopartscenter24.com\/wp-content\/uploads\/2023\/03\/2-0-D5204T5-moottori-volvo-s60-c30-c70-v50.webp","type":"image\/webp"}],"twitter_card":"summary_large_image","twitter_misc":{"Ansl. lesetid":"1 minutt"},"schema":{"@context":"https:\/\/schema.org","@graph":[{"@type":"WebPage","@id":"https:\/\/autopartscenter24.com\/auton-varaosat\/2-0-d5204t5-moottori-v40-v70-s60-v60\/","url":"https:\/\/autopartscenter24.com\/auton-varaosat\/2-0-d5204t5-moottori-v40-v70-s60-v60\/","name":"2.0 \"D5204T5\" motor [f.eks. V70,V60,S60 V40,XC-60]","isPartOf":{"@id":"https:\/\/autopartscenter24.com\/#website"},"primaryImageOfPage":{"@id":"https:\/\/autopartscenter24.com\/auton-varaosat\/2-0-d5204t5-moottori-v40-v70-s60-v60\/#primaryimage"},"image":{"@id":"https:\/\/autopartscenter24.com\/auton-varaosat\/2-0-d5204t5-moottori-v40-v70-s60-v60\/#primaryimage"},"thumbnailUrl":"https:\/\/autopartscenter24.com\/wp-content\/uploads\/2023\/03\/2-0-D5204T5-moottori-volvo-s60-c30-c70-v50.webp","datePublished":"2023-12-02T13:04:16+00:00","description":"En av motorene vi ofte har tilgjengelig. Send en foresp\u00f8rsel og du vil motta et tilbud innen 24 timer. Motorer, girkasser og andre bildeler med garanti.","breadcrumb":{"@id":"https:\/\/autopartscenter24.com\/auton-varaosat\/2-0-d5204t5-moottori-v40-v70-s60-v60\/#breadcrumb"},"inLanguage":"nb-NO","potentialAction":[{"@type":"ReadAction","target":["https:\/\/autopartscenter24.com\/auton-varaosat\/2-0-d5204t5-moottori-v40-v70-s60-v60\/"]}]},{"@type":"ImageObject","inLanguage":"nb-NO","@id":"https:\/\/autopartscenter24.com\/auton-varaosat\/2-0-d5204t5-moottori-v40-v70-s60-v60\/#primaryimage","url":"https:\/\/autopartscenter24.com\/wp-content\/uploads\/2023\/03\/2-0-D5204T5-moottori-volvo-s60-c30-c70-v50.webp","contentUrl":"https:\/\/autopartscenter24.com\/wp-content\/uploads\/2023\/03\/2-0-D5204T5-moottori-volvo-s60-c30-c70-v50.webp","width":800,"height":600},{"@type":"BreadcrumbList","@id":"https:\/\/autopartscenter24.com\/auton-varaosat\/2-0-d5204t5-moottori-v40-v70-s60-v60\/#breadcrumb","itemListElement":[{"@type":"ListItem","position":1,"name":"Hjem","item":"https:\/\/aliceblue-termite-662564.hostingersite.com\/"},{"@type":"ListItem","position":2,"name":"Auton varaosat","item":"https:\/\/aliceblue-termite-662564.hostingersite.com\/auton-varaosat\/"},{"@type":"ListItem","position":3,"name":"2.0 &#8221;D5204T5&#8221; motor [f.eks. V70,V60,S60 V40,XC-60]"}]},{"@type":"WebSite","@id":"https:\/\/autopartscenter24.com\/#website","url":"https:\/\/autopartscenter24.com\/","name":"Autopartscenter24","description":"K\u00c4YTETYT JA KUNNOSTETUT  AUTON VARAOSAT","potentialAction":[{"@type":"SearchAction","target":{"@type":"EntryPoint","urlTemplate":"https:\/\/autopartscenter24.com\/?s={search_term_string}"},"query-input":{"@type":"PropertyValueSpecification","valueRequired":true,"valueName":"search_term_string"}}],"inLanguage":"nb-NO"}]}},"_links":{"self":[{"href":"https:\/\/autopartscenter24.com\/no\/wp-json\/wp\/v2\/product\/5745","targetHints":{"allow":["GET"]}}],"collection":[{"href":"https:\/\/autopartscenter24.com\/no\/wp-json\/wp\/v2\/product"}],"about":[{"href":"https:\/\/autopartscenter24.com\/no\/wp-json\/wp\/v2\/types\/product"}],"wp:featuredmedia":[{"embeddable":true,"href":"https:\/\/autopartscenter24.com\/no\/wp-json\/wp\/v2\/media\/4647"}],"wp:attachment":[{"href":"https:\/\/autopartscenter24.com\/no\/wp-json\/wp\/v2\/media?parent=5745"}],"wp:term":[{"taxonomy":"product_brand","embeddable":true,"href":"https:\/\/autopartscenter24.com\/no\/wp-json\/wp\/v2\/product_brand?post=5745"},{"taxonomy":"product_cat","embeddable":true,"href":"https:\/\/autopartscenter24.com\/no\/wp-json\/wp\/v2\/product_cat?post=5745"},{"taxonomy":"product_tag","embeddable":true,"href":"https:\/\/autopartscenter24.com\/no\/wp-json\/wp\/v2\/product_tag?post=5745"}],"curies":[{"name":"wp","href":"https:\/\/api.w.org\/{rel}","templated":true}]}}