{"id":5744,"date":"2023-03-05T20:07:57","date_gmt":"2023-12-02T13:01:31","guid":{"rendered":"https:\/\/autopartscenter24.com\/product\/1-2-hr12-motor-f-eks-nissan-micra-note-cube\/"},"modified":"2023-12-02T14:01:31","modified_gmt":"2023-12-02T13:01:31","slug":"1-2-hr12-motor-f-eks-nissan-micra-note-cube","status":"publish","type":"product","link":"https:\/\/autopartscenter24.com\/no\/auton-varaosat\/1-2-hr12-motor-f-eks-nissan-micra-note-cube\/","title":{"rendered":"1.2 &laquo;HR12&raquo; motor [f.eks. Nissan Micra, Note, Cube]"},"content":{"rendered":"<p><strong>Nissans HR12-motor<\/strong> er en liten, men kraftig motor designet hovedsakelig for bykj\u00f8ring. Denne motoren er sv\u00e6rt drivstoffeffektiv, men tilbyr fortsatt moderat ytelse, noe som gj\u00f8r den til en god passform for sm\u00e5 biler. Avanserte teknologier har blitt brukt i utformingen av motoren, noe som gj\u00f8r den sv\u00e6rt p\u00e5litelig og langvarig.<\/p>\n<p>HR12-motoren har et slagvolum p\u00e5 1,2 liter og bruker fire sylindre. Maksimal effekt p\u00e5 motoren er ca 79 hestekrefter og maksimalt dreiemoment er ca 106 Nm. Denne motoren er utstyrt med flerpunktsinjeksjon for \u00e5 optimalisere drivstoff\u00f8konomien. Motoren har ogs\u00e5 kontinuerlig variabel ventiltiming, som bidrar til \u00e5 forbedre drivstoff\u00f8konomien og redusere utslipp.<\/p>\n<p>HR12-motoren er lett og kompakt, noe som gj\u00f8r den veldig praktisk for mindre biler. Motoren er ogs\u00e5 utstyrt med et ultralett registerreimdriftssystem som bidrar til \u00e5 redusere drivstofforbruket og forbedre ytelsen.<\/p>\n","protected":false},"excerpt":{"rendered":"<p>HR12-motoren har blitt brukt i flere Nissan-biler, som Nissan Micra, Note og Cube. Motoren har ogs\u00e5 blitt brukt i mange andre merker, som Renault og Dacia. HR12-motoren har v\u00e6rt et veldig popul\u00e6rt valg i sm\u00e5 bybiler p\u00e5 grunn av sin \u00f8konomi og p\u00e5litelighet.<\/p>\n","protected":false},"featured_media":4652,"template":"","meta":[],"product_brand":[],"product_cat":[600],"product_tag":[886,889],"class_list":{"0":"post-5744","1":"product","2":"type-product","3":"status-publish","4":"has-post-thumbnail","6":"product_cat-nissan-no","7":"product_tag-micra-no","8":"product_tag-note-no","9":"pa_varaosan-osasto-motor-no","12":"first","13":"instock","14":"shipping-taxable","15":"product-type-simple"},"yoast_head":"<!-- This site is optimized with the Yoast SEO plugin v26.8 - https:\/\/yoast.com\/product\/yoast-seo-wordpress\/ -->\n<title>1.2 &quot;HR12&quot; motor [f.eks. Nissan Micra, Note, Cube]<\/title>\n<meta name=\"description\" content=\"En av motorene vi ofte har tilgjengelig. Send en foresp\u00f8rsel og du vil motta et tilbud innen 24 timer. Motorer, girkasser og andre bildeler med garanti.\" \/>\n<meta name=\"robots\" content=\"index, follow, max-snippet:-1, max-image-preview:large, max-video-preview:-1\" \/>\n<link rel=\"canonical\" href=\"https:\/\/autopartscenter24.com\/no\/auton-varaosat\/1-2-hr12-moottori-nissan-micra-iv-note\/\" \/>\n<meta property=\"og:locale\" content=\"nb_NO\" \/>\n<meta property=\"og:type\" content=\"article\" \/>\n<meta property=\"og:title\" content=\"1.2 &quot;HR12&quot; motor [f.eks. Nissan Micra, Note, Cube]\" \/>\n<meta property=\"og:description\" content=\"En av motorene vi ofte har tilgjengelig. Send en foresp\u00f8rsel og du vil motta et tilbud innen 24 timer. Motorer, girkasser og andre bildeler med garanti.\" \/>\n<meta property=\"og:url\" content=\"https:\/\/autopartscenter24.com\/no\/auton-varaosat\/1-2-hr12-moottori-nissan-micra-iv-note\/\" \/>\n<meta property=\"og:site_name\" content=\"Autopartscenter24\" \/>\n<meta property=\"og:image\" content=\"https:\/\/autopartscenter24.com\/wp-content\/uploads\/2023\/03\/1-2-HR12-moottori-nissan-micra-iv-note.webp\" \/>\n\t<meta property=\"og:image:width\" content=\"800\" \/>\n\t<meta property=\"og:image:height\" content=\"600\" \/>\n\t<meta property=\"og:image:type\" content=\"image\/webp\" \/>\n<meta name=\"twitter:card\" content=\"summary_large_image\" \/>\n<meta name=\"twitter:label1\" content=\"Ansl. lesetid\" \/>\n\t<meta name=\"twitter:data1\" content=\"1 minutt\" \/>\n<script type=\"application\/ld+json\" class=\"yoast-schema-graph\">{\"@context\":\"https:\/\/schema.org\",\"@graph\":[{\"@type\":\"WebPage\",\"@id\":\"https:\/\/autopartscenter24.com\/auton-varaosat\/1-2-hr12-moottori-nissan-micra-iv-note\/\",\"url\":\"https:\/\/autopartscenter24.com\/auton-varaosat\/1-2-hr12-moottori-nissan-micra-iv-note\/\",\"name\":\"1.2 \\\"HR12\\\" motor [f.eks. Nissan Micra, Note, Cube]\",\"isPartOf\":{\"@id\":\"https:\/\/autopartscenter24.com\/#website\"},\"primaryImageOfPage\":{\"@id\":\"https:\/\/autopartscenter24.com\/auton-varaosat\/1-2-hr12-moottori-nissan-micra-iv-note\/#primaryimage\"},\"image\":{\"@id\":\"https:\/\/autopartscenter24.com\/auton-varaosat\/1-2-hr12-moottori-nissan-micra-iv-note\/#primaryimage\"},\"thumbnailUrl\":\"https:\/\/autopartscenter24.com\/wp-content\/uploads\/2023\/03\/1-2-HR12-moottori-nissan-micra-iv-note.webp\",\"datePublished\":\"2023-12-02T13:01:31+00:00\",\"description\":\"En av motorene vi ofte har tilgjengelig. Send en foresp\u00f8rsel og du vil motta et tilbud innen 24 timer. Motorer, girkasser og andre bildeler med garanti.\",\"breadcrumb\":{\"@id\":\"https:\/\/autopartscenter24.com\/auton-varaosat\/1-2-hr12-moottori-nissan-micra-iv-note\/#breadcrumb\"},\"inLanguage\":\"nb-NO\",\"potentialAction\":[{\"@type\":\"ReadAction\",\"target\":[\"https:\/\/autopartscenter24.com\/auton-varaosat\/1-2-hr12-moottori-nissan-micra-iv-note\/\"]}]},{\"@type\":\"ImageObject\",\"inLanguage\":\"nb-NO\",\"@id\":\"https:\/\/autopartscenter24.com\/auton-varaosat\/1-2-hr12-moottori-nissan-micra-iv-note\/#primaryimage\",\"url\":\"https:\/\/autopartscenter24.com\/wp-content\/uploads\/2023\/03\/1-2-HR12-moottori-nissan-micra-iv-note.webp\",\"contentUrl\":\"https:\/\/autopartscenter24.com\/wp-content\/uploads\/2023\/03\/1-2-HR12-moottori-nissan-micra-iv-note.webp\",\"width\":800,\"height\":600},{\"@type\":\"BreadcrumbList\",\"@id\":\"https:\/\/autopartscenter24.com\/auton-varaosat\/1-2-hr12-moottori-nissan-micra-iv-note\/#breadcrumb\",\"itemListElement\":[{\"@type\":\"ListItem\",\"position\":1,\"name\":\"Hjem\",\"item\":\"https:\/\/aliceblue-termite-662564.hostingersite.com\/\"},{\"@type\":\"ListItem\",\"position\":2,\"name\":\"Auton varaosat\",\"item\":\"https:\/\/aliceblue-termite-662564.hostingersite.com\/auton-varaosat\/\"},{\"@type\":\"ListItem\",\"position\":3,\"name\":\"1.2 &#8221;HR12&#8221; motor [f.eks. Nissan Micra, Note, Cube]\"}]},{\"@type\":\"WebSite\",\"@id\":\"https:\/\/autopartscenter24.com\/#website\",\"url\":\"https:\/\/autopartscenter24.com\/\",\"name\":\"Autopartscenter24\",\"description\":\"K\u00c4YTETYT JA KUNNOSTETUT  AUTON VARAOSAT\",\"potentialAction\":[{\"@type\":\"SearchAction\",\"target\":{\"@type\":\"EntryPoint\",\"urlTemplate\":\"https:\/\/autopartscenter24.com\/?s={search_term_string}\"},\"query-input\":{\"@type\":\"PropertyValueSpecification\",\"valueRequired\":true,\"valueName\":\"search_term_string\"}}],\"inLanguage\":\"nb-NO\"}]}<\/script>\n<!-- \/ Yoast SEO plugin. -->","yoast_head_json":{"title":"1.2 \"HR12\" motor [f.eks. Nissan Micra, Note, Cube]","description":"En av motorene vi ofte har tilgjengelig. Send en foresp\u00f8rsel og du vil motta et tilbud innen 24 timer. Motorer, girkasser og andre bildeler med garanti.","robots":{"index":"index","follow":"follow","max-snippet":"max-snippet:-1","max-image-preview":"max-image-preview:large","max-video-preview":"max-video-preview:-1"},"canonical":"https:\/\/autopartscenter24.com\/no\/auton-varaosat\/1-2-hr12-moottori-nissan-micra-iv-note\/","og_locale":"nb_NO","og_type":"article","og_title":"1.2 \"HR12\" motor [f.eks. Nissan Micra, Note, Cube]","og_description":"En av motorene vi ofte har tilgjengelig. Send en foresp\u00f8rsel og du vil motta et tilbud innen 24 timer. Motorer, girkasser og andre bildeler med garanti.","og_url":"https:\/\/autopartscenter24.com\/no\/auton-varaosat\/1-2-hr12-moottori-nissan-micra-iv-note\/","og_site_name":"Autopartscenter24","og_image":[{"width":800,"height":600,"url":"https:\/\/autopartscenter24.com\/wp-content\/uploads\/2023\/03\/1-2-HR12-moottori-nissan-micra-iv-note.webp","type":"image\/webp"}],"twitter_card":"summary_large_image","twitter_misc":{"Ansl. lesetid":"1 minutt"},"schema":{"@context":"https:\/\/schema.org","@graph":[{"@type":"WebPage","@id":"https:\/\/autopartscenter24.com\/auton-varaosat\/1-2-hr12-moottori-nissan-micra-iv-note\/","url":"https:\/\/autopartscenter24.com\/auton-varaosat\/1-2-hr12-moottori-nissan-micra-iv-note\/","name":"1.2 \"HR12\" motor [f.eks. Nissan Micra, Note, Cube]","isPartOf":{"@id":"https:\/\/autopartscenter24.com\/#website"},"primaryImageOfPage":{"@id":"https:\/\/autopartscenter24.com\/auton-varaosat\/1-2-hr12-moottori-nissan-micra-iv-note\/#primaryimage"},"image":{"@id":"https:\/\/autopartscenter24.com\/auton-varaosat\/1-2-hr12-moottori-nissan-micra-iv-note\/#primaryimage"},"thumbnailUrl":"https:\/\/autopartscenter24.com\/wp-content\/uploads\/2023\/03\/1-2-HR12-moottori-nissan-micra-iv-note.webp","datePublished":"2023-12-02T13:01:31+00:00","description":"En av motorene vi ofte har tilgjengelig. Send en foresp\u00f8rsel og du vil motta et tilbud innen 24 timer. Motorer, girkasser og andre bildeler med garanti.","breadcrumb":{"@id":"https:\/\/autopartscenter24.com\/auton-varaosat\/1-2-hr12-moottori-nissan-micra-iv-note\/#breadcrumb"},"inLanguage":"nb-NO","potentialAction":[{"@type":"ReadAction","target":["https:\/\/autopartscenter24.com\/auton-varaosat\/1-2-hr12-moottori-nissan-micra-iv-note\/"]}]},{"@type":"ImageObject","inLanguage":"nb-NO","@id":"https:\/\/autopartscenter24.com\/auton-varaosat\/1-2-hr12-moottori-nissan-micra-iv-note\/#primaryimage","url":"https:\/\/autopartscenter24.com\/wp-content\/uploads\/2023\/03\/1-2-HR12-moottori-nissan-micra-iv-note.webp","contentUrl":"https:\/\/autopartscenter24.com\/wp-content\/uploads\/2023\/03\/1-2-HR12-moottori-nissan-micra-iv-note.webp","width":800,"height":600},{"@type":"BreadcrumbList","@id":"https:\/\/autopartscenter24.com\/auton-varaosat\/1-2-hr12-moottori-nissan-micra-iv-note\/#breadcrumb","itemListElement":[{"@type":"ListItem","position":1,"name":"Hjem","item":"https:\/\/aliceblue-termite-662564.hostingersite.com\/"},{"@type":"ListItem","position":2,"name":"Auton varaosat","item":"https:\/\/aliceblue-termite-662564.hostingersite.com\/auton-varaosat\/"},{"@type":"ListItem","position":3,"name":"1.2 &#8221;HR12&#8221; motor [f.eks. Nissan Micra, Note, Cube]"}]},{"@type":"WebSite","@id":"https:\/\/autopartscenter24.com\/#website","url":"https:\/\/autopartscenter24.com\/","name":"Autopartscenter24","description":"K\u00c4YTETYT JA KUNNOSTETUT  AUTON VARAOSAT","potentialAction":[{"@type":"SearchAction","target":{"@type":"EntryPoint","urlTemplate":"https:\/\/autopartscenter24.com\/?s={search_term_string}"},"query-input":{"@type":"PropertyValueSpecification","valueRequired":true,"valueName":"search_term_string"}}],"inLanguage":"nb-NO"}]}},"_links":{"self":[{"href":"https:\/\/autopartscenter24.com\/no\/wp-json\/wp\/v2\/product\/5744","targetHints":{"allow":["GET"]}}],"collection":[{"href":"https:\/\/autopartscenter24.com\/no\/wp-json\/wp\/v2\/product"}],"about":[{"href":"https:\/\/autopartscenter24.com\/no\/wp-json\/wp\/v2\/types\/product"}],"wp:featuredmedia":[{"embeddable":true,"href":"https:\/\/autopartscenter24.com\/no\/wp-json\/wp\/v2\/media\/4652"}],"wp:attachment":[{"href":"https:\/\/autopartscenter24.com\/no\/wp-json\/wp\/v2\/media?parent=5744"}],"wp:term":[{"taxonomy":"product_brand","embeddable":true,"href":"https:\/\/autopartscenter24.com\/no\/wp-json\/wp\/v2\/product_brand?post=5744"},{"taxonomy":"product_cat","embeddable":true,"href":"https:\/\/autopartscenter24.com\/no\/wp-json\/wp\/v2\/product_cat?post=5744"},{"taxonomy":"product_tag","embeddable":true,"href":"https:\/\/autopartscenter24.com\/no\/wp-json\/wp\/v2\/product_tag?post=5744"}],"curies":[{"name":"wp","href":"https:\/\/api.w.org\/{rel}","templated":true}]}}