{"id":5743,"date":"2023-03-05T20:12:38","date_gmt":"2023-12-02T12:59:56","guid":{"rendered":"https:\/\/autopartscenter24.com\/product\/2-0-tdi-bmn-motor-golf-passat-touran-a3-a4-octavia\/"},"modified":"2023-12-02T13:59:56","modified_gmt":"2023-12-02T12:59:56","slug":"2-0-tdi-bmn-motor-golf-passat-touran-a3-a4-octavia","status":"publish","type":"product","link":"https:\/\/autopartscenter24.com\/no\/auton-varaosat\/2-0-tdi-bmn-motor-golf-passat-touran-a3-a4-octavia\/","title":{"rendered":"2.0 TDI &laquo;BMN&raquo; Motor [Golf, Passat, Touran, A3, A4, Octavia]"},"content":{"rendered":"<p><strong>2.0 TDI-motoren (motorkode: BMN)<\/strong> ble utviklet av Volkswagen Group i 2005. Motoren er en firesylindret dieselmotor designet for bruk i biler med forhjulsdrift eller firehjulsdrift. I utformingen av motoren har det blitt lagt spesiell vekt p\u00e5 dens effektivitet og milj\u00f8vennlighet.<\/p>\n<p>BMN-motoren bruker Volkswagen-konsernets vanlige modul\u00e6re dieselmotorteknologi kjent som &laquo;Pumpe-D\u00fcse&raquo; (PD). Motoren er utstyrt med et h\u00f8ytrykks drivstoffsystem som inkluderer to injeksjonsventiler per sylinder. Dette systemet gir mulighet for h\u00f8y drivstoffinnspr\u00f8ytning, som igjen forbedrer drivstoff\u00f8konomien og reduserer eksosutslipp.<\/p>\n<p>BMN-motoren har ogs\u00e5 superlading, som \u00f8ker motoreffekten og dreiemomentet. Motoren har et maksimalt dreiemoment p\u00e5 320 Nm og en toppeffekt p\u00e5 125 kW. Motorturtallsomr\u00e5det er 4200-6000 rpm. Motorens kraft og dreiemoment er optimert slik at motorens ytelse er god i alle turtallsomr\u00e5der.<\/p>\n<p>BMN-motoren er designet for \u00e5 m\u00f8te strenge milj\u00f8standarder. Motoren har et partikkelfilter som reduserer utslipp av eksos. Motoren er ogs\u00e5 designet for lang levetid, s\u00e5 den krever lite vedlikehold.<\/p>\n<p>Viktige punkter:<\/p>\n<ul>\n<li>2.0 TDI motor, motorkode BMN<\/li>\n<li>Firesylindret dieselmotor, designet for bruk i forhjulsdrift eller firehjulsdrift<\/li>\n<li>H\u00f8ytrykks drivstoffsystem fra PD og superladertrykk<\/li>\n<li>Maksimalt dreiemoment 320 Nm og toppeffekt 125 kW<\/li>\n<li>Partikkelfilteret reduserer avgassutslipp<\/li>\n<li>Brukes i Volkswagen Group-biler som Volkswagen Golf GTD, Volkswagen Passat og Volkswagen Touran.<\/li>\n<\/ul>\n","protected":false},"excerpt":{"rendered":"<p>BMN-motoren har blitt brukt i Volkswagen Group-biler, som Volkswagen Golf GTD, Volkswagen Passat og Volkswagen Touran. Den har ogs\u00e5 blitt brukt i biler fra andre produsenter, som Audi A3, Audi A4, Seat Leon og Skoda Octavia.<\/p>\n","protected":false},"featured_media":4657,"template":"","meta":[],"product_brand":[],"product_cat":[484,487,486,485],"product_tag":[488,808,489,880,490,491,492],"class_list":{"0":"post-5743","1":"product","2":"type-product","3":"status-publish","4":"has-post-thumbnail","6":"product_cat-audi-no","7":"product_cat-seat-no","8":"product_cat-skoda-no","9":"product_cat-vw-no","10":"product_tag-a3-no","11":"product_tag-a4-no","12":"product_tag-golf-no","13":"product_tag-leon-no","14":"product_tag-octavia-no","15":"product_tag-passat-no","16":"product_tag-touran-no","17":"pa_varaosan-osasto-motor-no","20":"first","21":"instock","22":"shipping-taxable","23":"product-type-simple"},"yoast_head":"<!-- This site is optimized with the Yoast SEO plugin v26.8 - https:\/\/yoast.com\/product\/yoast-seo-wordpress\/ -->\n<title>2.0 TDI &quot;BMN&quot; Motor [Golf, Passat, Touran, A3, A4, Octavia]<\/title>\n<meta name=\"description\" content=\"En av motorene vi ofte har tilgjengelig. Send en foresp\u00f8rsel og du vil motta et tilbud innen 24 timer. Motorer, girkasser og andre bildeler med garanti.\" \/>\n<meta name=\"robots\" content=\"index, follow, max-snippet:-1, max-image-preview:large, max-video-preview:-1\" \/>\n<link rel=\"canonical\" href=\"https:\/\/autopartscenter24.com\/no\/auton-varaosat\/2-0-tdi-bmn-moottori-vw-golf-leon-toledo\/\" \/>\n<meta property=\"og:locale\" content=\"nb_NO\" \/>\n<meta property=\"og:type\" content=\"article\" \/>\n<meta property=\"og:title\" content=\"2.0 TDI &quot;BMN&quot; Motor [Golf, Passat, Touran, A3, A4, Octavia]\" \/>\n<meta property=\"og:description\" content=\"En av motorene vi ofte har tilgjengelig. Send en foresp\u00f8rsel og du vil motta et tilbud innen 24 timer. Motorer, girkasser og andre bildeler med garanti.\" \/>\n<meta property=\"og:url\" content=\"https:\/\/autopartscenter24.com\/no\/auton-varaosat\/2-0-tdi-bmn-moottori-vw-golf-leon-toledo\/\" \/>\n<meta property=\"og:site_name\" content=\"Autopartscenter24\" \/>\n<meta property=\"og:image\" content=\"https:\/\/autopartscenter24.com\/wp-content\/uploads\/2023\/03\/2-0-tdi-BMN-moottori-vw-golf-leon-toledo.webp\" \/>\n\t<meta property=\"og:image:width\" content=\"800\" \/>\n\t<meta property=\"og:image:height\" content=\"600\" \/>\n\t<meta property=\"og:image:type\" content=\"image\/webp\" \/>\n<meta name=\"twitter:card\" content=\"summary_large_image\" \/>\n<meta name=\"twitter:label1\" content=\"Ansl. lesetid\" \/>\n\t<meta name=\"twitter:data1\" content=\"1 minutt\" \/>\n<script type=\"application\/ld+json\" class=\"yoast-schema-graph\">{\"@context\":\"https:\/\/schema.org\",\"@graph\":[{\"@type\":\"WebPage\",\"@id\":\"https:\/\/autopartscenter24.com\/auton-varaosat\/2-0-tdi-bmn-moottori-vw-golf-leon-toledo\/\",\"url\":\"https:\/\/autopartscenter24.com\/auton-varaosat\/2-0-tdi-bmn-moottori-vw-golf-leon-toledo\/\",\"name\":\"2.0 TDI \\\"BMN\\\" Motor [Golf, Passat, Touran, A3, A4, Octavia]\",\"isPartOf\":{\"@id\":\"https:\/\/autopartscenter24.com\/#website\"},\"primaryImageOfPage\":{\"@id\":\"https:\/\/autopartscenter24.com\/auton-varaosat\/2-0-tdi-bmn-moottori-vw-golf-leon-toledo\/#primaryimage\"},\"image\":{\"@id\":\"https:\/\/autopartscenter24.com\/auton-varaosat\/2-0-tdi-bmn-moottori-vw-golf-leon-toledo\/#primaryimage\"},\"thumbnailUrl\":\"https:\/\/autopartscenter24.com\/wp-content\/uploads\/2023\/03\/2-0-tdi-BMN-moottori-vw-golf-leon-toledo.webp\",\"datePublished\":\"2023-12-02T12:59:56+00:00\",\"description\":\"En av motorene vi ofte har tilgjengelig. Send en foresp\u00f8rsel og du vil motta et tilbud innen 24 timer. Motorer, girkasser og andre bildeler med garanti.\",\"breadcrumb\":{\"@id\":\"https:\/\/autopartscenter24.com\/auton-varaosat\/2-0-tdi-bmn-moottori-vw-golf-leon-toledo\/#breadcrumb\"},\"inLanguage\":\"nb-NO\",\"potentialAction\":[{\"@type\":\"ReadAction\",\"target\":[\"https:\/\/autopartscenter24.com\/auton-varaosat\/2-0-tdi-bmn-moottori-vw-golf-leon-toledo\/\"]}]},{\"@type\":\"ImageObject\",\"inLanguage\":\"nb-NO\",\"@id\":\"https:\/\/autopartscenter24.com\/auton-varaosat\/2-0-tdi-bmn-moottori-vw-golf-leon-toledo\/#primaryimage\",\"url\":\"https:\/\/autopartscenter24.com\/wp-content\/uploads\/2023\/03\/2-0-tdi-BMN-moottori-vw-golf-leon-toledo.webp\",\"contentUrl\":\"https:\/\/autopartscenter24.com\/wp-content\/uploads\/2023\/03\/2-0-tdi-BMN-moottori-vw-golf-leon-toledo.webp\",\"width\":800,\"height\":600},{\"@type\":\"BreadcrumbList\",\"@id\":\"https:\/\/autopartscenter24.com\/auton-varaosat\/2-0-tdi-bmn-moottori-vw-golf-leon-toledo\/#breadcrumb\",\"itemListElement\":[{\"@type\":\"ListItem\",\"position\":1,\"name\":\"Hjem\",\"item\":\"https:\/\/aliceblue-termite-662564.hostingersite.com\/\"},{\"@type\":\"ListItem\",\"position\":2,\"name\":\"Auton varaosat\",\"item\":\"https:\/\/aliceblue-termite-662564.hostingersite.com\/auton-varaosat\/\"},{\"@type\":\"ListItem\",\"position\":3,\"name\":\"2.0 TDI &#8221;BMN&#8221; Motor [Golf, Passat, Touran, A3, A4, Octavia]\"}]},{\"@type\":\"WebSite\",\"@id\":\"https:\/\/autopartscenter24.com\/#website\",\"url\":\"https:\/\/autopartscenter24.com\/\",\"name\":\"Autopartscenter24\",\"description\":\"K\u00c4YTETYT JA KUNNOSTETUT  AUTON VARAOSAT\",\"potentialAction\":[{\"@type\":\"SearchAction\",\"target\":{\"@type\":\"EntryPoint\",\"urlTemplate\":\"https:\/\/autopartscenter24.com\/?s={search_term_string}\"},\"query-input\":{\"@type\":\"PropertyValueSpecification\",\"valueRequired\":true,\"valueName\":\"search_term_string\"}}],\"inLanguage\":\"nb-NO\"}]}<\/script>\n<!-- \/ Yoast SEO plugin. -->","yoast_head_json":{"title":"2.0 TDI \"BMN\" Motor [Golf, Passat, Touran, A3, A4, Octavia]","description":"En av motorene vi ofte har tilgjengelig. Send en foresp\u00f8rsel og du vil motta et tilbud innen 24 timer. Motorer, girkasser og andre bildeler med garanti.","robots":{"index":"index","follow":"follow","max-snippet":"max-snippet:-1","max-image-preview":"max-image-preview:large","max-video-preview":"max-video-preview:-1"},"canonical":"https:\/\/autopartscenter24.com\/no\/auton-varaosat\/2-0-tdi-bmn-moottori-vw-golf-leon-toledo\/","og_locale":"nb_NO","og_type":"article","og_title":"2.0 TDI \"BMN\" Motor [Golf, Passat, Touran, A3, A4, Octavia]","og_description":"En av motorene vi ofte har tilgjengelig. Send en foresp\u00f8rsel og du vil motta et tilbud innen 24 timer. Motorer, girkasser og andre bildeler med garanti.","og_url":"https:\/\/autopartscenter24.com\/no\/auton-varaosat\/2-0-tdi-bmn-moottori-vw-golf-leon-toledo\/","og_site_name":"Autopartscenter24","og_image":[{"width":800,"height":600,"url":"https:\/\/autopartscenter24.com\/wp-content\/uploads\/2023\/03\/2-0-tdi-BMN-moottori-vw-golf-leon-toledo.webp","type":"image\/webp"}],"twitter_card":"summary_large_image","twitter_misc":{"Ansl. lesetid":"1 minutt"},"schema":{"@context":"https:\/\/schema.org","@graph":[{"@type":"WebPage","@id":"https:\/\/autopartscenter24.com\/auton-varaosat\/2-0-tdi-bmn-moottori-vw-golf-leon-toledo\/","url":"https:\/\/autopartscenter24.com\/auton-varaosat\/2-0-tdi-bmn-moottori-vw-golf-leon-toledo\/","name":"2.0 TDI \"BMN\" Motor [Golf, Passat, Touran, A3, A4, Octavia]","isPartOf":{"@id":"https:\/\/autopartscenter24.com\/#website"},"primaryImageOfPage":{"@id":"https:\/\/autopartscenter24.com\/auton-varaosat\/2-0-tdi-bmn-moottori-vw-golf-leon-toledo\/#primaryimage"},"image":{"@id":"https:\/\/autopartscenter24.com\/auton-varaosat\/2-0-tdi-bmn-moottori-vw-golf-leon-toledo\/#primaryimage"},"thumbnailUrl":"https:\/\/autopartscenter24.com\/wp-content\/uploads\/2023\/03\/2-0-tdi-BMN-moottori-vw-golf-leon-toledo.webp","datePublished":"2023-12-02T12:59:56+00:00","description":"En av motorene vi ofte har tilgjengelig. Send en foresp\u00f8rsel og du vil motta et tilbud innen 24 timer. Motorer, girkasser og andre bildeler med garanti.","breadcrumb":{"@id":"https:\/\/autopartscenter24.com\/auton-varaosat\/2-0-tdi-bmn-moottori-vw-golf-leon-toledo\/#breadcrumb"},"inLanguage":"nb-NO","potentialAction":[{"@type":"ReadAction","target":["https:\/\/autopartscenter24.com\/auton-varaosat\/2-0-tdi-bmn-moottori-vw-golf-leon-toledo\/"]}]},{"@type":"ImageObject","inLanguage":"nb-NO","@id":"https:\/\/autopartscenter24.com\/auton-varaosat\/2-0-tdi-bmn-moottori-vw-golf-leon-toledo\/#primaryimage","url":"https:\/\/autopartscenter24.com\/wp-content\/uploads\/2023\/03\/2-0-tdi-BMN-moottori-vw-golf-leon-toledo.webp","contentUrl":"https:\/\/autopartscenter24.com\/wp-content\/uploads\/2023\/03\/2-0-tdi-BMN-moottori-vw-golf-leon-toledo.webp","width":800,"height":600},{"@type":"BreadcrumbList","@id":"https:\/\/autopartscenter24.com\/auton-varaosat\/2-0-tdi-bmn-moottori-vw-golf-leon-toledo\/#breadcrumb","itemListElement":[{"@type":"ListItem","position":1,"name":"Hjem","item":"https:\/\/aliceblue-termite-662564.hostingersite.com\/"},{"@type":"ListItem","position":2,"name":"Auton varaosat","item":"https:\/\/aliceblue-termite-662564.hostingersite.com\/auton-varaosat\/"},{"@type":"ListItem","position":3,"name":"2.0 TDI &#8221;BMN&#8221; Motor [Golf, Passat, Touran, A3, A4, Octavia]"}]},{"@type":"WebSite","@id":"https:\/\/autopartscenter24.com\/#website","url":"https:\/\/autopartscenter24.com\/","name":"Autopartscenter24","description":"K\u00c4YTETYT JA KUNNOSTETUT  AUTON VARAOSAT","potentialAction":[{"@type":"SearchAction","target":{"@type":"EntryPoint","urlTemplate":"https:\/\/autopartscenter24.com\/?s={search_term_string}"},"query-input":{"@type":"PropertyValueSpecification","valueRequired":true,"valueName":"search_term_string"}}],"inLanguage":"nb-NO"}]}},"_links":{"self":[{"href":"https:\/\/autopartscenter24.com\/no\/wp-json\/wp\/v2\/product\/5743","targetHints":{"allow":["GET"]}}],"collection":[{"href":"https:\/\/autopartscenter24.com\/no\/wp-json\/wp\/v2\/product"}],"about":[{"href":"https:\/\/autopartscenter24.com\/no\/wp-json\/wp\/v2\/types\/product"}],"wp:featuredmedia":[{"embeddable":true,"href":"https:\/\/autopartscenter24.com\/no\/wp-json\/wp\/v2\/media\/4657"}],"wp:attachment":[{"href":"https:\/\/autopartscenter24.com\/no\/wp-json\/wp\/v2\/media?parent=5743"}],"wp:term":[{"taxonomy":"product_brand","embeddable":true,"href":"https:\/\/autopartscenter24.com\/no\/wp-json\/wp\/v2\/product_brand?post=5743"},{"taxonomy":"product_cat","embeddable":true,"href":"https:\/\/autopartscenter24.com\/no\/wp-json\/wp\/v2\/product_cat?post=5743"},{"taxonomy":"product_tag","embeddable":true,"href":"https:\/\/autopartscenter24.com\/no\/wp-json\/wp\/v2\/product_tag?post=5743"}],"curies":[{"name":"wp","href":"https:\/\/api.w.org\/{rel}","templated":true}]}}