{"id":5742,"date":"2023-03-05T20:17:28","date_gmt":"2023-12-02T12:56:27","guid":{"rendered":"https:\/\/autopartscenter24.com\/product\/2-0-tdi-cah-motor-f-eks-golf-octavia-exeo-a3-a4\/"},"modified":"2023-12-02T13:56:27","modified_gmt":"2023-12-02T12:56:27","slug":"2-0-tdi-cah-motor-f-eks-golf-octavia-exeo-a3-a4","status":"publish","type":"product","link":"https:\/\/autopartscenter24.com\/no\/auton-varaosat\/2-0-tdi-cah-motor-f-eks-golf-octavia-exeo-a3-a4\/","title":{"rendered":"2.0 TDI &laquo;CAH&raquo; motor [f.eks. Golf, Octavia, Exeo, A3, A4]"},"content":{"rendered":"<p>Volkswagen er en kjent produsent som spesialiserer seg p\u00e5 dieselmotorer av h\u00f8y kvalitet. En av deres mest popul\u00e6re motorer er <strong>2.0 TDI (CAH)<\/strong>, ogs\u00e5 kjent under motorkoden CAHA. Denne motoren er spesialdesignet for sm\u00e5 og mellomstore biler og er en kraftig og \u00f8konomisk motor som gir god ytelse og lavt drivstofforbruk.<\/p>\n<p>2.0 TDI (CAH) er en firesylindret dieselmotor med direkteinnspr\u00f8ytningssystem og turbolader. Motorst\u00f8rrelsen er 1968 cm\u00b3 og den yter opptil 140 hestekrefter og 320 Nm dreiemoment. Effektiviteten til motoren er basert p\u00e5 ytelsen og drivstofforbruket, siden den kan forbruke opptil 4,5 liter drivstoff per 100 kilometer. Dette er et veldig godt tall for en motor som tilbyr ytelse i toppklasse.<\/p>\n<p>2.0 TDI (CAH)-motoren er ogs\u00e5 designet for \u00e5 v\u00e6re holdbar og langvarig. Motoren har mange tekniske nyvinninger som forbedrer effektiviteten og holdbarheten. Motorens veivaksel er konstruert for \u00e5 v\u00e6re sv\u00e6rt slitesterk og t\u00e5le h\u00f8ye turtall i lang tid. Motoren har ogs\u00e5 et tomassesvinghjul, som reduserer vibrasjoner og \u00f8ker motorens holdbarhet.<\/p>\n<p>2.0 TDI (CAH) er en utmerket motor som tilbyr god ytelse og lavt drivstofforbruk. Den er ekstremt slitesterk og langvarig, noe som gj\u00f8r den til et utmerket valg for de som \u00f8nsker en p\u00e5litelig og effektiv motor. Volkswagen har klart \u00e5 lage en av de beste dieselmotorene p\u00e5 markedet og den har f\u00e5tt stor popularitet blant bilistene.<\/p>\n","protected":false},"excerpt":{"rendered":"<p>2.0 TDI (CAH)-motoren har v\u00e6rt mye brukt i Volkswagen Group-biler. Motoren har v\u00e6rt brukt i mange forskjellige bilmodeller, som Volkswagen Golf, Volkswagen Passat, Volkswagen Touran, Volkswagen Jetta, Audi A3, Audi A4, Audi A6 og Skoda Octavia. Alle disse bilene er veldig popul\u00e6re i Europa og er kjent for sin utmerkede ytelse og p\u00e5litelighet.<\/p>\n","protected":false},"featured_media":4662,"template":"","meta":[],"product_brand":[],"product_cat":[484,487,486,485],"product_tag":[488,808,810,497,489,490,491,492],"class_list":{"0":"post-5742","1":"product","2":"type-product","3":"status-publish","4":"has-post-thumbnail","6":"product_cat-audi-no","7":"product_cat-seat-no","8":"product_cat-skoda-no","9":"product_cat-vw-no","10":"product_tag-a3-no","11":"product_tag-a4-no","12":"product_tag-a6-no","13":"product_tag-exeo-no","14":"product_tag-golf-no","15":"product_tag-octavia-no","16":"product_tag-passat-no","17":"product_tag-touran-no","18":"pa_varaosan-osasto-motor-no","21":"first","22":"instock","23":"shipping-taxable","24":"product-type-simple"},"yoast_head":"<!-- This site is optimized with the Yoast SEO plugin v26.8 - https:\/\/yoast.com\/product\/yoast-seo-wordpress\/ -->\n<title>2.0 TDI &quot;CAH&quot; motor [f.eks. Golf, Octavia, Exeo, A3, A4]<\/title>\n<meta name=\"description\" content=\"En av motorene vi ofte har tilgjengelig. Send en foresp\u00f8rsel og du vil motta et tilbud innen 24 timer. Motorer, girkasser og andre bildeler med garanti.\" \/>\n<meta name=\"robots\" content=\"index, follow, max-snippet:-1, max-image-preview:large, max-video-preview:-1\" \/>\n<link rel=\"canonical\" href=\"https:\/\/autopartscenter24.com\/no\/auton-varaosat\/2-0-tdi-cah-moottori-audi-a6-a4-a5-seat-exeo\/\" \/>\n<meta property=\"og:locale\" content=\"nb_NO\" \/>\n<meta property=\"og:type\" content=\"article\" \/>\n<meta property=\"og:title\" content=\"2.0 TDI &quot;CAH&quot; motor [f.eks. Golf, Octavia, Exeo, A3, A4]\" \/>\n<meta property=\"og:description\" content=\"En av motorene vi ofte har tilgjengelig. Send en foresp\u00f8rsel og du vil motta et tilbud innen 24 timer. Motorer, girkasser og andre bildeler med garanti.\" \/>\n<meta property=\"og:url\" content=\"https:\/\/autopartscenter24.com\/no\/auton-varaosat\/2-0-tdi-cah-moottori-audi-a6-a4-a5-seat-exeo\/\" \/>\n<meta property=\"og:site_name\" content=\"Autopartscenter24\" \/>\n<meta property=\"og:image\" content=\"https:\/\/autopartscenter24.com\/wp-content\/uploads\/2023\/03\/2-0-tdi-CAH-moottori-audi-a6-a4-a5-seat-exeo.webp\" \/>\n\t<meta property=\"og:image:width\" content=\"800\" \/>\n\t<meta property=\"og:image:height\" content=\"600\" \/>\n\t<meta property=\"og:image:type\" content=\"image\/webp\" \/>\n<meta name=\"twitter:card\" content=\"summary_large_image\" \/>\n<meta name=\"twitter:label1\" content=\"Ansl. lesetid\" \/>\n\t<meta name=\"twitter:data1\" content=\"1 minutt\" \/>\n<script type=\"application\/ld+json\" class=\"yoast-schema-graph\">{\"@context\":\"https:\/\/schema.org\",\"@graph\":[{\"@type\":\"WebPage\",\"@id\":\"https:\/\/autopartscenter24.com\/auton-varaosat\/2-0-tdi-cah-moottori-audi-a6-a4-a5-seat-exeo\/\",\"url\":\"https:\/\/autopartscenter24.com\/auton-varaosat\/2-0-tdi-cah-moottori-audi-a6-a4-a5-seat-exeo\/\",\"name\":\"2.0 TDI \\\"CAH\\\" motor [f.eks. Golf, Octavia, Exeo, A3, A4]\",\"isPartOf\":{\"@id\":\"https:\/\/autopartscenter24.com\/#website\"},\"primaryImageOfPage\":{\"@id\":\"https:\/\/autopartscenter24.com\/auton-varaosat\/2-0-tdi-cah-moottori-audi-a6-a4-a5-seat-exeo\/#primaryimage\"},\"image\":{\"@id\":\"https:\/\/autopartscenter24.com\/auton-varaosat\/2-0-tdi-cah-moottori-audi-a6-a4-a5-seat-exeo\/#primaryimage\"},\"thumbnailUrl\":\"https:\/\/autopartscenter24.com\/wp-content\/uploads\/2023\/03\/2-0-tdi-CAH-moottori-audi-a6-a4-a5-seat-exeo.webp\",\"datePublished\":\"2023-12-02T12:56:27+00:00\",\"description\":\"En av motorene vi ofte har tilgjengelig. Send en foresp\u00f8rsel og du vil motta et tilbud innen 24 timer. Motorer, girkasser og andre bildeler med garanti.\",\"breadcrumb\":{\"@id\":\"https:\/\/autopartscenter24.com\/auton-varaosat\/2-0-tdi-cah-moottori-audi-a6-a4-a5-seat-exeo\/#breadcrumb\"},\"inLanguage\":\"nb-NO\",\"potentialAction\":[{\"@type\":\"ReadAction\",\"target\":[\"https:\/\/autopartscenter24.com\/auton-varaosat\/2-0-tdi-cah-moottori-audi-a6-a4-a5-seat-exeo\/\"]}]},{\"@type\":\"ImageObject\",\"inLanguage\":\"nb-NO\",\"@id\":\"https:\/\/autopartscenter24.com\/auton-varaosat\/2-0-tdi-cah-moottori-audi-a6-a4-a5-seat-exeo\/#primaryimage\",\"url\":\"https:\/\/autopartscenter24.com\/wp-content\/uploads\/2023\/03\/2-0-tdi-CAH-moottori-audi-a6-a4-a5-seat-exeo.webp\",\"contentUrl\":\"https:\/\/autopartscenter24.com\/wp-content\/uploads\/2023\/03\/2-0-tdi-CAH-moottori-audi-a6-a4-a5-seat-exeo.webp\",\"width\":800,\"height\":600},{\"@type\":\"BreadcrumbList\",\"@id\":\"https:\/\/autopartscenter24.com\/auton-varaosat\/2-0-tdi-cah-moottori-audi-a6-a4-a5-seat-exeo\/#breadcrumb\",\"itemListElement\":[{\"@type\":\"ListItem\",\"position\":1,\"name\":\"Hjem\",\"item\":\"https:\/\/aliceblue-termite-662564.hostingersite.com\/\"},{\"@type\":\"ListItem\",\"position\":2,\"name\":\"Auton varaosat\",\"item\":\"https:\/\/aliceblue-termite-662564.hostingersite.com\/auton-varaosat\/\"},{\"@type\":\"ListItem\",\"position\":3,\"name\":\"2.0 TDI &#8221;CAH&#8221; motor [f.eks. Golf, Octavia, Exeo, A3, A4]\"}]},{\"@type\":\"WebSite\",\"@id\":\"https:\/\/autopartscenter24.com\/#website\",\"url\":\"https:\/\/autopartscenter24.com\/\",\"name\":\"Autopartscenter24\",\"description\":\"K\u00c4YTETYT JA KUNNOSTETUT  AUTON VARAOSAT\",\"potentialAction\":[{\"@type\":\"SearchAction\",\"target\":{\"@type\":\"EntryPoint\",\"urlTemplate\":\"https:\/\/autopartscenter24.com\/?s={search_term_string}\"},\"query-input\":{\"@type\":\"PropertyValueSpecification\",\"valueRequired\":true,\"valueName\":\"search_term_string\"}}],\"inLanguage\":\"nb-NO\"}]}<\/script>\n<!-- \/ Yoast SEO plugin. -->","yoast_head_json":{"title":"2.0 TDI \"CAH\" motor [f.eks. Golf, Octavia, Exeo, A3, A4]","description":"En av motorene vi ofte har tilgjengelig. Send en foresp\u00f8rsel og du vil motta et tilbud innen 24 timer. Motorer, girkasser og andre bildeler med garanti.","robots":{"index":"index","follow":"follow","max-snippet":"max-snippet:-1","max-image-preview":"max-image-preview:large","max-video-preview":"max-video-preview:-1"},"canonical":"https:\/\/autopartscenter24.com\/no\/auton-varaosat\/2-0-tdi-cah-moottori-audi-a6-a4-a5-seat-exeo\/","og_locale":"nb_NO","og_type":"article","og_title":"2.0 TDI \"CAH\" motor [f.eks. Golf, Octavia, Exeo, A3, A4]","og_description":"En av motorene vi ofte har tilgjengelig. Send en foresp\u00f8rsel og du vil motta et tilbud innen 24 timer. Motorer, girkasser og andre bildeler med garanti.","og_url":"https:\/\/autopartscenter24.com\/no\/auton-varaosat\/2-0-tdi-cah-moottori-audi-a6-a4-a5-seat-exeo\/","og_site_name":"Autopartscenter24","og_image":[{"width":800,"height":600,"url":"https:\/\/autopartscenter24.com\/wp-content\/uploads\/2023\/03\/2-0-tdi-CAH-moottori-audi-a6-a4-a5-seat-exeo.webp","type":"image\/webp"}],"twitter_card":"summary_large_image","twitter_misc":{"Ansl. lesetid":"1 minutt"},"schema":{"@context":"https:\/\/schema.org","@graph":[{"@type":"WebPage","@id":"https:\/\/autopartscenter24.com\/auton-varaosat\/2-0-tdi-cah-moottori-audi-a6-a4-a5-seat-exeo\/","url":"https:\/\/autopartscenter24.com\/auton-varaosat\/2-0-tdi-cah-moottori-audi-a6-a4-a5-seat-exeo\/","name":"2.0 TDI \"CAH\" motor [f.eks. Golf, Octavia, Exeo, A3, A4]","isPartOf":{"@id":"https:\/\/autopartscenter24.com\/#website"},"primaryImageOfPage":{"@id":"https:\/\/autopartscenter24.com\/auton-varaosat\/2-0-tdi-cah-moottori-audi-a6-a4-a5-seat-exeo\/#primaryimage"},"image":{"@id":"https:\/\/autopartscenter24.com\/auton-varaosat\/2-0-tdi-cah-moottori-audi-a6-a4-a5-seat-exeo\/#primaryimage"},"thumbnailUrl":"https:\/\/autopartscenter24.com\/wp-content\/uploads\/2023\/03\/2-0-tdi-CAH-moottori-audi-a6-a4-a5-seat-exeo.webp","datePublished":"2023-12-02T12:56:27+00:00","description":"En av motorene vi ofte har tilgjengelig. Send en foresp\u00f8rsel og du vil motta et tilbud innen 24 timer. Motorer, girkasser og andre bildeler med garanti.","breadcrumb":{"@id":"https:\/\/autopartscenter24.com\/auton-varaosat\/2-0-tdi-cah-moottori-audi-a6-a4-a5-seat-exeo\/#breadcrumb"},"inLanguage":"nb-NO","potentialAction":[{"@type":"ReadAction","target":["https:\/\/autopartscenter24.com\/auton-varaosat\/2-0-tdi-cah-moottori-audi-a6-a4-a5-seat-exeo\/"]}]},{"@type":"ImageObject","inLanguage":"nb-NO","@id":"https:\/\/autopartscenter24.com\/auton-varaosat\/2-0-tdi-cah-moottori-audi-a6-a4-a5-seat-exeo\/#primaryimage","url":"https:\/\/autopartscenter24.com\/wp-content\/uploads\/2023\/03\/2-0-tdi-CAH-moottori-audi-a6-a4-a5-seat-exeo.webp","contentUrl":"https:\/\/autopartscenter24.com\/wp-content\/uploads\/2023\/03\/2-0-tdi-CAH-moottori-audi-a6-a4-a5-seat-exeo.webp","width":800,"height":600},{"@type":"BreadcrumbList","@id":"https:\/\/autopartscenter24.com\/auton-varaosat\/2-0-tdi-cah-moottori-audi-a6-a4-a5-seat-exeo\/#breadcrumb","itemListElement":[{"@type":"ListItem","position":1,"name":"Hjem","item":"https:\/\/aliceblue-termite-662564.hostingersite.com\/"},{"@type":"ListItem","position":2,"name":"Auton varaosat","item":"https:\/\/aliceblue-termite-662564.hostingersite.com\/auton-varaosat\/"},{"@type":"ListItem","position":3,"name":"2.0 TDI &#8221;CAH&#8221; motor [f.eks. Golf, Octavia, Exeo, A3, A4]"}]},{"@type":"WebSite","@id":"https:\/\/autopartscenter24.com\/#website","url":"https:\/\/autopartscenter24.com\/","name":"Autopartscenter24","description":"K\u00c4YTETYT JA KUNNOSTETUT  AUTON VARAOSAT","potentialAction":[{"@type":"SearchAction","target":{"@type":"EntryPoint","urlTemplate":"https:\/\/autopartscenter24.com\/?s={search_term_string}"},"query-input":{"@type":"PropertyValueSpecification","valueRequired":true,"valueName":"search_term_string"}}],"inLanguage":"nb-NO"}]}},"_links":{"self":[{"href":"https:\/\/autopartscenter24.com\/no\/wp-json\/wp\/v2\/product\/5742","targetHints":{"allow":["GET"]}}],"collection":[{"href":"https:\/\/autopartscenter24.com\/no\/wp-json\/wp\/v2\/product"}],"about":[{"href":"https:\/\/autopartscenter24.com\/no\/wp-json\/wp\/v2\/types\/product"}],"wp:featuredmedia":[{"embeddable":true,"href":"https:\/\/autopartscenter24.com\/no\/wp-json\/wp\/v2\/media\/4662"}],"wp:attachment":[{"href":"https:\/\/autopartscenter24.com\/no\/wp-json\/wp\/v2\/media?parent=5742"}],"wp:term":[{"taxonomy":"product_brand","embeddable":true,"href":"https:\/\/autopartscenter24.com\/no\/wp-json\/wp\/v2\/product_brand?post=5742"},{"taxonomy":"product_cat","embeddable":true,"href":"https:\/\/autopartscenter24.com\/no\/wp-json\/wp\/v2\/product_cat?post=5742"},{"taxonomy":"product_tag","embeddable":true,"href":"https:\/\/autopartscenter24.com\/no\/wp-json\/wp\/v2\/product_tag?post=5742"}],"curies":[{"name":"wp","href":"https:\/\/api.w.org\/{rel}","templated":true}]}}