{"id":5741,"date":"2023-03-05T20:21:26","date_gmt":"2023-12-02T12:53:53","guid":{"rendered":"https:\/\/autopartscenter24.com\/product\/1-5-vvti-2nr-fke-motor-f-eks-yaris-corolla\/"},"modified":"2023-12-02T13:53:53","modified_gmt":"2023-12-02T12:53:53","slug":"1-5-vvti-2nr-fke-motor-f-eks-yaris-corolla","status":"publish","type":"product","link":"https:\/\/autopartscenter24.com\/no\/auton-varaosat\/1-5-vvti-2nr-fke-motor-f-eks-yaris-corolla\/","title":{"rendered":"1.5 VVTI &laquo;2NR-FKE&raquo; Motor [f.eks. Yaris, Corolla]"},"content":{"rendered":"<p><strong>Toyota 1.5 VVTI (motorkode: 2NR-FKE)<\/strong> er en motor som brukes i mange Toyota sm\u00e5biler. Det er en firesylindret motor med 16 ventiler og g\u00e5r p\u00e5 bensin. Motoren har en sylinderkapasitet p\u00e5 1,5 liter og bruker en Toyota TNGA-basert design.<\/p>\n<p>2NR-FKE-motoren har mange tekniske funksjoner som forbedrer ytelsen og drivstoffeffektiviteten. Den bruker en registerkjede som er mer holdbar og krever mindre vedlikehold enn en registerreim. Motoren har ogs\u00e5 direkte innspr\u00f8ytning, noe som gir bedre drivstoffeffektivitet og mindre utslipp.<\/p>\n<p>Motoren har ogs\u00e5 Toyota VVT-iE-teknologi, som forbedrer motorytelsen og drivstoffeffektiviteten. VVT-iE (Variable Valve Timing Intelligent Electric) gj\u00f8r det mulig \u00e5 justere ventiltiming og l\u00f8ftevinkel elektronisk, noe som hjelper motoren \u00e5 starte raskere og reduserer drivstofforbruket.<\/p>\n<p>Motoren har ogs\u00e5 en legert sylinderblokk og oljekj\u00f8ler for \u00e5 holde motortemperaturen under kontroll. I utformingen av motoren er det lagt spesiell vekt p\u00e5 \u00e5 redusere friksjonen, noe som bidrar til \u00e5 spare drivstoff og redusere motorslitasjen.<\/p>\n<p>Motorytelsen varierer avhengig av modell, men i de fleste modellene yter den rundt 105-120 hestekrefter og 140-150 newtonmeter dreiemoment. Motorvedlikeholdsintervallet er vanligvis rundt 10 000-15 000 kilometer eller hvert \u00e5r, avhengig av kj\u00f8restiler og forhold.<\/p>\n<p>Toyota 2NR-FKE-motoren har sv\u00e6rt god levetid og p\u00e5litelighet og har vist seg \u00e5 v\u00e6re et sv\u00e6rt popul\u00e6rt valg i sm\u00e5biler rundt om i verden. Motoren er ogs\u00e5 milj\u00f8vennlig, ettersom ytelsen er oppn\u00e5dd i<\/p>\n","protected":false},"excerpt":{"rendered":"<p>Toyota 2NR-FKE-motoren brukes i flere Toyota-modeller rundt om i verden, inkludert Corolla, Yaris og C-HR. Motoren brukes ogs\u00e5 i flere andre merker og modeller, da Toyota har lisensiert motorens bruksrettigheter til andre produsenter.<\/p>\n","protected":false},"featured_media":4667,"template":"","meta":[],"product_brand":[],"product_cat":[636],"product_tag":[845,938],"class_list":{"0":"post-5741","1":"product","2":"type-product","3":"status-publish","4":"has-post-thumbnail","6":"product_cat-toyota-no","7":"product_tag-corolla-no","8":"product_tag-yaris-no","9":"pa_varaosan-osasto-motor-no","12":"first","13":"instock","14":"shipping-taxable","15":"product-type-simple"},"yoast_head":"<!-- This site is optimized with the Yoast SEO plugin v26.8 - https:\/\/yoast.com\/product\/yoast-seo-wordpress\/ -->\n<title>1.5 VVTI &quot;2NR-FKE&quot; Motor [f.eks. Yaris, Corolla] - Autopartscenter24<\/title>\n<meta name=\"description\" content=\"En av motorene vi ofte har tilgjengelig. Send en foresp\u00f8rsel og du vil motta et tilbud innen 24 timer. Motorer, girkasser og andre bildeler med garanti.\" \/>\n<meta name=\"robots\" content=\"index, follow, max-snippet:-1, max-image-preview:large, max-video-preview:-1\" \/>\n<link rel=\"canonical\" href=\"https:\/\/autopartscenter24.com\/no\/auton-varaosat\/1-5-2nr-fke-moottori-toyota-yaris-iii\/\" \/>\n<meta property=\"og:locale\" content=\"nb_NO\" \/>\n<meta property=\"og:type\" content=\"article\" \/>\n<meta property=\"og:title\" content=\"1.5 VVTI &quot;2NR-FKE&quot; Motor [f.eks. Yaris, Corolla] - Autopartscenter24\" \/>\n<meta property=\"og:description\" content=\"En av motorene vi ofte har tilgjengelig. Send en foresp\u00f8rsel og du vil motta et tilbud innen 24 timer. Motorer, girkasser og andre bildeler med garanti.\" \/>\n<meta property=\"og:url\" content=\"https:\/\/autopartscenter24.com\/no\/auton-varaosat\/1-5-2nr-fke-moottori-toyota-yaris-iii\/\" \/>\n<meta property=\"og:site_name\" content=\"Autopartscenter24\" \/>\n<meta property=\"og:image\" content=\"https:\/\/autopartscenter24.com\/wp-content\/uploads\/2023\/03\/1-5-2NR-FKE-moottori-toyota-yaris-iii.webp\" \/>\n\t<meta property=\"og:image:width\" content=\"800\" \/>\n\t<meta property=\"og:image:height\" content=\"600\" \/>\n\t<meta property=\"og:image:type\" content=\"image\/webp\" \/>\n<meta name=\"twitter:card\" content=\"summary_large_image\" \/>\n<meta name=\"twitter:label1\" content=\"Ansl. lesetid\" \/>\n\t<meta name=\"twitter:data1\" content=\"1 minutt\" \/>\n<script type=\"application\/ld+json\" class=\"yoast-schema-graph\">{\"@context\":\"https:\/\/schema.org\",\"@graph\":[{\"@type\":\"WebPage\",\"@id\":\"https:\/\/autopartscenter24.com\/auton-varaosat\/1-5-2nr-fke-moottori-toyota-yaris-iii\/\",\"url\":\"https:\/\/autopartscenter24.com\/auton-varaosat\/1-5-2nr-fke-moottori-toyota-yaris-iii\/\",\"name\":\"1.5 VVTI \\\"2NR-FKE\\\" Motor [f.eks. Yaris, Corolla] - Autopartscenter24\",\"isPartOf\":{\"@id\":\"https:\/\/autopartscenter24.com\/#website\"},\"primaryImageOfPage\":{\"@id\":\"https:\/\/autopartscenter24.com\/auton-varaosat\/1-5-2nr-fke-moottori-toyota-yaris-iii\/#primaryimage\"},\"image\":{\"@id\":\"https:\/\/autopartscenter24.com\/auton-varaosat\/1-5-2nr-fke-moottori-toyota-yaris-iii\/#primaryimage\"},\"thumbnailUrl\":\"https:\/\/autopartscenter24.com\/wp-content\/uploads\/2023\/03\/1-5-2NR-FKE-moottori-toyota-yaris-iii.webp\",\"datePublished\":\"2023-12-02T12:53:53+00:00\",\"description\":\"En av motorene vi ofte har tilgjengelig. Send en foresp\u00f8rsel og du vil motta et tilbud innen 24 timer. Motorer, girkasser og andre bildeler med garanti.\",\"breadcrumb\":{\"@id\":\"https:\/\/autopartscenter24.com\/auton-varaosat\/1-5-2nr-fke-moottori-toyota-yaris-iii\/#breadcrumb\"},\"inLanguage\":\"nb-NO\",\"potentialAction\":[{\"@type\":\"ReadAction\",\"target\":[\"https:\/\/autopartscenter24.com\/auton-varaosat\/1-5-2nr-fke-moottori-toyota-yaris-iii\/\"]}]},{\"@type\":\"ImageObject\",\"inLanguage\":\"nb-NO\",\"@id\":\"https:\/\/autopartscenter24.com\/auton-varaosat\/1-5-2nr-fke-moottori-toyota-yaris-iii\/#primaryimage\",\"url\":\"https:\/\/autopartscenter24.com\/wp-content\/uploads\/2023\/03\/1-5-2NR-FKE-moottori-toyota-yaris-iii.webp\",\"contentUrl\":\"https:\/\/autopartscenter24.com\/wp-content\/uploads\/2023\/03\/1-5-2NR-FKE-moottori-toyota-yaris-iii.webp\",\"width\":800,\"height\":600},{\"@type\":\"BreadcrumbList\",\"@id\":\"https:\/\/autopartscenter24.com\/auton-varaosat\/1-5-2nr-fke-moottori-toyota-yaris-iii\/#breadcrumb\",\"itemListElement\":[{\"@type\":\"ListItem\",\"position\":1,\"name\":\"Hjem\",\"item\":\"https:\/\/aliceblue-termite-662564.hostingersite.com\/\"},{\"@type\":\"ListItem\",\"position\":2,\"name\":\"Auton varaosat\",\"item\":\"https:\/\/aliceblue-termite-662564.hostingersite.com\/auton-varaosat\/\"},{\"@type\":\"ListItem\",\"position\":3,\"name\":\"1.5 VVTI &#8221;2NR-FKE&#8221; Motor [f.eks. Yaris, Corolla]\"}]},{\"@type\":\"WebSite\",\"@id\":\"https:\/\/autopartscenter24.com\/#website\",\"url\":\"https:\/\/autopartscenter24.com\/\",\"name\":\"Autopartscenter24\",\"description\":\"K\u00c4YTETYT JA KUNNOSTETUT  AUTON VARAOSAT\",\"potentialAction\":[{\"@type\":\"SearchAction\",\"target\":{\"@type\":\"EntryPoint\",\"urlTemplate\":\"https:\/\/autopartscenter24.com\/?s={search_term_string}\"},\"query-input\":{\"@type\":\"PropertyValueSpecification\",\"valueRequired\":true,\"valueName\":\"search_term_string\"}}],\"inLanguage\":\"nb-NO\"}]}<\/script>\n<!-- \/ Yoast SEO plugin. -->","yoast_head_json":{"title":"1.5 VVTI \"2NR-FKE\" Motor [f.eks. Yaris, Corolla] - Autopartscenter24","description":"En av motorene vi ofte har tilgjengelig. Send en foresp\u00f8rsel og du vil motta et tilbud innen 24 timer. Motorer, girkasser og andre bildeler med garanti.","robots":{"index":"index","follow":"follow","max-snippet":"max-snippet:-1","max-image-preview":"max-image-preview:large","max-video-preview":"max-video-preview:-1"},"canonical":"https:\/\/autopartscenter24.com\/no\/auton-varaosat\/1-5-2nr-fke-moottori-toyota-yaris-iii\/","og_locale":"nb_NO","og_type":"article","og_title":"1.5 VVTI \"2NR-FKE\" Motor [f.eks. Yaris, Corolla] - Autopartscenter24","og_description":"En av motorene vi ofte har tilgjengelig. Send en foresp\u00f8rsel og du vil motta et tilbud innen 24 timer. Motorer, girkasser og andre bildeler med garanti.","og_url":"https:\/\/autopartscenter24.com\/no\/auton-varaosat\/1-5-2nr-fke-moottori-toyota-yaris-iii\/","og_site_name":"Autopartscenter24","og_image":[{"width":800,"height":600,"url":"https:\/\/autopartscenter24.com\/wp-content\/uploads\/2023\/03\/1-5-2NR-FKE-moottori-toyota-yaris-iii.webp","type":"image\/webp"}],"twitter_card":"summary_large_image","twitter_misc":{"Ansl. lesetid":"1 minutt"},"schema":{"@context":"https:\/\/schema.org","@graph":[{"@type":"WebPage","@id":"https:\/\/autopartscenter24.com\/auton-varaosat\/1-5-2nr-fke-moottori-toyota-yaris-iii\/","url":"https:\/\/autopartscenter24.com\/auton-varaosat\/1-5-2nr-fke-moottori-toyota-yaris-iii\/","name":"1.5 VVTI \"2NR-FKE\" Motor [f.eks. Yaris, Corolla] - Autopartscenter24","isPartOf":{"@id":"https:\/\/autopartscenter24.com\/#website"},"primaryImageOfPage":{"@id":"https:\/\/autopartscenter24.com\/auton-varaosat\/1-5-2nr-fke-moottori-toyota-yaris-iii\/#primaryimage"},"image":{"@id":"https:\/\/autopartscenter24.com\/auton-varaosat\/1-5-2nr-fke-moottori-toyota-yaris-iii\/#primaryimage"},"thumbnailUrl":"https:\/\/autopartscenter24.com\/wp-content\/uploads\/2023\/03\/1-5-2NR-FKE-moottori-toyota-yaris-iii.webp","datePublished":"2023-12-02T12:53:53+00:00","description":"En av motorene vi ofte har tilgjengelig. Send en foresp\u00f8rsel og du vil motta et tilbud innen 24 timer. Motorer, girkasser og andre bildeler med garanti.","breadcrumb":{"@id":"https:\/\/autopartscenter24.com\/auton-varaosat\/1-5-2nr-fke-moottori-toyota-yaris-iii\/#breadcrumb"},"inLanguage":"nb-NO","potentialAction":[{"@type":"ReadAction","target":["https:\/\/autopartscenter24.com\/auton-varaosat\/1-5-2nr-fke-moottori-toyota-yaris-iii\/"]}]},{"@type":"ImageObject","inLanguage":"nb-NO","@id":"https:\/\/autopartscenter24.com\/auton-varaosat\/1-5-2nr-fke-moottori-toyota-yaris-iii\/#primaryimage","url":"https:\/\/autopartscenter24.com\/wp-content\/uploads\/2023\/03\/1-5-2NR-FKE-moottori-toyota-yaris-iii.webp","contentUrl":"https:\/\/autopartscenter24.com\/wp-content\/uploads\/2023\/03\/1-5-2NR-FKE-moottori-toyota-yaris-iii.webp","width":800,"height":600},{"@type":"BreadcrumbList","@id":"https:\/\/autopartscenter24.com\/auton-varaosat\/1-5-2nr-fke-moottori-toyota-yaris-iii\/#breadcrumb","itemListElement":[{"@type":"ListItem","position":1,"name":"Hjem","item":"https:\/\/aliceblue-termite-662564.hostingersite.com\/"},{"@type":"ListItem","position":2,"name":"Auton varaosat","item":"https:\/\/aliceblue-termite-662564.hostingersite.com\/auton-varaosat\/"},{"@type":"ListItem","position":3,"name":"1.5 VVTI &#8221;2NR-FKE&#8221; Motor [f.eks. Yaris, Corolla]"}]},{"@type":"WebSite","@id":"https:\/\/autopartscenter24.com\/#website","url":"https:\/\/autopartscenter24.com\/","name":"Autopartscenter24","description":"K\u00c4YTETYT JA KUNNOSTETUT  AUTON VARAOSAT","potentialAction":[{"@type":"SearchAction","target":{"@type":"EntryPoint","urlTemplate":"https:\/\/autopartscenter24.com\/?s={search_term_string}"},"query-input":{"@type":"PropertyValueSpecification","valueRequired":true,"valueName":"search_term_string"}}],"inLanguage":"nb-NO"}]}},"_links":{"self":[{"href":"https:\/\/autopartscenter24.com\/no\/wp-json\/wp\/v2\/product\/5741","targetHints":{"allow":["GET"]}}],"collection":[{"href":"https:\/\/autopartscenter24.com\/no\/wp-json\/wp\/v2\/product"}],"about":[{"href":"https:\/\/autopartscenter24.com\/no\/wp-json\/wp\/v2\/types\/product"}],"wp:featuredmedia":[{"embeddable":true,"href":"https:\/\/autopartscenter24.com\/no\/wp-json\/wp\/v2\/media\/4667"}],"wp:attachment":[{"href":"https:\/\/autopartscenter24.com\/no\/wp-json\/wp\/v2\/media?parent=5741"}],"wp:term":[{"taxonomy":"product_brand","embeddable":true,"href":"https:\/\/autopartscenter24.com\/no\/wp-json\/wp\/v2\/product_brand?post=5741"},{"taxonomy":"product_cat","embeddable":true,"href":"https:\/\/autopartscenter24.com\/no\/wp-json\/wp\/v2\/product_cat?post=5741"},{"taxonomy":"product_tag","embeddable":true,"href":"https:\/\/autopartscenter24.com\/no\/wp-json\/wp\/v2\/product_tag?post=5741"}],"curies":[{"name":"wp","href":"https:\/\/api.w.org\/{rel}","templated":true}]}}