{"id":5740,"date":"2023-03-08T16:32:56","date_gmt":"2023-12-02T12:51:46","guid":{"rendered":"https:\/\/autopartscenter24.com\/product\/2-0-vvti-16v-3zr-fae-motor-toyota-avensis-t27\/"},"modified":"2023-12-02T13:51:46","modified_gmt":"2023-12-02T12:51:46","slug":"2-0-vvti-16v-3zr-fae-motor-toyota-avensis-t27","status":"publish","type":"product","link":"https:\/\/autopartscenter24.com\/no\/auton-varaosat\/2-0-vvti-16v-3zr-fae-motor-toyota-avensis-t27\/","title":{"rendered":"2.0 VVTI 16V &laquo;3ZR-FAE&raquo; Motor [Toyota Avensis T27]"},"content":{"rendered":"<p>Toyota er en japansk bilprodusent kjent for sine h\u00f8ykvalitetsbiler. En av disse bilene er Toyota Avensis T27, som er utstyrt med en 2.0 VVTI-motor med motorkoden 3ZR-FAE. Denne motoren er en av de mest popul\u00e6re Toyota-motorene og har v\u00e6rt i produksjon siden 2007.<\/p>\n<p>3ZR-FAE-motoren er en firesylindret med 16 ventiler. Den har et slagvolum p\u00e5 2,0 liter og yter 147 hestekrefter og 196 Nm dreiemoment. Motoren bruker Toyotas VVTI-teknologi, som gj\u00f8r at ventiltimingen kan justeres for en optimal balanse mellom kraft og drivstoff\u00f8konomi. Motoren har ogs\u00e5 et h\u00f8ytrykks drivstoffsystem som gir sv\u00e6rt presis og effektiv drivstofflevering.<\/p>\n<p>De tekniske egenskapene til 3ZR-FAE-motoren gj\u00f8r den sv\u00e6rt \u00f8konomisk og p\u00e5litelig. Drivstoff\u00f8konomien er utmerket, og CO2-utslippene er lave. I tillegg er motoren stilleg\u00e5ende og slitesterk, noe som gj\u00f8r den til et utmerket valg for Toyota Avensis T27-biler.<\/p>\n<p>Toyota Avensis T27 er ikke den eneste bilen utstyrt med 3ZR-FAE-motoren. Motoren har ogs\u00e5 blitt brukt i andre Toyota-modeller, som Corolla, RAV4 og Prius. I tillegg til dette har motoren blitt brukt i enkelte Mazda-modeller, som Mazda 3 og Mazda 5.<\/p>\n","protected":false},"excerpt":{"rendered":"<ul>\n<li>Toyota Avensis T27<\/li>\n<li>Toyota Corolla<\/li>\n<li>Toyota RAV4<\/li>\n<li>Toyota Prius<\/li>\n<\/ul>\n","protected":false},"featured_media":4672,"template":"","meta":[],"product_brand":[],"product_cat":[636],"product_tag":[819,845,895,901],"class_list":{"0":"post-5740","1":"product","2":"type-product","3":"status-publish","4":"has-post-thumbnail","6":"product_cat-toyota-no","7":"product_tag-avensis-no","8":"product_tag-corolla-no","9":"product_tag-prius-no","10":"product_tag-rav-4-no","11":"pa_varaosan-osasto-motor-no","14":"first","15":"instock","16":"shipping-taxable","17":"product-type-simple"},"yoast_head":"<!-- This site is optimized with the Yoast SEO plugin v26.8 - https:\/\/yoast.com\/product\/yoast-seo-wordpress\/ -->\n<title>2.0 VVTI 16V &quot;3ZR-FAE&quot; Motor [Toyota Avensis T27]<\/title>\n<meta name=\"description\" content=\"En av motorene vi ofte har tilgjengelig. Send en foresp\u00f8rsel og du vil motta et tilbud innen 24 timer. Motorer, girkasser og andre bildeler med garanti.\" \/>\n<meta name=\"robots\" content=\"index, follow, max-snippet:-1, max-image-preview:large, max-video-preview:-1\" \/>\n<link rel=\"canonical\" href=\"https:\/\/autopartscenter24.com\/no\/auton-varaosat\/2-0-vvti-16v-3zr-fae-moottori-toyota-avensis-t27\/\" \/>\n<meta property=\"og:locale\" content=\"nb_NO\" \/>\n<meta property=\"og:type\" content=\"article\" \/>\n<meta property=\"og:title\" content=\"2.0 VVTI 16V &quot;3ZR-FAE&quot; Motor [Toyota Avensis T27]\" \/>\n<meta property=\"og:description\" content=\"En av motorene vi ofte har tilgjengelig. Send en foresp\u00f8rsel og du vil motta et tilbud innen 24 timer. Motorer, girkasser og andre bildeler med garanti.\" \/>\n<meta property=\"og:url\" content=\"https:\/\/autopartscenter24.com\/no\/auton-varaosat\/2-0-vvti-16v-3zr-fae-moottori-toyota-avensis-t27\/\" \/>\n<meta property=\"og:site_name\" content=\"Autopartscenter24\" \/>\n<meta property=\"og:image\" content=\"https:\/\/autopartscenter24.com\/wp-content\/uploads\/2023\/03\/2-0-vvti-16v-3zr-fae-moottori-toyota-avensis-t27.webp\" \/>\n\t<meta property=\"og:image:width\" content=\"800\" \/>\n\t<meta property=\"og:image:height\" content=\"600\" \/>\n\t<meta property=\"og:image:type\" content=\"image\/webp\" \/>\n<meta name=\"twitter:card\" content=\"summary_large_image\" \/>\n<meta name=\"twitter:label1\" content=\"Ansl. lesetid\" \/>\n\t<meta name=\"twitter:data1\" content=\"1 minutt\" \/>\n<script type=\"application\/ld+json\" class=\"yoast-schema-graph\">{\"@context\":\"https:\/\/schema.org\",\"@graph\":[{\"@type\":\"WebPage\",\"@id\":\"https:\/\/autopartscenter24.com\/auton-varaosat\/2-0-vvti-16v-3zr-fae-moottori-toyota-avensis-t27\/\",\"url\":\"https:\/\/autopartscenter24.com\/auton-varaosat\/2-0-vvti-16v-3zr-fae-moottori-toyota-avensis-t27\/\",\"name\":\"2.0 VVTI 16V \\\"3ZR-FAE\\\" Motor [Toyota Avensis T27]\",\"isPartOf\":{\"@id\":\"https:\/\/autopartscenter24.com\/#website\"},\"primaryImageOfPage\":{\"@id\":\"https:\/\/autopartscenter24.com\/auton-varaosat\/2-0-vvti-16v-3zr-fae-moottori-toyota-avensis-t27\/#primaryimage\"},\"image\":{\"@id\":\"https:\/\/autopartscenter24.com\/auton-varaosat\/2-0-vvti-16v-3zr-fae-moottori-toyota-avensis-t27\/#primaryimage\"},\"thumbnailUrl\":\"https:\/\/autopartscenter24.com\/wp-content\/uploads\/2023\/03\/2-0-vvti-16v-3zr-fae-moottori-toyota-avensis-t27.webp\",\"datePublished\":\"2023-12-02T12:51:46+00:00\",\"description\":\"En av motorene vi ofte har tilgjengelig. Send en foresp\u00f8rsel og du vil motta et tilbud innen 24 timer. Motorer, girkasser og andre bildeler med garanti.\",\"breadcrumb\":{\"@id\":\"https:\/\/autopartscenter24.com\/auton-varaosat\/2-0-vvti-16v-3zr-fae-moottori-toyota-avensis-t27\/#breadcrumb\"},\"inLanguage\":\"nb-NO\",\"potentialAction\":[{\"@type\":\"ReadAction\",\"target\":[\"https:\/\/autopartscenter24.com\/auton-varaosat\/2-0-vvti-16v-3zr-fae-moottori-toyota-avensis-t27\/\"]}]},{\"@type\":\"ImageObject\",\"inLanguage\":\"nb-NO\",\"@id\":\"https:\/\/autopartscenter24.com\/auton-varaosat\/2-0-vvti-16v-3zr-fae-moottori-toyota-avensis-t27\/#primaryimage\",\"url\":\"https:\/\/autopartscenter24.com\/wp-content\/uploads\/2023\/03\/2-0-vvti-16v-3zr-fae-moottori-toyota-avensis-t27.webp\",\"contentUrl\":\"https:\/\/autopartscenter24.com\/wp-content\/uploads\/2023\/03\/2-0-vvti-16v-3zr-fae-moottori-toyota-avensis-t27.webp\",\"width\":800,\"height\":600},{\"@type\":\"BreadcrumbList\",\"@id\":\"https:\/\/autopartscenter24.com\/auton-varaosat\/2-0-vvti-16v-3zr-fae-moottori-toyota-avensis-t27\/#breadcrumb\",\"itemListElement\":[{\"@type\":\"ListItem\",\"position\":1,\"name\":\"Hjem\",\"item\":\"https:\/\/aliceblue-termite-662564.hostingersite.com\/\"},{\"@type\":\"ListItem\",\"position\":2,\"name\":\"Auton varaosat\",\"item\":\"https:\/\/aliceblue-termite-662564.hostingersite.com\/auton-varaosat\/\"},{\"@type\":\"ListItem\",\"position\":3,\"name\":\"2.0 VVTI 16V &#8221;3ZR-FAE&#8221; Motor [Toyota Avensis T27]\"}]},{\"@type\":\"WebSite\",\"@id\":\"https:\/\/autopartscenter24.com\/#website\",\"url\":\"https:\/\/autopartscenter24.com\/\",\"name\":\"Autopartscenter24\",\"description\":\"K\u00c4YTETYT JA KUNNOSTETUT  AUTON VARAOSAT\",\"potentialAction\":[{\"@type\":\"SearchAction\",\"target\":{\"@type\":\"EntryPoint\",\"urlTemplate\":\"https:\/\/autopartscenter24.com\/?s={search_term_string}\"},\"query-input\":{\"@type\":\"PropertyValueSpecification\",\"valueRequired\":true,\"valueName\":\"search_term_string\"}}],\"inLanguage\":\"nb-NO\"}]}<\/script>\n<!-- \/ Yoast SEO plugin. -->","yoast_head_json":{"title":"2.0 VVTI 16V \"3ZR-FAE\" Motor [Toyota Avensis T27]","description":"En av motorene vi ofte har tilgjengelig. Send en foresp\u00f8rsel og du vil motta et tilbud innen 24 timer. Motorer, girkasser og andre bildeler med garanti.","robots":{"index":"index","follow":"follow","max-snippet":"max-snippet:-1","max-image-preview":"max-image-preview:large","max-video-preview":"max-video-preview:-1"},"canonical":"https:\/\/autopartscenter24.com\/no\/auton-varaosat\/2-0-vvti-16v-3zr-fae-moottori-toyota-avensis-t27\/","og_locale":"nb_NO","og_type":"article","og_title":"2.0 VVTI 16V \"3ZR-FAE\" Motor [Toyota Avensis T27]","og_description":"En av motorene vi ofte har tilgjengelig. Send en foresp\u00f8rsel og du vil motta et tilbud innen 24 timer. Motorer, girkasser og andre bildeler med garanti.","og_url":"https:\/\/autopartscenter24.com\/no\/auton-varaosat\/2-0-vvti-16v-3zr-fae-moottori-toyota-avensis-t27\/","og_site_name":"Autopartscenter24","og_image":[{"width":800,"height":600,"url":"https:\/\/autopartscenter24.com\/wp-content\/uploads\/2023\/03\/2-0-vvti-16v-3zr-fae-moottori-toyota-avensis-t27.webp","type":"image\/webp"}],"twitter_card":"summary_large_image","twitter_misc":{"Ansl. lesetid":"1 minutt"},"schema":{"@context":"https:\/\/schema.org","@graph":[{"@type":"WebPage","@id":"https:\/\/autopartscenter24.com\/auton-varaosat\/2-0-vvti-16v-3zr-fae-moottori-toyota-avensis-t27\/","url":"https:\/\/autopartscenter24.com\/auton-varaosat\/2-0-vvti-16v-3zr-fae-moottori-toyota-avensis-t27\/","name":"2.0 VVTI 16V \"3ZR-FAE\" Motor [Toyota Avensis T27]","isPartOf":{"@id":"https:\/\/autopartscenter24.com\/#website"},"primaryImageOfPage":{"@id":"https:\/\/autopartscenter24.com\/auton-varaosat\/2-0-vvti-16v-3zr-fae-moottori-toyota-avensis-t27\/#primaryimage"},"image":{"@id":"https:\/\/autopartscenter24.com\/auton-varaosat\/2-0-vvti-16v-3zr-fae-moottori-toyota-avensis-t27\/#primaryimage"},"thumbnailUrl":"https:\/\/autopartscenter24.com\/wp-content\/uploads\/2023\/03\/2-0-vvti-16v-3zr-fae-moottori-toyota-avensis-t27.webp","datePublished":"2023-12-02T12:51:46+00:00","description":"En av motorene vi ofte har tilgjengelig. Send en foresp\u00f8rsel og du vil motta et tilbud innen 24 timer. Motorer, girkasser og andre bildeler med garanti.","breadcrumb":{"@id":"https:\/\/autopartscenter24.com\/auton-varaosat\/2-0-vvti-16v-3zr-fae-moottori-toyota-avensis-t27\/#breadcrumb"},"inLanguage":"nb-NO","potentialAction":[{"@type":"ReadAction","target":["https:\/\/autopartscenter24.com\/auton-varaosat\/2-0-vvti-16v-3zr-fae-moottori-toyota-avensis-t27\/"]}]},{"@type":"ImageObject","inLanguage":"nb-NO","@id":"https:\/\/autopartscenter24.com\/auton-varaosat\/2-0-vvti-16v-3zr-fae-moottori-toyota-avensis-t27\/#primaryimage","url":"https:\/\/autopartscenter24.com\/wp-content\/uploads\/2023\/03\/2-0-vvti-16v-3zr-fae-moottori-toyota-avensis-t27.webp","contentUrl":"https:\/\/autopartscenter24.com\/wp-content\/uploads\/2023\/03\/2-0-vvti-16v-3zr-fae-moottori-toyota-avensis-t27.webp","width":800,"height":600},{"@type":"BreadcrumbList","@id":"https:\/\/autopartscenter24.com\/auton-varaosat\/2-0-vvti-16v-3zr-fae-moottori-toyota-avensis-t27\/#breadcrumb","itemListElement":[{"@type":"ListItem","position":1,"name":"Hjem","item":"https:\/\/aliceblue-termite-662564.hostingersite.com\/"},{"@type":"ListItem","position":2,"name":"Auton varaosat","item":"https:\/\/aliceblue-termite-662564.hostingersite.com\/auton-varaosat\/"},{"@type":"ListItem","position":3,"name":"2.0 VVTI 16V &#8221;3ZR-FAE&#8221; Motor [Toyota Avensis T27]"}]},{"@type":"WebSite","@id":"https:\/\/autopartscenter24.com\/#website","url":"https:\/\/autopartscenter24.com\/","name":"Autopartscenter24","description":"K\u00c4YTETYT JA KUNNOSTETUT  AUTON VARAOSAT","potentialAction":[{"@type":"SearchAction","target":{"@type":"EntryPoint","urlTemplate":"https:\/\/autopartscenter24.com\/?s={search_term_string}"},"query-input":{"@type":"PropertyValueSpecification","valueRequired":true,"valueName":"search_term_string"}}],"inLanguage":"nb-NO"}]}},"_links":{"self":[{"href":"https:\/\/autopartscenter24.com\/no\/wp-json\/wp\/v2\/product\/5740","targetHints":{"allow":["GET"]}}],"collection":[{"href":"https:\/\/autopartscenter24.com\/no\/wp-json\/wp\/v2\/product"}],"about":[{"href":"https:\/\/autopartscenter24.com\/no\/wp-json\/wp\/v2\/types\/product"}],"wp:featuredmedia":[{"embeddable":true,"href":"https:\/\/autopartscenter24.com\/no\/wp-json\/wp\/v2\/media\/4672"}],"wp:attachment":[{"href":"https:\/\/autopartscenter24.com\/no\/wp-json\/wp\/v2\/media?parent=5740"}],"wp:term":[{"taxonomy":"product_brand","embeddable":true,"href":"https:\/\/autopartscenter24.com\/no\/wp-json\/wp\/v2\/product_brand?post=5740"},{"taxonomy":"product_cat","embeddable":true,"href":"https:\/\/autopartscenter24.com\/no\/wp-json\/wp\/v2\/product_cat?post=5740"},{"taxonomy":"product_tag","embeddable":true,"href":"https:\/\/autopartscenter24.com\/no\/wp-json\/wp\/v2\/product_tag?post=5740"}],"curies":[{"name":"wp","href":"https:\/\/api.w.org\/{rel}","templated":true}]}}