{"id":5739,"date":"2023-03-08T16:44:11","date_gmt":"2023-12-02T12:50:13","guid":{"rendered":"https:\/\/autopartscenter24.com\/product\/1-8-kompressor-271941-motor-mb-e-klass-w211\/"},"modified":"2023-12-02T13:50:13","modified_gmt":"2023-12-02T12:50:13","slug":"1-8-kompressor-271941-motor-mb-e-klass-w211","status":"publish","type":"product","link":"https:\/\/autopartscenter24.com\/no\/auton-varaosat\/1-8-kompressor-271941-motor-mb-e-klass-w211\/","title":{"rendered":"1.8 Kompressor &laquo;271941&raquo; Motor [MB E-Klass W211]"},"content":{"rendered":"<p>Mercedes-Benz er en av de mest prestisjefylte og kjente bilprodusentene i verden, og motorene er like prestisjetunge som bilene. En av disse motorene er Mercedes-Benz 1.8 kompressor, ogs\u00e5 kjent under motorkode 271941. Denne motoren er installert p\u00e5 Mercedes-Benz E-Klasse W211 og er en av funksjonene som gj\u00f8r den s\u00e5 popul\u00e6r og kraftig.<\/p>\n<p>Mercedes-Benz 1.8 kompressormotoren er en firesylindret motor som g\u00e5r p\u00e5 bensin. Den er utstyrt med en turbolader som gir den mer kraft og hastighet. Motoren har et kompresjonsforhold p\u00e5 8,5:1 og har en maksimal effekt p\u00e5 120 kW (163 hk) og et maksimalt dreiemoment p\u00e5 230 Nm. Motoren bruker direkte innspr\u00f8ytning, noe som forbedrer drivstoff\u00f8konomien og reduserer utslippene.<\/p>\n<p>Mercedes-Benz 1.8 kompressormotoren er utstyrt med mange innovative teknologier, som en elektronisk gasspedal og et system med variabel ventiltiming (VVT). Dette systemet justerer ventilens \u00e5pningstid og vinkel i henhold til motorhastighet og belastning, og forbedrer motorytelsen og drivstoff\u00f8konomien.<\/p>\n<p>Det er relativt enkelt \u00e5 betjene Mercedes-Benz 1.8 kompressormotoren, og deler er ofte tilgjengelige. Motorens serviceintervall er omtrent 20 000 kilometer eller ett \u00e5r, og oljeskiftintervallet er omtrent 15 000 kilometer.<\/p>\n","protected":false},"excerpt":{"rendered":"<p>Mercedes-Benz 1.8 kompressormotoren har v\u00e6rt veldig popul\u00e6r for sin effektivitet og ytelse og har blitt montert p\u00e5 mange Mercedes-Benz-modeller. Her er en liste over noen biler med denne motoren:<\/p>\n<ul>\n<li>Mercedes-Benz C-Class (W203)<\/li>\n<li>Mercedes-Benz CLK-Class (W209)<\/li>\n<li>Mercedes-Benz SLK-Class (R171)<\/li>\n<li>Mercedes-Benz E-Class (W211)<\/li>\n<\/ul>\n","protected":false},"featured_media":4678,"template":"","meta":[],"product_brand":[],"product_cat":[592],"product_tag":[852,930],"class_list":{"0":"post-5739","1":"product","2":"type-product","3":"status-publish","4":"has-post-thumbnail","6":"product_cat-mercedes-benz-no","7":"product_tag-e-class-no","8":"product_tag-w211-no","9":"pa_varaosan-osasto-motor-no","12":"first","13":"instock","14":"shipping-taxable","15":"product-type-simple"},"yoast_head":"<!-- This site is optimized with the Yoast SEO plugin v26.8 - https:\/\/yoast.com\/product\/yoast-seo-wordpress\/ -->\n<title>1.8 Kompressor &quot;271941&quot; Motor [MB E-Klass W211]<\/title>\n<meta name=\"description\" content=\"En av motorene vi ofte har tilgjengelig. Send en foresp\u00f8rsel og du vil motta et tilbud innen 24 timer. Motorer, girkasser og andre bildeler med garanti.\" \/>\n<meta name=\"robots\" content=\"index, follow, max-snippet:-1, max-image-preview:large, max-video-preview:-1\" \/>\n<link rel=\"canonical\" href=\"https:\/\/autopartscenter24.com\/no\/auton-varaosat\/1-8-kompressor-271941-moottori-mb-e-klass-w211\/\" \/>\n<meta property=\"og:locale\" content=\"nb_NO\" \/>\n<meta property=\"og:type\" content=\"article\" \/>\n<meta property=\"og:title\" content=\"1.8 Kompressor &quot;271941&quot; Motor [MB E-Klass W211]\" \/>\n<meta property=\"og:description\" content=\"En av motorene vi ofte har tilgjengelig. Send en foresp\u00f8rsel og du vil motta et tilbud innen 24 timer. Motorer, girkasser og andre bildeler med garanti.\" \/>\n<meta property=\"og:url\" content=\"https:\/\/autopartscenter24.com\/no\/auton-varaosat\/1-8-kompressor-271941-moottori-mb-e-klass-w211\/\" \/>\n<meta property=\"og:site_name\" content=\"Autopartscenter24\" \/>\n<meta property=\"og:image\" content=\"https:\/\/autopartscenter24.com\/wp-content\/uploads\/2023\/03\/1-8-kompressor-271941-moottori-mb-e-klass-w211.webp\" \/>\n\t<meta property=\"og:image:width\" content=\"800\" \/>\n\t<meta property=\"og:image:height\" content=\"600\" \/>\n\t<meta property=\"og:image:type\" content=\"image\/webp\" \/>\n<meta name=\"twitter:card\" content=\"summary_large_image\" \/>\n<meta name=\"twitter:label1\" content=\"Ansl. lesetid\" \/>\n\t<meta name=\"twitter:data1\" content=\"1 minutt\" \/>\n<script type=\"application\/ld+json\" class=\"yoast-schema-graph\">{\"@context\":\"https:\/\/schema.org\",\"@graph\":[{\"@type\":\"WebPage\",\"@id\":\"https:\/\/autopartscenter24.com\/auton-varaosat\/1-8-kompressor-271941-moottori-mb-e-klass-w211\/\",\"url\":\"https:\/\/autopartscenter24.com\/auton-varaosat\/1-8-kompressor-271941-moottori-mb-e-klass-w211\/\",\"name\":\"1.8 Kompressor \\\"271941\\\" Motor [MB E-Klass W211]\",\"isPartOf\":{\"@id\":\"https:\/\/autopartscenter24.com\/#website\"},\"primaryImageOfPage\":{\"@id\":\"https:\/\/autopartscenter24.com\/auton-varaosat\/1-8-kompressor-271941-moottori-mb-e-klass-w211\/#primaryimage\"},\"image\":{\"@id\":\"https:\/\/autopartscenter24.com\/auton-varaosat\/1-8-kompressor-271941-moottori-mb-e-klass-w211\/#primaryimage\"},\"thumbnailUrl\":\"https:\/\/autopartscenter24.com\/wp-content\/uploads\/2023\/03\/1-8-kompressor-271941-moottori-mb-e-klass-w211.webp\",\"datePublished\":\"2023-12-02T12:50:13+00:00\",\"description\":\"En av motorene vi ofte har tilgjengelig. Send en foresp\u00f8rsel og du vil motta et tilbud innen 24 timer. Motorer, girkasser og andre bildeler med garanti.\",\"breadcrumb\":{\"@id\":\"https:\/\/autopartscenter24.com\/auton-varaosat\/1-8-kompressor-271941-moottori-mb-e-klass-w211\/#breadcrumb\"},\"inLanguage\":\"nb-NO\",\"potentialAction\":[{\"@type\":\"ReadAction\",\"target\":[\"https:\/\/autopartscenter24.com\/auton-varaosat\/1-8-kompressor-271941-moottori-mb-e-klass-w211\/\"]}]},{\"@type\":\"ImageObject\",\"inLanguage\":\"nb-NO\",\"@id\":\"https:\/\/autopartscenter24.com\/auton-varaosat\/1-8-kompressor-271941-moottori-mb-e-klass-w211\/#primaryimage\",\"url\":\"https:\/\/autopartscenter24.com\/wp-content\/uploads\/2023\/03\/1-8-kompressor-271941-moottori-mb-e-klass-w211.webp\",\"contentUrl\":\"https:\/\/autopartscenter24.com\/wp-content\/uploads\/2023\/03\/1-8-kompressor-271941-moottori-mb-e-klass-w211.webp\",\"width\":800,\"height\":600},{\"@type\":\"BreadcrumbList\",\"@id\":\"https:\/\/autopartscenter24.com\/auton-varaosat\/1-8-kompressor-271941-moottori-mb-e-klass-w211\/#breadcrumb\",\"itemListElement\":[{\"@type\":\"ListItem\",\"position\":1,\"name\":\"Hjem\",\"item\":\"https:\/\/aliceblue-termite-662564.hostingersite.com\/\"},{\"@type\":\"ListItem\",\"position\":2,\"name\":\"Auton varaosat\",\"item\":\"https:\/\/aliceblue-termite-662564.hostingersite.com\/auton-varaosat\/\"},{\"@type\":\"ListItem\",\"position\":3,\"name\":\"1.8 Kompressor &#8221;271941&#8221; Motor [MB E-Klass W211]\"}]},{\"@type\":\"WebSite\",\"@id\":\"https:\/\/autopartscenter24.com\/#website\",\"url\":\"https:\/\/autopartscenter24.com\/\",\"name\":\"Autopartscenter24\",\"description\":\"K\u00c4YTETYT JA KUNNOSTETUT  AUTON VARAOSAT\",\"potentialAction\":[{\"@type\":\"SearchAction\",\"target\":{\"@type\":\"EntryPoint\",\"urlTemplate\":\"https:\/\/autopartscenter24.com\/?s={search_term_string}\"},\"query-input\":{\"@type\":\"PropertyValueSpecification\",\"valueRequired\":true,\"valueName\":\"search_term_string\"}}],\"inLanguage\":\"nb-NO\"}]}<\/script>\n<!-- \/ Yoast SEO plugin. -->","yoast_head_json":{"title":"1.8 Kompressor \"271941\" Motor [MB E-Klass W211]","description":"En av motorene vi ofte har tilgjengelig. Send en foresp\u00f8rsel og du vil motta et tilbud innen 24 timer. Motorer, girkasser og andre bildeler med garanti.","robots":{"index":"index","follow":"follow","max-snippet":"max-snippet:-1","max-image-preview":"max-image-preview:large","max-video-preview":"max-video-preview:-1"},"canonical":"https:\/\/autopartscenter24.com\/no\/auton-varaosat\/1-8-kompressor-271941-moottori-mb-e-klass-w211\/","og_locale":"nb_NO","og_type":"article","og_title":"1.8 Kompressor \"271941\" Motor [MB E-Klass W211]","og_description":"En av motorene vi ofte har tilgjengelig. Send en foresp\u00f8rsel og du vil motta et tilbud innen 24 timer. Motorer, girkasser og andre bildeler med garanti.","og_url":"https:\/\/autopartscenter24.com\/no\/auton-varaosat\/1-8-kompressor-271941-moottori-mb-e-klass-w211\/","og_site_name":"Autopartscenter24","og_image":[{"width":800,"height":600,"url":"https:\/\/autopartscenter24.com\/wp-content\/uploads\/2023\/03\/1-8-kompressor-271941-moottori-mb-e-klass-w211.webp","type":"image\/webp"}],"twitter_card":"summary_large_image","twitter_misc":{"Ansl. lesetid":"1 minutt"},"schema":{"@context":"https:\/\/schema.org","@graph":[{"@type":"WebPage","@id":"https:\/\/autopartscenter24.com\/auton-varaosat\/1-8-kompressor-271941-moottori-mb-e-klass-w211\/","url":"https:\/\/autopartscenter24.com\/auton-varaosat\/1-8-kompressor-271941-moottori-mb-e-klass-w211\/","name":"1.8 Kompressor \"271941\" Motor [MB E-Klass W211]","isPartOf":{"@id":"https:\/\/autopartscenter24.com\/#website"},"primaryImageOfPage":{"@id":"https:\/\/autopartscenter24.com\/auton-varaosat\/1-8-kompressor-271941-moottori-mb-e-klass-w211\/#primaryimage"},"image":{"@id":"https:\/\/autopartscenter24.com\/auton-varaosat\/1-8-kompressor-271941-moottori-mb-e-klass-w211\/#primaryimage"},"thumbnailUrl":"https:\/\/autopartscenter24.com\/wp-content\/uploads\/2023\/03\/1-8-kompressor-271941-moottori-mb-e-klass-w211.webp","datePublished":"2023-12-02T12:50:13+00:00","description":"En av motorene vi ofte har tilgjengelig. Send en foresp\u00f8rsel og du vil motta et tilbud innen 24 timer. Motorer, girkasser og andre bildeler med garanti.","breadcrumb":{"@id":"https:\/\/autopartscenter24.com\/auton-varaosat\/1-8-kompressor-271941-moottori-mb-e-klass-w211\/#breadcrumb"},"inLanguage":"nb-NO","potentialAction":[{"@type":"ReadAction","target":["https:\/\/autopartscenter24.com\/auton-varaosat\/1-8-kompressor-271941-moottori-mb-e-klass-w211\/"]}]},{"@type":"ImageObject","inLanguage":"nb-NO","@id":"https:\/\/autopartscenter24.com\/auton-varaosat\/1-8-kompressor-271941-moottori-mb-e-klass-w211\/#primaryimage","url":"https:\/\/autopartscenter24.com\/wp-content\/uploads\/2023\/03\/1-8-kompressor-271941-moottori-mb-e-klass-w211.webp","contentUrl":"https:\/\/autopartscenter24.com\/wp-content\/uploads\/2023\/03\/1-8-kompressor-271941-moottori-mb-e-klass-w211.webp","width":800,"height":600},{"@type":"BreadcrumbList","@id":"https:\/\/autopartscenter24.com\/auton-varaosat\/1-8-kompressor-271941-moottori-mb-e-klass-w211\/#breadcrumb","itemListElement":[{"@type":"ListItem","position":1,"name":"Hjem","item":"https:\/\/aliceblue-termite-662564.hostingersite.com\/"},{"@type":"ListItem","position":2,"name":"Auton varaosat","item":"https:\/\/aliceblue-termite-662564.hostingersite.com\/auton-varaosat\/"},{"@type":"ListItem","position":3,"name":"1.8 Kompressor &#8221;271941&#8221; Motor [MB E-Klass W211]"}]},{"@type":"WebSite","@id":"https:\/\/autopartscenter24.com\/#website","url":"https:\/\/autopartscenter24.com\/","name":"Autopartscenter24","description":"K\u00c4YTETYT JA KUNNOSTETUT  AUTON VARAOSAT","potentialAction":[{"@type":"SearchAction","target":{"@type":"EntryPoint","urlTemplate":"https:\/\/autopartscenter24.com\/?s={search_term_string}"},"query-input":{"@type":"PropertyValueSpecification","valueRequired":true,"valueName":"search_term_string"}}],"inLanguage":"nb-NO"}]}},"_links":{"self":[{"href":"https:\/\/autopartscenter24.com\/no\/wp-json\/wp\/v2\/product\/5739","targetHints":{"allow":["GET"]}}],"collection":[{"href":"https:\/\/autopartscenter24.com\/no\/wp-json\/wp\/v2\/product"}],"about":[{"href":"https:\/\/autopartscenter24.com\/no\/wp-json\/wp\/v2\/types\/product"}],"wp:featuredmedia":[{"embeddable":true,"href":"https:\/\/autopartscenter24.com\/no\/wp-json\/wp\/v2\/media\/4678"}],"wp:attachment":[{"href":"https:\/\/autopartscenter24.com\/no\/wp-json\/wp\/v2\/media?parent=5739"}],"wp:term":[{"taxonomy":"product_brand","embeddable":true,"href":"https:\/\/autopartscenter24.com\/no\/wp-json\/wp\/v2\/product_brand?post=5739"},{"taxonomy":"product_cat","embeddable":true,"href":"https:\/\/autopartscenter24.com\/no\/wp-json\/wp\/v2\/product_cat?post=5739"},{"taxonomy":"product_tag","embeddable":true,"href":"https:\/\/autopartscenter24.com\/no\/wp-json\/wp\/v2\/product_tag?post=5739"}],"curies":[{"name":"wp","href":"https:\/\/api.w.org\/{rel}","templated":true}]}}