{"id":5738,"date":"2023-03-08T16:57:44","date_gmt":"2023-12-02T12:48:28","guid":{"rendered":"https:\/\/autopartscenter24.com\/product\/1-2-8nr-fts-motor-toyota-auris-corolla\/"},"modified":"2023-12-02T13:48:28","modified_gmt":"2023-12-02T12:48:28","slug":"1-2-8nr-fts-motor-toyota-auris-corolla","status":"publish","type":"product","link":"https:\/\/autopartscenter24.com\/no\/auton-varaosat\/1-2-8nr-fts-motor-toyota-auris-corolla\/","title":{"rendered":"1.2 &laquo;8NR-FTS&raquo; Motor [Toyota Auris, Corolla]"},"content":{"rendered":"<p><strong>Toyota Auris 1.2 (moottorikoodi: 8nr-fts)<\/strong> on eritt\u00e4in tehokas moottori, joka on suunniteltu pienempiin autoihin. Motorprodusenten er Toyota, som er kjent for sine h\u00f8ykvalitets og slitesterke motorer.<\/p>\n<p>Ved hjelp av 8nr-fts-motoren i Toyota Auris 1.2-modellen er det mulig \u00e5 oppn\u00e5 sv\u00e6rt h\u00f8y effekt og dreiemoment. Motoren er firesylindret, turboladet, og har et slagvolum p\u00e5 1,2 liter. Motoren har direkte tenning, som forbedrer drivstofftilf\u00f8rselen og \u00f8ker motorens effektivitet. Giren er en 6-trinns manuell eller automatisk girkasse som gir en jevn og komfortabel kj\u00f8reopplevelse.<\/p>\n<p>I utformingen av motoren er det lagt spesiell vekt p\u00e5 milj\u00f8vennlighet. Motoren oppfyller Euro 6-utslippsstandardene og dens CO2-utslipp er sv\u00e6rt lavt, noe som reduserer belastningen p\u00e5 milj\u00f8et og bilens driftskostnader. Motorforbruket er sv\u00e6rt lavt, noe som gj\u00f8r det til et \u00f8konomisk alternativ for forbrukere.<\/p>\n<p>Motoren til Toyota Auris 1.2-modellen er utstyrt med mange innovative teknologier som \u00f8ker effektiviteten og ytelsen. For eksempel har motoren VVT-iW-systemet, som gj\u00f8r at porten til inntaksmanifolden kan justeres, noe som forbedrer motorens ytelse. Motoren har ogs\u00e5 D-4T-teknologi, som muliggj\u00f8r direkte drivstoffinnspr\u00f8ytning i sylinderen, forbedrer drivstoff\u00f8konomien og reduserer utslipp.<\/p>\n<p>Toyota Auris 1.2 (motorkode: 8nr-fts) er en h\u00f8yytelses, milj\u00f8vennlig og \u00f8konomisk motor. Motorens h\u00f8ykvalitetsteknologier og innovasjoner gir en utmerket kj\u00f8reopplevelse og \u00f8ker bilens levetid. Toyota er kjent for sine kvalitet og holdbare motorer og denne motoren er et utmerket eksempel p\u00e5 det.<\/p>\n<p>Motorkode: 8nr-fts Produsent: Toyota<\/p>\n","protected":false},"excerpt":{"rendered":"<p>Noen biler med motor i bruk:<\/p>\n<ul>\n<li>Toyota Auris<\/li>\n<li>Toyota C-HR<\/li>\n<li>Toyota Corolla<\/li>\n<li>Lexus UX<\/li>\n<\/ul>\n","protected":false},"featured_media":4683,"template":"","meta":[],"product_brand":[],"product_cat":[636],"product_tag":[816,823,845],"class_list":{"0":"post-5738","1":"product","2":"type-product","3":"status-publish","4":"has-post-thumbnail","6":"product_cat-toyota-no","7":"product_tag-auris-no","8":"product_tag-c-hr-no","9":"product_tag-corolla-no","10":"pa_varaosan-osasto-motor-no","13":"first","14":"instock","15":"shipping-taxable","16":"product-type-simple"},"yoast_head":"<!-- This site is optimized with the Yoast SEO plugin v26.8 - https:\/\/yoast.com\/product\/yoast-seo-wordpress\/ -->\n<title>1.2 &quot;8NR-FTS&quot; Motor [Toyota Auris, Corolla] - Autopartscenter24<\/title>\n<meta name=\"description\" content=\"En av motorene vi ofte har tilgjengelig. Send en foresp\u00f8rsel og du vil motta et tilbud innen 24 timer. Motorer, girkasser og andre bildeler med garanti.\" \/>\n<meta name=\"robots\" content=\"index, follow, max-snippet:-1, max-image-preview:large, max-video-preview:-1\" \/>\n<link rel=\"canonical\" href=\"https:\/\/autopartscenter24.com\/no\/auton-varaosat\/1-2-8nr-fts-moottori-toyota-auris-ii-c-hr-corolla\/\" \/>\n<meta property=\"og:locale\" content=\"nb_NO\" \/>\n<meta property=\"og:type\" content=\"article\" \/>\n<meta property=\"og:title\" content=\"1.2 &quot;8NR-FTS&quot; Motor [Toyota Auris, Corolla] - Autopartscenter24\" \/>\n<meta property=\"og:description\" content=\"En av motorene vi ofte har tilgjengelig. Send en foresp\u00f8rsel og du vil motta et tilbud innen 24 timer. Motorer, girkasser og andre bildeler med garanti.\" \/>\n<meta property=\"og:url\" content=\"https:\/\/autopartscenter24.com\/no\/auton-varaosat\/1-2-8nr-fts-moottori-toyota-auris-ii-c-hr-corolla\/\" \/>\n<meta property=\"og:site_name\" content=\"Autopartscenter24\" \/>\n<meta property=\"og:image\" content=\"https:\/\/autopartscenter24.com\/wp-content\/uploads\/2023\/03\/1-2-8nr-fts-moottori-toyota-auris-ii-c-hr-corolla.webp\" \/>\n\t<meta property=\"og:image:width\" content=\"800\" \/>\n\t<meta property=\"og:image:height\" content=\"600\" \/>\n\t<meta property=\"og:image:type\" content=\"image\/webp\" \/>\n<meta name=\"twitter:card\" content=\"summary_large_image\" \/>\n<meta name=\"twitter:label1\" content=\"Ansl. lesetid\" \/>\n\t<meta name=\"twitter:data1\" content=\"1 minutt\" \/>\n<script type=\"application\/ld+json\" class=\"yoast-schema-graph\">{\"@context\":\"https:\/\/schema.org\",\"@graph\":[{\"@type\":\"WebPage\",\"@id\":\"https:\/\/autopartscenter24.com\/auton-varaosat\/1-2-8nr-fts-moottori-toyota-auris-ii-c-hr-corolla\/\",\"url\":\"https:\/\/autopartscenter24.com\/auton-varaosat\/1-2-8nr-fts-moottori-toyota-auris-ii-c-hr-corolla\/\",\"name\":\"1.2 \\\"8NR-FTS\\\" Motor [Toyota Auris, Corolla] - Autopartscenter24\",\"isPartOf\":{\"@id\":\"https:\/\/autopartscenter24.com\/#website\"},\"primaryImageOfPage\":{\"@id\":\"https:\/\/autopartscenter24.com\/auton-varaosat\/1-2-8nr-fts-moottori-toyota-auris-ii-c-hr-corolla\/#primaryimage\"},\"image\":{\"@id\":\"https:\/\/autopartscenter24.com\/auton-varaosat\/1-2-8nr-fts-moottori-toyota-auris-ii-c-hr-corolla\/#primaryimage\"},\"thumbnailUrl\":\"https:\/\/autopartscenter24.com\/wp-content\/uploads\/2023\/03\/1-2-8nr-fts-moottori-toyota-auris-ii-c-hr-corolla.webp\",\"datePublished\":\"2023-12-02T12:48:28+00:00\",\"description\":\"En av motorene vi ofte har tilgjengelig. Send en foresp\u00f8rsel og du vil motta et tilbud innen 24 timer. Motorer, girkasser og andre bildeler med garanti.\",\"breadcrumb\":{\"@id\":\"https:\/\/autopartscenter24.com\/auton-varaosat\/1-2-8nr-fts-moottori-toyota-auris-ii-c-hr-corolla\/#breadcrumb\"},\"inLanguage\":\"nb-NO\",\"potentialAction\":[{\"@type\":\"ReadAction\",\"target\":[\"https:\/\/autopartscenter24.com\/auton-varaosat\/1-2-8nr-fts-moottori-toyota-auris-ii-c-hr-corolla\/\"]}]},{\"@type\":\"ImageObject\",\"inLanguage\":\"nb-NO\",\"@id\":\"https:\/\/autopartscenter24.com\/auton-varaosat\/1-2-8nr-fts-moottori-toyota-auris-ii-c-hr-corolla\/#primaryimage\",\"url\":\"https:\/\/autopartscenter24.com\/wp-content\/uploads\/2023\/03\/1-2-8nr-fts-moottori-toyota-auris-ii-c-hr-corolla.webp\",\"contentUrl\":\"https:\/\/autopartscenter24.com\/wp-content\/uploads\/2023\/03\/1-2-8nr-fts-moottori-toyota-auris-ii-c-hr-corolla.webp\",\"width\":800,\"height\":600},{\"@type\":\"BreadcrumbList\",\"@id\":\"https:\/\/autopartscenter24.com\/auton-varaosat\/1-2-8nr-fts-moottori-toyota-auris-ii-c-hr-corolla\/#breadcrumb\",\"itemListElement\":[{\"@type\":\"ListItem\",\"position\":1,\"name\":\"Hjem\",\"item\":\"https:\/\/aliceblue-termite-662564.hostingersite.com\/\"},{\"@type\":\"ListItem\",\"position\":2,\"name\":\"Auton varaosat\",\"item\":\"https:\/\/aliceblue-termite-662564.hostingersite.com\/auton-varaosat\/\"},{\"@type\":\"ListItem\",\"position\":3,\"name\":\"1.2 &#8221;8NR-FTS&#8221; Motor [Toyota Auris, Corolla]\"}]},{\"@type\":\"WebSite\",\"@id\":\"https:\/\/autopartscenter24.com\/#website\",\"url\":\"https:\/\/autopartscenter24.com\/\",\"name\":\"Autopartscenter24\",\"description\":\"K\u00c4YTETYT JA KUNNOSTETUT  AUTON VARAOSAT\",\"potentialAction\":[{\"@type\":\"SearchAction\",\"target\":{\"@type\":\"EntryPoint\",\"urlTemplate\":\"https:\/\/autopartscenter24.com\/?s={search_term_string}\"},\"query-input\":{\"@type\":\"PropertyValueSpecification\",\"valueRequired\":true,\"valueName\":\"search_term_string\"}}],\"inLanguage\":\"nb-NO\"}]}<\/script>\n<!-- \/ Yoast SEO plugin. -->","yoast_head_json":{"title":"1.2 \"8NR-FTS\" Motor [Toyota Auris, Corolla] - Autopartscenter24","description":"En av motorene vi ofte har tilgjengelig. Send en foresp\u00f8rsel og du vil motta et tilbud innen 24 timer. Motorer, girkasser og andre bildeler med garanti.","robots":{"index":"index","follow":"follow","max-snippet":"max-snippet:-1","max-image-preview":"max-image-preview:large","max-video-preview":"max-video-preview:-1"},"canonical":"https:\/\/autopartscenter24.com\/no\/auton-varaosat\/1-2-8nr-fts-moottori-toyota-auris-ii-c-hr-corolla\/","og_locale":"nb_NO","og_type":"article","og_title":"1.2 \"8NR-FTS\" Motor [Toyota Auris, Corolla] - Autopartscenter24","og_description":"En av motorene vi ofte har tilgjengelig. Send en foresp\u00f8rsel og du vil motta et tilbud innen 24 timer. Motorer, girkasser og andre bildeler med garanti.","og_url":"https:\/\/autopartscenter24.com\/no\/auton-varaosat\/1-2-8nr-fts-moottori-toyota-auris-ii-c-hr-corolla\/","og_site_name":"Autopartscenter24","og_image":[{"width":800,"height":600,"url":"https:\/\/autopartscenter24.com\/wp-content\/uploads\/2023\/03\/1-2-8nr-fts-moottori-toyota-auris-ii-c-hr-corolla.webp","type":"image\/webp"}],"twitter_card":"summary_large_image","twitter_misc":{"Ansl. lesetid":"1 minutt"},"schema":{"@context":"https:\/\/schema.org","@graph":[{"@type":"WebPage","@id":"https:\/\/autopartscenter24.com\/auton-varaosat\/1-2-8nr-fts-moottori-toyota-auris-ii-c-hr-corolla\/","url":"https:\/\/autopartscenter24.com\/auton-varaosat\/1-2-8nr-fts-moottori-toyota-auris-ii-c-hr-corolla\/","name":"1.2 \"8NR-FTS\" Motor [Toyota Auris, Corolla] - Autopartscenter24","isPartOf":{"@id":"https:\/\/autopartscenter24.com\/#website"},"primaryImageOfPage":{"@id":"https:\/\/autopartscenter24.com\/auton-varaosat\/1-2-8nr-fts-moottori-toyota-auris-ii-c-hr-corolla\/#primaryimage"},"image":{"@id":"https:\/\/autopartscenter24.com\/auton-varaosat\/1-2-8nr-fts-moottori-toyota-auris-ii-c-hr-corolla\/#primaryimage"},"thumbnailUrl":"https:\/\/autopartscenter24.com\/wp-content\/uploads\/2023\/03\/1-2-8nr-fts-moottori-toyota-auris-ii-c-hr-corolla.webp","datePublished":"2023-12-02T12:48:28+00:00","description":"En av motorene vi ofte har tilgjengelig. Send en foresp\u00f8rsel og du vil motta et tilbud innen 24 timer. Motorer, girkasser og andre bildeler med garanti.","breadcrumb":{"@id":"https:\/\/autopartscenter24.com\/auton-varaosat\/1-2-8nr-fts-moottori-toyota-auris-ii-c-hr-corolla\/#breadcrumb"},"inLanguage":"nb-NO","potentialAction":[{"@type":"ReadAction","target":["https:\/\/autopartscenter24.com\/auton-varaosat\/1-2-8nr-fts-moottori-toyota-auris-ii-c-hr-corolla\/"]}]},{"@type":"ImageObject","inLanguage":"nb-NO","@id":"https:\/\/autopartscenter24.com\/auton-varaosat\/1-2-8nr-fts-moottori-toyota-auris-ii-c-hr-corolla\/#primaryimage","url":"https:\/\/autopartscenter24.com\/wp-content\/uploads\/2023\/03\/1-2-8nr-fts-moottori-toyota-auris-ii-c-hr-corolla.webp","contentUrl":"https:\/\/autopartscenter24.com\/wp-content\/uploads\/2023\/03\/1-2-8nr-fts-moottori-toyota-auris-ii-c-hr-corolla.webp","width":800,"height":600},{"@type":"BreadcrumbList","@id":"https:\/\/autopartscenter24.com\/auton-varaosat\/1-2-8nr-fts-moottori-toyota-auris-ii-c-hr-corolla\/#breadcrumb","itemListElement":[{"@type":"ListItem","position":1,"name":"Hjem","item":"https:\/\/aliceblue-termite-662564.hostingersite.com\/"},{"@type":"ListItem","position":2,"name":"Auton varaosat","item":"https:\/\/aliceblue-termite-662564.hostingersite.com\/auton-varaosat\/"},{"@type":"ListItem","position":3,"name":"1.2 &#8221;8NR-FTS&#8221; Motor [Toyota Auris, Corolla]"}]},{"@type":"WebSite","@id":"https:\/\/autopartscenter24.com\/#website","url":"https:\/\/autopartscenter24.com\/","name":"Autopartscenter24","description":"K\u00c4YTETYT JA KUNNOSTETUT  AUTON VARAOSAT","potentialAction":[{"@type":"SearchAction","target":{"@type":"EntryPoint","urlTemplate":"https:\/\/autopartscenter24.com\/?s={search_term_string}"},"query-input":{"@type":"PropertyValueSpecification","valueRequired":true,"valueName":"search_term_string"}}],"inLanguage":"nb-NO"}]}},"_links":{"self":[{"href":"https:\/\/autopartscenter24.com\/no\/wp-json\/wp\/v2\/product\/5738","targetHints":{"allow":["GET"]}}],"collection":[{"href":"https:\/\/autopartscenter24.com\/no\/wp-json\/wp\/v2\/product"}],"about":[{"href":"https:\/\/autopartscenter24.com\/no\/wp-json\/wp\/v2\/types\/product"}],"wp:featuredmedia":[{"embeddable":true,"href":"https:\/\/autopartscenter24.com\/no\/wp-json\/wp\/v2\/media\/4683"}],"wp:attachment":[{"href":"https:\/\/autopartscenter24.com\/no\/wp-json\/wp\/v2\/media?parent=5738"}],"wp:term":[{"taxonomy":"product_brand","embeddable":true,"href":"https:\/\/autopartscenter24.com\/no\/wp-json\/wp\/v2\/product_brand?post=5738"},{"taxonomy":"product_cat","embeddable":true,"href":"https:\/\/autopartscenter24.com\/no\/wp-json\/wp\/v2\/product_cat?post=5738"},{"taxonomy":"product_tag","embeddable":true,"href":"https:\/\/autopartscenter24.com\/no\/wp-json\/wp\/v2\/product_tag?post=5738"}],"curies":[{"name":"wp","href":"https:\/\/api.w.org\/{rel}","templated":true}]}}