{"id":5737,"date":"2023-03-08T17:11:21","date_gmt":"2023-12-02T12:46:18","guid":{"rendered":"https:\/\/autopartscenter24.com\/product\/1-0-tsi-chz-chzc-motor-f-eks-polo-golf-fabia-rapid\/"},"modified":"2023-12-02T13:46:18","modified_gmt":"2023-12-02T12:46:18","slug":"1-0-tsi-chz-chzc-motor-f-eks-polo-golf-fabia-rapid","status":"publish","type":"product","link":"https:\/\/autopartscenter24.com\/no\/auton-varaosat\/1-0-tsi-chz-chzc-motor-f-eks-polo-golf-fabia-rapid\/","title":{"rendered":"1.0 TSI &laquo;CHZ \/ CHZC&raquo; Motor [f.eks. Polo, Golf, Fabia, Rapid]"},"content":{"rendered":"<p><strong>1.0 TSI er en tresylindret turbomotor utviklet av Volkswagen Group, som kom p\u00e5 markedet i 2015.<\/strong> Motoren er designet for \u00e5 erstatte eldre firesylindrede motorer i mindre biler, og gir bedre ytelse og lavere forbruk. Motoren har kodenavnet <strong>CHZC<\/strong> og brukes i flere modeller fra Volkswagen, SEAT og \u0160koda.<\/p>\n<p>Den st\u00f8rste fordelen med motoren er dens kompakte st\u00f8rrelse og letthet. Med et volum p\u00e5 kun 1,0 liter er den en av de minste motorene p\u00e5 markedet, men den byr likevel p\u00e5 nok kraft til bykj\u00f8ring. Motoren har direkte innspr\u00f8ytning og turbolader, takket v\u00e6re den yter den opptil 115 hestekrefter og 200 newtonmeter dreiemoment. Effektiviteten til motoren er av ypperste klasse, da den kun bruker ca 4-5 liter drivstoff per hundre kilometer, noe som er et veldig godt tall for en motor av dens st\u00f8rrelse.<\/p>\n<p>CHZC-motorens ytelse er utmerket ved bykj\u00f8ring, men den yter ogs\u00e5 feilfritt p\u00e5 motorveien. Kj\u00f8relyden fra motoren er ganske stille og det er lite vibrasjoner, noe som gj\u00f8r kj\u00f8ringen mer behagelig. Motoren trenger lite vedlikehold, siden vedlikeholdsintervallet er langt, og reservedelene er rimelige.<\/p>\n<p>Motoren trenger lite vedlikehold, siden vedlikeholdsintervallet er langt, og reservedelene er rimelige. Motoren har vist seg \u00e5 v\u00e6re p\u00e5litelig og holdbar og har v\u00e6rt en stor suksess i Volkswagen Groups biler.<\/p>\n","protected":false},"excerpt":{"rendered":"<p>Her er noen bilmodeller med 1.0 TSI (CHZC) motor:<\/p>\n<ul>\n<li>Volkswagen Polo<\/li>\n<li>Volkswagen Golf<\/li>\n<li>SEAT Ibiza<\/li>\n<li>SEAT Leon<\/li>\n<li>\u0160koda Fabia<\/li>\n<li>\u0160koda Octavia<\/li>\n<li>\u0160koda Rapid<\/li>\n<\/ul>\n","protected":false},"featured_media":4688,"template":"","meta":[],"product_brand":[],"product_cat":[487,486,485],"product_tag":[489,865,880,490,894,903],"class_list":{"0":"post-5737","1":"product","2":"type-product","3":"status-publish","4":"has-post-thumbnail","6":"product_cat-seat-no","7":"product_cat-skoda-no","8":"product_cat-vw-no","9":"product_tag-golf-no","10":"product_tag-ibiza-no","11":"product_tag-leon-no","12":"product_tag-octavia-no","13":"product_tag-polo-no","14":"product_tag-rapid-no","15":"pa_varaosan-osasto-motor-no","18":"first","19":"instock","20":"shipping-taxable","21":"product-type-simple"},"yoast_head":"<!-- This site is optimized with the Yoast SEO plugin v26.8 - https:\/\/yoast.com\/product\/yoast-seo-wordpress\/ -->\n<title>1.0 TSI &quot;CHZ \/ CHZC&quot; Motor [f.eks. Polo, Golf, Fabia, Rapid]<\/title>\n<meta name=\"description\" content=\"En av motorene vi ofte har tilgjengelig. Send en foresp\u00f8rsel og du vil motta et tilbud innen 24 timer. Motorer, girkasser og andre bildeler med garanti.\" \/>\n<meta name=\"robots\" content=\"index, follow, max-snippet:-1, max-image-preview:large, max-video-preview:-1\" \/>\n<link rel=\"canonical\" href=\"https:\/\/autopartscenter24.com\/no\/auton-varaosat\/1-0-tsi-chz-chzc-moottori-vw-golf-vii-polo-v-rapid\/\" \/>\n<meta property=\"og:locale\" content=\"nb_NO\" \/>\n<meta property=\"og:type\" content=\"article\" \/>\n<meta property=\"og:title\" content=\"1.0 TSI &quot;CHZ \/ CHZC&quot; Motor [f.eks. Polo, Golf, Fabia, Rapid]\" \/>\n<meta property=\"og:description\" content=\"En av motorene vi ofte har tilgjengelig. Send en foresp\u00f8rsel og du vil motta et tilbud innen 24 timer. Motorer, girkasser og andre bildeler med garanti.\" \/>\n<meta property=\"og:url\" content=\"https:\/\/autopartscenter24.com\/no\/auton-varaosat\/1-0-tsi-chz-chzc-moottori-vw-golf-vii-polo-v-rapid\/\" \/>\n<meta property=\"og:site_name\" content=\"Autopartscenter24\" \/>\n<meta property=\"og:image\" content=\"https:\/\/autopartscenter24.com\/wp-content\/uploads\/2023\/03\/1-0-tsi-CHZC-moottori-vw-golf-vii-polo-v-rapid.webp\" \/>\n\t<meta property=\"og:image:width\" content=\"800\" \/>\n\t<meta property=\"og:image:height\" content=\"600\" \/>\n\t<meta property=\"og:image:type\" content=\"image\/webp\" \/>\n<meta name=\"twitter:card\" content=\"summary_large_image\" \/>\n<meta name=\"twitter:label1\" content=\"Ansl. lesetid\" \/>\n\t<meta name=\"twitter:data1\" content=\"1 minutt\" \/>\n<script type=\"application\/ld+json\" class=\"yoast-schema-graph\">{\"@context\":\"https:\/\/schema.org\",\"@graph\":[{\"@type\":\"WebPage\",\"@id\":\"https:\/\/autopartscenter24.com\/auton-varaosat\/1-0-tsi-chz-chzc-moottori-vw-golf-vii-polo-v-rapid\/\",\"url\":\"https:\/\/autopartscenter24.com\/auton-varaosat\/1-0-tsi-chz-chzc-moottori-vw-golf-vii-polo-v-rapid\/\",\"name\":\"1.0 TSI \\\"CHZ \/ CHZC\\\" Motor [f.eks. Polo, Golf, Fabia, Rapid]\",\"isPartOf\":{\"@id\":\"https:\/\/autopartscenter24.com\/#website\"},\"primaryImageOfPage\":{\"@id\":\"https:\/\/autopartscenter24.com\/auton-varaosat\/1-0-tsi-chz-chzc-moottori-vw-golf-vii-polo-v-rapid\/#primaryimage\"},\"image\":{\"@id\":\"https:\/\/autopartscenter24.com\/auton-varaosat\/1-0-tsi-chz-chzc-moottori-vw-golf-vii-polo-v-rapid\/#primaryimage\"},\"thumbnailUrl\":\"https:\/\/autopartscenter24.com\/wp-content\/uploads\/2023\/03\/1-0-tsi-CHZC-moottori-vw-golf-vii-polo-v-rapid.webp\",\"datePublished\":\"2023-12-02T12:46:18+00:00\",\"description\":\"En av motorene vi ofte har tilgjengelig. Send en foresp\u00f8rsel og du vil motta et tilbud innen 24 timer. Motorer, girkasser og andre bildeler med garanti.\",\"breadcrumb\":{\"@id\":\"https:\/\/autopartscenter24.com\/auton-varaosat\/1-0-tsi-chz-chzc-moottori-vw-golf-vii-polo-v-rapid\/#breadcrumb\"},\"inLanguage\":\"nb-NO\",\"potentialAction\":[{\"@type\":\"ReadAction\",\"target\":[\"https:\/\/autopartscenter24.com\/auton-varaosat\/1-0-tsi-chz-chzc-moottori-vw-golf-vii-polo-v-rapid\/\"]}]},{\"@type\":\"ImageObject\",\"inLanguage\":\"nb-NO\",\"@id\":\"https:\/\/autopartscenter24.com\/auton-varaosat\/1-0-tsi-chz-chzc-moottori-vw-golf-vii-polo-v-rapid\/#primaryimage\",\"url\":\"https:\/\/autopartscenter24.com\/wp-content\/uploads\/2023\/03\/1-0-tsi-CHZC-moottori-vw-golf-vii-polo-v-rapid.webp\",\"contentUrl\":\"https:\/\/autopartscenter24.com\/wp-content\/uploads\/2023\/03\/1-0-tsi-CHZC-moottori-vw-golf-vii-polo-v-rapid.webp\",\"width\":800,\"height\":600},{\"@type\":\"BreadcrumbList\",\"@id\":\"https:\/\/autopartscenter24.com\/auton-varaosat\/1-0-tsi-chz-chzc-moottori-vw-golf-vii-polo-v-rapid\/#breadcrumb\",\"itemListElement\":[{\"@type\":\"ListItem\",\"position\":1,\"name\":\"Hjem\",\"item\":\"https:\/\/aliceblue-termite-662564.hostingersite.com\/\"},{\"@type\":\"ListItem\",\"position\":2,\"name\":\"Auton varaosat\",\"item\":\"https:\/\/aliceblue-termite-662564.hostingersite.com\/auton-varaosat\/\"},{\"@type\":\"ListItem\",\"position\":3,\"name\":\"1.0 TSI &#8221;CHZ \/ CHZC&#8221; Motor [f.eks. Polo, Golf, Fabia, Rapid]\"}]},{\"@type\":\"WebSite\",\"@id\":\"https:\/\/autopartscenter24.com\/#website\",\"url\":\"https:\/\/autopartscenter24.com\/\",\"name\":\"Autopartscenter24\",\"description\":\"K\u00c4YTETYT JA KUNNOSTETUT  AUTON VARAOSAT\",\"potentialAction\":[{\"@type\":\"SearchAction\",\"target\":{\"@type\":\"EntryPoint\",\"urlTemplate\":\"https:\/\/autopartscenter24.com\/?s={search_term_string}\"},\"query-input\":{\"@type\":\"PropertyValueSpecification\",\"valueRequired\":true,\"valueName\":\"search_term_string\"}}],\"inLanguage\":\"nb-NO\"}]}<\/script>\n<!-- \/ Yoast SEO plugin. -->","yoast_head_json":{"title":"1.0 TSI \"CHZ \/ CHZC\" Motor [f.eks. Polo, Golf, Fabia, Rapid]","description":"En av motorene vi ofte har tilgjengelig. Send en foresp\u00f8rsel og du vil motta et tilbud innen 24 timer. Motorer, girkasser og andre bildeler med garanti.","robots":{"index":"index","follow":"follow","max-snippet":"max-snippet:-1","max-image-preview":"max-image-preview:large","max-video-preview":"max-video-preview:-1"},"canonical":"https:\/\/autopartscenter24.com\/no\/auton-varaosat\/1-0-tsi-chz-chzc-moottori-vw-golf-vii-polo-v-rapid\/","og_locale":"nb_NO","og_type":"article","og_title":"1.0 TSI \"CHZ \/ CHZC\" Motor [f.eks. Polo, Golf, Fabia, Rapid]","og_description":"En av motorene vi ofte har tilgjengelig. Send en foresp\u00f8rsel og du vil motta et tilbud innen 24 timer. Motorer, girkasser og andre bildeler med garanti.","og_url":"https:\/\/autopartscenter24.com\/no\/auton-varaosat\/1-0-tsi-chz-chzc-moottori-vw-golf-vii-polo-v-rapid\/","og_site_name":"Autopartscenter24","og_image":[{"width":800,"height":600,"url":"https:\/\/autopartscenter24.com\/wp-content\/uploads\/2023\/03\/1-0-tsi-CHZC-moottori-vw-golf-vii-polo-v-rapid.webp","type":"image\/webp"}],"twitter_card":"summary_large_image","twitter_misc":{"Ansl. lesetid":"1 minutt"},"schema":{"@context":"https:\/\/schema.org","@graph":[{"@type":"WebPage","@id":"https:\/\/autopartscenter24.com\/auton-varaosat\/1-0-tsi-chz-chzc-moottori-vw-golf-vii-polo-v-rapid\/","url":"https:\/\/autopartscenter24.com\/auton-varaosat\/1-0-tsi-chz-chzc-moottori-vw-golf-vii-polo-v-rapid\/","name":"1.0 TSI \"CHZ \/ CHZC\" Motor [f.eks. Polo, Golf, Fabia, Rapid]","isPartOf":{"@id":"https:\/\/autopartscenter24.com\/#website"},"primaryImageOfPage":{"@id":"https:\/\/autopartscenter24.com\/auton-varaosat\/1-0-tsi-chz-chzc-moottori-vw-golf-vii-polo-v-rapid\/#primaryimage"},"image":{"@id":"https:\/\/autopartscenter24.com\/auton-varaosat\/1-0-tsi-chz-chzc-moottori-vw-golf-vii-polo-v-rapid\/#primaryimage"},"thumbnailUrl":"https:\/\/autopartscenter24.com\/wp-content\/uploads\/2023\/03\/1-0-tsi-CHZC-moottori-vw-golf-vii-polo-v-rapid.webp","datePublished":"2023-12-02T12:46:18+00:00","description":"En av motorene vi ofte har tilgjengelig. Send en foresp\u00f8rsel og du vil motta et tilbud innen 24 timer. Motorer, girkasser og andre bildeler med garanti.","breadcrumb":{"@id":"https:\/\/autopartscenter24.com\/auton-varaosat\/1-0-tsi-chz-chzc-moottori-vw-golf-vii-polo-v-rapid\/#breadcrumb"},"inLanguage":"nb-NO","potentialAction":[{"@type":"ReadAction","target":["https:\/\/autopartscenter24.com\/auton-varaosat\/1-0-tsi-chz-chzc-moottori-vw-golf-vii-polo-v-rapid\/"]}]},{"@type":"ImageObject","inLanguage":"nb-NO","@id":"https:\/\/autopartscenter24.com\/auton-varaosat\/1-0-tsi-chz-chzc-moottori-vw-golf-vii-polo-v-rapid\/#primaryimage","url":"https:\/\/autopartscenter24.com\/wp-content\/uploads\/2023\/03\/1-0-tsi-CHZC-moottori-vw-golf-vii-polo-v-rapid.webp","contentUrl":"https:\/\/autopartscenter24.com\/wp-content\/uploads\/2023\/03\/1-0-tsi-CHZC-moottori-vw-golf-vii-polo-v-rapid.webp","width":800,"height":600},{"@type":"BreadcrumbList","@id":"https:\/\/autopartscenter24.com\/auton-varaosat\/1-0-tsi-chz-chzc-moottori-vw-golf-vii-polo-v-rapid\/#breadcrumb","itemListElement":[{"@type":"ListItem","position":1,"name":"Hjem","item":"https:\/\/aliceblue-termite-662564.hostingersite.com\/"},{"@type":"ListItem","position":2,"name":"Auton varaosat","item":"https:\/\/aliceblue-termite-662564.hostingersite.com\/auton-varaosat\/"},{"@type":"ListItem","position":3,"name":"1.0 TSI &#8221;CHZ \/ CHZC&#8221; Motor [f.eks. Polo, Golf, Fabia, Rapid]"}]},{"@type":"WebSite","@id":"https:\/\/autopartscenter24.com\/#website","url":"https:\/\/autopartscenter24.com\/","name":"Autopartscenter24","description":"K\u00c4YTETYT JA KUNNOSTETUT  AUTON VARAOSAT","potentialAction":[{"@type":"SearchAction","target":{"@type":"EntryPoint","urlTemplate":"https:\/\/autopartscenter24.com\/?s={search_term_string}"},"query-input":{"@type":"PropertyValueSpecification","valueRequired":true,"valueName":"search_term_string"}}],"inLanguage":"nb-NO"}]}},"_links":{"self":[{"href":"https:\/\/autopartscenter24.com\/no\/wp-json\/wp\/v2\/product\/5737","targetHints":{"allow":["GET"]}}],"collection":[{"href":"https:\/\/autopartscenter24.com\/no\/wp-json\/wp\/v2\/product"}],"about":[{"href":"https:\/\/autopartscenter24.com\/no\/wp-json\/wp\/v2\/types\/product"}],"wp:featuredmedia":[{"embeddable":true,"href":"https:\/\/autopartscenter24.com\/no\/wp-json\/wp\/v2\/media\/4688"}],"wp:attachment":[{"href":"https:\/\/autopartscenter24.com\/no\/wp-json\/wp\/v2\/media?parent=5737"}],"wp:term":[{"taxonomy":"product_brand","embeddable":true,"href":"https:\/\/autopartscenter24.com\/no\/wp-json\/wp\/v2\/product_brand?post=5737"},{"taxonomy":"product_cat","embeddable":true,"href":"https:\/\/autopartscenter24.com\/no\/wp-json\/wp\/v2\/product_cat?post=5737"},{"taxonomy":"product_tag","embeddable":true,"href":"https:\/\/autopartscenter24.com\/no\/wp-json\/wp\/v2\/product_tag?post=5737"}],"curies":[{"name":"wp","href":"https:\/\/api.w.org\/{rel}","templated":true}]}}