{"id":5736,"date":"2023-03-08T17:22:33","date_gmt":"2023-12-02T12:40:02","guid":{"rendered":"https:\/\/autopartscenter24.com\/product\/1-2-tsi-cyv-motor-golf-vii-touran-octavia-yeti\/"},"modified":"2023-12-02T13:40:02","modified_gmt":"2023-12-02T12:40:02","slug":"1-2-tsi-cyv-motor-golf-vii-touran-octavia-yeti","status":"publish","type":"product","link":"https:\/\/autopartscenter24.com\/no\/auton-varaosat\/1-2-tsi-cyv-motor-golf-vii-touran-octavia-yeti\/","title":{"rendered":"1.2 TSI &laquo;CYV&raquo; motor [GOLF VII, TOURAN, Octavia, Yeti]"},"content":{"rendered":"<p>Valg av motor er en av de viktigste avgj\u00f8relsene i bilkj\u00f8psprosessen. Volkswagen Group er kjent for sine effektive, \u00f8konomiske og milj\u00f8vennlige motorer. En slik motor er <strong>1,2 TSI-motoren (motorkode CYV)<\/strong>, som brukes i flere Volkswagen Group-biler.<\/p>\n<p>1.2 TSI-motoren er en 4-sylindret, turboladet og direkteinnspr\u00f8ytet bensinmotor. Maksimal effekt er 105 hk (77 kW) og maksimalt dreiemoment er 175 Nm. Maksimal hastighet p\u00e5 motoren er 6000 rpm og den n\u00e5r en hastighet p\u00e5 0-100 km\/t p\u00e5 mindre enn 10 sekunder. Drivstofforbruket til motoren er sv\u00e6rt effektivt, i gjennomsnitt 5-6 liter \/ 100 km.<\/p>\n<p>Motorens direkteinnspr\u00f8ytningssystem gj\u00f8r at bensin kan sprayes inn i sylinderen ved h\u00f8yt trykk, noe som forbedrer drivstoff\u00f8konomien og reduserer utslipp. Turboladeren gir motoren mer kraft og dreiemoment ved lave turtall. Den lave vekten p\u00e5 motoren forbedrer kj\u00f8ret\u00f8yets totalvekt og dermed kj\u00f8rbarheten.<\/p>\n<p>I disse bilene er 1.2 TSI-motoren vanligvis kombinert med en manuell eller DSG-automatgir. Introduksjonen av motoren har forbedret drivstoff\u00f8konomien til disse bilene og redusert utslipp, noe som er viktig for dagens milj\u00f8bevisste bilister.<\/p>\n","protected":false},"excerpt":{"rendered":"<p>Volkswagen-konsernets 1,2 TSI-motor (motorkode CYV) har blitt brukt i flere biler som er spesielt popul\u00e6re p\u00e5 det europeiske markedet. Her er noen biler med motor:<\/p>\n<ul>\n<li>Volkswagen Golf (VI)<\/li>\n<li>Volkswagen Polo<\/li>\n<li>Volkswagen Beetle<\/li>\n<li>Volkswagen Touran<\/li>\n<li>Audi A1<\/li>\n<li>Seat Ibiza<\/li>\n<li>Skoda Fabia<\/li>\n<li>Skoda Rapid<\/li>\n<\/ul>\n","protected":false},"featured_media":4693,"template":"","meta":[],"product_brand":[],"product_cat":[484,486,485],"product_tag":[488,489,490,492,495],"class_list":{"0":"post-5736","1":"product","2":"type-product","3":"status-publish","4":"has-post-thumbnail","6":"product_cat-audi-no","7":"product_cat-skoda-no","8":"product_cat-vw-no","9":"product_tag-a3-no","10":"product_tag-golf-no","11":"product_tag-octavia-no","12":"product_tag-touran-no","13":"product_tag-yeti-no","14":"pa_varaosan-osasto-motor-no","17":"first","18":"instock","19":"shipping-taxable","20":"product-type-simple"},"yoast_head":"<!-- This site is optimized with the Yoast SEO plugin v26.8 - https:\/\/yoast.com\/product\/yoast-seo-wordpress\/ -->\n<title>1.2 TSI &quot;CYV&quot; motor [GOLF VII, TOURAN, Octavia, Yeti]<\/title>\n<meta name=\"description\" content=\"En av motorene vi ofte har tilgjengelig. Send en foresp\u00f8rsel og du vil motta et tilbud innen 24 timer. Motorer, girkasser og andre bildeler med garanti.\" \/>\n<meta name=\"robots\" content=\"index, follow, max-snippet:-1, max-image-preview:large, max-video-preview:-1\" \/>\n<link rel=\"canonical\" href=\"https:\/\/autopartscenter24.com\/no\/auton-varaosat\/1-2-tsi-cyv-moottori-vw-golf-vii-touran\/\" \/>\n<meta property=\"og:locale\" content=\"nb_NO\" \/>\n<meta property=\"og:type\" content=\"article\" \/>\n<meta property=\"og:title\" content=\"1.2 TSI &quot;CYV&quot; motor [GOLF VII, TOURAN, Octavia, Yeti]\" \/>\n<meta property=\"og:description\" content=\"En av motorene vi ofte har tilgjengelig. Send en foresp\u00f8rsel og du vil motta et tilbud innen 24 timer. Motorer, girkasser og andre bildeler med garanti.\" \/>\n<meta property=\"og:url\" content=\"https:\/\/autopartscenter24.com\/no\/auton-varaosat\/1-2-tsi-cyv-moottori-vw-golf-vii-touran\/\" \/>\n<meta property=\"og:site_name\" content=\"Autopartscenter24\" \/>\n<meta property=\"og:image\" content=\"https:\/\/autopartscenter24.com\/wp-content\/uploads\/2023\/03\/1-2-tsi-cyv-moottori-vw-golf-vii-touran.webp\" \/>\n\t<meta property=\"og:image:width\" content=\"800\" \/>\n\t<meta property=\"og:image:height\" content=\"600\" \/>\n\t<meta property=\"og:image:type\" content=\"image\/webp\" \/>\n<meta name=\"twitter:card\" content=\"summary_large_image\" \/>\n<meta name=\"twitter:label1\" content=\"Ansl. lesetid\" \/>\n\t<meta name=\"twitter:data1\" content=\"1 minutt\" \/>\n<script type=\"application\/ld+json\" class=\"yoast-schema-graph\">{\"@context\":\"https:\/\/schema.org\",\"@graph\":[{\"@type\":\"WebPage\",\"@id\":\"https:\/\/autopartscenter24.com\/auton-varaosat\/1-2-tsi-cyv-moottori-vw-golf-vii-touran\/\",\"url\":\"https:\/\/autopartscenter24.com\/auton-varaosat\/1-2-tsi-cyv-moottori-vw-golf-vii-touran\/\",\"name\":\"1.2 TSI \\\"CYV\\\" motor [GOLF VII, TOURAN, Octavia, Yeti]\",\"isPartOf\":{\"@id\":\"https:\/\/autopartscenter24.com\/#website\"},\"primaryImageOfPage\":{\"@id\":\"https:\/\/autopartscenter24.com\/auton-varaosat\/1-2-tsi-cyv-moottori-vw-golf-vii-touran\/#primaryimage\"},\"image\":{\"@id\":\"https:\/\/autopartscenter24.com\/auton-varaosat\/1-2-tsi-cyv-moottori-vw-golf-vii-touran\/#primaryimage\"},\"thumbnailUrl\":\"https:\/\/autopartscenter24.com\/wp-content\/uploads\/2023\/03\/1-2-tsi-cyv-moottori-vw-golf-vii-touran.webp\",\"datePublished\":\"2023-12-02T12:40:02+00:00\",\"description\":\"En av motorene vi ofte har tilgjengelig. Send en foresp\u00f8rsel og du vil motta et tilbud innen 24 timer. Motorer, girkasser og andre bildeler med garanti.\",\"breadcrumb\":{\"@id\":\"https:\/\/autopartscenter24.com\/auton-varaosat\/1-2-tsi-cyv-moottori-vw-golf-vii-touran\/#breadcrumb\"},\"inLanguage\":\"nb-NO\",\"potentialAction\":[{\"@type\":\"ReadAction\",\"target\":[\"https:\/\/autopartscenter24.com\/auton-varaosat\/1-2-tsi-cyv-moottori-vw-golf-vii-touran\/\"]}]},{\"@type\":\"ImageObject\",\"inLanguage\":\"nb-NO\",\"@id\":\"https:\/\/autopartscenter24.com\/auton-varaosat\/1-2-tsi-cyv-moottori-vw-golf-vii-touran\/#primaryimage\",\"url\":\"https:\/\/autopartscenter24.com\/wp-content\/uploads\/2023\/03\/1-2-tsi-cyv-moottori-vw-golf-vii-touran.webp\",\"contentUrl\":\"https:\/\/autopartscenter24.com\/wp-content\/uploads\/2023\/03\/1-2-tsi-cyv-moottori-vw-golf-vii-touran.webp\",\"width\":800,\"height\":600},{\"@type\":\"BreadcrumbList\",\"@id\":\"https:\/\/autopartscenter24.com\/auton-varaosat\/1-2-tsi-cyv-moottori-vw-golf-vii-touran\/#breadcrumb\",\"itemListElement\":[{\"@type\":\"ListItem\",\"position\":1,\"name\":\"Hjem\",\"item\":\"https:\/\/aliceblue-termite-662564.hostingersite.com\/\"},{\"@type\":\"ListItem\",\"position\":2,\"name\":\"Auton varaosat\",\"item\":\"https:\/\/aliceblue-termite-662564.hostingersite.com\/auton-varaosat\/\"},{\"@type\":\"ListItem\",\"position\":3,\"name\":\"1.2 TSI &#8221;CYV&#8221; motor [GOLF VII, TOURAN, Octavia, Yeti]\"}]},{\"@type\":\"WebSite\",\"@id\":\"https:\/\/autopartscenter24.com\/#website\",\"url\":\"https:\/\/autopartscenter24.com\/\",\"name\":\"Autopartscenter24\",\"description\":\"K\u00c4YTETYT JA KUNNOSTETUT  AUTON VARAOSAT\",\"potentialAction\":[{\"@type\":\"SearchAction\",\"target\":{\"@type\":\"EntryPoint\",\"urlTemplate\":\"https:\/\/autopartscenter24.com\/?s={search_term_string}\"},\"query-input\":{\"@type\":\"PropertyValueSpecification\",\"valueRequired\":true,\"valueName\":\"search_term_string\"}}],\"inLanguage\":\"nb-NO\"}]}<\/script>\n<!-- \/ Yoast SEO plugin. -->","yoast_head_json":{"title":"1.2 TSI \"CYV\" motor [GOLF VII, TOURAN, Octavia, Yeti]","description":"En av motorene vi ofte har tilgjengelig. Send en foresp\u00f8rsel og du vil motta et tilbud innen 24 timer. Motorer, girkasser og andre bildeler med garanti.","robots":{"index":"index","follow":"follow","max-snippet":"max-snippet:-1","max-image-preview":"max-image-preview:large","max-video-preview":"max-video-preview:-1"},"canonical":"https:\/\/autopartscenter24.com\/no\/auton-varaosat\/1-2-tsi-cyv-moottori-vw-golf-vii-touran\/","og_locale":"nb_NO","og_type":"article","og_title":"1.2 TSI \"CYV\" motor [GOLF VII, TOURAN, Octavia, Yeti]","og_description":"En av motorene vi ofte har tilgjengelig. Send en foresp\u00f8rsel og du vil motta et tilbud innen 24 timer. Motorer, girkasser og andre bildeler med garanti.","og_url":"https:\/\/autopartscenter24.com\/no\/auton-varaosat\/1-2-tsi-cyv-moottori-vw-golf-vii-touran\/","og_site_name":"Autopartscenter24","og_image":[{"width":800,"height":600,"url":"https:\/\/autopartscenter24.com\/wp-content\/uploads\/2023\/03\/1-2-tsi-cyv-moottori-vw-golf-vii-touran.webp","type":"image\/webp"}],"twitter_card":"summary_large_image","twitter_misc":{"Ansl. lesetid":"1 minutt"},"schema":{"@context":"https:\/\/schema.org","@graph":[{"@type":"WebPage","@id":"https:\/\/autopartscenter24.com\/auton-varaosat\/1-2-tsi-cyv-moottori-vw-golf-vii-touran\/","url":"https:\/\/autopartscenter24.com\/auton-varaosat\/1-2-tsi-cyv-moottori-vw-golf-vii-touran\/","name":"1.2 TSI \"CYV\" motor [GOLF VII, TOURAN, Octavia, Yeti]","isPartOf":{"@id":"https:\/\/autopartscenter24.com\/#website"},"primaryImageOfPage":{"@id":"https:\/\/autopartscenter24.com\/auton-varaosat\/1-2-tsi-cyv-moottori-vw-golf-vii-touran\/#primaryimage"},"image":{"@id":"https:\/\/autopartscenter24.com\/auton-varaosat\/1-2-tsi-cyv-moottori-vw-golf-vii-touran\/#primaryimage"},"thumbnailUrl":"https:\/\/autopartscenter24.com\/wp-content\/uploads\/2023\/03\/1-2-tsi-cyv-moottori-vw-golf-vii-touran.webp","datePublished":"2023-12-02T12:40:02+00:00","description":"En av motorene vi ofte har tilgjengelig. Send en foresp\u00f8rsel og du vil motta et tilbud innen 24 timer. Motorer, girkasser og andre bildeler med garanti.","breadcrumb":{"@id":"https:\/\/autopartscenter24.com\/auton-varaosat\/1-2-tsi-cyv-moottori-vw-golf-vii-touran\/#breadcrumb"},"inLanguage":"nb-NO","potentialAction":[{"@type":"ReadAction","target":["https:\/\/autopartscenter24.com\/auton-varaosat\/1-2-tsi-cyv-moottori-vw-golf-vii-touran\/"]}]},{"@type":"ImageObject","inLanguage":"nb-NO","@id":"https:\/\/autopartscenter24.com\/auton-varaosat\/1-2-tsi-cyv-moottori-vw-golf-vii-touran\/#primaryimage","url":"https:\/\/autopartscenter24.com\/wp-content\/uploads\/2023\/03\/1-2-tsi-cyv-moottori-vw-golf-vii-touran.webp","contentUrl":"https:\/\/autopartscenter24.com\/wp-content\/uploads\/2023\/03\/1-2-tsi-cyv-moottori-vw-golf-vii-touran.webp","width":800,"height":600},{"@type":"BreadcrumbList","@id":"https:\/\/autopartscenter24.com\/auton-varaosat\/1-2-tsi-cyv-moottori-vw-golf-vii-touran\/#breadcrumb","itemListElement":[{"@type":"ListItem","position":1,"name":"Hjem","item":"https:\/\/aliceblue-termite-662564.hostingersite.com\/"},{"@type":"ListItem","position":2,"name":"Auton varaosat","item":"https:\/\/aliceblue-termite-662564.hostingersite.com\/auton-varaosat\/"},{"@type":"ListItem","position":3,"name":"1.2 TSI &#8221;CYV&#8221; motor [GOLF VII, TOURAN, Octavia, Yeti]"}]},{"@type":"WebSite","@id":"https:\/\/autopartscenter24.com\/#website","url":"https:\/\/autopartscenter24.com\/","name":"Autopartscenter24","description":"K\u00c4YTETYT JA KUNNOSTETUT  AUTON VARAOSAT","potentialAction":[{"@type":"SearchAction","target":{"@type":"EntryPoint","urlTemplate":"https:\/\/autopartscenter24.com\/?s={search_term_string}"},"query-input":{"@type":"PropertyValueSpecification","valueRequired":true,"valueName":"search_term_string"}}],"inLanguage":"nb-NO"}]}},"_links":{"self":[{"href":"https:\/\/autopartscenter24.com\/no\/wp-json\/wp\/v2\/product\/5736","targetHints":{"allow":["GET"]}}],"collection":[{"href":"https:\/\/autopartscenter24.com\/no\/wp-json\/wp\/v2\/product"}],"about":[{"href":"https:\/\/autopartscenter24.com\/no\/wp-json\/wp\/v2\/types\/product"}],"wp:featuredmedia":[{"embeddable":true,"href":"https:\/\/autopartscenter24.com\/no\/wp-json\/wp\/v2\/media\/4693"}],"wp:attachment":[{"href":"https:\/\/autopartscenter24.com\/no\/wp-json\/wp\/v2\/media?parent=5736"}],"wp:term":[{"taxonomy":"product_brand","embeddable":true,"href":"https:\/\/autopartscenter24.com\/no\/wp-json\/wp\/v2\/product_brand?post=5736"},{"taxonomy":"product_cat","embeddable":true,"href":"https:\/\/autopartscenter24.com\/no\/wp-json\/wp\/v2\/product_cat?post=5736"},{"taxonomy":"product_tag","embeddable":true,"href":"https:\/\/autopartscenter24.com\/no\/wp-json\/wp\/v2\/product_tag?post=5736"}],"curies":[{"name":"wp","href":"https:\/\/api.w.org\/{rel}","templated":true}]}}